{"id":3481,"date":"2017-01-17T15:43:05","date_gmt":"2017-01-17T14:43:05","guid":{"rendered":"http:\/\/preview.eurotrail.info\/producten\/limonade-kanne-mit-glaesern\/"},"modified":"2026-01-23T14:27:22","modified_gmt":"2026-01-23T13:27:22","slug":"limonade-kanne-mit-glaesern","status":"publish","type":"product","link":"https:\/\/eurotrail.info\/de\/producten\/haushaltartikel\/glaeser\/limonade-kanne-mit-glaesern\/","title":{"rendered":"Limonade Kanne mit Gl\u00e4sern"},"content":{"rendered":"<p>Limonadenkrug mit 5 Bechern \u2013 Ideal f\u00fcr Strand &amp; Garten<\/p>\n<p>Dieses praktische und farbenfrohe Limonaden-Set ist perfekt f\u00fcr sonnige Tage im Garten, am Strand oder beim Picknick. Das Set besteht aus einem ger\u00e4umigen Limonadenkrug mit Deckel und f\u00fcnf passenden Bechern, die platzsparend stapelbar und leicht zu transportieren sind.<\/p>\n<p>Hergestellt aus robustem AS-Kunststoff, ist das Set leicht und sto\u00dffest. Ideal f\u00fcr Kinder und Erwachsene und perfekt f\u00fcr drau\u00dfen.<\/p>\n<p>**Warum dieses Limonaden-Set so praktisch ist:**<\/p>\n<p>* \u2714 Komplettes Set: Krug + 5 Becher<br \/>\n* \u2714 Ideal f\u00fcr Garten, Strand und Camping<br \/>\n* \u2714 Leicht und praktisch<br \/>\n* \u2714 Robuster AS-Kunststoff<br \/>\n* \u2714 Krug mit Deckel<br \/>\n* \u2714 Fassungsverm\u00f6gen Krug: 1,3 Liter<br \/>\n* \u2714 Becher: 250 ml (5 St\u00fcck)<\/p>\n<p>Immer bereit f\u00fcr ein erfrischendes Getr\u00e4nk \u2013 egal wo Sie sind \ud83c\udf34\ud83e\udd64<\/p>\n","protected":false},"excerpt":{"rendered":"<p>Limonadenkrug mit 5 Bechern \u2013 Ideal f\u00fcr Strand &amp; Garten Dieses praktische und farbenfrohe Limonaden-Set ist perfekt f\u00fcr sonnige Tage im Garten, am Strand oder&hellip;<\/p>\n","protected":false},"featured_media":3480,"comment_status":"open","ping_status":"closed","template":"","meta":{"_acf_changed":false},"product_brand":[],"product_cat":[79],"product_tag":[],"class_list":{"0":"post-3481","1":"product","2":"type-product","3":"status-publish","4":"has-post-thumbnail","6":"product_cat-glaeser","8":"first","9":"instock","10":"shipping-taxable","11":"product-type-simple"},"acf":[],"yoast_head":"<!-- This site is optimized with the Yoast SEO plugin v27.3 - https:\/\/yoast.com\/product\/yoast-seo-wordpress\/ -->\n<title>Limonade Kanne mit Gl\u00e4sern - Eurotrail<\/title>\n<meta name=\"description\" content=\"Dieses praktische und farbenfrohe Limonaden-Set ist perfekt f\u00fcr sonnige Tage im Garten, am Strand oder beim Picknick\" \/>\n<meta name=\"robots\" content=\"index, follow, max-snippet:-1, max-image-preview:large, max-video-preview:-1\" \/>\n<link rel=\"canonical\" href=\"https:\/\/eurotrail.info\/de\/producten\/haushaltartikel\/glaeser\/limonade-kanne-mit-glaesern\/\" \/>\n<meta property=\"og:locale\" content=\"de_DE\" \/>\n<meta property=\"og:type\" content=\"article\" \/>\n<meta property=\"og:title\" content=\"Limonade Kanne mit Gl\u00e4sern - Eurotrail\" \/>\n<meta property=\"og:description\" content=\"Dieses praktische und farbenfrohe Limonaden-Set ist perfekt f\u00fcr sonnige Tage im Garten, am Strand oder beim Picknick\" \/>\n<meta property=\"og:url\" content=\"https:\/\/eurotrail.info\/de\/producten\/haushaltartikel\/glaeser\/limonade-kanne-mit-glaesern\/\" \/>\n<meta property=\"og:site_name\" content=\"Eurotrail\" \/>\n<meta property=\"article:modified_time\" content=\"2026-01-23T13:27:22+00:00\" \/>\n<meta property=\"og:image\" content=\"https:\/\/eurotrail.info\/wp\/wp-content\/uploads\/2017\/01\/ETKW0091.jpg\" \/>\n\t<meta property=\"og:image:width\" content=\"1193\" \/>\n\t<meta property=\"og:image:height\" content=\"1417\" \/>\n\t<meta property=\"og:image:type\" content=\"image\/jpeg\" \/>\n<meta name=\"twitter:card\" content=\"summary_large_image\" \/>\n<meta name=\"twitter:label1\" content=\"Gesch\u00e4tzte Lesezeit\" \/>\n\t<meta name=\"twitter:data1\" content=\"1\u00a0Minute\" \/>\n<script type=\"application\/ld+json\" class=\"yoast-schema-graph\">{\"@context\":\"https:\\\/\\\/schema.org\",\"@graph\":[{\"@type\":\"WebPage\",\"@id\":\"https:\\\/\\\/eurotrail.info\\\/de\\\/producten\\\/haushaltartikel\\\/glaeser\\\/limonade-kanne-mit-glaesern\\\/\",\"url\":\"https:\\\/\\\/eurotrail.info\\\/de\\\/producten\\\/haushaltartikel\\\/glaeser\\\/limonade-kanne-mit-glaesern\\\/\",\"name\":\"Limonade Kanne mit Gl\u00e4sern - Eurotrail\",\"isPartOf\":{\"@id\":\"https:\\\/\\\/eurotrail.info\\\/#website\"},\"primaryImageOfPage\":{\"@id\":\"https:\\\/\\\/eurotrail.info\\\/de\\\/producten\\\/haushaltartikel\\\/glaeser\\\/limonade-kanne-mit-glaesern\\\/#primaryimage\"},\"image\":{\"@id\":\"https:\\\/\\\/eurotrail.info\\\/de\\\/producten\\\/haushaltartikel\\\/glaeser\\\/limonade-kanne-mit-glaesern\\\/#primaryimage\"},\"thumbnailUrl\":\"https:\\\/\\\/eurotrail.info\\\/wp\\\/wp-content\\\/uploads\\\/2017\\\/01\\\/ETKW0091.jpg\",\"datePublished\":\"2017-01-17T14:43:05+00:00\",\"dateModified\":\"2026-01-23T13:27:22+00:00\",\"description\":\"Dieses praktische und farbenfrohe Limonaden-Set ist perfekt f\u00fcr sonnige Tage im Garten, am Strand oder beim Picknick\",\"breadcrumb\":{\"@id\":\"https:\\\/\\\/eurotrail.info\\\/de\\\/producten\\\/haushaltartikel\\\/glaeser\\\/limonade-kanne-mit-glaesern\\\/#breadcrumb\"},\"inLanguage\":\"de\",\"potentialAction\":[{\"@type\":\"ReadAction\",\"target\":[\"https:\\\/\\\/eurotrail.info\\\/de\\\/producten\\\/haushaltartikel\\\/glaeser\\\/limonade-kanne-mit-glaesern\\\/\"]}]},{\"@type\":\"ImageObject\",\"inLanguage\":\"de\",\"@id\":\"https:\\\/\\\/eurotrail.info\\\/de\\\/producten\\\/haushaltartikel\\\/glaeser\\\/limonade-kanne-mit-glaesern\\\/#primaryimage\",\"url\":\"https:\\\/\\\/eurotrail.info\\\/wp\\\/wp-content\\\/uploads\\\/2017\\\/01\\\/ETKW0091.jpg\",\"contentUrl\":\"https:\\\/\\\/eurotrail.info\\\/wp\\\/wp-content\\\/uploads\\\/2017\\\/01\\\/ETKW0091.jpg\",\"width\":1193,\"height\":1417,\"caption\":\"Limonade Kanne mit 5 Trinkbecher.\"},{\"@type\":\"BreadcrumbList\",\"@id\":\"https:\\\/\\\/eurotrail.info\\\/de\\\/producten\\\/haushaltartikel\\\/glaeser\\\/limonade-kanne-mit-glaesern\\\/#breadcrumb\",\"itemListElement\":[{\"@type\":\"ListItem\",\"position\":1,\"name\":\"Home\",\"item\":\"https:\\\/\\\/eurotrail.info\\\/de\\\/\"},{\"@type\":\"ListItem\",\"position\":2,\"name\":\"Produkte\",\"item\":\"https:\\\/\\\/eurotrail.info\\\/de\\\/produkte\\\/\"},{\"@type\":\"ListItem\",\"position\":3,\"name\":\"Limonade Kanne mit Gl\u00e4sern\"}]},{\"@type\":\"WebSite\",\"@id\":\"https:\\\/\\\/eurotrail.info\\\/#website\",\"url\":\"https:\\\/\\\/eurotrail.info\\\/\",\"name\":\"Eurotrail\",\"description\":\"\",\"publisher\":{\"@id\":\"https:\\\/\\\/eurotrail.info\\\/#organization\"},\"potentialAction\":[{\"@type\":\"SearchAction\",\"target\":{\"@type\":\"EntryPoint\",\"urlTemplate\":\"https:\\\/\\\/eurotrail.info\\\/?s={search_term_string}\"},\"query-input\":{\"@type\":\"PropertyValueSpecification\",\"valueRequired\":true,\"valueName\":\"search_term_string\"}}],\"inLanguage\":\"de\"},{\"@type\":\"Organization\",\"@id\":\"https:\\\/\\\/eurotrail.info\\\/#organization\",\"name\":\"Eurotrail\",\"url\":\"https:\\\/\\\/eurotrail.info\\\/\",\"logo\":{\"@type\":\"ImageObject\",\"inLanguage\":\"de\",\"@id\":\"https:\\\/\\\/eurotrail.info\\\/#\\\/schema\\\/logo\\\/image\\\/\",\"url\":\"https:\\\/\\\/eurotrail.info\\\/wp\\\/wp-content\\\/uploads\\\/2023\\\/07\\\/ET-logo-quote_NL-scaled.jpg\",\"contentUrl\":\"https:\\\/\\\/eurotrail.info\\\/wp\\\/wp-content\\\/uploads\\\/2023\\\/07\\\/ET-logo-quote_NL-scaled.jpg\",\"width\":2560,\"height\":675,\"caption\":\"Eurotrail\"},\"image\":{\"@id\":\"https:\\\/\\\/eurotrail.info\\\/#\\\/schema\\\/logo\\\/image\\\/\"}}]}<\/script>\n<!-- \/ Yoast SEO plugin. -->","yoast_head_json":{"title":"Limonade Kanne mit Gl\u00e4sern - Eurotrail","description":"Dieses praktische und farbenfrohe Limonaden-Set ist perfekt f\u00fcr sonnige Tage im Garten, am Strand oder beim Picknick","robots":{"index":"index","follow":"follow","max-snippet":"max-snippet:-1","max-image-preview":"max-image-preview:large","max-video-preview":"max-video-preview:-1"},"canonical":"https:\/\/eurotrail.info\/de\/producten\/haushaltartikel\/glaeser\/limonade-kanne-mit-glaesern\/","og_locale":"de_DE","og_type":"article","og_title":"Limonade Kanne mit Gl\u00e4sern - Eurotrail","og_description":"Dieses praktische und farbenfrohe Limonaden-Set ist perfekt f\u00fcr sonnige Tage im Garten, am Strand oder beim Picknick","og_url":"https:\/\/eurotrail.info\/de\/producten\/haushaltartikel\/glaeser\/limonade-kanne-mit-glaesern\/","og_site_name":"Eurotrail","article_modified_time":"2026-01-23T13:27:22+00:00","og_image":[{"width":1193,"height":1417,"url":"https:\/\/eurotrail.info\/wp\/wp-content\/uploads\/2017\/01\/ETKW0091.jpg","type":"image\/jpeg"}],"twitter_card":"summary_large_image","twitter_misc":{"Gesch\u00e4tzte Lesezeit":"1\u00a0Minute"},"schema":{"@context":"https:\/\/schema.org","@graph":[{"@type":"WebPage","@id":"https:\/\/eurotrail.info\/de\/producten\/haushaltartikel\/glaeser\/limonade-kanne-mit-glaesern\/","url":"https:\/\/eurotrail.info\/de\/producten\/haushaltartikel\/glaeser\/limonade-kanne-mit-glaesern\/","name":"Limonade Kanne mit Gl\u00e4sern - Eurotrail","isPartOf":{"@id":"https:\/\/eurotrail.info\/#website"},"primaryImageOfPage":{"@id":"https:\/\/eurotrail.info\/de\/producten\/haushaltartikel\/glaeser\/limonade-kanne-mit-glaesern\/#primaryimage"},"image":{"@id":"https:\/\/eurotrail.info\/de\/producten\/haushaltartikel\/glaeser\/limonade-kanne-mit-glaesern\/#primaryimage"},"thumbnailUrl":"https:\/\/eurotrail.info\/wp\/wp-content\/uploads\/2017\/01\/ETKW0091.jpg","datePublished":"2017-01-17T14:43:05+00:00","dateModified":"2026-01-23T13:27:22+00:00","description":"Dieses praktische und farbenfrohe Limonaden-Set ist perfekt f\u00fcr sonnige Tage im Garten, am Strand oder beim Picknick","breadcrumb":{"@id":"https:\/\/eurotrail.info\/de\/producten\/haushaltartikel\/glaeser\/limonade-kanne-mit-glaesern\/#breadcrumb"},"inLanguage":"de","potentialAction":[{"@type":"ReadAction","target":["https:\/\/eurotrail.info\/de\/producten\/haushaltartikel\/glaeser\/limonade-kanne-mit-glaesern\/"]}]},{"@type":"ImageObject","inLanguage":"de","@id":"https:\/\/eurotrail.info\/de\/producten\/haushaltartikel\/glaeser\/limonade-kanne-mit-glaesern\/#primaryimage","url":"https:\/\/eurotrail.info\/wp\/wp-content\/uploads\/2017\/01\/ETKW0091.jpg","contentUrl":"https:\/\/eurotrail.info\/wp\/wp-content\/uploads\/2017\/01\/ETKW0091.jpg","width":1193,"height":1417,"caption":"Limonade Kanne mit 5 Trinkbecher."},{"@type":"BreadcrumbList","@id":"https:\/\/eurotrail.info\/de\/producten\/haushaltartikel\/glaeser\/limonade-kanne-mit-glaesern\/#breadcrumb","itemListElement":[{"@type":"ListItem","position":1,"name":"Home","item":"https:\/\/eurotrail.info\/de\/"},{"@type":"ListItem","position":2,"name":"Produkte","item":"https:\/\/eurotrail.info\/de\/produkte\/"},{"@type":"ListItem","position":3,"name":"Limonade Kanne mit Gl\u00e4sern"}]},{"@type":"WebSite","@id":"https:\/\/eurotrail.info\/#website","url":"https:\/\/eurotrail.info\/","name":"Eurotrail","description":"","publisher":{"@id":"https:\/\/eurotrail.info\/#organization"},"potentialAction":[{"@type":"SearchAction","target":{"@type":"EntryPoint","urlTemplate":"https:\/\/eurotrail.info\/?s={search_term_string}"},"query-input":{"@type":"PropertyValueSpecification","valueRequired":true,"valueName":"search_term_string"}}],"inLanguage":"de"},{"@type":"Organization","@id":"https:\/\/eurotrail.info\/#organization","name":"Eurotrail","url":"https:\/\/eurotrail.info\/","logo":{"@type":"ImageObject","inLanguage":"de","@id":"https:\/\/eurotrail.info\/#\/schema\/logo\/image\/","url":"https:\/\/eurotrail.info\/wp\/wp-content\/uploads\/2023\/07\/ET-logo-quote_NL-scaled.jpg","contentUrl":"https:\/\/eurotrail.info\/wp\/wp-content\/uploads\/2023\/07\/ET-logo-quote_NL-scaled.jpg","width":2560,"height":675,"caption":"Eurotrail"},"image":{"@id":"https:\/\/eurotrail.info\/#\/schema\/logo\/image\/"}}]}},"_links":{"self":[{"href":"https:\/\/eurotrail.info\/de\/wp-json\/wp\/v2\/product\/3481","targetHints":{"allow":["GET"]}}],"collection":[{"href":"https:\/\/eurotrail.info\/de\/wp-json\/wp\/v2\/product"}],"about":[{"href":"https:\/\/eurotrail.info\/de\/wp-json\/wp\/v2\/types\/product"}],"replies":[{"embeddable":true,"href":"https:\/\/eurotrail.info\/de\/wp-json\/wp\/v2\/comments?post=3481"}],"wp:featuredmedia":[{"embeddable":true,"href":"https:\/\/eurotrail.info\/de\/wp-json\/wp\/v2\/media\/3480"}],"wp:attachment":[{"href":"https:\/\/eurotrail.info\/de\/wp-json\/wp\/v2\/media?parent=3481"}],"wp:term":[{"taxonomy":"product_brand","embeddable":true,"href":"https:\/\/eurotrail.info\/de\/wp-json\/wp\/v2\/product_brand?post=3481"},{"taxonomy":"product_cat","embeddable":true,"href":"https:\/\/eurotrail.info\/de\/wp-json\/wp\/v2\/product_cat?post=3481"},{"taxonomy":"product_tag","embeddable":true,"href":"https:\/\/eurotrail.info\/de\/wp-json\/wp\/v2\/product_tag?post=3481"}],"curies":[{"name":"wp","href":"https:\/\/api.w.org\/{rel}","templated":true}]}}