{"id":3496,"date":"2016-09-28T14:00:31","date_gmt":"2016-09-28T13:00:31","guid":{"rendered":"http:\/\/preview.eurotrail.info\/producten\/faltbare-sieb\/"},"modified":"2020-12-01T15:01:26","modified_gmt":"2020-12-01T14:01:26","slug":"faltbare-sieb","status":"publish","type":"product","link":"https:\/\/eurotrail.info\/de\/producten\/haushaltartikel\/faltbaren-artikeln-aus-silikon\/faltbare-sieb\/","title":{"rendered":"Faltbare Sieb"},"content":{"rendered":"<p>Platz ist ein gro\u00dfes Problem f\u00fcr Camper. Deshalb hat Eurotrail eine Reihe von faltbaren Boxen aus einem flexiblen, hochwertigen Silikon im Sortiment. Neu im Sortiment ist das faltbare Sieb !! Geeignet f\u00fcr Lebensmittel, extrem temperaturbest\u00e4ndig und sp\u00fclmaschinen- \/ mikrowellengeeignet.<br \/>\nDas Sieb l\u00e4sst sich zur Aufbewahrung leicht zusammenfalten und spart daher sehr viel Volumen. Ideal f\u00fcr den Einsatz im Wohnwagen oder Zelt!<\/p>\n<p>Verf\u00fcgbare Farben Gr\u00fcn, Grau, Pastellgr\u00fcn<\/p>\n<p>Gr\u00f6\u00dfe: \u00d8 22\/14 x 13 cm<br \/>\nGefaltet: 32 x 22 x 3 cm<br \/>\nMaterial: Silikon und Edelstahl<br \/>\nGewicht: 375 gr.<\/p>\n","protected":false},"excerpt":{"rendered":"<p>Platz ist ein gro\u00dfes Problem f\u00fcr Camper. Deshalb hat Eurotrail eine Reihe von faltbaren Boxen aus einem flexiblen, hochwertigen Silikon im Sortiment. Neu im Sortiment&hellip;<\/p>\n","protected":false},"featured_media":12174,"comment_status":"open","ping_status":"closed","template":"","meta":{"_acf_changed":false},"product_brand":[],"product_cat":[80],"product_tag":[],"class_list":{"0":"post-3496","1":"product","2":"type-product","3":"status-publish","4":"has-post-thumbnail","6":"product_cat-faltbaren-artikeln-aus-silikon","8":"first","9":"instock","10":"shipping-taxable","11":"product-type-simple"},"acf":[],"yoast_head":"<!-- This site is optimized with the Yoast SEO plugin v27.3 - https:\/\/yoast.com\/product\/yoast-seo-wordpress\/ -->\n<title>Faltbare Sieb - Eurotrail<\/title>\n<meta name=\"robots\" content=\"index, follow, max-snippet:-1, max-image-preview:large, max-video-preview:-1\" \/>\n<link rel=\"canonical\" href=\"https:\/\/eurotrail.info\/de\/producten\/haushaltartikel\/faltbaren-artikeln-aus-silikon\/faltbare-sieb\/\" \/>\n<meta property=\"og:locale\" content=\"de_DE\" \/>\n<meta property=\"og:type\" content=\"article\" \/>\n<meta property=\"og:title\" content=\"Faltbare Sieb - Eurotrail\" \/>\n<meta property=\"og:description\" content=\"Platz ist ein gro\u00dfes Problem f\u00fcr Camper. Deshalb hat Eurotrail eine Reihe von faltbaren Boxen aus einem flexiblen, hochwertigen Silikon im Sortiment. Neu im Sortiment&hellip;\" \/>\n<meta property=\"og:url\" content=\"https:\/\/eurotrail.info\/de\/producten\/haushaltartikel\/faltbaren-artikeln-aus-silikon\/faltbare-sieb\/\" \/>\n<meta property=\"og:site_name\" content=\"Eurotrail\" \/>\n<meta property=\"article:modified_time\" content=\"2020-12-01T14:01:26+00:00\" \/>\n<meta property=\"og:image\" content=\"https:\/\/eurotrail.info\/wp\/wp-content\/uploads\/2016\/09\/ETKW5046-Colander-Seagreen-21.jpg\" \/>\n\t<meta property=\"og:image:width\" content=\"1772\" \/>\n\t<meta property=\"og:image:height\" content=\"1305\" \/>\n\t<meta property=\"og:image:type\" content=\"image\/jpeg\" \/>\n<meta name=\"twitter:card\" content=\"summary_large_image\" \/>\n<script type=\"application\/ld+json\" class=\"yoast-schema-graph\">{\"@context\":\"https:\\\/\\\/schema.org\",\"@graph\":[{\"@type\":\"WebPage\",\"@id\":\"https:\\\/\\\/eurotrail.info\\\/de\\\/producten\\\/haushaltartikel\\\/faltbaren-artikeln-aus-silikon\\\/faltbare-sieb\\\/\",\"url\":\"https:\\\/\\\/eurotrail.info\\\/de\\\/producten\\\/haushaltartikel\\\/faltbaren-artikeln-aus-silikon\\\/faltbare-sieb\\\/\",\"name\":\"Faltbare Sieb - Eurotrail\",\"isPartOf\":{\"@id\":\"https:\\\/\\\/eurotrail.info\\\/#website\"},\"primaryImageOfPage\":{\"@id\":\"https:\\\/\\\/eurotrail.info\\\/de\\\/producten\\\/haushaltartikel\\\/faltbaren-artikeln-aus-silikon\\\/faltbare-sieb\\\/#primaryimage\"},\"image\":{\"@id\":\"https:\\\/\\\/eurotrail.info\\\/de\\\/producten\\\/haushaltartikel\\\/faltbaren-artikeln-aus-silikon\\\/faltbare-sieb\\\/#primaryimage\"},\"thumbnailUrl\":\"https:\\\/\\\/eurotrail.info\\\/wp\\\/wp-content\\\/uploads\\\/2016\\\/09\\\/ETKW5046-Colander-Seagreen-21.jpg\",\"datePublished\":\"2016-09-28T13:00:31+00:00\",\"dateModified\":\"2020-12-01T14:01:26+00:00\",\"breadcrumb\":{\"@id\":\"https:\\\/\\\/eurotrail.info\\\/de\\\/producten\\\/haushaltartikel\\\/faltbaren-artikeln-aus-silikon\\\/faltbare-sieb\\\/#breadcrumb\"},\"inLanguage\":\"de\",\"potentialAction\":[{\"@type\":\"ReadAction\",\"target\":[\"https:\\\/\\\/eurotrail.info\\\/de\\\/producten\\\/haushaltartikel\\\/faltbaren-artikeln-aus-silikon\\\/faltbare-sieb\\\/\"]}]},{\"@type\":\"ImageObject\",\"inLanguage\":\"de\",\"@id\":\"https:\\\/\\\/eurotrail.info\\\/de\\\/producten\\\/haushaltartikel\\\/faltbaren-artikeln-aus-silikon\\\/faltbare-sieb\\\/#primaryimage\",\"url\":\"https:\\\/\\\/eurotrail.info\\\/wp\\\/wp-content\\\/uploads\\\/2016\\\/09\\\/ETKW5046-Colander-Seagreen-21.jpg\",\"contentUrl\":\"https:\\\/\\\/eurotrail.info\\\/wp\\\/wp-content\\\/uploads\\\/2016\\\/09\\\/ETKW5046-Colander-Seagreen-21.jpg\",\"width\":1772,\"height\":1305,\"caption\":\"Eurotrail opvouwbaar vergiet siliconen\"},{\"@type\":\"BreadcrumbList\",\"@id\":\"https:\\\/\\\/eurotrail.info\\\/de\\\/producten\\\/haushaltartikel\\\/faltbaren-artikeln-aus-silikon\\\/faltbare-sieb\\\/#breadcrumb\",\"itemListElement\":[{\"@type\":\"ListItem\",\"position\":1,\"name\":\"Home\",\"item\":\"https:\\\/\\\/eurotrail.info\\\/de\\\/\"},{\"@type\":\"ListItem\",\"position\":2,\"name\":\"Produkte\",\"item\":\"https:\\\/\\\/eurotrail.info\\\/de\\\/produkte\\\/\"},{\"@type\":\"ListItem\",\"position\":3,\"name\":\"Faltbare Sieb\"}]},{\"@type\":\"WebSite\",\"@id\":\"https:\\\/\\\/eurotrail.info\\\/#website\",\"url\":\"https:\\\/\\\/eurotrail.info\\\/\",\"name\":\"Eurotrail\",\"description\":\"\",\"publisher\":{\"@id\":\"https:\\\/\\\/eurotrail.info\\\/#organization\"},\"potentialAction\":[{\"@type\":\"SearchAction\",\"target\":{\"@type\":\"EntryPoint\",\"urlTemplate\":\"https:\\\/\\\/eurotrail.info\\\/?s={search_term_string}\"},\"query-input\":{\"@type\":\"PropertyValueSpecification\",\"valueRequired\":true,\"valueName\":\"search_term_string\"}}],\"inLanguage\":\"de\"},{\"@type\":\"Organization\",\"@id\":\"https:\\\/\\\/eurotrail.info\\\/#organization\",\"name\":\"Eurotrail\",\"url\":\"https:\\\/\\\/eurotrail.info\\\/\",\"logo\":{\"@type\":\"ImageObject\",\"inLanguage\":\"de\",\"@id\":\"https:\\\/\\\/eurotrail.info\\\/#\\\/schema\\\/logo\\\/image\\\/\",\"url\":\"https:\\\/\\\/eurotrail.info\\\/wp\\\/wp-content\\\/uploads\\\/2023\\\/07\\\/ET-logo-quote_NL-scaled.jpg\",\"contentUrl\":\"https:\\\/\\\/eurotrail.info\\\/wp\\\/wp-content\\\/uploads\\\/2023\\\/07\\\/ET-logo-quote_NL-scaled.jpg\",\"width\":2560,\"height\":675,\"caption\":\"Eurotrail\"},\"image\":{\"@id\":\"https:\\\/\\\/eurotrail.info\\\/#\\\/schema\\\/logo\\\/image\\\/\"}}]}<\/script>\n<!-- \/ Yoast SEO plugin. -->","yoast_head_json":{"title":"Faltbare Sieb - Eurotrail","robots":{"index":"index","follow":"follow","max-snippet":"max-snippet:-1","max-image-preview":"max-image-preview:large","max-video-preview":"max-video-preview:-1"},"canonical":"https:\/\/eurotrail.info\/de\/producten\/haushaltartikel\/faltbaren-artikeln-aus-silikon\/faltbare-sieb\/","og_locale":"de_DE","og_type":"article","og_title":"Faltbare Sieb - Eurotrail","og_description":"Platz ist ein gro\u00dfes Problem f\u00fcr Camper. Deshalb hat Eurotrail eine Reihe von faltbaren Boxen aus einem flexiblen, hochwertigen Silikon im Sortiment. Neu im Sortiment&hellip;","og_url":"https:\/\/eurotrail.info\/de\/producten\/haushaltartikel\/faltbaren-artikeln-aus-silikon\/faltbare-sieb\/","og_site_name":"Eurotrail","article_modified_time":"2020-12-01T14:01:26+00:00","og_image":[{"width":1772,"height":1305,"url":"https:\/\/eurotrail.info\/wp\/wp-content\/uploads\/2016\/09\/ETKW5046-Colander-Seagreen-21.jpg","type":"image\/jpeg"}],"twitter_card":"summary_large_image","schema":{"@context":"https:\/\/schema.org","@graph":[{"@type":"WebPage","@id":"https:\/\/eurotrail.info\/de\/producten\/haushaltartikel\/faltbaren-artikeln-aus-silikon\/faltbare-sieb\/","url":"https:\/\/eurotrail.info\/de\/producten\/haushaltartikel\/faltbaren-artikeln-aus-silikon\/faltbare-sieb\/","name":"Faltbare Sieb - Eurotrail","isPartOf":{"@id":"https:\/\/eurotrail.info\/#website"},"primaryImageOfPage":{"@id":"https:\/\/eurotrail.info\/de\/producten\/haushaltartikel\/faltbaren-artikeln-aus-silikon\/faltbare-sieb\/#primaryimage"},"image":{"@id":"https:\/\/eurotrail.info\/de\/producten\/haushaltartikel\/faltbaren-artikeln-aus-silikon\/faltbare-sieb\/#primaryimage"},"thumbnailUrl":"https:\/\/eurotrail.info\/wp\/wp-content\/uploads\/2016\/09\/ETKW5046-Colander-Seagreen-21.jpg","datePublished":"2016-09-28T13:00:31+00:00","dateModified":"2020-12-01T14:01:26+00:00","breadcrumb":{"@id":"https:\/\/eurotrail.info\/de\/producten\/haushaltartikel\/faltbaren-artikeln-aus-silikon\/faltbare-sieb\/#breadcrumb"},"inLanguage":"de","potentialAction":[{"@type":"ReadAction","target":["https:\/\/eurotrail.info\/de\/producten\/haushaltartikel\/faltbaren-artikeln-aus-silikon\/faltbare-sieb\/"]}]},{"@type":"ImageObject","inLanguage":"de","@id":"https:\/\/eurotrail.info\/de\/producten\/haushaltartikel\/faltbaren-artikeln-aus-silikon\/faltbare-sieb\/#primaryimage","url":"https:\/\/eurotrail.info\/wp\/wp-content\/uploads\/2016\/09\/ETKW5046-Colander-Seagreen-21.jpg","contentUrl":"https:\/\/eurotrail.info\/wp\/wp-content\/uploads\/2016\/09\/ETKW5046-Colander-Seagreen-21.jpg","width":1772,"height":1305,"caption":"Eurotrail opvouwbaar vergiet siliconen"},{"@type":"BreadcrumbList","@id":"https:\/\/eurotrail.info\/de\/producten\/haushaltartikel\/faltbaren-artikeln-aus-silikon\/faltbare-sieb\/#breadcrumb","itemListElement":[{"@type":"ListItem","position":1,"name":"Home","item":"https:\/\/eurotrail.info\/de\/"},{"@type":"ListItem","position":2,"name":"Produkte","item":"https:\/\/eurotrail.info\/de\/produkte\/"},{"@type":"ListItem","position":3,"name":"Faltbare Sieb"}]},{"@type":"WebSite","@id":"https:\/\/eurotrail.info\/#website","url":"https:\/\/eurotrail.info\/","name":"Eurotrail","description":"","publisher":{"@id":"https:\/\/eurotrail.info\/#organization"},"potentialAction":[{"@type":"SearchAction","target":{"@type":"EntryPoint","urlTemplate":"https:\/\/eurotrail.info\/?s={search_term_string}"},"query-input":{"@type":"PropertyValueSpecification","valueRequired":true,"valueName":"search_term_string"}}],"inLanguage":"de"},{"@type":"Organization","@id":"https:\/\/eurotrail.info\/#organization","name":"Eurotrail","url":"https:\/\/eurotrail.info\/","logo":{"@type":"ImageObject","inLanguage":"de","@id":"https:\/\/eurotrail.info\/#\/schema\/logo\/image\/","url":"https:\/\/eurotrail.info\/wp\/wp-content\/uploads\/2023\/07\/ET-logo-quote_NL-scaled.jpg","contentUrl":"https:\/\/eurotrail.info\/wp\/wp-content\/uploads\/2023\/07\/ET-logo-quote_NL-scaled.jpg","width":2560,"height":675,"caption":"Eurotrail"},"image":{"@id":"https:\/\/eurotrail.info\/#\/schema\/logo\/image\/"}}]}},"_links":{"self":[{"href":"https:\/\/eurotrail.info\/de\/wp-json\/wp\/v2\/product\/3496","targetHints":{"allow":["GET"]}}],"collection":[{"href":"https:\/\/eurotrail.info\/de\/wp-json\/wp\/v2\/product"}],"about":[{"href":"https:\/\/eurotrail.info\/de\/wp-json\/wp\/v2\/types\/product"}],"replies":[{"embeddable":true,"href":"https:\/\/eurotrail.info\/de\/wp-json\/wp\/v2\/comments?post=3496"}],"wp:featuredmedia":[{"embeddable":true,"href":"https:\/\/eurotrail.info\/de\/wp-json\/wp\/v2\/media\/12174"}],"wp:attachment":[{"href":"https:\/\/eurotrail.info\/de\/wp-json\/wp\/v2\/media?parent=3496"}],"wp:term":[{"taxonomy":"product_brand","embeddable":true,"href":"https:\/\/eurotrail.info\/de\/wp-json\/wp\/v2\/product_brand?post=3496"},{"taxonomy":"product_cat","embeddable":true,"href":"https:\/\/eurotrail.info\/de\/wp-json\/wp\/v2\/product_cat?post=3496"},{"taxonomy":"product_tag","embeddable":true,"href":"https:\/\/eurotrail.info\/de\/wp-json\/wp\/v2\/product_tag?post=3496"}],"curies":[{"name":"wp","href":"https:\/\/api.w.org\/{rel}","templated":true}]}}