{"id":3761,"date":"2017-01-19T08:59:10","date_gmt":"2017-01-19T07:59:10","guid":{"rendered":"http:\/\/preview.eurotrail.info\/producten\/eiffel-wohnwagen-reisemobilvorzelt\/"},"modified":"2017-01-19T08:59:10","modified_gmt":"2017-01-19T07:59:10","slug":"eiffel-wohnwagen-reisemobilvorzelt","status":"publish","type":"product","link":"https:\/\/eurotrail.info\/de\/producten\/wohnwagenwohnmobilebus\/wohnwagen-reisemobilvorzelte\/eiffel-wohnwagen-reisemobilvorzelt\/","title":{"rendered":"Eiffel Wohnwagen-Reisemobilvorzelt"},"content":{"rendered":"<p>Freistehende Zelt mit doppeltem Keder 6-7 mm geeignet f\u00fcr Befestigung am Caravan oder Reisemobile mit Markise.<\/p>\n<p>Austauschbare Seitenw\u00e4nde, verschie\u00dfbarer R\u00fcckwand, Fenster mit Moskitogaze und klare Fensterfolie, Boden abnehmbar, Regensch\u00fctz Vordach,  Nylon Spannleinen. <\/p>\n<p>Optionel ist ein Erker lieferbar. Diese wird inklusive Boden und 2 Personen Innenzelt geliefert. und wird mit RV am Zelt verbunden.<\/p>\n<p>Anschlussh\u00f6he Wohnwagen 240 bis 250 cm, Reisemobil bis 260 cm.<\/p>\n<p>Au\u03b2enzelt: 100% 210D Polyester Ripstop Gewebe, Wassers\u00e4ule 5000mm<br \/>\nN\u00e4hte: bandversiegelt<br \/>\nFarbe: Petrol\/Grau\/Schwarz<br \/>\nInnenzelt Erker (optionel): Atmungsaktives Polyestergewebe<br \/>\nBoden: PE-Gewebe<br \/>\nGest\u00e4nge:Stahl mit  Fiberglas 19mm<br \/>\nH\u00f6he: 235\/190cm<br \/>\nGewicht: 22.6 kg. (Erker 5 kg)<br \/>\nPackmass: 75x22x28cm<\/p>\n","protected":false},"excerpt":{"rendered":"<p>Freistehende Zelt mit doppeltem Keder 6-7 mm geeignet f\u00fcr Befestigung am Caravan oder Reisemobile mit Markise. Austauschbare Seitenw\u00e4nde, verschie\u00dfbarer R\u00fcckwand, Fenster mit Moskitogaze und klare&hellip;<\/p>\n","protected":false},"featured_media":3751,"comment_status":"open","ping_status":"closed","template":"","meta":{"_acf_changed":false},"product_brand":[],"product_cat":[105],"product_tag":[],"class_list":{"0":"post-3761","1":"product","2":"type-product","3":"status-publish","4":"has-post-thumbnail","6":"product_cat-wohnwagen-reisemobilvorzelte","8":"first","9":"instock","10":"shipping-taxable","11":"product-type-simple"},"acf":[],"yoast_head":"<!-- This site is optimized with the Yoast SEO plugin v27.4 - https:\/\/yoast.com\/product\/yoast-seo-wordpress\/ -->\n<title>Eiffel Wohnwagen-Reisemobilvorzelt - Eurotrail<\/title>\n<meta name=\"robots\" content=\"index, follow, max-snippet:-1, max-image-preview:large, max-video-preview:-1\" \/>\n<link rel=\"canonical\" href=\"https:\/\/eurotrail.info\/de\/producten\/wohnwagenwohnmobilebus\/wohnwagen-reisemobilvorzelte\/eiffel-wohnwagen-reisemobilvorzelt\/\" \/>\n<meta property=\"og:locale\" content=\"de_DE\" \/>\n<meta property=\"og:type\" content=\"article\" \/>\n<meta property=\"og:title\" content=\"Eiffel Wohnwagen-Reisemobilvorzelt - Eurotrail\" \/>\n<meta property=\"og:description\" content=\"Freistehende Zelt mit doppeltem Keder 6-7 mm geeignet f\u00fcr Befestigung am Caravan oder Reisemobile mit Markise. Austauschbare Seitenw\u00e4nde, verschie\u00dfbarer R\u00fcckwand, Fenster mit Moskitogaze und klare&hellip;\" \/>\n<meta property=\"og:url\" content=\"https:\/\/eurotrail.info\/de\/producten\/wohnwagenwohnmobilebus\/wohnwagen-reisemobilvorzelte\/eiffel-wohnwagen-reisemobilvorzelt\/\" \/>\n<meta property=\"og:site_name\" content=\"Eurotrail\" \/>\n<meta property=\"og:image\" content=\"https:\/\/eurotrail.info\/wp\/wp-content\/uploads\/2017\/01\/Caravan-Zelt-Eifel-2017-1.jpg\" \/>\n\t<meta property=\"og:image:width\" content=\"1600\" \/>\n\t<meta property=\"og:image:height\" content=\"1063\" \/>\n\t<meta property=\"og:image:type\" content=\"image\/jpeg\" \/>\n<meta name=\"twitter:card\" content=\"summary_large_image\" \/>\n<meta name=\"twitter:label1\" content=\"Gesch\u00e4tzte Lesezeit\" \/>\n\t<meta name=\"twitter:data1\" content=\"1\u00a0Minute\" \/>\n<script type=\"application\/ld+json\" class=\"yoast-schema-graph\">{\"@context\":\"https:\\\/\\\/schema.org\",\"@graph\":[{\"@type\":\"WebPage\",\"@id\":\"https:\\\/\\\/eurotrail.info\\\/de\\\/producten\\\/wohnwagenwohnmobilebus\\\/wohnwagen-reisemobilvorzelte\\\/eiffel-wohnwagen-reisemobilvorzelt\\\/\",\"url\":\"https:\\\/\\\/eurotrail.info\\\/de\\\/producten\\\/wohnwagenwohnmobilebus\\\/wohnwagen-reisemobilvorzelte\\\/eiffel-wohnwagen-reisemobilvorzelt\\\/\",\"name\":\"Eiffel Wohnwagen-Reisemobilvorzelt - Eurotrail\",\"isPartOf\":{\"@id\":\"https:\\\/\\\/eurotrail.info\\\/#website\"},\"primaryImageOfPage\":{\"@id\":\"https:\\\/\\\/eurotrail.info\\\/de\\\/producten\\\/wohnwagenwohnmobilebus\\\/wohnwagen-reisemobilvorzelte\\\/eiffel-wohnwagen-reisemobilvorzelt\\\/#primaryimage\"},\"image\":{\"@id\":\"https:\\\/\\\/eurotrail.info\\\/de\\\/producten\\\/wohnwagenwohnmobilebus\\\/wohnwagen-reisemobilvorzelte\\\/eiffel-wohnwagen-reisemobilvorzelt\\\/#primaryimage\"},\"thumbnailUrl\":\"https:\\\/\\\/eurotrail.info\\\/wp\\\/wp-content\\\/uploads\\\/2017\\\/01\\\/Caravan-Zelt-Eifel-2017-1.jpg\",\"datePublished\":\"2017-01-19T07:59:10+00:00\",\"breadcrumb\":{\"@id\":\"https:\\\/\\\/eurotrail.info\\\/de\\\/producten\\\/wohnwagenwohnmobilebus\\\/wohnwagen-reisemobilvorzelte\\\/eiffel-wohnwagen-reisemobilvorzelt\\\/#breadcrumb\"},\"inLanguage\":\"de\",\"potentialAction\":[{\"@type\":\"ReadAction\",\"target\":[\"https:\\\/\\\/eurotrail.info\\\/de\\\/producten\\\/wohnwagenwohnmobilebus\\\/wohnwagen-reisemobilvorzelte\\\/eiffel-wohnwagen-reisemobilvorzelt\\\/\"]}]},{\"@type\":\"ImageObject\",\"inLanguage\":\"de\",\"@id\":\"https:\\\/\\\/eurotrail.info\\\/de\\\/producten\\\/wohnwagenwohnmobilebus\\\/wohnwagen-reisemobilvorzelte\\\/eiffel-wohnwagen-reisemobilvorzelt\\\/#primaryimage\",\"url\":\"https:\\\/\\\/eurotrail.info\\\/wp\\\/wp-content\\\/uploads\\\/2017\\\/01\\\/Caravan-Zelt-Eifel-2017-1.jpg\",\"contentUrl\":\"https:\\\/\\\/eurotrail.info\\\/wp\\\/wp-content\\\/uploads\\\/2017\\\/01\\\/Caravan-Zelt-Eifel-2017-1.jpg\",\"width\":1600,\"height\":1063,\"caption\":\"Freistehende Zelt mit doppeltem Keder 6-7 mm geeignet f\u00fcr Befestigung am Caravan oder Reisemobile mit Markise.\"},{\"@type\":\"BreadcrumbList\",\"@id\":\"https:\\\/\\\/eurotrail.info\\\/de\\\/producten\\\/wohnwagenwohnmobilebus\\\/wohnwagen-reisemobilvorzelte\\\/eiffel-wohnwagen-reisemobilvorzelt\\\/#breadcrumb\",\"itemListElement\":[{\"@type\":\"ListItem\",\"position\":1,\"name\":\"Home\",\"item\":\"https:\\\/\\\/eurotrail.info\\\/de\\\/\"},{\"@type\":\"ListItem\",\"position\":2,\"name\":\"Produkte\",\"item\":\"https:\\\/\\\/eurotrail.info\\\/de\\\/produkte\\\/\"},{\"@type\":\"ListItem\",\"position\":3,\"name\":\"Eiffel Wohnwagen-Reisemobilvorzelt\"}]},{\"@type\":\"WebSite\",\"@id\":\"https:\\\/\\\/eurotrail.info\\\/#website\",\"url\":\"https:\\\/\\\/eurotrail.info\\\/\",\"name\":\"Eurotrail\",\"description\":\"\",\"publisher\":{\"@id\":\"https:\\\/\\\/eurotrail.info\\\/#organization\"},\"potentialAction\":[{\"@type\":\"SearchAction\",\"target\":{\"@type\":\"EntryPoint\",\"urlTemplate\":\"https:\\\/\\\/eurotrail.info\\\/?s={search_term_string}\"},\"query-input\":{\"@type\":\"PropertyValueSpecification\",\"valueRequired\":true,\"valueName\":\"search_term_string\"}}],\"inLanguage\":\"de\"},{\"@type\":\"Organization\",\"@id\":\"https:\\\/\\\/eurotrail.info\\\/#organization\",\"name\":\"Eurotrail\",\"url\":\"https:\\\/\\\/eurotrail.info\\\/\",\"logo\":{\"@type\":\"ImageObject\",\"inLanguage\":\"de\",\"@id\":\"https:\\\/\\\/eurotrail.info\\\/#\\\/schema\\\/logo\\\/image\\\/\",\"url\":\"https:\\\/\\\/eurotrail.info\\\/wp\\\/wp-content\\\/uploads\\\/2023\\\/07\\\/ET-logo-quote_NL-scaled.jpg\",\"contentUrl\":\"https:\\\/\\\/eurotrail.info\\\/wp\\\/wp-content\\\/uploads\\\/2023\\\/07\\\/ET-logo-quote_NL-scaled.jpg\",\"width\":2560,\"height\":675,\"caption\":\"Eurotrail\"},\"image\":{\"@id\":\"https:\\\/\\\/eurotrail.info\\\/#\\\/schema\\\/logo\\\/image\\\/\"}}]}<\/script>\n<!-- \/ Yoast SEO plugin. -->","yoast_head_json":{"title":"Eiffel Wohnwagen-Reisemobilvorzelt - Eurotrail","robots":{"index":"index","follow":"follow","max-snippet":"max-snippet:-1","max-image-preview":"max-image-preview:large","max-video-preview":"max-video-preview:-1"},"canonical":"https:\/\/eurotrail.info\/de\/producten\/wohnwagenwohnmobilebus\/wohnwagen-reisemobilvorzelte\/eiffel-wohnwagen-reisemobilvorzelt\/","og_locale":"de_DE","og_type":"article","og_title":"Eiffel Wohnwagen-Reisemobilvorzelt - Eurotrail","og_description":"Freistehende Zelt mit doppeltem Keder 6-7 mm geeignet f\u00fcr Befestigung am Caravan oder Reisemobile mit Markise. Austauschbare Seitenw\u00e4nde, verschie\u00dfbarer R\u00fcckwand, Fenster mit Moskitogaze und klare&hellip;","og_url":"https:\/\/eurotrail.info\/de\/producten\/wohnwagenwohnmobilebus\/wohnwagen-reisemobilvorzelte\/eiffel-wohnwagen-reisemobilvorzelt\/","og_site_name":"Eurotrail","og_image":[{"width":1600,"height":1063,"url":"https:\/\/eurotrail.info\/wp\/wp-content\/uploads\/2017\/01\/Caravan-Zelt-Eifel-2017-1.jpg","type":"image\/jpeg"}],"twitter_card":"summary_large_image","twitter_misc":{"Gesch\u00e4tzte Lesezeit":"1\u00a0Minute"},"schema":{"@context":"https:\/\/schema.org","@graph":[{"@type":"WebPage","@id":"https:\/\/eurotrail.info\/de\/producten\/wohnwagenwohnmobilebus\/wohnwagen-reisemobilvorzelte\/eiffel-wohnwagen-reisemobilvorzelt\/","url":"https:\/\/eurotrail.info\/de\/producten\/wohnwagenwohnmobilebus\/wohnwagen-reisemobilvorzelte\/eiffel-wohnwagen-reisemobilvorzelt\/","name":"Eiffel Wohnwagen-Reisemobilvorzelt - Eurotrail","isPartOf":{"@id":"https:\/\/eurotrail.info\/#website"},"primaryImageOfPage":{"@id":"https:\/\/eurotrail.info\/de\/producten\/wohnwagenwohnmobilebus\/wohnwagen-reisemobilvorzelte\/eiffel-wohnwagen-reisemobilvorzelt\/#primaryimage"},"image":{"@id":"https:\/\/eurotrail.info\/de\/producten\/wohnwagenwohnmobilebus\/wohnwagen-reisemobilvorzelte\/eiffel-wohnwagen-reisemobilvorzelt\/#primaryimage"},"thumbnailUrl":"https:\/\/eurotrail.info\/wp\/wp-content\/uploads\/2017\/01\/Caravan-Zelt-Eifel-2017-1.jpg","datePublished":"2017-01-19T07:59:10+00:00","breadcrumb":{"@id":"https:\/\/eurotrail.info\/de\/producten\/wohnwagenwohnmobilebus\/wohnwagen-reisemobilvorzelte\/eiffel-wohnwagen-reisemobilvorzelt\/#breadcrumb"},"inLanguage":"de","potentialAction":[{"@type":"ReadAction","target":["https:\/\/eurotrail.info\/de\/producten\/wohnwagenwohnmobilebus\/wohnwagen-reisemobilvorzelte\/eiffel-wohnwagen-reisemobilvorzelt\/"]}]},{"@type":"ImageObject","inLanguage":"de","@id":"https:\/\/eurotrail.info\/de\/producten\/wohnwagenwohnmobilebus\/wohnwagen-reisemobilvorzelte\/eiffel-wohnwagen-reisemobilvorzelt\/#primaryimage","url":"https:\/\/eurotrail.info\/wp\/wp-content\/uploads\/2017\/01\/Caravan-Zelt-Eifel-2017-1.jpg","contentUrl":"https:\/\/eurotrail.info\/wp\/wp-content\/uploads\/2017\/01\/Caravan-Zelt-Eifel-2017-1.jpg","width":1600,"height":1063,"caption":"Freistehende Zelt mit doppeltem Keder 6-7 mm geeignet f\u00fcr Befestigung am Caravan oder Reisemobile mit Markise."},{"@type":"BreadcrumbList","@id":"https:\/\/eurotrail.info\/de\/producten\/wohnwagenwohnmobilebus\/wohnwagen-reisemobilvorzelte\/eiffel-wohnwagen-reisemobilvorzelt\/#breadcrumb","itemListElement":[{"@type":"ListItem","position":1,"name":"Home","item":"https:\/\/eurotrail.info\/de\/"},{"@type":"ListItem","position":2,"name":"Produkte","item":"https:\/\/eurotrail.info\/de\/produkte\/"},{"@type":"ListItem","position":3,"name":"Eiffel Wohnwagen-Reisemobilvorzelt"}]},{"@type":"WebSite","@id":"https:\/\/eurotrail.info\/#website","url":"https:\/\/eurotrail.info\/","name":"Eurotrail","description":"","publisher":{"@id":"https:\/\/eurotrail.info\/#organization"},"potentialAction":[{"@type":"SearchAction","target":{"@type":"EntryPoint","urlTemplate":"https:\/\/eurotrail.info\/?s={search_term_string}"},"query-input":{"@type":"PropertyValueSpecification","valueRequired":true,"valueName":"search_term_string"}}],"inLanguage":"de"},{"@type":"Organization","@id":"https:\/\/eurotrail.info\/#organization","name":"Eurotrail","url":"https:\/\/eurotrail.info\/","logo":{"@type":"ImageObject","inLanguage":"de","@id":"https:\/\/eurotrail.info\/#\/schema\/logo\/image\/","url":"https:\/\/eurotrail.info\/wp\/wp-content\/uploads\/2023\/07\/ET-logo-quote_NL-scaled.jpg","contentUrl":"https:\/\/eurotrail.info\/wp\/wp-content\/uploads\/2023\/07\/ET-logo-quote_NL-scaled.jpg","width":2560,"height":675,"caption":"Eurotrail"},"image":{"@id":"https:\/\/eurotrail.info\/#\/schema\/logo\/image\/"}}]}},"_links":{"self":[{"href":"https:\/\/eurotrail.info\/de\/wp-json\/wp\/v2\/product\/3761","targetHints":{"allow":["GET"]}}],"collection":[{"href":"https:\/\/eurotrail.info\/de\/wp-json\/wp\/v2\/product"}],"about":[{"href":"https:\/\/eurotrail.info\/de\/wp-json\/wp\/v2\/types\/product"}],"replies":[{"embeddable":true,"href":"https:\/\/eurotrail.info\/de\/wp-json\/wp\/v2\/comments?post=3761"}],"wp:featuredmedia":[{"embeddable":true,"href":"https:\/\/eurotrail.info\/de\/wp-json\/wp\/v2\/media\/3751"}],"wp:attachment":[{"href":"https:\/\/eurotrail.info\/de\/wp-json\/wp\/v2\/media?parent=3761"}],"wp:term":[{"taxonomy":"product_brand","embeddable":true,"href":"https:\/\/eurotrail.info\/de\/wp-json\/wp\/v2\/product_brand?post=3761"},{"taxonomy":"product_cat","embeddable":true,"href":"https:\/\/eurotrail.info\/de\/wp-json\/wp\/v2\/product_cat?post=3761"},{"taxonomy":"product_tag","embeddable":true,"href":"https:\/\/eurotrail.info\/de\/wp-json\/wp\/v2\/product_tag?post=3761"}],"curies":[{"name":"wp","href":"https:\/\/api.w.org\/{rel}","templated":true}]}}