{"id":3829,"date":"2016-03-15T15:46:00","date_gmt":"2016-03-15T14:46:00","guid":{"rendered":"http:\/\/preview.eurotrail.info\/producten\/schlafkabine-fur-faltwagen\/"},"modified":"2020-11-26T14:46:30","modified_gmt":"2020-11-26T13:46:30","slug":"schlafkabine-fur-faltwagen","status":"publish","type":"product","link":"https:\/\/eurotrail.info\/de\/producten\/wohnwagenwohnmobilebus\/schlafkabinen-fuer-vorzelt\/schlafkabine-fur-faltwagen\/","title":{"rendered":"Schlafkabine fur Faltwagen"},"content":{"rendered":"<p>Universal-Schlafkabinen f\u00fcr unter dem Faltwagen. Diese Kabine wird mit Hacken einfach am Gest\u00e4nge befestigt und passen in jedes Falltwagen. F\u00fcr 2 Personen geeignet.<\/p>\n<p>Gr\u00f2sse: 200x135x72cm<br \/>\nMaterial: Seitenw\u00e4nde aus 65% Polyester und 35% Baumwolle. Farbe weiss<br \/>\nBoden: PVC, Farbe Grau<br \/>\nHeringe zum befestigen geh\u00f6ren zum Lieferumfang<\/p>\n","protected":false},"excerpt":{"rendered":"<p>Universal-Schlafkabinen f\u00fcr unter dem Faltwagen. Diese Kabine wird mit Hacken einfach am Gest\u00e4nge befestigt und passen in jedes Falltwagen. F\u00fcr 2 Personen geeignet. Gr\u00f2sse: 200x135x72cm&hellip;<\/p>\n","protected":false},"featured_media":14804,"comment_status":"open","ping_status":"closed","template":"","meta":{"_acf_changed":false},"product_brand":[],"product_cat":[76],"product_tag":[],"class_list":{"0":"post-3829","1":"product","2":"type-product","3":"status-publish","4":"has-post-thumbnail","6":"product_cat-schlafkabinen-fuer-vorzelt","8":"first","9":"instock","10":"shipping-taxable","11":"product-type-simple"},"acf":[],"yoast_head":"<!-- This site is optimized with the Yoast SEO plugin v27.3 - https:\/\/yoast.com\/product\/yoast-seo-wordpress\/ -->\n<title>Schlafkabine fur Faltwagen - Eurotrail<\/title>\n<meta name=\"robots\" content=\"index, follow, max-snippet:-1, max-image-preview:large, max-video-preview:-1\" \/>\n<link rel=\"canonical\" href=\"https:\/\/eurotrail.info\/de\/producten\/wohnwagenwohnmobilebus\/schlafkabinen-fuer-vorzelt\/schlafkabine-fur-faltwagen\/\" \/>\n<meta property=\"og:locale\" content=\"de_DE\" \/>\n<meta property=\"og:type\" content=\"article\" \/>\n<meta property=\"og:title\" content=\"Schlafkabine fur Faltwagen - Eurotrail\" \/>\n<meta property=\"og:description\" content=\"Universal-Schlafkabinen f\u00fcr unter dem Faltwagen. Diese Kabine wird mit Hacken einfach am Gest\u00e4nge befestigt und passen in jedes Falltwagen. F\u00fcr 2 Personen geeignet. Gr\u00f2sse: 200x135x72cm&hellip;\" \/>\n<meta property=\"og:url\" content=\"https:\/\/eurotrail.info\/de\/producten\/wohnwagenwohnmobilebus\/schlafkabinen-fuer-vorzelt\/schlafkabine-fur-faltwagen\/\" \/>\n<meta property=\"og:site_name\" content=\"Eurotrail\" \/>\n<meta property=\"article:modified_time\" content=\"2020-11-26T13:46:30+00:00\" \/>\n<meta property=\"og:image\" content=\"https:\/\/eurotrail.info\/wp\/wp-content\/uploads\/2016\/03\/ETCT0076-Vouwwagen-ondertent-22.jpg\" \/>\n\t<meta property=\"og:image:width\" content=\"2061\" \/>\n\t<meta property=\"og:image:height\" content=\"1207\" \/>\n\t<meta property=\"og:image:type\" content=\"image\/jpeg\" \/>\n<meta name=\"twitter:card\" content=\"summary_large_image\" \/>\n<script type=\"application\/ld+json\" class=\"yoast-schema-graph\">{\"@context\":\"https:\\\/\\\/schema.org\",\"@graph\":[{\"@type\":\"WebPage\",\"@id\":\"https:\\\/\\\/eurotrail.info\\\/de\\\/producten\\\/wohnwagenwohnmobilebus\\\/schlafkabinen-fuer-vorzelt\\\/schlafkabine-fur-faltwagen\\\/\",\"url\":\"https:\\\/\\\/eurotrail.info\\\/de\\\/producten\\\/wohnwagenwohnmobilebus\\\/schlafkabinen-fuer-vorzelt\\\/schlafkabine-fur-faltwagen\\\/\",\"name\":\"Schlafkabine fur Faltwagen - Eurotrail\",\"isPartOf\":{\"@id\":\"https:\\\/\\\/eurotrail.info\\\/#website\"},\"primaryImageOfPage\":{\"@id\":\"https:\\\/\\\/eurotrail.info\\\/de\\\/producten\\\/wohnwagenwohnmobilebus\\\/schlafkabinen-fuer-vorzelt\\\/schlafkabine-fur-faltwagen\\\/#primaryimage\"},\"image\":{\"@id\":\"https:\\\/\\\/eurotrail.info\\\/de\\\/producten\\\/wohnwagenwohnmobilebus\\\/schlafkabinen-fuer-vorzelt\\\/schlafkabine-fur-faltwagen\\\/#primaryimage\"},\"thumbnailUrl\":\"https:\\\/\\\/eurotrail.info\\\/wp\\\/wp-content\\\/uploads\\\/2016\\\/03\\\/ETCT0076-Vouwwagen-ondertent-22.jpg\",\"datePublished\":\"2016-03-15T14:46:00+00:00\",\"dateModified\":\"2020-11-26T13:46:30+00:00\",\"breadcrumb\":{\"@id\":\"https:\\\/\\\/eurotrail.info\\\/de\\\/producten\\\/wohnwagenwohnmobilebus\\\/schlafkabinen-fuer-vorzelt\\\/schlafkabine-fur-faltwagen\\\/#breadcrumb\"},\"inLanguage\":\"de\",\"potentialAction\":[{\"@type\":\"ReadAction\",\"target\":[\"https:\\\/\\\/eurotrail.info\\\/de\\\/producten\\\/wohnwagenwohnmobilebus\\\/schlafkabinen-fuer-vorzelt\\\/schlafkabine-fur-faltwagen\\\/\"]}]},{\"@type\":\"ImageObject\",\"inLanguage\":\"de\",\"@id\":\"https:\\\/\\\/eurotrail.info\\\/de\\\/producten\\\/wohnwagenwohnmobilebus\\\/schlafkabinen-fuer-vorzelt\\\/schlafkabine-fur-faltwagen\\\/#primaryimage\",\"url\":\"https:\\\/\\\/eurotrail.info\\\/wp\\\/wp-content\\\/uploads\\\/2016\\\/03\\\/ETCT0076-Vouwwagen-ondertent-22.jpg\",\"contentUrl\":\"https:\\\/\\\/eurotrail.info\\\/wp\\\/wp-content\\\/uploads\\\/2016\\\/03\\\/ETCT0076-Vouwwagen-ondertent-22.jpg\",\"width\":2061,\"height\":1207,\"caption\":\"Eurotrail Vouwwagen ondertent\"},{\"@type\":\"BreadcrumbList\",\"@id\":\"https:\\\/\\\/eurotrail.info\\\/de\\\/producten\\\/wohnwagenwohnmobilebus\\\/schlafkabinen-fuer-vorzelt\\\/schlafkabine-fur-faltwagen\\\/#breadcrumb\",\"itemListElement\":[{\"@type\":\"ListItem\",\"position\":1,\"name\":\"Home\",\"item\":\"https:\\\/\\\/eurotrail.info\\\/de\\\/\"},{\"@type\":\"ListItem\",\"position\":2,\"name\":\"Produkte\",\"item\":\"https:\\\/\\\/eurotrail.info\\\/de\\\/produkte\\\/\"},{\"@type\":\"ListItem\",\"position\":3,\"name\":\"Schlafkabine fur Faltwagen\"}]},{\"@type\":\"WebSite\",\"@id\":\"https:\\\/\\\/eurotrail.info\\\/#website\",\"url\":\"https:\\\/\\\/eurotrail.info\\\/\",\"name\":\"Eurotrail\",\"description\":\"\",\"publisher\":{\"@id\":\"https:\\\/\\\/eurotrail.info\\\/#organization\"},\"potentialAction\":[{\"@type\":\"SearchAction\",\"target\":{\"@type\":\"EntryPoint\",\"urlTemplate\":\"https:\\\/\\\/eurotrail.info\\\/?s={search_term_string}\"},\"query-input\":{\"@type\":\"PropertyValueSpecification\",\"valueRequired\":true,\"valueName\":\"search_term_string\"}}],\"inLanguage\":\"de\"},{\"@type\":\"Organization\",\"@id\":\"https:\\\/\\\/eurotrail.info\\\/#organization\",\"name\":\"Eurotrail\",\"url\":\"https:\\\/\\\/eurotrail.info\\\/\",\"logo\":{\"@type\":\"ImageObject\",\"inLanguage\":\"de\",\"@id\":\"https:\\\/\\\/eurotrail.info\\\/#\\\/schema\\\/logo\\\/image\\\/\",\"url\":\"https:\\\/\\\/eurotrail.info\\\/wp\\\/wp-content\\\/uploads\\\/2023\\\/07\\\/ET-logo-quote_NL-scaled.jpg\",\"contentUrl\":\"https:\\\/\\\/eurotrail.info\\\/wp\\\/wp-content\\\/uploads\\\/2023\\\/07\\\/ET-logo-quote_NL-scaled.jpg\",\"width\":2560,\"height\":675,\"caption\":\"Eurotrail\"},\"image\":{\"@id\":\"https:\\\/\\\/eurotrail.info\\\/#\\\/schema\\\/logo\\\/image\\\/\"}}]}<\/script>\n<!-- \/ Yoast SEO plugin. -->","yoast_head_json":{"title":"Schlafkabine fur Faltwagen - Eurotrail","robots":{"index":"index","follow":"follow","max-snippet":"max-snippet:-1","max-image-preview":"max-image-preview:large","max-video-preview":"max-video-preview:-1"},"canonical":"https:\/\/eurotrail.info\/de\/producten\/wohnwagenwohnmobilebus\/schlafkabinen-fuer-vorzelt\/schlafkabine-fur-faltwagen\/","og_locale":"de_DE","og_type":"article","og_title":"Schlafkabine fur Faltwagen - Eurotrail","og_description":"Universal-Schlafkabinen f\u00fcr unter dem Faltwagen. Diese Kabine wird mit Hacken einfach am Gest\u00e4nge befestigt und passen in jedes Falltwagen. F\u00fcr 2 Personen geeignet. Gr\u00f2sse: 200x135x72cm&hellip;","og_url":"https:\/\/eurotrail.info\/de\/producten\/wohnwagenwohnmobilebus\/schlafkabinen-fuer-vorzelt\/schlafkabine-fur-faltwagen\/","og_site_name":"Eurotrail","article_modified_time":"2020-11-26T13:46:30+00:00","og_image":[{"width":2061,"height":1207,"url":"https:\/\/eurotrail.info\/wp\/wp-content\/uploads\/2016\/03\/ETCT0076-Vouwwagen-ondertent-22.jpg","type":"image\/jpeg"}],"twitter_card":"summary_large_image","schema":{"@context":"https:\/\/schema.org","@graph":[{"@type":"WebPage","@id":"https:\/\/eurotrail.info\/de\/producten\/wohnwagenwohnmobilebus\/schlafkabinen-fuer-vorzelt\/schlafkabine-fur-faltwagen\/","url":"https:\/\/eurotrail.info\/de\/producten\/wohnwagenwohnmobilebus\/schlafkabinen-fuer-vorzelt\/schlafkabine-fur-faltwagen\/","name":"Schlafkabine fur Faltwagen - Eurotrail","isPartOf":{"@id":"https:\/\/eurotrail.info\/#website"},"primaryImageOfPage":{"@id":"https:\/\/eurotrail.info\/de\/producten\/wohnwagenwohnmobilebus\/schlafkabinen-fuer-vorzelt\/schlafkabine-fur-faltwagen\/#primaryimage"},"image":{"@id":"https:\/\/eurotrail.info\/de\/producten\/wohnwagenwohnmobilebus\/schlafkabinen-fuer-vorzelt\/schlafkabine-fur-faltwagen\/#primaryimage"},"thumbnailUrl":"https:\/\/eurotrail.info\/wp\/wp-content\/uploads\/2016\/03\/ETCT0076-Vouwwagen-ondertent-22.jpg","datePublished":"2016-03-15T14:46:00+00:00","dateModified":"2020-11-26T13:46:30+00:00","breadcrumb":{"@id":"https:\/\/eurotrail.info\/de\/producten\/wohnwagenwohnmobilebus\/schlafkabinen-fuer-vorzelt\/schlafkabine-fur-faltwagen\/#breadcrumb"},"inLanguage":"de","potentialAction":[{"@type":"ReadAction","target":["https:\/\/eurotrail.info\/de\/producten\/wohnwagenwohnmobilebus\/schlafkabinen-fuer-vorzelt\/schlafkabine-fur-faltwagen\/"]}]},{"@type":"ImageObject","inLanguage":"de","@id":"https:\/\/eurotrail.info\/de\/producten\/wohnwagenwohnmobilebus\/schlafkabinen-fuer-vorzelt\/schlafkabine-fur-faltwagen\/#primaryimage","url":"https:\/\/eurotrail.info\/wp\/wp-content\/uploads\/2016\/03\/ETCT0076-Vouwwagen-ondertent-22.jpg","contentUrl":"https:\/\/eurotrail.info\/wp\/wp-content\/uploads\/2016\/03\/ETCT0076-Vouwwagen-ondertent-22.jpg","width":2061,"height":1207,"caption":"Eurotrail Vouwwagen ondertent"},{"@type":"BreadcrumbList","@id":"https:\/\/eurotrail.info\/de\/producten\/wohnwagenwohnmobilebus\/schlafkabinen-fuer-vorzelt\/schlafkabine-fur-faltwagen\/#breadcrumb","itemListElement":[{"@type":"ListItem","position":1,"name":"Home","item":"https:\/\/eurotrail.info\/de\/"},{"@type":"ListItem","position":2,"name":"Produkte","item":"https:\/\/eurotrail.info\/de\/produkte\/"},{"@type":"ListItem","position":3,"name":"Schlafkabine fur Faltwagen"}]},{"@type":"WebSite","@id":"https:\/\/eurotrail.info\/#website","url":"https:\/\/eurotrail.info\/","name":"Eurotrail","description":"","publisher":{"@id":"https:\/\/eurotrail.info\/#organization"},"potentialAction":[{"@type":"SearchAction","target":{"@type":"EntryPoint","urlTemplate":"https:\/\/eurotrail.info\/?s={search_term_string}"},"query-input":{"@type":"PropertyValueSpecification","valueRequired":true,"valueName":"search_term_string"}}],"inLanguage":"de"},{"@type":"Organization","@id":"https:\/\/eurotrail.info\/#organization","name":"Eurotrail","url":"https:\/\/eurotrail.info\/","logo":{"@type":"ImageObject","inLanguage":"de","@id":"https:\/\/eurotrail.info\/#\/schema\/logo\/image\/","url":"https:\/\/eurotrail.info\/wp\/wp-content\/uploads\/2023\/07\/ET-logo-quote_NL-scaled.jpg","contentUrl":"https:\/\/eurotrail.info\/wp\/wp-content\/uploads\/2023\/07\/ET-logo-quote_NL-scaled.jpg","width":2560,"height":675,"caption":"Eurotrail"},"image":{"@id":"https:\/\/eurotrail.info\/#\/schema\/logo\/image\/"}}]}},"_links":{"self":[{"href":"https:\/\/eurotrail.info\/de\/wp-json\/wp\/v2\/product\/3829","targetHints":{"allow":["GET"]}}],"collection":[{"href":"https:\/\/eurotrail.info\/de\/wp-json\/wp\/v2\/product"}],"about":[{"href":"https:\/\/eurotrail.info\/de\/wp-json\/wp\/v2\/types\/product"}],"replies":[{"embeddable":true,"href":"https:\/\/eurotrail.info\/de\/wp-json\/wp\/v2\/comments?post=3829"}],"wp:featuredmedia":[{"embeddable":true,"href":"https:\/\/eurotrail.info\/de\/wp-json\/wp\/v2\/media\/14804"}],"wp:attachment":[{"href":"https:\/\/eurotrail.info\/de\/wp-json\/wp\/v2\/media?parent=3829"}],"wp:term":[{"taxonomy":"product_brand","embeddable":true,"href":"https:\/\/eurotrail.info\/de\/wp-json\/wp\/v2\/product_brand?post=3829"},{"taxonomy":"product_cat","embeddable":true,"href":"https:\/\/eurotrail.info\/de\/wp-json\/wp\/v2\/product_cat?post=3829"},{"taxonomy":"product_tag","embeddable":true,"href":"https:\/\/eurotrail.info\/de\/wp-json\/wp\/v2\/product_tag?post=3829"}],"curies":[{"name":"wp","href":"https:\/\/api.w.org\/{rel}","templated":true}]}}