{"id":3849,"date":"2016-03-17T17:28:58","date_gmt":"2016-03-17T16:28:58","guid":{"rendered":"http:\/\/preview.eurotrail.info\/producten\/geraetezelt-cavern-bike\/"},"modified":"2020-11-18T12:51:43","modified_gmt":"2020-11-18T11:51:43","slug":"geraetezelt-cavern-bike","status":"publish","type":"product","link":"https:\/\/eurotrail.info\/de\/producten\/zelte\/geraeterzelte\/geraetezelt-cavern-bike\/","title":{"rendered":"Ger\u00e4tezelt Cavern Bike"},"content":{"rendered":"<p>Praktisches Ger\u00e4tezelt f\u00fcr verschiedene Einsatzm\u00f6glichkeiten. Das Ger\u00e4tezelt bietet viel Staufl\u00e4che und ist leicht aufzubauen. Der Eingang in der Vorwand ist nach oben rollbar. Auf der R\u00fcckseite befindet sich ein grosses Bel\u00fcftungsfenster.<\/p>\n<p>Gr\u00f6sse: 150x220x170\/200cm<br \/>\nMaterial: 100% Wetterfestes und abwaschbares PVC Polyester<br \/>\nGestell: \u00d8 22mm Stahlrundrohr<br \/>\nGewicht: 15 kg.<br \/>\nPackmass: 130x35cm<\/p>\n","protected":false},"excerpt":{"rendered":"<p>Praktisches Ger\u00e4tezelt f\u00fcr verschiedene Einsatzm\u00f6glichkeiten. Das Ger\u00e4tezelt bietet viel Staufl\u00e4che und ist leicht aufzubauen. Der Eingang in der Vorwand ist nach oben rollbar. Auf der&hellip;<\/p>\n","protected":false},"featured_media":2075,"comment_status":"open","ping_status":"closed","template":"","meta":{"_acf_changed":false},"product_brand":[],"product_cat":[100],"product_tag":[],"class_list":{"0":"post-3849","1":"product","2":"type-product","3":"status-publish","4":"has-post-thumbnail","6":"product_cat-geraeterzelte","8":"first","9":"instock","10":"shipping-taxable","11":"product-type-simple"},"acf":[],"yoast_head":"<!-- This site is optimized with the Yoast SEO plugin v27.4 - https:\/\/yoast.com\/product\/yoast-seo-wordpress\/ -->\n<title>Ger\u00e4tezelt Cavern Bike - Eurotrail<\/title>\n<meta name=\"robots\" content=\"index, follow, max-snippet:-1, max-image-preview:large, max-video-preview:-1\" \/>\n<link rel=\"canonical\" href=\"https:\/\/eurotrail.info\/de\/producten\/zelte\/geraeterzelte\/geraetezelt-cavern-bike\/\" \/>\n<meta property=\"og:locale\" content=\"de_DE\" \/>\n<meta property=\"og:type\" content=\"article\" \/>\n<meta property=\"og:title\" content=\"Ger\u00e4tezelt Cavern Bike - Eurotrail\" \/>\n<meta property=\"og:description\" content=\"Praktisches Ger\u00e4tezelt f\u00fcr verschiedene Einsatzm\u00f6glichkeiten. Das Ger\u00e4tezelt bietet viel Staufl\u00e4che und ist leicht aufzubauen. Der Eingang in der Vorwand ist nach oben rollbar. Auf der&hellip;\" \/>\n<meta property=\"og:url\" content=\"https:\/\/eurotrail.info\/de\/producten\/zelte\/geraeterzelte\/geraetezelt-cavern-bike\/\" \/>\n<meta property=\"og:site_name\" content=\"Eurotrail\" \/>\n<meta property=\"article:modified_time\" content=\"2020-11-18T11:51:43+00:00\" \/>\n<meta property=\"og:image\" content=\"https:\/\/eurotrail.info\/wp\/wp-content\/uploads\/2016\/03\/Eurotrail-Schuurtent-Cavern-Bike-ETTE0756-3.jpg\" \/>\n\t<meta property=\"og:image:width\" content=\"1181\" \/>\n\t<meta property=\"og:image:height\" content=\"1362\" \/>\n\t<meta property=\"og:image:type\" content=\"image\/jpeg\" \/>\n<meta name=\"twitter:card\" content=\"summary_large_image\" \/>\n<script type=\"application\/ld+json\" class=\"yoast-schema-graph\">{\"@context\":\"https:\\\/\\\/schema.org\",\"@graph\":[{\"@type\":\"WebPage\",\"@id\":\"https:\\\/\\\/eurotrail.info\\\/de\\\/producten\\\/zelte\\\/geraeterzelte\\\/geraetezelt-cavern-bike\\\/\",\"url\":\"https:\\\/\\\/eurotrail.info\\\/de\\\/producten\\\/zelte\\\/geraeterzelte\\\/geraetezelt-cavern-bike\\\/\",\"name\":\"Ger\u00e4tezelt Cavern Bike - Eurotrail\",\"isPartOf\":{\"@id\":\"https:\\\/\\\/eurotrail.info\\\/#website\"},\"primaryImageOfPage\":{\"@id\":\"https:\\\/\\\/eurotrail.info\\\/de\\\/producten\\\/zelte\\\/geraeterzelte\\\/geraetezelt-cavern-bike\\\/#primaryimage\"},\"image\":{\"@id\":\"https:\\\/\\\/eurotrail.info\\\/de\\\/producten\\\/zelte\\\/geraeterzelte\\\/geraetezelt-cavern-bike\\\/#primaryimage\"},\"thumbnailUrl\":\"https:\\\/\\\/eurotrail.info\\\/wp\\\/wp-content\\\/uploads\\\/2016\\\/03\\\/Eurotrail-Schuurtent-Cavern-Bike-ETTE0756-3.jpg\",\"datePublished\":\"2016-03-17T16:28:58+00:00\",\"dateModified\":\"2020-11-18T11:51:43+00:00\",\"breadcrumb\":{\"@id\":\"https:\\\/\\\/eurotrail.info\\\/de\\\/producten\\\/zelte\\\/geraeterzelte\\\/geraetezelt-cavern-bike\\\/#breadcrumb\"},\"inLanguage\":\"de\",\"potentialAction\":[{\"@type\":\"ReadAction\",\"target\":[\"https:\\\/\\\/eurotrail.info\\\/de\\\/producten\\\/zelte\\\/geraeterzelte\\\/geraetezelt-cavern-bike\\\/\"]}]},{\"@type\":\"ImageObject\",\"inLanguage\":\"de\",\"@id\":\"https:\\\/\\\/eurotrail.info\\\/de\\\/producten\\\/zelte\\\/geraeterzelte\\\/geraetezelt-cavern-bike\\\/#primaryimage\",\"url\":\"https:\\\/\\\/eurotrail.info\\\/wp\\\/wp-content\\\/uploads\\\/2016\\\/03\\\/Eurotrail-Schuurtent-Cavern-Bike-ETTE0756-3.jpg\",\"contentUrl\":\"https:\\\/\\\/eurotrail.info\\\/wp\\\/wp-content\\\/uploads\\\/2016\\\/03\\\/Eurotrail-Schuurtent-Cavern-Bike-ETTE0756-3.jpg\",\"width\":1181,\"height\":1362,\"caption\":\"Ideale schuurtent voor fietsen of motor. Grote ingang en raam\"},{\"@type\":\"BreadcrumbList\",\"@id\":\"https:\\\/\\\/eurotrail.info\\\/de\\\/producten\\\/zelte\\\/geraeterzelte\\\/geraetezelt-cavern-bike\\\/#breadcrumb\",\"itemListElement\":[{\"@type\":\"ListItem\",\"position\":1,\"name\":\"Home\",\"item\":\"https:\\\/\\\/eurotrail.info\\\/de\\\/\"},{\"@type\":\"ListItem\",\"position\":2,\"name\":\"Produkte\",\"item\":\"https:\\\/\\\/eurotrail.info\\\/de\\\/produkte\\\/\"},{\"@type\":\"ListItem\",\"position\":3,\"name\":\"Ger\u00e4tezelt Cavern Bike\"}]},{\"@type\":\"WebSite\",\"@id\":\"https:\\\/\\\/eurotrail.info\\\/#website\",\"url\":\"https:\\\/\\\/eurotrail.info\\\/\",\"name\":\"Eurotrail\",\"description\":\"\",\"publisher\":{\"@id\":\"https:\\\/\\\/eurotrail.info\\\/#organization\"},\"potentialAction\":[{\"@type\":\"SearchAction\",\"target\":{\"@type\":\"EntryPoint\",\"urlTemplate\":\"https:\\\/\\\/eurotrail.info\\\/?s={search_term_string}\"},\"query-input\":{\"@type\":\"PropertyValueSpecification\",\"valueRequired\":true,\"valueName\":\"search_term_string\"}}],\"inLanguage\":\"de\"},{\"@type\":\"Organization\",\"@id\":\"https:\\\/\\\/eurotrail.info\\\/#organization\",\"name\":\"Eurotrail\",\"url\":\"https:\\\/\\\/eurotrail.info\\\/\",\"logo\":{\"@type\":\"ImageObject\",\"inLanguage\":\"de\",\"@id\":\"https:\\\/\\\/eurotrail.info\\\/#\\\/schema\\\/logo\\\/image\\\/\",\"url\":\"https:\\\/\\\/eurotrail.info\\\/wp\\\/wp-content\\\/uploads\\\/2023\\\/07\\\/ET-logo-quote_NL-scaled.jpg\",\"contentUrl\":\"https:\\\/\\\/eurotrail.info\\\/wp\\\/wp-content\\\/uploads\\\/2023\\\/07\\\/ET-logo-quote_NL-scaled.jpg\",\"width\":2560,\"height\":675,\"caption\":\"Eurotrail\"},\"image\":{\"@id\":\"https:\\\/\\\/eurotrail.info\\\/#\\\/schema\\\/logo\\\/image\\\/\"}}]}<\/script>\n<!-- \/ Yoast SEO plugin. -->","yoast_head_json":{"title":"Ger\u00e4tezelt Cavern Bike - Eurotrail","robots":{"index":"index","follow":"follow","max-snippet":"max-snippet:-1","max-image-preview":"max-image-preview:large","max-video-preview":"max-video-preview:-1"},"canonical":"https:\/\/eurotrail.info\/de\/producten\/zelte\/geraeterzelte\/geraetezelt-cavern-bike\/","og_locale":"de_DE","og_type":"article","og_title":"Ger\u00e4tezelt Cavern Bike - Eurotrail","og_description":"Praktisches Ger\u00e4tezelt f\u00fcr verschiedene Einsatzm\u00f6glichkeiten. Das Ger\u00e4tezelt bietet viel Staufl\u00e4che und ist leicht aufzubauen. Der Eingang in der Vorwand ist nach oben rollbar. Auf der&hellip;","og_url":"https:\/\/eurotrail.info\/de\/producten\/zelte\/geraeterzelte\/geraetezelt-cavern-bike\/","og_site_name":"Eurotrail","article_modified_time":"2020-11-18T11:51:43+00:00","og_image":[{"width":1181,"height":1362,"url":"https:\/\/eurotrail.info\/wp\/wp-content\/uploads\/2016\/03\/Eurotrail-Schuurtent-Cavern-Bike-ETTE0756-3.jpg","type":"image\/jpeg"}],"twitter_card":"summary_large_image","schema":{"@context":"https:\/\/schema.org","@graph":[{"@type":"WebPage","@id":"https:\/\/eurotrail.info\/de\/producten\/zelte\/geraeterzelte\/geraetezelt-cavern-bike\/","url":"https:\/\/eurotrail.info\/de\/producten\/zelte\/geraeterzelte\/geraetezelt-cavern-bike\/","name":"Ger\u00e4tezelt Cavern Bike - Eurotrail","isPartOf":{"@id":"https:\/\/eurotrail.info\/#website"},"primaryImageOfPage":{"@id":"https:\/\/eurotrail.info\/de\/producten\/zelte\/geraeterzelte\/geraetezelt-cavern-bike\/#primaryimage"},"image":{"@id":"https:\/\/eurotrail.info\/de\/producten\/zelte\/geraeterzelte\/geraetezelt-cavern-bike\/#primaryimage"},"thumbnailUrl":"https:\/\/eurotrail.info\/wp\/wp-content\/uploads\/2016\/03\/Eurotrail-Schuurtent-Cavern-Bike-ETTE0756-3.jpg","datePublished":"2016-03-17T16:28:58+00:00","dateModified":"2020-11-18T11:51:43+00:00","breadcrumb":{"@id":"https:\/\/eurotrail.info\/de\/producten\/zelte\/geraeterzelte\/geraetezelt-cavern-bike\/#breadcrumb"},"inLanguage":"de","potentialAction":[{"@type":"ReadAction","target":["https:\/\/eurotrail.info\/de\/producten\/zelte\/geraeterzelte\/geraetezelt-cavern-bike\/"]}]},{"@type":"ImageObject","inLanguage":"de","@id":"https:\/\/eurotrail.info\/de\/producten\/zelte\/geraeterzelte\/geraetezelt-cavern-bike\/#primaryimage","url":"https:\/\/eurotrail.info\/wp\/wp-content\/uploads\/2016\/03\/Eurotrail-Schuurtent-Cavern-Bike-ETTE0756-3.jpg","contentUrl":"https:\/\/eurotrail.info\/wp\/wp-content\/uploads\/2016\/03\/Eurotrail-Schuurtent-Cavern-Bike-ETTE0756-3.jpg","width":1181,"height":1362,"caption":"Ideale schuurtent voor fietsen of motor. Grote ingang en raam"},{"@type":"BreadcrumbList","@id":"https:\/\/eurotrail.info\/de\/producten\/zelte\/geraeterzelte\/geraetezelt-cavern-bike\/#breadcrumb","itemListElement":[{"@type":"ListItem","position":1,"name":"Home","item":"https:\/\/eurotrail.info\/de\/"},{"@type":"ListItem","position":2,"name":"Produkte","item":"https:\/\/eurotrail.info\/de\/produkte\/"},{"@type":"ListItem","position":3,"name":"Ger\u00e4tezelt Cavern Bike"}]},{"@type":"WebSite","@id":"https:\/\/eurotrail.info\/#website","url":"https:\/\/eurotrail.info\/","name":"Eurotrail","description":"","publisher":{"@id":"https:\/\/eurotrail.info\/#organization"},"potentialAction":[{"@type":"SearchAction","target":{"@type":"EntryPoint","urlTemplate":"https:\/\/eurotrail.info\/?s={search_term_string}"},"query-input":{"@type":"PropertyValueSpecification","valueRequired":true,"valueName":"search_term_string"}}],"inLanguage":"de"},{"@type":"Organization","@id":"https:\/\/eurotrail.info\/#organization","name":"Eurotrail","url":"https:\/\/eurotrail.info\/","logo":{"@type":"ImageObject","inLanguage":"de","@id":"https:\/\/eurotrail.info\/#\/schema\/logo\/image\/","url":"https:\/\/eurotrail.info\/wp\/wp-content\/uploads\/2023\/07\/ET-logo-quote_NL-scaled.jpg","contentUrl":"https:\/\/eurotrail.info\/wp\/wp-content\/uploads\/2023\/07\/ET-logo-quote_NL-scaled.jpg","width":2560,"height":675,"caption":"Eurotrail"},"image":{"@id":"https:\/\/eurotrail.info\/#\/schema\/logo\/image\/"}}]}},"_links":{"self":[{"href":"https:\/\/eurotrail.info\/de\/wp-json\/wp\/v2\/product\/3849","targetHints":{"allow":["GET"]}}],"collection":[{"href":"https:\/\/eurotrail.info\/de\/wp-json\/wp\/v2\/product"}],"about":[{"href":"https:\/\/eurotrail.info\/de\/wp-json\/wp\/v2\/types\/product"}],"replies":[{"embeddable":true,"href":"https:\/\/eurotrail.info\/de\/wp-json\/wp\/v2\/comments?post=3849"}],"wp:featuredmedia":[{"embeddable":true,"href":"https:\/\/eurotrail.info\/de\/wp-json\/wp\/v2\/media\/2075"}],"wp:attachment":[{"href":"https:\/\/eurotrail.info\/de\/wp-json\/wp\/v2\/media?parent=3849"}],"wp:term":[{"taxonomy":"product_brand","embeddable":true,"href":"https:\/\/eurotrail.info\/de\/wp-json\/wp\/v2\/product_brand?post=3849"},{"taxonomy":"product_cat","embeddable":true,"href":"https:\/\/eurotrail.info\/de\/wp-json\/wp\/v2\/product_cat?post=3849"},{"taxonomy":"product_tag","embeddable":true,"href":"https:\/\/eurotrail.info\/de\/wp-json\/wp\/v2\/product_tag?post=3849"}],"curies":[{"name":"wp","href":"https:\/\/api.w.org\/{rel}","templated":true}]}}