{"id":3853,"date":"2016-03-17T17:15:12","date_gmt":"2016-03-17T16:15:12","guid":{"rendered":"http:\/\/preview.eurotrail.info\/producten\/geraetezelt-cavern-1\/"},"modified":"2016-03-17T17:15:12","modified_gmt":"2016-03-17T16:15:12","slug":"geraetezelt-cavern-1","status":"publish","type":"product","link":"https:\/\/eurotrail.info\/de\/producten\/zelte\/geraeterzelte\/geraetezelt-cavern-1\/","title":{"rendered":"Ger\u00e4tezelt Cavern 1"},"content":{"rendered":"<p>Ger\u00e4tezelt mit festem Boden aus PVC mit starkem \u00d8 22mm Stalhgest\u00e4nge. Ein Muss f\u00fcr jeden Dauercamper! Viel Staufl\u00e4che, leichtem Aufbau, 3 Gro\u00dfes Bel\u00fcftungsfenster.<\/p>\n<p>Grosse: 240x130x160\/188cm<br \/>\nAu\u03b2enzelt: 100% Polyester\/PVC<br \/>\nBoden: 100% Polyester\/PVC<br \/>\nGest\u00e4nge: \u00d8 22mm Stahlrohr<br \/>\nGewicht: 20 kg.<br \/>\nPackmass: 130x35cm<\/p>\n","protected":false},"excerpt":{"rendered":"<p>Ger\u00e4tezelt mit festem Boden aus PVC mit starkem \u00d8 22mm Stalhgest\u00e4nge. Ein Muss f\u00fcr jeden Dauercamper! Viel Staufl\u00e4che, leichtem Aufbau, 3 Gro\u00dfes Bel\u00fcftungsfenster. Grosse: 240x130x160\/188cm&hellip;<\/p>\n","protected":false},"featured_media":2071,"comment_status":"open","ping_status":"closed","template":"","meta":{"_acf_changed":false},"product_brand":[],"product_cat":[100],"product_tag":[],"class_list":{"0":"post-3853","1":"product","2":"type-product","3":"status-publish","4":"has-post-thumbnail","6":"product_cat-geraeterzelte","8":"first","9":"instock","10":"shipping-taxable","11":"product-type-simple"},"acf":[],"yoast_head":"<!-- This site is optimized with the Yoast SEO plugin v27.4 - https:\/\/yoast.com\/product\/yoast-seo-wordpress\/ -->\n<title>Ger\u00e4tezelt Cavern 1 - Eurotrail<\/title>\n<meta name=\"robots\" content=\"index, follow, max-snippet:-1, max-image-preview:large, max-video-preview:-1\" \/>\n<link rel=\"canonical\" href=\"https:\/\/eurotrail.info\/de\/producten\/zelte\/geraeterzelte\/geraetezelt-cavern-1\/\" \/>\n<meta property=\"og:locale\" content=\"de_DE\" \/>\n<meta property=\"og:type\" content=\"article\" \/>\n<meta property=\"og:title\" content=\"Ger\u00e4tezelt Cavern 1 - Eurotrail\" \/>\n<meta property=\"og:description\" content=\"Ger\u00e4tezelt mit festem Boden aus PVC mit starkem \u00d8 22mm Stalhgest\u00e4nge. Ein Muss f\u00fcr jeden Dauercamper! Viel Staufl\u00e4che, leichtem Aufbau, 3 Gro\u00dfes Bel\u00fcftungsfenster. Grosse: 240x130x160\/188cm&hellip;\" \/>\n<meta property=\"og:url\" content=\"https:\/\/eurotrail.info\/de\/producten\/zelte\/geraeterzelte\/geraetezelt-cavern-1\/\" \/>\n<meta property=\"og:site_name\" content=\"Eurotrail\" \/>\n<meta property=\"og:image\" content=\"https:\/\/eurotrail.info\/wp\/wp-content\/uploads\/2016\/03\/Eurotrail-schuurtent-Cavern-1-ETTE0751-2.jpg\" \/>\n\t<meta property=\"og:image:width\" content=\"1654\" \/>\n\t<meta property=\"og:image:height\" content=\"1094\" \/>\n\t<meta property=\"og:image:type\" content=\"image\/jpeg\" \/>\n<meta name=\"twitter:card\" content=\"summary_large_image\" \/>\n<script type=\"application\/ld+json\" class=\"yoast-schema-graph\">{\"@context\":\"https:\\\/\\\/schema.org\",\"@graph\":[{\"@type\":\"WebPage\",\"@id\":\"https:\\\/\\\/eurotrail.info\\\/de\\\/producten\\\/zelte\\\/geraeterzelte\\\/geraetezelt-cavern-1\\\/\",\"url\":\"https:\\\/\\\/eurotrail.info\\\/de\\\/producten\\\/zelte\\\/geraeterzelte\\\/geraetezelt-cavern-1\\\/\",\"name\":\"Ger\u00e4tezelt Cavern 1 - Eurotrail\",\"isPartOf\":{\"@id\":\"https:\\\/\\\/eurotrail.info\\\/#website\"},\"primaryImageOfPage\":{\"@id\":\"https:\\\/\\\/eurotrail.info\\\/de\\\/producten\\\/zelte\\\/geraeterzelte\\\/geraetezelt-cavern-1\\\/#primaryimage\"},\"image\":{\"@id\":\"https:\\\/\\\/eurotrail.info\\\/de\\\/producten\\\/zelte\\\/geraeterzelte\\\/geraetezelt-cavern-1\\\/#primaryimage\"},\"thumbnailUrl\":\"https:\\\/\\\/eurotrail.info\\\/wp\\\/wp-content\\\/uploads\\\/2016\\\/03\\\/Eurotrail-schuurtent-Cavern-1-ETTE0751-2.jpg\",\"datePublished\":\"2016-03-17T16:15:12+00:00\",\"breadcrumb\":{\"@id\":\"https:\\\/\\\/eurotrail.info\\\/de\\\/producten\\\/zelte\\\/geraeterzelte\\\/geraetezelt-cavern-1\\\/#breadcrumb\"},\"inLanguage\":\"de\",\"potentialAction\":[{\"@type\":\"ReadAction\",\"target\":[\"https:\\\/\\\/eurotrail.info\\\/de\\\/producten\\\/zelte\\\/geraeterzelte\\\/geraetezelt-cavern-1\\\/\"]}]},{\"@type\":\"ImageObject\",\"inLanguage\":\"de\",\"@id\":\"https:\\\/\\\/eurotrail.info\\\/de\\\/producten\\\/zelte\\\/geraeterzelte\\\/geraetezelt-cavern-1\\\/#primaryimage\",\"url\":\"https:\\\/\\\/eurotrail.info\\\/wp\\\/wp-content\\\/uploads\\\/2016\\\/03\\\/Eurotrail-schuurtent-Cavern-1-ETTE0751-2.jpg\",\"contentUrl\":\"https:\\\/\\\/eurotrail.info\\\/wp\\\/wp-content\\\/uploads\\\/2016\\\/03\\\/Eurotrail-schuurtent-Cavern-1-ETTE0751-2.jpg\",\"width\":1654,\"height\":1094,\"caption\":\"Robuuste schuur of bagage tent. vervaardigd van PVC materiaal en voorzien van vaste stevige PVC bodem.\"},{\"@type\":\"BreadcrumbList\",\"@id\":\"https:\\\/\\\/eurotrail.info\\\/de\\\/producten\\\/zelte\\\/geraeterzelte\\\/geraetezelt-cavern-1\\\/#breadcrumb\",\"itemListElement\":[{\"@type\":\"ListItem\",\"position\":1,\"name\":\"Home\",\"item\":\"https:\\\/\\\/eurotrail.info\\\/de\\\/\"},{\"@type\":\"ListItem\",\"position\":2,\"name\":\"Produkte\",\"item\":\"https:\\\/\\\/eurotrail.info\\\/de\\\/produkte\\\/\"},{\"@type\":\"ListItem\",\"position\":3,\"name\":\"Ger\u00e4tezelt Cavern 1\"}]},{\"@type\":\"WebSite\",\"@id\":\"https:\\\/\\\/eurotrail.info\\\/#website\",\"url\":\"https:\\\/\\\/eurotrail.info\\\/\",\"name\":\"Eurotrail\",\"description\":\"\",\"publisher\":{\"@id\":\"https:\\\/\\\/eurotrail.info\\\/#organization\"},\"potentialAction\":[{\"@type\":\"SearchAction\",\"target\":{\"@type\":\"EntryPoint\",\"urlTemplate\":\"https:\\\/\\\/eurotrail.info\\\/?s={search_term_string}\"},\"query-input\":{\"@type\":\"PropertyValueSpecification\",\"valueRequired\":true,\"valueName\":\"search_term_string\"}}],\"inLanguage\":\"de\"},{\"@type\":\"Organization\",\"@id\":\"https:\\\/\\\/eurotrail.info\\\/#organization\",\"name\":\"Eurotrail\",\"url\":\"https:\\\/\\\/eurotrail.info\\\/\",\"logo\":{\"@type\":\"ImageObject\",\"inLanguage\":\"de\",\"@id\":\"https:\\\/\\\/eurotrail.info\\\/#\\\/schema\\\/logo\\\/image\\\/\",\"url\":\"https:\\\/\\\/eurotrail.info\\\/wp\\\/wp-content\\\/uploads\\\/2023\\\/07\\\/ET-logo-quote_NL-scaled.jpg\",\"contentUrl\":\"https:\\\/\\\/eurotrail.info\\\/wp\\\/wp-content\\\/uploads\\\/2023\\\/07\\\/ET-logo-quote_NL-scaled.jpg\",\"width\":2560,\"height\":675,\"caption\":\"Eurotrail\"},\"image\":{\"@id\":\"https:\\\/\\\/eurotrail.info\\\/#\\\/schema\\\/logo\\\/image\\\/\"}}]}<\/script>\n<!-- \/ Yoast SEO plugin. -->","yoast_head_json":{"title":"Ger\u00e4tezelt Cavern 1 - Eurotrail","robots":{"index":"index","follow":"follow","max-snippet":"max-snippet:-1","max-image-preview":"max-image-preview:large","max-video-preview":"max-video-preview:-1"},"canonical":"https:\/\/eurotrail.info\/de\/producten\/zelte\/geraeterzelte\/geraetezelt-cavern-1\/","og_locale":"de_DE","og_type":"article","og_title":"Ger\u00e4tezelt Cavern 1 - Eurotrail","og_description":"Ger\u00e4tezelt mit festem Boden aus PVC mit starkem \u00d8 22mm Stalhgest\u00e4nge. Ein Muss f\u00fcr jeden Dauercamper! Viel Staufl\u00e4che, leichtem Aufbau, 3 Gro\u00dfes Bel\u00fcftungsfenster. Grosse: 240x130x160\/188cm&hellip;","og_url":"https:\/\/eurotrail.info\/de\/producten\/zelte\/geraeterzelte\/geraetezelt-cavern-1\/","og_site_name":"Eurotrail","og_image":[{"width":1654,"height":1094,"url":"https:\/\/eurotrail.info\/wp\/wp-content\/uploads\/2016\/03\/Eurotrail-schuurtent-Cavern-1-ETTE0751-2.jpg","type":"image\/jpeg"}],"twitter_card":"summary_large_image","schema":{"@context":"https:\/\/schema.org","@graph":[{"@type":"WebPage","@id":"https:\/\/eurotrail.info\/de\/producten\/zelte\/geraeterzelte\/geraetezelt-cavern-1\/","url":"https:\/\/eurotrail.info\/de\/producten\/zelte\/geraeterzelte\/geraetezelt-cavern-1\/","name":"Ger\u00e4tezelt Cavern 1 - Eurotrail","isPartOf":{"@id":"https:\/\/eurotrail.info\/#website"},"primaryImageOfPage":{"@id":"https:\/\/eurotrail.info\/de\/producten\/zelte\/geraeterzelte\/geraetezelt-cavern-1\/#primaryimage"},"image":{"@id":"https:\/\/eurotrail.info\/de\/producten\/zelte\/geraeterzelte\/geraetezelt-cavern-1\/#primaryimage"},"thumbnailUrl":"https:\/\/eurotrail.info\/wp\/wp-content\/uploads\/2016\/03\/Eurotrail-schuurtent-Cavern-1-ETTE0751-2.jpg","datePublished":"2016-03-17T16:15:12+00:00","breadcrumb":{"@id":"https:\/\/eurotrail.info\/de\/producten\/zelte\/geraeterzelte\/geraetezelt-cavern-1\/#breadcrumb"},"inLanguage":"de","potentialAction":[{"@type":"ReadAction","target":["https:\/\/eurotrail.info\/de\/producten\/zelte\/geraeterzelte\/geraetezelt-cavern-1\/"]}]},{"@type":"ImageObject","inLanguage":"de","@id":"https:\/\/eurotrail.info\/de\/producten\/zelte\/geraeterzelte\/geraetezelt-cavern-1\/#primaryimage","url":"https:\/\/eurotrail.info\/wp\/wp-content\/uploads\/2016\/03\/Eurotrail-schuurtent-Cavern-1-ETTE0751-2.jpg","contentUrl":"https:\/\/eurotrail.info\/wp\/wp-content\/uploads\/2016\/03\/Eurotrail-schuurtent-Cavern-1-ETTE0751-2.jpg","width":1654,"height":1094,"caption":"Robuuste schuur of bagage tent. vervaardigd van PVC materiaal en voorzien van vaste stevige PVC bodem."},{"@type":"BreadcrumbList","@id":"https:\/\/eurotrail.info\/de\/producten\/zelte\/geraeterzelte\/geraetezelt-cavern-1\/#breadcrumb","itemListElement":[{"@type":"ListItem","position":1,"name":"Home","item":"https:\/\/eurotrail.info\/de\/"},{"@type":"ListItem","position":2,"name":"Produkte","item":"https:\/\/eurotrail.info\/de\/produkte\/"},{"@type":"ListItem","position":3,"name":"Ger\u00e4tezelt Cavern 1"}]},{"@type":"WebSite","@id":"https:\/\/eurotrail.info\/#website","url":"https:\/\/eurotrail.info\/","name":"Eurotrail","description":"","publisher":{"@id":"https:\/\/eurotrail.info\/#organization"},"potentialAction":[{"@type":"SearchAction","target":{"@type":"EntryPoint","urlTemplate":"https:\/\/eurotrail.info\/?s={search_term_string}"},"query-input":{"@type":"PropertyValueSpecification","valueRequired":true,"valueName":"search_term_string"}}],"inLanguage":"de"},{"@type":"Organization","@id":"https:\/\/eurotrail.info\/#organization","name":"Eurotrail","url":"https:\/\/eurotrail.info\/","logo":{"@type":"ImageObject","inLanguage":"de","@id":"https:\/\/eurotrail.info\/#\/schema\/logo\/image\/","url":"https:\/\/eurotrail.info\/wp\/wp-content\/uploads\/2023\/07\/ET-logo-quote_NL-scaled.jpg","contentUrl":"https:\/\/eurotrail.info\/wp\/wp-content\/uploads\/2023\/07\/ET-logo-quote_NL-scaled.jpg","width":2560,"height":675,"caption":"Eurotrail"},"image":{"@id":"https:\/\/eurotrail.info\/#\/schema\/logo\/image\/"}}]}},"_links":{"self":[{"href":"https:\/\/eurotrail.info\/de\/wp-json\/wp\/v2\/product\/3853","targetHints":{"allow":["GET"]}}],"collection":[{"href":"https:\/\/eurotrail.info\/de\/wp-json\/wp\/v2\/product"}],"about":[{"href":"https:\/\/eurotrail.info\/de\/wp-json\/wp\/v2\/types\/product"}],"replies":[{"embeddable":true,"href":"https:\/\/eurotrail.info\/de\/wp-json\/wp\/v2\/comments?post=3853"}],"wp:featuredmedia":[{"embeddable":true,"href":"https:\/\/eurotrail.info\/de\/wp-json\/wp\/v2\/media\/2071"}],"wp:attachment":[{"href":"https:\/\/eurotrail.info\/de\/wp-json\/wp\/v2\/media?parent=3853"}],"wp:term":[{"taxonomy":"product_brand","embeddable":true,"href":"https:\/\/eurotrail.info\/de\/wp-json\/wp\/v2\/product_brand?post=3853"},{"taxonomy":"product_cat","embeddable":true,"href":"https:\/\/eurotrail.info\/de\/wp-json\/wp\/v2\/product_cat?post=3853"},{"taxonomy":"product_tag","embeddable":true,"href":"https:\/\/eurotrail.info\/de\/wp-json\/wp\/v2\/product_tag?post=3853"}],"curies":[{"name":"wp","href":"https:\/\/api.w.org\/{rel}","templated":true}]}}