{"id":3955,"date":"2016-02-26T13:39:23","date_gmt":"2016-02-26T12:39:23","guid":{"rendered":"http:\/\/preview.eurotrail.info\/producten\/sonnenvordach-caravan\/"},"modified":"2024-01-19T14:39:35","modified_gmt":"2024-01-19T13:39:35","slug":"sonnenvordach-caravan","status":"publish","type":"product","link":"https:\/\/eurotrail.info\/de\/producten\/wohnwagenwohnmobilebus\/sonnendaecher\/sonnenvordach-caravan\/","title":{"rendered":"Sonnenvordach Caravan"},"content":{"rendered":"<p>Universal-Markisen f\u00fcr den Caravan.<br \/>\nErh\u00e4ltlich in verschiedene Gr\u00f6\u00dfen und aus einem robusten Polyestermaterial mit PVC-Beschichtung.<br \/>\nAlle Ecken sind verst\u00e4rkt.<br \/>\nDer Sonnensegel ist 240 cm tief und wird geliefert inkl Aufbewahtasche.<\/p>\n<p>Die Sonnensegel sind neben eine 7mm ausgestattet mit einem extra 6mm Keder. Diese 6mm Keder ist f\u00fcr das schraubenfreie Wohnwagenbeschlag (nicht im Lieferumfang eingebriffen), woran man eine zus\u00e4tzliche Dachstange befestigen kann.<\/p>\n<p>Universelles Vorzelt f\u00fcr den Wohnwagen.<br \/>\nErh\u00e4ltlich in verschiedenen Gr\u00f6\u00dfen und aus einem robusten Polyestermaterial mit PVC-Beschichtung. Alle Ecken sind verst\u00e4rkt. Die Markise ist mit einer Tiefe von 240 cm erh\u00e4ltlich und wird inklusive einer Aufbewahrungstasche geliefert.<\/p>\n<p>Die Markisen haben eine doppelte Sehne: 7 mm + 6 mm Sehne. Diese 6-mm-Sehne kann an den speziellen Firststangen-Montagebl\u00f6cken befestigt werden. Da die Markisen gro\u00df und 240 cm tief sind, empfehlen wir die Verwendung eines U-Gestells, also eines Gestells mit Quertr\u00e4gern.<\/p>\n<p>Informationen zur Bestimmung der richtigen Gr\u00f6\u00dfe finden Sie unter den folgenden Links<br \/>\n<a href=\"https:\/\/eurotrail.info\/wp\/wp-content\/uploads\/2016\/02\/Manual-Caravan-awning-ETCT0001-DE.pdf\">Gebrauchsanweisung Caravan-Markise ETCT0001<\/a><\/p>\n<p>Optional sind speziell f\u00fcr diese Markisen Seitenw\u00e4nde erh\u00e4ltlich. Die Seitenw\u00e4nde bieten Ihnen zus\u00e4tzlichen Schutz vor Regen oder Wind. Bitte erkundigen Sie sich bei Ihrem H\u00e4ndler.<a href=\"https:\/\/eurotrail.info\/de\/tenten-en-tarps\/seitenwand-fuer-wohnwagen\/\"> (ETCT0024)<\/a><\/p>\n<p>Material: 100 % Polyester mit PVC-Beschichtung.<br \/>\nVerf\u00fcgbare Gr\u00f6\u00dfen:<\/p>\n<table width=\"375\">\n<tbody>\n<tr>\n<td width=\"77\">Gr\u00f6\u00dfe<\/td>\n<td width=\"105\">Umlaufma\u00df<\/td>\n<td width=\"96\">\u00a0Stoffl\u00e4nge<\/td>\n<td width=\"96\">\u00a0Tiefe<\/td>\n<\/tr>\n<tr>\n<td width=\"77\">02<\/td>\n<td width=\"105\">660-700<\/td>\n<td width=\"96\">300<\/td>\n<td width=\"96\">240<\/td>\n<\/tr>\n<tr>\n<td width=\"77\">03<\/td>\n<td width=\"105\">700-740<\/td>\n<td width=\"96\">340<\/td>\n<td width=\"96\">240<\/td>\n<\/tr>\n<tr>\n<td width=\"77\">04<\/td>\n<td width=\"105\">740-780<\/td>\n<td width=\"96\">380<\/td>\n<td width=\"96\">240<\/td>\n<\/tr>\n<tr>\n<td width=\"77\">05<\/td>\n<td width=\"105\">780-820<\/td>\n<td width=\"96\">420<\/td>\n<td width=\"96\">240<\/td>\n<\/tr>\n<tr>\n<td width=\"77\">06<\/td>\n<td width=\"105\">820-860<\/td>\n<td width=\"96\">460<\/td>\n<td width=\"96\">240<\/td>\n<\/tr>\n<tr>\n<td width=\"77\"><strong>07<\/strong><\/td>\n<td width=\"105\"><strong>860-900<\/strong><\/td>\n<td width=\"96\">500<\/td>\n<td width=\"96\">240<\/td>\n<\/tr>\n<tr>\n<td width=\"77\">08<\/td>\n<td width=\"105\">900-940<\/td>\n<td width=\"96\">540<\/td>\n<td width=\"96\">240<\/td>\n<\/tr>\n<tr>\n<td width=\"77\">09<\/td>\n<td width=\"105\">940-980<\/td>\n<td width=\"96\">580<\/td>\n<td width=\"96\">240<\/td>\n<\/tr>\n<tr>\n<td width=\"77\">10<\/td>\n<td width=\"105\">980-1020<\/td>\n<td width=\"96\">320<\/td>\n<td width=\"96\">240<\/td>\n<\/tr>\n<tr>\n<td width=\"77\">11<\/td>\n<td width=\"105\">1020-1060<\/td>\n<td width=\"96\">660<\/td>\n<td width=\"96\">240<\/td>\n<\/tr>\n<tr>\n<td width=\"77\">12<\/td>\n<td width=\"105\">1060-1100<\/td>\n<td width=\"96\">700<\/td>\n<td width=\"96\">240<\/td>\n<\/tr>\n<\/tbody>\n<\/table>\n<p>&nbsp;<\/p>\n","protected":false},"excerpt":{"rendered":"<p>Universal-Markisen f\u00fcr den Caravan. Erh\u00e4ltlich in verschiedene Gr\u00f6\u00dfen und aus einem robusten Polyestermaterial mit PVC-Beschichtung. Alle Ecken sind verst\u00e4rkt. Der Sonnensegel ist 240 cm tief&hellip;<\/p>\n","protected":false},"featured_media":1899,"comment_status":"open","ping_status":"closed","template":"","meta":{"_acf_changed":false},"product_brand":[],"product_cat":[75],"product_tag":[],"class_list":{"0":"post-3955","1":"product","2":"type-product","3":"status-publish","4":"has-post-thumbnail","6":"product_cat-sonnendaecher","8":"first","9":"instock","10":"shipping-taxable","11":"product-type-simple"},"acf":[],"yoast_head":"<!-- This site is optimized with the Yoast SEO plugin v27.4 - https:\/\/yoast.com\/product\/yoast-seo-wordpress\/ -->\n<title>Sonnenvordach Caravan - Eurotrail<\/title>\n<meta name=\"robots\" content=\"index, follow, max-snippet:-1, max-image-preview:large, max-video-preview:-1\" \/>\n<link rel=\"canonical\" href=\"https:\/\/eurotrail.info\/de\/producten\/wohnwagenwohnmobilebus\/sonnendaecher\/sonnenvordach-caravan\/\" \/>\n<meta property=\"og:locale\" content=\"de_DE\" \/>\n<meta property=\"og:type\" content=\"article\" \/>\n<meta property=\"og:title\" content=\"Sonnenvordach Caravan - Eurotrail\" \/>\n<meta property=\"og:description\" content=\"Universal-Markisen f\u00fcr den Caravan. Erh\u00e4ltlich in verschiedene Gr\u00f6\u00dfen und aus einem robusten Polyestermaterial mit PVC-Beschichtung. Alle Ecken sind verst\u00e4rkt. Der Sonnensegel ist 240 cm tief&hellip;\" \/>\n<meta property=\"og:url\" content=\"https:\/\/eurotrail.info\/de\/producten\/wohnwagenwohnmobilebus\/sonnendaecher\/sonnenvordach-caravan\/\" \/>\n<meta property=\"og:site_name\" content=\"Eurotrail\" \/>\n<meta property=\"article:modified_time\" content=\"2024-01-19T13:39:35+00:00\" \/>\n<meta property=\"og:image\" content=\"https:\/\/eurotrail.info\/wp\/wp-content\/uploads\/2016\/02\/Eurotrail-caravan-luifel.jpg\" \/>\n\t<meta property=\"og:image:width\" content=\"2072\" \/>\n\t<meta property=\"og:image:height\" content=\"1102\" \/>\n\t<meta property=\"og:image:type\" content=\"image\/jpeg\" \/>\n<meta name=\"twitter:card\" content=\"summary_large_image\" \/>\n<meta name=\"twitter:label1\" content=\"Gesch\u00e4tzte Lesezeit\" \/>\n\t<meta name=\"twitter:data1\" content=\"2\u00a0Minuten\" \/>\n<script type=\"application\/ld+json\" class=\"yoast-schema-graph\">{\"@context\":\"https:\\\/\\\/schema.org\",\"@graph\":[{\"@type\":\"WebPage\",\"@id\":\"https:\\\/\\\/eurotrail.info\\\/de\\\/producten\\\/wohnwagenwohnmobilebus\\\/sonnendaecher\\\/sonnenvordach-caravan\\\/\",\"url\":\"https:\\\/\\\/eurotrail.info\\\/de\\\/producten\\\/wohnwagenwohnmobilebus\\\/sonnendaecher\\\/sonnenvordach-caravan\\\/\",\"name\":\"Sonnenvordach Caravan - Eurotrail\",\"isPartOf\":{\"@id\":\"https:\\\/\\\/eurotrail.info\\\/#website\"},\"primaryImageOfPage\":{\"@id\":\"https:\\\/\\\/eurotrail.info\\\/de\\\/producten\\\/wohnwagenwohnmobilebus\\\/sonnendaecher\\\/sonnenvordach-caravan\\\/#primaryimage\"},\"image\":{\"@id\":\"https:\\\/\\\/eurotrail.info\\\/de\\\/producten\\\/wohnwagenwohnmobilebus\\\/sonnendaecher\\\/sonnenvordach-caravan\\\/#primaryimage\"},\"thumbnailUrl\":\"https:\\\/\\\/eurotrail.info\\\/wp\\\/wp-content\\\/uploads\\\/2016\\\/02\\\/Eurotrail-caravan-luifel.jpg\",\"datePublished\":\"2016-02-26T12:39:23+00:00\",\"dateModified\":\"2024-01-19T13:39:35+00:00\",\"breadcrumb\":{\"@id\":\"https:\\\/\\\/eurotrail.info\\\/de\\\/producten\\\/wohnwagenwohnmobilebus\\\/sonnendaecher\\\/sonnenvordach-caravan\\\/#breadcrumb\"},\"inLanguage\":\"de\",\"potentialAction\":[{\"@type\":\"ReadAction\",\"target\":[\"https:\\\/\\\/eurotrail.info\\\/de\\\/producten\\\/wohnwagenwohnmobilebus\\\/sonnendaecher\\\/sonnenvordach-caravan\\\/\"]}]},{\"@type\":\"ImageObject\",\"inLanguage\":\"de\",\"@id\":\"https:\\\/\\\/eurotrail.info\\\/de\\\/producten\\\/wohnwagenwohnmobilebus\\\/sonnendaecher\\\/sonnenvordach-caravan\\\/#primaryimage\",\"url\":\"https:\\\/\\\/eurotrail.info\\\/wp\\\/wp-content\\\/uploads\\\/2016\\\/02\\\/Eurotrail-caravan-luifel.jpg\",\"contentUrl\":\"https:\\\/\\\/eurotrail.info\\\/wp\\\/wp-content\\\/uploads\\\/2016\\\/02\\\/Eurotrail-caravan-luifel.jpg\",\"width\":2072,\"height\":1102,\"caption\":\"Sonnedach Combi f\u00fcr Caravan oder Vorzelt.\"},{\"@type\":\"BreadcrumbList\",\"@id\":\"https:\\\/\\\/eurotrail.info\\\/de\\\/producten\\\/wohnwagenwohnmobilebus\\\/sonnendaecher\\\/sonnenvordach-caravan\\\/#breadcrumb\",\"itemListElement\":[{\"@type\":\"ListItem\",\"position\":1,\"name\":\"Home\",\"item\":\"https:\\\/\\\/eurotrail.info\\\/de\\\/\"},{\"@type\":\"ListItem\",\"position\":2,\"name\":\"Produkte\",\"item\":\"https:\\\/\\\/eurotrail.info\\\/de\\\/produkte\\\/\"},{\"@type\":\"ListItem\",\"position\":3,\"name\":\"Sonnenvordach Caravan\"}]},{\"@type\":\"WebSite\",\"@id\":\"https:\\\/\\\/eurotrail.info\\\/#website\",\"url\":\"https:\\\/\\\/eurotrail.info\\\/\",\"name\":\"Eurotrail\",\"description\":\"\",\"publisher\":{\"@id\":\"https:\\\/\\\/eurotrail.info\\\/#organization\"},\"potentialAction\":[{\"@type\":\"SearchAction\",\"target\":{\"@type\":\"EntryPoint\",\"urlTemplate\":\"https:\\\/\\\/eurotrail.info\\\/?s={search_term_string}\"},\"query-input\":{\"@type\":\"PropertyValueSpecification\",\"valueRequired\":true,\"valueName\":\"search_term_string\"}}],\"inLanguage\":\"de\"},{\"@type\":\"Organization\",\"@id\":\"https:\\\/\\\/eurotrail.info\\\/#organization\",\"name\":\"Eurotrail\",\"url\":\"https:\\\/\\\/eurotrail.info\\\/\",\"logo\":{\"@type\":\"ImageObject\",\"inLanguage\":\"de\",\"@id\":\"https:\\\/\\\/eurotrail.info\\\/#\\\/schema\\\/logo\\\/image\\\/\",\"url\":\"https:\\\/\\\/eurotrail.info\\\/wp\\\/wp-content\\\/uploads\\\/2023\\\/07\\\/ET-logo-quote_NL-scaled.jpg\",\"contentUrl\":\"https:\\\/\\\/eurotrail.info\\\/wp\\\/wp-content\\\/uploads\\\/2023\\\/07\\\/ET-logo-quote_NL-scaled.jpg\",\"width\":2560,\"height\":675,\"caption\":\"Eurotrail\"},\"image\":{\"@id\":\"https:\\\/\\\/eurotrail.info\\\/#\\\/schema\\\/logo\\\/image\\\/\"}}]}<\/script>\n<!-- \/ Yoast SEO plugin. -->","yoast_head_json":{"title":"Sonnenvordach Caravan - Eurotrail","robots":{"index":"index","follow":"follow","max-snippet":"max-snippet:-1","max-image-preview":"max-image-preview:large","max-video-preview":"max-video-preview:-1"},"canonical":"https:\/\/eurotrail.info\/de\/producten\/wohnwagenwohnmobilebus\/sonnendaecher\/sonnenvordach-caravan\/","og_locale":"de_DE","og_type":"article","og_title":"Sonnenvordach Caravan - Eurotrail","og_description":"Universal-Markisen f\u00fcr den Caravan. Erh\u00e4ltlich in verschiedene Gr\u00f6\u00dfen und aus einem robusten Polyestermaterial mit PVC-Beschichtung. Alle Ecken sind verst\u00e4rkt. Der Sonnensegel ist 240 cm tief&hellip;","og_url":"https:\/\/eurotrail.info\/de\/producten\/wohnwagenwohnmobilebus\/sonnendaecher\/sonnenvordach-caravan\/","og_site_name":"Eurotrail","article_modified_time":"2024-01-19T13:39:35+00:00","og_image":[{"width":2072,"height":1102,"url":"https:\/\/eurotrail.info\/wp\/wp-content\/uploads\/2016\/02\/Eurotrail-caravan-luifel.jpg","type":"image\/jpeg"}],"twitter_card":"summary_large_image","twitter_misc":{"Gesch\u00e4tzte Lesezeit":"2\u00a0Minuten"},"schema":{"@context":"https:\/\/schema.org","@graph":[{"@type":"WebPage","@id":"https:\/\/eurotrail.info\/de\/producten\/wohnwagenwohnmobilebus\/sonnendaecher\/sonnenvordach-caravan\/","url":"https:\/\/eurotrail.info\/de\/producten\/wohnwagenwohnmobilebus\/sonnendaecher\/sonnenvordach-caravan\/","name":"Sonnenvordach Caravan - Eurotrail","isPartOf":{"@id":"https:\/\/eurotrail.info\/#website"},"primaryImageOfPage":{"@id":"https:\/\/eurotrail.info\/de\/producten\/wohnwagenwohnmobilebus\/sonnendaecher\/sonnenvordach-caravan\/#primaryimage"},"image":{"@id":"https:\/\/eurotrail.info\/de\/producten\/wohnwagenwohnmobilebus\/sonnendaecher\/sonnenvordach-caravan\/#primaryimage"},"thumbnailUrl":"https:\/\/eurotrail.info\/wp\/wp-content\/uploads\/2016\/02\/Eurotrail-caravan-luifel.jpg","datePublished":"2016-02-26T12:39:23+00:00","dateModified":"2024-01-19T13:39:35+00:00","breadcrumb":{"@id":"https:\/\/eurotrail.info\/de\/producten\/wohnwagenwohnmobilebus\/sonnendaecher\/sonnenvordach-caravan\/#breadcrumb"},"inLanguage":"de","potentialAction":[{"@type":"ReadAction","target":["https:\/\/eurotrail.info\/de\/producten\/wohnwagenwohnmobilebus\/sonnendaecher\/sonnenvordach-caravan\/"]}]},{"@type":"ImageObject","inLanguage":"de","@id":"https:\/\/eurotrail.info\/de\/producten\/wohnwagenwohnmobilebus\/sonnendaecher\/sonnenvordach-caravan\/#primaryimage","url":"https:\/\/eurotrail.info\/wp\/wp-content\/uploads\/2016\/02\/Eurotrail-caravan-luifel.jpg","contentUrl":"https:\/\/eurotrail.info\/wp\/wp-content\/uploads\/2016\/02\/Eurotrail-caravan-luifel.jpg","width":2072,"height":1102,"caption":"Sonnedach Combi f\u00fcr Caravan oder Vorzelt."},{"@type":"BreadcrumbList","@id":"https:\/\/eurotrail.info\/de\/producten\/wohnwagenwohnmobilebus\/sonnendaecher\/sonnenvordach-caravan\/#breadcrumb","itemListElement":[{"@type":"ListItem","position":1,"name":"Home","item":"https:\/\/eurotrail.info\/de\/"},{"@type":"ListItem","position":2,"name":"Produkte","item":"https:\/\/eurotrail.info\/de\/produkte\/"},{"@type":"ListItem","position":3,"name":"Sonnenvordach Caravan"}]},{"@type":"WebSite","@id":"https:\/\/eurotrail.info\/#website","url":"https:\/\/eurotrail.info\/","name":"Eurotrail","description":"","publisher":{"@id":"https:\/\/eurotrail.info\/#organization"},"potentialAction":[{"@type":"SearchAction","target":{"@type":"EntryPoint","urlTemplate":"https:\/\/eurotrail.info\/?s={search_term_string}"},"query-input":{"@type":"PropertyValueSpecification","valueRequired":true,"valueName":"search_term_string"}}],"inLanguage":"de"},{"@type":"Organization","@id":"https:\/\/eurotrail.info\/#organization","name":"Eurotrail","url":"https:\/\/eurotrail.info\/","logo":{"@type":"ImageObject","inLanguage":"de","@id":"https:\/\/eurotrail.info\/#\/schema\/logo\/image\/","url":"https:\/\/eurotrail.info\/wp\/wp-content\/uploads\/2023\/07\/ET-logo-quote_NL-scaled.jpg","contentUrl":"https:\/\/eurotrail.info\/wp\/wp-content\/uploads\/2023\/07\/ET-logo-quote_NL-scaled.jpg","width":2560,"height":675,"caption":"Eurotrail"},"image":{"@id":"https:\/\/eurotrail.info\/#\/schema\/logo\/image\/"}}]}},"_links":{"self":[{"href":"https:\/\/eurotrail.info\/de\/wp-json\/wp\/v2\/product\/3955","targetHints":{"allow":["GET"]}}],"collection":[{"href":"https:\/\/eurotrail.info\/de\/wp-json\/wp\/v2\/product"}],"about":[{"href":"https:\/\/eurotrail.info\/de\/wp-json\/wp\/v2\/types\/product"}],"replies":[{"embeddable":true,"href":"https:\/\/eurotrail.info\/de\/wp-json\/wp\/v2\/comments?post=3955"}],"wp:featuredmedia":[{"embeddable":true,"href":"https:\/\/eurotrail.info\/de\/wp-json\/wp\/v2\/media\/1899"}],"wp:attachment":[{"href":"https:\/\/eurotrail.info\/de\/wp-json\/wp\/v2\/media?parent=3955"}],"wp:term":[{"taxonomy":"product_brand","embeddable":true,"href":"https:\/\/eurotrail.info\/de\/wp-json\/wp\/v2\/product_brand?post=3955"},{"taxonomy":"product_cat","embeddable":true,"href":"https:\/\/eurotrail.info\/de\/wp-json\/wp\/v2\/product_cat?post=3955"},{"taxonomy":"product_tag","embeddable":true,"href":"https:\/\/eurotrail.info\/de\/wp-json\/wp\/v2\/product_tag?post=3955"}],"curies":[{"name":"wp","href":"https:\/\/api.w.org\/{rel}","templated":true}]}}