{"id":3961,"date":"2016-02-26T14:39:00","date_gmt":"2016-02-26T13:39:00","guid":{"rendered":"http:\/\/preview.eurotrail.info\/producten\/sonnendach-mit-seitenwand\/"},"modified":"2024-01-19T15:09:22","modified_gmt":"2024-01-19T14:09:22","slug":"sonnendach-mit-seitenwand","status":"publish","type":"product","link":"https:\/\/eurotrail.info\/de\/producten\/wohnwagenwohnmobilebus\/sonnendaecher\/sonnendach-mit-seitenwand\/","title":{"rendered":"Sonnendach mit Seitenwand"},"content":{"rendered":"<p>Universelles Sonnensegel mit Seitenwand (Schiebemarkise).<\/p>\n<p>Bei dieser Markise k\u00f6nnen Sie selbst entscheiden, ob Sie eine Seitenwand links oder rechts w\u00fcnschen, um windgesch\u00fctzt sitzen zu k\u00f6nnen. An verschiedenen Stellen der Markise befinden sich Ringe f\u00fcr das Gestell. Der Rahmen ist exklusiv und optional erh\u00e4ltlich. (ETSP0515 Rahmenset)<\/p>\n<p>Die 240-cm-Markisen sind mit einer Doppelkeder ausgestattet: 7 mm + 6 mm-Sehne. Diese 6-mm-Keder ist f\u00fcr die speziellen Dachstangenbl\u00f6cke vorgesehen. Da die Markise gro\u00df ist, empfehlen wir die Verwendung des U-Gestells, also mit Dachstangen. Dieser U-Rahmen sorgt daf\u00fcr, dass die Markise straff und deutlich stabiler ist.<\/p>\n<p>Um die richtige Gr\u00f6\u00dfe zu ermitteln, sehen Sie sich den folgenden Link an:<br \/>\n<a href=\"https:\/\/eurotrail.info\/wp\/wp-content\/uploads\/2016\/02\/Manual-Sonnensegel-Gross-ETCT0006-DE.pdf\">Gebrauchsanweisung Caravan-Markise ETCT0006<\/a><\/p>\n<p>Material: 100 % Polyester mit PVC-Beschichtung.<br \/>\nVerf\u00fcgbare Gr\u00f6\u00dfen:<\/p>\n<table width=\"413\">\n<tbody>\n<tr>\n<td width=\"77\">Gr\u00f6\u00dfe<\/td>\n<td width=\"144\">Umlaufma\u00df<\/td>\n<td width=\"96\">\u00a0Stoffl\u00e4nge<\/td>\n<td width=\"96\">\u00a0Tiefe<\/td>\n<\/tr>\n<tr>\n<td width=\"77\">02<\/td>\n<td width=\"144\">660-700<\/td>\n<td width=\"96\">500<\/td>\n<td width=\"96\">240<\/td>\n<\/tr>\n<tr>\n<td width=\"77\">03<\/td>\n<td width=\"144\">700-740<\/td>\n<td width=\"96\">540<\/td>\n<td width=\"96\">240<\/td>\n<\/tr>\n<tr>\n<td width=\"77\">04<\/td>\n<td width=\"144\">740-780<\/td>\n<td width=\"96\">580<\/td>\n<td width=\"96\">240<\/td>\n<\/tr>\n<tr>\n<td width=\"77\">05<\/td>\n<td width=\"144\">780-820<\/td>\n<td width=\"96\">620<\/td>\n<td width=\"96\">240<\/td>\n<\/tr>\n<tr>\n<td width=\"77\">06<\/td>\n<td width=\"144\">820-860<\/td>\n<td width=\"96\">660<\/td>\n<td width=\"96\">240<\/td>\n<\/tr>\n<tr>\n<td width=\"77\">07<\/td>\n<td width=\"144\">860-900<\/td>\n<td width=\"96\">700<\/td>\n<td width=\"96\">240<\/td>\n<\/tr>\n<tr>\n<td width=\"77\">08<\/td>\n<td width=\"144\">900-940<\/td>\n<td width=\"96\">740<\/td>\n<td width=\"96\">240<\/td>\n<\/tr>\n<tr>\n<td width=\"77\">09<\/td>\n<td width=\"144\">940-980<\/td>\n<td width=\"96\">780<\/td>\n<td width=\"96\">240<\/td>\n<\/tr>\n<tr>\n<td width=\"77\">10<\/td>\n<td width=\"144\">980-1020<\/td>\n<td width=\"96\">820<\/td>\n<td width=\"96\">240<\/td>\n<\/tr>\n<tr>\n<td width=\"77\">11<\/td>\n<td width=\"144\">1020-1060<\/td>\n<td width=\"96\">860<\/td>\n<td width=\"96\">240<\/td>\n<\/tr>\n<tr>\n<td width=\"77\">12<\/td>\n<td width=\"144\">1060-1100<\/td>\n<td width=\"96\">900<\/td>\n<td width=\"96\">240<\/td>\n<\/tr>\n<\/tbody>\n<\/table>\n<p>&nbsp;<\/p>\n","protected":false},"excerpt":{"rendered":"<p>Universelles Sonnensegel mit Seitenwand (Schiebemarkise). Bei dieser Markise k\u00f6nnen Sie selbst entscheiden, ob Sie eine Seitenwand links oder rechts w\u00fcnschen, um windgesch\u00fctzt sitzen zu k\u00f6nnen.&hellip;<\/p>\n","protected":false},"featured_media":1908,"comment_status":"open","ping_status":"closed","template":"","meta":{"_acf_changed":false},"product_brand":[],"product_cat":[75],"product_tag":[],"class_list":{"0":"post-3961","1":"product","2":"type-product","3":"status-publish","4":"has-post-thumbnail","6":"product_cat-sonnendaecher","8":"first","9":"instock","10":"shipping-taxable","11":"product-type-simple"},"acf":[],"yoast_head":"<!-- This site is optimized with the Yoast SEO plugin v27.3 - https:\/\/yoast.com\/product\/yoast-seo-wordpress\/ -->\n<title>Sonnendach mit Seitenwand - Eurotrail<\/title>\n<meta name=\"robots\" content=\"index, follow, max-snippet:-1, max-image-preview:large, max-video-preview:-1\" \/>\n<link rel=\"canonical\" href=\"https:\/\/eurotrail.info\/de\/producten\/wohnwagenwohnmobilebus\/sonnendaecher\/sonnendach-mit-seitenwand\/\" \/>\n<meta property=\"og:locale\" content=\"de_DE\" \/>\n<meta property=\"og:type\" content=\"article\" \/>\n<meta property=\"og:title\" content=\"Sonnendach mit Seitenwand - Eurotrail\" \/>\n<meta property=\"og:description\" content=\"Universelles Sonnensegel mit Seitenwand (Schiebemarkise). Bei dieser Markise k\u00f6nnen Sie selbst entscheiden, ob Sie eine Seitenwand links oder rechts w\u00fcnschen, um windgesch\u00fctzt sitzen zu k\u00f6nnen.&hellip;\" \/>\n<meta property=\"og:url\" content=\"https:\/\/eurotrail.info\/de\/producten\/wohnwagenwohnmobilebus\/sonnendaecher\/sonnendach-mit-seitenwand\/\" \/>\n<meta property=\"og:site_name\" content=\"Eurotrail\" \/>\n<meta property=\"article:modified_time\" content=\"2024-01-19T14:09:22+00:00\" \/>\n<meta property=\"og:image\" content=\"https:\/\/eurotrail.info\/wp\/wp-content\/uploads\/2016\/02\/Eurotrail-Schuifluifel-2.jpg\" \/>\n\t<meta property=\"og:image:width\" content=\"1181\" \/>\n\t<meta property=\"og:image:height\" content=\"553\" \/>\n\t<meta property=\"og:image:type\" content=\"image\/jpeg\" \/>\n<meta name=\"twitter:card\" content=\"summary_large_image\" \/>\n<meta name=\"twitter:label1\" content=\"Gesch\u00e4tzte Lesezeit\" \/>\n\t<meta name=\"twitter:data1\" content=\"2\u00a0Minuten\" \/>\n<script type=\"application\/ld+json\" class=\"yoast-schema-graph\">{\"@context\":\"https:\\\/\\\/schema.org\",\"@graph\":[{\"@type\":\"WebPage\",\"@id\":\"https:\\\/\\\/eurotrail.info\\\/de\\\/producten\\\/wohnwagenwohnmobilebus\\\/sonnendaecher\\\/sonnendach-mit-seitenwand\\\/\",\"url\":\"https:\\\/\\\/eurotrail.info\\\/de\\\/producten\\\/wohnwagenwohnmobilebus\\\/sonnendaecher\\\/sonnendach-mit-seitenwand\\\/\",\"name\":\"Sonnendach mit Seitenwand - Eurotrail\",\"isPartOf\":{\"@id\":\"https:\\\/\\\/eurotrail.info\\\/#website\"},\"primaryImageOfPage\":{\"@id\":\"https:\\\/\\\/eurotrail.info\\\/de\\\/producten\\\/wohnwagenwohnmobilebus\\\/sonnendaecher\\\/sonnendach-mit-seitenwand\\\/#primaryimage\"},\"image\":{\"@id\":\"https:\\\/\\\/eurotrail.info\\\/de\\\/producten\\\/wohnwagenwohnmobilebus\\\/sonnendaecher\\\/sonnendach-mit-seitenwand\\\/#primaryimage\"},\"thumbnailUrl\":\"https:\\\/\\\/eurotrail.info\\\/wp\\\/wp-content\\\/uploads\\\/2016\\\/02\\\/Eurotrail-Schuifluifel-2.jpg\",\"datePublished\":\"2016-02-26T13:39:00+00:00\",\"dateModified\":\"2024-01-19T14:09:22+00:00\",\"breadcrumb\":{\"@id\":\"https:\\\/\\\/eurotrail.info\\\/de\\\/producten\\\/wohnwagenwohnmobilebus\\\/sonnendaecher\\\/sonnendach-mit-seitenwand\\\/#breadcrumb\"},\"inLanguage\":\"de\",\"potentialAction\":[{\"@type\":\"ReadAction\",\"target\":[\"https:\\\/\\\/eurotrail.info\\\/de\\\/producten\\\/wohnwagenwohnmobilebus\\\/sonnendaecher\\\/sonnendach-mit-seitenwand\\\/\"]}]},{\"@type\":\"ImageObject\",\"inLanguage\":\"de\",\"@id\":\"https:\\\/\\\/eurotrail.info\\\/de\\\/producten\\\/wohnwagenwohnmobilebus\\\/sonnendaecher\\\/sonnendach-mit-seitenwand\\\/#primaryimage\",\"url\":\"https:\\\/\\\/eurotrail.info\\\/wp\\\/wp-content\\\/uploads\\\/2016\\\/02\\\/Eurotrail-Schuifluifel-2.jpg\",\"contentUrl\":\"https:\\\/\\\/eurotrail.info\\\/wp\\\/wp-content\\\/uploads\\\/2016\\\/02\\\/Eurotrail-Schuifluifel-2.jpg\",\"width\":1181,\"height\":553,\"caption\":\"Das universelle Sonnendach f\u00fcr jeder Wohnwagen. Leicht und variabel im Aufbau.\"},{\"@type\":\"BreadcrumbList\",\"@id\":\"https:\\\/\\\/eurotrail.info\\\/de\\\/producten\\\/wohnwagenwohnmobilebus\\\/sonnendaecher\\\/sonnendach-mit-seitenwand\\\/#breadcrumb\",\"itemListElement\":[{\"@type\":\"ListItem\",\"position\":1,\"name\":\"Home\",\"item\":\"https:\\\/\\\/eurotrail.info\\\/de\\\/\"},{\"@type\":\"ListItem\",\"position\":2,\"name\":\"Produkte\",\"item\":\"https:\\\/\\\/eurotrail.info\\\/de\\\/produkte\\\/\"},{\"@type\":\"ListItem\",\"position\":3,\"name\":\"Sonnendach mit Seitenwand\"}]},{\"@type\":\"WebSite\",\"@id\":\"https:\\\/\\\/eurotrail.info\\\/#website\",\"url\":\"https:\\\/\\\/eurotrail.info\\\/\",\"name\":\"Eurotrail\",\"description\":\"\",\"publisher\":{\"@id\":\"https:\\\/\\\/eurotrail.info\\\/#organization\"},\"potentialAction\":[{\"@type\":\"SearchAction\",\"target\":{\"@type\":\"EntryPoint\",\"urlTemplate\":\"https:\\\/\\\/eurotrail.info\\\/?s={search_term_string}\"},\"query-input\":{\"@type\":\"PropertyValueSpecification\",\"valueRequired\":true,\"valueName\":\"search_term_string\"}}],\"inLanguage\":\"de\"},{\"@type\":\"Organization\",\"@id\":\"https:\\\/\\\/eurotrail.info\\\/#organization\",\"name\":\"Eurotrail\",\"url\":\"https:\\\/\\\/eurotrail.info\\\/\",\"logo\":{\"@type\":\"ImageObject\",\"inLanguage\":\"de\",\"@id\":\"https:\\\/\\\/eurotrail.info\\\/#\\\/schema\\\/logo\\\/image\\\/\",\"url\":\"https:\\\/\\\/eurotrail.info\\\/wp\\\/wp-content\\\/uploads\\\/2023\\\/07\\\/ET-logo-quote_NL-scaled.jpg\",\"contentUrl\":\"https:\\\/\\\/eurotrail.info\\\/wp\\\/wp-content\\\/uploads\\\/2023\\\/07\\\/ET-logo-quote_NL-scaled.jpg\",\"width\":2560,\"height\":675,\"caption\":\"Eurotrail\"},\"image\":{\"@id\":\"https:\\\/\\\/eurotrail.info\\\/#\\\/schema\\\/logo\\\/image\\\/\"}}]}<\/script>\n<!-- \/ Yoast SEO plugin. -->","yoast_head_json":{"title":"Sonnendach mit Seitenwand - Eurotrail","robots":{"index":"index","follow":"follow","max-snippet":"max-snippet:-1","max-image-preview":"max-image-preview:large","max-video-preview":"max-video-preview:-1"},"canonical":"https:\/\/eurotrail.info\/de\/producten\/wohnwagenwohnmobilebus\/sonnendaecher\/sonnendach-mit-seitenwand\/","og_locale":"de_DE","og_type":"article","og_title":"Sonnendach mit Seitenwand - Eurotrail","og_description":"Universelles Sonnensegel mit Seitenwand (Schiebemarkise). Bei dieser Markise k\u00f6nnen Sie selbst entscheiden, ob Sie eine Seitenwand links oder rechts w\u00fcnschen, um windgesch\u00fctzt sitzen zu k\u00f6nnen.&hellip;","og_url":"https:\/\/eurotrail.info\/de\/producten\/wohnwagenwohnmobilebus\/sonnendaecher\/sonnendach-mit-seitenwand\/","og_site_name":"Eurotrail","article_modified_time":"2024-01-19T14:09:22+00:00","og_image":[{"width":1181,"height":553,"url":"https:\/\/eurotrail.info\/wp\/wp-content\/uploads\/2016\/02\/Eurotrail-Schuifluifel-2.jpg","type":"image\/jpeg"}],"twitter_card":"summary_large_image","twitter_misc":{"Gesch\u00e4tzte Lesezeit":"2\u00a0Minuten"},"schema":{"@context":"https:\/\/schema.org","@graph":[{"@type":"WebPage","@id":"https:\/\/eurotrail.info\/de\/producten\/wohnwagenwohnmobilebus\/sonnendaecher\/sonnendach-mit-seitenwand\/","url":"https:\/\/eurotrail.info\/de\/producten\/wohnwagenwohnmobilebus\/sonnendaecher\/sonnendach-mit-seitenwand\/","name":"Sonnendach mit Seitenwand - Eurotrail","isPartOf":{"@id":"https:\/\/eurotrail.info\/#website"},"primaryImageOfPage":{"@id":"https:\/\/eurotrail.info\/de\/producten\/wohnwagenwohnmobilebus\/sonnendaecher\/sonnendach-mit-seitenwand\/#primaryimage"},"image":{"@id":"https:\/\/eurotrail.info\/de\/producten\/wohnwagenwohnmobilebus\/sonnendaecher\/sonnendach-mit-seitenwand\/#primaryimage"},"thumbnailUrl":"https:\/\/eurotrail.info\/wp\/wp-content\/uploads\/2016\/02\/Eurotrail-Schuifluifel-2.jpg","datePublished":"2016-02-26T13:39:00+00:00","dateModified":"2024-01-19T14:09:22+00:00","breadcrumb":{"@id":"https:\/\/eurotrail.info\/de\/producten\/wohnwagenwohnmobilebus\/sonnendaecher\/sonnendach-mit-seitenwand\/#breadcrumb"},"inLanguage":"de","potentialAction":[{"@type":"ReadAction","target":["https:\/\/eurotrail.info\/de\/producten\/wohnwagenwohnmobilebus\/sonnendaecher\/sonnendach-mit-seitenwand\/"]}]},{"@type":"ImageObject","inLanguage":"de","@id":"https:\/\/eurotrail.info\/de\/producten\/wohnwagenwohnmobilebus\/sonnendaecher\/sonnendach-mit-seitenwand\/#primaryimage","url":"https:\/\/eurotrail.info\/wp\/wp-content\/uploads\/2016\/02\/Eurotrail-Schuifluifel-2.jpg","contentUrl":"https:\/\/eurotrail.info\/wp\/wp-content\/uploads\/2016\/02\/Eurotrail-Schuifluifel-2.jpg","width":1181,"height":553,"caption":"Das universelle Sonnendach f\u00fcr jeder Wohnwagen. Leicht und variabel im Aufbau."},{"@type":"BreadcrumbList","@id":"https:\/\/eurotrail.info\/de\/producten\/wohnwagenwohnmobilebus\/sonnendaecher\/sonnendach-mit-seitenwand\/#breadcrumb","itemListElement":[{"@type":"ListItem","position":1,"name":"Home","item":"https:\/\/eurotrail.info\/de\/"},{"@type":"ListItem","position":2,"name":"Produkte","item":"https:\/\/eurotrail.info\/de\/produkte\/"},{"@type":"ListItem","position":3,"name":"Sonnendach mit Seitenwand"}]},{"@type":"WebSite","@id":"https:\/\/eurotrail.info\/#website","url":"https:\/\/eurotrail.info\/","name":"Eurotrail","description":"","publisher":{"@id":"https:\/\/eurotrail.info\/#organization"},"potentialAction":[{"@type":"SearchAction","target":{"@type":"EntryPoint","urlTemplate":"https:\/\/eurotrail.info\/?s={search_term_string}"},"query-input":{"@type":"PropertyValueSpecification","valueRequired":true,"valueName":"search_term_string"}}],"inLanguage":"de"},{"@type":"Organization","@id":"https:\/\/eurotrail.info\/#organization","name":"Eurotrail","url":"https:\/\/eurotrail.info\/","logo":{"@type":"ImageObject","inLanguage":"de","@id":"https:\/\/eurotrail.info\/#\/schema\/logo\/image\/","url":"https:\/\/eurotrail.info\/wp\/wp-content\/uploads\/2023\/07\/ET-logo-quote_NL-scaled.jpg","contentUrl":"https:\/\/eurotrail.info\/wp\/wp-content\/uploads\/2023\/07\/ET-logo-quote_NL-scaled.jpg","width":2560,"height":675,"caption":"Eurotrail"},"image":{"@id":"https:\/\/eurotrail.info\/#\/schema\/logo\/image\/"}}]}},"_links":{"self":[{"href":"https:\/\/eurotrail.info\/de\/wp-json\/wp\/v2\/product\/3961","targetHints":{"allow":["GET"]}}],"collection":[{"href":"https:\/\/eurotrail.info\/de\/wp-json\/wp\/v2\/product"}],"about":[{"href":"https:\/\/eurotrail.info\/de\/wp-json\/wp\/v2\/types\/product"}],"replies":[{"embeddable":true,"href":"https:\/\/eurotrail.info\/de\/wp-json\/wp\/v2\/comments?post=3961"}],"wp:featuredmedia":[{"embeddable":true,"href":"https:\/\/eurotrail.info\/de\/wp-json\/wp\/v2\/media\/1908"}],"wp:attachment":[{"href":"https:\/\/eurotrail.info\/de\/wp-json\/wp\/v2\/media?parent=3961"}],"wp:term":[{"taxonomy":"product_brand","embeddable":true,"href":"https:\/\/eurotrail.info\/de\/wp-json\/wp\/v2\/product_brand?post=3961"},{"taxonomy":"product_cat","embeddable":true,"href":"https:\/\/eurotrail.info\/de\/wp-json\/wp\/v2\/product_cat?post=3961"},{"taxonomy":"product_tag","embeddable":true,"href":"https:\/\/eurotrail.info\/de\/wp-json\/wp\/v2\/product_tag?post=3961"}],"curies":[{"name":"wp","href":"https:\/\/api.w.org\/{rel}","templated":true}]}}