{"id":3964,"date":"2016-02-26T15:18:17","date_gmt":"2016-02-26T14:18:17","guid":{"rendered":"http:\/\/preview.eurotrail.info\/producten\/sonnedach-combi-fuer-caravan-oder-vorzelt\/"},"modified":"2021-11-25T13:50:14","modified_gmt":"2021-11-25T12:50:14","slug":"sonnedach-combi-fuer-caravan-oder-vorzelt","status":"publish","type":"product","link":"https:\/\/eurotrail.info\/de\/producten\/wohnwagenwohnmobilebus\/sonnendaecher\/sonnedach-combi-fuer-caravan-oder-vorzelt\/","title":{"rendered":"Sonnendach Kombi f\u00fcr Caravan oder Vorzelt"},"content":{"rendered":"<p>Sonnendach Combi f\u00fcr Caravan oder Vorzelt. Nutzen Sie es als Sonnendach an Ihrem Vorzelt oder ziehen Sie es in die Kederschiene Ihres Wohnwagens ein.<\/p>\n<p>Bei Einsatz als Sonnendach vor Ihrem Vorzelt schlagen Sie die mitgelieferten Kunststoff-\u00d6sen selbst an den entsprechenden mit PVC verst\u00e4rktem 3 Stellen ein.\u00a0(sehe Aufbauanleitung hierunter)<br \/>\nIn der Frontblende gibt es 2 Hohls\u00e4ume, damit man zus\u00e4tzliches Gest\u00e4nge montieren kann. Rechts und links an der Kederseite befindet sich jeweils ein Abspanndreieck, damit sich das Sonnendach nicht verschieben bzw. abheben kann. Zus\u00e4tzliches Werkzeug ben\u00f6tigt man nicht.<\/p>\n<p><strong>Wie montiere ich die \u00d6sen vor dem Gebrauch am Vorzelt?<\/strong><br \/>\nAuf der Aufbauskizze sehen Sie, wie Sie die richtige Vordachgr\u00f6\u00dfe f\u00fcr Ihren Wohnwagen w\u00e4hlen und <span style=\"font-size: 1rem;\">wie die \u00d6sen angebracht werden mussen.<\/span><\/p>\n<p><a href=\"https:\/\/eurotrail.info\/wp\/wp-content\/uploads\/2017\/03\/Aufbauanleidutng-Kombi-Vordach-ETCT0011.docx\">Aufbauanleidutng Kombi Vordach ETCT0011<\/a><\/p>\n<p><strong>Optional<\/strong>: Rahmenset, Seitenw\u00e4nde mit oder ohne Fenster f\u00fcr zus\u00e4tzlichen Schutz! (Sonnend\u00e1cher, Seitenwand f\u00fcr Wohnwagen)<\/p>\n<p>Material: All Weather Tex 1.7 (100% Polyester) beidseitig beschichtet<br \/>\nGewicht: 3.3 bis 6.4 kg. je nach Gr\u00f6\u03b2e<br \/>\nDachtiefe: 200cm oder 240cm<br \/>\nFabre: Grau<\/p>\n<p>Nr. \u00a0 \u00a0 \u00a0 \u00a0 Umlaufma\u03b2 A \u00a0 \u00a0 Giebelma\u03b2 B \u00a0 \u00a0 \u00a0 \u00a0 \u00a0Abmessung<br \/>\n04 \u00a0 \u00a0 \u00a0 \u00a0 \u00a0675-700cm \u00a0 \u00a0 \u00a0 \u00a0 \u00a0144-155cm \u00a0 \u00a0 \u00a0 \u00a0 \u00a0 \u00a0335x240cm<br \/>\n05 \u00a0 \u00a0 \u00a0 \u00a0 \u00a0700-725cm \u00a0 \u00a0 \u00a0 \u00a0 \u00a0156-168cm \u00a0 \u00a0 \u00a0 \u00a0 \u00a0 \u00a0361x240cm<br \/>\n06 \u00a0 \u00a0 \u00a0 \u00a0 \u00a0725-750cm \u00a0 \u00a0 \u00a0 \u00a0 \u00a0169-180cm \u00a0 \u00a0 \u00a0 \u00a0 \u00a0 \u00a0385x240cm<br \/>\n07 \u00a0 \u00a0 \u00a0 \u00a0\u00a0 750-775cm \u00a0 \u00a0 \u00a0 \u00a0 \u00a0181-193cm \u00a0 \u00a0 \u00a0 \u00a0 \u00a0 \u00a0411x240cm<br \/>\n08 \u00a0 \u00a0 \u00a0 \u00a0\u00a0 775-800cm \u00a0 \u00a0 \u00a0 \u00a0 \u00a0194-205cm \u00a0 \u00a0 \u00a0 \u00a0 \u00a0 \u00a0435x240cm<br \/>\n09 \u00a0 \u00a0 \u00a0 \u00a0 \u00a0800-825cm \u00a0 \u00a0 \u00a0 \u00a0 \u00a0206-218cm \u00a0 \u00a0 \u00a0 \u00a0 \u00a0 \u00a0461x240cm<br \/>\n10 \u00a0 \u00a0 \u00a0\u00a0 \u00a0 825-850cm \u00a0 \u00a0 \u00a0 \u00a0 \u00a0219-230cm \u00a0 \u00a0 \u00a0 \u00a0 \u00a0 \u00a0485x240cm<br \/>\n11 \u00a0 \u00a0 \u00a0 \u00a0\u00a0 850-875cm \u00a0 \u00a0 \u00a0 \u00a0 \u00a0231-243cm \u00a0 \u00a0 \u00a0 \u00a0 \u00a0 \u00a0511x240cm<br \/>\n12 \u00a0 \u00a0 \u00a0 \u00a0 \u00a0875-900cm \u00a0 \u00a0 \u00a0 \u00a0 \u00a0244-255cm \u00a0 \u00a0 \u00a0 \u00a0 \u00a0 \u00a0535x240cm<br \/>\n13 \u00a0 \u00a0 \u00a0 \u00a0 \u00a0900-925cm \u00a0 \u00a0 \u00a0 \u00a0 \u00a0256-268cm \u00a0 \u00a0 \u00a0 \u00a0 \u00a0 \u00a0561x240cm<br \/>\n14 \u00a0 \u00a0 \u00a0 \u00a0 \u00a0925-950cm \u00a0 \u00a0 \u00a0 \u00a0 \u00a0269-280cm \u00a0 \u00a0 \u00a0 \u00a0 \u00a0 \u00a0585x240cm<br \/>\n15 \u00a0 \u00a0 \u00a0 \u00a0 \u00a0950-975cm \u00a0 \u00a0 \u00a0 \u00a0 \u00a0281-293cm \u00a0 \u00a0 \u00a0 \u00a0 \u00a0 \u00a0611x240cm<br \/>\n16 \u00a0 \u00a0 \u00a0 \u00a0 975-1000cm \u00a0 \u00a0 \u00a0 \u00a0 294-307cm \u00a0 \u00a0 \u00a0 \u00a0 \u00a0 \u00a0637x240cm<br \/>\n17 \u00a0 \u00a0 \u00a0 1000-1025cm \u00a0 \u00a0 \u00a0 \u00a0 308-321cm \u00a0 \u00a0 \u00a0 \u00a0 \u00a0 \u00a0663x240cm<\/p>\n","protected":false},"excerpt":{"rendered":"<p>Sonnendach Combi f\u00fcr Caravan oder Vorzelt. Nutzen Sie es als Sonnendach an Ihrem Vorzelt oder ziehen Sie es in die Kederschiene Ihres Wohnwagens ein. Bei&hellip;<\/p>\n","protected":false},"featured_media":5939,"comment_status":"open","ping_status":"closed","template":"","meta":{"_acf_changed":false},"product_brand":[],"product_cat":[75],"product_tag":[],"class_list":{"0":"post-3964","1":"product","2":"type-product","3":"status-publish","4":"has-post-thumbnail","6":"product_cat-sonnendaecher","8":"first","9":"instock","10":"shipping-taxable","11":"product-type-simple"},"acf":[],"yoast_head":"<!-- This site is optimized with the Yoast SEO plugin v27.4 - https:\/\/yoast.com\/product\/yoast-seo-wordpress\/ -->\n<title>Sonnendach Kombi f\u00fcr Caravan oder Vorzelt - Eurotrail<\/title>\n<meta name=\"description\" content=\"Sonnendach Kombi f\u00fcr Caravan oder Vorzelt. Sonnendach an Ihrem Vorzelt oder ziehen Sie es in die Kederschiene Ihres Wohnwagens ein.\" \/>\n<meta name=\"robots\" content=\"index, follow, max-snippet:-1, max-image-preview:large, max-video-preview:-1\" \/>\n<link rel=\"canonical\" href=\"https:\/\/eurotrail.info\/de\/producten\/wohnwagenwohnmobilebus\/sonnendaecher\/sonnedach-combi-fuer-caravan-oder-vorzelt\/\" \/>\n<meta property=\"og:locale\" content=\"de_DE\" \/>\n<meta property=\"og:type\" content=\"article\" \/>\n<meta property=\"og:title\" content=\"Sonnendach Kombi f\u00fcr Caravan oder Vorzelt - Eurotrail\" \/>\n<meta property=\"og:description\" content=\"Sonnendach Kombi f\u00fcr Caravan oder Vorzelt. Sonnendach an Ihrem Vorzelt oder ziehen Sie es in die Kederschiene Ihres Wohnwagens ein.\" \/>\n<meta property=\"og:url\" content=\"https:\/\/eurotrail.info\/de\/producten\/wohnwagenwohnmobilebus\/sonnendaecher\/sonnedach-combi-fuer-caravan-oder-vorzelt\/\" \/>\n<meta property=\"og:site_name\" content=\"Eurotrail\" \/>\n<meta property=\"article:modified_time\" content=\"2021-11-25T12:50:14+00:00\" \/>\n<meta property=\"og:image\" content=\"https:\/\/eurotrail.info\/wp\/wp-content\/uploads\/2016\/02\/ETCT0011-Combi-sunroof-03-17.jpg\" \/>\n\t<meta property=\"og:image:width\" content=\"2008\" \/>\n\t<meta property=\"og:image:height\" content=\"1199\" \/>\n\t<meta property=\"og:image:type\" content=\"image\/jpeg\" \/>\n<meta name=\"twitter:card\" content=\"summary_large_image\" \/>\n<meta name=\"twitter:label1\" content=\"Gesch\u00e4tzte Lesezeit\" \/>\n\t<meta name=\"twitter:data1\" content=\"1\u00a0Minute\" \/>\n<script type=\"application\/ld+json\" class=\"yoast-schema-graph\">{\"@context\":\"https:\\\/\\\/schema.org\",\"@graph\":[{\"@type\":\"WebPage\",\"@id\":\"https:\\\/\\\/eurotrail.info\\\/de\\\/producten\\\/wohnwagenwohnmobilebus\\\/sonnendaecher\\\/sonnedach-combi-fuer-caravan-oder-vorzelt\\\/\",\"url\":\"https:\\\/\\\/eurotrail.info\\\/de\\\/producten\\\/wohnwagenwohnmobilebus\\\/sonnendaecher\\\/sonnedach-combi-fuer-caravan-oder-vorzelt\\\/\",\"name\":\"Sonnendach Kombi f\u00fcr Caravan oder Vorzelt - Eurotrail\",\"isPartOf\":{\"@id\":\"https:\\\/\\\/eurotrail.info\\\/#website\"},\"primaryImageOfPage\":{\"@id\":\"https:\\\/\\\/eurotrail.info\\\/de\\\/producten\\\/wohnwagenwohnmobilebus\\\/sonnendaecher\\\/sonnedach-combi-fuer-caravan-oder-vorzelt\\\/#primaryimage\"},\"image\":{\"@id\":\"https:\\\/\\\/eurotrail.info\\\/de\\\/producten\\\/wohnwagenwohnmobilebus\\\/sonnendaecher\\\/sonnedach-combi-fuer-caravan-oder-vorzelt\\\/#primaryimage\"},\"thumbnailUrl\":\"https:\\\/\\\/eurotrail.info\\\/wp\\\/wp-content\\\/uploads\\\/2016\\\/02\\\/ETCT0011-Combi-sunroof-03-17.jpg\",\"datePublished\":\"2016-02-26T14:18:17+00:00\",\"dateModified\":\"2021-11-25T12:50:14+00:00\",\"description\":\"Sonnendach Kombi f\u00fcr Caravan oder Vorzelt. Sonnendach an Ihrem Vorzelt oder ziehen Sie es in die Kederschiene Ihres Wohnwagens ein.\",\"breadcrumb\":{\"@id\":\"https:\\\/\\\/eurotrail.info\\\/de\\\/producten\\\/wohnwagenwohnmobilebus\\\/sonnendaecher\\\/sonnedach-combi-fuer-caravan-oder-vorzelt\\\/#breadcrumb\"},\"inLanguage\":\"de\",\"potentialAction\":[{\"@type\":\"ReadAction\",\"target\":[\"https:\\\/\\\/eurotrail.info\\\/de\\\/producten\\\/wohnwagenwohnmobilebus\\\/sonnendaecher\\\/sonnedach-combi-fuer-caravan-oder-vorzelt\\\/\"]}]},{\"@type\":\"ImageObject\",\"inLanguage\":\"de\",\"@id\":\"https:\\\/\\\/eurotrail.info\\\/de\\\/producten\\\/wohnwagenwohnmobilebus\\\/sonnendaecher\\\/sonnedach-combi-fuer-caravan-oder-vorzelt\\\/#primaryimage\",\"url\":\"https:\\\/\\\/eurotrail.info\\\/wp\\\/wp-content\\\/uploads\\\/2016\\\/02\\\/ETCT0011-Combi-sunroof-03-17.jpg\",\"contentUrl\":\"https:\\\/\\\/eurotrail.info\\\/wp\\\/wp-content\\\/uploads\\\/2016\\\/02\\\/ETCT0011-Combi-sunroof-03-17.jpg\",\"width\":2008,\"height\":1199,\"caption\":\"Sonnedach Combi f\u00fcr Caravan oder Vorzelt.\"},{\"@type\":\"BreadcrumbList\",\"@id\":\"https:\\\/\\\/eurotrail.info\\\/de\\\/producten\\\/wohnwagenwohnmobilebus\\\/sonnendaecher\\\/sonnedach-combi-fuer-caravan-oder-vorzelt\\\/#breadcrumb\",\"itemListElement\":[{\"@type\":\"ListItem\",\"position\":1,\"name\":\"Home\",\"item\":\"https:\\\/\\\/eurotrail.info\\\/de\\\/\"},{\"@type\":\"ListItem\",\"position\":2,\"name\":\"Produkte\",\"item\":\"https:\\\/\\\/eurotrail.info\\\/de\\\/produkte\\\/\"},{\"@type\":\"ListItem\",\"position\":3,\"name\":\"Sonnendach Kombi f\u00fcr Caravan oder Vorzelt\"}]},{\"@type\":\"WebSite\",\"@id\":\"https:\\\/\\\/eurotrail.info\\\/#website\",\"url\":\"https:\\\/\\\/eurotrail.info\\\/\",\"name\":\"Eurotrail\",\"description\":\"\",\"publisher\":{\"@id\":\"https:\\\/\\\/eurotrail.info\\\/#organization\"},\"potentialAction\":[{\"@type\":\"SearchAction\",\"target\":{\"@type\":\"EntryPoint\",\"urlTemplate\":\"https:\\\/\\\/eurotrail.info\\\/?s={search_term_string}\"},\"query-input\":{\"@type\":\"PropertyValueSpecification\",\"valueRequired\":true,\"valueName\":\"search_term_string\"}}],\"inLanguage\":\"de\"},{\"@type\":\"Organization\",\"@id\":\"https:\\\/\\\/eurotrail.info\\\/#organization\",\"name\":\"Eurotrail\",\"url\":\"https:\\\/\\\/eurotrail.info\\\/\",\"logo\":{\"@type\":\"ImageObject\",\"inLanguage\":\"de\",\"@id\":\"https:\\\/\\\/eurotrail.info\\\/#\\\/schema\\\/logo\\\/image\\\/\",\"url\":\"https:\\\/\\\/eurotrail.info\\\/wp\\\/wp-content\\\/uploads\\\/2023\\\/07\\\/ET-logo-quote_NL-scaled.jpg\",\"contentUrl\":\"https:\\\/\\\/eurotrail.info\\\/wp\\\/wp-content\\\/uploads\\\/2023\\\/07\\\/ET-logo-quote_NL-scaled.jpg\",\"width\":2560,\"height\":675,\"caption\":\"Eurotrail\"},\"image\":{\"@id\":\"https:\\\/\\\/eurotrail.info\\\/#\\\/schema\\\/logo\\\/image\\\/\"}}]}<\/script>\n<!-- \/ Yoast SEO plugin. -->","yoast_head_json":{"title":"Sonnendach Kombi f\u00fcr Caravan oder Vorzelt - Eurotrail","description":"Sonnendach Kombi f\u00fcr Caravan oder Vorzelt. Sonnendach an Ihrem Vorzelt oder ziehen Sie es in die Kederschiene Ihres Wohnwagens ein.","robots":{"index":"index","follow":"follow","max-snippet":"max-snippet:-1","max-image-preview":"max-image-preview:large","max-video-preview":"max-video-preview:-1"},"canonical":"https:\/\/eurotrail.info\/de\/producten\/wohnwagenwohnmobilebus\/sonnendaecher\/sonnedach-combi-fuer-caravan-oder-vorzelt\/","og_locale":"de_DE","og_type":"article","og_title":"Sonnendach Kombi f\u00fcr Caravan oder Vorzelt - Eurotrail","og_description":"Sonnendach Kombi f\u00fcr Caravan oder Vorzelt. Sonnendach an Ihrem Vorzelt oder ziehen Sie es in die Kederschiene Ihres Wohnwagens ein.","og_url":"https:\/\/eurotrail.info\/de\/producten\/wohnwagenwohnmobilebus\/sonnendaecher\/sonnedach-combi-fuer-caravan-oder-vorzelt\/","og_site_name":"Eurotrail","article_modified_time":"2021-11-25T12:50:14+00:00","og_image":[{"width":2008,"height":1199,"url":"https:\/\/eurotrail.info\/wp\/wp-content\/uploads\/2016\/02\/ETCT0011-Combi-sunroof-03-17.jpg","type":"image\/jpeg"}],"twitter_card":"summary_large_image","twitter_misc":{"Gesch\u00e4tzte Lesezeit":"1\u00a0Minute"},"schema":{"@context":"https:\/\/schema.org","@graph":[{"@type":"WebPage","@id":"https:\/\/eurotrail.info\/de\/producten\/wohnwagenwohnmobilebus\/sonnendaecher\/sonnedach-combi-fuer-caravan-oder-vorzelt\/","url":"https:\/\/eurotrail.info\/de\/producten\/wohnwagenwohnmobilebus\/sonnendaecher\/sonnedach-combi-fuer-caravan-oder-vorzelt\/","name":"Sonnendach Kombi f\u00fcr Caravan oder Vorzelt - Eurotrail","isPartOf":{"@id":"https:\/\/eurotrail.info\/#website"},"primaryImageOfPage":{"@id":"https:\/\/eurotrail.info\/de\/producten\/wohnwagenwohnmobilebus\/sonnendaecher\/sonnedach-combi-fuer-caravan-oder-vorzelt\/#primaryimage"},"image":{"@id":"https:\/\/eurotrail.info\/de\/producten\/wohnwagenwohnmobilebus\/sonnendaecher\/sonnedach-combi-fuer-caravan-oder-vorzelt\/#primaryimage"},"thumbnailUrl":"https:\/\/eurotrail.info\/wp\/wp-content\/uploads\/2016\/02\/ETCT0011-Combi-sunroof-03-17.jpg","datePublished":"2016-02-26T14:18:17+00:00","dateModified":"2021-11-25T12:50:14+00:00","description":"Sonnendach Kombi f\u00fcr Caravan oder Vorzelt. Sonnendach an Ihrem Vorzelt oder ziehen Sie es in die Kederschiene Ihres Wohnwagens ein.","breadcrumb":{"@id":"https:\/\/eurotrail.info\/de\/producten\/wohnwagenwohnmobilebus\/sonnendaecher\/sonnedach-combi-fuer-caravan-oder-vorzelt\/#breadcrumb"},"inLanguage":"de","potentialAction":[{"@type":"ReadAction","target":["https:\/\/eurotrail.info\/de\/producten\/wohnwagenwohnmobilebus\/sonnendaecher\/sonnedach-combi-fuer-caravan-oder-vorzelt\/"]}]},{"@type":"ImageObject","inLanguage":"de","@id":"https:\/\/eurotrail.info\/de\/producten\/wohnwagenwohnmobilebus\/sonnendaecher\/sonnedach-combi-fuer-caravan-oder-vorzelt\/#primaryimage","url":"https:\/\/eurotrail.info\/wp\/wp-content\/uploads\/2016\/02\/ETCT0011-Combi-sunroof-03-17.jpg","contentUrl":"https:\/\/eurotrail.info\/wp\/wp-content\/uploads\/2016\/02\/ETCT0011-Combi-sunroof-03-17.jpg","width":2008,"height":1199,"caption":"Sonnedach Combi f\u00fcr Caravan oder Vorzelt."},{"@type":"BreadcrumbList","@id":"https:\/\/eurotrail.info\/de\/producten\/wohnwagenwohnmobilebus\/sonnendaecher\/sonnedach-combi-fuer-caravan-oder-vorzelt\/#breadcrumb","itemListElement":[{"@type":"ListItem","position":1,"name":"Home","item":"https:\/\/eurotrail.info\/de\/"},{"@type":"ListItem","position":2,"name":"Produkte","item":"https:\/\/eurotrail.info\/de\/produkte\/"},{"@type":"ListItem","position":3,"name":"Sonnendach Kombi f\u00fcr Caravan oder Vorzelt"}]},{"@type":"WebSite","@id":"https:\/\/eurotrail.info\/#website","url":"https:\/\/eurotrail.info\/","name":"Eurotrail","description":"","publisher":{"@id":"https:\/\/eurotrail.info\/#organization"},"potentialAction":[{"@type":"SearchAction","target":{"@type":"EntryPoint","urlTemplate":"https:\/\/eurotrail.info\/?s={search_term_string}"},"query-input":{"@type":"PropertyValueSpecification","valueRequired":true,"valueName":"search_term_string"}}],"inLanguage":"de"},{"@type":"Organization","@id":"https:\/\/eurotrail.info\/#organization","name":"Eurotrail","url":"https:\/\/eurotrail.info\/","logo":{"@type":"ImageObject","inLanguage":"de","@id":"https:\/\/eurotrail.info\/#\/schema\/logo\/image\/","url":"https:\/\/eurotrail.info\/wp\/wp-content\/uploads\/2023\/07\/ET-logo-quote_NL-scaled.jpg","contentUrl":"https:\/\/eurotrail.info\/wp\/wp-content\/uploads\/2023\/07\/ET-logo-quote_NL-scaled.jpg","width":2560,"height":675,"caption":"Eurotrail"},"image":{"@id":"https:\/\/eurotrail.info\/#\/schema\/logo\/image\/"}}]}},"_links":{"self":[{"href":"https:\/\/eurotrail.info\/de\/wp-json\/wp\/v2\/product\/3964","targetHints":{"allow":["GET"]}}],"collection":[{"href":"https:\/\/eurotrail.info\/de\/wp-json\/wp\/v2\/product"}],"about":[{"href":"https:\/\/eurotrail.info\/de\/wp-json\/wp\/v2\/types\/product"}],"replies":[{"embeddable":true,"href":"https:\/\/eurotrail.info\/de\/wp-json\/wp\/v2\/comments?post=3964"}],"wp:featuredmedia":[{"embeddable":true,"href":"https:\/\/eurotrail.info\/de\/wp-json\/wp\/v2\/media\/5939"}],"wp:attachment":[{"href":"https:\/\/eurotrail.info\/de\/wp-json\/wp\/v2\/media?parent=3964"}],"wp:term":[{"taxonomy":"product_brand","embeddable":true,"href":"https:\/\/eurotrail.info\/de\/wp-json\/wp\/v2\/product_brand?post=3964"},{"taxonomy":"product_cat","embeddable":true,"href":"https:\/\/eurotrail.info\/de\/wp-json\/wp\/v2\/product_cat?post=3964"},{"taxonomy":"product_tag","embeddable":true,"href":"https:\/\/eurotrail.info\/de\/wp-json\/wp\/v2\/product_tag?post=3964"}],"curies":[{"name":"wp","href":"https:\/\/api.w.org\/{rel}","templated":true}]}}