{"id":3968,"date":"2016-03-08T12:37:44","date_gmt":"2016-03-08T11:37:44","guid":{"rendered":"http:\/\/preview.eurotrail.info\/producten\/fjord-autobus-vordach\/"},"modified":"2024-11-11T11:20:18","modified_gmt":"2024-11-11T10:20:18","slug":"fjord-autobus-vordach","status":"publish","type":"product","link":"https:\/\/eurotrail.info\/de\/producten\/wohnwagenwohnmobilebus\/sonnendaecher\/fjord-autobus-vordach\/","title":{"rendered":"Fjord Bus Sonnendach"},"content":{"rendered":"<p>Sonnensegel f\u00fcr Campingbusse in zwei verschiedenen Gr\u00f6ssen lieferbar: 260x240cm und 300x240cm.<\/p>\n<p>Der Sonnensegel hat einen angen\u00e4hten 7mm Kederprofil passend f\u00fcr VW-T5 (T4) mit Multirail oder \u00e4hnlicher Kederschiene. Bei Busse mit Regenrinne kann die Anbindung ans Fahrzeug auch mit Klemmstange erfolgen.<\/p>\n<p>Optional lieferbar:<br \/>\n&#8211; Fjord Seitenwand<br \/>\n&#8211; Fjord Private Room Zelt (Set mit 2 Seitenwande, Vorderwand und Dach Gest\u00e4nge Set.)<\/p>\n<p>Materiaal: All Weather Tex 2.0 (100% Polyester) UPF 50+<br \/>\nStange: \u00d8 19mm<\/p>\n<p>Lieferumfang: 3 Aufstellst\u00e4be, Schleusenstab, Abspannmaterial.<\/p>\n","protected":false},"excerpt":{"rendered":"<p>Sonnensegel f\u00fcr Campingbusse in zwei verschiedenen Gr\u00f6ssen lieferbar: 260x240cm und 300x240cm. Der Sonnensegel hat einen angen\u00e4hten 7mm Kederprofil passend f\u00fcr VW-T5 (T4) mit Multirail oder&hellip;<\/p>\n","protected":false},"featured_media":5358,"comment_status":"open","ping_status":"closed","template":"","meta":{"_acf_changed":false},"product_brand":[],"product_cat":[75],"product_tag":[],"class_list":{"0":"post-3968","1":"product","2":"type-product","3":"status-publish","4":"has-post-thumbnail","6":"product_cat-sonnendaecher","8":"first","9":"instock","10":"shipping-taxable","11":"product-type-simple"},"acf":[],"yoast_head":"<!-- This site is optimized with the Yoast SEO plugin v27.4 - https:\/\/yoast.com\/product\/yoast-seo-wordpress\/ -->\n<title>Fjord Bus Sonnendach - Eurotrail<\/title>\n<meta name=\"description\" content=\"Sonnensegel f\u00fcr Campingbusse, zwei verschiedenen Gr\u00f6ssen: 260x240cm und 300x240cm. Angen\u00e4hter Keder zum Einziehen in die Kederschiene.\" \/>\n<meta name=\"robots\" content=\"index, follow, max-snippet:-1, max-image-preview:large, max-video-preview:-1\" \/>\n<link rel=\"canonical\" href=\"https:\/\/eurotrail.info\/de\/producten\/wohnwagenwohnmobilebus\/sonnendaecher\/fjord-autobus-vordach\/\" \/>\n<meta property=\"og:locale\" content=\"de_DE\" \/>\n<meta property=\"og:type\" content=\"article\" \/>\n<meta property=\"og:title\" content=\"Fjord Bus Sonnendach - Eurotrail\" \/>\n<meta property=\"og:description\" content=\"Sonnensegel f\u00fcr Campingbusse, zwei verschiedenen Gr\u00f6ssen: 260x240cm und 300x240cm. Angen\u00e4hter Keder zum Einziehen in die Kederschiene.\" \/>\n<meta property=\"og:url\" content=\"https:\/\/eurotrail.info\/de\/producten\/wohnwagenwohnmobilebus\/sonnendaecher\/fjord-autobus-vordach\/\" \/>\n<meta property=\"og:site_name\" content=\"Eurotrail\" \/>\n<meta property=\"article:modified_time\" content=\"2024-11-11T10:20:18+00:00\" \/>\n<meta property=\"og:image\" content=\"https:\/\/eurotrail.info\/wp\/wp-content\/uploads\/2016\/03\/ETCT0133-Buscamper-awning-17.jpg\" \/>\n\t<meta property=\"og:image:width\" content=\"1376\" \/>\n\t<meta property=\"og:image:height\" content=\"898\" \/>\n\t<meta property=\"og:image:type\" content=\"image\/jpeg\" \/>\n<meta name=\"twitter:card\" content=\"summary_large_image\" \/>\n<meta name=\"twitter:label1\" content=\"Gesch\u00e4tzte Lesezeit\" \/>\n\t<meta name=\"twitter:data1\" content=\"1\u00a0Minute\" \/>\n<script type=\"application\/ld+json\" class=\"yoast-schema-graph\">{\"@context\":\"https:\\\/\\\/schema.org\",\"@graph\":[{\"@type\":\"WebPage\",\"@id\":\"https:\\\/\\\/eurotrail.info\\\/de\\\/producten\\\/wohnwagenwohnmobilebus\\\/sonnendaecher\\\/fjord-autobus-vordach\\\/\",\"url\":\"https:\\\/\\\/eurotrail.info\\\/de\\\/producten\\\/wohnwagenwohnmobilebus\\\/sonnendaecher\\\/fjord-autobus-vordach\\\/\",\"name\":\"Fjord Bus Sonnendach - Eurotrail\",\"isPartOf\":{\"@id\":\"https:\\\/\\\/eurotrail.info\\\/#website\"},\"primaryImageOfPage\":{\"@id\":\"https:\\\/\\\/eurotrail.info\\\/de\\\/producten\\\/wohnwagenwohnmobilebus\\\/sonnendaecher\\\/fjord-autobus-vordach\\\/#primaryimage\"},\"image\":{\"@id\":\"https:\\\/\\\/eurotrail.info\\\/de\\\/producten\\\/wohnwagenwohnmobilebus\\\/sonnendaecher\\\/fjord-autobus-vordach\\\/#primaryimage\"},\"thumbnailUrl\":\"https:\\\/\\\/eurotrail.info\\\/wp\\\/wp-content\\\/uploads\\\/2016\\\/03\\\/ETCT0133-Buscamper-awning-17.jpg\",\"datePublished\":\"2016-03-08T11:37:44+00:00\",\"dateModified\":\"2024-11-11T10:20:18+00:00\",\"description\":\"Sonnensegel f\u00fcr Campingbusse, zwei verschiedenen Gr\u00f6ssen: 260x240cm und 300x240cm. Angen\u00e4hter Keder zum Einziehen in die Kederschiene.\",\"breadcrumb\":{\"@id\":\"https:\\\/\\\/eurotrail.info\\\/de\\\/producten\\\/wohnwagenwohnmobilebus\\\/sonnendaecher\\\/fjord-autobus-vordach\\\/#breadcrumb\"},\"inLanguage\":\"de\",\"potentialAction\":[{\"@type\":\"ReadAction\",\"target\":[\"https:\\\/\\\/eurotrail.info\\\/de\\\/producten\\\/wohnwagenwohnmobilebus\\\/sonnendaecher\\\/fjord-autobus-vordach\\\/\"]}]},{\"@type\":\"ImageObject\",\"inLanguage\":\"de\",\"@id\":\"https:\\\/\\\/eurotrail.info\\\/de\\\/producten\\\/wohnwagenwohnmobilebus\\\/sonnendaecher\\\/fjord-autobus-vordach\\\/#primaryimage\",\"url\":\"https:\\\/\\\/eurotrail.info\\\/wp\\\/wp-content\\\/uploads\\\/2016\\\/03\\\/ETCT0133-Buscamper-awning-17.jpg\",\"contentUrl\":\"https:\\\/\\\/eurotrail.info\\\/wp\\\/wp-content\\\/uploads\\\/2016\\\/03\\\/ETCT0133-Buscamper-awning-17.jpg\",\"width\":1376,\"height\":898,\"caption\":\"Sonnensegel f\u00fcr Campingbusse\"},{\"@type\":\"BreadcrumbList\",\"@id\":\"https:\\\/\\\/eurotrail.info\\\/de\\\/producten\\\/wohnwagenwohnmobilebus\\\/sonnendaecher\\\/fjord-autobus-vordach\\\/#breadcrumb\",\"itemListElement\":[{\"@type\":\"ListItem\",\"position\":1,\"name\":\"Home\",\"item\":\"https:\\\/\\\/eurotrail.info\\\/de\\\/\"},{\"@type\":\"ListItem\",\"position\":2,\"name\":\"Produkte\",\"item\":\"https:\\\/\\\/eurotrail.info\\\/de\\\/produkte\\\/\"},{\"@type\":\"ListItem\",\"position\":3,\"name\":\"Fjord Bus Sonnendach\"}]},{\"@type\":\"WebSite\",\"@id\":\"https:\\\/\\\/eurotrail.info\\\/#website\",\"url\":\"https:\\\/\\\/eurotrail.info\\\/\",\"name\":\"Eurotrail\",\"description\":\"\",\"publisher\":{\"@id\":\"https:\\\/\\\/eurotrail.info\\\/#organization\"},\"potentialAction\":[{\"@type\":\"SearchAction\",\"target\":{\"@type\":\"EntryPoint\",\"urlTemplate\":\"https:\\\/\\\/eurotrail.info\\\/?s={search_term_string}\"},\"query-input\":{\"@type\":\"PropertyValueSpecification\",\"valueRequired\":true,\"valueName\":\"search_term_string\"}}],\"inLanguage\":\"de\"},{\"@type\":\"Organization\",\"@id\":\"https:\\\/\\\/eurotrail.info\\\/#organization\",\"name\":\"Eurotrail\",\"url\":\"https:\\\/\\\/eurotrail.info\\\/\",\"logo\":{\"@type\":\"ImageObject\",\"inLanguage\":\"de\",\"@id\":\"https:\\\/\\\/eurotrail.info\\\/#\\\/schema\\\/logo\\\/image\\\/\",\"url\":\"https:\\\/\\\/eurotrail.info\\\/wp\\\/wp-content\\\/uploads\\\/2023\\\/07\\\/ET-logo-quote_NL-scaled.jpg\",\"contentUrl\":\"https:\\\/\\\/eurotrail.info\\\/wp\\\/wp-content\\\/uploads\\\/2023\\\/07\\\/ET-logo-quote_NL-scaled.jpg\",\"width\":2560,\"height\":675,\"caption\":\"Eurotrail\"},\"image\":{\"@id\":\"https:\\\/\\\/eurotrail.info\\\/#\\\/schema\\\/logo\\\/image\\\/\"}}]}<\/script>\n<!-- \/ Yoast SEO plugin. -->","yoast_head_json":{"title":"Fjord Bus Sonnendach - Eurotrail","description":"Sonnensegel f\u00fcr Campingbusse, zwei verschiedenen Gr\u00f6ssen: 260x240cm und 300x240cm. Angen\u00e4hter Keder zum Einziehen in die Kederschiene.","robots":{"index":"index","follow":"follow","max-snippet":"max-snippet:-1","max-image-preview":"max-image-preview:large","max-video-preview":"max-video-preview:-1"},"canonical":"https:\/\/eurotrail.info\/de\/producten\/wohnwagenwohnmobilebus\/sonnendaecher\/fjord-autobus-vordach\/","og_locale":"de_DE","og_type":"article","og_title":"Fjord Bus Sonnendach - Eurotrail","og_description":"Sonnensegel f\u00fcr Campingbusse, zwei verschiedenen Gr\u00f6ssen: 260x240cm und 300x240cm. Angen\u00e4hter Keder zum Einziehen in die Kederschiene.","og_url":"https:\/\/eurotrail.info\/de\/producten\/wohnwagenwohnmobilebus\/sonnendaecher\/fjord-autobus-vordach\/","og_site_name":"Eurotrail","article_modified_time":"2024-11-11T10:20:18+00:00","og_image":[{"width":1376,"height":898,"url":"https:\/\/eurotrail.info\/wp\/wp-content\/uploads\/2016\/03\/ETCT0133-Buscamper-awning-17.jpg","type":"image\/jpeg"}],"twitter_card":"summary_large_image","twitter_misc":{"Gesch\u00e4tzte Lesezeit":"1\u00a0Minute"},"schema":{"@context":"https:\/\/schema.org","@graph":[{"@type":"WebPage","@id":"https:\/\/eurotrail.info\/de\/producten\/wohnwagenwohnmobilebus\/sonnendaecher\/fjord-autobus-vordach\/","url":"https:\/\/eurotrail.info\/de\/producten\/wohnwagenwohnmobilebus\/sonnendaecher\/fjord-autobus-vordach\/","name":"Fjord Bus Sonnendach - Eurotrail","isPartOf":{"@id":"https:\/\/eurotrail.info\/#website"},"primaryImageOfPage":{"@id":"https:\/\/eurotrail.info\/de\/producten\/wohnwagenwohnmobilebus\/sonnendaecher\/fjord-autobus-vordach\/#primaryimage"},"image":{"@id":"https:\/\/eurotrail.info\/de\/producten\/wohnwagenwohnmobilebus\/sonnendaecher\/fjord-autobus-vordach\/#primaryimage"},"thumbnailUrl":"https:\/\/eurotrail.info\/wp\/wp-content\/uploads\/2016\/03\/ETCT0133-Buscamper-awning-17.jpg","datePublished":"2016-03-08T11:37:44+00:00","dateModified":"2024-11-11T10:20:18+00:00","description":"Sonnensegel f\u00fcr Campingbusse, zwei verschiedenen Gr\u00f6ssen: 260x240cm und 300x240cm. Angen\u00e4hter Keder zum Einziehen in die Kederschiene.","breadcrumb":{"@id":"https:\/\/eurotrail.info\/de\/producten\/wohnwagenwohnmobilebus\/sonnendaecher\/fjord-autobus-vordach\/#breadcrumb"},"inLanguage":"de","potentialAction":[{"@type":"ReadAction","target":["https:\/\/eurotrail.info\/de\/producten\/wohnwagenwohnmobilebus\/sonnendaecher\/fjord-autobus-vordach\/"]}]},{"@type":"ImageObject","inLanguage":"de","@id":"https:\/\/eurotrail.info\/de\/producten\/wohnwagenwohnmobilebus\/sonnendaecher\/fjord-autobus-vordach\/#primaryimage","url":"https:\/\/eurotrail.info\/wp\/wp-content\/uploads\/2016\/03\/ETCT0133-Buscamper-awning-17.jpg","contentUrl":"https:\/\/eurotrail.info\/wp\/wp-content\/uploads\/2016\/03\/ETCT0133-Buscamper-awning-17.jpg","width":1376,"height":898,"caption":"Sonnensegel f\u00fcr Campingbusse"},{"@type":"BreadcrumbList","@id":"https:\/\/eurotrail.info\/de\/producten\/wohnwagenwohnmobilebus\/sonnendaecher\/fjord-autobus-vordach\/#breadcrumb","itemListElement":[{"@type":"ListItem","position":1,"name":"Home","item":"https:\/\/eurotrail.info\/de\/"},{"@type":"ListItem","position":2,"name":"Produkte","item":"https:\/\/eurotrail.info\/de\/produkte\/"},{"@type":"ListItem","position":3,"name":"Fjord Bus Sonnendach"}]},{"@type":"WebSite","@id":"https:\/\/eurotrail.info\/#website","url":"https:\/\/eurotrail.info\/","name":"Eurotrail","description":"","publisher":{"@id":"https:\/\/eurotrail.info\/#organization"},"potentialAction":[{"@type":"SearchAction","target":{"@type":"EntryPoint","urlTemplate":"https:\/\/eurotrail.info\/?s={search_term_string}"},"query-input":{"@type":"PropertyValueSpecification","valueRequired":true,"valueName":"search_term_string"}}],"inLanguage":"de"},{"@type":"Organization","@id":"https:\/\/eurotrail.info\/#organization","name":"Eurotrail","url":"https:\/\/eurotrail.info\/","logo":{"@type":"ImageObject","inLanguage":"de","@id":"https:\/\/eurotrail.info\/#\/schema\/logo\/image\/","url":"https:\/\/eurotrail.info\/wp\/wp-content\/uploads\/2023\/07\/ET-logo-quote_NL-scaled.jpg","contentUrl":"https:\/\/eurotrail.info\/wp\/wp-content\/uploads\/2023\/07\/ET-logo-quote_NL-scaled.jpg","width":2560,"height":675,"caption":"Eurotrail"},"image":{"@id":"https:\/\/eurotrail.info\/#\/schema\/logo\/image\/"}}]}},"_links":{"self":[{"href":"https:\/\/eurotrail.info\/de\/wp-json\/wp\/v2\/product\/3968","targetHints":{"allow":["GET"]}}],"collection":[{"href":"https:\/\/eurotrail.info\/de\/wp-json\/wp\/v2\/product"}],"about":[{"href":"https:\/\/eurotrail.info\/de\/wp-json\/wp\/v2\/types\/product"}],"replies":[{"embeddable":true,"href":"https:\/\/eurotrail.info\/de\/wp-json\/wp\/v2\/comments?post=3968"}],"wp:featuredmedia":[{"embeddable":true,"href":"https:\/\/eurotrail.info\/de\/wp-json\/wp\/v2\/media\/5358"}],"wp:attachment":[{"href":"https:\/\/eurotrail.info\/de\/wp-json\/wp\/v2\/media?parent=3968"}],"wp:term":[{"taxonomy":"product_brand","embeddable":true,"href":"https:\/\/eurotrail.info\/de\/wp-json\/wp\/v2\/product_brand?post=3968"},{"taxonomy":"product_cat","embeddable":true,"href":"https:\/\/eurotrail.info\/de\/wp-json\/wp\/v2\/product_cat?post=3968"},{"taxonomy":"product_tag","embeddable":true,"href":"https:\/\/eurotrail.info\/de\/wp-json\/wp\/v2\/product_tag?post=3968"}],"curies":[{"name":"wp","href":"https:\/\/api.w.org\/{rel}","templated":true}]}}