{"id":4008,"date":"2016-02-26T16:30:19","date_gmt":"2016-02-26T15:30:19","guid":{"rendered":"http:\/\/preview.eurotrail.info\/producten\/markisenzelt-bergen-fuer-caravanstore\/"},"modified":"2017-02-14T14:33:35","modified_gmt":"2017-02-14T13:33:35","slug":"markisenzelt-bergen-fuer-caravanstore","status":"publish","type":"product","link":"https:\/\/eurotrail.info\/de\/producten\/wohnwagenwohnmobilebus\/sonnendaecher\/markisenzelt-bergen-fuer-caravanstore\/","title":{"rendered":"Markisenzelt Bergen f\u00fcr Caravanstore,"},"content":{"rendered":"<p>Mit dem Bergen Canopy Room verwandeln Sie Ihre Markise (Caravanstore) in einen gem\u00fctlichen Wohnraum.<br \/>\nEinfache Befestigung am Markise mittels Keder, die Seitenw\u00e4nde werden an die im Lieferumfang einbegriffenen Rafterstange montiert und mittels Rei\u00dfverschl\u00fcssen mit den  Vorderwand verbunden. Damit entsteht einen gro\u00dfen Platz ideal f\u00fcr Tische und Stuhlen. Nat\u00fcrlich k\u00f6nnen sie auch nur eine Seitenwand montieren damit sie auch gesch\u00fctzt sind f\u00fcr Wind und Sonne.<\/p>\n<p>Der Bergen CS ist lieferbar in verschiedene Gr\u00f6\u00dfe:<br \/>\nBERGEN CS 284<br \/>\nBERGEN CS 334<br \/>\nBERGEN CS 384<br \/>\nBERGEN CS 414<\/p>\n<p>Details: Gro\u00dfe Fensters mit Moskitonetze und klaren Fennsterfolie, Fensterabdeckung, Eingangst\u00fcr, extra Klettverschluss auf der Seite f\u00fcr Montierung an Markise Gest\u00e4nge. Im  Lieferumfang einbegriffen: 2 x Rafterstange, Tasche und Abspann Leiter. Anschlu\u00dfh\u00f6he bis 235 \/ 250 cm.<\/p>\n<p>Material:100% polyester mit PVC Beschietigung<br \/>\nRafterpoles: 2 x Aluminium justierbaren Rafterpoles.<\/p>\n<p><a href=\"http:\/\/eurotrail.info\/wp\/wp-content\/uploads\/2016\/02\/Manual-Aufbauanleitung-Opzetschema-Bergen-CS.docx\">Manual-Aufbauanleitung-Opzetschema Bergen CS<\/a><\/p>\n","protected":false},"excerpt":{"rendered":"<p>Mit dem Bergen Canopy Room verwandeln Sie Ihre Markise (Caravanstore) in einen gem\u00fctlichen Wohnraum. Einfache Befestigung am Markise mittels Keder, die Seitenw\u00e4nde werden an die&hellip;<\/p>\n","protected":false},"featured_media":1912,"comment_status":"open","ping_status":"closed","template":"","meta":{"_acf_changed":false},"product_brand":[],"product_cat":[75],"product_tag":[],"class_list":{"0":"post-4008","1":"product","2":"type-product","3":"status-publish","4":"has-post-thumbnail","6":"product_cat-sonnendaecher","8":"first","9":"instock","10":"shipping-taxable","11":"product-type-simple"},"acf":[],"yoast_head":"<!-- This site is optimized with the Yoast SEO plugin v27.4 - https:\/\/yoast.com\/product\/yoast-seo-wordpress\/ -->\n<title>Markisenzelt Bergen f\u00fcr Caravanstore, - Eurotrail<\/title>\n<meta name=\"robots\" content=\"index, follow, max-snippet:-1, max-image-preview:large, max-video-preview:-1\" \/>\n<link rel=\"canonical\" href=\"https:\/\/eurotrail.info\/de\/producten\/wohnwagenwohnmobilebus\/sonnendaecher\/markisenzelt-bergen-fuer-caravanstore\/\" \/>\n<meta property=\"og:locale\" content=\"de_DE\" \/>\n<meta property=\"og:type\" content=\"article\" \/>\n<meta property=\"og:title\" content=\"Markisenzelt Bergen f\u00fcr Caravanstore, - Eurotrail\" \/>\n<meta property=\"og:description\" content=\"Mit dem Bergen Canopy Room verwandeln Sie Ihre Markise (Caravanstore) in einen gem\u00fctlichen Wohnraum. Einfache Befestigung am Markise mittels Keder, die Seitenw\u00e4nde werden an die&hellip;\" \/>\n<meta property=\"og:url\" content=\"https:\/\/eurotrail.info\/de\/producten\/wohnwagenwohnmobilebus\/sonnendaecher\/markisenzelt-bergen-fuer-caravanstore\/\" \/>\n<meta property=\"og:site_name\" content=\"Eurotrail\" \/>\n<meta property=\"article:modified_time\" content=\"2017-02-14T13:33:35+00:00\" \/>\n<meta property=\"og:image\" content=\"https:\/\/eurotrail.info\/wp\/wp-content\/uploads\/2016\/02\/Eurotrail-Bergen-CS-canopy-room-1-1280x897.jpg\" \/>\n\t<meta property=\"og:image:width\" content=\"1280\" \/>\n\t<meta property=\"og:image:height\" content=\"897\" \/>\n\t<meta property=\"og:image:type\" content=\"image\/jpeg\" \/>\n<meta name=\"twitter:card\" content=\"summary_large_image\" \/>\n<meta name=\"twitter:label1\" content=\"Gesch\u00e4tzte Lesezeit\" \/>\n\t<meta name=\"twitter:data1\" content=\"1\u00a0Minute\" \/>\n<script type=\"application\/ld+json\" class=\"yoast-schema-graph\">{\"@context\":\"https:\\\/\\\/schema.org\",\"@graph\":[{\"@type\":\"WebPage\",\"@id\":\"https:\\\/\\\/eurotrail.info\\\/de\\\/producten\\\/wohnwagenwohnmobilebus\\\/sonnendaecher\\\/markisenzelt-bergen-fuer-caravanstore\\\/\",\"url\":\"https:\\\/\\\/eurotrail.info\\\/de\\\/producten\\\/wohnwagenwohnmobilebus\\\/sonnendaecher\\\/markisenzelt-bergen-fuer-caravanstore\\\/\",\"name\":\"Markisenzelt Bergen f\u00fcr Caravanstore, - Eurotrail\",\"isPartOf\":{\"@id\":\"https:\\\/\\\/eurotrail.info\\\/#website\"},\"primaryImageOfPage\":{\"@id\":\"https:\\\/\\\/eurotrail.info\\\/de\\\/producten\\\/wohnwagenwohnmobilebus\\\/sonnendaecher\\\/markisenzelt-bergen-fuer-caravanstore\\\/#primaryimage\"},\"image\":{\"@id\":\"https:\\\/\\\/eurotrail.info\\\/de\\\/producten\\\/wohnwagenwohnmobilebus\\\/sonnendaecher\\\/markisenzelt-bergen-fuer-caravanstore\\\/#primaryimage\"},\"thumbnailUrl\":\"https:\\\/\\\/eurotrail.info\\\/wp\\\/wp-content\\\/uploads\\\/2016\\\/02\\\/Eurotrail-Bergen-CS-canopy-room-1.jpg\",\"datePublished\":\"2016-02-26T15:30:19+00:00\",\"dateModified\":\"2017-02-14T13:33:35+00:00\",\"breadcrumb\":{\"@id\":\"https:\\\/\\\/eurotrail.info\\\/de\\\/producten\\\/wohnwagenwohnmobilebus\\\/sonnendaecher\\\/markisenzelt-bergen-fuer-caravanstore\\\/#breadcrumb\"},\"inLanguage\":\"de\",\"potentialAction\":[{\"@type\":\"ReadAction\",\"target\":[\"https:\\\/\\\/eurotrail.info\\\/de\\\/producten\\\/wohnwagenwohnmobilebus\\\/sonnendaecher\\\/markisenzelt-bergen-fuer-caravanstore\\\/\"]}]},{\"@type\":\"ImageObject\",\"inLanguage\":\"de\",\"@id\":\"https:\\\/\\\/eurotrail.info\\\/de\\\/producten\\\/wohnwagenwohnmobilebus\\\/sonnendaecher\\\/markisenzelt-bergen-fuer-caravanstore\\\/#primaryimage\",\"url\":\"https:\\\/\\\/eurotrail.info\\\/wp\\\/wp-content\\\/uploads\\\/2016\\\/02\\\/Eurotrail-Bergen-CS-canopy-room-1.jpg\",\"contentUrl\":\"https:\\\/\\\/eurotrail.info\\\/wp\\\/wp-content\\\/uploads\\\/2016\\\/02\\\/Eurotrail-Bergen-CS-canopy-room-1.jpg\",\"width\":2592,\"height\":1816,\"caption\":\"Mit dem Bergen Canopy Room verwandeln Sie Ihre Markise (Caravanstore) in einen gem\u00fctlichen Wohnraum.\"},{\"@type\":\"BreadcrumbList\",\"@id\":\"https:\\\/\\\/eurotrail.info\\\/de\\\/producten\\\/wohnwagenwohnmobilebus\\\/sonnendaecher\\\/markisenzelt-bergen-fuer-caravanstore\\\/#breadcrumb\",\"itemListElement\":[{\"@type\":\"ListItem\",\"position\":1,\"name\":\"Home\",\"item\":\"https:\\\/\\\/eurotrail.info\\\/de\\\/\"},{\"@type\":\"ListItem\",\"position\":2,\"name\":\"Produkte\",\"item\":\"https:\\\/\\\/eurotrail.info\\\/de\\\/produkte\\\/\"},{\"@type\":\"ListItem\",\"position\":3,\"name\":\"Markisenzelt Bergen f\u00fcr Caravanstore,\"}]},{\"@type\":\"WebSite\",\"@id\":\"https:\\\/\\\/eurotrail.info\\\/#website\",\"url\":\"https:\\\/\\\/eurotrail.info\\\/\",\"name\":\"Eurotrail\",\"description\":\"\",\"publisher\":{\"@id\":\"https:\\\/\\\/eurotrail.info\\\/#organization\"},\"potentialAction\":[{\"@type\":\"SearchAction\",\"target\":{\"@type\":\"EntryPoint\",\"urlTemplate\":\"https:\\\/\\\/eurotrail.info\\\/?s={search_term_string}\"},\"query-input\":{\"@type\":\"PropertyValueSpecification\",\"valueRequired\":true,\"valueName\":\"search_term_string\"}}],\"inLanguage\":\"de\"},{\"@type\":\"Organization\",\"@id\":\"https:\\\/\\\/eurotrail.info\\\/#organization\",\"name\":\"Eurotrail\",\"url\":\"https:\\\/\\\/eurotrail.info\\\/\",\"logo\":{\"@type\":\"ImageObject\",\"inLanguage\":\"de\",\"@id\":\"https:\\\/\\\/eurotrail.info\\\/#\\\/schema\\\/logo\\\/image\\\/\",\"url\":\"https:\\\/\\\/eurotrail.info\\\/wp\\\/wp-content\\\/uploads\\\/2023\\\/07\\\/ET-logo-quote_NL-scaled.jpg\",\"contentUrl\":\"https:\\\/\\\/eurotrail.info\\\/wp\\\/wp-content\\\/uploads\\\/2023\\\/07\\\/ET-logo-quote_NL-scaled.jpg\",\"width\":2560,\"height\":675,\"caption\":\"Eurotrail\"},\"image\":{\"@id\":\"https:\\\/\\\/eurotrail.info\\\/#\\\/schema\\\/logo\\\/image\\\/\"}}]}<\/script>\n<!-- \/ Yoast SEO plugin. -->","yoast_head_json":{"title":"Markisenzelt Bergen f\u00fcr Caravanstore, - Eurotrail","robots":{"index":"index","follow":"follow","max-snippet":"max-snippet:-1","max-image-preview":"max-image-preview:large","max-video-preview":"max-video-preview:-1"},"canonical":"https:\/\/eurotrail.info\/de\/producten\/wohnwagenwohnmobilebus\/sonnendaecher\/markisenzelt-bergen-fuer-caravanstore\/","og_locale":"de_DE","og_type":"article","og_title":"Markisenzelt Bergen f\u00fcr Caravanstore, - Eurotrail","og_description":"Mit dem Bergen Canopy Room verwandeln Sie Ihre Markise (Caravanstore) in einen gem\u00fctlichen Wohnraum. Einfache Befestigung am Markise mittels Keder, die Seitenw\u00e4nde werden an die&hellip;","og_url":"https:\/\/eurotrail.info\/de\/producten\/wohnwagenwohnmobilebus\/sonnendaecher\/markisenzelt-bergen-fuer-caravanstore\/","og_site_name":"Eurotrail","article_modified_time":"2017-02-14T13:33:35+00:00","og_image":[{"width":1280,"height":897,"url":"https:\/\/eurotrail.info\/wp\/wp-content\/uploads\/2016\/02\/Eurotrail-Bergen-CS-canopy-room-1-1280x897.jpg","type":"image\/jpeg"}],"twitter_card":"summary_large_image","twitter_misc":{"Gesch\u00e4tzte Lesezeit":"1\u00a0Minute"},"schema":{"@context":"https:\/\/schema.org","@graph":[{"@type":"WebPage","@id":"https:\/\/eurotrail.info\/de\/producten\/wohnwagenwohnmobilebus\/sonnendaecher\/markisenzelt-bergen-fuer-caravanstore\/","url":"https:\/\/eurotrail.info\/de\/producten\/wohnwagenwohnmobilebus\/sonnendaecher\/markisenzelt-bergen-fuer-caravanstore\/","name":"Markisenzelt Bergen f\u00fcr Caravanstore, - Eurotrail","isPartOf":{"@id":"https:\/\/eurotrail.info\/#website"},"primaryImageOfPage":{"@id":"https:\/\/eurotrail.info\/de\/producten\/wohnwagenwohnmobilebus\/sonnendaecher\/markisenzelt-bergen-fuer-caravanstore\/#primaryimage"},"image":{"@id":"https:\/\/eurotrail.info\/de\/producten\/wohnwagenwohnmobilebus\/sonnendaecher\/markisenzelt-bergen-fuer-caravanstore\/#primaryimage"},"thumbnailUrl":"https:\/\/eurotrail.info\/wp\/wp-content\/uploads\/2016\/02\/Eurotrail-Bergen-CS-canopy-room-1.jpg","datePublished":"2016-02-26T15:30:19+00:00","dateModified":"2017-02-14T13:33:35+00:00","breadcrumb":{"@id":"https:\/\/eurotrail.info\/de\/producten\/wohnwagenwohnmobilebus\/sonnendaecher\/markisenzelt-bergen-fuer-caravanstore\/#breadcrumb"},"inLanguage":"de","potentialAction":[{"@type":"ReadAction","target":["https:\/\/eurotrail.info\/de\/producten\/wohnwagenwohnmobilebus\/sonnendaecher\/markisenzelt-bergen-fuer-caravanstore\/"]}]},{"@type":"ImageObject","inLanguage":"de","@id":"https:\/\/eurotrail.info\/de\/producten\/wohnwagenwohnmobilebus\/sonnendaecher\/markisenzelt-bergen-fuer-caravanstore\/#primaryimage","url":"https:\/\/eurotrail.info\/wp\/wp-content\/uploads\/2016\/02\/Eurotrail-Bergen-CS-canopy-room-1.jpg","contentUrl":"https:\/\/eurotrail.info\/wp\/wp-content\/uploads\/2016\/02\/Eurotrail-Bergen-CS-canopy-room-1.jpg","width":2592,"height":1816,"caption":"Mit dem Bergen Canopy Room verwandeln Sie Ihre Markise (Caravanstore) in einen gem\u00fctlichen Wohnraum."},{"@type":"BreadcrumbList","@id":"https:\/\/eurotrail.info\/de\/producten\/wohnwagenwohnmobilebus\/sonnendaecher\/markisenzelt-bergen-fuer-caravanstore\/#breadcrumb","itemListElement":[{"@type":"ListItem","position":1,"name":"Home","item":"https:\/\/eurotrail.info\/de\/"},{"@type":"ListItem","position":2,"name":"Produkte","item":"https:\/\/eurotrail.info\/de\/produkte\/"},{"@type":"ListItem","position":3,"name":"Markisenzelt Bergen f\u00fcr Caravanstore,"}]},{"@type":"WebSite","@id":"https:\/\/eurotrail.info\/#website","url":"https:\/\/eurotrail.info\/","name":"Eurotrail","description":"","publisher":{"@id":"https:\/\/eurotrail.info\/#organization"},"potentialAction":[{"@type":"SearchAction","target":{"@type":"EntryPoint","urlTemplate":"https:\/\/eurotrail.info\/?s={search_term_string}"},"query-input":{"@type":"PropertyValueSpecification","valueRequired":true,"valueName":"search_term_string"}}],"inLanguage":"de"},{"@type":"Organization","@id":"https:\/\/eurotrail.info\/#organization","name":"Eurotrail","url":"https:\/\/eurotrail.info\/","logo":{"@type":"ImageObject","inLanguage":"de","@id":"https:\/\/eurotrail.info\/#\/schema\/logo\/image\/","url":"https:\/\/eurotrail.info\/wp\/wp-content\/uploads\/2023\/07\/ET-logo-quote_NL-scaled.jpg","contentUrl":"https:\/\/eurotrail.info\/wp\/wp-content\/uploads\/2023\/07\/ET-logo-quote_NL-scaled.jpg","width":2560,"height":675,"caption":"Eurotrail"},"image":{"@id":"https:\/\/eurotrail.info\/#\/schema\/logo\/image\/"}}]}},"_links":{"self":[{"href":"https:\/\/eurotrail.info\/de\/wp-json\/wp\/v2\/product\/4008","targetHints":{"allow":["GET"]}}],"collection":[{"href":"https:\/\/eurotrail.info\/de\/wp-json\/wp\/v2\/product"}],"about":[{"href":"https:\/\/eurotrail.info\/de\/wp-json\/wp\/v2\/types\/product"}],"replies":[{"embeddable":true,"href":"https:\/\/eurotrail.info\/de\/wp-json\/wp\/v2\/comments?post=4008"}],"wp:featuredmedia":[{"embeddable":true,"href":"https:\/\/eurotrail.info\/de\/wp-json\/wp\/v2\/media\/1912"}],"wp:attachment":[{"href":"https:\/\/eurotrail.info\/de\/wp-json\/wp\/v2\/media?parent=4008"}],"wp:term":[{"taxonomy":"product_brand","embeddable":true,"href":"https:\/\/eurotrail.info\/de\/wp-json\/wp\/v2\/product_brand?post=4008"},{"taxonomy":"product_cat","embeddable":true,"href":"https:\/\/eurotrail.info\/de\/wp-json\/wp\/v2\/product_cat?post=4008"},{"taxonomy":"product_tag","embeddable":true,"href":"https:\/\/eurotrail.info\/de\/wp-json\/wp\/v2\/product_tag?post=4008"}],"curies":[{"name":"wp","href":"https:\/\/api.w.org\/{rel}","templated":true}]}}