{"id":4016,"date":"2016-03-08T11:36:45","date_gmt":"2016-03-08T10:36:45","guid":{"rendered":"http:\/\/preview.eurotrail.info\/producten\/narvik-fuer-fiammaomnistore\/"},"modified":"2022-03-30T09:17:54","modified_gmt":"2022-03-30T08:17:54","slug":"narvik-fuer-fiammaomnistore","status":"publish","type":"product","link":"https:\/\/eurotrail.info\/de\/producten\/wohnwagenwohnmobilebus\/sonnendaecher\/narvik-fuer-fiammaomnistore\/","title":{"rendered":"Narvik Markisenzelt f\u00fcr Fiamma\/Omnistore"},"content":{"rendered":"<p>Mit dem Narvik Canopy Room verwandeln Sie Ihre Markise (Fiamma\/Omnistore) in einen gem\u00fctlichen Wohnraum.<\/p>\n<p>Der Vorderwand wird mit einem Keder am Markise befestigt. Die Seitenw\u00e4nder werden mit eine Rafterstange (nicht im Lieferumfang einbegriffen Art.-Nr. ETSP0543) montiert und mit Rei\u00dfverschl\u00fcssen mit den Vorderwand verbunden.<br \/>\nDamit entsteht einen gro\u00dfen Platz ideal f\u00fcr Tische und Stuhlen. Alle Fenster k\u00f6nnen von innen verdunkelt werden. Rundbogent\u00fcr in Vorderwand. Moskitogaze in Vorderwand. Nat\u00fcrlich k\u00f6nnen sie auch nur eine Seitenwand montieren damit sie auch gesch\u00fctzt sind f\u00fcr Wind und Sonne.<\/p>\n<p>Anschlu\u00dfh\u00f6he 240-280 cm (Unterkante Markisenkasten)<\/p>\n<p>Narvik ist lieferbar in verschiedene Gr\u00f6\u00dfe:<br \/>\nNarvik 300, 300&#215;190 \/ 225x240cm<br \/>\nNarvik 350, 350&#215;190 \/ 225x240cm<br \/>\nNarvik 400, 400&#215;190 \/ 225x240cm<br \/>\nNarvik 450, 450&#215;190 \/ 225x240cm<\/p>\n<p>Eurotrail Markisenzelt Narvik f\u00fcr folgende Markisen:<br \/>\n&#8211; Thule Omnistor (4900, 5000, 5002, 5003, 5200, 5500),<br \/>\n&#8211; Fiamma (F45, F45i, F45S, F45Ti, F45L, F45TiL)<br \/>\n&#8211; Dometic (PW1100, PR2000)<\/p>\n<p>Details: Gro\u00dfe Fensters mit Moskitonetze und klaren Fensterfolie, Fensterabdeckung, Eingangst\u00fcr, extra Klettverschluss auf der Seite f\u00fcr Montierung an Markise Gest\u00e4nge. Im Lieferumfang einbegriffen: Tasche und Abspann Leiter.<\/p>\n<p><a href=\"https:\/\/eurotrail.info\/wp\/wp-content\/uploads\/2016\/03\/Manual-Aufbauanleitung-Opzetschema-Narvik.docx\">Manual-Aufbauanleitung-Opzetschema Narvik<\/a><\/p>\n","protected":false},"excerpt":{"rendered":"<p>Mit dem Narvik Canopy Room verwandeln Sie Ihre Markise (Fiamma\/Omnistore) in einen gem\u00fctlichen Wohnraum. Der Vorderwand wird mit einem Keder am Markise befestigt. Die Seitenw\u00e4nder&hellip;<\/p>\n","protected":false},"featured_media":1965,"comment_status":"open","ping_status":"closed","template":"","meta":{"_acf_changed":false},"product_brand":[],"product_cat":[75],"product_tag":[],"class_list":{"0":"post-4016","1":"product","2":"type-product","3":"status-publish","4":"has-post-thumbnail","6":"product_cat-sonnendaecher","8":"first","9":"instock","10":"shipping-taxable","11":"product-type-simple"},"acf":[],"yoast_head":"<!-- This site is optimized with the Yoast SEO plugin v27.4 - https:\/\/yoast.com\/product\/yoast-seo-wordpress\/ -->\n<title>Narvik Markisenzelt f\u00fcr Fiamma\/Omnistore - Eurotrail<\/title>\n<meta name=\"description\" content=\"Narvik Canopy Room verwandeln Sie Ihre Markise (Fiamma\/Omnistore) in einen gem\u00fctlichen Wohnraum.\" \/>\n<meta name=\"robots\" content=\"index, follow, max-snippet:-1, max-image-preview:large, max-video-preview:-1\" \/>\n<link rel=\"canonical\" href=\"https:\/\/eurotrail.info\/de\/producten\/wohnwagenwohnmobilebus\/sonnendaecher\/narvik-fuer-fiammaomnistore\/\" \/>\n<meta property=\"og:locale\" content=\"de_DE\" \/>\n<meta property=\"og:type\" content=\"article\" \/>\n<meta property=\"og:title\" content=\"Narvik Markisenzelt f\u00fcr Fiamma\/Omnistore - Eurotrail\" \/>\n<meta property=\"og:description\" content=\"Narvik Canopy Room verwandeln Sie Ihre Markise (Fiamma\/Omnistore) in einen gem\u00fctlichen Wohnraum.\" \/>\n<meta property=\"og:url\" content=\"https:\/\/eurotrail.info\/de\/producten\/wohnwagenwohnmobilebus\/sonnendaecher\/narvik-fuer-fiammaomnistore\/\" \/>\n<meta property=\"og:site_name\" content=\"Eurotrail\" \/>\n<meta property=\"article:modified_time\" content=\"2022-03-30T08:17:54+00:00\" \/>\n<meta property=\"og:image\" content=\"https:\/\/eurotrail.info\/wp\/wp-content\/uploads\/2016\/03\/Eurotrail-Narvik-canopy-tent-3.jpg\" \/>\n\t<meta property=\"og:image:width\" content=\"1654\" \/>\n\t<meta property=\"og:image:height\" content=\"971\" \/>\n\t<meta property=\"og:image:type\" content=\"image\/jpeg\" \/>\n<meta name=\"twitter:card\" content=\"summary_large_image\" \/>\n<meta name=\"twitter:label1\" content=\"Gesch\u00e4tzte Lesezeit\" \/>\n\t<meta name=\"twitter:data1\" content=\"1\u00a0Minute\" \/>\n<script type=\"application\/ld+json\" class=\"yoast-schema-graph\">{\"@context\":\"https:\\\/\\\/schema.org\",\"@graph\":[{\"@type\":\"WebPage\",\"@id\":\"https:\\\/\\\/eurotrail.info\\\/de\\\/producten\\\/wohnwagenwohnmobilebus\\\/sonnendaecher\\\/narvik-fuer-fiammaomnistore\\\/\",\"url\":\"https:\\\/\\\/eurotrail.info\\\/de\\\/producten\\\/wohnwagenwohnmobilebus\\\/sonnendaecher\\\/narvik-fuer-fiammaomnistore\\\/\",\"name\":\"Narvik Markisenzelt f\u00fcr Fiamma\\\/Omnistore - Eurotrail\",\"isPartOf\":{\"@id\":\"https:\\\/\\\/eurotrail.info\\\/#website\"},\"primaryImageOfPage\":{\"@id\":\"https:\\\/\\\/eurotrail.info\\\/de\\\/producten\\\/wohnwagenwohnmobilebus\\\/sonnendaecher\\\/narvik-fuer-fiammaomnistore\\\/#primaryimage\"},\"image\":{\"@id\":\"https:\\\/\\\/eurotrail.info\\\/de\\\/producten\\\/wohnwagenwohnmobilebus\\\/sonnendaecher\\\/narvik-fuer-fiammaomnistore\\\/#primaryimage\"},\"thumbnailUrl\":\"https:\\\/\\\/eurotrail.info\\\/wp\\\/wp-content\\\/uploads\\\/2016\\\/03\\\/Eurotrail-Narvik-canopy-tent-3.jpg\",\"datePublished\":\"2016-03-08T10:36:45+00:00\",\"dateModified\":\"2022-03-30T08:17:54+00:00\",\"description\":\"Narvik Canopy Room verwandeln Sie Ihre Markise (Fiamma\\\/Omnistore) in einen gem\u00fctlichen Wohnraum.\",\"breadcrumb\":{\"@id\":\"https:\\\/\\\/eurotrail.info\\\/de\\\/producten\\\/wohnwagenwohnmobilebus\\\/sonnendaecher\\\/narvik-fuer-fiammaomnistore\\\/#breadcrumb\"},\"inLanguage\":\"de\",\"potentialAction\":[{\"@type\":\"ReadAction\",\"target\":[\"https:\\\/\\\/eurotrail.info\\\/de\\\/producten\\\/wohnwagenwohnmobilebus\\\/sonnendaecher\\\/narvik-fuer-fiammaomnistore\\\/\"]}]},{\"@type\":\"ImageObject\",\"inLanguage\":\"de\",\"@id\":\"https:\\\/\\\/eurotrail.info\\\/de\\\/producten\\\/wohnwagenwohnmobilebus\\\/sonnendaecher\\\/narvik-fuer-fiammaomnistore\\\/#primaryimage\",\"url\":\"https:\\\/\\\/eurotrail.info\\\/wp\\\/wp-content\\\/uploads\\\/2016\\\/03\\\/Eurotrail-Narvik-canopy-tent-3.jpg\",\"contentUrl\":\"https:\\\/\\\/eurotrail.info\\\/wp\\\/wp-content\\\/uploads\\\/2016\\\/03\\\/Eurotrail-Narvik-canopy-tent-3.jpg\",\"width\":1654,\"height\":971,\"caption\":\"Mit dem Narvik Canopy Room verwandeln Sie Ihre Markise (Fiamma\\\/Omnistore) in einen gem\u00fctlichen Wohnraum.\"},{\"@type\":\"BreadcrumbList\",\"@id\":\"https:\\\/\\\/eurotrail.info\\\/de\\\/producten\\\/wohnwagenwohnmobilebus\\\/sonnendaecher\\\/narvik-fuer-fiammaomnistore\\\/#breadcrumb\",\"itemListElement\":[{\"@type\":\"ListItem\",\"position\":1,\"name\":\"Home\",\"item\":\"https:\\\/\\\/eurotrail.info\\\/de\\\/\"},{\"@type\":\"ListItem\",\"position\":2,\"name\":\"Produkte\",\"item\":\"https:\\\/\\\/eurotrail.info\\\/de\\\/produkte\\\/\"},{\"@type\":\"ListItem\",\"position\":3,\"name\":\"Narvik Markisenzelt f\u00fcr Fiamma\\\/Omnistore\"}]},{\"@type\":\"WebSite\",\"@id\":\"https:\\\/\\\/eurotrail.info\\\/#website\",\"url\":\"https:\\\/\\\/eurotrail.info\\\/\",\"name\":\"Eurotrail\",\"description\":\"\",\"publisher\":{\"@id\":\"https:\\\/\\\/eurotrail.info\\\/#organization\"},\"potentialAction\":[{\"@type\":\"SearchAction\",\"target\":{\"@type\":\"EntryPoint\",\"urlTemplate\":\"https:\\\/\\\/eurotrail.info\\\/?s={search_term_string}\"},\"query-input\":{\"@type\":\"PropertyValueSpecification\",\"valueRequired\":true,\"valueName\":\"search_term_string\"}}],\"inLanguage\":\"de\"},{\"@type\":\"Organization\",\"@id\":\"https:\\\/\\\/eurotrail.info\\\/#organization\",\"name\":\"Eurotrail\",\"url\":\"https:\\\/\\\/eurotrail.info\\\/\",\"logo\":{\"@type\":\"ImageObject\",\"inLanguage\":\"de\",\"@id\":\"https:\\\/\\\/eurotrail.info\\\/#\\\/schema\\\/logo\\\/image\\\/\",\"url\":\"https:\\\/\\\/eurotrail.info\\\/wp\\\/wp-content\\\/uploads\\\/2023\\\/07\\\/ET-logo-quote_NL-scaled.jpg\",\"contentUrl\":\"https:\\\/\\\/eurotrail.info\\\/wp\\\/wp-content\\\/uploads\\\/2023\\\/07\\\/ET-logo-quote_NL-scaled.jpg\",\"width\":2560,\"height\":675,\"caption\":\"Eurotrail\"},\"image\":{\"@id\":\"https:\\\/\\\/eurotrail.info\\\/#\\\/schema\\\/logo\\\/image\\\/\"}}]}<\/script>\n<!-- \/ Yoast SEO plugin. -->","yoast_head_json":{"title":"Narvik Markisenzelt f\u00fcr Fiamma\/Omnistore - Eurotrail","description":"Narvik Canopy Room verwandeln Sie Ihre Markise (Fiamma\/Omnistore) in einen gem\u00fctlichen Wohnraum.","robots":{"index":"index","follow":"follow","max-snippet":"max-snippet:-1","max-image-preview":"max-image-preview:large","max-video-preview":"max-video-preview:-1"},"canonical":"https:\/\/eurotrail.info\/de\/producten\/wohnwagenwohnmobilebus\/sonnendaecher\/narvik-fuer-fiammaomnistore\/","og_locale":"de_DE","og_type":"article","og_title":"Narvik Markisenzelt f\u00fcr Fiamma\/Omnistore - Eurotrail","og_description":"Narvik Canopy Room verwandeln Sie Ihre Markise (Fiamma\/Omnistore) in einen gem\u00fctlichen Wohnraum.","og_url":"https:\/\/eurotrail.info\/de\/producten\/wohnwagenwohnmobilebus\/sonnendaecher\/narvik-fuer-fiammaomnistore\/","og_site_name":"Eurotrail","article_modified_time":"2022-03-30T08:17:54+00:00","og_image":[{"width":1654,"height":971,"url":"https:\/\/eurotrail.info\/wp\/wp-content\/uploads\/2016\/03\/Eurotrail-Narvik-canopy-tent-3.jpg","type":"image\/jpeg"}],"twitter_card":"summary_large_image","twitter_misc":{"Gesch\u00e4tzte Lesezeit":"1\u00a0Minute"},"schema":{"@context":"https:\/\/schema.org","@graph":[{"@type":"WebPage","@id":"https:\/\/eurotrail.info\/de\/producten\/wohnwagenwohnmobilebus\/sonnendaecher\/narvik-fuer-fiammaomnistore\/","url":"https:\/\/eurotrail.info\/de\/producten\/wohnwagenwohnmobilebus\/sonnendaecher\/narvik-fuer-fiammaomnistore\/","name":"Narvik Markisenzelt f\u00fcr Fiamma\/Omnistore - Eurotrail","isPartOf":{"@id":"https:\/\/eurotrail.info\/#website"},"primaryImageOfPage":{"@id":"https:\/\/eurotrail.info\/de\/producten\/wohnwagenwohnmobilebus\/sonnendaecher\/narvik-fuer-fiammaomnistore\/#primaryimage"},"image":{"@id":"https:\/\/eurotrail.info\/de\/producten\/wohnwagenwohnmobilebus\/sonnendaecher\/narvik-fuer-fiammaomnistore\/#primaryimage"},"thumbnailUrl":"https:\/\/eurotrail.info\/wp\/wp-content\/uploads\/2016\/03\/Eurotrail-Narvik-canopy-tent-3.jpg","datePublished":"2016-03-08T10:36:45+00:00","dateModified":"2022-03-30T08:17:54+00:00","description":"Narvik Canopy Room verwandeln Sie Ihre Markise (Fiamma\/Omnistore) in einen gem\u00fctlichen Wohnraum.","breadcrumb":{"@id":"https:\/\/eurotrail.info\/de\/producten\/wohnwagenwohnmobilebus\/sonnendaecher\/narvik-fuer-fiammaomnistore\/#breadcrumb"},"inLanguage":"de","potentialAction":[{"@type":"ReadAction","target":["https:\/\/eurotrail.info\/de\/producten\/wohnwagenwohnmobilebus\/sonnendaecher\/narvik-fuer-fiammaomnistore\/"]}]},{"@type":"ImageObject","inLanguage":"de","@id":"https:\/\/eurotrail.info\/de\/producten\/wohnwagenwohnmobilebus\/sonnendaecher\/narvik-fuer-fiammaomnistore\/#primaryimage","url":"https:\/\/eurotrail.info\/wp\/wp-content\/uploads\/2016\/03\/Eurotrail-Narvik-canopy-tent-3.jpg","contentUrl":"https:\/\/eurotrail.info\/wp\/wp-content\/uploads\/2016\/03\/Eurotrail-Narvik-canopy-tent-3.jpg","width":1654,"height":971,"caption":"Mit dem Narvik Canopy Room verwandeln Sie Ihre Markise (Fiamma\/Omnistore) in einen gem\u00fctlichen Wohnraum."},{"@type":"BreadcrumbList","@id":"https:\/\/eurotrail.info\/de\/producten\/wohnwagenwohnmobilebus\/sonnendaecher\/narvik-fuer-fiammaomnistore\/#breadcrumb","itemListElement":[{"@type":"ListItem","position":1,"name":"Home","item":"https:\/\/eurotrail.info\/de\/"},{"@type":"ListItem","position":2,"name":"Produkte","item":"https:\/\/eurotrail.info\/de\/produkte\/"},{"@type":"ListItem","position":3,"name":"Narvik Markisenzelt f\u00fcr Fiamma\/Omnistore"}]},{"@type":"WebSite","@id":"https:\/\/eurotrail.info\/#website","url":"https:\/\/eurotrail.info\/","name":"Eurotrail","description":"","publisher":{"@id":"https:\/\/eurotrail.info\/#organization"},"potentialAction":[{"@type":"SearchAction","target":{"@type":"EntryPoint","urlTemplate":"https:\/\/eurotrail.info\/?s={search_term_string}"},"query-input":{"@type":"PropertyValueSpecification","valueRequired":true,"valueName":"search_term_string"}}],"inLanguage":"de"},{"@type":"Organization","@id":"https:\/\/eurotrail.info\/#organization","name":"Eurotrail","url":"https:\/\/eurotrail.info\/","logo":{"@type":"ImageObject","inLanguage":"de","@id":"https:\/\/eurotrail.info\/#\/schema\/logo\/image\/","url":"https:\/\/eurotrail.info\/wp\/wp-content\/uploads\/2023\/07\/ET-logo-quote_NL-scaled.jpg","contentUrl":"https:\/\/eurotrail.info\/wp\/wp-content\/uploads\/2023\/07\/ET-logo-quote_NL-scaled.jpg","width":2560,"height":675,"caption":"Eurotrail"},"image":{"@id":"https:\/\/eurotrail.info\/#\/schema\/logo\/image\/"}}]}},"_links":{"self":[{"href":"https:\/\/eurotrail.info\/de\/wp-json\/wp\/v2\/product\/4016","targetHints":{"allow":["GET"]}}],"collection":[{"href":"https:\/\/eurotrail.info\/de\/wp-json\/wp\/v2\/product"}],"about":[{"href":"https:\/\/eurotrail.info\/de\/wp-json\/wp\/v2\/types\/product"}],"replies":[{"embeddable":true,"href":"https:\/\/eurotrail.info\/de\/wp-json\/wp\/v2\/comments?post=4016"}],"wp:featuredmedia":[{"embeddable":true,"href":"https:\/\/eurotrail.info\/de\/wp-json\/wp\/v2\/media\/1965"}],"wp:attachment":[{"href":"https:\/\/eurotrail.info\/de\/wp-json\/wp\/v2\/media?parent=4016"}],"wp:term":[{"taxonomy":"product_brand","embeddable":true,"href":"https:\/\/eurotrail.info\/de\/wp-json\/wp\/v2\/product_brand?post=4016"},{"taxonomy":"product_cat","embeddable":true,"href":"https:\/\/eurotrail.info\/de\/wp-json\/wp\/v2\/product_cat?post=4016"},{"taxonomy":"product_tag","embeddable":true,"href":"https:\/\/eurotrail.info\/de\/wp-json\/wp\/v2\/product_tag?post=4016"}],"curies":[{"name":"wp","href":"https:\/\/api.w.org\/{rel}","templated":true}]}}