{"id":4041,"date":"2016-03-04T13:52:27","date_gmt":"2016-03-04T12:52:27","guid":{"rendered":"http:\/\/preview.eurotrail.info\/producten\/schlafsack-chili-400\/"},"modified":"2016-03-04T13:52:27","modified_gmt":"2016-03-04T12:52:27","slug":"schlafsack-chili-400","status":"publish","type":"product","link":"https:\/\/eurotrail.info\/de\/producten\/schlafsaecke-und-thermo-matten\/schlafsaecke\/schlafsack-chili-400\/","title":{"rendered":"Schlafsack Chili 400"},"content":{"rendered":"<p>Komfortable Deckenschlafsack aus speziell behandeltem \u201ePongee\u201c Polyester,  atmungsaktiv und wasserabweisend. Das Material f\u00fchlt ganz angenehm und sanft auf der Haut an. Die F\u00fcllung ist eine 2 Lagen SLII (Supreme Loft II) Hohlfaser. Diese SLII F\u00fcllung bieten Ihnen einen vorz\u00fcglich W\u00e4rme in der Nacht.  Bester Komfort Temperatur des Schlafsack ist um + 4\/-1\u00b0C.<\/p>\n<p>Die Chile Schlafsack kann leicht zu einem Doppelschlafsack kombiniert werden. Die ideale Schlafsack um w\u00e4hrend Ihres Camping-Ausflug oder zu Hause zu verwenden. Der Schlafsack kann jedoch durch Waschmaschine gewaschen werden, nicht Zentrifugieren das wird die F\u00fcllung des Schlafsack besch\u00e4digen, lassen Sie es trocken aus der Maschine.<br \/>\nDer Schlafsack wird geliefert in eine praktische Kompressionssack.<\/p>\n<p>Details: 2 lagen Konstruktion, RV Thermokragen, Dokumententasche, Kompressionsh\u00fclle.<\/p>\n<p>Gr\u00f6sse: 210x80cm<br \/>\nMaterial Aussen: PES geb\u00fcrstetes Polyester 230 T<br \/>\nMaterial Innen: PES geb\u00fcrstetes Polyester 210 T<br \/>\nF\u00fcllung: 400 Gr\/m\u00b2 SLII Hollowfaser, 2 Lagen Konstruktion<br \/>\nGewicht: 2500 Gr.<\/p>\n<p>Temperaturbereich: 12\/-1\/-8\u00baC<\/p>\n","protected":false},"excerpt":{"rendered":"<p>Komfortable Deckenschlafsack aus speziell behandeltem \u201ePongee\u201c Polyester, atmungsaktiv und wasserabweisend. Das Material f\u00fchlt ganz angenehm und sanft auf der Haut an. Die F\u00fcllung ist eine&hellip;<\/p>\n","protected":false},"featured_media":1931,"comment_status":"open","ping_status":"closed","template":"","meta":{"_acf_changed":false},"product_brand":[],"product_cat":[96],"product_tag":[],"class_list":{"0":"post-4041","1":"product","2":"type-product","3":"status-publish","4":"has-post-thumbnail","6":"product_cat-schlafsaecke","8":"first","9":"instock","10":"shipping-taxable","11":"product-type-simple"},"acf":[],"yoast_head":"<!-- This site is optimized with the Yoast SEO plugin v27.4 - https:\/\/yoast.com\/product\/yoast-seo-wordpress\/ -->\n<title>Schlafsack Chili 400 - Eurotrail<\/title>\n<meta name=\"robots\" content=\"index, follow, max-snippet:-1, max-image-preview:large, max-video-preview:-1\" \/>\n<link rel=\"canonical\" href=\"https:\/\/eurotrail.info\/de\/producten\/schlafsaecke-und-thermo-matten\/schlafsaecke\/schlafsack-chili-400\/\" \/>\n<meta property=\"og:locale\" content=\"de_DE\" \/>\n<meta property=\"og:type\" content=\"article\" \/>\n<meta property=\"og:title\" content=\"Schlafsack Chili 400 - Eurotrail\" \/>\n<meta property=\"og:description\" content=\"Komfortable Deckenschlafsack aus speziell behandeltem \u201ePongee\u201c Polyester, atmungsaktiv und wasserabweisend. Das Material f\u00fchlt ganz angenehm und sanft auf der Haut an. Die F\u00fcllung ist eine&hellip;\" \/>\n<meta property=\"og:url\" content=\"https:\/\/eurotrail.info\/de\/producten\/schlafsaecke-und-thermo-matten\/schlafsaecke\/schlafsack-chili-400\/\" \/>\n<meta property=\"og:site_name\" content=\"Eurotrail\" \/>\n<meta property=\"og:image\" content=\"https:\/\/eurotrail.info\/wp\/wp-content\/uploads\/2016\/03\/Eurotrail-slaapzak-Chili-400-1.jpg\" \/>\n\t<meta property=\"og:image:width\" content=\"1772\" \/>\n\t<meta property=\"og:image:height\" content=\"984\" \/>\n\t<meta property=\"og:image:type\" content=\"image\/jpeg\" \/>\n<meta name=\"twitter:card\" content=\"summary_large_image\" \/>\n<meta name=\"twitter:label1\" content=\"Gesch\u00e4tzte Lesezeit\" \/>\n\t<meta name=\"twitter:data1\" content=\"1\u00a0Minute\" \/>\n<script type=\"application\/ld+json\" class=\"yoast-schema-graph\">{\"@context\":\"https:\\\/\\\/schema.org\",\"@graph\":[{\"@type\":\"WebPage\",\"@id\":\"https:\\\/\\\/eurotrail.info\\\/de\\\/producten\\\/schlafsaecke-und-thermo-matten\\\/schlafsaecke\\\/schlafsack-chili-400\\\/\",\"url\":\"https:\\\/\\\/eurotrail.info\\\/de\\\/producten\\\/schlafsaecke-und-thermo-matten\\\/schlafsaecke\\\/schlafsack-chili-400\\\/\",\"name\":\"Schlafsack Chili 400 - Eurotrail\",\"isPartOf\":{\"@id\":\"https:\\\/\\\/eurotrail.info\\\/#website\"},\"primaryImageOfPage\":{\"@id\":\"https:\\\/\\\/eurotrail.info\\\/de\\\/producten\\\/schlafsaecke-und-thermo-matten\\\/schlafsaecke\\\/schlafsack-chili-400\\\/#primaryimage\"},\"image\":{\"@id\":\"https:\\\/\\\/eurotrail.info\\\/de\\\/producten\\\/schlafsaecke-und-thermo-matten\\\/schlafsaecke\\\/schlafsack-chili-400\\\/#primaryimage\"},\"thumbnailUrl\":\"https:\\\/\\\/eurotrail.info\\\/wp\\\/wp-content\\\/uploads\\\/2016\\\/03\\\/Eurotrail-slaapzak-Chili-400-1.jpg\",\"datePublished\":\"2016-03-04T12:52:27+00:00\",\"breadcrumb\":{\"@id\":\"https:\\\/\\\/eurotrail.info\\\/de\\\/producten\\\/schlafsaecke-und-thermo-matten\\\/schlafsaecke\\\/schlafsack-chili-400\\\/#breadcrumb\"},\"inLanguage\":\"de\",\"potentialAction\":[{\"@type\":\"ReadAction\",\"target\":[\"https:\\\/\\\/eurotrail.info\\\/de\\\/producten\\\/schlafsaecke-und-thermo-matten\\\/schlafsaecke\\\/schlafsack-chili-400\\\/\"]}]},{\"@type\":\"ImageObject\",\"inLanguage\":\"de\",\"@id\":\"https:\\\/\\\/eurotrail.info\\\/de\\\/producten\\\/schlafsaecke-und-thermo-matten\\\/schlafsaecke\\\/schlafsack-chili-400\\\/#primaryimage\",\"url\":\"https:\\\/\\\/eurotrail.info\\\/wp\\\/wp-content\\\/uploads\\\/2016\\\/03\\\/Eurotrail-slaapzak-Chili-400-1.jpg\",\"contentUrl\":\"https:\\\/\\\/eurotrail.info\\\/wp\\\/wp-content\\\/uploads\\\/2016\\\/03\\\/Eurotrail-slaapzak-Chili-400-1.jpg\",\"width\":1772,\"height\":984,\"caption\":\"Schlafsack Chili 400\"},{\"@type\":\"BreadcrumbList\",\"@id\":\"https:\\\/\\\/eurotrail.info\\\/de\\\/producten\\\/schlafsaecke-und-thermo-matten\\\/schlafsaecke\\\/schlafsack-chili-400\\\/#breadcrumb\",\"itemListElement\":[{\"@type\":\"ListItem\",\"position\":1,\"name\":\"Home\",\"item\":\"https:\\\/\\\/eurotrail.info\\\/de\\\/\"},{\"@type\":\"ListItem\",\"position\":2,\"name\":\"Produkte\",\"item\":\"https:\\\/\\\/eurotrail.info\\\/de\\\/produkte\\\/\"},{\"@type\":\"ListItem\",\"position\":3,\"name\":\"Schlafsack Chili 400\"}]},{\"@type\":\"WebSite\",\"@id\":\"https:\\\/\\\/eurotrail.info\\\/#website\",\"url\":\"https:\\\/\\\/eurotrail.info\\\/\",\"name\":\"Eurotrail\",\"description\":\"\",\"publisher\":{\"@id\":\"https:\\\/\\\/eurotrail.info\\\/#organization\"},\"potentialAction\":[{\"@type\":\"SearchAction\",\"target\":{\"@type\":\"EntryPoint\",\"urlTemplate\":\"https:\\\/\\\/eurotrail.info\\\/?s={search_term_string}\"},\"query-input\":{\"@type\":\"PropertyValueSpecification\",\"valueRequired\":true,\"valueName\":\"search_term_string\"}}],\"inLanguage\":\"de\"},{\"@type\":\"Organization\",\"@id\":\"https:\\\/\\\/eurotrail.info\\\/#organization\",\"name\":\"Eurotrail\",\"url\":\"https:\\\/\\\/eurotrail.info\\\/\",\"logo\":{\"@type\":\"ImageObject\",\"inLanguage\":\"de\",\"@id\":\"https:\\\/\\\/eurotrail.info\\\/#\\\/schema\\\/logo\\\/image\\\/\",\"url\":\"https:\\\/\\\/eurotrail.info\\\/wp\\\/wp-content\\\/uploads\\\/2023\\\/07\\\/ET-logo-quote_NL-scaled.jpg\",\"contentUrl\":\"https:\\\/\\\/eurotrail.info\\\/wp\\\/wp-content\\\/uploads\\\/2023\\\/07\\\/ET-logo-quote_NL-scaled.jpg\",\"width\":2560,\"height\":675,\"caption\":\"Eurotrail\"},\"image\":{\"@id\":\"https:\\\/\\\/eurotrail.info\\\/#\\\/schema\\\/logo\\\/image\\\/\"}}]}<\/script>\n<!-- \/ Yoast SEO plugin. -->","yoast_head_json":{"title":"Schlafsack Chili 400 - Eurotrail","robots":{"index":"index","follow":"follow","max-snippet":"max-snippet:-1","max-image-preview":"max-image-preview:large","max-video-preview":"max-video-preview:-1"},"canonical":"https:\/\/eurotrail.info\/de\/producten\/schlafsaecke-und-thermo-matten\/schlafsaecke\/schlafsack-chili-400\/","og_locale":"de_DE","og_type":"article","og_title":"Schlafsack Chili 400 - Eurotrail","og_description":"Komfortable Deckenschlafsack aus speziell behandeltem \u201ePongee\u201c Polyester, atmungsaktiv und wasserabweisend. Das Material f\u00fchlt ganz angenehm und sanft auf der Haut an. Die F\u00fcllung ist eine&hellip;","og_url":"https:\/\/eurotrail.info\/de\/producten\/schlafsaecke-und-thermo-matten\/schlafsaecke\/schlafsack-chili-400\/","og_site_name":"Eurotrail","og_image":[{"width":1772,"height":984,"url":"https:\/\/eurotrail.info\/wp\/wp-content\/uploads\/2016\/03\/Eurotrail-slaapzak-Chili-400-1.jpg","type":"image\/jpeg"}],"twitter_card":"summary_large_image","twitter_misc":{"Gesch\u00e4tzte Lesezeit":"1\u00a0Minute"},"schema":{"@context":"https:\/\/schema.org","@graph":[{"@type":"WebPage","@id":"https:\/\/eurotrail.info\/de\/producten\/schlafsaecke-und-thermo-matten\/schlafsaecke\/schlafsack-chili-400\/","url":"https:\/\/eurotrail.info\/de\/producten\/schlafsaecke-und-thermo-matten\/schlafsaecke\/schlafsack-chili-400\/","name":"Schlafsack Chili 400 - Eurotrail","isPartOf":{"@id":"https:\/\/eurotrail.info\/#website"},"primaryImageOfPage":{"@id":"https:\/\/eurotrail.info\/de\/producten\/schlafsaecke-und-thermo-matten\/schlafsaecke\/schlafsack-chili-400\/#primaryimage"},"image":{"@id":"https:\/\/eurotrail.info\/de\/producten\/schlafsaecke-und-thermo-matten\/schlafsaecke\/schlafsack-chili-400\/#primaryimage"},"thumbnailUrl":"https:\/\/eurotrail.info\/wp\/wp-content\/uploads\/2016\/03\/Eurotrail-slaapzak-Chili-400-1.jpg","datePublished":"2016-03-04T12:52:27+00:00","breadcrumb":{"@id":"https:\/\/eurotrail.info\/de\/producten\/schlafsaecke-und-thermo-matten\/schlafsaecke\/schlafsack-chili-400\/#breadcrumb"},"inLanguage":"de","potentialAction":[{"@type":"ReadAction","target":["https:\/\/eurotrail.info\/de\/producten\/schlafsaecke-und-thermo-matten\/schlafsaecke\/schlafsack-chili-400\/"]}]},{"@type":"ImageObject","inLanguage":"de","@id":"https:\/\/eurotrail.info\/de\/producten\/schlafsaecke-und-thermo-matten\/schlafsaecke\/schlafsack-chili-400\/#primaryimage","url":"https:\/\/eurotrail.info\/wp\/wp-content\/uploads\/2016\/03\/Eurotrail-slaapzak-Chili-400-1.jpg","contentUrl":"https:\/\/eurotrail.info\/wp\/wp-content\/uploads\/2016\/03\/Eurotrail-slaapzak-Chili-400-1.jpg","width":1772,"height":984,"caption":"Schlafsack Chili 400"},{"@type":"BreadcrumbList","@id":"https:\/\/eurotrail.info\/de\/producten\/schlafsaecke-und-thermo-matten\/schlafsaecke\/schlafsack-chili-400\/#breadcrumb","itemListElement":[{"@type":"ListItem","position":1,"name":"Home","item":"https:\/\/eurotrail.info\/de\/"},{"@type":"ListItem","position":2,"name":"Produkte","item":"https:\/\/eurotrail.info\/de\/produkte\/"},{"@type":"ListItem","position":3,"name":"Schlafsack Chili 400"}]},{"@type":"WebSite","@id":"https:\/\/eurotrail.info\/#website","url":"https:\/\/eurotrail.info\/","name":"Eurotrail","description":"","publisher":{"@id":"https:\/\/eurotrail.info\/#organization"},"potentialAction":[{"@type":"SearchAction","target":{"@type":"EntryPoint","urlTemplate":"https:\/\/eurotrail.info\/?s={search_term_string}"},"query-input":{"@type":"PropertyValueSpecification","valueRequired":true,"valueName":"search_term_string"}}],"inLanguage":"de"},{"@type":"Organization","@id":"https:\/\/eurotrail.info\/#organization","name":"Eurotrail","url":"https:\/\/eurotrail.info\/","logo":{"@type":"ImageObject","inLanguage":"de","@id":"https:\/\/eurotrail.info\/#\/schema\/logo\/image\/","url":"https:\/\/eurotrail.info\/wp\/wp-content\/uploads\/2023\/07\/ET-logo-quote_NL-scaled.jpg","contentUrl":"https:\/\/eurotrail.info\/wp\/wp-content\/uploads\/2023\/07\/ET-logo-quote_NL-scaled.jpg","width":2560,"height":675,"caption":"Eurotrail"},"image":{"@id":"https:\/\/eurotrail.info\/#\/schema\/logo\/image\/"}}]}},"_links":{"self":[{"href":"https:\/\/eurotrail.info\/de\/wp-json\/wp\/v2\/product\/4041","targetHints":{"allow":["GET"]}}],"collection":[{"href":"https:\/\/eurotrail.info\/de\/wp-json\/wp\/v2\/product"}],"about":[{"href":"https:\/\/eurotrail.info\/de\/wp-json\/wp\/v2\/types\/product"}],"replies":[{"embeddable":true,"href":"https:\/\/eurotrail.info\/de\/wp-json\/wp\/v2\/comments?post=4041"}],"wp:featuredmedia":[{"embeddable":true,"href":"https:\/\/eurotrail.info\/de\/wp-json\/wp\/v2\/media\/1931"}],"wp:attachment":[{"href":"https:\/\/eurotrail.info\/de\/wp-json\/wp\/v2\/media?parent=4041"}],"wp:term":[{"taxonomy":"product_brand","embeddable":true,"href":"https:\/\/eurotrail.info\/de\/wp-json\/wp\/v2\/product_brand?post=4041"},{"taxonomy":"product_cat","embeddable":true,"href":"https:\/\/eurotrail.info\/de\/wp-json\/wp\/v2\/product_cat?post=4041"},{"taxonomy":"product_tag","embeddable":true,"href":"https:\/\/eurotrail.info\/de\/wp-json\/wp\/v2\/product_tag?post=4041"}],"curies":[{"name":"wp","href":"https:\/\/api.w.org\/{rel}","templated":true}]}}