{"id":4052,"date":"2016-03-04T13:50:25","date_gmt":"2016-03-04T12:50:25","guid":{"rendered":"http:\/\/preview.eurotrail.info\/producten\/schlafsack-comfort-xl\/"},"modified":"2016-03-04T13:50:25","modified_gmt":"2016-03-04T12:50:25","slug":"schlafsack-comfort-xl","status":"publish","type":"product","link":"https:\/\/eurotrail.info\/de\/producten\/schlafsaecke-und-thermo-matten\/schlafsaecke\/schlafsack-comfort-xl\/","title":{"rendered":"Schlafsack Comfort XL"},"content":{"rendered":"<p>Extra G\u00f6sse bequemer Deckenschlafsack mit Aussen- und Innenbezug aus 100% Baumwolle.<br \/>\nDie komfortable Gr\u00f6\u00dfe bietet Ihnen in der Nacht viel Platz und Komfort zum bewegen.<\/p>\n<p>Der Comfort XL Schlafsack hat eine  SLII (Supreme Loft II) Hohlfaser F\u00fcllung die eine optimale Isolation bietet. Bester Komfort Temperatur des Schlafsack ist um 4\u00b0C.<\/p>\n<p>Diese Schlafsack kann auf einander mit RV verbunden werden damit einem Doppelschlafsack entsteht. Die ideale Schlafsack um w\u00e4hrend Ihres Camping-Ausflug oder zu Hause zu verwenden. Der Schlafsack kann jedoch durch Waschmaschine gewaschen werden, nicht Zentrifugieren das wird die F\u00fcllung des Schlafsack besch\u00e4digen, lassen Sie es trocken ausser der Maschine. Der Schlafsack wird geliefert in eine praktische Kompressionssack.<\/p>\n<p>Details: 2 Lagen Konstruktion, RV Thermokragen, Dokumententasche, Kompressionsh\u00fclle.<\/p>\n<p>Gr\u00f6sse: 220x100cm<br \/>\nMaterial Aussen: 100% Baumwolle<br \/>\nMaterial Innen: 100% Baumwolle<br \/>\nF\u00fcllung: 250 Gr\/m\u00b2. SLII Hollowfaser, 2 Lagen Konstruktion<br \/>\nGewicht: 2650 Gr.<br \/>\nTemperaturbereich: 20\/4\/0\u00b0C.<\/p>\n","protected":false},"excerpt":{"rendered":"<p>Extra G\u00f6sse bequemer Deckenschlafsack mit Aussen- und Innenbezug aus 100% Baumwolle. Die komfortable Gr\u00f6\u00dfe bietet Ihnen in der Nacht viel Platz und Komfort zum bewegen.&hellip;<\/p>\n","protected":false},"featured_media":1928,"comment_status":"open","ping_status":"closed","template":"","meta":{"_acf_changed":false},"product_brand":[],"product_cat":[96],"product_tag":[],"class_list":{"0":"post-4052","1":"product","2":"type-product","3":"status-publish","4":"has-post-thumbnail","6":"product_cat-schlafsaecke","8":"first","9":"instock","10":"shipping-taxable","11":"product-type-simple"},"acf":[],"yoast_head":"<!-- This site is optimized with the Yoast SEO plugin v27.4 - https:\/\/yoast.com\/product\/yoast-seo-wordpress\/ -->\n<title>Schlafsack Comfort XL - Eurotrail<\/title>\n<meta name=\"robots\" content=\"index, follow, max-snippet:-1, max-image-preview:large, max-video-preview:-1\" \/>\n<link rel=\"canonical\" href=\"https:\/\/eurotrail.info\/de\/producten\/schlafsaecke-und-thermo-matten\/schlafsaecke\/schlafsack-comfort-xl\/\" \/>\n<meta property=\"og:locale\" content=\"de_DE\" \/>\n<meta property=\"og:type\" content=\"article\" \/>\n<meta property=\"og:title\" content=\"Schlafsack Comfort XL - Eurotrail\" \/>\n<meta property=\"og:description\" content=\"Extra G\u00f6sse bequemer Deckenschlafsack mit Aussen- und Innenbezug aus 100% Baumwolle. Die komfortable Gr\u00f6\u00dfe bietet Ihnen in der Nacht viel Platz und Komfort zum bewegen.&hellip;\" \/>\n<meta property=\"og:url\" content=\"https:\/\/eurotrail.info\/de\/producten\/schlafsaecke-und-thermo-matten\/schlafsaecke\/schlafsack-comfort-xl\/\" \/>\n<meta property=\"og:site_name\" content=\"Eurotrail\" \/>\n<meta property=\"og:image\" content=\"https:\/\/eurotrail.info\/wp\/wp-content\/uploads\/2016\/03\/Eurotrail-slaapzak-Comfort.jpg\" \/>\n\t<meta property=\"og:image:width\" content=\"1417\" \/>\n\t<meta property=\"og:image:height\" content=\"625\" \/>\n\t<meta property=\"og:image:type\" content=\"image\/jpeg\" \/>\n<meta name=\"twitter:card\" content=\"summary_large_image\" \/>\n<meta name=\"twitter:label1\" content=\"Gesch\u00e4tzte Lesezeit\" \/>\n\t<meta name=\"twitter:data1\" content=\"1\u00a0Minute\" \/>\n<script type=\"application\/ld+json\" class=\"yoast-schema-graph\">{\"@context\":\"https:\\\/\\\/schema.org\",\"@graph\":[{\"@type\":\"WebPage\",\"@id\":\"https:\\\/\\\/eurotrail.info\\\/de\\\/producten\\\/schlafsaecke-und-thermo-matten\\\/schlafsaecke\\\/schlafsack-comfort-xl\\\/\",\"url\":\"https:\\\/\\\/eurotrail.info\\\/de\\\/producten\\\/schlafsaecke-und-thermo-matten\\\/schlafsaecke\\\/schlafsack-comfort-xl\\\/\",\"name\":\"Schlafsack Comfort XL - Eurotrail\",\"isPartOf\":{\"@id\":\"https:\\\/\\\/eurotrail.info\\\/#website\"},\"primaryImageOfPage\":{\"@id\":\"https:\\\/\\\/eurotrail.info\\\/de\\\/producten\\\/schlafsaecke-und-thermo-matten\\\/schlafsaecke\\\/schlafsack-comfort-xl\\\/#primaryimage\"},\"image\":{\"@id\":\"https:\\\/\\\/eurotrail.info\\\/de\\\/producten\\\/schlafsaecke-und-thermo-matten\\\/schlafsaecke\\\/schlafsack-comfort-xl\\\/#primaryimage\"},\"thumbnailUrl\":\"https:\\\/\\\/eurotrail.info\\\/wp\\\/wp-content\\\/uploads\\\/2016\\\/03\\\/Eurotrail-slaapzak-Comfort.jpg\",\"datePublished\":\"2016-03-04T12:50:25+00:00\",\"breadcrumb\":{\"@id\":\"https:\\\/\\\/eurotrail.info\\\/de\\\/producten\\\/schlafsaecke-und-thermo-matten\\\/schlafsaecke\\\/schlafsack-comfort-xl\\\/#breadcrumb\"},\"inLanguage\":\"de\",\"potentialAction\":[{\"@type\":\"ReadAction\",\"target\":[\"https:\\\/\\\/eurotrail.info\\\/de\\\/producten\\\/schlafsaecke-und-thermo-matten\\\/schlafsaecke\\\/schlafsack-comfort-xl\\\/\"]}]},{\"@type\":\"ImageObject\",\"inLanguage\":\"de\",\"@id\":\"https:\\\/\\\/eurotrail.info\\\/de\\\/producten\\\/schlafsaecke-und-thermo-matten\\\/schlafsaecke\\\/schlafsack-comfort-xl\\\/#primaryimage\",\"url\":\"https:\\\/\\\/eurotrail.info\\\/wp\\\/wp-content\\\/uploads\\\/2016\\\/03\\\/Eurotrail-slaapzak-Comfort.jpg\",\"contentUrl\":\"https:\\\/\\\/eurotrail.info\\\/wp\\\/wp-content\\\/uploads\\\/2016\\\/03\\\/Eurotrail-slaapzak-Comfort.jpg\",\"width\":1417,\"height\":625,\"caption\":\"Extra G\u00f6sse bequemer Deckenschlafsack mit Aussen- und Innenbezug aus 100% Baumwolle.\"},{\"@type\":\"BreadcrumbList\",\"@id\":\"https:\\\/\\\/eurotrail.info\\\/de\\\/producten\\\/schlafsaecke-und-thermo-matten\\\/schlafsaecke\\\/schlafsack-comfort-xl\\\/#breadcrumb\",\"itemListElement\":[{\"@type\":\"ListItem\",\"position\":1,\"name\":\"Home\",\"item\":\"https:\\\/\\\/eurotrail.info\\\/de\\\/\"},{\"@type\":\"ListItem\",\"position\":2,\"name\":\"Produkte\",\"item\":\"https:\\\/\\\/eurotrail.info\\\/de\\\/produkte\\\/\"},{\"@type\":\"ListItem\",\"position\":3,\"name\":\"Schlafsack Comfort XL\"}]},{\"@type\":\"WebSite\",\"@id\":\"https:\\\/\\\/eurotrail.info\\\/#website\",\"url\":\"https:\\\/\\\/eurotrail.info\\\/\",\"name\":\"Eurotrail\",\"description\":\"\",\"publisher\":{\"@id\":\"https:\\\/\\\/eurotrail.info\\\/#organization\"},\"potentialAction\":[{\"@type\":\"SearchAction\",\"target\":{\"@type\":\"EntryPoint\",\"urlTemplate\":\"https:\\\/\\\/eurotrail.info\\\/?s={search_term_string}\"},\"query-input\":{\"@type\":\"PropertyValueSpecification\",\"valueRequired\":true,\"valueName\":\"search_term_string\"}}],\"inLanguage\":\"de\"},{\"@type\":\"Organization\",\"@id\":\"https:\\\/\\\/eurotrail.info\\\/#organization\",\"name\":\"Eurotrail\",\"url\":\"https:\\\/\\\/eurotrail.info\\\/\",\"logo\":{\"@type\":\"ImageObject\",\"inLanguage\":\"de\",\"@id\":\"https:\\\/\\\/eurotrail.info\\\/#\\\/schema\\\/logo\\\/image\\\/\",\"url\":\"https:\\\/\\\/eurotrail.info\\\/wp\\\/wp-content\\\/uploads\\\/2023\\\/07\\\/ET-logo-quote_NL-scaled.jpg\",\"contentUrl\":\"https:\\\/\\\/eurotrail.info\\\/wp\\\/wp-content\\\/uploads\\\/2023\\\/07\\\/ET-logo-quote_NL-scaled.jpg\",\"width\":2560,\"height\":675,\"caption\":\"Eurotrail\"},\"image\":{\"@id\":\"https:\\\/\\\/eurotrail.info\\\/#\\\/schema\\\/logo\\\/image\\\/\"}}]}<\/script>\n<!-- \/ Yoast SEO plugin. -->","yoast_head_json":{"title":"Schlafsack Comfort XL - Eurotrail","robots":{"index":"index","follow":"follow","max-snippet":"max-snippet:-1","max-image-preview":"max-image-preview:large","max-video-preview":"max-video-preview:-1"},"canonical":"https:\/\/eurotrail.info\/de\/producten\/schlafsaecke-und-thermo-matten\/schlafsaecke\/schlafsack-comfort-xl\/","og_locale":"de_DE","og_type":"article","og_title":"Schlafsack Comfort XL - Eurotrail","og_description":"Extra G\u00f6sse bequemer Deckenschlafsack mit Aussen- und Innenbezug aus 100% Baumwolle. Die komfortable Gr\u00f6\u00dfe bietet Ihnen in der Nacht viel Platz und Komfort zum bewegen.&hellip;","og_url":"https:\/\/eurotrail.info\/de\/producten\/schlafsaecke-und-thermo-matten\/schlafsaecke\/schlafsack-comfort-xl\/","og_site_name":"Eurotrail","og_image":[{"width":1417,"height":625,"url":"https:\/\/eurotrail.info\/wp\/wp-content\/uploads\/2016\/03\/Eurotrail-slaapzak-Comfort.jpg","type":"image\/jpeg"}],"twitter_card":"summary_large_image","twitter_misc":{"Gesch\u00e4tzte Lesezeit":"1\u00a0Minute"},"schema":{"@context":"https:\/\/schema.org","@graph":[{"@type":"WebPage","@id":"https:\/\/eurotrail.info\/de\/producten\/schlafsaecke-und-thermo-matten\/schlafsaecke\/schlafsack-comfort-xl\/","url":"https:\/\/eurotrail.info\/de\/producten\/schlafsaecke-und-thermo-matten\/schlafsaecke\/schlafsack-comfort-xl\/","name":"Schlafsack Comfort XL - Eurotrail","isPartOf":{"@id":"https:\/\/eurotrail.info\/#website"},"primaryImageOfPage":{"@id":"https:\/\/eurotrail.info\/de\/producten\/schlafsaecke-und-thermo-matten\/schlafsaecke\/schlafsack-comfort-xl\/#primaryimage"},"image":{"@id":"https:\/\/eurotrail.info\/de\/producten\/schlafsaecke-und-thermo-matten\/schlafsaecke\/schlafsack-comfort-xl\/#primaryimage"},"thumbnailUrl":"https:\/\/eurotrail.info\/wp\/wp-content\/uploads\/2016\/03\/Eurotrail-slaapzak-Comfort.jpg","datePublished":"2016-03-04T12:50:25+00:00","breadcrumb":{"@id":"https:\/\/eurotrail.info\/de\/producten\/schlafsaecke-und-thermo-matten\/schlafsaecke\/schlafsack-comfort-xl\/#breadcrumb"},"inLanguage":"de","potentialAction":[{"@type":"ReadAction","target":["https:\/\/eurotrail.info\/de\/producten\/schlafsaecke-und-thermo-matten\/schlafsaecke\/schlafsack-comfort-xl\/"]}]},{"@type":"ImageObject","inLanguage":"de","@id":"https:\/\/eurotrail.info\/de\/producten\/schlafsaecke-und-thermo-matten\/schlafsaecke\/schlafsack-comfort-xl\/#primaryimage","url":"https:\/\/eurotrail.info\/wp\/wp-content\/uploads\/2016\/03\/Eurotrail-slaapzak-Comfort.jpg","contentUrl":"https:\/\/eurotrail.info\/wp\/wp-content\/uploads\/2016\/03\/Eurotrail-slaapzak-Comfort.jpg","width":1417,"height":625,"caption":"Extra G\u00f6sse bequemer Deckenschlafsack mit Aussen- und Innenbezug aus 100% Baumwolle."},{"@type":"BreadcrumbList","@id":"https:\/\/eurotrail.info\/de\/producten\/schlafsaecke-und-thermo-matten\/schlafsaecke\/schlafsack-comfort-xl\/#breadcrumb","itemListElement":[{"@type":"ListItem","position":1,"name":"Home","item":"https:\/\/eurotrail.info\/de\/"},{"@type":"ListItem","position":2,"name":"Produkte","item":"https:\/\/eurotrail.info\/de\/produkte\/"},{"@type":"ListItem","position":3,"name":"Schlafsack Comfort XL"}]},{"@type":"WebSite","@id":"https:\/\/eurotrail.info\/#website","url":"https:\/\/eurotrail.info\/","name":"Eurotrail","description":"","publisher":{"@id":"https:\/\/eurotrail.info\/#organization"},"potentialAction":[{"@type":"SearchAction","target":{"@type":"EntryPoint","urlTemplate":"https:\/\/eurotrail.info\/?s={search_term_string}"},"query-input":{"@type":"PropertyValueSpecification","valueRequired":true,"valueName":"search_term_string"}}],"inLanguage":"de"},{"@type":"Organization","@id":"https:\/\/eurotrail.info\/#organization","name":"Eurotrail","url":"https:\/\/eurotrail.info\/","logo":{"@type":"ImageObject","inLanguage":"de","@id":"https:\/\/eurotrail.info\/#\/schema\/logo\/image\/","url":"https:\/\/eurotrail.info\/wp\/wp-content\/uploads\/2023\/07\/ET-logo-quote_NL-scaled.jpg","contentUrl":"https:\/\/eurotrail.info\/wp\/wp-content\/uploads\/2023\/07\/ET-logo-quote_NL-scaled.jpg","width":2560,"height":675,"caption":"Eurotrail"},"image":{"@id":"https:\/\/eurotrail.info\/#\/schema\/logo\/image\/"}}]}},"_links":{"self":[{"href":"https:\/\/eurotrail.info\/de\/wp-json\/wp\/v2\/product\/4052","targetHints":{"allow":["GET"]}}],"collection":[{"href":"https:\/\/eurotrail.info\/de\/wp-json\/wp\/v2\/product"}],"about":[{"href":"https:\/\/eurotrail.info\/de\/wp-json\/wp\/v2\/types\/product"}],"replies":[{"embeddable":true,"href":"https:\/\/eurotrail.info\/de\/wp-json\/wp\/v2\/comments?post=4052"}],"wp:featuredmedia":[{"embeddable":true,"href":"https:\/\/eurotrail.info\/de\/wp-json\/wp\/v2\/media\/1928"}],"wp:attachment":[{"href":"https:\/\/eurotrail.info\/de\/wp-json\/wp\/v2\/media?parent=4052"}],"wp:term":[{"taxonomy":"product_brand","embeddable":true,"href":"https:\/\/eurotrail.info\/de\/wp-json\/wp\/v2\/product_brand?post=4052"},{"taxonomy":"product_cat","embeddable":true,"href":"https:\/\/eurotrail.info\/de\/wp-json\/wp\/v2\/product_cat?post=4052"},{"taxonomy":"product_tag","embeddable":true,"href":"https:\/\/eurotrail.info\/de\/wp-json\/wp\/v2\/product_tag?post=4052"}],"curies":[{"name":"wp","href":"https:\/\/api.w.org\/{rel}","templated":true}]}}