{"id":4307,"date":"2016-04-07T12:57:25","date_gmt":"2016-04-07T11:57:25","guid":{"rendered":"http:\/\/preview.eurotrail.info\/producten\/zeltteppich\/"},"modified":"2024-01-16T15:47:14","modified_gmt":"2024-01-16T14:47:14","slug":"zeltteppich","status":"publish","type":"product","link":"https:\/\/eurotrail.info\/de\/producten\/zeltteppich\/zeltteppich\/","title":{"rendered":"Zeltteppich"},"content":{"rendered":"<p>Stabiler Zeltteppich f\u00fcr Vorzelt und Markise.<\/p>\n<p>Ideal vor Wohnmobilen, im Vorzelt und als Unterlage f\u00fcr Camping-M\u00f6bel, auch f\u00fcr Balkon oder Terrasse geeignet.<br \/>\nDer Teppich hat einen Nylonkern, der von einer speziellen Schaumschicht umgeben ist, die auf die gew\u00fcnschte Gr\u00f6\u00dfe zugeschnitten werden kann. Mit den speziellen Eurotrail Zelt Clips (optional) k\u00f6nnen Sie den Teppich mit einem Hering am Boden. Nach dem Gebrauch k\u00f6nnen Sie den Teppich in einem speziellen Eurotrail-Zeltteppichtasche aufbewahren (optional).<br \/>\nFarben\u00b1 Grau, Gr\u00f9n, Marine, Antrazit<br \/>\nMaterial: 100% PVC \u00b1 500 gr\/m\u00b2<br \/>\n&#8211; atmungsaktive Struktur<br \/>\n&#8211; W\u00e4rmeisolierend<br \/>\n&#8211; Wasser- und Schmutzdurchl\u00e4ssig<br \/>\n&#8211; Farbecht<br \/>\n&#8211; Leicht zu reinigen<br \/>\n&#8211; Wetterbest\u00e4ndig<\/p>\n<p>Lieferbar in verschiedene Gr\u00f6\u00dfen<br \/>\n250&#215;200\/300\/400\/500\/600\/700cm<br \/>\n300&#215;400\/500\/600\/700cm<br \/>\n350&#215;400\/500\/600cm<\/p>\n","protected":false},"excerpt":{"rendered":"<p>Stabiler Zeltteppich f\u00fcr Vorzelt und Markise. Ideal vor Wohnmobilen, im Vorzelt und als Unterlage f\u00fcr Camping-M\u00f6bel, auch f\u00fcr Balkon oder Terrasse geeignet. Der Teppich hat&hellip;<\/p>\n","protected":false},"featured_media":4321,"comment_status":"open","ping_status":"closed","template":"","meta":{"_acf_changed":false},"product_brand":[],"product_cat":[70],"product_tag":[],"class_list":{"0":"post-4307","1":"product","2":"type-product","3":"status-publish","4":"has-post-thumbnail","6":"product_cat-zeltteppich","8":"first","9":"instock","10":"shipping-taxable","11":"product-type-simple"},"acf":[],"yoast_head":"<!-- This site is optimized with the Yoast SEO plugin v27.3 - https:\/\/yoast.com\/product\/yoast-seo-wordpress\/ -->\n<title>Zeltteppich - Eurotrail<\/title>\n<meta name=\"description\" content=\"Stabiler Zeltteppich f\u00fcr Vorzelt und Markise.Ideal vor Wohnmobilen, im Vorzelt und als Unterlage f\u00fcr Camping-M\u00f6bel, auch f\u00fcr Balkon oder Terrasse geeignet.\" \/>\n<meta name=\"robots\" content=\"index, follow, max-snippet:-1, max-image-preview:large, max-video-preview:-1\" \/>\n<link rel=\"canonical\" href=\"https:\/\/eurotrail.info\/de\/producten\/zeltteppich\/zeltteppich\/\" \/>\n<meta property=\"og:locale\" content=\"de_DE\" \/>\n<meta property=\"og:type\" content=\"article\" \/>\n<meta property=\"og:title\" content=\"Zeltteppich - Eurotrail\" \/>\n<meta property=\"og:description\" content=\"Stabiler Zeltteppich f\u00fcr Vorzelt und Markise.Ideal vor Wohnmobilen, im Vorzelt und als Unterlage f\u00fcr Camping-M\u00f6bel, auch f\u00fcr Balkon oder Terrasse geeignet.\" \/>\n<meta property=\"og:url\" content=\"https:\/\/eurotrail.info\/de\/producten\/zeltteppich\/zeltteppich\/\" \/>\n<meta property=\"og:site_name\" content=\"Eurotrail\" \/>\n<meta property=\"article:modified_time\" content=\"2024-01-16T14:47:14+00:00\" \/>\n<meta property=\"og:image\" content=\"https:\/\/eurotrail.info\/wp\/wp-content\/uploads\/2016\/04\/ETGS0008-sample-0002.jpg\" \/>\n\t<meta property=\"og:image:width\" content=\"282\" \/>\n\t<meta property=\"og:image:height\" content=\"413\" \/>\n\t<meta property=\"og:image:type\" content=\"image\/jpeg\" \/>\n<meta name=\"twitter:card\" content=\"summary_large_image\" \/>\n<meta name=\"twitter:label1\" content=\"Gesch\u00e4tzte Lesezeit\" \/>\n\t<meta name=\"twitter:data1\" content=\"1\u00a0Minute\" \/>\n<script type=\"application\/ld+json\" class=\"yoast-schema-graph\">{\"@context\":\"https:\\\/\\\/schema.org\",\"@graph\":[{\"@type\":\"WebPage\",\"@id\":\"https:\\\/\\\/eurotrail.info\\\/de\\\/producten\\\/zeltteppich\\\/zeltteppich\\\/\",\"url\":\"https:\\\/\\\/eurotrail.info\\\/de\\\/producten\\\/zeltteppich\\\/zeltteppich\\\/\",\"name\":\"Zeltteppich - Eurotrail\",\"isPartOf\":{\"@id\":\"https:\\\/\\\/eurotrail.info\\\/#website\"},\"primaryImageOfPage\":{\"@id\":\"https:\\\/\\\/eurotrail.info\\\/de\\\/producten\\\/zeltteppich\\\/zeltteppich\\\/#primaryimage\"},\"image\":{\"@id\":\"https:\\\/\\\/eurotrail.info\\\/de\\\/producten\\\/zeltteppich\\\/zeltteppich\\\/#primaryimage\"},\"thumbnailUrl\":\"https:\\\/\\\/eurotrail.info\\\/wp\\\/wp-content\\\/uploads\\\/2016\\\/04\\\/ETGS0008-sample-0002.jpg\",\"datePublished\":\"2016-04-07T11:57:25+00:00\",\"dateModified\":\"2024-01-16T14:47:14+00:00\",\"description\":\"Stabiler Zeltteppich f\u00fcr Vorzelt und Markise.Ideal vor Wohnmobilen, im Vorzelt und als Unterlage f\u00fcr Camping-M\u00f6bel, auch f\u00fcr Balkon oder Terrasse geeignet.\",\"breadcrumb\":{\"@id\":\"https:\\\/\\\/eurotrail.info\\\/de\\\/producten\\\/zeltteppich\\\/zeltteppich\\\/#breadcrumb\"},\"inLanguage\":\"de\",\"potentialAction\":[{\"@type\":\"ReadAction\",\"target\":[\"https:\\\/\\\/eurotrail.info\\\/de\\\/producten\\\/zeltteppich\\\/zeltteppich\\\/\"]}]},{\"@type\":\"ImageObject\",\"inLanguage\":\"de\",\"@id\":\"https:\\\/\\\/eurotrail.info\\\/de\\\/producten\\\/zeltteppich\\\/zeltteppich\\\/#primaryimage\",\"url\":\"https:\\\/\\\/eurotrail.info\\\/wp\\\/wp-content\\\/uploads\\\/2016\\\/04\\\/ETGS0008-sample-0002.jpg\",\"contentUrl\":\"https:\\\/\\\/eurotrail.info\\\/wp\\\/wp-content\\\/uploads\\\/2016\\\/04\\\/ETGS0008-sample-0002.jpg\",\"width\":282,\"height\":413,\"caption\":\"Grau\"},{\"@type\":\"BreadcrumbList\",\"@id\":\"https:\\\/\\\/eurotrail.info\\\/de\\\/producten\\\/zeltteppich\\\/zeltteppich\\\/#breadcrumb\",\"itemListElement\":[{\"@type\":\"ListItem\",\"position\":1,\"name\":\"Home\",\"item\":\"https:\\\/\\\/eurotrail.info\\\/de\\\/\"},{\"@type\":\"ListItem\",\"position\":2,\"name\":\"Produkte\",\"item\":\"https:\\\/\\\/eurotrail.info\\\/de\\\/produkte\\\/\"},{\"@type\":\"ListItem\",\"position\":3,\"name\":\"Zeltteppich\"}]},{\"@type\":\"WebSite\",\"@id\":\"https:\\\/\\\/eurotrail.info\\\/#website\",\"url\":\"https:\\\/\\\/eurotrail.info\\\/\",\"name\":\"Eurotrail\",\"description\":\"\",\"publisher\":{\"@id\":\"https:\\\/\\\/eurotrail.info\\\/#organization\"},\"potentialAction\":[{\"@type\":\"SearchAction\",\"target\":{\"@type\":\"EntryPoint\",\"urlTemplate\":\"https:\\\/\\\/eurotrail.info\\\/?s={search_term_string}\"},\"query-input\":{\"@type\":\"PropertyValueSpecification\",\"valueRequired\":true,\"valueName\":\"search_term_string\"}}],\"inLanguage\":\"de\"},{\"@type\":\"Organization\",\"@id\":\"https:\\\/\\\/eurotrail.info\\\/#organization\",\"name\":\"Eurotrail\",\"url\":\"https:\\\/\\\/eurotrail.info\\\/\",\"logo\":{\"@type\":\"ImageObject\",\"inLanguage\":\"de\",\"@id\":\"https:\\\/\\\/eurotrail.info\\\/#\\\/schema\\\/logo\\\/image\\\/\",\"url\":\"https:\\\/\\\/eurotrail.info\\\/wp\\\/wp-content\\\/uploads\\\/2023\\\/07\\\/ET-logo-quote_NL-scaled.jpg\",\"contentUrl\":\"https:\\\/\\\/eurotrail.info\\\/wp\\\/wp-content\\\/uploads\\\/2023\\\/07\\\/ET-logo-quote_NL-scaled.jpg\",\"width\":2560,\"height\":675,\"caption\":\"Eurotrail\"},\"image\":{\"@id\":\"https:\\\/\\\/eurotrail.info\\\/#\\\/schema\\\/logo\\\/image\\\/\"}}]}<\/script>\n<!-- \/ Yoast SEO plugin. -->","yoast_head_json":{"title":"Zeltteppich - Eurotrail","description":"Stabiler Zeltteppich f\u00fcr Vorzelt und Markise.Ideal vor Wohnmobilen, im Vorzelt und als Unterlage f\u00fcr Camping-M\u00f6bel, auch f\u00fcr Balkon oder Terrasse geeignet.","robots":{"index":"index","follow":"follow","max-snippet":"max-snippet:-1","max-image-preview":"max-image-preview:large","max-video-preview":"max-video-preview:-1"},"canonical":"https:\/\/eurotrail.info\/de\/producten\/zeltteppich\/zeltteppich\/","og_locale":"de_DE","og_type":"article","og_title":"Zeltteppich - Eurotrail","og_description":"Stabiler Zeltteppich f\u00fcr Vorzelt und Markise.Ideal vor Wohnmobilen, im Vorzelt und als Unterlage f\u00fcr Camping-M\u00f6bel, auch f\u00fcr Balkon oder Terrasse geeignet.","og_url":"https:\/\/eurotrail.info\/de\/producten\/zeltteppich\/zeltteppich\/","og_site_name":"Eurotrail","article_modified_time":"2024-01-16T14:47:14+00:00","og_image":[{"width":282,"height":413,"url":"https:\/\/eurotrail.info\/wp\/wp-content\/uploads\/2016\/04\/ETGS0008-sample-0002.jpg","type":"image\/jpeg"}],"twitter_card":"summary_large_image","twitter_misc":{"Gesch\u00e4tzte Lesezeit":"1\u00a0Minute"},"schema":{"@context":"https:\/\/schema.org","@graph":[{"@type":"WebPage","@id":"https:\/\/eurotrail.info\/de\/producten\/zeltteppich\/zeltteppich\/","url":"https:\/\/eurotrail.info\/de\/producten\/zeltteppich\/zeltteppich\/","name":"Zeltteppich - Eurotrail","isPartOf":{"@id":"https:\/\/eurotrail.info\/#website"},"primaryImageOfPage":{"@id":"https:\/\/eurotrail.info\/de\/producten\/zeltteppich\/zeltteppich\/#primaryimage"},"image":{"@id":"https:\/\/eurotrail.info\/de\/producten\/zeltteppich\/zeltteppich\/#primaryimage"},"thumbnailUrl":"https:\/\/eurotrail.info\/wp\/wp-content\/uploads\/2016\/04\/ETGS0008-sample-0002.jpg","datePublished":"2016-04-07T11:57:25+00:00","dateModified":"2024-01-16T14:47:14+00:00","description":"Stabiler Zeltteppich f\u00fcr Vorzelt und Markise.Ideal vor Wohnmobilen, im Vorzelt und als Unterlage f\u00fcr Camping-M\u00f6bel, auch f\u00fcr Balkon oder Terrasse geeignet.","breadcrumb":{"@id":"https:\/\/eurotrail.info\/de\/producten\/zeltteppich\/zeltteppich\/#breadcrumb"},"inLanguage":"de","potentialAction":[{"@type":"ReadAction","target":["https:\/\/eurotrail.info\/de\/producten\/zeltteppich\/zeltteppich\/"]}]},{"@type":"ImageObject","inLanguage":"de","@id":"https:\/\/eurotrail.info\/de\/producten\/zeltteppich\/zeltteppich\/#primaryimage","url":"https:\/\/eurotrail.info\/wp\/wp-content\/uploads\/2016\/04\/ETGS0008-sample-0002.jpg","contentUrl":"https:\/\/eurotrail.info\/wp\/wp-content\/uploads\/2016\/04\/ETGS0008-sample-0002.jpg","width":282,"height":413,"caption":"Grau"},{"@type":"BreadcrumbList","@id":"https:\/\/eurotrail.info\/de\/producten\/zeltteppich\/zeltteppich\/#breadcrumb","itemListElement":[{"@type":"ListItem","position":1,"name":"Home","item":"https:\/\/eurotrail.info\/de\/"},{"@type":"ListItem","position":2,"name":"Produkte","item":"https:\/\/eurotrail.info\/de\/produkte\/"},{"@type":"ListItem","position":3,"name":"Zeltteppich"}]},{"@type":"WebSite","@id":"https:\/\/eurotrail.info\/#website","url":"https:\/\/eurotrail.info\/","name":"Eurotrail","description":"","publisher":{"@id":"https:\/\/eurotrail.info\/#organization"},"potentialAction":[{"@type":"SearchAction","target":{"@type":"EntryPoint","urlTemplate":"https:\/\/eurotrail.info\/?s={search_term_string}"},"query-input":{"@type":"PropertyValueSpecification","valueRequired":true,"valueName":"search_term_string"}}],"inLanguage":"de"},{"@type":"Organization","@id":"https:\/\/eurotrail.info\/#organization","name":"Eurotrail","url":"https:\/\/eurotrail.info\/","logo":{"@type":"ImageObject","inLanguage":"de","@id":"https:\/\/eurotrail.info\/#\/schema\/logo\/image\/","url":"https:\/\/eurotrail.info\/wp\/wp-content\/uploads\/2023\/07\/ET-logo-quote_NL-scaled.jpg","contentUrl":"https:\/\/eurotrail.info\/wp\/wp-content\/uploads\/2023\/07\/ET-logo-quote_NL-scaled.jpg","width":2560,"height":675,"caption":"Eurotrail"},"image":{"@id":"https:\/\/eurotrail.info\/#\/schema\/logo\/image\/"}}]}},"_links":{"self":[{"href":"https:\/\/eurotrail.info\/de\/wp-json\/wp\/v2\/product\/4307","targetHints":{"allow":["GET"]}}],"collection":[{"href":"https:\/\/eurotrail.info\/de\/wp-json\/wp\/v2\/product"}],"about":[{"href":"https:\/\/eurotrail.info\/de\/wp-json\/wp\/v2\/types\/product"}],"replies":[{"embeddable":true,"href":"https:\/\/eurotrail.info\/de\/wp-json\/wp\/v2\/comments?post=4307"}],"wp:featuredmedia":[{"embeddable":true,"href":"https:\/\/eurotrail.info\/de\/wp-json\/wp\/v2\/media\/4321"}],"wp:attachment":[{"href":"https:\/\/eurotrail.info\/de\/wp-json\/wp\/v2\/media?parent=4307"}],"wp:term":[{"taxonomy":"product_brand","embeddable":true,"href":"https:\/\/eurotrail.info\/de\/wp-json\/wp\/v2\/product_brand?post=4307"},{"taxonomy":"product_cat","embeddable":true,"href":"https:\/\/eurotrail.info\/de\/wp-json\/wp\/v2\/product_cat?post=4307"},{"taxonomy":"product_tag","embeddable":true,"href":"https:\/\/eurotrail.info\/de\/wp-json\/wp\/v2\/product_tag?post=4307"}],"curies":[{"name":"wp","href":"https:\/\/api.w.org\/{rel}","templated":true}]}}