{"id":4312,"date":"2016-04-07T12:59:49","date_gmt":"2016-04-07T11:59:49","guid":{"rendered":"http:\/\/preview.eurotrail.info\/producten\/zeltboden-eco\/"},"modified":"2024-01-16T15:31:03","modified_gmt":"2024-01-16T14:31:03","slug":"zeltboden-fuer-zelte-eco-material","status":"publish","type":"product","link":"https:\/\/eurotrail.info\/de\/producten\/zeltteppich\/zeltboden-fuer-zelte-eco-material\/","title":{"rendered":"Zeltboden f\u00fcr Zelte, Eco-Material"},"content":{"rendered":"<p>Spezielles wasserdurchl\u00e4ssiges Grundgewebe.<br \/>\nDieses Tuch sorgt daf\u00fcr, dass der Boden nicht luftdicht verschlossen wird, was zur F\u00e4ulnis des Grases f\u00fchren kann. Das Wasser kann nun einfach im Boden versinken und Luft eindringen. Auf vielen Campingpl\u00e4tzen ist die Verwendung dieser Bodenplane Pflicht.<\/p>\n<p>Material: 100 % recyceltes Polypropylen (nat\u00fcrlich ohne Weichmacher)<\/p>\n<p>Es stehen verschiedene Gr\u00f6\u00dfen zur Verf\u00fcgung. Preise ab<br \/>\n250 x 300 cm \u2013 ETGS0051<br \/>\n250 x 400 cm \u2013 ETGS0053<br \/>\n250 x 600 cm \u2013 ETGS0057<br \/>\n250 x 700 cm \u2013 ETGS0059<br \/>\n300 x 300 cm \u2013 ETGS0064<br \/>\n300 x 400 cm \u2013 ETGS0065<br \/>\n300 x 500 cm \u2013 ETGS0066<br \/>\n300 x 600 cm \u2013 ETGS0067<br \/>\n300 x 700 cm \u2013 ETGS0068<br \/>\n400 x 500 cm \u2013 ETGS0070<br \/>\n400 x 600 cm \u2013 ETGS0071<\/p>\n","protected":false},"excerpt":{"rendered":"<p>Spezielles wasserdurchl\u00e4ssiges Grundgewebe. Dieses Tuch sorgt daf\u00fcr, dass der Boden nicht luftdicht verschlossen wird, was zur F\u00e4ulnis des Grases f\u00fchren kann. Das Wasser kann nun&hellip;<\/p>\n","protected":false},"featured_media":12463,"comment_status":"open","ping_status":"closed","template":"","meta":{"_acf_changed":false},"product_brand":[],"product_cat":[70],"product_tag":[],"class_list":{"0":"post-4312","1":"product","2":"type-product","3":"status-publish","4":"has-post-thumbnail","6":"product_cat-zeltteppich","8":"first","9":"instock","10":"shipping-taxable","11":"product-type-simple"},"acf":[],"yoast_head":"<!-- This site is optimized with the Yoast SEO plugin v27.4 - https:\/\/yoast.com\/product\/yoast-seo-wordpress\/ -->\n<title>Zeltboden f\u00fcr Zelte, Eco-Material - Eurotrail<\/title>\n<meta name=\"description\" content=\"Spezielles wasserdurchl\u00e4ssiges Grundgewebe., sorgt daf\u00fcr, dass der Boden nicht luftdicht verschlossen wird, was zur F\u00e4ulnis des Grases f\u00fchren kann.\" \/>\n<meta name=\"robots\" content=\"index, follow, max-snippet:-1, max-image-preview:large, max-video-preview:-1\" \/>\n<link rel=\"canonical\" href=\"https:\/\/eurotrail.info\/de\/producten\/zeltteppich\/zeltboden-fuer-zelte-eco-material\/\" \/>\n<meta property=\"og:locale\" content=\"de_DE\" \/>\n<meta property=\"og:type\" content=\"article\" \/>\n<meta property=\"og:title\" content=\"Zeltboden f\u00fcr Zelte, Eco-Material - Eurotrail\" \/>\n<meta property=\"og:description\" content=\"Spezielles wasserdurchl\u00e4ssiges Grundgewebe., sorgt daf\u00fcr, dass der Boden nicht luftdicht verschlossen wird, was zur F\u00e4ulnis des Grases f\u00fchren kann.\" \/>\n<meta property=\"og:url\" content=\"https:\/\/eurotrail.info\/de\/producten\/zeltteppich\/zeltboden-fuer-zelte-eco-material\/\" \/>\n<meta property=\"og:site_name\" content=\"Eurotrail\" \/>\n<meta property=\"article:modified_time\" content=\"2024-01-16T14:31:03+00:00\" \/>\n<meta property=\"og:image\" content=\"https:\/\/eurotrail.info\/wp\/wp-content\/uploads\/2016\/04\/ETGS0053_NVT_2.jpg\" \/>\n\t<meta property=\"og:image:width\" content=\"1772\" \/>\n\t<meta property=\"og:image:height\" content=\"1178\" \/>\n\t<meta property=\"og:image:type\" content=\"image\/jpeg\" \/>\n<meta name=\"twitter:card\" content=\"summary_large_image\" \/>\n<meta name=\"twitter:label1\" content=\"Gesch\u00e4tzte Lesezeit\" \/>\n\t<meta name=\"twitter:data1\" content=\"1\u00a0Minute\" \/>\n<script type=\"application\/ld+json\" class=\"yoast-schema-graph\">{\"@context\":\"https:\\\/\\\/schema.org\",\"@graph\":[{\"@type\":\"WebPage\",\"@id\":\"https:\\\/\\\/eurotrail.info\\\/de\\\/producten\\\/zeltteppich\\\/zeltboden-fuer-zelte-eco-material\\\/\",\"url\":\"https:\\\/\\\/eurotrail.info\\\/de\\\/producten\\\/zeltteppich\\\/zeltboden-fuer-zelte-eco-material\\\/\",\"name\":\"Zeltboden f\u00fcr Zelte, Eco-Material - Eurotrail\",\"isPartOf\":{\"@id\":\"https:\\\/\\\/eurotrail.info\\\/#website\"},\"primaryImageOfPage\":{\"@id\":\"https:\\\/\\\/eurotrail.info\\\/de\\\/producten\\\/zeltteppich\\\/zeltboden-fuer-zelte-eco-material\\\/#primaryimage\"},\"image\":{\"@id\":\"https:\\\/\\\/eurotrail.info\\\/de\\\/producten\\\/zeltteppich\\\/zeltboden-fuer-zelte-eco-material\\\/#primaryimage\"},\"thumbnailUrl\":\"https:\\\/\\\/eurotrail.info\\\/wp\\\/wp-content\\\/uploads\\\/2016\\\/04\\\/ETGS0053_NVT_2.jpg\",\"datePublished\":\"2016-04-07T11:59:49+00:00\",\"dateModified\":\"2024-01-16T14:31:03+00:00\",\"description\":\"Spezielles wasserdurchl\u00e4ssiges Grundgewebe., sorgt daf\u00fcr, dass der Boden nicht luftdicht verschlossen wird, was zur F\u00e4ulnis des Grases f\u00fchren kann.\",\"breadcrumb\":{\"@id\":\"https:\\\/\\\/eurotrail.info\\\/de\\\/producten\\\/zeltteppich\\\/zeltboden-fuer-zelte-eco-material\\\/#breadcrumb\"},\"inLanguage\":\"de\",\"potentialAction\":[{\"@type\":\"ReadAction\",\"target\":[\"https:\\\/\\\/eurotrail.info\\\/de\\\/producten\\\/zeltteppich\\\/zeltboden-fuer-zelte-eco-material\\\/\"]}]},{\"@type\":\"ImageObject\",\"inLanguage\":\"de\",\"@id\":\"https:\\\/\\\/eurotrail.info\\\/de\\\/producten\\\/zeltteppich\\\/zeltboden-fuer-zelte-eco-material\\\/#primaryimage\",\"url\":\"https:\\\/\\\/eurotrail.info\\\/wp\\\/wp-content\\\/uploads\\\/2016\\\/04\\\/ETGS0053_NVT_2.jpg\",\"contentUrl\":\"https:\\\/\\\/eurotrail.info\\\/wp\\\/wp-content\\\/uploads\\\/2016\\\/04\\\/ETGS0053_NVT_2.jpg\",\"width\":1772,\"height\":1178,\"caption\":\"Eurotrail Eco doek\"},{\"@type\":\"BreadcrumbList\",\"@id\":\"https:\\\/\\\/eurotrail.info\\\/de\\\/producten\\\/zeltteppich\\\/zeltboden-fuer-zelte-eco-material\\\/#breadcrumb\",\"itemListElement\":[{\"@type\":\"ListItem\",\"position\":1,\"name\":\"Home\",\"item\":\"https:\\\/\\\/eurotrail.info\\\/de\\\/\"},{\"@type\":\"ListItem\",\"position\":2,\"name\":\"Produkte\",\"item\":\"https:\\\/\\\/eurotrail.info\\\/de\\\/produkte\\\/\"},{\"@type\":\"ListItem\",\"position\":3,\"name\":\"Zeltboden f\u00fcr Zelte, Eco-Material\"}]},{\"@type\":\"WebSite\",\"@id\":\"https:\\\/\\\/eurotrail.info\\\/#website\",\"url\":\"https:\\\/\\\/eurotrail.info\\\/\",\"name\":\"Eurotrail\",\"description\":\"\",\"publisher\":{\"@id\":\"https:\\\/\\\/eurotrail.info\\\/#organization\"},\"potentialAction\":[{\"@type\":\"SearchAction\",\"target\":{\"@type\":\"EntryPoint\",\"urlTemplate\":\"https:\\\/\\\/eurotrail.info\\\/?s={search_term_string}\"},\"query-input\":{\"@type\":\"PropertyValueSpecification\",\"valueRequired\":true,\"valueName\":\"search_term_string\"}}],\"inLanguage\":\"de\"},{\"@type\":\"Organization\",\"@id\":\"https:\\\/\\\/eurotrail.info\\\/#organization\",\"name\":\"Eurotrail\",\"url\":\"https:\\\/\\\/eurotrail.info\\\/\",\"logo\":{\"@type\":\"ImageObject\",\"inLanguage\":\"de\",\"@id\":\"https:\\\/\\\/eurotrail.info\\\/#\\\/schema\\\/logo\\\/image\\\/\",\"url\":\"https:\\\/\\\/eurotrail.info\\\/wp\\\/wp-content\\\/uploads\\\/2023\\\/07\\\/ET-logo-quote_NL-scaled.jpg\",\"contentUrl\":\"https:\\\/\\\/eurotrail.info\\\/wp\\\/wp-content\\\/uploads\\\/2023\\\/07\\\/ET-logo-quote_NL-scaled.jpg\",\"width\":2560,\"height\":675,\"caption\":\"Eurotrail\"},\"image\":{\"@id\":\"https:\\\/\\\/eurotrail.info\\\/#\\\/schema\\\/logo\\\/image\\\/\"}}]}<\/script>\n<!-- \/ Yoast SEO plugin. -->","yoast_head_json":{"title":"Zeltboden f\u00fcr Zelte, Eco-Material - Eurotrail","description":"Spezielles wasserdurchl\u00e4ssiges Grundgewebe., sorgt daf\u00fcr, dass der Boden nicht luftdicht verschlossen wird, was zur F\u00e4ulnis des Grases f\u00fchren kann.","robots":{"index":"index","follow":"follow","max-snippet":"max-snippet:-1","max-image-preview":"max-image-preview:large","max-video-preview":"max-video-preview:-1"},"canonical":"https:\/\/eurotrail.info\/de\/producten\/zeltteppich\/zeltboden-fuer-zelte-eco-material\/","og_locale":"de_DE","og_type":"article","og_title":"Zeltboden f\u00fcr Zelte, Eco-Material - Eurotrail","og_description":"Spezielles wasserdurchl\u00e4ssiges Grundgewebe., sorgt daf\u00fcr, dass der Boden nicht luftdicht verschlossen wird, was zur F\u00e4ulnis des Grases f\u00fchren kann.","og_url":"https:\/\/eurotrail.info\/de\/producten\/zeltteppich\/zeltboden-fuer-zelte-eco-material\/","og_site_name":"Eurotrail","article_modified_time":"2024-01-16T14:31:03+00:00","og_image":[{"width":1772,"height":1178,"url":"https:\/\/eurotrail.info\/wp\/wp-content\/uploads\/2016\/04\/ETGS0053_NVT_2.jpg","type":"image\/jpeg"}],"twitter_card":"summary_large_image","twitter_misc":{"Gesch\u00e4tzte Lesezeit":"1\u00a0Minute"},"schema":{"@context":"https:\/\/schema.org","@graph":[{"@type":"WebPage","@id":"https:\/\/eurotrail.info\/de\/producten\/zeltteppich\/zeltboden-fuer-zelte-eco-material\/","url":"https:\/\/eurotrail.info\/de\/producten\/zeltteppich\/zeltboden-fuer-zelte-eco-material\/","name":"Zeltboden f\u00fcr Zelte, Eco-Material - Eurotrail","isPartOf":{"@id":"https:\/\/eurotrail.info\/#website"},"primaryImageOfPage":{"@id":"https:\/\/eurotrail.info\/de\/producten\/zeltteppich\/zeltboden-fuer-zelte-eco-material\/#primaryimage"},"image":{"@id":"https:\/\/eurotrail.info\/de\/producten\/zeltteppich\/zeltboden-fuer-zelte-eco-material\/#primaryimage"},"thumbnailUrl":"https:\/\/eurotrail.info\/wp\/wp-content\/uploads\/2016\/04\/ETGS0053_NVT_2.jpg","datePublished":"2016-04-07T11:59:49+00:00","dateModified":"2024-01-16T14:31:03+00:00","description":"Spezielles wasserdurchl\u00e4ssiges Grundgewebe., sorgt daf\u00fcr, dass der Boden nicht luftdicht verschlossen wird, was zur F\u00e4ulnis des Grases f\u00fchren kann.","breadcrumb":{"@id":"https:\/\/eurotrail.info\/de\/producten\/zeltteppich\/zeltboden-fuer-zelte-eco-material\/#breadcrumb"},"inLanguage":"de","potentialAction":[{"@type":"ReadAction","target":["https:\/\/eurotrail.info\/de\/producten\/zeltteppich\/zeltboden-fuer-zelte-eco-material\/"]}]},{"@type":"ImageObject","inLanguage":"de","@id":"https:\/\/eurotrail.info\/de\/producten\/zeltteppich\/zeltboden-fuer-zelte-eco-material\/#primaryimage","url":"https:\/\/eurotrail.info\/wp\/wp-content\/uploads\/2016\/04\/ETGS0053_NVT_2.jpg","contentUrl":"https:\/\/eurotrail.info\/wp\/wp-content\/uploads\/2016\/04\/ETGS0053_NVT_2.jpg","width":1772,"height":1178,"caption":"Eurotrail Eco doek"},{"@type":"BreadcrumbList","@id":"https:\/\/eurotrail.info\/de\/producten\/zeltteppich\/zeltboden-fuer-zelte-eco-material\/#breadcrumb","itemListElement":[{"@type":"ListItem","position":1,"name":"Home","item":"https:\/\/eurotrail.info\/de\/"},{"@type":"ListItem","position":2,"name":"Produkte","item":"https:\/\/eurotrail.info\/de\/produkte\/"},{"@type":"ListItem","position":3,"name":"Zeltboden f\u00fcr Zelte, Eco-Material"}]},{"@type":"WebSite","@id":"https:\/\/eurotrail.info\/#website","url":"https:\/\/eurotrail.info\/","name":"Eurotrail","description":"","publisher":{"@id":"https:\/\/eurotrail.info\/#organization"},"potentialAction":[{"@type":"SearchAction","target":{"@type":"EntryPoint","urlTemplate":"https:\/\/eurotrail.info\/?s={search_term_string}"},"query-input":{"@type":"PropertyValueSpecification","valueRequired":true,"valueName":"search_term_string"}}],"inLanguage":"de"},{"@type":"Organization","@id":"https:\/\/eurotrail.info\/#organization","name":"Eurotrail","url":"https:\/\/eurotrail.info\/","logo":{"@type":"ImageObject","inLanguage":"de","@id":"https:\/\/eurotrail.info\/#\/schema\/logo\/image\/","url":"https:\/\/eurotrail.info\/wp\/wp-content\/uploads\/2023\/07\/ET-logo-quote_NL-scaled.jpg","contentUrl":"https:\/\/eurotrail.info\/wp\/wp-content\/uploads\/2023\/07\/ET-logo-quote_NL-scaled.jpg","width":2560,"height":675,"caption":"Eurotrail"},"image":{"@id":"https:\/\/eurotrail.info\/#\/schema\/logo\/image\/"}}]}},"_links":{"self":[{"href":"https:\/\/eurotrail.info\/de\/wp-json\/wp\/v2\/product\/4312","targetHints":{"allow":["GET"]}}],"collection":[{"href":"https:\/\/eurotrail.info\/de\/wp-json\/wp\/v2\/product"}],"about":[{"href":"https:\/\/eurotrail.info\/de\/wp-json\/wp\/v2\/types\/product"}],"replies":[{"embeddable":true,"href":"https:\/\/eurotrail.info\/de\/wp-json\/wp\/v2\/comments?post=4312"}],"wp:featuredmedia":[{"embeddable":true,"href":"https:\/\/eurotrail.info\/de\/wp-json\/wp\/v2\/media\/12463"}],"wp:attachment":[{"href":"https:\/\/eurotrail.info\/de\/wp-json\/wp\/v2\/media?parent=4312"}],"wp:term":[{"taxonomy":"product_brand","embeddable":true,"href":"https:\/\/eurotrail.info\/de\/wp-json\/wp\/v2\/product_brand?post=4312"},{"taxonomy":"product_cat","embeddable":true,"href":"https:\/\/eurotrail.info\/de\/wp-json\/wp\/v2\/product_cat?post=4312"},{"taxonomy":"product_tag","embeddable":true,"href":"https:\/\/eurotrail.info\/de\/wp-json\/wp\/v2\/product_tag?post=4312"}],"curies":[{"name":"wp","href":"https:\/\/api.w.org\/{rel}","templated":true}]}}