{"id":4357,"date":"2016-04-13T15:17:46","date_gmt":"2016-04-13T14:17:46","guid":{"rendered":"http:\/\/preview.eurotrail.info\/producten\/schutzhulle-fuer-wohnwagen\/"},"modified":"2020-11-26T08:50:22","modified_gmt":"2020-11-26T07:50:22","slug":"schutzhulle-fuer-wohnwagen","status":"publish","type":"product","link":"https:\/\/eurotrail.info\/de\/producten\/schutzhuelle\/caravan-beschermhoezen-de\/schutzhulle-fuer-wohnwagen\/","title":{"rendered":"Schutzhulle f\u00fcr Wohnwagen"},"content":{"rendered":"<p>Atmungsaktive Schutzh\u00fcllen f\u00fcr Wohnwagen. Universelle Passform.<\/p>\n<p>Das hochwertige SFS-3 Material ist 3-lagig, Wasser abweisend und Atmungsaktiv.<\/p>\n<p>Wirt komplett in einer Aufbewahrungstasche inkl. Abspannlaschen und Reparaturset geliefert. Durch zwei Reissverschl\u00fcsse last sich die rechte Seite komplett offnen und ermoglicht somit das Eintreten in jeden Fahrzug duch die Eingangstur.<\/p>\n<p>Die Caravan Sch\u00fctzh\u00fclle sind immer 250cm breit und h\u00f6he 220cm.<\/p>\n<p>Farbe: Grau<\/p>\n<p>Art.Nr. \u00a0 Aufbaul\u00e4nge<br \/>\nETCC0011 400-450cm<br \/>\nETCC0016 450-500cm<br \/>\nETCC0021 500-550cm<br \/>\nETCC0026 550-600cm<br \/>\nETCC0031 600-650cm<br \/>\nETCC0036 650-700cm<br \/>\nETCC0041 700-750cm<br \/>\nETCC0046 750-800cm<br \/>\nETCC0051 800-850cm<\/p>\n","protected":false},"excerpt":{"rendered":"<p>Atmungsaktive Schutzh\u00fcllen f\u00fcr Wohnwagen. Universelle Passform. Das hochwertige SFS-3 Material ist 3-lagig, Wasser abweisend und Atmungsaktiv. Wirt komplett in einer Aufbewahrungstasche inkl. Abspannlaschen und Reparaturset&hellip;<\/p>\n","protected":false},"featured_media":2150,"comment_status":"open","ping_status":"closed","template":"","meta":{"_acf_changed":false},"product_brand":[],"product_cat":[61],"product_tag":[],"class_list":{"0":"post-4357","1":"product","2":"type-product","3":"status-publish","4":"has-post-thumbnail","6":"product_cat-caravan-beschermhoezen-de","8":"first","9":"instock","10":"shipping-taxable","11":"product-type-simple"},"acf":[],"yoast_head":"<!-- This site is optimized with the Yoast SEO plugin v27.3 - https:\/\/yoast.com\/product\/yoast-seo-wordpress\/ -->\n<title>Schutzhulle f\u00fcr Wohnwagen - Eurotrail<\/title>\n<meta name=\"robots\" content=\"index, follow, max-snippet:-1, max-image-preview:large, max-video-preview:-1\" \/>\n<link rel=\"canonical\" href=\"https:\/\/eurotrail.info\/de\/producten\/schutzhuelle\/caravan-beschermhoezen-de\/schutzhulle-fuer-wohnwagen\/\" \/>\n<meta property=\"og:locale\" content=\"de_DE\" \/>\n<meta property=\"og:type\" content=\"article\" \/>\n<meta property=\"og:title\" content=\"Schutzhulle f\u00fcr Wohnwagen - Eurotrail\" \/>\n<meta property=\"og:description\" content=\"Atmungsaktive Schutzh\u00fcllen f\u00fcr Wohnwagen. Universelle Passform. Das hochwertige SFS-3 Material ist 3-lagig, Wasser abweisend und Atmungsaktiv. Wirt komplett in einer Aufbewahrungstasche inkl. Abspannlaschen und Reparaturset&hellip;\" \/>\n<meta property=\"og:url\" content=\"https:\/\/eurotrail.info\/de\/producten\/schutzhuelle\/caravan-beschermhoezen-de\/schutzhulle-fuer-wohnwagen\/\" \/>\n<meta property=\"og:site_name\" content=\"Eurotrail\" \/>\n<meta property=\"article:modified_time\" content=\"2020-11-26T07:50:22+00:00\" \/>\n<meta property=\"og:image\" content=\"https:\/\/eurotrail.info\/wp\/wp-content\/uploads\/2016\/04\/ETCC0011-Caravan-cover.jpg\" \/>\n\t<meta property=\"og:image:width\" content=\"482\" \/>\n\t<meta property=\"og:image:height\" content=\"340\" \/>\n\t<meta property=\"og:image:type\" content=\"image\/jpeg\" \/>\n<meta name=\"twitter:card\" content=\"summary_large_image\" \/>\n<script type=\"application\/ld+json\" class=\"yoast-schema-graph\">{\"@context\":\"https:\\\/\\\/schema.org\",\"@graph\":[{\"@type\":\"WebPage\",\"@id\":\"https:\\\/\\\/eurotrail.info\\\/de\\\/producten\\\/schutzhuelle\\\/caravan-beschermhoezen-de\\\/schutzhulle-fuer-wohnwagen\\\/\",\"url\":\"https:\\\/\\\/eurotrail.info\\\/de\\\/producten\\\/schutzhuelle\\\/caravan-beschermhoezen-de\\\/schutzhulle-fuer-wohnwagen\\\/\",\"name\":\"Schutzhulle f\u00fcr Wohnwagen - Eurotrail\",\"isPartOf\":{\"@id\":\"https:\\\/\\\/eurotrail.info\\\/#website\"},\"primaryImageOfPage\":{\"@id\":\"https:\\\/\\\/eurotrail.info\\\/de\\\/producten\\\/schutzhuelle\\\/caravan-beschermhoezen-de\\\/schutzhulle-fuer-wohnwagen\\\/#primaryimage\"},\"image\":{\"@id\":\"https:\\\/\\\/eurotrail.info\\\/de\\\/producten\\\/schutzhuelle\\\/caravan-beschermhoezen-de\\\/schutzhulle-fuer-wohnwagen\\\/#primaryimage\"},\"thumbnailUrl\":\"https:\\\/\\\/eurotrail.info\\\/wp\\\/wp-content\\\/uploads\\\/2016\\\/04\\\/ETCC0011-Caravan-cover.jpg\",\"datePublished\":\"2016-04-13T14:17:46+00:00\",\"dateModified\":\"2020-11-26T07:50:22+00:00\",\"breadcrumb\":{\"@id\":\"https:\\\/\\\/eurotrail.info\\\/de\\\/producten\\\/schutzhuelle\\\/caravan-beschermhoezen-de\\\/schutzhulle-fuer-wohnwagen\\\/#breadcrumb\"},\"inLanguage\":\"de\",\"potentialAction\":[{\"@type\":\"ReadAction\",\"target\":[\"https:\\\/\\\/eurotrail.info\\\/de\\\/producten\\\/schutzhuelle\\\/caravan-beschermhoezen-de\\\/schutzhulle-fuer-wohnwagen\\\/\"]}]},{\"@type\":\"ImageObject\",\"inLanguage\":\"de\",\"@id\":\"https:\\\/\\\/eurotrail.info\\\/de\\\/producten\\\/schutzhuelle\\\/caravan-beschermhoezen-de\\\/schutzhulle-fuer-wohnwagen\\\/#primaryimage\",\"url\":\"https:\\\/\\\/eurotrail.info\\\/wp\\\/wp-content\\\/uploads\\\/2016\\\/04\\\/ETCC0011-Caravan-cover.jpg\",\"contentUrl\":\"https:\\\/\\\/eurotrail.info\\\/wp\\\/wp-content\\\/uploads\\\/2016\\\/04\\\/ETCC0011-Caravan-cover.jpg\",\"width\":482,\"height\":340,\"caption\":\"Atmungsaktive Schutzh\u00fcllen f\u00fcr Wohnwagen.\"},{\"@type\":\"BreadcrumbList\",\"@id\":\"https:\\\/\\\/eurotrail.info\\\/de\\\/producten\\\/schutzhuelle\\\/caravan-beschermhoezen-de\\\/schutzhulle-fuer-wohnwagen\\\/#breadcrumb\",\"itemListElement\":[{\"@type\":\"ListItem\",\"position\":1,\"name\":\"Home\",\"item\":\"https:\\\/\\\/eurotrail.info\\\/de\\\/\"},{\"@type\":\"ListItem\",\"position\":2,\"name\":\"Produkte\",\"item\":\"https:\\\/\\\/eurotrail.info\\\/de\\\/produkte\\\/\"},{\"@type\":\"ListItem\",\"position\":3,\"name\":\"Schutzhulle f\u00fcr Wohnwagen\"}]},{\"@type\":\"WebSite\",\"@id\":\"https:\\\/\\\/eurotrail.info\\\/#website\",\"url\":\"https:\\\/\\\/eurotrail.info\\\/\",\"name\":\"Eurotrail\",\"description\":\"\",\"publisher\":{\"@id\":\"https:\\\/\\\/eurotrail.info\\\/#organization\"},\"potentialAction\":[{\"@type\":\"SearchAction\",\"target\":{\"@type\":\"EntryPoint\",\"urlTemplate\":\"https:\\\/\\\/eurotrail.info\\\/?s={search_term_string}\"},\"query-input\":{\"@type\":\"PropertyValueSpecification\",\"valueRequired\":true,\"valueName\":\"search_term_string\"}}],\"inLanguage\":\"de\"},{\"@type\":\"Organization\",\"@id\":\"https:\\\/\\\/eurotrail.info\\\/#organization\",\"name\":\"Eurotrail\",\"url\":\"https:\\\/\\\/eurotrail.info\\\/\",\"logo\":{\"@type\":\"ImageObject\",\"inLanguage\":\"de\",\"@id\":\"https:\\\/\\\/eurotrail.info\\\/#\\\/schema\\\/logo\\\/image\\\/\",\"url\":\"https:\\\/\\\/eurotrail.info\\\/wp\\\/wp-content\\\/uploads\\\/2023\\\/07\\\/ET-logo-quote_NL-scaled.jpg\",\"contentUrl\":\"https:\\\/\\\/eurotrail.info\\\/wp\\\/wp-content\\\/uploads\\\/2023\\\/07\\\/ET-logo-quote_NL-scaled.jpg\",\"width\":2560,\"height\":675,\"caption\":\"Eurotrail\"},\"image\":{\"@id\":\"https:\\\/\\\/eurotrail.info\\\/#\\\/schema\\\/logo\\\/image\\\/\"}}]}<\/script>\n<!-- \/ Yoast SEO plugin. -->","yoast_head_json":{"title":"Schutzhulle f\u00fcr Wohnwagen - Eurotrail","robots":{"index":"index","follow":"follow","max-snippet":"max-snippet:-1","max-image-preview":"max-image-preview:large","max-video-preview":"max-video-preview:-1"},"canonical":"https:\/\/eurotrail.info\/de\/producten\/schutzhuelle\/caravan-beschermhoezen-de\/schutzhulle-fuer-wohnwagen\/","og_locale":"de_DE","og_type":"article","og_title":"Schutzhulle f\u00fcr Wohnwagen - Eurotrail","og_description":"Atmungsaktive Schutzh\u00fcllen f\u00fcr Wohnwagen. Universelle Passform. Das hochwertige SFS-3 Material ist 3-lagig, Wasser abweisend und Atmungsaktiv. Wirt komplett in einer Aufbewahrungstasche inkl. Abspannlaschen und Reparaturset&hellip;","og_url":"https:\/\/eurotrail.info\/de\/producten\/schutzhuelle\/caravan-beschermhoezen-de\/schutzhulle-fuer-wohnwagen\/","og_site_name":"Eurotrail","article_modified_time":"2020-11-26T07:50:22+00:00","og_image":[{"width":482,"height":340,"url":"https:\/\/eurotrail.info\/wp\/wp-content\/uploads\/2016\/04\/ETCC0011-Caravan-cover.jpg","type":"image\/jpeg"}],"twitter_card":"summary_large_image","schema":{"@context":"https:\/\/schema.org","@graph":[{"@type":"WebPage","@id":"https:\/\/eurotrail.info\/de\/producten\/schutzhuelle\/caravan-beschermhoezen-de\/schutzhulle-fuer-wohnwagen\/","url":"https:\/\/eurotrail.info\/de\/producten\/schutzhuelle\/caravan-beschermhoezen-de\/schutzhulle-fuer-wohnwagen\/","name":"Schutzhulle f\u00fcr Wohnwagen - Eurotrail","isPartOf":{"@id":"https:\/\/eurotrail.info\/#website"},"primaryImageOfPage":{"@id":"https:\/\/eurotrail.info\/de\/producten\/schutzhuelle\/caravan-beschermhoezen-de\/schutzhulle-fuer-wohnwagen\/#primaryimage"},"image":{"@id":"https:\/\/eurotrail.info\/de\/producten\/schutzhuelle\/caravan-beschermhoezen-de\/schutzhulle-fuer-wohnwagen\/#primaryimage"},"thumbnailUrl":"https:\/\/eurotrail.info\/wp\/wp-content\/uploads\/2016\/04\/ETCC0011-Caravan-cover.jpg","datePublished":"2016-04-13T14:17:46+00:00","dateModified":"2020-11-26T07:50:22+00:00","breadcrumb":{"@id":"https:\/\/eurotrail.info\/de\/producten\/schutzhuelle\/caravan-beschermhoezen-de\/schutzhulle-fuer-wohnwagen\/#breadcrumb"},"inLanguage":"de","potentialAction":[{"@type":"ReadAction","target":["https:\/\/eurotrail.info\/de\/producten\/schutzhuelle\/caravan-beschermhoezen-de\/schutzhulle-fuer-wohnwagen\/"]}]},{"@type":"ImageObject","inLanguage":"de","@id":"https:\/\/eurotrail.info\/de\/producten\/schutzhuelle\/caravan-beschermhoezen-de\/schutzhulle-fuer-wohnwagen\/#primaryimage","url":"https:\/\/eurotrail.info\/wp\/wp-content\/uploads\/2016\/04\/ETCC0011-Caravan-cover.jpg","contentUrl":"https:\/\/eurotrail.info\/wp\/wp-content\/uploads\/2016\/04\/ETCC0011-Caravan-cover.jpg","width":482,"height":340,"caption":"Atmungsaktive Schutzh\u00fcllen f\u00fcr Wohnwagen."},{"@type":"BreadcrumbList","@id":"https:\/\/eurotrail.info\/de\/producten\/schutzhuelle\/caravan-beschermhoezen-de\/schutzhulle-fuer-wohnwagen\/#breadcrumb","itemListElement":[{"@type":"ListItem","position":1,"name":"Home","item":"https:\/\/eurotrail.info\/de\/"},{"@type":"ListItem","position":2,"name":"Produkte","item":"https:\/\/eurotrail.info\/de\/produkte\/"},{"@type":"ListItem","position":3,"name":"Schutzhulle f\u00fcr Wohnwagen"}]},{"@type":"WebSite","@id":"https:\/\/eurotrail.info\/#website","url":"https:\/\/eurotrail.info\/","name":"Eurotrail","description":"","publisher":{"@id":"https:\/\/eurotrail.info\/#organization"},"potentialAction":[{"@type":"SearchAction","target":{"@type":"EntryPoint","urlTemplate":"https:\/\/eurotrail.info\/?s={search_term_string}"},"query-input":{"@type":"PropertyValueSpecification","valueRequired":true,"valueName":"search_term_string"}}],"inLanguage":"de"},{"@type":"Organization","@id":"https:\/\/eurotrail.info\/#organization","name":"Eurotrail","url":"https:\/\/eurotrail.info\/","logo":{"@type":"ImageObject","inLanguage":"de","@id":"https:\/\/eurotrail.info\/#\/schema\/logo\/image\/","url":"https:\/\/eurotrail.info\/wp\/wp-content\/uploads\/2023\/07\/ET-logo-quote_NL-scaled.jpg","contentUrl":"https:\/\/eurotrail.info\/wp\/wp-content\/uploads\/2023\/07\/ET-logo-quote_NL-scaled.jpg","width":2560,"height":675,"caption":"Eurotrail"},"image":{"@id":"https:\/\/eurotrail.info\/#\/schema\/logo\/image\/"}}]}},"_links":{"self":[{"href":"https:\/\/eurotrail.info\/de\/wp-json\/wp\/v2\/product\/4357","targetHints":{"allow":["GET"]}}],"collection":[{"href":"https:\/\/eurotrail.info\/de\/wp-json\/wp\/v2\/product"}],"about":[{"href":"https:\/\/eurotrail.info\/de\/wp-json\/wp\/v2\/types\/product"}],"replies":[{"embeddable":true,"href":"https:\/\/eurotrail.info\/de\/wp-json\/wp\/v2\/comments?post=4357"}],"wp:featuredmedia":[{"embeddable":true,"href":"https:\/\/eurotrail.info\/de\/wp-json\/wp\/v2\/media\/2150"}],"wp:attachment":[{"href":"https:\/\/eurotrail.info\/de\/wp-json\/wp\/v2\/media?parent=4357"}],"wp:term":[{"taxonomy":"product_brand","embeddable":true,"href":"https:\/\/eurotrail.info\/de\/wp-json\/wp\/v2\/product_brand?post=4357"},{"taxonomy":"product_cat","embeddable":true,"href":"https:\/\/eurotrail.info\/de\/wp-json\/wp\/v2\/product_cat?post=4357"},{"taxonomy":"product_tag","embeddable":true,"href":"https:\/\/eurotrail.info\/de\/wp-json\/wp\/v2\/product_tag?post=4357"}],"curies":[{"name":"wp","href":"https:\/\/api.w.org\/{rel}","templated":true}]}}