{"id":4379,"date":"2016-01-22T12:10:24","date_gmt":"2016-01-22T11:10:24","guid":{"rendered":"http:\/\/preview.eurotrail.info\/producten\/crouzet\/"},"modified":"2017-01-27T12:21:25","modified_gmt":"2017-01-27T11:21:25","slug":"crouzet","status":"publish","type":"product","link":"https:\/\/eurotrail.info\/de\/producten\/campingmoebel\/campingtische\/crouzet\/","title":{"rendered":"Crouzet Klapptisch"},"content":{"rendered":"<p>Ovaler Alu-Campingtisch mit wasserfester Oberfl\u00e4che! Zusammenklappbar, jedes Tischbein ist h\u00f6henverstellbar.  Die Top-Platte ist aus Aluminium also wasserfest und hitzebest\u00e4ndig.<br \/>\nPraktisches Ablagenetz unter der Tischplatte. <\/p>\n<p>Gr\u00f6sse: 150x80x70\/65\/58cm<br \/>\nPackmass: 82x77x8cm<br \/>\nTop-Platte: Aluminium, Wasserfest und Hitzebest\u00e4mdig.<br \/>\nGestell: Faltbares Aluminium Gestell<br \/>\nMax Belastung: 50 kg.<br \/>\nGewicht: 8.95 kg.<\/p>\n","protected":false},"excerpt":{"rendered":"<p>Ovaler Alu-Campingtisch mit wasserfester Oberfl\u00e4che! Zusammenklappbar, jedes Tischbein ist h\u00f6henverstellbar. Die Top-Platte ist aus Aluminium also wasserfest und hitzebest\u00e4ndig. Praktisches Ablagenetz unter der Tischplatte. Gr\u00f6sse:&hellip;<\/p>\n","protected":false},"featured_media":1685,"comment_status":"open","ping_status":"closed","template":"","meta":{"_acf_changed":false},"product_brand":[],"product_cat":[85],"product_tag":[],"class_list":{"0":"post-4379","1":"product","2":"type-product","3":"status-publish","4":"has-post-thumbnail","6":"product_cat-campingtische","8":"first","9":"instock","10":"shipping-taxable","11":"product-type-simple"},"acf":[],"yoast_head":"<!-- This site is optimized with the Yoast SEO plugin v27.3 - https:\/\/yoast.com\/product\/yoast-seo-wordpress\/ -->\n<title>Crouzet Klapptisch - Eurotrail<\/title>\n<meta name=\"robots\" content=\"index, follow, max-snippet:-1, max-image-preview:large, max-video-preview:-1\" \/>\n<link rel=\"canonical\" href=\"https:\/\/eurotrail.info\/es\/?post_type=product&p=30722\" \/>\n<meta property=\"og:locale\" content=\"de_DE\" \/>\n<meta property=\"og:type\" content=\"article\" \/>\n<meta property=\"og:title\" content=\"Crouzet Klapptisch - Eurotrail\" \/>\n<meta property=\"og:description\" content=\"Ovaler Alu-Campingtisch mit wasserfester Oberfl\u00e4che! Zusammenklappbar, jedes Tischbein ist h\u00f6henverstellbar. Die Top-Platte ist aus Aluminium also wasserfest und hitzebest\u00e4ndig. Praktisches Ablagenetz unter der Tischplatte. Gr\u00f6sse:&hellip;\" \/>\n<meta property=\"og:url\" content=\"https:\/\/eurotrail.info\/es\/?post_type=product&amp;p=30722\" \/>\n<meta property=\"og:site_name\" content=\"Eurotrail\" \/>\n<meta property=\"article:modified_time\" content=\"2017-01-27T11:21:25+00:00\" \/>\n<meta property=\"og:image\" content=\"https:\/\/eurotrail.info\/wp\/wp-content\/uploads\/2016\/01\/Eurotrail-alu-campingtafel-Crouzet-2.jpg\" \/>\n\t<meta property=\"og:image:width\" content=\"1417\" \/>\n\t<meta property=\"og:image:height\" content=\"1137\" \/>\n\t<meta property=\"og:image:type\" content=\"image\/jpeg\" \/>\n<meta name=\"twitter:card\" content=\"summary_large_image\" \/>\n<script type=\"application\/ld+json\" class=\"yoast-schema-graph\">{\"@context\":\"https:\\\/\\\/schema.org\",\"@graph\":[{\"@type\":\"WebPage\",\"@id\":\"https:\\\/\\\/eurotrail.info\\\/es\\\/?post_type=product&p=30722\",\"url\":\"https:\\\/\\\/eurotrail.info\\\/es\\\/?post_type=product&p=30722\",\"name\":\"Crouzet Klapptisch - Eurotrail\",\"isPartOf\":{\"@id\":\"https:\\\/\\\/eurotrail.info\\\/#website\"},\"primaryImageOfPage\":{\"@id\":\"https:\\\/\\\/eurotrail.info\\\/es\\\/?post_type=product&p=30722#primaryimage\"},\"image\":{\"@id\":\"https:\\\/\\\/eurotrail.info\\\/es\\\/?post_type=product&p=30722#primaryimage\"},\"thumbnailUrl\":\"https:\\\/\\\/eurotrail.info\\\/wp\\\/wp-content\\\/uploads\\\/2016\\\/01\\\/Eurotrail-alu-campingtafel-Crouzet-2.jpg\",\"datePublished\":\"2016-01-22T11:10:24+00:00\",\"dateModified\":\"2017-01-27T11:21:25+00:00\",\"breadcrumb\":{\"@id\":\"https:\\\/\\\/eurotrail.info\\\/es\\\/?post_type=product&p=30722#breadcrumb\"},\"inLanguage\":\"de\",\"potentialAction\":[{\"@type\":\"ReadAction\",\"target\":[\"https:\\\/\\\/eurotrail.info\\\/es\\\/?post_type=product&p=30722\"]}]},{\"@type\":\"ImageObject\",\"inLanguage\":\"de\",\"@id\":\"https:\\\/\\\/eurotrail.info\\\/es\\\/?post_type=product&p=30722#primaryimage\",\"url\":\"https:\\\/\\\/eurotrail.info\\\/wp\\\/wp-content\\\/uploads\\\/2016\\\/01\\\/Eurotrail-alu-campingtafel-Crouzet-2.jpg\",\"contentUrl\":\"https:\\\/\\\/eurotrail.info\\\/wp\\\/wp-content\\\/uploads\\\/2016\\\/01\\\/Eurotrail-alu-campingtafel-Crouzet-2.jpg\",\"width\":1417,\"height\":1137,\"caption\":\"Ovaler Alu-Campingtisch mit wasserfester Oberfl\u00e4che\"},{\"@type\":\"BreadcrumbList\",\"@id\":\"https:\\\/\\\/eurotrail.info\\\/es\\\/?post_type=product&p=30722#breadcrumb\",\"itemListElement\":[{\"@type\":\"ListItem\",\"position\":1,\"name\":\"Home\",\"item\":\"https:\\\/\\\/eurotrail.info\\\/de\\\/\"},{\"@type\":\"ListItem\",\"position\":2,\"name\":\"Produkte\",\"item\":\"https:\\\/\\\/eurotrail.info\\\/de\\\/produkte\\\/\"},{\"@type\":\"ListItem\",\"position\":3,\"name\":\"Crouzet Klapptisch\"}]},{\"@type\":\"WebSite\",\"@id\":\"https:\\\/\\\/eurotrail.info\\\/#website\",\"url\":\"https:\\\/\\\/eurotrail.info\\\/\",\"name\":\"Eurotrail\",\"description\":\"\",\"publisher\":{\"@id\":\"https:\\\/\\\/eurotrail.info\\\/#organization\"},\"potentialAction\":[{\"@type\":\"SearchAction\",\"target\":{\"@type\":\"EntryPoint\",\"urlTemplate\":\"https:\\\/\\\/eurotrail.info\\\/?s={search_term_string}\"},\"query-input\":{\"@type\":\"PropertyValueSpecification\",\"valueRequired\":true,\"valueName\":\"search_term_string\"}}],\"inLanguage\":\"de\"},{\"@type\":\"Organization\",\"@id\":\"https:\\\/\\\/eurotrail.info\\\/#organization\",\"name\":\"Eurotrail\",\"url\":\"https:\\\/\\\/eurotrail.info\\\/\",\"logo\":{\"@type\":\"ImageObject\",\"inLanguage\":\"de\",\"@id\":\"https:\\\/\\\/eurotrail.info\\\/#\\\/schema\\\/logo\\\/image\\\/\",\"url\":\"https:\\\/\\\/eurotrail.info\\\/wp\\\/wp-content\\\/uploads\\\/2023\\\/07\\\/ET-logo-quote_NL-scaled.jpg\",\"contentUrl\":\"https:\\\/\\\/eurotrail.info\\\/wp\\\/wp-content\\\/uploads\\\/2023\\\/07\\\/ET-logo-quote_NL-scaled.jpg\",\"width\":2560,\"height\":675,\"caption\":\"Eurotrail\"},\"image\":{\"@id\":\"https:\\\/\\\/eurotrail.info\\\/#\\\/schema\\\/logo\\\/image\\\/\"}}]}<\/script>\n<!-- \/ Yoast SEO plugin. -->","yoast_head_json":{"title":"Crouzet Klapptisch - Eurotrail","robots":{"index":"index","follow":"follow","max-snippet":"max-snippet:-1","max-image-preview":"max-image-preview:large","max-video-preview":"max-video-preview:-1"},"canonical":"https:\/\/eurotrail.info\/es\/?post_type=product&p=30722","og_locale":"de_DE","og_type":"article","og_title":"Crouzet Klapptisch - Eurotrail","og_description":"Ovaler Alu-Campingtisch mit wasserfester Oberfl\u00e4che! Zusammenklappbar, jedes Tischbein ist h\u00f6henverstellbar. Die Top-Platte ist aus Aluminium also wasserfest und hitzebest\u00e4ndig. Praktisches Ablagenetz unter der Tischplatte. Gr\u00f6sse:&hellip;","og_url":"https:\/\/eurotrail.info\/es\/?post_type=product&p=30722","og_site_name":"Eurotrail","article_modified_time":"2017-01-27T11:21:25+00:00","og_image":[{"width":1417,"height":1137,"url":"https:\/\/eurotrail.info\/wp\/wp-content\/uploads\/2016\/01\/Eurotrail-alu-campingtafel-Crouzet-2.jpg","type":"image\/jpeg"}],"twitter_card":"summary_large_image","schema":{"@context":"https:\/\/schema.org","@graph":[{"@type":"WebPage","@id":"https:\/\/eurotrail.info\/es\/?post_type=product&p=30722","url":"https:\/\/eurotrail.info\/es\/?post_type=product&p=30722","name":"Crouzet Klapptisch - Eurotrail","isPartOf":{"@id":"https:\/\/eurotrail.info\/#website"},"primaryImageOfPage":{"@id":"https:\/\/eurotrail.info\/es\/?post_type=product&p=30722#primaryimage"},"image":{"@id":"https:\/\/eurotrail.info\/es\/?post_type=product&p=30722#primaryimage"},"thumbnailUrl":"https:\/\/eurotrail.info\/wp\/wp-content\/uploads\/2016\/01\/Eurotrail-alu-campingtafel-Crouzet-2.jpg","datePublished":"2016-01-22T11:10:24+00:00","dateModified":"2017-01-27T11:21:25+00:00","breadcrumb":{"@id":"https:\/\/eurotrail.info\/es\/?post_type=product&p=30722#breadcrumb"},"inLanguage":"de","potentialAction":[{"@type":"ReadAction","target":["https:\/\/eurotrail.info\/es\/?post_type=product&p=30722"]}]},{"@type":"ImageObject","inLanguage":"de","@id":"https:\/\/eurotrail.info\/es\/?post_type=product&p=30722#primaryimage","url":"https:\/\/eurotrail.info\/wp\/wp-content\/uploads\/2016\/01\/Eurotrail-alu-campingtafel-Crouzet-2.jpg","contentUrl":"https:\/\/eurotrail.info\/wp\/wp-content\/uploads\/2016\/01\/Eurotrail-alu-campingtafel-Crouzet-2.jpg","width":1417,"height":1137,"caption":"Ovaler Alu-Campingtisch mit wasserfester Oberfl\u00e4che"},{"@type":"BreadcrumbList","@id":"https:\/\/eurotrail.info\/es\/?post_type=product&p=30722#breadcrumb","itemListElement":[{"@type":"ListItem","position":1,"name":"Home","item":"https:\/\/eurotrail.info\/de\/"},{"@type":"ListItem","position":2,"name":"Produkte","item":"https:\/\/eurotrail.info\/de\/produkte\/"},{"@type":"ListItem","position":3,"name":"Crouzet Klapptisch"}]},{"@type":"WebSite","@id":"https:\/\/eurotrail.info\/#website","url":"https:\/\/eurotrail.info\/","name":"Eurotrail","description":"","publisher":{"@id":"https:\/\/eurotrail.info\/#organization"},"potentialAction":[{"@type":"SearchAction","target":{"@type":"EntryPoint","urlTemplate":"https:\/\/eurotrail.info\/?s={search_term_string}"},"query-input":{"@type":"PropertyValueSpecification","valueRequired":true,"valueName":"search_term_string"}}],"inLanguage":"de"},{"@type":"Organization","@id":"https:\/\/eurotrail.info\/#organization","name":"Eurotrail","url":"https:\/\/eurotrail.info\/","logo":{"@type":"ImageObject","inLanguage":"de","@id":"https:\/\/eurotrail.info\/#\/schema\/logo\/image\/","url":"https:\/\/eurotrail.info\/wp\/wp-content\/uploads\/2023\/07\/ET-logo-quote_NL-scaled.jpg","contentUrl":"https:\/\/eurotrail.info\/wp\/wp-content\/uploads\/2023\/07\/ET-logo-quote_NL-scaled.jpg","width":2560,"height":675,"caption":"Eurotrail"},"image":{"@id":"https:\/\/eurotrail.info\/#\/schema\/logo\/image\/"}}]}},"_links":{"self":[{"href":"https:\/\/eurotrail.info\/de\/wp-json\/wp\/v2\/product\/4379","targetHints":{"allow":["GET"]}}],"collection":[{"href":"https:\/\/eurotrail.info\/de\/wp-json\/wp\/v2\/product"}],"about":[{"href":"https:\/\/eurotrail.info\/de\/wp-json\/wp\/v2\/types\/product"}],"replies":[{"embeddable":true,"href":"https:\/\/eurotrail.info\/de\/wp-json\/wp\/v2\/comments?post=4379"}],"wp:featuredmedia":[{"embeddable":true,"href":"https:\/\/eurotrail.info\/de\/wp-json\/wp\/v2\/media\/1685"}],"wp:attachment":[{"href":"https:\/\/eurotrail.info\/de\/wp-json\/wp\/v2\/media?parent=4379"}],"wp:term":[{"taxonomy":"product_brand","embeddable":true,"href":"https:\/\/eurotrail.info\/de\/wp-json\/wp\/v2\/product_brand?post=4379"},{"taxonomy":"product_cat","embeddable":true,"href":"https:\/\/eurotrail.info\/de\/wp-json\/wp\/v2\/product_cat?post=4379"},{"taxonomy":"product_tag","embeddable":true,"href":"https:\/\/eurotrail.info\/de\/wp-json\/wp\/v2\/product_tag?post=4379"}],"curies":[{"name":"wp","href":"https:\/\/api.w.org\/{rel}","templated":true}]}}