{"id":4400,"date":"2016-01-22T10:21:11","date_gmt":"2016-01-22T09:21:11","guid":{"rendered":"http:\/\/preview.eurotrail.info\/producten\/st-gobain-ml\/"},"modified":"2026-02-10T15:16:03","modified_gmt":"2026-02-10T14:16:03","slug":"st-gobain-ml","status":"publish","type":"product","link":"https:\/\/eurotrail.info\/de\/producten\/campingmoebel\/campingtische\/st-gobain-ml\/","title":{"rendered":"St. Gobain Campingtisch"},"content":{"rendered":"<p><strong>Der stabilste Campingtisch seiner Klasse<\/strong><\/p>\n<p>Dieser Campingtisch garantiert maximale Stabilit\u00e4t und Langlebigkeit. Das Gestell ist mit dem patentierten CLS-System (Cross Link Stability) ausgestattet, das f\u00fcr Stabilit\u00e4t in L\u00e4ngs- und Querrichtung sorgt. Selbst auf unebenem Untergrund steht der Tisch sicher und zuverl\u00e4ssig.<\/p>\n<p>Die Beine sind stufenlos h\u00f6henverstellbar und verf\u00fcgen \u00fcber gro\u00dfe F\u00fc\u00dfe, die ein Einsinken verhindern und zus\u00e4tzliche Stabilit\u00e4t bieten. Die hochwertige, in Deutschland gefertigte Sevelit-Tischplatte ist absolut wasserfest und hitzebest\u00e4ndig \u2013 und h\u00e4lt jahrelanger intensiver Nutzung problemlos stand.<\/p>\n<p>Der Tisch wird in den Niederlanden in einer gesch\u00fctzten Werkstatt montiert. Mit Ihrem Kauf unterst\u00fctzen Sie somit wertvolle und sinnvolle Arbeitspl\u00e4tze f\u00fcr Menschen, die vom Arbeitsmarkt ausgeschlossen sind.<\/p>\n<p>Dank der dreij\u00e4hrigen St. Gobain-Garantie entscheiden Sie sich au\u00dferdem f\u00fcr langfristige Sicherheit und Qualit\u00e4t.<\/p>\n<p>Erh\u00e4ltlich in drei Gr\u00f6\u00dfen und in elegantem Anthrazit.<\/p>\n<p>Unvergleichliche Stabilit\u00e4t, langlebige Qualit\u00e4t und eine bewusste Wahl \u2013 all das vereint in einem Campingtisch.<\/p>\n<p>St. Gobain S:<br \/>\n80 x 60 x 52\/68 cm, gefaltet: 80 x 60 x 9 cm, Gewicht: 8,5 kg<\/p>\n<p>St. Gobain M:<br \/>\n100 x 68 x 52\/68 cm, gefaltet: 100 x 68 x 9 cm, Gewicht: 10,5 kg<\/p>\n<p>St. Gobain L:<br \/>\n115 x 70 x 52\/68 cm, gefaltet: 115 x 70 x 9 cm, Gewicht: 14,8 kg<\/p>\n<p>Top-Platte: Hitze- &amp; wasserbest\u00e4ndige Sevelit Tischplatte<br \/>\nTischbeine: Stahl 25mm<br \/>\nMax Belastung: 50 kg.<\/p>\n","protected":false},"excerpt":{"rendered":"<p>Der stabilste Campingtisch seiner Klasse Dieser Campingtisch garantiert maximale Stabilit\u00e4t und Langlebigkeit. Das Gestell ist mit dem patentierten CLS-System (Cross Link Stability) ausgestattet, das f\u00fcr&hellip;<\/p>\n","protected":false},"featured_media":10425,"comment_status":"open","ping_status":"closed","template":"","meta":{"_acf_changed":false},"product_brand":[],"product_cat":[85],"product_tag":[],"class_list":{"0":"post-4400","1":"product","2":"type-product","3":"status-publish","4":"has-post-thumbnail","6":"product_cat-campingtische","8":"first","9":"instock","10":"shipping-taxable","11":"product-type-simple"},"acf":[],"yoast_head":"<!-- This site is optimized with the Yoast SEO plugin v27.4 - https:\/\/yoast.com\/product\/yoast-seo-wordpress\/ -->\n<title>St. Gobain Campingtisch - Eurotrail<\/title>\n<meta name=\"robots\" content=\"index, follow, max-snippet:-1, max-image-preview:large, max-video-preview:-1\" \/>\n<link rel=\"canonical\" href=\"https:\/\/eurotrail.info\/de\/producten\/campingmoebel\/campingtische\/st-gobain-ml\/\" \/>\n<meta property=\"og:locale\" content=\"de_DE\" \/>\n<meta property=\"og:type\" content=\"article\" \/>\n<meta property=\"og:title\" content=\"St. Gobain Campingtisch - Eurotrail\" \/>\n<meta property=\"og:description\" content=\"Der stabilste Campingtisch seiner Klasse Dieser Campingtisch garantiert maximale Stabilit\u00e4t und Langlebigkeit. Das Gestell ist mit dem patentierten CLS-System (Cross Link Stability) ausgestattet, das f\u00fcr&hellip;\" \/>\n<meta property=\"og:url\" content=\"https:\/\/eurotrail.info\/de\/producten\/campingmoebel\/campingtische\/st-gobain-ml\/\" \/>\n<meta property=\"og:site_name\" content=\"Eurotrail\" \/>\n<meta property=\"article:modified_time\" content=\"2026-02-10T14:16:03+00:00\" \/>\n<meta property=\"og:image\" content=\"https:\/\/eurotrail.info\/wp\/wp-content\/uploads\/2016\/01\/ETCF0751_0400_2.jpg\" \/>\n\t<meta property=\"og:image:width\" content=\"1772\" \/>\n\t<meta property=\"og:image:height\" content=\"1407\" \/>\n\t<meta property=\"og:image:type\" content=\"image\/jpeg\" \/>\n<meta name=\"twitter:card\" content=\"summary_large_image\" \/>\n<meta name=\"twitter:label1\" content=\"Gesch\u00e4tzte Lesezeit\" \/>\n\t<meta name=\"twitter:data1\" content=\"2\u00a0Minuten\" \/>\n<script type=\"application\/ld+json\" class=\"yoast-schema-graph\">{\"@context\":\"https:\\\/\\\/schema.org\",\"@graph\":[{\"@type\":\"WebPage\",\"@id\":\"https:\\\/\\\/eurotrail.info\\\/de\\\/producten\\\/campingmoebel\\\/campingtische\\\/st-gobain-ml\\\/\",\"url\":\"https:\\\/\\\/eurotrail.info\\\/de\\\/producten\\\/campingmoebel\\\/campingtische\\\/st-gobain-ml\\\/\",\"name\":\"St. Gobain Campingtisch - Eurotrail\",\"isPartOf\":{\"@id\":\"https:\\\/\\\/eurotrail.info\\\/#website\"},\"primaryImageOfPage\":{\"@id\":\"https:\\\/\\\/eurotrail.info\\\/de\\\/producten\\\/campingmoebel\\\/campingtische\\\/st-gobain-ml\\\/#primaryimage\"},\"image\":{\"@id\":\"https:\\\/\\\/eurotrail.info\\\/de\\\/producten\\\/campingmoebel\\\/campingtische\\\/st-gobain-ml\\\/#primaryimage\"},\"thumbnailUrl\":\"https:\\\/\\\/eurotrail.info\\\/wp\\\/wp-content\\\/uploads\\\/2016\\\/01\\\/ETCF0751_0400_2.jpg\",\"datePublished\":\"2016-01-22T09:21:11+00:00\",\"dateModified\":\"2026-02-10T14:16:03+00:00\",\"breadcrumb\":{\"@id\":\"https:\\\/\\\/eurotrail.info\\\/de\\\/producten\\\/campingmoebel\\\/campingtische\\\/st-gobain-ml\\\/#breadcrumb\"},\"inLanguage\":\"de\",\"potentialAction\":[{\"@type\":\"ReadAction\",\"target\":[\"https:\\\/\\\/eurotrail.info\\\/de\\\/producten\\\/campingmoebel\\\/campingtische\\\/st-gobain-ml\\\/\"]}]},{\"@type\":\"ImageObject\",\"inLanguage\":\"de\",\"@id\":\"https:\\\/\\\/eurotrail.info\\\/de\\\/producten\\\/campingmoebel\\\/campingtische\\\/st-gobain-ml\\\/#primaryimage\",\"url\":\"https:\\\/\\\/eurotrail.info\\\/wp\\\/wp-content\\\/uploads\\\/2016\\\/01\\\/ETCF0751_0400_2.jpg\",\"contentUrl\":\"https:\\\/\\\/eurotrail.info\\\/wp\\\/wp-content\\\/uploads\\\/2016\\\/01\\\/ETCF0751_0400_2.jpg\",\"width\":1772,\"height\":1407,\"caption\":\"Zeer stabiele campingtafel met verstelbare poten. Sevelit top-blad. Made in Holland\"},{\"@type\":\"BreadcrumbList\",\"@id\":\"https:\\\/\\\/eurotrail.info\\\/de\\\/producten\\\/campingmoebel\\\/campingtische\\\/st-gobain-ml\\\/#breadcrumb\",\"itemListElement\":[{\"@type\":\"ListItem\",\"position\":1,\"name\":\"Home\",\"item\":\"https:\\\/\\\/eurotrail.info\\\/de\\\/\"},{\"@type\":\"ListItem\",\"position\":2,\"name\":\"Produkte\",\"item\":\"https:\\\/\\\/eurotrail.info\\\/de\\\/produkte\\\/\"},{\"@type\":\"ListItem\",\"position\":3,\"name\":\"St. Gobain Campingtisch\"}]},{\"@type\":\"WebSite\",\"@id\":\"https:\\\/\\\/eurotrail.info\\\/#website\",\"url\":\"https:\\\/\\\/eurotrail.info\\\/\",\"name\":\"Eurotrail\",\"description\":\"\",\"publisher\":{\"@id\":\"https:\\\/\\\/eurotrail.info\\\/#organization\"},\"potentialAction\":[{\"@type\":\"SearchAction\",\"target\":{\"@type\":\"EntryPoint\",\"urlTemplate\":\"https:\\\/\\\/eurotrail.info\\\/?s={search_term_string}\"},\"query-input\":{\"@type\":\"PropertyValueSpecification\",\"valueRequired\":true,\"valueName\":\"search_term_string\"}}],\"inLanguage\":\"de\"},{\"@type\":\"Organization\",\"@id\":\"https:\\\/\\\/eurotrail.info\\\/#organization\",\"name\":\"Eurotrail\",\"url\":\"https:\\\/\\\/eurotrail.info\\\/\",\"logo\":{\"@type\":\"ImageObject\",\"inLanguage\":\"de\",\"@id\":\"https:\\\/\\\/eurotrail.info\\\/#\\\/schema\\\/logo\\\/image\\\/\",\"url\":\"https:\\\/\\\/eurotrail.info\\\/wp\\\/wp-content\\\/uploads\\\/2023\\\/07\\\/ET-logo-quote_NL-scaled.jpg\",\"contentUrl\":\"https:\\\/\\\/eurotrail.info\\\/wp\\\/wp-content\\\/uploads\\\/2023\\\/07\\\/ET-logo-quote_NL-scaled.jpg\",\"width\":2560,\"height\":675,\"caption\":\"Eurotrail\"},\"image\":{\"@id\":\"https:\\\/\\\/eurotrail.info\\\/#\\\/schema\\\/logo\\\/image\\\/\"}}]}<\/script>\n<!-- \/ Yoast SEO plugin. -->","yoast_head_json":{"title":"St. Gobain Campingtisch - Eurotrail","robots":{"index":"index","follow":"follow","max-snippet":"max-snippet:-1","max-image-preview":"max-image-preview:large","max-video-preview":"max-video-preview:-1"},"canonical":"https:\/\/eurotrail.info\/de\/producten\/campingmoebel\/campingtische\/st-gobain-ml\/","og_locale":"de_DE","og_type":"article","og_title":"St. Gobain Campingtisch - Eurotrail","og_description":"Der stabilste Campingtisch seiner Klasse Dieser Campingtisch garantiert maximale Stabilit\u00e4t und Langlebigkeit. Das Gestell ist mit dem patentierten CLS-System (Cross Link Stability) ausgestattet, das f\u00fcr&hellip;","og_url":"https:\/\/eurotrail.info\/de\/producten\/campingmoebel\/campingtische\/st-gobain-ml\/","og_site_name":"Eurotrail","article_modified_time":"2026-02-10T14:16:03+00:00","og_image":[{"width":1772,"height":1407,"url":"https:\/\/eurotrail.info\/wp\/wp-content\/uploads\/2016\/01\/ETCF0751_0400_2.jpg","type":"image\/jpeg"}],"twitter_card":"summary_large_image","twitter_misc":{"Gesch\u00e4tzte Lesezeit":"2\u00a0Minuten"},"schema":{"@context":"https:\/\/schema.org","@graph":[{"@type":"WebPage","@id":"https:\/\/eurotrail.info\/de\/producten\/campingmoebel\/campingtische\/st-gobain-ml\/","url":"https:\/\/eurotrail.info\/de\/producten\/campingmoebel\/campingtische\/st-gobain-ml\/","name":"St. Gobain Campingtisch - Eurotrail","isPartOf":{"@id":"https:\/\/eurotrail.info\/#website"},"primaryImageOfPage":{"@id":"https:\/\/eurotrail.info\/de\/producten\/campingmoebel\/campingtische\/st-gobain-ml\/#primaryimage"},"image":{"@id":"https:\/\/eurotrail.info\/de\/producten\/campingmoebel\/campingtische\/st-gobain-ml\/#primaryimage"},"thumbnailUrl":"https:\/\/eurotrail.info\/wp\/wp-content\/uploads\/2016\/01\/ETCF0751_0400_2.jpg","datePublished":"2016-01-22T09:21:11+00:00","dateModified":"2026-02-10T14:16:03+00:00","breadcrumb":{"@id":"https:\/\/eurotrail.info\/de\/producten\/campingmoebel\/campingtische\/st-gobain-ml\/#breadcrumb"},"inLanguage":"de","potentialAction":[{"@type":"ReadAction","target":["https:\/\/eurotrail.info\/de\/producten\/campingmoebel\/campingtische\/st-gobain-ml\/"]}]},{"@type":"ImageObject","inLanguage":"de","@id":"https:\/\/eurotrail.info\/de\/producten\/campingmoebel\/campingtische\/st-gobain-ml\/#primaryimage","url":"https:\/\/eurotrail.info\/wp\/wp-content\/uploads\/2016\/01\/ETCF0751_0400_2.jpg","contentUrl":"https:\/\/eurotrail.info\/wp\/wp-content\/uploads\/2016\/01\/ETCF0751_0400_2.jpg","width":1772,"height":1407,"caption":"Zeer stabiele campingtafel met verstelbare poten. Sevelit top-blad. Made in Holland"},{"@type":"BreadcrumbList","@id":"https:\/\/eurotrail.info\/de\/producten\/campingmoebel\/campingtische\/st-gobain-ml\/#breadcrumb","itemListElement":[{"@type":"ListItem","position":1,"name":"Home","item":"https:\/\/eurotrail.info\/de\/"},{"@type":"ListItem","position":2,"name":"Produkte","item":"https:\/\/eurotrail.info\/de\/produkte\/"},{"@type":"ListItem","position":3,"name":"St. Gobain Campingtisch"}]},{"@type":"WebSite","@id":"https:\/\/eurotrail.info\/#website","url":"https:\/\/eurotrail.info\/","name":"Eurotrail","description":"","publisher":{"@id":"https:\/\/eurotrail.info\/#organization"},"potentialAction":[{"@type":"SearchAction","target":{"@type":"EntryPoint","urlTemplate":"https:\/\/eurotrail.info\/?s={search_term_string}"},"query-input":{"@type":"PropertyValueSpecification","valueRequired":true,"valueName":"search_term_string"}}],"inLanguage":"de"},{"@type":"Organization","@id":"https:\/\/eurotrail.info\/#organization","name":"Eurotrail","url":"https:\/\/eurotrail.info\/","logo":{"@type":"ImageObject","inLanguage":"de","@id":"https:\/\/eurotrail.info\/#\/schema\/logo\/image\/","url":"https:\/\/eurotrail.info\/wp\/wp-content\/uploads\/2023\/07\/ET-logo-quote_NL-scaled.jpg","contentUrl":"https:\/\/eurotrail.info\/wp\/wp-content\/uploads\/2023\/07\/ET-logo-quote_NL-scaled.jpg","width":2560,"height":675,"caption":"Eurotrail"},"image":{"@id":"https:\/\/eurotrail.info\/#\/schema\/logo\/image\/"}}]}},"_links":{"self":[{"href":"https:\/\/eurotrail.info\/de\/wp-json\/wp\/v2\/product\/4400","targetHints":{"allow":["GET"]}}],"collection":[{"href":"https:\/\/eurotrail.info\/de\/wp-json\/wp\/v2\/product"}],"about":[{"href":"https:\/\/eurotrail.info\/de\/wp-json\/wp\/v2\/types\/product"}],"replies":[{"embeddable":true,"href":"https:\/\/eurotrail.info\/de\/wp-json\/wp\/v2\/comments?post=4400"}],"wp:featuredmedia":[{"embeddable":true,"href":"https:\/\/eurotrail.info\/de\/wp-json\/wp\/v2\/media\/10425"}],"wp:attachment":[{"href":"https:\/\/eurotrail.info\/de\/wp-json\/wp\/v2\/media?parent=4400"}],"wp:term":[{"taxonomy":"product_brand","embeddable":true,"href":"https:\/\/eurotrail.info\/de\/wp-json\/wp\/v2\/product_brand?post=4400"},{"taxonomy":"product_cat","embeddable":true,"href":"https:\/\/eurotrail.info\/de\/wp-json\/wp\/v2\/product_cat?post=4400"},{"taxonomy":"product_tag","embeddable":true,"href":"https:\/\/eurotrail.info\/de\/wp-json\/wp\/v2\/product_tag?post=4400"}],"curies":[{"name":"wp","href":"https:\/\/api.w.org\/{rel}","templated":true}]}}