{"id":4423,"date":"2016-01-21T13:52:05","date_gmt":"2016-01-21T12:52:05","guid":{"rendered":"http:\/\/preview.eurotrail.info\/producten\/pavillon-outdoor-tische\/"},"modified":"2026-02-10T15:55:15","modified_gmt":"2026-02-10T14:55:15","slug":"pavillon-outdoor-tische","status":"publish","type":"product","link":"https:\/\/eurotrail.info\/de\/producten\/campingmoebel\/campingtische\/pavillon-outdoor-tische\/","title":{"rendered":"Pavillon Outdoor Tische"},"content":{"rendered":"<p><strong>Partytische \u2013 robust, praktisch und perfekt f\u00fcr drau\u00dfen<\/strong><\/p>\n<p>Diese beliebten Partytische sind ideal f\u00fcr den intensiven Einsatz im Freien und die perfekte L\u00f6sung f\u00fcr Partys, Campingausfl\u00fcge, Grillabende oder den Garten. Dank des cleveren Klappsystems lassen sie sich einfach auf- und abbauen.<\/p>\n<p>Die Tischplatte besteht aus strapazierf\u00e4higem HDPE-Kunststoff, der absolut wasser- und wetterfest ist. Das stabile Stahlgestell ist mit einer sch\u00fctzenden Pulverbeschichtung versehen, die f\u00fcr Langlebigkeit und zuverl\u00e4ssige Stabilit\u00e4t sorgt \u2013 auch bei h\u00e4ufigem Gebrauch.<\/p>\n<p><strong>Robust, pflegeleicht und immer einsatzbereit.<\/strong> \ud83c\udf89\ud83c\udf3f<\/p>\n<p>Der Pavillon Tisch ist lieferbar in 3 verschiedene Gr\u00f6sse:<br \/>\nS: 152x71x75cm, gefaltet : 76x71x8cm, Gewicht: 12,5 kg.<br \/>\nM: 180x75x75cm, gefaltet 90x71x8cm. Gewicht 14,8 kg.<br \/>\nL: 244x76x75cm, gefaltet 122x76x8cm, Gewicht 18,5 kg.<\/p>\n","protected":false},"excerpt":{"rendered":"<p>Partytische \u2013 robust, praktisch und perfekt f\u00fcr drau\u00dfen Diese beliebten Partytische sind ideal f\u00fcr den intensiven Einsatz im Freien und die perfekte L\u00f6sung f\u00fcr Partys,&hellip;<\/p>\n","protected":false},"featured_media":1605,"comment_status":"open","ping_status":"closed","template":"","meta":{"_acf_changed":false},"product_brand":[],"product_cat":[85,215],"product_tag":[],"class_list":{"0":"post-4423","1":"product","2":"type-product","3":"status-publish","4":"has-post-thumbnail","6":"product_cat-campingtische","7":"product_cat-party-klapptisch","9":"first","10":"instock","11":"shipping-taxable","12":"product-type-simple"},"acf":[],"yoast_head":"<!-- This site is optimized with the Yoast SEO plugin v27.4 - https:\/\/yoast.com\/product\/yoast-seo-wordpress\/ -->\n<title>Pavillon Outdoor Tische - Eurotrail<\/title>\n<meta name=\"description\" content=\"Stabile Partytische f\u00fcr Garten und Camping. Tischplatte aus HDPE, wasser- und wetterfest, pulverbeschichtetes Stahlgestell. Ideal f\u00fcr drau\u00dfen.\" \/>\n<meta name=\"robots\" content=\"index, follow, max-snippet:-1, max-image-preview:large, max-video-preview:-1\" \/>\n<link rel=\"canonical\" href=\"https:\/\/eurotrail.info\/de\/producten\/campingmoebel\/campingtische\/pavillon-outdoor-tische\/\" \/>\n<meta property=\"og:locale\" content=\"de_DE\" \/>\n<meta property=\"og:type\" content=\"article\" \/>\n<meta property=\"og:title\" content=\"Pavillon Outdoor Tische - Eurotrail\" \/>\n<meta property=\"og:description\" content=\"Stabile Partytische f\u00fcr Garten und Camping. Tischplatte aus HDPE, wasser- und wetterfest, pulverbeschichtetes Stahlgestell. Ideal f\u00fcr drau\u00dfen.\" \/>\n<meta property=\"og:url\" content=\"https:\/\/eurotrail.info\/de\/producten\/campingmoebel\/campingtische\/pavillon-outdoor-tische\/\" \/>\n<meta property=\"og:site_name\" content=\"Eurotrail\" \/>\n<meta property=\"article:modified_time\" content=\"2026-02-10T14:55:15+00:00\" \/>\n<meta property=\"og:image\" content=\"https:\/\/eurotrail.info\/wp\/wp-content\/uploads\/2016\/01\/Campingtafel-Pavillon-3.jpg\" \/>\n\t<meta property=\"og:image:width\" content=\"1467\" \/>\n\t<meta property=\"og:image:height\" content=\"1181\" \/>\n\t<meta property=\"og:image:type\" content=\"image\/jpeg\" \/>\n<meta name=\"twitter:card\" content=\"summary_large_image\" \/>\n<meta name=\"twitter:label1\" content=\"Gesch\u00e4tzte Lesezeit\" \/>\n\t<meta name=\"twitter:data1\" content=\"1\u00a0Minute\" \/>\n<script type=\"application\/ld+json\" class=\"yoast-schema-graph\">{\"@context\":\"https:\\\/\\\/schema.org\",\"@graph\":[{\"@type\":\"WebPage\",\"@id\":\"https:\\\/\\\/eurotrail.info\\\/de\\\/producten\\\/campingmoebel\\\/campingtische\\\/pavillon-outdoor-tische\\\/\",\"url\":\"https:\\\/\\\/eurotrail.info\\\/de\\\/producten\\\/campingmoebel\\\/campingtische\\\/pavillon-outdoor-tische\\\/\",\"name\":\"Pavillon Outdoor Tische - Eurotrail\",\"isPartOf\":{\"@id\":\"https:\\\/\\\/eurotrail.info\\\/#website\"},\"primaryImageOfPage\":{\"@id\":\"https:\\\/\\\/eurotrail.info\\\/de\\\/producten\\\/campingmoebel\\\/campingtische\\\/pavillon-outdoor-tische\\\/#primaryimage\"},\"image\":{\"@id\":\"https:\\\/\\\/eurotrail.info\\\/de\\\/producten\\\/campingmoebel\\\/campingtische\\\/pavillon-outdoor-tische\\\/#primaryimage\"},\"thumbnailUrl\":\"https:\\\/\\\/eurotrail.info\\\/wp\\\/wp-content\\\/uploads\\\/2016\\\/01\\\/Campingtafel-Pavillon-3.jpg\",\"datePublished\":\"2016-01-21T12:52:05+00:00\",\"dateModified\":\"2026-02-10T14:55:15+00:00\",\"description\":\"Stabile Partytische f\u00fcr Garten und Camping. Tischplatte aus HDPE, wasser- und wetterfest, pulverbeschichtetes Stahlgestell. Ideal f\u00fcr drau\u00dfen.\",\"breadcrumb\":{\"@id\":\"https:\\\/\\\/eurotrail.info\\\/de\\\/producten\\\/campingmoebel\\\/campingtische\\\/pavillon-outdoor-tische\\\/#breadcrumb\"},\"inLanguage\":\"de\",\"potentialAction\":[{\"@type\":\"ReadAction\",\"target\":[\"https:\\\/\\\/eurotrail.info\\\/de\\\/producten\\\/campingmoebel\\\/campingtische\\\/pavillon-outdoor-tische\\\/\"]}]},{\"@type\":\"ImageObject\",\"inLanguage\":\"de\",\"@id\":\"https:\\\/\\\/eurotrail.info\\\/de\\\/producten\\\/campingmoebel\\\/campingtische\\\/pavillon-outdoor-tische\\\/#primaryimage\",\"url\":\"https:\\\/\\\/eurotrail.info\\\/wp\\\/wp-content\\\/uploads\\\/2016\\\/01\\\/Campingtafel-Pavillon-3.jpg\",\"contentUrl\":\"https:\\\/\\\/eurotrail.info\\\/wp\\\/wp-content\\\/uploads\\\/2016\\\/01\\\/Campingtafel-Pavillon-3.jpg\",\"width\":1467,\"height\":1181,\"caption\":\"Party tafel ideaal voor gebruik in de tuin of camping.\"},{\"@type\":\"BreadcrumbList\",\"@id\":\"https:\\\/\\\/eurotrail.info\\\/de\\\/producten\\\/campingmoebel\\\/campingtische\\\/pavillon-outdoor-tische\\\/#breadcrumb\",\"itemListElement\":[{\"@type\":\"ListItem\",\"position\":1,\"name\":\"Home\",\"item\":\"https:\\\/\\\/eurotrail.info\\\/de\\\/\"},{\"@type\":\"ListItem\",\"position\":2,\"name\":\"Produkte\",\"item\":\"https:\\\/\\\/eurotrail.info\\\/de\\\/produkte\\\/\"},{\"@type\":\"ListItem\",\"position\":3,\"name\":\"Pavillon Outdoor Tische\"}]},{\"@type\":\"WebSite\",\"@id\":\"https:\\\/\\\/eurotrail.info\\\/#website\",\"url\":\"https:\\\/\\\/eurotrail.info\\\/\",\"name\":\"Eurotrail\",\"description\":\"\",\"publisher\":{\"@id\":\"https:\\\/\\\/eurotrail.info\\\/#organization\"},\"potentialAction\":[{\"@type\":\"SearchAction\",\"target\":{\"@type\":\"EntryPoint\",\"urlTemplate\":\"https:\\\/\\\/eurotrail.info\\\/?s={search_term_string}\"},\"query-input\":{\"@type\":\"PropertyValueSpecification\",\"valueRequired\":true,\"valueName\":\"search_term_string\"}}],\"inLanguage\":\"de\"},{\"@type\":\"Organization\",\"@id\":\"https:\\\/\\\/eurotrail.info\\\/#organization\",\"name\":\"Eurotrail\",\"url\":\"https:\\\/\\\/eurotrail.info\\\/\",\"logo\":{\"@type\":\"ImageObject\",\"inLanguage\":\"de\",\"@id\":\"https:\\\/\\\/eurotrail.info\\\/#\\\/schema\\\/logo\\\/image\\\/\",\"url\":\"https:\\\/\\\/eurotrail.info\\\/wp\\\/wp-content\\\/uploads\\\/2023\\\/07\\\/ET-logo-quote_NL-scaled.jpg\",\"contentUrl\":\"https:\\\/\\\/eurotrail.info\\\/wp\\\/wp-content\\\/uploads\\\/2023\\\/07\\\/ET-logo-quote_NL-scaled.jpg\",\"width\":2560,\"height\":675,\"caption\":\"Eurotrail\"},\"image\":{\"@id\":\"https:\\\/\\\/eurotrail.info\\\/#\\\/schema\\\/logo\\\/image\\\/\"}}]}<\/script>\n<!-- \/ Yoast SEO plugin. -->","yoast_head_json":{"title":"Pavillon Outdoor Tische - Eurotrail","description":"Stabile Partytische f\u00fcr Garten und Camping. Tischplatte aus HDPE, wasser- und wetterfest, pulverbeschichtetes Stahlgestell. Ideal f\u00fcr drau\u00dfen.","robots":{"index":"index","follow":"follow","max-snippet":"max-snippet:-1","max-image-preview":"max-image-preview:large","max-video-preview":"max-video-preview:-1"},"canonical":"https:\/\/eurotrail.info\/de\/producten\/campingmoebel\/campingtische\/pavillon-outdoor-tische\/","og_locale":"de_DE","og_type":"article","og_title":"Pavillon Outdoor Tische - Eurotrail","og_description":"Stabile Partytische f\u00fcr Garten und Camping. Tischplatte aus HDPE, wasser- und wetterfest, pulverbeschichtetes Stahlgestell. Ideal f\u00fcr drau\u00dfen.","og_url":"https:\/\/eurotrail.info\/de\/producten\/campingmoebel\/campingtische\/pavillon-outdoor-tische\/","og_site_name":"Eurotrail","article_modified_time":"2026-02-10T14:55:15+00:00","og_image":[{"width":1467,"height":1181,"url":"https:\/\/eurotrail.info\/wp\/wp-content\/uploads\/2016\/01\/Campingtafel-Pavillon-3.jpg","type":"image\/jpeg"}],"twitter_card":"summary_large_image","twitter_misc":{"Gesch\u00e4tzte Lesezeit":"1\u00a0Minute"},"schema":{"@context":"https:\/\/schema.org","@graph":[{"@type":"WebPage","@id":"https:\/\/eurotrail.info\/de\/producten\/campingmoebel\/campingtische\/pavillon-outdoor-tische\/","url":"https:\/\/eurotrail.info\/de\/producten\/campingmoebel\/campingtische\/pavillon-outdoor-tische\/","name":"Pavillon Outdoor Tische - Eurotrail","isPartOf":{"@id":"https:\/\/eurotrail.info\/#website"},"primaryImageOfPage":{"@id":"https:\/\/eurotrail.info\/de\/producten\/campingmoebel\/campingtische\/pavillon-outdoor-tische\/#primaryimage"},"image":{"@id":"https:\/\/eurotrail.info\/de\/producten\/campingmoebel\/campingtische\/pavillon-outdoor-tische\/#primaryimage"},"thumbnailUrl":"https:\/\/eurotrail.info\/wp\/wp-content\/uploads\/2016\/01\/Campingtafel-Pavillon-3.jpg","datePublished":"2016-01-21T12:52:05+00:00","dateModified":"2026-02-10T14:55:15+00:00","description":"Stabile Partytische f\u00fcr Garten und Camping. Tischplatte aus HDPE, wasser- und wetterfest, pulverbeschichtetes Stahlgestell. Ideal f\u00fcr drau\u00dfen.","breadcrumb":{"@id":"https:\/\/eurotrail.info\/de\/producten\/campingmoebel\/campingtische\/pavillon-outdoor-tische\/#breadcrumb"},"inLanguage":"de","potentialAction":[{"@type":"ReadAction","target":["https:\/\/eurotrail.info\/de\/producten\/campingmoebel\/campingtische\/pavillon-outdoor-tische\/"]}]},{"@type":"ImageObject","inLanguage":"de","@id":"https:\/\/eurotrail.info\/de\/producten\/campingmoebel\/campingtische\/pavillon-outdoor-tische\/#primaryimage","url":"https:\/\/eurotrail.info\/wp\/wp-content\/uploads\/2016\/01\/Campingtafel-Pavillon-3.jpg","contentUrl":"https:\/\/eurotrail.info\/wp\/wp-content\/uploads\/2016\/01\/Campingtafel-Pavillon-3.jpg","width":1467,"height":1181,"caption":"Party tafel ideaal voor gebruik in de tuin of camping."},{"@type":"BreadcrumbList","@id":"https:\/\/eurotrail.info\/de\/producten\/campingmoebel\/campingtische\/pavillon-outdoor-tische\/#breadcrumb","itemListElement":[{"@type":"ListItem","position":1,"name":"Home","item":"https:\/\/eurotrail.info\/de\/"},{"@type":"ListItem","position":2,"name":"Produkte","item":"https:\/\/eurotrail.info\/de\/produkte\/"},{"@type":"ListItem","position":3,"name":"Pavillon Outdoor Tische"}]},{"@type":"WebSite","@id":"https:\/\/eurotrail.info\/#website","url":"https:\/\/eurotrail.info\/","name":"Eurotrail","description":"","publisher":{"@id":"https:\/\/eurotrail.info\/#organization"},"potentialAction":[{"@type":"SearchAction","target":{"@type":"EntryPoint","urlTemplate":"https:\/\/eurotrail.info\/?s={search_term_string}"},"query-input":{"@type":"PropertyValueSpecification","valueRequired":true,"valueName":"search_term_string"}}],"inLanguage":"de"},{"@type":"Organization","@id":"https:\/\/eurotrail.info\/#organization","name":"Eurotrail","url":"https:\/\/eurotrail.info\/","logo":{"@type":"ImageObject","inLanguage":"de","@id":"https:\/\/eurotrail.info\/#\/schema\/logo\/image\/","url":"https:\/\/eurotrail.info\/wp\/wp-content\/uploads\/2023\/07\/ET-logo-quote_NL-scaled.jpg","contentUrl":"https:\/\/eurotrail.info\/wp\/wp-content\/uploads\/2023\/07\/ET-logo-quote_NL-scaled.jpg","width":2560,"height":675,"caption":"Eurotrail"},"image":{"@id":"https:\/\/eurotrail.info\/#\/schema\/logo\/image\/"}}]}},"_links":{"self":[{"href":"https:\/\/eurotrail.info\/de\/wp-json\/wp\/v2\/product\/4423","targetHints":{"allow":["GET"]}}],"collection":[{"href":"https:\/\/eurotrail.info\/de\/wp-json\/wp\/v2\/product"}],"about":[{"href":"https:\/\/eurotrail.info\/de\/wp-json\/wp\/v2\/types\/product"}],"replies":[{"embeddable":true,"href":"https:\/\/eurotrail.info\/de\/wp-json\/wp\/v2\/comments?post=4423"}],"wp:featuredmedia":[{"embeddable":true,"href":"https:\/\/eurotrail.info\/de\/wp-json\/wp\/v2\/media\/1605"}],"wp:attachment":[{"href":"https:\/\/eurotrail.info\/de\/wp-json\/wp\/v2\/media?parent=4423"}],"wp:term":[{"taxonomy":"product_brand","embeddable":true,"href":"https:\/\/eurotrail.info\/de\/wp-json\/wp\/v2\/product_brand?post=4423"},{"taxonomy":"product_cat","embeddable":true,"href":"https:\/\/eurotrail.info\/de\/wp-json\/wp\/v2\/product_cat?post=4423"},{"taxonomy":"product_tag","embeddable":true,"href":"https:\/\/eurotrail.info\/de\/wp-json\/wp\/v2\/product_tag?post=4423"}],"curies":[{"name":"wp","href":"https:\/\/api.w.org\/{rel}","templated":true}]}}