{"id":4440,"date":"2016-03-30T14:55:38","date_gmt":"2016-03-30T13:55:38","guid":{"rendered":"http:\/\/preview.eurotrail.info\/producten\/zelttasche-medium\/"},"modified":"2023-05-08T10:51:47","modified_gmt":"2023-05-08T09:51:47","slug":"zelttasche-medium","status":"publish","type":"product","link":"https:\/\/eurotrail.info\/de\/producten\/zubehoer\/aufbewahrtaschen\/zelttasche-medium\/","title":{"rendered":"Zelttasche Medium"},"content":{"rendered":"<p>Spezialtasche Zelttasche.<br \/>\nDieser Fall ist aus robustem 600D Polyester gefertigt und verf\u00fcgt \u00fcber kontinuierliche und Tragegurte gen\u00e4ht, die den Beutel halten viel Gewicht tragen kann. Die gro\u00dfe Gr\u00f6\u00dfe sorgt daf\u00fcr, dass praktisch jedes Zelt passt.<\/p>\n<p>Gr\u00f6\u00dfe: 110x31x34cm<br \/>\nMaterial: 100% Polyester<br \/>\nFarbe: schwarz<\/p>\n","protected":false},"excerpt":{"rendered":"<p>Spezialtasche Zelttasche. Dieser Fall ist aus robustem 600D Polyester gefertigt und verf\u00fcgt \u00fcber kontinuierliche und Tragegurte gen\u00e4ht, die den Beutel halten viel Gewicht tragen kann.&hellip;<\/p>\n","protected":false},"featured_media":2140,"comment_status":"open","ping_status":"closed","template":"","meta":{"_acf_changed":false},"product_brand":[],"product_cat":[109],"product_tag":[],"class_list":{"0":"post-4440","1":"product","2":"type-product","3":"status-publish","4":"has-post-thumbnail","6":"product_cat-aufbewahrtaschen","8":"first","9":"instock","10":"shipping-taxable","11":"product-type-simple"},"acf":[],"yoast_head":"<!-- This site is optimized with the Yoast SEO plugin v27.3 - https:\/\/yoast.com\/product\/yoast-seo-wordpress\/ -->\n<title>Zelttasche Medium - Eurotrail<\/title>\n<meta name=\"robots\" content=\"index, follow, max-snippet:-1, max-image-preview:large, max-video-preview:-1\" \/>\n<link rel=\"canonical\" href=\"https:\/\/eurotrail.info\/de\/producten\/zubehoer\/aufbewahrtaschen\/zelttasche-medium\/\" \/>\n<meta property=\"og:locale\" content=\"de_DE\" \/>\n<meta property=\"og:type\" content=\"article\" \/>\n<meta property=\"og:title\" content=\"Zelttasche Medium - Eurotrail\" \/>\n<meta property=\"og:description\" content=\"Spezialtasche Zelttasche. Dieser Fall ist aus robustem 600D Polyester gefertigt und verf\u00fcgt \u00fcber kontinuierliche und Tragegurte gen\u00e4ht, die den Beutel halten viel Gewicht tragen kann.&hellip;\" \/>\n<meta property=\"og:url\" content=\"https:\/\/eurotrail.info\/de\/producten\/zubehoer\/aufbewahrtaschen\/zelttasche-medium\/\" \/>\n<meta property=\"og:site_name\" content=\"Eurotrail\" \/>\n<meta property=\"article:modified_time\" content=\"2023-05-08T09:51:47+00:00\" \/>\n<meta property=\"og:image\" content=\"https:\/\/eurotrail.info\/wp\/wp-content\/uploads\/2016\/03\/ETAC0186-Tentbag-closed.jpg\" \/>\n\t<meta property=\"og:image:width\" content=\"1181\" \/>\n\t<meta property=\"og:image:height\" content=\"637\" \/>\n\t<meta property=\"og:image:type\" content=\"image\/jpeg\" \/>\n<meta name=\"twitter:card\" content=\"summary_large_image\" \/>\n<script type=\"application\/ld+json\" class=\"yoast-schema-graph\">{\"@context\":\"https:\\\/\\\/schema.org\",\"@graph\":[{\"@type\":\"WebPage\",\"@id\":\"https:\\\/\\\/eurotrail.info\\\/de\\\/producten\\\/zubehoer\\\/aufbewahrtaschen\\\/zelttasche-medium\\\/\",\"url\":\"https:\\\/\\\/eurotrail.info\\\/de\\\/producten\\\/zubehoer\\\/aufbewahrtaschen\\\/zelttasche-medium\\\/\",\"name\":\"Zelttasche Medium - Eurotrail\",\"isPartOf\":{\"@id\":\"https:\\\/\\\/eurotrail.info\\\/#website\"},\"primaryImageOfPage\":{\"@id\":\"https:\\\/\\\/eurotrail.info\\\/de\\\/producten\\\/zubehoer\\\/aufbewahrtaschen\\\/zelttasche-medium\\\/#primaryimage\"},\"image\":{\"@id\":\"https:\\\/\\\/eurotrail.info\\\/de\\\/producten\\\/zubehoer\\\/aufbewahrtaschen\\\/zelttasche-medium\\\/#primaryimage\"},\"thumbnailUrl\":\"https:\\\/\\\/eurotrail.info\\\/wp\\\/wp-content\\\/uploads\\\/2016\\\/03\\\/ETAC0186-Tentbag-closed.jpg\",\"datePublished\":\"2016-03-30T13:55:38+00:00\",\"dateModified\":\"2023-05-08T09:51:47+00:00\",\"breadcrumb\":{\"@id\":\"https:\\\/\\\/eurotrail.info\\\/de\\\/producten\\\/zubehoer\\\/aufbewahrtaschen\\\/zelttasche-medium\\\/#breadcrumb\"},\"inLanguage\":\"de\",\"potentialAction\":[{\"@type\":\"ReadAction\",\"target\":[\"https:\\\/\\\/eurotrail.info\\\/de\\\/producten\\\/zubehoer\\\/aufbewahrtaschen\\\/zelttasche-medium\\\/\"]}]},{\"@type\":\"ImageObject\",\"inLanguage\":\"de\",\"@id\":\"https:\\\/\\\/eurotrail.info\\\/de\\\/producten\\\/zubehoer\\\/aufbewahrtaschen\\\/zelttasche-medium\\\/#primaryimage\",\"url\":\"https:\\\/\\\/eurotrail.info\\\/wp\\\/wp-content\\\/uploads\\\/2016\\\/03\\\/ETAC0186-Tentbag-closed.jpg\",\"contentUrl\":\"https:\\\/\\\/eurotrail.info\\\/wp\\\/wp-content\\\/uploads\\\/2016\\\/03\\\/ETAC0186-Tentbag-closed.jpg\",\"width\":1181,\"height\":637,\"caption\":\"Spezialtasche Zelttasche.\"},{\"@type\":\"BreadcrumbList\",\"@id\":\"https:\\\/\\\/eurotrail.info\\\/de\\\/producten\\\/zubehoer\\\/aufbewahrtaschen\\\/zelttasche-medium\\\/#breadcrumb\",\"itemListElement\":[{\"@type\":\"ListItem\",\"position\":1,\"name\":\"Home\",\"item\":\"https:\\\/\\\/eurotrail.info\\\/de\\\/\"},{\"@type\":\"ListItem\",\"position\":2,\"name\":\"Produkte\",\"item\":\"https:\\\/\\\/eurotrail.info\\\/de\\\/produkte\\\/\"},{\"@type\":\"ListItem\",\"position\":3,\"name\":\"Zelttasche Medium\"}]},{\"@type\":\"WebSite\",\"@id\":\"https:\\\/\\\/eurotrail.info\\\/#website\",\"url\":\"https:\\\/\\\/eurotrail.info\\\/\",\"name\":\"Eurotrail\",\"description\":\"\",\"publisher\":{\"@id\":\"https:\\\/\\\/eurotrail.info\\\/#organization\"},\"potentialAction\":[{\"@type\":\"SearchAction\",\"target\":{\"@type\":\"EntryPoint\",\"urlTemplate\":\"https:\\\/\\\/eurotrail.info\\\/?s={search_term_string}\"},\"query-input\":{\"@type\":\"PropertyValueSpecification\",\"valueRequired\":true,\"valueName\":\"search_term_string\"}}],\"inLanguage\":\"de\"},{\"@type\":\"Organization\",\"@id\":\"https:\\\/\\\/eurotrail.info\\\/#organization\",\"name\":\"Eurotrail\",\"url\":\"https:\\\/\\\/eurotrail.info\\\/\",\"logo\":{\"@type\":\"ImageObject\",\"inLanguage\":\"de\",\"@id\":\"https:\\\/\\\/eurotrail.info\\\/#\\\/schema\\\/logo\\\/image\\\/\",\"url\":\"https:\\\/\\\/eurotrail.info\\\/wp\\\/wp-content\\\/uploads\\\/2023\\\/07\\\/ET-logo-quote_NL-scaled.jpg\",\"contentUrl\":\"https:\\\/\\\/eurotrail.info\\\/wp\\\/wp-content\\\/uploads\\\/2023\\\/07\\\/ET-logo-quote_NL-scaled.jpg\",\"width\":2560,\"height\":675,\"caption\":\"Eurotrail\"},\"image\":{\"@id\":\"https:\\\/\\\/eurotrail.info\\\/#\\\/schema\\\/logo\\\/image\\\/\"}}]}<\/script>\n<!-- \/ Yoast SEO plugin. -->","yoast_head_json":{"title":"Zelttasche Medium - Eurotrail","robots":{"index":"index","follow":"follow","max-snippet":"max-snippet:-1","max-image-preview":"max-image-preview:large","max-video-preview":"max-video-preview:-1"},"canonical":"https:\/\/eurotrail.info\/de\/producten\/zubehoer\/aufbewahrtaschen\/zelttasche-medium\/","og_locale":"de_DE","og_type":"article","og_title":"Zelttasche Medium - Eurotrail","og_description":"Spezialtasche Zelttasche. Dieser Fall ist aus robustem 600D Polyester gefertigt und verf\u00fcgt \u00fcber kontinuierliche und Tragegurte gen\u00e4ht, die den Beutel halten viel Gewicht tragen kann.&hellip;","og_url":"https:\/\/eurotrail.info\/de\/producten\/zubehoer\/aufbewahrtaschen\/zelttasche-medium\/","og_site_name":"Eurotrail","article_modified_time":"2023-05-08T09:51:47+00:00","og_image":[{"width":1181,"height":637,"url":"https:\/\/eurotrail.info\/wp\/wp-content\/uploads\/2016\/03\/ETAC0186-Tentbag-closed.jpg","type":"image\/jpeg"}],"twitter_card":"summary_large_image","schema":{"@context":"https:\/\/schema.org","@graph":[{"@type":"WebPage","@id":"https:\/\/eurotrail.info\/de\/producten\/zubehoer\/aufbewahrtaschen\/zelttasche-medium\/","url":"https:\/\/eurotrail.info\/de\/producten\/zubehoer\/aufbewahrtaschen\/zelttasche-medium\/","name":"Zelttasche Medium - Eurotrail","isPartOf":{"@id":"https:\/\/eurotrail.info\/#website"},"primaryImageOfPage":{"@id":"https:\/\/eurotrail.info\/de\/producten\/zubehoer\/aufbewahrtaschen\/zelttasche-medium\/#primaryimage"},"image":{"@id":"https:\/\/eurotrail.info\/de\/producten\/zubehoer\/aufbewahrtaschen\/zelttasche-medium\/#primaryimage"},"thumbnailUrl":"https:\/\/eurotrail.info\/wp\/wp-content\/uploads\/2016\/03\/ETAC0186-Tentbag-closed.jpg","datePublished":"2016-03-30T13:55:38+00:00","dateModified":"2023-05-08T09:51:47+00:00","breadcrumb":{"@id":"https:\/\/eurotrail.info\/de\/producten\/zubehoer\/aufbewahrtaschen\/zelttasche-medium\/#breadcrumb"},"inLanguage":"de","potentialAction":[{"@type":"ReadAction","target":["https:\/\/eurotrail.info\/de\/producten\/zubehoer\/aufbewahrtaschen\/zelttasche-medium\/"]}]},{"@type":"ImageObject","inLanguage":"de","@id":"https:\/\/eurotrail.info\/de\/producten\/zubehoer\/aufbewahrtaschen\/zelttasche-medium\/#primaryimage","url":"https:\/\/eurotrail.info\/wp\/wp-content\/uploads\/2016\/03\/ETAC0186-Tentbag-closed.jpg","contentUrl":"https:\/\/eurotrail.info\/wp\/wp-content\/uploads\/2016\/03\/ETAC0186-Tentbag-closed.jpg","width":1181,"height":637,"caption":"Spezialtasche Zelttasche."},{"@type":"BreadcrumbList","@id":"https:\/\/eurotrail.info\/de\/producten\/zubehoer\/aufbewahrtaschen\/zelttasche-medium\/#breadcrumb","itemListElement":[{"@type":"ListItem","position":1,"name":"Home","item":"https:\/\/eurotrail.info\/de\/"},{"@type":"ListItem","position":2,"name":"Produkte","item":"https:\/\/eurotrail.info\/de\/produkte\/"},{"@type":"ListItem","position":3,"name":"Zelttasche Medium"}]},{"@type":"WebSite","@id":"https:\/\/eurotrail.info\/#website","url":"https:\/\/eurotrail.info\/","name":"Eurotrail","description":"","publisher":{"@id":"https:\/\/eurotrail.info\/#organization"},"potentialAction":[{"@type":"SearchAction","target":{"@type":"EntryPoint","urlTemplate":"https:\/\/eurotrail.info\/?s={search_term_string}"},"query-input":{"@type":"PropertyValueSpecification","valueRequired":true,"valueName":"search_term_string"}}],"inLanguage":"de"},{"@type":"Organization","@id":"https:\/\/eurotrail.info\/#organization","name":"Eurotrail","url":"https:\/\/eurotrail.info\/","logo":{"@type":"ImageObject","inLanguage":"de","@id":"https:\/\/eurotrail.info\/#\/schema\/logo\/image\/","url":"https:\/\/eurotrail.info\/wp\/wp-content\/uploads\/2023\/07\/ET-logo-quote_NL-scaled.jpg","contentUrl":"https:\/\/eurotrail.info\/wp\/wp-content\/uploads\/2023\/07\/ET-logo-quote_NL-scaled.jpg","width":2560,"height":675,"caption":"Eurotrail"},"image":{"@id":"https:\/\/eurotrail.info\/#\/schema\/logo\/image\/"}}]}},"_links":{"self":[{"href":"https:\/\/eurotrail.info\/de\/wp-json\/wp\/v2\/product\/4440","targetHints":{"allow":["GET"]}}],"collection":[{"href":"https:\/\/eurotrail.info\/de\/wp-json\/wp\/v2\/product"}],"about":[{"href":"https:\/\/eurotrail.info\/de\/wp-json\/wp\/v2\/types\/product"}],"replies":[{"embeddable":true,"href":"https:\/\/eurotrail.info\/de\/wp-json\/wp\/v2\/comments?post=4440"}],"wp:featuredmedia":[{"embeddable":true,"href":"https:\/\/eurotrail.info\/de\/wp-json\/wp\/v2\/media\/2140"}],"wp:attachment":[{"href":"https:\/\/eurotrail.info\/de\/wp-json\/wp\/v2\/media?parent=4440"}],"wp:term":[{"taxonomy":"product_brand","embeddable":true,"href":"https:\/\/eurotrail.info\/de\/wp-json\/wp\/v2\/product_brand?post=4440"},{"taxonomy":"product_cat","embeddable":true,"href":"https:\/\/eurotrail.info\/de\/wp-json\/wp\/v2\/product_cat?post=4440"},{"taxonomy":"product_tag","embeddable":true,"href":"https:\/\/eurotrail.info\/de\/wp-json\/wp\/v2\/product_tag?post=4440"}],"curies":[{"name":"wp","href":"https:\/\/api.w.org\/{rel}","templated":true}]}}