{"id":4447,"date":"2016-03-30T12:55:18","date_gmt":"2016-03-30T11:55:18","guid":{"rendered":"http:\/\/preview.eurotrail.info\/producten\/haengeschrank-3\/"},"modified":"2016-03-30T12:55:18","modified_gmt":"2016-03-30T11:55:18","slug":"haengeschrank-3","status":"publish","type":"product","link":"https:\/\/eurotrail.info\/de\/producten\/zubehoer\/haengeregale\/haengeschrank-3\/","title":{"rendered":"H\u00e4ngeschrank 3"},"content":{"rendered":"<p>Schrank mit 3 stabilen B\u00f6den und Insektengschutzgaze, mit Aufh\u00e4ngung.<br \/>\n3 Ablageb\u00f6den, Seitentasche. Lieferung im Packsack.<br \/>\nSinvolle Erg\u00e4nzung zu allen Zeltschr\u00e4nken!<\/p>\n<p>Material: 100% Polyester<br \/>\nGr\u00f6sse: 40x20x74cm<\/p>\n","protected":false},"excerpt":{"rendered":"<p>Schrank mit 3 stabilen B\u00f6den und Insektengschutzgaze, mit Aufh\u00e4ngung. 3 Ablageb\u00f6den, Seitentasche. Lieferung im Packsack. Sinvolle Erg\u00e4nzung zu allen Zeltschr\u00e4nken! Material: 100% Polyester Gr\u00f6sse: 40x20x74cm<\/p>\n","protected":false},"featured_media":2109,"comment_status":"open","ping_status":"closed","template":"","meta":{"_acf_changed":false},"product_brand":[],"product_cat":[69],"product_tag":[],"class_list":{"0":"post-4447","1":"product","2":"type-product","3":"status-publish","4":"has-post-thumbnail","6":"product_cat-haengeregale","8":"first","9":"instock","10":"shipping-taxable","11":"product-type-simple"},"acf":[],"yoast_head":"<!-- This site is optimized with the Yoast SEO plugin v27.3 - https:\/\/yoast.com\/product\/yoast-seo-wordpress\/ -->\n<title>H\u00e4ngeschrank 3 - Eurotrail<\/title>\n<meta name=\"robots\" content=\"index, follow, max-snippet:-1, max-image-preview:large, max-video-preview:-1\" \/>\n<link rel=\"canonical\" href=\"https:\/\/eurotrail.info\/de\/producten\/zubehoer\/haengeregale\/haengeschrank-3\/\" \/>\n<meta property=\"og:locale\" content=\"de_DE\" \/>\n<meta property=\"og:type\" content=\"article\" \/>\n<meta property=\"og:title\" content=\"H\u00e4ngeschrank 3 - Eurotrail\" \/>\n<meta property=\"og:description\" content=\"Schrank mit 3 stabilen B\u00f6den und Insektengschutzgaze, mit Aufh\u00e4ngung. 3 Ablageb\u00f6den, Seitentasche. Lieferung im Packsack. Sinvolle Erg\u00e4nzung zu allen Zeltschr\u00e4nken! Material: 100% Polyester Gr\u00f6sse: 40x20x74cm\" \/>\n<meta property=\"og:url\" content=\"https:\/\/eurotrail.info\/de\/producten\/zubehoer\/haengeregale\/haengeschrank-3\/\" \/>\n<meta property=\"og:site_name\" content=\"Eurotrail\" \/>\n<meta property=\"og:image\" content=\"https:\/\/eurotrail.info\/wp\/wp-content\/uploads\/2016\/03\/ETAC0236-hangkastje-a.jpg\" \/>\n\t<meta property=\"og:image:width\" content=\"1256\" \/>\n\t<meta property=\"og:image:height\" content=\"2430\" \/>\n\t<meta property=\"og:image:type\" content=\"image\/jpeg\" \/>\n<meta name=\"twitter:card\" content=\"summary_large_image\" \/>\n<script type=\"application\/ld+json\" class=\"yoast-schema-graph\">{\"@context\":\"https:\\\/\\\/schema.org\",\"@graph\":[{\"@type\":\"WebPage\",\"@id\":\"https:\\\/\\\/eurotrail.info\\\/de\\\/producten\\\/zubehoer\\\/haengeregale\\\/haengeschrank-3\\\/\",\"url\":\"https:\\\/\\\/eurotrail.info\\\/de\\\/producten\\\/zubehoer\\\/haengeregale\\\/haengeschrank-3\\\/\",\"name\":\"H\u00e4ngeschrank 3 - Eurotrail\",\"isPartOf\":{\"@id\":\"https:\\\/\\\/eurotrail.info\\\/#website\"},\"primaryImageOfPage\":{\"@id\":\"https:\\\/\\\/eurotrail.info\\\/de\\\/producten\\\/zubehoer\\\/haengeregale\\\/haengeschrank-3\\\/#primaryimage\"},\"image\":{\"@id\":\"https:\\\/\\\/eurotrail.info\\\/de\\\/producten\\\/zubehoer\\\/haengeregale\\\/haengeschrank-3\\\/#primaryimage\"},\"thumbnailUrl\":\"https:\\\/\\\/eurotrail.info\\\/wp\\\/wp-content\\\/uploads\\\/2016\\\/03\\\/ETAC0236-hangkastje-a.jpg\",\"datePublished\":\"2016-03-30T11:55:18+00:00\",\"breadcrumb\":{\"@id\":\"https:\\\/\\\/eurotrail.info\\\/de\\\/producten\\\/zubehoer\\\/haengeregale\\\/haengeschrank-3\\\/#breadcrumb\"},\"inLanguage\":\"de\",\"potentialAction\":[{\"@type\":\"ReadAction\",\"target\":[\"https:\\\/\\\/eurotrail.info\\\/de\\\/producten\\\/zubehoer\\\/haengeregale\\\/haengeschrank-3\\\/\"]}]},{\"@type\":\"ImageObject\",\"inLanguage\":\"de\",\"@id\":\"https:\\\/\\\/eurotrail.info\\\/de\\\/producten\\\/zubehoer\\\/haengeregale\\\/haengeschrank-3\\\/#primaryimage\",\"url\":\"https:\\\/\\\/eurotrail.info\\\/wp\\\/wp-content\\\/uploads\\\/2016\\\/03\\\/ETAC0236-hangkastje-a.jpg\",\"contentUrl\":\"https:\\\/\\\/eurotrail.info\\\/wp\\\/wp-content\\\/uploads\\\/2016\\\/03\\\/ETAC0236-hangkastje-a.jpg\",\"width\":1256,\"height\":2430,\"caption\":\"Schrank mit 3 stabilen B\u00f6den und Insektengschutzgaze, mit Aufh\u00e4ngung.\"},{\"@type\":\"BreadcrumbList\",\"@id\":\"https:\\\/\\\/eurotrail.info\\\/de\\\/producten\\\/zubehoer\\\/haengeregale\\\/haengeschrank-3\\\/#breadcrumb\",\"itemListElement\":[{\"@type\":\"ListItem\",\"position\":1,\"name\":\"Home\",\"item\":\"https:\\\/\\\/eurotrail.info\\\/de\\\/\"},{\"@type\":\"ListItem\",\"position\":2,\"name\":\"Produkte\",\"item\":\"https:\\\/\\\/eurotrail.info\\\/de\\\/produkte\\\/\"},{\"@type\":\"ListItem\",\"position\":3,\"name\":\"H\u00e4ngeschrank 3\"}]},{\"@type\":\"WebSite\",\"@id\":\"https:\\\/\\\/eurotrail.info\\\/#website\",\"url\":\"https:\\\/\\\/eurotrail.info\\\/\",\"name\":\"Eurotrail\",\"description\":\"\",\"publisher\":{\"@id\":\"https:\\\/\\\/eurotrail.info\\\/#organization\"},\"potentialAction\":[{\"@type\":\"SearchAction\",\"target\":{\"@type\":\"EntryPoint\",\"urlTemplate\":\"https:\\\/\\\/eurotrail.info\\\/?s={search_term_string}\"},\"query-input\":{\"@type\":\"PropertyValueSpecification\",\"valueRequired\":true,\"valueName\":\"search_term_string\"}}],\"inLanguage\":\"de\"},{\"@type\":\"Organization\",\"@id\":\"https:\\\/\\\/eurotrail.info\\\/#organization\",\"name\":\"Eurotrail\",\"url\":\"https:\\\/\\\/eurotrail.info\\\/\",\"logo\":{\"@type\":\"ImageObject\",\"inLanguage\":\"de\",\"@id\":\"https:\\\/\\\/eurotrail.info\\\/#\\\/schema\\\/logo\\\/image\\\/\",\"url\":\"https:\\\/\\\/eurotrail.info\\\/wp\\\/wp-content\\\/uploads\\\/2023\\\/07\\\/ET-logo-quote_NL-scaled.jpg\",\"contentUrl\":\"https:\\\/\\\/eurotrail.info\\\/wp\\\/wp-content\\\/uploads\\\/2023\\\/07\\\/ET-logo-quote_NL-scaled.jpg\",\"width\":2560,\"height\":675,\"caption\":\"Eurotrail\"},\"image\":{\"@id\":\"https:\\\/\\\/eurotrail.info\\\/#\\\/schema\\\/logo\\\/image\\\/\"}}]}<\/script>\n<!-- \/ Yoast SEO plugin. -->","yoast_head_json":{"title":"H\u00e4ngeschrank 3 - Eurotrail","robots":{"index":"index","follow":"follow","max-snippet":"max-snippet:-1","max-image-preview":"max-image-preview:large","max-video-preview":"max-video-preview:-1"},"canonical":"https:\/\/eurotrail.info\/de\/producten\/zubehoer\/haengeregale\/haengeschrank-3\/","og_locale":"de_DE","og_type":"article","og_title":"H\u00e4ngeschrank 3 - Eurotrail","og_description":"Schrank mit 3 stabilen B\u00f6den und Insektengschutzgaze, mit Aufh\u00e4ngung. 3 Ablageb\u00f6den, Seitentasche. Lieferung im Packsack. Sinvolle Erg\u00e4nzung zu allen Zeltschr\u00e4nken! Material: 100% Polyester Gr\u00f6sse: 40x20x74cm","og_url":"https:\/\/eurotrail.info\/de\/producten\/zubehoer\/haengeregale\/haengeschrank-3\/","og_site_name":"Eurotrail","og_image":[{"width":1256,"height":2430,"url":"https:\/\/eurotrail.info\/wp\/wp-content\/uploads\/2016\/03\/ETAC0236-hangkastje-a.jpg","type":"image\/jpeg"}],"twitter_card":"summary_large_image","schema":{"@context":"https:\/\/schema.org","@graph":[{"@type":"WebPage","@id":"https:\/\/eurotrail.info\/de\/producten\/zubehoer\/haengeregale\/haengeschrank-3\/","url":"https:\/\/eurotrail.info\/de\/producten\/zubehoer\/haengeregale\/haengeschrank-3\/","name":"H\u00e4ngeschrank 3 - Eurotrail","isPartOf":{"@id":"https:\/\/eurotrail.info\/#website"},"primaryImageOfPage":{"@id":"https:\/\/eurotrail.info\/de\/producten\/zubehoer\/haengeregale\/haengeschrank-3\/#primaryimage"},"image":{"@id":"https:\/\/eurotrail.info\/de\/producten\/zubehoer\/haengeregale\/haengeschrank-3\/#primaryimage"},"thumbnailUrl":"https:\/\/eurotrail.info\/wp\/wp-content\/uploads\/2016\/03\/ETAC0236-hangkastje-a.jpg","datePublished":"2016-03-30T11:55:18+00:00","breadcrumb":{"@id":"https:\/\/eurotrail.info\/de\/producten\/zubehoer\/haengeregale\/haengeschrank-3\/#breadcrumb"},"inLanguage":"de","potentialAction":[{"@type":"ReadAction","target":["https:\/\/eurotrail.info\/de\/producten\/zubehoer\/haengeregale\/haengeschrank-3\/"]}]},{"@type":"ImageObject","inLanguage":"de","@id":"https:\/\/eurotrail.info\/de\/producten\/zubehoer\/haengeregale\/haengeschrank-3\/#primaryimage","url":"https:\/\/eurotrail.info\/wp\/wp-content\/uploads\/2016\/03\/ETAC0236-hangkastje-a.jpg","contentUrl":"https:\/\/eurotrail.info\/wp\/wp-content\/uploads\/2016\/03\/ETAC0236-hangkastje-a.jpg","width":1256,"height":2430,"caption":"Schrank mit 3 stabilen B\u00f6den und Insektengschutzgaze, mit Aufh\u00e4ngung."},{"@type":"BreadcrumbList","@id":"https:\/\/eurotrail.info\/de\/producten\/zubehoer\/haengeregale\/haengeschrank-3\/#breadcrumb","itemListElement":[{"@type":"ListItem","position":1,"name":"Home","item":"https:\/\/eurotrail.info\/de\/"},{"@type":"ListItem","position":2,"name":"Produkte","item":"https:\/\/eurotrail.info\/de\/produkte\/"},{"@type":"ListItem","position":3,"name":"H\u00e4ngeschrank 3"}]},{"@type":"WebSite","@id":"https:\/\/eurotrail.info\/#website","url":"https:\/\/eurotrail.info\/","name":"Eurotrail","description":"","publisher":{"@id":"https:\/\/eurotrail.info\/#organization"},"potentialAction":[{"@type":"SearchAction","target":{"@type":"EntryPoint","urlTemplate":"https:\/\/eurotrail.info\/?s={search_term_string}"},"query-input":{"@type":"PropertyValueSpecification","valueRequired":true,"valueName":"search_term_string"}}],"inLanguage":"de"},{"@type":"Organization","@id":"https:\/\/eurotrail.info\/#organization","name":"Eurotrail","url":"https:\/\/eurotrail.info\/","logo":{"@type":"ImageObject","inLanguage":"de","@id":"https:\/\/eurotrail.info\/#\/schema\/logo\/image\/","url":"https:\/\/eurotrail.info\/wp\/wp-content\/uploads\/2023\/07\/ET-logo-quote_NL-scaled.jpg","contentUrl":"https:\/\/eurotrail.info\/wp\/wp-content\/uploads\/2023\/07\/ET-logo-quote_NL-scaled.jpg","width":2560,"height":675,"caption":"Eurotrail"},"image":{"@id":"https:\/\/eurotrail.info\/#\/schema\/logo\/image\/"}}]}},"_links":{"self":[{"href":"https:\/\/eurotrail.info\/de\/wp-json\/wp\/v2\/product\/4447","targetHints":{"allow":["GET"]}}],"collection":[{"href":"https:\/\/eurotrail.info\/de\/wp-json\/wp\/v2\/product"}],"about":[{"href":"https:\/\/eurotrail.info\/de\/wp-json\/wp\/v2\/types\/product"}],"replies":[{"embeddable":true,"href":"https:\/\/eurotrail.info\/de\/wp-json\/wp\/v2\/comments?post=4447"}],"wp:featuredmedia":[{"embeddable":true,"href":"https:\/\/eurotrail.info\/de\/wp-json\/wp\/v2\/media\/2109"}],"wp:attachment":[{"href":"https:\/\/eurotrail.info\/de\/wp-json\/wp\/v2\/media?parent=4447"}],"wp:term":[{"taxonomy":"product_brand","embeddable":true,"href":"https:\/\/eurotrail.info\/de\/wp-json\/wp\/v2\/product_brand?post=4447"},{"taxonomy":"product_cat","embeddable":true,"href":"https:\/\/eurotrail.info\/de\/wp-json\/wp\/v2\/product_cat?post=4447"},{"taxonomy":"product_tag","embeddable":true,"href":"https:\/\/eurotrail.info\/de\/wp-json\/wp\/v2\/product_tag?post=4447"}],"curies":[{"name":"wp","href":"https:\/\/api.w.org\/{rel}","templated":true}]}}