{"id":4659,"date":"2017-01-26T09:13:06","date_gmt":"2017-01-26T08:13:06","guid":{"rendered":"http:\/\/eurotrail.info\/producten\/zahnbuerstenhalter\/"},"modified":"2021-11-30T10:27:32","modified_gmt":"2021-11-30T09:27:32","slug":"zahnbuerstenhalter","status":"publish","type":"product","link":"https:\/\/eurotrail.info\/de\/producten\/badezimmerkuechen-zubehoer\/zahnbuerstenhalter\/","title":{"rendered":"Zahnb\u00fcrstenhalter"},"content":{"rendered":"<p>Praktische Zahnb\u00fcrstenhalter mit Saugnapf.<br \/>\nHalter mit Saugnapf Befestigung. Montage ohne Bohren oder Schrauben!<\/p>\n<p>Achtung: dieses Produkt ist nur f\u00fcr den Innenbereich im Badezimmer oder in der K\u00fcche geeignet. Nicht f\u00fcr den Au\u00dfeneinsatz am Wohnwagen oder Wohnmobil geeignet!<\/p>\n<p>Erh\u00e4ltlich in den Farben Wei\u00df und Anthrazit.<\/p>\n<p>Material: ABS + PA<br \/>\nGr\u00f6sse: 117x117x7mm<br \/>\nGewicht: 94 gr.<br \/>\nMax. Tragekraft: bis 2 kg<\/p>\n","protected":false},"excerpt":{"rendered":"<p>Praktische Zahnb\u00fcrstenhalter mit Saugnapf. Halter mit Saugnapf Befestigung. Montage ohne Bohren oder Schrauben! Achtung: dieses Produkt ist nur f\u00fcr den Innenbereich im Badezimmer oder in&hellip;<\/p>\n","protected":false},"featured_media":4341,"comment_status":"open","ping_status":"closed","template":"","meta":{"_acf_changed":false},"product_brand":[],"product_cat":[67],"product_tag":[],"class_list":{"0":"post-4659","1":"product","2":"type-product","3":"status-publish","4":"has-post-thumbnail","6":"product_cat-badezimmerkuechen-zubehoer","8":"first","9":"instock","10":"shipping-taxable","11":"product-type-simple"},"acf":[],"yoast_head":"<!-- This site is optimized with the Yoast SEO plugin v27.4 - https:\/\/yoast.com\/product\/yoast-seo-wordpress\/ -->\n<title>Zahnb\u00fcrstenhalter - Eurotrail<\/title>\n<meta name=\"robots\" content=\"index, follow, max-snippet:-1, max-image-preview:large, max-video-preview:-1\" \/>\n<link rel=\"canonical\" href=\"https:\/\/eurotrail.info\/de\/producten\/badezimmerkuechen-zubehoer\/zahnbuerstenhalter\/\" \/>\n<meta property=\"og:locale\" content=\"de_DE\" \/>\n<meta property=\"og:type\" content=\"article\" \/>\n<meta property=\"og:title\" content=\"Zahnb\u00fcrstenhalter - Eurotrail\" \/>\n<meta property=\"og:description\" content=\"Praktische Zahnb\u00fcrstenhalter mit Saugnapf. Halter mit Saugnapf Befestigung. Montage ohne Bohren oder Schrauben! Achtung: dieses Produkt ist nur f\u00fcr den Innenbereich im Badezimmer oder in&hellip;\" \/>\n<meta property=\"og:url\" content=\"https:\/\/eurotrail.info\/de\/producten\/badezimmerkuechen-zubehoer\/zahnbuerstenhalter\/\" \/>\n<meta property=\"og:site_name\" content=\"Eurotrail\" \/>\n<meta property=\"article:modified_time\" content=\"2021-11-30T09:27:32+00:00\" \/>\n<meta property=\"og:image\" content=\"https:\/\/eurotrail.info\/wp\/wp-content\/uploads\/2017\/01\/ETKW8011_brush-holder-sfeer-1.jpg\" \/>\n\t<meta property=\"og:image:width\" content=\"1400\" \/>\n\t<meta property=\"og:image:height\" content=\"1850\" \/>\n\t<meta property=\"og:image:type\" content=\"image\/jpeg\" \/>\n<meta name=\"twitter:card\" content=\"summary_large_image\" \/>\n<script type=\"application\/ld+json\" class=\"yoast-schema-graph\">{\"@context\":\"https:\\\/\\\/schema.org\",\"@graph\":[{\"@type\":\"WebPage\",\"@id\":\"https:\\\/\\\/eurotrail.info\\\/de\\\/producten\\\/badezimmerkuechen-zubehoer\\\/zahnbuerstenhalter\\\/\",\"url\":\"https:\\\/\\\/eurotrail.info\\\/de\\\/producten\\\/badezimmerkuechen-zubehoer\\\/zahnbuerstenhalter\\\/\",\"name\":\"Zahnb\u00fcrstenhalter - Eurotrail\",\"isPartOf\":{\"@id\":\"https:\\\/\\\/eurotrail.info\\\/#website\"},\"primaryImageOfPage\":{\"@id\":\"https:\\\/\\\/eurotrail.info\\\/de\\\/producten\\\/badezimmerkuechen-zubehoer\\\/zahnbuerstenhalter\\\/#primaryimage\"},\"image\":{\"@id\":\"https:\\\/\\\/eurotrail.info\\\/de\\\/producten\\\/badezimmerkuechen-zubehoer\\\/zahnbuerstenhalter\\\/#primaryimage\"},\"thumbnailUrl\":\"https:\\\/\\\/eurotrail.info\\\/wp\\\/wp-content\\\/uploads\\\/2017\\\/01\\\/ETKW8011_brush-holder-sfeer-1.jpg\",\"datePublished\":\"2017-01-26T08:13:06+00:00\",\"dateModified\":\"2021-11-30T09:27:32+00:00\",\"breadcrumb\":{\"@id\":\"https:\\\/\\\/eurotrail.info\\\/de\\\/producten\\\/badezimmerkuechen-zubehoer\\\/zahnbuerstenhalter\\\/#breadcrumb\"},\"inLanguage\":\"de\",\"potentialAction\":[{\"@type\":\"ReadAction\",\"target\":[\"https:\\\/\\\/eurotrail.info\\\/de\\\/producten\\\/badezimmerkuechen-zubehoer\\\/zahnbuerstenhalter\\\/\"]}]},{\"@type\":\"ImageObject\",\"inLanguage\":\"de\",\"@id\":\"https:\\\/\\\/eurotrail.info\\\/de\\\/producten\\\/badezimmerkuechen-zubehoer\\\/zahnbuerstenhalter\\\/#primaryimage\",\"url\":\"https:\\\/\\\/eurotrail.info\\\/wp\\\/wp-content\\\/uploads\\\/2017\\\/01\\\/ETKW8011_brush-holder-sfeer-1.jpg\",\"contentUrl\":\"https:\\\/\\\/eurotrail.info\\\/wp\\\/wp-content\\\/uploads\\\/2017\\\/01\\\/ETKW8011_brush-holder-sfeer-1.jpg\",\"width\":1400,\"height\":1850,\"caption\":\"Praktische Zahnb\u00fcrstenhalter mit Saugnapf.\"},{\"@type\":\"BreadcrumbList\",\"@id\":\"https:\\\/\\\/eurotrail.info\\\/de\\\/producten\\\/badezimmerkuechen-zubehoer\\\/zahnbuerstenhalter\\\/#breadcrumb\",\"itemListElement\":[{\"@type\":\"ListItem\",\"position\":1,\"name\":\"Home\",\"item\":\"https:\\\/\\\/eurotrail.info\\\/de\\\/\"},{\"@type\":\"ListItem\",\"position\":2,\"name\":\"Produkte\",\"item\":\"https:\\\/\\\/eurotrail.info\\\/de\\\/produkte\\\/\"},{\"@type\":\"ListItem\",\"position\":3,\"name\":\"Zahnb\u00fcrstenhalter\"}]},{\"@type\":\"WebSite\",\"@id\":\"https:\\\/\\\/eurotrail.info\\\/#website\",\"url\":\"https:\\\/\\\/eurotrail.info\\\/\",\"name\":\"Eurotrail\",\"description\":\"\",\"publisher\":{\"@id\":\"https:\\\/\\\/eurotrail.info\\\/#organization\"},\"potentialAction\":[{\"@type\":\"SearchAction\",\"target\":{\"@type\":\"EntryPoint\",\"urlTemplate\":\"https:\\\/\\\/eurotrail.info\\\/?s={search_term_string}\"},\"query-input\":{\"@type\":\"PropertyValueSpecification\",\"valueRequired\":true,\"valueName\":\"search_term_string\"}}],\"inLanguage\":\"de\"},{\"@type\":\"Organization\",\"@id\":\"https:\\\/\\\/eurotrail.info\\\/#organization\",\"name\":\"Eurotrail\",\"url\":\"https:\\\/\\\/eurotrail.info\\\/\",\"logo\":{\"@type\":\"ImageObject\",\"inLanguage\":\"de\",\"@id\":\"https:\\\/\\\/eurotrail.info\\\/#\\\/schema\\\/logo\\\/image\\\/\",\"url\":\"https:\\\/\\\/eurotrail.info\\\/wp\\\/wp-content\\\/uploads\\\/2023\\\/07\\\/ET-logo-quote_NL-scaled.jpg\",\"contentUrl\":\"https:\\\/\\\/eurotrail.info\\\/wp\\\/wp-content\\\/uploads\\\/2023\\\/07\\\/ET-logo-quote_NL-scaled.jpg\",\"width\":2560,\"height\":675,\"caption\":\"Eurotrail\"},\"image\":{\"@id\":\"https:\\\/\\\/eurotrail.info\\\/#\\\/schema\\\/logo\\\/image\\\/\"}}]}<\/script>\n<!-- \/ Yoast SEO plugin. -->","yoast_head_json":{"title":"Zahnb\u00fcrstenhalter - Eurotrail","robots":{"index":"index","follow":"follow","max-snippet":"max-snippet:-1","max-image-preview":"max-image-preview:large","max-video-preview":"max-video-preview:-1"},"canonical":"https:\/\/eurotrail.info\/de\/producten\/badezimmerkuechen-zubehoer\/zahnbuerstenhalter\/","og_locale":"de_DE","og_type":"article","og_title":"Zahnb\u00fcrstenhalter - Eurotrail","og_description":"Praktische Zahnb\u00fcrstenhalter mit Saugnapf. Halter mit Saugnapf Befestigung. Montage ohne Bohren oder Schrauben! Achtung: dieses Produkt ist nur f\u00fcr den Innenbereich im Badezimmer oder in&hellip;","og_url":"https:\/\/eurotrail.info\/de\/producten\/badezimmerkuechen-zubehoer\/zahnbuerstenhalter\/","og_site_name":"Eurotrail","article_modified_time":"2021-11-30T09:27:32+00:00","og_image":[{"width":1400,"height":1850,"url":"https:\/\/eurotrail.info\/wp\/wp-content\/uploads\/2017\/01\/ETKW8011_brush-holder-sfeer-1.jpg","type":"image\/jpeg"}],"twitter_card":"summary_large_image","schema":{"@context":"https:\/\/schema.org","@graph":[{"@type":"WebPage","@id":"https:\/\/eurotrail.info\/de\/producten\/badezimmerkuechen-zubehoer\/zahnbuerstenhalter\/","url":"https:\/\/eurotrail.info\/de\/producten\/badezimmerkuechen-zubehoer\/zahnbuerstenhalter\/","name":"Zahnb\u00fcrstenhalter - Eurotrail","isPartOf":{"@id":"https:\/\/eurotrail.info\/#website"},"primaryImageOfPage":{"@id":"https:\/\/eurotrail.info\/de\/producten\/badezimmerkuechen-zubehoer\/zahnbuerstenhalter\/#primaryimage"},"image":{"@id":"https:\/\/eurotrail.info\/de\/producten\/badezimmerkuechen-zubehoer\/zahnbuerstenhalter\/#primaryimage"},"thumbnailUrl":"https:\/\/eurotrail.info\/wp\/wp-content\/uploads\/2017\/01\/ETKW8011_brush-holder-sfeer-1.jpg","datePublished":"2017-01-26T08:13:06+00:00","dateModified":"2021-11-30T09:27:32+00:00","breadcrumb":{"@id":"https:\/\/eurotrail.info\/de\/producten\/badezimmerkuechen-zubehoer\/zahnbuerstenhalter\/#breadcrumb"},"inLanguage":"de","potentialAction":[{"@type":"ReadAction","target":["https:\/\/eurotrail.info\/de\/producten\/badezimmerkuechen-zubehoer\/zahnbuerstenhalter\/"]}]},{"@type":"ImageObject","inLanguage":"de","@id":"https:\/\/eurotrail.info\/de\/producten\/badezimmerkuechen-zubehoer\/zahnbuerstenhalter\/#primaryimage","url":"https:\/\/eurotrail.info\/wp\/wp-content\/uploads\/2017\/01\/ETKW8011_brush-holder-sfeer-1.jpg","contentUrl":"https:\/\/eurotrail.info\/wp\/wp-content\/uploads\/2017\/01\/ETKW8011_brush-holder-sfeer-1.jpg","width":1400,"height":1850,"caption":"Praktische Zahnb\u00fcrstenhalter mit Saugnapf."},{"@type":"BreadcrumbList","@id":"https:\/\/eurotrail.info\/de\/producten\/badezimmerkuechen-zubehoer\/zahnbuerstenhalter\/#breadcrumb","itemListElement":[{"@type":"ListItem","position":1,"name":"Home","item":"https:\/\/eurotrail.info\/de\/"},{"@type":"ListItem","position":2,"name":"Produkte","item":"https:\/\/eurotrail.info\/de\/produkte\/"},{"@type":"ListItem","position":3,"name":"Zahnb\u00fcrstenhalter"}]},{"@type":"WebSite","@id":"https:\/\/eurotrail.info\/#website","url":"https:\/\/eurotrail.info\/","name":"Eurotrail","description":"","publisher":{"@id":"https:\/\/eurotrail.info\/#organization"},"potentialAction":[{"@type":"SearchAction","target":{"@type":"EntryPoint","urlTemplate":"https:\/\/eurotrail.info\/?s={search_term_string}"},"query-input":{"@type":"PropertyValueSpecification","valueRequired":true,"valueName":"search_term_string"}}],"inLanguage":"de"},{"@type":"Organization","@id":"https:\/\/eurotrail.info\/#organization","name":"Eurotrail","url":"https:\/\/eurotrail.info\/","logo":{"@type":"ImageObject","inLanguage":"de","@id":"https:\/\/eurotrail.info\/#\/schema\/logo\/image\/","url":"https:\/\/eurotrail.info\/wp\/wp-content\/uploads\/2023\/07\/ET-logo-quote_NL-scaled.jpg","contentUrl":"https:\/\/eurotrail.info\/wp\/wp-content\/uploads\/2023\/07\/ET-logo-quote_NL-scaled.jpg","width":2560,"height":675,"caption":"Eurotrail"},"image":{"@id":"https:\/\/eurotrail.info\/#\/schema\/logo\/image\/"}}]}},"_links":{"self":[{"href":"https:\/\/eurotrail.info\/de\/wp-json\/wp\/v2\/product\/4659","targetHints":{"allow":["GET"]}}],"collection":[{"href":"https:\/\/eurotrail.info\/de\/wp-json\/wp\/v2\/product"}],"about":[{"href":"https:\/\/eurotrail.info\/de\/wp-json\/wp\/v2\/types\/product"}],"replies":[{"embeddable":true,"href":"https:\/\/eurotrail.info\/de\/wp-json\/wp\/v2\/comments?post=4659"}],"wp:featuredmedia":[{"embeddable":true,"href":"https:\/\/eurotrail.info\/de\/wp-json\/wp\/v2\/media\/4341"}],"wp:attachment":[{"href":"https:\/\/eurotrail.info\/de\/wp-json\/wp\/v2\/media?parent=4659"}],"wp:term":[{"taxonomy":"product_brand","embeddable":true,"href":"https:\/\/eurotrail.info\/de\/wp-json\/wp\/v2\/product_brand?post=4659"},{"taxonomy":"product_cat","embeddable":true,"href":"https:\/\/eurotrail.info\/de\/wp-json\/wp\/v2\/product_cat?post=4659"},{"taxonomy":"product_tag","embeddable":true,"href":"https:\/\/eurotrail.info\/de\/wp-json\/wp\/v2\/product_tag?post=4659"}],"curies":[{"name":"wp","href":"https:\/\/api.w.org\/{rel}","templated":true}]}}