{"id":4989,"date":"2017-02-02T11:32:23","date_gmt":"2017-02-02T10:32:23","guid":{"rendered":"http:\/\/eurotrail.info\/producten\/yucca-2-pers\/"},"modified":"2017-02-28T12:35:47","modified_gmt":"2017-02-28T11:35:47","slug":"yucca-2-pers","status":"publish","type":"product","link":"https:\/\/eurotrail.info\/de\/producten\/schlafsaecke-und-thermo-matten\/schlafsaecke\/yucca-2-pers\/","title":{"rendered":"Yucca 2 Pers."},"content":{"rendered":"<p>Der YUCA DOUBLE ist ein beliebter Schlafsack mit besonders leistungsf\u00e4higer zweilagiger SL-II Isof\u00fclling und eine abnehmbare Kapuze. Mit geb\u00fcrstetem Polyester auf der Innenseite und robustem 190T Polyester auf der Au\u00dfenseite garantiert der Yuca Double Deckenschlafsack ein kuschelweiches Schlaferlebnis f\u00fcr zwei Personen. Der Schlafsack kann sich auch ganz einfach in zwei einzelne Schlafs\u00e4cke teilen lassen.<br \/>\nDetails: bequemer Deckenschnitt, doppellagige Hohlfaserf\u00fcllung, abzippbare Kapuze, in zwei einzelne Schlafs\u00e4cke zu teilen, durchgehender Rei\u00dfverschluss- im ge\u00f6ffneten Zustand als Decke zu verwenden. <\/p>\n<p>Ma\u03b2e:\t\t225x150cm<br \/>\nPackma\u03b2:  \t: 59x48x21cm<br \/>\nF\u00fclling: \t: 2 x 150 gr\/m2 SL-II Hohlfaserf\u00fcllung<br \/>\nTemp.:  \t20\/4\/-2\u2070C<br \/>\nFarbe: \t\tSchwartz\/Grau<br \/>\nGewicht: \t3.8 kg.<br \/>\nMax.K\u00f6pergro\u03b2e: 190 cm\t <\/p>\n","protected":false},"excerpt":{"rendered":"<p>Der YUCA DOUBLE ist ein beliebter Schlafsack mit besonders leistungsf\u00e4higer zweilagiger SL-II Isof\u00fclling und eine abnehmbare Kapuze. Mit geb\u00fcrstetem Polyester auf der Innenseite und robustem&hellip;<\/p>\n","protected":false},"featured_media":5921,"comment_status":"open","ping_status":"closed","template":"","meta":{"_acf_changed":false},"product_brand":[],"product_cat":[96],"product_tag":[],"class_list":{"0":"post-4989","1":"product","2":"type-product","3":"status-publish","4":"has-post-thumbnail","6":"product_cat-schlafsaecke","8":"first","9":"instock","10":"shipping-taxable","11":"product-type-simple"},"acf":[],"yoast_head":"<!-- This site is optimized with the Yoast SEO plugin v27.4 - https:\/\/yoast.com\/product\/yoast-seo-wordpress\/ -->\n<title>Yucca 2 Pers. - Eurotrail<\/title>\n<meta name=\"robots\" content=\"index, follow, max-snippet:-1, max-image-preview:large, max-video-preview:-1\" \/>\n<link rel=\"canonical\" href=\"https:\/\/eurotrail.info\/de\/producten\/schlafsaecke-und-thermo-matten\/schlafsaecke\/yucca-2-pers\/\" \/>\n<meta property=\"og:locale\" content=\"de_DE\" \/>\n<meta property=\"og:type\" content=\"article\" \/>\n<meta property=\"og:title\" content=\"Yucca 2 Pers. - Eurotrail\" \/>\n<meta property=\"og:description\" content=\"Der YUCA DOUBLE ist ein beliebter Schlafsack mit besonders leistungsf\u00e4higer zweilagiger SL-II Isof\u00fclling und eine abnehmbare Kapuze. Mit geb\u00fcrstetem Polyester auf der Innenseite und robustem&hellip;\" \/>\n<meta property=\"og:url\" content=\"https:\/\/eurotrail.info\/de\/producten\/schlafsaecke-und-thermo-matten\/schlafsaecke\/yucca-2-pers\/\" \/>\n<meta property=\"og:site_name\" content=\"Eurotrail\" \/>\n<meta property=\"article:modified_time\" content=\"2017-02-28T11:35:47+00:00\" \/>\n<meta property=\"og:image\" content=\"https:\/\/eurotrail.info\/wp\/wp-content\/uploads\/2017\/02\/image-2017-02-28-2.jpg\" \/>\n\t<meta property=\"og:image:width\" content=\"1280\" \/>\n\t<meta property=\"og:image:height\" content=\"744\" \/>\n\t<meta property=\"og:image:type\" content=\"image\/jpeg\" \/>\n<meta name=\"twitter:card\" content=\"summary_large_image\" \/>\n<meta name=\"twitter:label1\" content=\"Gesch\u00e4tzte Lesezeit\" \/>\n\t<meta name=\"twitter:data1\" content=\"1\u00a0Minute\" \/>\n<script type=\"application\/ld+json\" class=\"yoast-schema-graph\">{\"@context\":\"https:\\\/\\\/schema.org\",\"@graph\":[{\"@type\":\"WebPage\",\"@id\":\"https:\\\/\\\/eurotrail.info\\\/de\\\/producten\\\/schlafsaecke-und-thermo-matten\\\/schlafsaecke\\\/yucca-2-pers\\\/\",\"url\":\"https:\\\/\\\/eurotrail.info\\\/de\\\/producten\\\/schlafsaecke-und-thermo-matten\\\/schlafsaecke\\\/yucca-2-pers\\\/\",\"name\":\"Yucca 2 Pers. - Eurotrail\",\"isPartOf\":{\"@id\":\"https:\\\/\\\/eurotrail.info\\\/#website\"},\"primaryImageOfPage\":{\"@id\":\"https:\\\/\\\/eurotrail.info\\\/de\\\/producten\\\/schlafsaecke-und-thermo-matten\\\/schlafsaecke\\\/yucca-2-pers\\\/#primaryimage\"},\"image\":{\"@id\":\"https:\\\/\\\/eurotrail.info\\\/de\\\/producten\\\/schlafsaecke-und-thermo-matten\\\/schlafsaecke\\\/yucca-2-pers\\\/#primaryimage\"},\"thumbnailUrl\":\"https:\\\/\\\/eurotrail.info\\\/wp\\\/wp-content\\\/uploads\\\/2017\\\/02\\\/image-2017-02-28-2.jpg\",\"datePublished\":\"2017-02-02T10:32:23+00:00\",\"dateModified\":\"2017-02-28T11:35:47+00:00\",\"breadcrumb\":{\"@id\":\"https:\\\/\\\/eurotrail.info\\\/de\\\/producten\\\/schlafsaecke-und-thermo-matten\\\/schlafsaecke\\\/yucca-2-pers\\\/#breadcrumb\"},\"inLanguage\":\"de\",\"potentialAction\":[{\"@type\":\"ReadAction\",\"target\":[\"https:\\\/\\\/eurotrail.info\\\/de\\\/producten\\\/schlafsaecke-und-thermo-matten\\\/schlafsaecke\\\/yucca-2-pers\\\/\"]}]},{\"@type\":\"ImageObject\",\"inLanguage\":\"de\",\"@id\":\"https:\\\/\\\/eurotrail.info\\\/de\\\/producten\\\/schlafsaecke-und-thermo-matten\\\/schlafsaecke\\\/yucca-2-pers\\\/#primaryimage\",\"url\":\"https:\\\/\\\/eurotrail.info\\\/wp\\\/wp-content\\\/uploads\\\/2017\\\/02\\\/image-2017-02-28-2.jpg\",\"contentUrl\":\"https:\\\/\\\/eurotrail.info\\\/wp\\\/wp-content\\\/uploads\\\/2017\\\/02\\\/image-2017-02-28-2.jpg\",\"width\":1280,\"height\":744,\"caption\":\"2 Personen Schlafsack mit besonders leistungsf\u00e4higer zweilagiger SL-II Isof\u00fclling und eine abnehmbare Kapuze.\"},{\"@type\":\"BreadcrumbList\",\"@id\":\"https:\\\/\\\/eurotrail.info\\\/de\\\/producten\\\/schlafsaecke-und-thermo-matten\\\/schlafsaecke\\\/yucca-2-pers\\\/#breadcrumb\",\"itemListElement\":[{\"@type\":\"ListItem\",\"position\":1,\"name\":\"Home\",\"item\":\"https:\\\/\\\/eurotrail.info\\\/de\\\/\"},{\"@type\":\"ListItem\",\"position\":2,\"name\":\"Produkte\",\"item\":\"https:\\\/\\\/eurotrail.info\\\/de\\\/produkte\\\/\"},{\"@type\":\"ListItem\",\"position\":3,\"name\":\"Yucca 2 Pers.\"}]},{\"@type\":\"WebSite\",\"@id\":\"https:\\\/\\\/eurotrail.info\\\/#website\",\"url\":\"https:\\\/\\\/eurotrail.info\\\/\",\"name\":\"Eurotrail\",\"description\":\"\",\"publisher\":{\"@id\":\"https:\\\/\\\/eurotrail.info\\\/#organization\"},\"potentialAction\":[{\"@type\":\"SearchAction\",\"target\":{\"@type\":\"EntryPoint\",\"urlTemplate\":\"https:\\\/\\\/eurotrail.info\\\/?s={search_term_string}\"},\"query-input\":{\"@type\":\"PropertyValueSpecification\",\"valueRequired\":true,\"valueName\":\"search_term_string\"}}],\"inLanguage\":\"de\"},{\"@type\":\"Organization\",\"@id\":\"https:\\\/\\\/eurotrail.info\\\/#organization\",\"name\":\"Eurotrail\",\"url\":\"https:\\\/\\\/eurotrail.info\\\/\",\"logo\":{\"@type\":\"ImageObject\",\"inLanguage\":\"de\",\"@id\":\"https:\\\/\\\/eurotrail.info\\\/#\\\/schema\\\/logo\\\/image\\\/\",\"url\":\"https:\\\/\\\/eurotrail.info\\\/wp\\\/wp-content\\\/uploads\\\/2023\\\/07\\\/ET-logo-quote_NL-scaled.jpg\",\"contentUrl\":\"https:\\\/\\\/eurotrail.info\\\/wp\\\/wp-content\\\/uploads\\\/2023\\\/07\\\/ET-logo-quote_NL-scaled.jpg\",\"width\":2560,\"height\":675,\"caption\":\"Eurotrail\"},\"image\":{\"@id\":\"https:\\\/\\\/eurotrail.info\\\/#\\\/schema\\\/logo\\\/image\\\/\"}}]}<\/script>\n<!-- \/ Yoast SEO plugin. -->","yoast_head_json":{"title":"Yucca 2 Pers. - Eurotrail","robots":{"index":"index","follow":"follow","max-snippet":"max-snippet:-1","max-image-preview":"max-image-preview:large","max-video-preview":"max-video-preview:-1"},"canonical":"https:\/\/eurotrail.info\/de\/producten\/schlafsaecke-und-thermo-matten\/schlafsaecke\/yucca-2-pers\/","og_locale":"de_DE","og_type":"article","og_title":"Yucca 2 Pers. - Eurotrail","og_description":"Der YUCA DOUBLE ist ein beliebter Schlafsack mit besonders leistungsf\u00e4higer zweilagiger SL-II Isof\u00fclling und eine abnehmbare Kapuze. Mit geb\u00fcrstetem Polyester auf der Innenseite und robustem&hellip;","og_url":"https:\/\/eurotrail.info\/de\/producten\/schlafsaecke-und-thermo-matten\/schlafsaecke\/yucca-2-pers\/","og_site_name":"Eurotrail","article_modified_time":"2017-02-28T11:35:47+00:00","og_image":[{"width":1280,"height":744,"url":"https:\/\/eurotrail.info\/wp\/wp-content\/uploads\/2017\/02\/image-2017-02-28-2.jpg","type":"image\/jpeg"}],"twitter_card":"summary_large_image","twitter_misc":{"Gesch\u00e4tzte Lesezeit":"1\u00a0Minute"},"schema":{"@context":"https:\/\/schema.org","@graph":[{"@type":"WebPage","@id":"https:\/\/eurotrail.info\/de\/producten\/schlafsaecke-und-thermo-matten\/schlafsaecke\/yucca-2-pers\/","url":"https:\/\/eurotrail.info\/de\/producten\/schlafsaecke-und-thermo-matten\/schlafsaecke\/yucca-2-pers\/","name":"Yucca 2 Pers. - Eurotrail","isPartOf":{"@id":"https:\/\/eurotrail.info\/#website"},"primaryImageOfPage":{"@id":"https:\/\/eurotrail.info\/de\/producten\/schlafsaecke-und-thermo-matten\/schlafsaecke\/yucca-2-pers\/#primaryimage"},"image":{"@id":"https:\/\/eurotrail.info\/de\/producten\/schlafsaecke-und-thermo-matten\/schlafsaecke\/yucca-2-pers\/#primaryimage"},"thumbnailUrl":"https:\/\/eurotrail.info\/wp\/wp-content\/uploads\/2017\/02\/image-2017-02-28-2.jpg","datePublished":"2017-02-02T10:32:23+00:00","dateModified":"2017-02-28T11:35:47+00:00","breadcrumb":{"@id":"https:\/\/eurotrail.info\/de\/producten\/schlafsaecke-und-thermo-matten\/schlafsaecke\/yucca-2-pers\/#breadcrumb"},"inLanguage":"de","potentialAction":[{"@type":"ReadAction","target":["https:\/\/eurotrail.info\/de\/producten\/schlafsaecke-und-thermo-matten\/schlafsaecke\/yucca-2-pers\/"]}]},{"@type":"ImageObject","inLanguage":"de","@id":"https:\/\/eurotrail.info\/de\/producten\/schlafsaecke-und-thermo-matten\/schlafsaecke\/yucca-2-pers\/#primaryimage","url":"https:\/\/eurotrail.info\/wp\/wp-content\/uploads\/2017\/02\/image-2017-02-28-2.jpg","contentUrl":"https:\/\/eurotrail.info\/wp\/wp-content\/uploads\/2017\/02\/image-2017-02-28-2.jpg","width":1280,"height":744,"caption":"2 Personen Schlafsack mit besonders leistungsf\u00e4higer zweilagiger SL-II Isof\u00fclling und eine abnehmbare Kapuze."},{"@type":"BreadcrumbList","@id":"https:\/\/eurotrail.info\/de\/producten\/schlafsaecke-und-thermo-matten\/schlafsaecke\/yucca-2-pers\/#breadcrumb","itemListElement":[{"@type":"ListItem","position":1,"name":"Home","item":"https:\/\/eurotrail.info\/de\/"},{"@type":"ListItem","position":2,"name":"Produkte","item":"https:\/\/eurotrail.info\/de\/produkte\/"},{"@type":"ListItem","position":3,"name":"Yucca 2 Pers."}]},{"@type":"WebSite","@id":"https:\/\/eurotrail.info\/#website","url":"https:\/\/eurotrail.info\/","name":"Eurotrail","description":"","publisher":{"@id":"https:\/\/eurotrail.info\/#organization"},"potentialAction":[{"@type":"SearchAction","target":{"@type":"EntryPoint","urlTemplate":"https:\/\/eurotrail.info\/?s={search_term_string}"},"query-input":{"@type":"PropertyValueSpecification","valueRequired":true,"valueName":"search_term_string"}}],"inLanguage":"de"},{"@type":"Organization","@id":"https:\/\/eurotrail.info\/#organization","name":"Eurotrail","url":"https:\/\/eurotrail.info\/","logo":{"@type":"ImageObject","inLanguage":"de","@id":"https:\/\/eurotrail.info\/#\/schema\/logo\/image\/","url":"https:\/\/eurotrail.info\/wp\/wp-content\/uploads\/2023\/07\/ET-logo-quote_NL-scaled.jpg","contentUrl":"https:\/\/eurotrail.info\/wp\/wp-content\/uploads\/2023\/07\/ET-logo-quote_NL-scaled.jpg","width":2560,"height":675,"caption":"Eurotrail"},"image":{"@id":"https:\/\/eurotrail.info\/#\/schema\/logo\/image\/"}}]}},"_links":{"self":[{"href":"https:\/\/eurotrail.info\/de\/wp-json\/wp\/v2\/product\/4989","targetHints":{"allow":["GET"]}}],"collection":[{"href":"https:\/\/eurotrail.info\/de\/wp-json\/wp\/v2\/product"}],"about":[{"href":"https:\/\/eurotrail.info\/de\/wp-json\/wp\/v2\/types\/product"}],"replies":[{"embeddable":true,"href":"https:\/\/eurotrail.info\/de\/wp-json\/wp\/v2\/comments?post=4989"}],"wp:featuredmedia":[{"embeddable":true,"href":"https:\/\/eurotrail.info\/de\/wp-json\/wp\/v2\/media\/5921"}],"wp:attachment":[{"href":"https:\/\/eurotrail.info\/de\/wp-json\/wp\/v2\/media?parent=4989"}],"wp:term":[{"taxonomy":"product_brand","embeddable":true,"href":"https:\/\/eurotrail.info\/de\/wp-json\/wp\/v2\/product_brand?post=4989"},{"taxonomy":"product_cat","embeddable":true,"href":"https:\/\/eurotrail.info\/de\/wp-json\/wp\/v2\/product_cat?post=4989"},{"taxonomy":"product_tag","embeddable":true,"href":"https:\/\/eurotrail.info\/de\/wp-json\/wp\/v2\/product_tag?post=4989"}],"curies":[{"name":"wp","href":"https:\/\/api.w.org\/{rel}","templated":true}]}}