{"id":5349,"date":"2016-03-04T14:52:31","date_gmt":"2016-03-04T13:52:31","guid":{"rendered":"http:\/\/eurotrail.info\/producten\/huettenschlafsack\/"},"modified":"2016-03-04T14:52:31","modified_gmt":"2016-03-04T13:52:31","slug":"huettenschlafsack","status":"publish","type":"product","link":"https:\/\/eurotrail.info\/de\/producten\/schlafsaecke-und-thermo-matten\/schlafsaecke\/huettenschlafsack\/","title":{"rendered":"H\u00fcttenschlafsack"},"content":{"rendered":"<p>Schlafsack Inlet aus einem weichen Baumwolle.<br \/>\nDiese ultra-d\u00fcnnen, leichten und kompakten H\u00fcttenschlafsack sind nicht nur perfekt in den Schlafsack zu verwenden, kann aber auch als Herberge Schlafsack verwendet werden. Ihre Schlafsack bleibt sauber und wird nicht so schnell Schmutzig. Der H\u00fcttenschlafsack im Schlafsack bietet Ihnen auch zus\u00e4tzliche Isolierung w\u00e4hrend der k\u00e4lteren N\u00e4chte.<br \/>\nOffensichtlich ist diese Inlet auch separat auf dem Bett oder im Zelt zu verwendet werden.<\/p>\n<p>Erh\u00e4ltlich in einer Decke oder Mumien-Modell.<\/p>\n<p>Gr\u00f6\u00dfe:<br \/>\nBlanket Modell: 220x90cm, Packungsgr\u00f6\u00dfe : 18.5x9cm, mit einem Gewicht von ca. 395 Gramm.<br \/>\nMumien Modell: 240&#215;85 \/ 52cm, 18.5x8cm Packma\u00df, Gewicht ca. 328 g.<br \/>\nMaterial: 100% weicher Baumwolle<\/p>\n","protected":false},"excerpt":{"rendered":"<p>Schlafsack Inlet aus einem weichen Baumwolle. Diese ultra-d\u00fcnnen, leichten und kompakten H\u00fcttenschlafsack sind nicht nur perfekt in den Schlafsack zu verwenden, kann aber auch als&hellip;<\/p>\n","protected":false},"featured_media":0,"comment_status":"open","ping_status":"closed","template":"","meta":{"_acf_changed":false},"product_brand":[],"product_cat":[211,94,96],"product_tag":[],"class_list":{"0":"post-5349","1":"product","2":"type-product","3":"status-publish","5":"product_cat-schlafsack-zubehoer","6":"product_cat-schlafsaecke-und-thermo-matten","7":"product_cat-schlafsaecke","9":"first","10":"instock","11":"shipping-taxable","12":"product-type-simple"},"acf":[],"yoast_head":"<!-- This site is optimized with the Yoast SEO plugin v27.4 - https:\/\/yoast.com\/product\/yoast-seo-wordpress\/ -->\n<title>H\u00fcttenschlafsack - Eurotrail<\/title>\n<meta name=\"robots\" content=\"index, follow, max-snippet:-1, max-image-preview:large, max-video-preview:-1\" \/>\n<link rel=\"canonical\" href=\"https:\/\/eurotrail.info\/de\/producten\/schlafsaecke-und-thermo-matten\/schlafsaecke\/huettenschlafsack\/\" \/>\n<meta property=\"og:locale\" content=\"de_DE\" \/>\n<meta property=\"og:type\" content=\"article\" \/>\n<meta property=\"og:title\" content=\"H\u00fcttenschlafsack - Eurotrail\" \/>\n<meta property=\"og:description\" content=\"Schlafsack Inlet aus einem weichen Baumwolle. Diese ultra-d\u00fcnnen, leichten und kompakten H\u00fcttenschlafsack sind nicht nur perfekt in den Schlafsack zu verwenden, kann aber auch als&hellip;\" \/>\n<meta property=\"og:url\" content=\"https:\/\/eurotrail.info\/de\/producten\/schlafsaecke-und-thermo-matten\/schlafsaecke\/huettenschlafsack\/\" \/>\n<meta property=\"og:site_name\" content=\"Eurotrail\" \/>\n<meta property=\"og:image\" content=\"https:\/\/eurotrail.info\/wp\/wp-content\/uploads\/2016\/03\/ETSB0201.png\" \/>\n\t<meta property=\"og:image:width\" content=\"1603\" \/>\n\t<meta property=\"og:image:height\" content=\"851\" \/>\n\t<meta property=\"og:image:type\" content=\"image\/png\" \/>\n<meta name=\"twitter:card\" content=\"summary_large_image\" \/>\n<meta name=\"twitter:label1\" content=\"Gesch\u00e4tzte Lesezeit\" \/>\n\t<meta name=\"twitter:data1\" content=\"1\u00a0Minute\" \/>\n<script type=\"application\/ld+json\" class=\"yoast-schema-graph\">{\"@context\":\"https:\\\/\\\/schema.org\",\"@graph\":[{\"@type\":\"WebPage\",\"@id\":\"https:\\\/\\\/eurotrail.info\\\/de\\\/producten\\\/schlafsaecke-und-thermo-matten\\\/schlafsaecke\\\/huettenschlafsack\\\/\",\"url\":\"https:\\\/\\\/eurotrail.info\\\/de\\\/producten\\\/schlafsaecke-und-thermo-matten\\\/schlafsaecke\\\/huettenschlafsack\\\/\",\"name\":\"H\u00fcttenschlafsack - Eurotrail\",\"isPartOf\":{\"@id\":\"https:\\\/\\\/eurotrail.info\\\/#website\"},\"datePublished\":\"2016-03-04T13:52:31+00:00\",\"breadcrumb\":{\"@id\":\"https:\\\/\\\/eurotrail.info\\\/de\\\/producten\\\/schlafsaecke-und-thermo-matten\\\/schlafsaecke\\\/huettenschlafsack\\\/#breadcrumb\"},\"inLanguage\":\"de\",\"potentialAction\":[{\"@type\":\"ReadAction\",\"target\":[\"https:\\\/\\\/eurotrail.info\\\/de\\\/producten\\\/schlafsaecke-und-thermo-matten\\\/schlafsaecke\\\/huettenschlafsack\\\/\"]}]},{\"@type\":\"BreadcrumbList\",\"@id\":\"https:\\\/\\\/eurotrail.info\\\/de\\\/producten\\\/schlafsaecke-und-thermo-matten\\\/schlafsaecke\\\/huettenschlafsack\\\/#breadcrumb\",\"itemListElement\":[{\"@type\":\"ListItem\",\"position\":1,\"name\":\"Home\",\"item\":\"https:\\\/\\\/eurotrail.info\\\/de\\\/\"},{\"@type\":\"ListItem\",\"position\":2,\"name\":\"Produkte\",\"item\":\"https:\\\/\\\/eurotrail.info\\\/de\\\/produkte\\\/\"},{\"@type\":\"ListItem\",\"position\":3,\"name\":\"H\u00fcttenschlafsack\"}]},{\"@type\":\"WebSite\",\"@id\":\"https:\\\/\\\/eurotrail.info\\\/#website\",\"url\":\"https:\\\/\\\/eurotrail.info\\\/\",\"name\":\"Eurotrail\",\"description\":\"\",\"publisher\":{\"@id\":\"https:\\\/\\\/eurotrail.info\\\/#organization\"},\"potentialAction\":[{\"@type\":\"SearchAction\",\"target\":{\"@type\":\"EntryPoint\",\"urlTemplate\":\"https:\\\/\\\/eurotrail.info\\\/?s={search_term_string}\"},\"query-input\":{\"@type\":\"PropertyValueSpecification\",\"valueRequired\":true,\"valueName\":\"search_term_string\"}}],\"inLanguage\":\"de\"},{\"@type\":\"Organization\",\"@id\":\"https:\\\/\\\/eurotrail.info\\\/#organization\",\"name\":\"Eurotrail\",\"url\":\"https:\\\/\\\/eurotrail.info\\\/\",\"logo\":{\"@type\":\"ImageObject\",\"inLanguage\":\"de\",\"@id\":\"https:\\\/\\\/eurotrail.info\\\/#\\\/schema\\\/logo\\\/image\\\/\",\"url\":\"https:\\\/\\\/eurotrail.info\\\/wp\\\/wp-content\\\/uploads\\\/2023\\\/07\\\/ET-logo-quote_NL-scaled.jpg\",\"contentUrl\":\"https:\\\/\\\/eurotrail.info\\\/wp\\\/wp-content\\\/uploads\\\/2023\\\/07\\\/ET-logo-quote_NL-scaled.jpg\",\"width\":2560,\"height\":675,\"caption\":\"Eurotrail\"},\"image\":{\"@id\":\"https:\\\/\\\/eurotrail.info\\\/#\\\/schema\\\/logo\\\/image\\\/\"}}]}<\/script>\n<!-- \/ Yoast SEO plugin. -->","yoast_head_json":{"title":"H\u00fcttenschlafsack - Eurotrail","robots":{"index":"index","follow":"follow","max-snippet":"max-snippet:-1","max-image-preview":"max-image-preview:large","max-video-preview":"max-video-preview:-1"},"canonical":"https:\/\/eurotrail.info\/de\/producten\/schlafsaecke-und-thermo-matten\/schlafsaecke\/huettenschlafsack\/","og_locale":"de_DE","og_type":"article","og_title":"H\u00fcttenschlafsack - Eurotrail","og_description":"Schlafsack Inlet aus einem weichen Baumwolle. Diese ultra-d\u00fcnnen, leichten und kompakten H\u00fcttenschlafsack sind nicht nur perfekt in den Schlafsack zu verwenden, kann aber auch als&hellip;","og_url":"https:\/\/eurotrail.info\/de\/producten\/schlafsaecke-und-thermo-matten\/schlafsaecke\/huettenschlafsack\/","og_site_name":"Eurotrail","og_image":[{"width":1603,"height":851,"url":"https:\/\/eurotrail.info\/wp\/wp-content\/uploads\/2016\/03\/ETSB0201.png","type":"image\/png"}],"twitter_card":"summary_large_image","twitter_misc":{"Gesch\u00e4tzte Lesezeit":"1\u00a0Minute"},"schema":{"@context":"https:\/\/schema.org","@graph":[{"@type":"WebPage","@id":"https:\/\/eurotrail.info\/de\/producten\/schlafsaecke-und-thermo-matten\/schlafsaecke\/huettenschlafsack\/","url":"https:\/\/eurotrail.info\/de\/producten\/schlafsaecke-und-thermo-matten\/schlafsaecke\/huettenschlafsack\/","name":"H\u00fcttenschlafsack - Eurotrail","isPartOf":{"@id":"https:\/\/eurotrail.info\/#website"},"datePublished":"2016-03-04T13:52:31+00:00","breadcrumb":{"@id":"https:\/\/eurotrail.info\/de\/producten\/schlafsaecke-und-thermo-matten\/schlafsaecke\/huettenschlafsack\/#breadcrumb"},"inLanguage":"de","potentialAction":[{"@type":"ReadAction","target":["https:\/\/eurotrail.info\/de\/producten\/schlafsaecke-und-thermo-matten\/schlafsaecke\/huettenschlafsack\/"]}]},{"@type":"BreadcrumbList","@id":"https:\/\/eurotrail.info\/de\/producten\/schlafsaecke-und-thermo-matten\/schlafsaecke\/huettenschlafsack\/#breadcrumb","itemListElement":[{"@type":"ListItem","position":1,"name":"Home","item":"https:\/\/eurotrail.info\/de\/"},{"@type":"ListItem","position":2,"name":"Produkte","item":"https:\/\/eurotrail.info\/de\/produkte\/"},{"@type":"ListItem","position":3,"name":"H\u00fcttenschlafsack"}]},{"@type":"WebSite","@id":"https:\/\/eurotrail.info\/#website","url":"https:\/\/eurotrail.info\/","name":"Eurotrail","description":"","publisher":{"@id":"https:\/\/eurotrail.info\/#organization"},"potentialAction":[{"@type":"SearchAction","target":{"@type":"EntryPoint","urlTemplate":"https:\/\/eurotrail.info\/?s={search_term_string}"},"query-input":{"@type":"PropertyValueSpecification","valueRequired":true,"valueName":"search_term_string"}}],"inLanguage":"de"},{"@type":"Organization","@id":"https:\/\/eurotrail.info\/#organization","name":"Eurotrail","url":"https:\/\/eurotrail.info\/","logo":{"@type":"ImageObject","inLanguage":"de","@id":"https:\/\/eurotrail.info\/#\/schema\/logo\/image\/","url":"https:\/\/eurotrail.info\/wp\/wp-content\/uploads\/2023\/07\/ET-logo-quote_NL-scaled.jpg","contentUrl":"https:\/\/eurotrail.info\/wp\/wp-content\/uploads\/2023\/07\/ET-logo-quote_NL-scaled.jpg","width":2560,"height":675,"caption":"Eurotrail"},"image":{"@id":"https:\/\/eurotrail.info\/#\/schema\/logo\/image\/"}}]}},"_links":{"self":[{"href":"https:\/\/eurotrail.info\/de\/wp-json\/wp\/v2\/product\/5349","targetHints":{"allow":["GET"]}}],"collection":[{"href":"https:\/\/eurotrail.info\/de\/wp-json\/wp\/v2\/product"}],"about":[{"href":"https:\/\/eurotrail.info\/de\/wp-json\/wp\/v2\/types\/product"}],"replies":[{"embeddable":true,"href":"https:\/\/eurotrail.info\/de\/wp-json\/wp\/v2\/comments?post=5349"}],"wp:attachment":[{"href":"https:\/\/eurotrail.info\/de\/wp-json\/wp\/v2\/media?parent=5349"}],"wp:term":[{"taxonomy":"product_brand","embeddable":true,"href":"https:\/\/eurotrail.info\/de\/wp-json\/wp\/v2\/product_brand?post=5349"},{"taxonomy":"product_cat","embeddable":true,"href":"https:\/\/eurotrail.info\/de\/wp-json\/wp\/v2\/product_cat?post=5349"},{"taxonomy":"product_tag","embeddable":true,"href":"https:\/\/eurotrail.info\/de\/wp-json\/wp\/v2\/product_tag?post=5349"}],"curies":[{"name":"wp","href":"https:\/\/api.w.org\/{rel}","templated":true}]}}