{"id":5397,"date":"2016-03-08T17:22:33","date_gmt":"2016-03-08T16:22:33","guid":{"rendered":"http:\/\/eurotrail.info\/producten\/tarp-34-polyester\/"},"modified":"2019-03-13T11:49:09","modified_gmt":"2019-03-13T10:49:09","slug":"tarp-34-polyester","status":"publish","type":"product","link":"https:\/\/eurotrail.info\/de\/producten\/sonnensegel\/tarp-34-polyester\/","title":{"rendered":"Tarp 3\/4 Polyester"},"content":{"rendered":"<p>Sonnensegel aus 100% Polyester.<br \/>\nIdeal \u00fcberall einen zus\u00e4tzlichen Schattenplatz von der Sonne oder regen zu schaffen. Die Sonnesegel ist einfach zu bedienen und kann mit Seilen \u00fcberall angebracht werden z.B. zwischen B\u00e4umen. Wenn Sie diese Option nicht haben, k\u00f6nnen Sie ein oder zwei Tarp Stange bestellen. Mit dieser h\u00f6henverstellbare Tarpst\u00e4nge kann man der Sonnensegel \u00fcberall aufbauen:<br \/>\nim Garten, Rasen oder auf dem Campingplatz.<\/p>\n<p>Die Plane hat viele Abspanpunkte, die alle verst\u00e4rkt sind um Rei\u00dfen zu verhindern. (Bei starkem Wind, empfehlen wir die Plane nicht zu verwenden).<\/p>\n<p>Erh\u00e4ltlich in 2 Gr\u00f6\u00dfen:<br \/>\nTarp 3: 300x300cm. Gewicht: 930 gr.<br \/>\nTarp 4: 400x300cm, Gewicht 1150 g.<\/p>\n<p>Material: 100% Polyester, 50% UV-Schutz<\/p>\n<p>Spannleine und Heringen sind nicht im Lieferumfang einbegriffen.<\/p>\n","protected":false},"excerpt":{"rendered":"<p>Sonnensegel aus 100% Polyester. Ideal \u00fcberall einen zus\u00e4tzlichen Schattenplatz von der Sonne oder regen zu schaffen. Die Sonnesegel ist einfach zu bedienen und kann mit&hellip;<\/p>\n","protected":false},"featured_media":2007,"comment_status":"open","ping_status":"closed","template":"","meta":{"_acf_changed":false},"product_brand":[],"product_cat":[97],"product_tag":[],"class_list":{"0":"post-5397","1":"product","2":"type-product","3":"status-publish","4":"has-post-thumbnail","6":"product_cat-sonnensegel","8":"first","9":"instock","10":"shipping-taxable","11":"product-type-simple"},"acf":[],"yoast_head":"<!-- This site is optimized with the Yoast SEO plugin v27.4 - https:\/\/yoast.com\/product\/yoast-seo-wordpress\/ -->\n<title>Tarp 3\/4 Polyester - Eurotrail<\/title>\n<meta name=\"robots\" content=\"index, follow, max-snippet:-1, max-image-preview:large, max-video-preview:-1\" \/>\n<link rel=\"canonical\" href=\"https:\/\/eurotrail.info\/de\/producten\/sonnensegel\/tarp-34-polyester\/\" \/>\n<meta property=\"og:locale\" content=\"de_DE\" \/>\n<meta property=\"og:type\" content=\"article\" \/>\n<meta property=\"og:title\" content=\"Tarp 3\/4 Polyester - Eurotrail\" \/>\n<meta property=\"og:description\" content=\"Sonnensegel aus 100% Polyester. Ideal \u00fcberall einen zus\u00e4tzlichen Schattenplatz von der Sonne oder regen zu schaffen. Die Sonnesegel ist einfach zu bedienen und kann mit&hellip;\" \/>\n<meta property=\"og:url\" content=\"https:\/\/eurotrail.info\/de\/producten\/sonnensegel\/tarp-34-polyester\/\" \/>\n<meta property=\"og:site_name\" content=\"Eurotrail\" \/>\n<meta property=\"article:modified_time\" content=\"2019-03-13T10:49:09+00:00\" \/>\n<meta property=\"og:image\" content=\"https:\/\/eurotrail.info\/wp\/wp-content\/uploads\/2016\/03\/Eurotrail-Tarp-3-4-polyester-1280x891.jpg\" \/>\n\t<meta property=\"og:image:width\" content=\"1280\" \/>\n\t<meta property=\"og:image:height\" content=\"891\" \/>\n\t<meta property=\"og:image:type\" content=\"image\/jpeg\" \/>\n<meta name=\"twitter:card\" content=\"summary_large_image\" \/>\n<meta name=\"twitter:label1\" content=\"Gesch\u00e4tzte Lesezeit\" \/>\n\t<meta name=\"twitter:data1\" content=\"1\u00a0Minute\" \/>\n<script type=\"application\/ld+json\" class=\"yoast-schema-graph\">{\"@context\":\"https:\\\/\\\/schema.org\",\"@graph\":[{\"@type\":\"WebPage\",\"@id\":\"https:\\\/\\\/eurotrail.info\\\/de\\\/producten\\\/sonnensegel\\\/tarp-34-polyester\\\/\",\"url\":\"https:\\\/\\\/eurotrail.info\\\/de\\\/producten\\\/sonnensegel\\\/tarp-34-polyester\\\/\",\"name\":\"Tarp 3\\\/4 Polyester - Eurotrail\",\"isPartOf\":{\"@id\":\"https:\\\/\\\/eurotrail.info\\\/#website\"},\"primaryImageOfPage\":{\"@id\":\"https:\\\/\\\/eurotrail.info\\\/de\\\/producten\\\/sonnensegel\\\/tarp-34-polyester\\\/#primaryimage\"},\"image\":{\"@id\":\"https:\\\/\\\/eurotrail.info\\\/de\\\/producten\\\/sonnensegel\\\/tarp-34-polyester\\\/#primaryimage\"},\"thumbnailUrl\":\"https:\\\/\\\/eurotrail.info\\\/wp\\\/wp-content\\\/uploads\\\/2016\\\/03\\\/Eurotrail-Tarp-3-4-polyester.jpg\",\"datePublished\":\"2016-03-08T16:22:33+00:00\",\"dateModified\":\"2019-03-13T10:49:09+00:00\",\"breadcrumb\":{\"@id\":\"https:\\\/\\\/eurotrail.info\\\/de\\\/producten\\\/sonnensegel\\\/tarp-34-polyester\\\/#breadcrumb\"},\"inLanguage\":\"de\",\"potentialAction\":[{\"@type\":\"ReadAction\",\"target\":[\"https:\\\/\\\/eurotrail.info\\\/de\\\/producten\\\/sonnensegel\\\/tarp-34-polyester\\\/\"]}]},{\"@type\":\"ImageObject\",\"inLanguage\":\"de\",\"@id\":\"https:\\\/\\\/eurotrail.info\\\/de\\\/producten\\\/sonnensegel\\\/tarp-34-polyester\\\/#primaryimage\",\"url\":\"https:\\\/\\\/eurotrail.info\\\/wp\\\/wp-content\\\/uploads\\\/2016\\\/03\\\/Eurotrail-Tarp-3-4-polyester.jpg\",\"contentUrl\":\"https:\\\/\\\/eurotrail.info\\\/wp\\\/wp-content\\\/uploads\\\/2016\\\/03\\\/Eurotrail-Tarp-3-4-polyester.jpg\",\"width\":1772,\"height\":1234,\"caption\":\"Sonnensegel aus 100% Polyester.\"},{\"@type\":\"BreadcrumbList\",\"@id\":\"https:\\\/\\\/eurotrail.info\\\/de\\\/producten\\\/sonnensegel\\\/tarp-34-polyester\\\/#breadcrumb\",\"itemListElement\":[{\"@type\":\"ListItem\",\"position\":1,\"name\":\"Home\",\"item\":\"https:\\\/\\\/eurotrail.info\\\/de\\\/\"},{\"@type\":\"ListItem\",\"position\":2,\"name\":\"Produkte\",\"item\":\"https:\\\/\\\/eurotrail.info\\\/de\\\/produkte\\\/\"},{\"@type\":\"ListItem\",\"position\":3,\"name\":\"Tarp 3\\\/4 Polyester\"}]},{\"@type\":\"WebSite\",\"@id\":\"https:\\\/\\\/eurotrail.info\\\/#website\",\"url\":\"https:\\\/\\\/eurotrail.info\\\/\",\"name\":\"Eurotrail\",\"description\":\"\",\"publisher\":{\"@id\":\"https:\\\/\\\/eurotrail.info\\\/#organization\"},\"potentialAction\":[{\"@type\":\"SearchAction\",\"target\":{\"@type\":\"EntryPoint\",\"urlTemplate\":\"https:\\\/\\\/eurotrail.info\\\/?s={search_term_string}\"},\"query-input\":{\"@type\":\"PropertyValueSpecification\",\"valueRequired\":true,\"valueName\":\"search_term_string\"}}],\"inLanguage\":\"de\"},{\"@type\":\"Organization\",\"@id\":\"https:\\\/\\\/eurotrail.info\\\/#organization\",\"name\":\"Eurotrail\",\"url\":\"https:\\\/\\\/eurotrail.info\\\/\",\"logo\":{\"@type\":\"ImageObject\",\"inLanguage\":\"de\",\"@id\":\"https:\\\/\\\/eurotrail.info\\\/#\\\/schema\\\/logo\\\/image\\\/\",\"url\":\"https:\\\/\\\/eurotrail.info\\\/wp\\\/wp-content\\\/uploads\\\/2023\\\/07\\\/ET-logo-quote_NL-scaled.jpg\",\"contentUrl\":\"https:\\\/\\\/eurotrail.info\\\/wp\\\/wp-content\\\/uploads\\\/2023\\\/07\\\/ET-logo-quote_NL-scaled.jpg\",\"width\":2560,\"height\":675,\"caption\":\"Eurotrail\"},\"image\":{\"@id\":\"https:\\\/\\\/eurotrail.info\\\/#\\\/schema\\\/logo\\\/image\\\/\"}}]}<\/script>\n<!-- \/ Yoast SEO plugin. -->","yoast_head_json":{"title":"Tarp 3\/4 Polyester - Eurotrail","robots":{"index":"index","follow":"follow","max-snippet":"max-snippet:-1","max-image-preview":"max-image-preview:large","max-video-preview":"max-video-preview:-1"},"canonical":"https:\/\/eurotrail.info\/de\/producten\/sonnensegel\/tarp-34-polyester\/","og_locale":"de_DE","og_type":"article","og_title":"Tarp 3\/4 Polyester - Eurotrail","og_description":"Sonnensegel aus 100% Polyester. Ideal \u00fcberall einen zus\u00e4tzlichen Schattenplatz von der Sonne oder regen zu schaffen. Die Sonnesegel ist einfach zu bedienen und kann mit&hellip;","og_url":"https:\/\/eurotrail.info\/de\/producten\/sonnensegel\/tarp-34-polyester\/","og_site_name":"Eurotrail","article_modified_time":"2019-03-13T10:49:09+00:00","og_image":[{"width":1280,"height":891,"url":"https:\/\/eurotrail.info\/wp\/wp-content\/uploads\/2016\/03\/Eurotrail-Tarp-3-4-polyester-1280x891.jpg","type":"image\/jpeg"}],"twitter_card":"summary_large_image","twitter_misc":{"Gesch\u00e4tzte Lesezeit":"1\u00a0Minute"},"schema":{"@context":"https:\/\/schema.org","@graph":[{"@type":"WebPage","@id":"https:\/\/eurotrail.info\/de\/producten\/sonnensegel\/tarp-34-polyester\/","url":"https:\/\/eurotrail.info\/de\/producten\/sonnensegel\/tarp-34-polyester\/","name":"Tarp 3\/4 Polyester - Eurotrail","isPartOf":{"@id":"https:\/\/eurotrail.info\/#website"},"primaryImageOfPage":{"@id":"https:\/\/eurotrail.info\/de\/producten\/sonnensegel\/tarp-34-polyester\/#primaryimage"},"image":{"@id":"https:\/\/eurotrail.info\/de\/producten\/sonnensegel\/tarp-34-polyester\/#primaryimage"},"thumbnailUrl":"https:\/\/eurotrail.info\/wp\/wp-content\/uploads\/2016\/03\/Eurotrail-Tarp-3-4-polyester.jpg","datePublished":"2016-03-08T16:22:33+00:00","dateModified":"2019-03-13T10:49:09+00:00","breadcrumb":{"@id":"https:\/\/eurotrail.info\/de\/producten\/sonnensegel\/tarp-34-polyester\/#breadcrumb"},"inLanguage":"de","potentialAction":[{"@type":"ReadAction","target":["https:\/\/eurotrail.info\/de\/producten\/sonnensegel\/tarp-34-polyester\/"]}]},{"@type":"ImageObject","inLanguage":"de","@id":"https:\/\/eurotrail.info\/de\/producten\/sonnensegel\/tarp-34-polyester\/#primaryimage","url":"https:\/\/eurotrail.info\/wp\/wp-content\/uploads\/2016\/03\/Eurotrail-Tarp-3-4-polyester.jpg","contentUrl":"https:\/\/eurotrail.info\/wp\/wp-content\/uploads\/2016\/03\/Eurotrail-Tarp-3-4-polyester.jpg","width":1772,"height":1234,"caption":"Sonnensegel aus 100% Polyester."},{"@type":"BreadcrumbList","@id":"https:\/\/eurotrail.info\/de\/producten\/sonnensegel\/tarp-34-polyester\/#breadcrumb","itemListElement":[{"@type":"ListItem","position":1,"name":"Home","item":"https:\/\/eurotrail.info\/de\/"},{"@type":"ListItem","position":2,"name":"Produkte","item":"https:\/\/eurotrail.info\/de\/produkte\/"},{"@type":"ListItem","position":3,"name":"Tarp 3\/4 Polyester"}]},{"@type":"WebSite","@id":"https:\/\/eurotrail.info\/#website","url":"https:\/\/eurotrail.info\/","name":"Eurotrail","description":"","publisher":{"@id":"https:\/\/eurotrail.info\/#organization"},"potentialAction":[{"@type":"SearchAction","target":{"@type":"EntryPoint","urlTemplate":"https:\/\/eurotrail.info\/?s={search_term_string}"},"query-input":{"@type":"PropertyValueSpecification","valueRequired":true,"valueName":"search_term_string"}}],"inLanguage":"de"},{"@type":"Organization","@id":"https:\/\/eurotrail.info\/#organization","name":"Eurotrail","url":"https:\/\/eurotrail.info\/","logo":{"@type":"ImageObject","inLanguage":"de","@id":"https:\/\/eurotrail.info\/#\/schema\/logo\/image\/","url":"https:\/\/eurotrail.info\/wp\/wp-content\/uploads\/2023\/07\/ET-logo-quote_NL-scaled.jpg","contentUrl":"https:\/\/eurotrail.info\/wp\/wp-content\/uploads\/2023\/07\/ET-logo-quote_NL-scaled.jpg","width":2560,"height":675,"caption":"Eurotrail"},"image":{"@id":"https:\/\/eurotrail.info\/#\/schema\/logo\/image\/"}}]}},"_links":{"self":[{"href":"https:\/\/eurotrail.info\/de\/wp-json\/wp\/v2\/product\/5397","targetHints":{"allow":["GET"]}}],"collection":[{"href":"https:\/\/eurotrail.info\/de\/wp-json\/wp\/v2\/product"}],"about":[{"href":"https:\/\/eurotrail.info\/de\/wp-json\/wp\/v2\/types\/product"}],"replies":[{"embeddable":true,"href":"https:\/\/eurotrail.info\/de\/wp-json\/wp\/v2\/comments?post=5397"}],"wp:featuredmedia":[{"embeddable":true,"href":"https:\/\/eurotrail.info\/de\/wp-json\/wp\/v2\/media\/2007"}],"wp:attachment":[{"href":"https:\/\/eurotrail.info\/de\/wp-json\/wp\/v2\/media?parent=5397"}],"wp:term":[{"taxonomy":"product_brand","embeddable":true,"href":"https:\/\/eurotrail.info\/de\/wp-json\/wp\/v2\/product_brand?post=5397"},{"taxonomy":"product_cat","embeddable":true,"href":"https:\/\/eurotrail.info\/de\/wp-json\/wp\/v2\/product_cat?post=5397"},{"taxonomy":"product_tag","embeddable":true,"href":"https:\/\/eurotrail.info\/de\/wp-json\/wp\/v2\/product_tag?post=5397"}],"curies":[{"name":"wp","href":"https:\/\/api.w.org\/{rel}","templated":true}]}}