{"id":5402,"date":"2016-03-08T17:16:44","date_gmt":"2016-03-08T16:16:44","guid":{"rendered":"http:\/\/eurotrail.info\/producten\/sonnensegel-34-btc\/"},"modified":"2019-03-13T11:54:34","modified_gmt":"2019-03-13T10:54:34","slug":"sonnensegel-34-btc","status":"publish","type":"product","link":"https:\/\/eurotrail.info\/de\/producten\/sonnensegel\/sonnensegel-34-btc\/","title":{"rendered":"Sonnensegel 3\/4 BTC"},"content":{"rendered":"<p>Neue Sonnensegel aus atmungsaktivem Material BTC.<br \/>\nDas Material sorgt daf\u00fcr, dass Sie bequem unter der Plane sitzen kann, von der Hitze der Sonne oder dem regen gesch\u00fctzt. Ecken sind verst\u00e4rkt, so dass die Sonnensegel richtig abgespannt werden kann. (Nat\u00fcrlich auch bei starkem Wind nicht die Sonnesegel verwenden).<br \/>\nEinfache Einrichtung mit einem oder zwei Tarpstange (exklusiv) und\u00a0Abspannseil (exklusiv).<br \/>\nIdeaal f\u00fcr einsatz im Garten, Camping oder am Wasser.<\/p>\n<p>Erh\u00e4ltlich in 2 Gr\u00f6\u00dfen:<br \/>\nTarp 3: 300x300cm, Gewicht 2,1 kg.<br \/>\nTarp 4: 400x300cm,. Gewicht: 2,75 kg.<\/p>\n<p>Material: 65% Polyester \/ 35% Baumwolle<\/p>\n<p>Abspannseil und Gest\u00e4nge sind nicht im Lieferumfang einbegriffen.<\/p>\n","protected":false},"excerpt":{"rendered":"<p>Neue Sonnensegel aus atmungsaktivem Material BTC. Das Material sorgt daf\u00fcr, dass Sie bequem unter der Plane sitzen kann, von der Hitze der Sonne oder dem&hellip;<\/p>\n","protected":false},"featured_media":1998,"comment_status":"open","ping_status":"closed","template":"","meta":{"_acf_changed":false},"product_brand":[],"product_cat":[97],"product_tag":[],"class_list":{"0":"post-5402","1":"product","2":"type-product","3":"status-publish","4":"has-post-thumbnail","6":"product_cat-sonnensegel","8":"first","9":"instock","10":"shipping-taxable","11":"product-type-simple"},"acf":[],"yoast_head":"<!-- This site is optimized with the Yoast SEO plugin v27.4 - https:\/\/yoast.com\/product\/yoast-seo-wordpress\/ -->\n<title>Sonnensegel 3\/4 BTC - Eurotrail<\/title>\n<meta name=\"robots\" content=\"index, follow, max-snippet:-1, max-image-preview:large, max-video-preview:-1\" \/>\n<link rel=\"canonical\" href=\"https:\/\/eurotrail.info\/de\/producten\/sonnensegel\/sonnensegel-34-btc\/\" \/>\n<meta property=\"og:locale\" content=\"de_DE\" \/>\n<meta property=\"og:type\" content=\"article\" \/>\n<meta property=\"og:title\" content=\"Sonnensegel 3\/4 BTC - Eurotrail\" \/>\n<meta property=\"og:description\" content=\"Neue Sonnensegel aus atmungsaktivem Material BTC. Das Material sorgt daf\u00fcr, dass Sie bequem unter der Plane sitzen kann, von der Hitze der Sonne oder dem&hellip;\" \/>\n<meta property=\"og:url\" content=\"https:\/\/eurotrail.info\/de\/producten\/sonnensegel\/sonnensegel-34-btc\/\" \/>\n<meta property=\"og:site_name\" content=\"Eurotrail\" \/>\n<meta property=\"article:modified_time\" content=\"2019-03-13T10:54:34+00:00\" \/>\n<meta property=\"og:image\" content=\"https:\/\/eurotrail.info\/wp\/wp-content\/uploads\/2016\/03\/Eurotrail-Tarp-3-1.jpg\" \/>\n\t<meta property=\"og:image:width\" content=\"837\" \/>\n\t<meta property=\"og:image:height\" content=\"588\" \/>\n\t<meta property=\"og:image:type\" content=\"image\/jpeg\" \/>\n<meta name=\"twitter:card\" content=\"summary_large_image\" \/>\n<script type=\"application\/ld+json\" class=\"yoast-schema-graph\">{\"@context\":\"https:\\\/\\\/schema.org\",\"@graph\":[{\"@type\":\"WebPage\",\"@id\":\"https:\\\/\\\/eurotrail.info\\\/de\\\/producten\\\/sonnensegel\\\/sonnensegel-34-btc\\\/\",\"url\":\"https:\\\/\\\/eurotrail.info\\\/de\\\/producten\\\/sonnensegel\\\/sonnensegel-34-btc\\\/\",\"name\":\"Sonnensegel 3\\\/4 BTC - Eurotrail\",\"isPartOf\":{\"@id\":\"https:\\\/\\\/eurotrail.info\\\/#website\"},\"primaryImageOfPage\":{\"@id\":\"https:\\\/\\\/eurotrail.info\\\/de\\\/producten\\\/sonnensegel\\\/sonnensegel-34-btc\\\/#primaryimage\"},\"image\":{\"@id\":\"https:\\\/\\\/eurotrail.info\\\/de\\\/producten\\\/sonnensegel\\\/sonnensegel-34-btc\\\/#primaryimage\"},\"thumbnailUrl\":\"https:\\\/\\\/eurotrail.info\\\/wp\\\/wp-content\\\/uploads\\\/2016\\\/03\\\/Eurotrail-Tarp-3-1.jpg\",\"datePublished\":\"2016-03-08T16:16:44+00:00\",\"dateModified\":\"2019-03-13T10:54:34+00:00\",\"breadcrumb\":{\"@id\":\"https:\\\/\\\/eurotrail.info\\\/de\\\/producten\\\/sonnensegel\\\/sonnensegel-34-btc\\\/#breadcrumb\"},\"inLanguage\":\"de\",\"potentialAction\":[{\"@type\":\"ReadAction\",\"target\":[\"https:\\\/\\\/eurotrail.info\\\/de\\\/producten\\\/sonnensegel\\\/sonnensegel-34-btc\\\/\"]}]},{\"@type\":\"ImageObject\",\"inLanguage\":\"de\",\"@id\":\"https:\\\/\\\/eurotrail.info\\\/de\\\/producten\\\/sonnensegel\\\/sonnensegel-34-btc\\\/#primaryimage\",\"url\":\"https:\\\/\\\/eurotrail.info\\\/wp\\\/wp-content\\\/uploads\\\/2016\\\/03\\\/Eurotrail-Tarp-3-1.jpg\",\"contentUrl\":\"https:\\\/\\\/eurotrail.info\\\/wp\\\/wp-content\\\/uploads\\\/2016\\\/03\\\/Eurotrail-Tarp-3-1.jpg\",\"width\":837,\"height\":588,\"caption\":\"Neue Sonnensegel aus atmungsaktivem Material BTC.\"},{\"@type\":\"BreadcrumbList\",\"@id\":\"https:\\\/\\\/eurotrail.info\\\/de\\\/producten\\\/sonnensegel\\\/sonnensegel-34-btc\\\/#breadcrumb\",\"itemListElement\":[{\"@type\":\"ListItem\",\"position\":1,\"name\":\"Home\",\"item\":\"https:\\\/\\\/eurotrail.info\\\/de\\\/\"},{\"@type\":\"ListItem\",\"position\":2,\"name\":\"Produkte\",\"item\":\"https:\\\/\\\/eurotrail.info\\\/de\\\/produkte\\\/\"},{\"@type\":\"ListItem\",\"position\":3,\"name\":\"Sonnensegel 3\\\/4 BTC\"}]},{\"@type\":\"WebSite\",\"@id\":\"https:\\\/\\\/eurotrail.info\\\/#website\",\"url\":\"https:\\\/\\\/eurotrail.info\\\/\",\"name\":\"Eurotrail\",\"description\":\"\",\"publisher\":{\"@id\":\"https:\\\/\\\/eurotrail.info\\\/#organization\"},\"potentialAction\":[{\"@type\":\"SearchAction\",\"target\":{\"@type\":\"EntryPoint\",\"urlTemplate\":\"https:\\\/\\\/eurotrail.info\\\/?s={search_term_string}\"},\"query-input\":{\"@type\":\"PropertyValueSpecification\",\"valueRequired\":true,\"valueName\":\"search_term_string\"}}],\"inLanguage\":\"de\"},{\"@type\":\"Organization\",\"@id\":\"https:\\\/\\\/eurotrail.info\\\/#organization\",\"name\":\"Eurotrail\",\"url\":\"https:\\\/\\\/eurotrail.info\\\/\",\"logo\":{\"@type\":\"ImageObject\",\"inLanguage\":\"de\",\"@id\":\"https:\\\/\\\/eurotrail.info\\\/#\\\/schema\\\/logo\\\/image\\\/\",\"url\":\"https:\\\/\\\/eurotrail.info\\\/wp\\\/wp-content\\\/uploads\\\/2023\\\/07\\\/ET-logo-quote_NL-scaled.jpg\",\"contentUrl\":\"https:\\\/\\\/eurotrail.info\\\/wp\\\/wp-content\\\/uploads\\\/2023\\\/07\\\/ET-logo-quote_NL-scaled.jpg\",\"width\":2560,\"height\":675,\"caption\":\"Eurotrail\"},\"image\":{\"@id\":\"https:\\\/\\\/eurotrail.info\\\/#\\\/schema\\\/logo\\\/image\\\/\"}}]}<\/script>\n<!-- \/ Yoast SEO plugin. -->","yoast_head_json":{"title":"Sonnensegel 3\/4 BTC - Eurotrail","robots":{"index":"index","follow":"follow","max-snippet":"max-snippet:-1","max-image-preview":"max-image-preview:large","max-video-preview":"max-video-preview:-1"},"canonical":"https:\/\/eurotrail.info\/de\/producten\/sonnensegel\/sonnensegel-34-btc\/","og_locale":"de_DE","og_type":"article","og_title":"Sonnensegel 3\/4 BTC - Eurotrail","og_description":"Neue Sonnensegel aus atmungsaktivem Material BTC. Das Material sorgt daf\u00fcr, dass Sie bequem unter der Plane sitzen kann, von der Hitze der Sonne oder dem&hellip;","og_url":"https:\/\/eurotrail.info\/de\/producten\/sonnensegel\/sonnensegel-34-btc\/","og_site_name":"Eurotrail","article_modified_time":"2019-03-13T10:54:34+00:00","og_image":[{"width":837,"height":588,"url":"https:\/\/eurotrail.info\/wp\/wp-content\/uploads\/2016\/03\/Eurotrail-Tarp-3-1.jpg","type":"image\/jpeg"}],"twitter_card":"summary_large_image","schema":{"@context":"https:\/\/schema.org","@graph":[{"@type":"WebPage","@id":"https:\/\/eurotrail.info\/de\/producten\/sonnensegel\/sonnensegel-34-btc\/","url":"https:\/\/eurotrail.info\/de\/producten\/sonnensegel\/sonnensegel-34-btc\/","name":"Sonnensegel 3\/4 BTC - Eurotrail","isPartOf":{"@id":"https:\/\/eurotrail.info\/#website"},"primaryImageOfPage":{"@id":"https:\/\/eurotrail.info\/de\/producten\/sonnensegel\/sonnensegel-34-btc\/#primaryimage"},"image":{"@id":"https:\/\/eurotrail.info\/de\/producten\/sonnensegel\/sonnensegel-34-btc\/#primaryimage"},"thumbnailUrl":"https:\/\/eurotrail.info\/wp\/wp-content\/uploads\/2016\/03\/Eurotrail-Tarp-3-1.jpg","datePublished":"2016-03-08T16:16:44+00:00","dateModified":"2019-03-13T10:54:34+00:00","breadcrumb":{"@id":"https:\/\/eurotrail.info\/de\/producten\/sonnensegel\/sonnensegel-34-btc\/#breadcrumb"},"inLanguage":"de","potentialAction":[{"@type":"ReadAction","target":["https:\/\/eurotrail.info\/de\/producten\/sonnensegel\/sonnensegel-34-btc\/"]}]},{"@type":"ImageObject","inLanguage":"de","@id":"https:\/\/eurotrail.info\/de\/producten\/sonnensegel\/sonnensegel-34-btc\/#primaryimage","url":"https:\/\/eurotrail.info\/wp\/wp-content\/uploads\/2016\/03\/Eurotrail-Tarp-3-1.jpg","contentUrl":"https:\/\/eurotrail.info\/wp\/wp-content\/uploads\/2016\/03\/Eurotrail-Tarp-3-1.jpg","width":837,"height":588,"caption":"Neue Sonnensegel aus atmungsaktivem Material BTC."},{"@type":"BreadcrumbList","@id":"https:\/\/eurotrail.info\/de\/producten\/sonnensegel\/sonnensegel-34-btc\/#breadcrumb","itemListElement":[{"@type":"ListItem","position":1,"name":"Home","item":"https:\/\/eurotrail.info\/de\/"},{"@type":"ListItem","position":2,"name":"Produkte","item":"https:\/\/eurotrail.info\/de\/produkte\/"},{"@type":"ListItem","position":3,"name":"Sonnensegel 3\/4 BTC"}]},{"@type":"WebSite","@id":"https:\/\/eurotrail.info\/#website","url":"https:\/\/eurotrail.info\/","name":"Eurotrail","description":"","publisher":{"@id":"https:\/\/eurotrail.info\/#organization"},"potentialAction":[{"@type":"SearchAction","target":{"@type":"EntryPoint","urlTemplate":"https:\/\/eurotrail.info\/?s={search_term_string}"},"query-input":{"@type":"PropertyValueSpecification","valueRequired":true,"valueName":"search_term_string"}}],"inLanguage":"de"},{"@type":"Organization","@id":"https:\/\/eurotrail.info\/#organization","name":"Eurotrail","url":"https:\/\/eurotrail.info\/","logo":{"@type":"ImageObject","inLanguage":"de","@id":"https:\/\/eurotrail.info\/#\/schema\/logo\/image\/","url":"https:\/\/eurotrail.info\/wp\/wp-content\/uploads\/2023\/07\/ET-logo-quote_NL-scaled.jpg","contentUrl":"https:\/\/eurotrail.info\/wp\/wp-content\/uploads\/2023\/07\/ET-logo-quote_NL-scaled.jpg","width":2560,"height":675,"caption":"Eurotrail"},"image":{"@id":"https:\/\/eurotrail.info\/#\/schema\/logo\/image\/"}}]}},"_links":{"self":[{"href":"https:\/\/eurotrail.info\/de\/wp-json\/wp\/v2\/product\/5402","targetHints":{"allow":["GET"]}}],"collection":[{"href":"https:\/\/eurotrail.info\/de\/wp-json\/wp\/v2\/product"}],"about":[{"href":"https:\/\/eurotrail.info\/de\/wp-json\/wp\/v2\/types\/product"}],"replies":[{"embeddable":true,"href":"https:\/\/eurotrail.info\/de\/wp-json\/wp\/v2\/comments?post=5402"}],"wp:featuredmedia":[{"embeddable":true,"href":"https:\/\/eurotrail.info\/de\/wp-json\/wp\/v2\/media\/1998"}],"wp:attachment":[{"href":"https:\/\/eurotrail.info\/de\/wp-json\/wp\/v2\/media?parent=5402"}],"wp:term":[{"taxonomy":"product_brand","embeddable":true,"href":"https:\/\/eurotrail.info\/de\/wp-json\/wp\/v2\/product_brand?post=5402"},{"taxonomy":"product_cat","embeddable":true,"href":"https:\/\/eurotrail.info\/de\/wp-json\/wp\/v2\/product_cat?post=5402"},{"taxonomy":"product_tag","embeddable":true,"href":"https:\/\/eurotrail.info\/de\/wp-json\/wp\/v2\/product_tag?post=5402"}],"curies":[{"name":"wp","href":"https:\/\/api.w.org\/{rel}","templated":true}]}}