{"id":5477,"date":"2016-01-22T12:31:23","date_gmt":"2016-01-22T11:31:23","guid":{"rendered":"http:\/\/eurotrail.info\/producten\/st-pierre\/"},"modified":"2018-03-12T09:27:36","modified_gmt":"2018-03-12T08:27:36","slug":"st-pierre","status":"publish","type":"product","link":"https:\/\/eurotrail.info\/de\/producten\/campingmoebel\/campingtische\/st-pierre\/","title":{"rendered":"St. Pierre"},"content":{"rendered":"<p>Klapbarer Freizeittisch mit rollbarer Tischplatte aus wetterfesten Aluminium.<br \/>\nSehr stabiles Untergestell mit einen stufenlos h\u00f2henverstellbaren Standbein und mit zus\u00e4tzlicher Stabilisierungsstange. <\/p>\n<p>Erhaltlich in 3 Gr\u00f6ssen<\/p>\n<p>Small: 80x63x70cm, Packmass: 101x22x12cm, Gewicht 5 kg.<br \/>\nMedium: 110x70x70cm, Packmass: 106x18x18cm, Gewicht  5.5 kg.<br \/>\nLarge: 140x80x70cm, Packmass: 136x20x18cm, Gewicht 7 kg.<\/p>\n<p>TopPlatte: Aluminium<br \/>\nGestell: aluminium<br \/>\nMax. Belastung: 50 kg.<\/p>\n","protected":false},"excerpt":{"rendered":"<p>Klapbarer Freizeittisch mit rollbarer Tischplatte aus wetterfesten Aluminium. Sehr stabiles Untergestell mit einen stufenlos h\u00f2henverstellbaren Standbein und mit zus\u00e4tzlicher Stabilisierungsstange. Erhaltlich in 3 Gr\u00f6ssen Small:&hellip;<\/p>\n","protected":false},"featured_media":1690,"comment_status":"open","ping_status":"closed","template":"","meta":{"_acf_changed":false},"product_brand":[],"product_cat":[85],"product_tag":[],"class_list":{"0":"post-5477","1":"product","2":"type-product","3":"status-publish","4":"has-post-thumbnail","6":"product_cat-campingtische","8":"first","9":"instock","10":"shipping-taxable","11":"product-type-simple"},"acf":[],"yoast_head":"<!-- This site is optimized with the Yoast SEO plugin v27.4 - https:\/\/yoast.com\/product\/yoast-seo-wordpress\/ -->\n<title>St. Pierre - Eurotrail<\/title>\n<meta name=\"robots\" content=\"index, follow, max-snippet:-1, max-image-preview:large, max-video-preview:-1\" \/>\n<link rel=\"canonical\" href=\"https:\/\/eurotrail.info\/es\/?post_type=product&p=30719\" \/>\n<meta property=\"og:locale\" content=\"de_DE\" \/>\n<meta property=\"og:type\" content=\"article\" \/>\n<meta property=\"og:title\" content=\"St. Pierre - Eurotrail\" \/>\n<meta property=\"og:description\" content=\"Klapbarer Freizeittisch mit rollbarer Tischplatte aus wetterfesten Aluminium. Sehr stabiles Untergestell mit einen stufenlos h\u00f2henverstellbaren Standbein und mit zus\u00e4tzlicher Stabilisierungsstange. Erhaltlich in 3 Gr\u00f6ssen Small:&hellip;\" \/>\n<meta property=\"og:url\" content=\"https:\/\/eurotrail.info\/es\/?post_type=product&amp;p=30719\" \/>\n<meta property=\"og:site_name\" content=\"Eurotrail\" \/>\n<meta property=\"article:modified_time\" content=\"2018-03-12T08:27:36+00:00\" \/>\n<meta property=\"og:image\" content=\"https:\/\/eurotrail.info\/wp\/wp-content\/uploads\/2016\/01\/Eurotrail-alu-campingtafel-St-Pierre-1.jpg\" \/>\n\t<meta property=\"og:image:width\" content=\"2235\" \/>\n\t<meta property=\"og:image:height\" content=\"1995\" \/>\n\t<meta property=\"og:image:type\" content=\"image\/jpeg\" \/>\n<meta name=\"twitter:card\" content=\"summary_large_image\" \/>\n<script type=\"application\/ld+json\" class=\"yoast-schema-graph\">{\"@context\":\"https:\\\/\\\/schema.org\",\"@graph\":[{\"@type\":\"WebPage\",\"@id\":\"https:\\\/\\\/eurotrail.info\\\/es\\\/?post_type=product&p=30719\",\"url\":\"https:\\\/\\\/eurotrail.info\\\/es\\\/?post_type=product&p=30719\",\"name\":\"St. Pierre - Eurotrail\",\"isPartOf\":{\"@id\":\"https:\\\/\\\/eurotrail.info\\\/#website\"},\"primaryImageOfPage\":{\"@id\":\"https:\\\/\\\/eurotrail.info\\\/es\\\/?post_type=product&p=30719#primaryimage\"},\"image\":{\"@id\":\"https:\\\/\\\/eurotrail.info\\\/es\\\/?post_type=product&p=30719#primaryimage\"},\"thumbnailUrl\":\"https:\\\/\\\/eurotrail.info\\\/wp\\\/wp-content\\\/uploads\\\/2016\\\/01\\\/Eurotrail-alu-campingtafel-St-Pierre-1.jpg\",\"datePublished\":\"2016-01-22T11:31:23+00:00\",\"dateModified\":\"2018-03-12T08:27:36+00:00\",\"breadcrumb\":{\"@id\":\"https:\\\/\\\/eurotrail.info\\\/es\\\/?post_type=product&p=30719#breadcrumb\"},\"inLanguage\":\"de\",\"potentialAction\":[{\"@type\":\"ReadAction\",\"target\":[\"https:\\\/\\\/eurotrail.info\\\/es\\\/?post_type=product&p=30719\"]}]},{\"@type\":\"ImageObject\",\"inLanguage\":\"de\",\"@id\":\"https:\\\/\\\/eurotrail.info\\\/es\\\/?post_type=product&p=30719#primaryimage\",\"url\":\"https:\\\/\\\/eurotrail.info\\\/wp\\\/wp-content\\\/uploads\\\/2016\\\/01\\\/Eurotrail-alu-campingtafel-St-Pierre-1.jpg\",\"contentUrl\":\"https:\\\/\\\/eurotrail.info\\\/wp\\\/wp-content\\\/uploads\\\/2016\\\/01\\\/Eurotrail-alu-campingtafel-St-Pierre-1.jpg\",\"width\":2235,\"height\":1995,\"caption\":\"Klapbarer Freizeittisch mit rollbarer Tischplatte aus wetterfesten Aluminium.\"},{\"@type\":\"BreadcrumbList\",\"@id\":\"https:\\\/\\\/eurotrail.info\\\/es\\\/?post_type=product&p=30719#breadcrumb\",\"itemListElement\":[{\"@type\":\"ListItem\",\"position\":1,\"name\":\"Home\",\"item\":\"https:\\\/\\\/eurotrail.info\\\/de\\\/\"},{\"@type\":\"ListItem\",\"position\":2,\"name\":\"Produkte\",\"item\":\"https:\\\/\\\/eurotrail.info\\\/de\\\/produkte\\\/\"},{\"@type\":\"ListItem\",\"position\":3,\"name\":\"St. Pierre\"}]},{\"@type\":\"WebSite\",\"@id\":\"https:\\\/\\\/eurotrail.info\\\/#website\",\"url\":\"https:\\\/\\\/eurotrail.info\\\/\",\"name\":\"Eurotrail\",\"description\":\"\",\"publisher\":{\"@id\":\"https:\\\/\\\/eurotrail.info\\\/#organization\"},\"potentialAction\":[{\"@type\":\"SearchAction\",\"target\":{\"@type\":\"EntryPoint\",\"urlTemplate\":\"https:\\\/\\\/eurotrail.info\\\/?s={search_term_string}\"},\"query-input\":{\"@type\":\"PropertyValueSpecification\",\"valueRequired\":true,\"valueName\":\"search_term_string\"}}],\"inLanguage\":\"de\"},{\"@type\":\"Organization\",\"@id\":\"https:\\\/\\\/eurotrail.info\\\/#organization\",\"name\":\"Eurotrail\",\"url\":\"https:\\\/\\\/eurotrail.info\\\/\",\"logo\":{\"@type\":\"ImageObject\",\"inLanguage\":\"de\",\"@id\":\"https:\\\/\\\/eurotrail.info\\\/#\\\/schema\\\/logo\\\/image\\\/\",\"url\":\"https:\\\/\\\/eurotrail.info\\\/wp\\\/wp-content\\\/uploads\\\/2023\\\/07\\\/ET-logo-quote_NL-scaled.jpg\",\"contentUrl\":\"https:\\\/\\\/eurotrail.info\\\/wp\\\/wp-content\\\/uploads\\\/2023\\\/07\\\/ET-logo-quote_NL-scaled.jpg\",\"width\":2560,\"height\":675,\"caption\":\"Eurotrail\"},\"image\":{\"@id\":\"https:\\\/\\\/eurotrail.info\\\/#\\\/schema\\\/logo\\\/image\\\/\"}}]}<\/script>\n<!-- \/ Yoast SEO plugin. -->","yoast_head_json":{"title":"St. Pierre - Eurotrail","robots":{"index":"index","follow":"follow","max-snippet":"max-snippet:-1","max-image-preview":"max-image-preview:large","max-video-preview":"max-video-preview:-1"},"canonical":"https:\/\/eurotrail.info\/es\/?post_type=product&p=30719","og_locale":"de_DE","og_type":"article","og_title":"St. Pierre - Eurotrail","og_description":"Klapbarer Freizeittisch mit rollbarer Tischplatte aus wetterfesten Aluminium. Sehr stabiles Untergestell mit einen stufenlos h\u00f2henverstellbaren Standbein und mit zus\u00e4tzlicher Stabilisierungsstange. Erhaltlich in 3 Gr\u00f6ssen Small:&hellip;","og_url":"https:\/\/eurotrail.info\/es\/?post_type=product&p=30719","og_site_name":"Eurotrail","article_modified_time":"2018-03-12T08:27:36+00:00","og_image":[{"width":2235,"height":1995,"url":"https:\/\/eurotrail.info\/wp\/wp-content\/uploads\/2016\/01\/Eurotrail-alu-campingtafel-St-Pierre-1.jpg","type":"image\/jpeg"}],"twitter_card":"summary_large_image","schema":{"@context":"https:\/\/schema.org","@graph":[{"@type":"WebPage","@id":"https:\/\/eurotrail.info\/es\/?post_type=product&p=30719","url":"https:\/\/eurotrail.info\/es\/?post_type=product&p=30719","name":"St. Pierre - Eurotrail","isPartOf":{"@id":"https:\/\/eurotrail.info\/#website"},"primaryImageOfPage":{"@id":"https:\/\/eurotrail.info\/es\/?post_type=product&p=30719#primaryimage"},"image":{"@id":"https:\/\/eurotrail.info\/es\/?post_type=product&p=30719#primaryimage"},"thumbnailUrl":"https:\/\/eurotrail.info\/wp\/wp-content\/uploads\/2016\/01\/Eurotrail-alu-campingtafel-St-Pierre-1.jpg","datePublished":"2016-01-22T11:31:23+00:00","dateModified":"2018-03-12T08:27:36+00:00","breadcrumb":{"@id":"https:\/\/eurotrail.info\/es\/?post_type=product&p=30719#breadcrumb"},"inLanguage":"de","potentialAction":[{"@type":"ReadAction","target":["https:\/\/eurotrail.info\/es\/?post_type=product&p=30719"]}]},{"@type":"ImageObject","inLanguage":"de","@id":"https:\/\/eurotrail.info\/es\/?post_type=product&p=30719#primaryimage","url":"https:\/\/eurotrail.info\/wp\/wp-content\/uploads\/2016\/01\/Eurotrail-alu-campingtafel-St-Pierre-1.jpg","contentUrl":"https:\/\/eurotrail.info\/wp\/wp-content\/uploads\/2016\/01\/Eurotrail-alu-campingtafel-St-Pierre-1.jpg","width":2235,"height":1995,"caption":"Klapbarer Freizeittisch mit rollbarer Tischplatte aus wetterfesten Aluminium."},{"@type":"BreadcrumbList","@id":"https:\/\/eurotrail.info\/es\/?post_type=product&p=30719#breadcrumb","itemListElement":[{"@type":"ListItem","position":1,"name":"Home","item":"https:\/\/eurotrail.info\/de\/"},{"@type":"ListItem","position":2,"name":"Produkte","item":"https:\/\/eurotrail.info\/de\/produkte\/"},{"@type":"ListItem","position":3,"name":"St. Pierre"}]},{"@type":"WebSite","@id":"https:\/\/eurotrail.info\/#website","url":"https:\/\/eurotrail.info\/","name":"Eurotrail","description":"","publisher":{"@id":"https:\/\/eurotrail.info\/#organization"},"potentialAction":[{"@type":"SearchAction","target":{"@type":"EntryPoint","urlTemplate":"https:\/\/eurotrail.info\/?s={search_term_string}"},"query-input":{"@type":"PropertyValueSpecification","valueRequired":true,"valueName":"search_term_string"}}],"inLanguage":"de"},{"@type":"Organization","@id":"https:\/\/eurotrail.info\/#organization","name":"Eurotrail","url":"https:\/\/eurotrail.info\/","logo":{"@type":"ImageObject","inLanguage":"de","@id":"https:\/\/eurotrail.info\/#\/schema\/logo\/image\/","url":"https:\/\/eurotrail.info\/wp\/wp-content\/uploads\/2023\/07\/ET-logo-quote_NL-scaled.jpg","contentUrl":"https:\/\/eurotrail.info\/wp\/wp-content\/uploads\/2023\/07\/ET-logo-quote_NL-scaled.jpg","width":2560,"height":675,"caption":"Eurotrail"},"image":{"@id":"https:\/\/eurotrail.info\/#\/schema\/logo\/image\/"}}]}},"_links":{"self":[{"href":"https:\/\/eurotrail.info\/de\/wp-json\/wp\/v2\/product\/5477","targetHints":{"allow":["GET"]}}],"collection":[{"href":"https:\/\/eurotrail.info\/de\/wp-json\/wp\/v2\/product"}],"about":[{"href":"https:\/\/eurotrail.info\/de\/wp-json\/wp\/v2\/types\/product"}],"replies":[{"embeddable":true,"href":"https:\/\/eurotrail.info\/de\/wp-json\/wp\/v2\/comments?post=5477"}],"wp:featuredmedia":[{"embeddable":true,"href":"https:\/\/eurotrail.info\/de\/wp-json\/wp\/v2\/media\/1690"}],"wp:attachment":[{"href":"https:\/\/eurotrail.info\/de\/wp-json\/wp\/v2\/media?parent=5477"}],"wp:term":[{"taxonomy":"product_brand","embeddable":true,"href":"https:\/\/eurotrail.info\/de\/wp-json\/wp\/v2\/product_brand?post=5477"},{"taxonomy":"product_cat","embeddable":true,"href":"https:\/\/eurotrail.info\/de\/wp-json\/wp\/v2\/product_cat?post=5477"},{"taxonomy":"product_tag","embeddable":true,"href":"https:\/\/eurotrail.info\/de\/wp-json\/wp\/v2\/product_tag?post=5477"}],"curies":[{"name":"wp","href":"https:\/\/api.w.org\/{rel}","templated":true}]}}