{"id":5560,"date":"2016-03-30T13:22:19","date_gmt":"2016-03-30T12:22:19","guid":{"rendered":"http:\/\/eurotrail.info\/producten\/fahrradschutzhuele-fuer-deichseltraeger\/"},"modified":"2016-03-30T13:22:19","modified_gmt":"2016-03-30T12:22:19","slug":"fahrradschutzhuele-fuer-deichseltraeger","status":"publish","type":"product","link":"https:\/\/eurotrail.info\/de\/producten\/wohnwagenwohnmobilebus\/wohnwagen-zubehoer\/fahrradschutzhuele-fuer-deichseltraeger\/","title":{"rendered":"Fahrradschutzh\u00fcle f\u00fcr Deichseltr\u00e4ger"},"content":{"rendered":"<p>Wasserdichte Schutzh\u00fclle f\u00fcr Deichseltr\u00e4ger die die Fahrr\u00e4der w\u00e4hrend der Fahrt oder bei Nichtgebrauch sch\u00fctzt. Hergestellt aus 100% Polyester. Ein integriertes Gummiband sorgt f\u00fcr Passgenauigkeit.<br \/>\nAuch zu Hause zu benutzen!<\/p>\n<p>Lieferbare Farbe Grau<\/p>\n<p>Geeignet f\u00fcr 2 R\u00e4der<br \/>\nMaterial: 100% Polyester<\/p>\n","protected":false},"excerpt":{"rendered":"<p>Wasserdichte Schutzh\u00fclle f\u00fcr Deichseltr\u00e4ger die die Fahrr\u00e4der w\u00e4hrend der Fahrt oder bei Nichtgebrauch sch\u00fctzt. Hergestellt aus 100% Polyester. Ein integriertes Gummiband sorgt f\u00fcr Passgenauigkeit. Auch&hellip;<\/p>\n","protected":false},"featured_media":2123,"comment_status":"open","ping_status":"closed","template":"","meta":{"_acf_changed":false},"product_brand":[],"product_cat":[224,77],"product_tag":[],"class_list":{"0":"post-5560","1":"product","2":"type-product","3":"status-publish","4":"has-post-thumbnail","6":"product_cat-schutzhuelle","7":"product_cat-wohnwagen-zubehoer","9":"first","10":"instock","11":"shipping-taxable","12":"product-type-simple"},"acf":[],"yoast_head":"<!-- This site is optimized with the Yoast SEO plugin v27.4 - https:\/\/yoast.com\/product\/yoast-seo-wordpress\/ -->\n<title>Fahrradschutzh\u00fcle f\u00fcr Deichseltr\u00e4ger - Eurotrail<\/title>\n<meta name=\"robots\" content=\"index, follow, max-snippet:-1, max-image-preview:large, max-video-preview:-1\" \/>\n<link rel=\"canonical\" href=\"https:\/\/eurotrail.info\/de\/producten\/wohnwagenwohnmobilebus\/wohnwagen-zubehoer\/fahrradschutzhuele-fuer-deichseltraeger\/\" \/>\n<meta property=\"og:locale\" content=\"de_DE\" \/>\n<meta property=\"og:type\" content=\"article\" \/>\n<meta property=\"og:title\" content=\"Fahrradschutzh\u00fcle f\u00fcr Deichseltr\u00e4ger - Eurotrail\" \/>\n<meta property=\"og:description\" content=\"Wasserdichte Schutzh\u00fclle f\u00fcr Deichseltr\u00e4ger die die Fahrr\u00e4der w\u00e4hrend der Fahrt oder bei Nichtgebrauch sch\u00fctzt. Hergestellt aus 100% Polyester. Ein integriertes Gummiband sorgt f\u00fcr Passgenauigkeit. Auch&hellip;\" \/>\n<meta property=\"og:url\" content=\"https:\/\/eurotrail.info\/de\/producten\/wohnwagenwohnmobilebus\/wohnwagen-zubehoer\/fahrradschutzhuele-fuer-deichseltraeger\/\" \/>\n<meta property=\"og:site_name\" content=\"Eurotrail\" \/>\n<meta property=\"og:image\" content=\"https:\/\/eurotrail.info\/wp\/wp-content\/uploads\/2016\/03\/Eurotrail-fietshoes-dissel-ETAC0001-3.jpg\" \/>\n\t<meta property=\"og:image:width\" content=\"1417\" \/>\n\t<meta property=\"og:image:height\" content=\"1063\" \/>\n\t<meta property=\"og:image:type\" content=\"image\/jpeg\" \/>\n<meta name=\"twitter:card\" content=\"summary_large_image\" \/>\n<script type=\"application\/ld+json\" class=\"yoast-schema-graph\">{\"@context\":\"https:\\\/\\\/schema.org\",\"@graph\":[{\"@type\":\"WebPage\",\"@id\":\"https:\\\/\\\/eurotrail.info\\\/de\\\/producten\\\/wohnwagenwohnmobilebus\\\/wohnwagen-zubehoer\\\/fahrradschutzhuele-fuer-deichseltraeger\\\/\",\"url\":\"https:\\\/\\\/eurotrail.info\\\/de\\\/producten\\\/wohnwagenwohnmobilebus\\\/wohnwagen-zubehoer\\\/fahrradschutzhuele-fuer-deichseltraeger\\\/\",\"name\":\"Fahrradschutzh\u00fcle f\u00fcr Deichseltr\u00e4ger - Eurotrail\",\"isPartOf\":{\"@id\":\"https:\\\/\\\/eurotrail.info\\\/#website\"},\"primaryImageOfPage\":{\"@id\":\"https:\\\/\\\/eurotrail.info\\\/de\\\/producten\\\/wohnwagenwohnmobilebus\\\/wohnwagen-zubehoer\\\/fahrradschutzhuele-fuer-deichseltraeger\\\/#primaryimage\"},\"image\":{\"@id\":\"https:\\\/\\\/eurotrail.info\\\/de\\\/producten\\\/wohnwagenwohnmobilebus\\\/wohnwagen-zubehoer\\\/fahrradschutzhuele-fuer-deichseltraeger\\\/#primaryimage\"},\"thumbnailUrl\":\"https:\\\/\\\/eurotrail.info\\\/wp\\\/wp-content\\\/uploads\\\/2016\\\/03\\\/Eurotrail-fietshoes-dissel-ETAC0001-3.jpg\",\"datePublished\":\"2016-03-30T12:22:19+00:00\",\"breadcrumb\":{\"@id\":\"https:\\\/\\\/eurotrail.info\\\/de\\\/producten\\\/wohnwagenwohnmobilebus\\\/wohnwagen-zubehoer\\\/fahrradschutzhuele-fuer-deichseltraeger\\\/#breadcrumb\"},\"inLanguage\":\"de\",\"potentialAction\":[{\"@type\":\"ReadAction\",\"target\":[\"https:\\\/\\\/eurotrail.info\\\/de\\\/producten\\\/wohnwagenwohnmobilebus\\\/wohnwagen-zubehoer\\\/fahrradschutzhuele-fuer-deichseltraeger\\\/\"]}]},{\"@type\":\"ImageObject\",\"inLanguage\":\"de\",\"@id\":\"https:\\\/\\\/eurotrail.info\\\/de\\\/producten\\\/wohnwagenwohnmobilebus\\\/wohnwagen-zubehoer\\\/fahrradschutzhuele-fuer-deichseltraeger\\\/#primaryimage\",\"url\":\"https:\\\/\\\/eurotrail.info\\\/wp\\\/wp-content\\\/uploads\\\/2016\\\/03\\\/Eurotrail-fietshoes-dissel-ETAC0001-3.jpg\",\"contentUrl\":\"https:\\\/\\\/eurotrail.info\\\/wp\\\/wp-content\\\/uploads\\\/2016\\\/03\\\/Eurotrail-fietshoes-dissel-ETAC0001-3.jpg\",\"width\":1417,\"height\":1063,\"caption\":\"Wasserdichte Schutzh\u00fclle f\u00fcr Deichseltr\u00e4ger\"},{\"@type\":\"BreadcrumbList\",\"@id\":\"https:\\\/\\\/eurotrail.info\\\/de\\\/producten\\\/wohnwagenwohnmobilebus\\\/wohnwagen-zubehoer\\\/fahrradschutzhuele-fuer-deichseltraeger\\\/#breadcrumb\",\"itemListElement\":[{\"@type\":\"ListItem\",\"position\":1,\"name\":\"Home\",\"item\":\"https:\\\/\\\/eurotrail.info\\\/de\\\/\"},{\"@type\":\"ListItem\",\"position\":2,\"name\":\"Produkte\",\"item\":\"https:\\\/\\\/eurotrail.info\\\/de\\\/produkte\\\/\"},{\"@type\":\"ListItem\",\"position\":3,\"name\":\"Fahrradschutzh\u00fcle f\u00fcr Deichseltr\u00e4ger\"}]},{\"@type\":\"WebSite\",\"@id\":\"https:\\\/\\\/eurotrail.info\\\/#website\",\"url\":\"https:\\\/\\\/eurotrail.info\\\/\",\"name\":\"Eurotrail\",\"description\":\"\",\"publisher\":{\"@id\":\"https:\\\/\\\/eurotrail.info\\\/#organization\"},\"potentialAction\":[{\"@type\":\"SearchAction\",\"target\":{\"@type\":\"EntryPoint\",\"urlTemplate\":\"https:\\\/\\\/eurotrail.info\\\/?s={search_term_string}\"},\"query-input\":{\"@type\":\"PropertyValueSpecification\",\"valueRequired\":true,\"valueName\":\"search_term_string\"}}],\"inLanguage\":\"de\"},{\"@type\":\"Organization\",\"@id\":\"https:\\\/\\\/eurotrail.info\\\/#organization\",\"name\":\"Eurotrail\",\"url\":\"https:\\\/\\\/eurotrail.info\\\/\",\"logo\":{\"@type\":\"ImageObject\",\"inLanguage\":\"de\",\"@id\":\"https:\\\/\\\/eurotrail.info\\\/#\\\/schema\\\/logo\\\/image\\\/\",\"url\":\"https:\\\/\\\/eurotrail.info\\\/wp\\\/wp-content\\\/uploads\\\/2023\\\/07\\\/ET-logo-quote_NL-scaled.jpg\",\"contentUrl\":\"https:\\\/\\\/eurotrail.info\\\/wp\\\/wp-content\\\/uploads\\\/2023\\\/07\\\/ET-logo-quote_NL-scaled.jpg\",\"width\":2560,\"height\":675,\"caption\":\"Eurotrail\"},\"image\":{\"@id\":\"https:\\\/\\\/eurotrail.info\\\/#\\\/schema\\\/logo\\\/image\\\/\"}}]}<\/script>\n<!-- \/ Yoast SEO plugin. -->","yoast_head_json":{"title":"Fahrradschutzh\u00fcle f\u00fcr Deichseltr\u00e4ger - Eurotrail","robots":{"index":"index","follow":"follow","max-snippet":"max-snippet:-1","max-image-preview":"max-image-preview:large","max-video-preview":"max-video-preview:-1"},"canonical":"https:\/\/eurotrail.info\/de\/producten\/wohnwagenwohnmobilebus\/wohnwagen-zubehoer\/fahrradschutzhuele-fuer-deichseltraeger\/","og_locale":"de_DE","og_type":"article","og_title":"Fahrradschutzh\u00fcle f\u00fcr Deichseltr\u00e4ger - Eurotrail","og_description":"Wasserdichte Schutzh\u00fclle f\u00fcr Deichseltr\u00e4ger die die Fahrr\u00e4der w\u00e4hrend der Fahrt oder bei Nichtgebrauch sch\u00fctzt. Hergestellt aus 100% Polyester. Ein integriertes Gummiband sorgt f\u00fcr Passgenauigkeit. Auch&hellip;","og_url":"https:\/\/eurotrail.info\/de\/producten\/wohnwagenwohnmobilebus\/wohnwagen-zubehoer\/fahrradschutzhuele-fuer-deichseltraeger\/","og_site_name":"Eurotrail","og_image":[{"width":1417,"height":1063,"url":"https:\/\/eurotrail.info\/wp\/wp-content\/uploads\/2016\/03\/Eurotrail-fietshoes-dissel-ETAC0001-3.jpg","type":"image\/jpeg"}],"twitter_card":"summary_large_image","schema":{"@context":"https:\/\/schema.org","@graph":[{"@type":"WebPage","@id":"https:\/\/eurotrail.info\/de\/producten\/wohnwagenwohnmobilebus\/wohnwagen-zubehoer\/fahrradschutzhuele-fuer-deichseltraeger\/","url":"https:\/\/eurotrail.info\/de\/producten\/wohnwagenwohnmobilebus\/wohnwagen-zubehoer\/fahrradschutzhuele-fuer-deichseltraeger\/","name":"Fahrradschutzh\u00fcle f\u00fcr Deichseltr\u00e4ger - Eurotrail","isPartOf":{"@id":"https:\/\/eurotrail.info\/#website"},"primaryImageOfPage":{"@id":"https:\/\/eurotrail.info\/de\/producten\/wohnwagenwohnmobilebus\/wohnwagen-zubehoer\/fahrradschutzhuele-fuer-deichseltraeger\/#primaryimage"},"image":{"@id":"https:\/\/eurotrail.info\/de\/producten\/wohnwagenwohnmobilebus\/wohnwagen-zubehoer\/fahrradschutzhuele-fuer-deichseltraeger\/#primaryimage"},"thumbnailUrl":"https:\/\/eurotrail.info\/wp\/wp-content\/uploads\/2016\/03\/Eurotrail-fietshoes-dissel-ETAC0001-3.jpg","datePublished":"2016-03-30T12:22:19+00:00","breadcrumb":{"@id":"https:\/\/eurotrail.info\/de\/producten\/wohnwagenwohnmobilebus\/wohnwagen-zubehoer\/fahrradschutzhuele-fuer-deichseltraeger\/#breadcrumb"},"inLanguage":"de","potentialAction":[{"@type":"ReadAction","target":["https:\/\/eurotrail.info\/de\/producten\/wohnwagenwohnmobilebus\/wohnwagen-zubehoer\/fahrradschutzhuele-fuer-deichseltraeger\/"]}]},{"@type":"ImageObject","inLanguage":"de","@id":"https:\/\/eurotrail.info\/de\/producten\/wohnwagenwohnmobilebus\/wohnwagen-zubehoer\/fahrradschutzhuele-fuer-deichseltraeger\/#primaryimage","url":"https:\/\/eurotrail.info\/wp\/wp-content\/uploads\/2016\/03\/Eurotrail-fietshoes-dissel-ETAC0001-3.jpg","contentUrl":"https:\/\/eurotrail.info\/wp\/wp-content\/uploads\/2016\/03\/Eurotrail-fietshoes-dissel-ETAC0001-3.jpg","width":1417,"height":1063,"caption":"Wasserdichte Schutzh\u00fclle f\u00fcr Deichseltr\u00e4ger"},{"@type":"BreadcrumbList","@id":"https:\/\/eurotrail.info\/de\/producten\/wohnwagenwohnmobilebus\/wohnwagen-zubehoer\/fahrradschutzhuele-fuer-deichseltraeger\/#breadcrumb","itemListElement":[{"@type":"ListItem","position":1,"name":"Home","item":"https:\/\/eurotrail.info\/de\/"},{"@type":"ListItem","position":2,"name":"Produkte","item":"https:\/\/eurotrail.info\/de\/produkte\/"},{"@type":"ListItem","position":3,"name":"Fahrradschutzh\u00fcle f\u00fcr Deichseltr\u00e4ger"}]},{"@type":"WebSite","@id":"https:\/\/eurotrail.info\/#website","url":"https:\/\/eurotrail.info\/","name":"Eurotrail","description":"","publisher":{"@id":"https:\/\/eurotrail.info\/#organization"},"potentialAction":[{"@type":"SearchAction","target":{"@type":"EntryPoint","urlTemplate":"https:\/\/eurotrail.info\/?s={search_term_string}"},"query-input":{"@type":"PropertyValueSpecification","valueRequired":true,"valueName":"search_term_string"}}],"inLanguage":"de"},{"@type":"Organization","@id":"https:\/\/eurotrail.info\/#organization","name":"Eurotrail","url":"https:\/\/eurotrail.info\/","logo":{"@type":"ImageObject","inLanguage":"de","@id":"https:\/\/eurotrail.info\/#\/schema\/logo\/image\/","url":"https:\/\/eurotrail.info\/wp\/wp-content\/uploads\/2023\/07\/ET-logo-quote_NL-scaled.jpg","contentUrl":"https:\/\/eurotrail.info\/wp\/wp-content\/uploads\/2023\/07\/ET-logo-quote_NL-scaled.jpg","width":2560,"height":675,"caption":"Eurotrail"},"image":{"@id":"https:\/\/eurotrail.info\/#\/schema\/logo\/image\/"}}]}},"_links":{"self":[{"href":"https:\/\/eurotrail.info\/de\/wp-json\/wp\/v2\/product\/5560","targetHints":{"allow":["GET"]}}],"collection":[{"href":"https:\/\/eurotrail.info\/de\/wp-json\/wp\/v2\/product"}],"about":[{"href":"https:\/\/eurotrail.info\/de\/wp-json\/wp\/v2\/types\/product"}],"replies":[{"embeddable":true,"href":"https:\/\/eurotrail.info\/de\/wp-json\/wp\/v2\/comments?post=5560"}],"wp:featuredmedia":[{"embeddable":true,"href":"https:\/\/eurotrail.info\/de\/wp-json\/wp\/v2\/media\/2123"}],"wp:attachment":[{"href":"https:\/\/eurotrail.info\/de\/wp-json\/wp\/v2\/media?parent=5560"}],"wp:term":[{"taxonomy":"product_brand","embeddable":true,"href":"https:\/\/eurotrail.info\/de\/wp-json\/wp\/v2\/product_brand?post=5560"},{"taxonomy":"product_cat","embeddable":true,"href":"https:\/\/eurotrail.info\/de\/wp-json\/wp\/v2\/product_cat?post=5560"},{"taxonomy":"product_tag","embeddable":true,"href":"https:\/\/eurotrail.info\/de\/wp-json\/wp\/v2\/product_tag?post=5560"}],"curies":[{"name":"wp","href":"https:\/\/api.w.org\/{rel}","templated":true}]}}