{"id":5572,"date":"2016-03-30T10:40:58","date_gmt":"2016-03-30T09:40:58","guid":{"rendered":"http:\/\/eurotrail.info\/producten\/electropumpe-12v\/"},"modified":"2026-02-02T15:45:29","modified_gmt":"2026-02-02T14:45:29","slug":"electropumpe-12v","status":"publish","type":"product","link":"https:\/\/eurotrail.info\/de\/producten\/schlafmatten\/luftpumpe\/electropumpe-12v\/","title":{"rendered":"Kompressor Air-Tube Pomp 12V, Sonderangebot!"},"content":{"rendered":"<p>Handliche Pumpe, die mit einem starken Kompressor ausgestattet ist, um ausreichend Luft zum Pumpen von AirTube-Luftkan\u00e4len bereitzustellen. Einfach zu bedienen und super bequem.<br \/>\nDie 12V-Stecker passt in die Sigarettenzunder im Auto, mit dem lange Netzkabel k\u00f6nnen Sie \u00fcberall arbeiten. Die Pumpe hat 3 Mundst\u00fccken. Das \u00dcberdruckventil sorgt daf\u00fcr, dass wenn der maximale Druck (8 PSI = 0,6 bar) erreicht ist, die \u00dcberd\u00fcck entkommen kann. Auch Deflation \u00fcber diese Pumpe ist m\u00f6glich. Inkl. 4 verschiedene Adapter, 12V Kabel, Deluxe-Tragetasche .<\/p>\n<p><strong>Stand 1<\/strong><br \/>\nKapazit\u00e4t: 0,5 psi<br \/>\nTon: &lt; 85 dB<br \/>\nSpannung: 12V \/ 110W<br \/>\nLuftstrom: 170 ltr.\/min.<\/p>\n<p><strong>Stand 2<\/strong><br \/>\nKapazit\u00e4t: 8 psi (8 PSI = 0.6 bar)<br \/>\nTon: &lt; 85 dB<br \/>\nSpannung: 12V \/ 180W<br \/>\nLuftstrom: 40 ltr.\/min.<\/p>\n<p><strong>WEEE-Reg-Nr.: DE 61423574<\/strong><\/p>\n<h5><span style=\"color: #ff6600;\">Empfohlene Verkaufspreis \u20ac 89,95, <em>jetzt nur \u20ac 29,95 !!<\/em> (Das sind die letzten Exemplare, also nur solange der Vorrat reicht!)<\/span><\/h5>\n<p><strong>Interessiert? Senden Sie uns eine Nachricht \u00fcber das Kontaktformular.<\/strong><\/p>\n<p>&nbsp;<\/p>\n","protected":false},"excerpt":{"rendered":"<p>Handliche Pumpe, die mit einem starken Kompressor ausgestattet ist, um ausreichend Luft zum Pumpen von AirTube-Luftkan\u00e4len bereitzustellen. Einfach zu bedienen und super bequem.<\/p>\n<h5><span style=\"color: #ff6600;\">Empfohlene Verkaufspreis \u20ac 89,95, jetzt nur \u20ac 29,95 !!<\/span><br \/>\n<span style=\"color: #ff6600;\">(Das sind die letzten Exemplare, also nur solange der Vorrat reicht!)<\/span><\/h5>\n<p>&nbsp;<\/p>\n","protected":false},"featured_media":2102,"comment_status":"open","ping_status":"closed","template":"","meta":{"_acf_changed":false},"product_brand":[],"product_cat":[99,162,213,77],"product_tag":[],"class_list":{"0":"post-5572","1":"product","2":"type-product","3":"status-publish","4":"has-post-thumbnail","6":"product_cat-air-tube-zelte","7":"product_cat-luftpumpe","8":"product_cat-luftpumpe-de","9":"product_cat-wohnwagen-zubehoer","11":"first","12":"instock","13":"shipping-taxable","14":"product-type-external"},"acf":[],"yoast_head":"<!-- This site is optimized with the Yoast SEO plugin v27.4 - https:\/\/yoast.com\/product\/yoast-seo-wordpress\/ -->\n<title>Kompressor Air-Tube Pomp 12V, Sonderangebot! - Eurotrail<\/title>\n<meta name=\"robots\" content=\"index, follow, max-snippet:-1, max-image-preview:large, max-video-preview:-1\" \/>\n<link rel=\"canonical\" href=\"https:\/\/eurotrail.info\/de\/producten\/schlafmatten\/luftpumpe\/electropumpe-12v\/\" \/>\n<meta property=\"og:locale\" content=\"de_DE\" \/>\n<meta property=\"og:type\" content=\"article\" \/>\n<meta property=\"og:title\" content=\"Kompressor Air-Tube Pomp 12V, Sonderangebot! - Eurotrail\" \/>\n<meta property=\"og:description\" content=\"Handliche Pumpe, die mit einem starken Kompressor ausgestattet ist, um ausreichend Luft zum Pumpen von AirTube-Luftkan\u00e4len bereitzustellen. Einfach zu bedienen und super bequem. Empfohlene Verkaufspreis \u20ac 89,95, jetzt nur \u20ac 29,95 !! (Das sind die letzten Exemplare, also nur solange der Vorrat reicht!) &nbsp;\" \/>\n<meta property=\"og:url\" content=\"https:\/\/eurotrail.info\/de\/producten\/schlafmatten\/luftpumpe\/electropumpe-12v\/\" \/>\n<meta property=\"og:site_name\" content=\"Eurotrail\" \/>\n<meta property=\"article:modified_time\" content=\"2026-02-02T14:45:29+00:00\" \/>\n<meta property=\"og:image\" content=\"https:\/\/eurotrail.info\/wp\/wp-content\/uploads\/2016\/03\/ETIC2022-pressure-pump.jpg\" \/>\n\t<meta property=\"og:image:width\" content=\"2194\" \/>\n\t<meta property=\"og:image:height\" content=\"1548\" \/>\n\t<meta property=\"og:image:type\" content=\"image\/jpeg\" \/>\n<meta name=\"twitter:card\" content=\"summary_large_image\" \/>\n<meta name=\"twitter:label1\" content=\"Gesch\u00e4tzte Lesezeit\" \/>\n\t<meta name=\"twitter:data1\" content=\"1\u00a0Minute\" \/>\n<script type=\"application\/ld+json\" class=\"yoast-schema-graph\">{\"@context\":\"https:\\\/\\\/schema.org\",\"@graph\":[{\"@type\":\"WebPage\",\"@id\":\"https:\\\/\\\/eurotrail.info\\\/de\\\/producten\\\/schlafmatten\\\/luftpumpe\\\/electropumpe-12v\\\/\",\"url\":\"https:\\\/\\\/eurotrail.info\\\/de\\\/producten\\\/schlafmatten\\\/luftpumpe\\\/electropumpe-12v\\\/\",\"name\":\"Kompressor Air-Tube Pomp 12V, Sonderangebot! - Eurotrail\",\"isPartOf\":{\"@id\":\"https:\\\/\\\/eurotrail.info\\\/#website\"},\"primaryImageOfPage\":{\"@id\":\"https:\\\/\\\/eurotrail.info\\\/de\\\/producten\\\/schlafmatten\\\/luftpumpe\\\/electropumpe-12v\\\/#primaryimage\"},\"image\":{\"@id\":\"https:\\\/\\\/eurotrail.info\\\/de\\\/producten\\\/schlafmatten\\\/luftpumpe\\\/electropumpe-12v\\\/#primaryimage\"},\"thumbnailUrl\":\"https:\\\/\\\/eurotrail.info\\\/wp\\\/wp-content\\\/uploads\\\/2016\\\/03\\\/ETIC2022-pressure-pump.jpg\",\"datePublished\":\"2016-03-30T09:40:58+00:00\",\"dateModified\":\"2026-02-02T14:45:29+00:00\",\"breadcrumb\":{\"@id\":\"https:\\\/\\\/eurotrail.info\\\/de\\\/producten\\\/schlafmatten\\\/luftpumpe\\\/electropumpe-12v\\\/#breadcrumb\"},\"inLanguage\":\"de\",\"potentialAction\":[{\"@type\":\"ReadAction\",\"target\":[\"https:\\\/\\\/eurotrail.info\\\/de\\\/producten\\\/schlafmatten\\\/luftpumpe\\\/electropumpe-12v\\\/\"]}]},{\"@type\":\"ImageObject\",\"inLanguage\":\"de\",\"@id\":\"https:\\\/\\\/eurotrail.info\\\/de\\\/producten\\\/schlafmatten\\\/luftpumpe\\\/electropumpe-12v\\\/#primaryimage\",\"url\":\"https:\\\/\\\/eurotrail.info\\\/wp\\\/wp-content\\\/uploads\\\/2016\\\/03\\\/ETIC2022-pressure-pump.jpg\",\"contentUrl\":\"https:\\\/\\\/eurotrail.info\\\/wp\\\/wp-content\\\/uploads\\\/2016\\\/03\\\/ETIC2022-pressure-pump.jpg\",\"width\":2194,\"height\":1548,\"caption\":\"Luftpumpe mit starken Kompressor um ausreichend Luft zum Pumpen von AirTube-Luftkan\u00e4len bereitzustellen.\"},{\"@type\":\"BreadcrumbList\",\"@id\":\"https:\\\/\\\/eurotrail.info\\\/de\\\/producten\\\/schlafmatten\\\/luftpumpe\\\/electropumpe-12v\\\/#breadcrumb\",\"itemListElement\":[{\"@type\":\"ListItem\",\"position\":1,\"name\":\"Home\",\"item\":\"https:\\\/\\\/eurotrail.info\\\/de\\\/\"},{\"@type\":\"ListItem\",\"position\":2,\"name\":\"Produkte\",\"item\":\"https:\\\/\\\/eurotrail.info\\\/de\\\/produkte\\\/\"},{\"@type\":\"ListItem\",\"position\":3,\"name\":\"Kompressor Air-Tube Pomp 12V, Sonderangebot!\"}]},{\"@type\":\"WebSite\",\"@id\":\"https:\\\/\\\/eurotrail.info\\\/#website\",\"url\":\"https:\\\/\\\/eurotrail.info\\\/\",\"name\":\"Eurotrail\",\"description\":\"\",\"publisher\":{\"@id\":\"https:\\\/\\\/eurotrail.info\\\/#organization\"},\"potentialAction\":[{\"@type\":\"SearchAction\",\"target\":{\"@type\":\"EntryPoint\",\"urlTemplate\":\"https:\\\/\\\/eurotrail.info\\\/?s={search_term_string}\"},\"query-input\":{\"@type\":\"PropertyValueSpecification\",\"valueRequired\":true,\"valueName\":\"search_term_string\"}}],\"inLanguage\":\"de\"},{\"@type\":\"Organization\",\"@id\":\"https:\\\/\\\/eurotrail.info\\\/#organization\",\"name\":\"Eurotrail\",\"url\":\"https:\\\/\\\/eurotrail.info\\\/\",\"logo\":{\"@type\":\"ImageObject\",\"inLanguage\":\"de\",\"@id\":\"https:\\\/\\\/eurotrail.info\\\/#\\\/schema\\\/logo\\\/image\\\/\",\"url\":\"https:\\\/\\\/eurotrail.info\\\/wp\\\/wp-content\\\/uploads\\\/2023\\\/07\\\/ET-logo-quote_NL-scaled.jpg\",\"contentUrl\":\"https:\\\/\\\/eurotrail.info\\\/wp\\\/wp-content\\\/uploads\\\/2023\\\/07\\\/ET-logo-quote_NL-scaled.jpg\",\"width\":2560,\"height\":675,\"caption\":\"Eurotrail\"},\"image\":{\"@id\":\"https:\\\/\\\/eurotrail.info\\\/#\\\/schema\\\/logo\\\/image\\\/\"}}]}<\/script>\n<!-- \/ Yoast SEO plugin. -->","yoast_head_json":{"title":"Kompressor Air-Tube Pomp 12V, Sonderangebot! - Eurotrail","robots":{"index":"index","follow":"follow","max-snippet":"max-snippet:-1","max-image-preview":"max-image-preview:large","max-video-preview":"max-video-preview:-1"},"canonical":"https:\/\/eurotrail.info\/de\/producten\/schlafmatten\/luftpumpe\/electropumpe-12v\/","og_locale":"de_DE","og_type":"article","og_title":"Kompressor Air-Tube Pomp 12V, Sonderangebot! - Eurotrail","og_description":"Handliche Pumpe, die mit einem starken Kompressor ausgestattet ist, um ausreichend Luft zum Pumpen von AirTube-Luftkan\u00e4len bereitzustellen. Einfach zu bedienen und super bequem. Empfohlene Verkaufspreis \u20ac 89,95, jetzt nur \u20ac 29,95 !! (Das sind die letzten Exemplare, also nur solange der Vorrat reicht!) &nbsp;","og_url":"https:\/\/eurotrail.info\/de\/producten\/schlafmatten\/luftpumpe\/electropumpe-12v\/","og_site_name":"Eurotrail","article_modified_time":"2026-02-02T14:45:29+00:00","og_image":[{"width":2194,"height":1548,"url":"https:\/\/eurotrail.info\/wp\/wp-content\/uploads\/2016\/03\/ETIC2022-pressure-pump.jpg","type":"image\/jpeg"}],"twitter_card":"summary_large_image","twitter_misc":{"Gesch\u00e4tzte Lesezeit":"1\u00a0Minute"},"schema":{"@context":"https:\/\/schema.org","@graph":[{"@type":"WebPage","@id":"https:\/\/eurotrail.info\/de\/producten\/schlafmatten\/luftpumpe\/electropumpe-12v\/","url":"https:\/\/eurotrail.info\/de\/producten\/schlafmatten\/luftpumpe\/electropumpe-12v\/","name":"Kompressor Air-Tube Pomp 12V, Sonderangebot! - Eurotrail","isPartOf":{"@id":"https:\/\/eurotrail.info\/#website"},"primaryImageOfPage":{"@id":"https:\/\/eurotrail.info\/de\/producten\/schlafmatten\/luftpumpe\/electropumpe-12v\/#primaryimage"},"image":{"@id":"https:\/\/eurotrail.info\/de\/producten\/schlafmatten\/luftpumpe\/electropumpe-12v\/#primaryimage"},"thumbnailUrl":"https:\/\/eurotrail.info\/wp\/wp-content\/uploads\/2016\/03\/ETIC2022-pressure-pump.jpg","datePublished":"2016-03-30T09:40:58+00:00","dateModified":"2026-02-02T14:45:29+00:00","breadcrumb":{"@id":"https:\/\/eurotrail.info\/de\/producten\/schlafmatten\/luftpumpe\/electropumpe-12v\/#breadcrumb"},"inLanguage":"de","potentialAction":[{"@type":"ReadAction","target":["https:\/\/eurotrail.info\/de\/producten\/schlafmatten\/luftpumpe\/electropumpe-12v\/"]}]},{"@type":"ImageObject","inLanguage":"de","@id":"https:\/\/eurotrail.info\/de\/producten\/schlafmatten\/luftpumpe\/electropumpe-12v\/#primaryimage","url":"https:\/\/eurotrail.info\/wp\/wp-content\/uploads\/2016\/03\/ETIC2022-pressure-pump.jpg","contentUrl":"https:\/\/eurotrail.info\/wp\/wp-content\/uploads\/2016\/03\/ETIC2022-pressure-pump.jpg","width":2194,"height":1548,"caption":"Luftpumpe mit starken Kompressor um ausreichend Luft zum Pumpen von AirTube-Luftkan\u00e4len bereitzustellen."},{"@type":"BreadcrumbList","@id":"https:\/\/eurotrail.info\/de\/producten\/schlafmatten\/luftpumpe\/electropumpe-12v\/#breadcrumb","itemListElement":[{"@type":"ListItem","position":1,"name":"Home","item":"https:\/\/eurotrail.info\/de\/"},{"@type":"ListItem","position":2,"name":"Produkte","item":"https:\/\/eurotrail.info\/de\/produkte\/"},{"@type":"ListItem","position":3,"name":"Kompressor Air-Tube Pomp 12V, Sonderangebot!"}]},{"@type":"WebSite","@id":"https:\/\/eurotrail.info\/#website","url":"https:\/\/eurotrail.info\/","name":"Eurotrail","description":"","publisher":{"@id":"https:\/\/eurotrail.info\/#organization"},"potentialAction":[{"@type":"SearchAction","target":{"@type":"EntryPoint","urlTemplate":"https:\/\/eurotrail.info\/?s={search_term_string}"},"query-input":{"@type":"PropertyValueSpecification","valueRequired":true,"valueName":"search_term_string"}}],"inLanguage":"de"},{"@type":"Organization","@id":"https:\/\/eurotrail.info\/#organization","name":"Eurotrail","url":"https:\/\/eurotrail.info\/","logo":{"@type":"ImageObject","inLanguage":"de","@id":"https:\/\/eurotrail.info\/#\/schema\/logo\/image\/","url":"https:\/\/eurotrail.info\/wp\/wp-content\/uploads\/2023\/07\/ET-logo-quote_NL-scaled.jpg","contentUrl":"https:\/\/eurotrail.info\/wp\/wp-content\/uploads\/2023\/07\/ET-logo-quote_NL-scaled.jpg","width":2560,"height":675,"caption":"Eurotrail"},"image":{"@id":"https:\/\/eurotrail.info\/#\/schema\/logo\/image\/"}}]}},"_links":{"self":[{"href":"https:\/\/eurotrail.info\/de\/wp-json\/wp\/v2\/product\/5572","targetHints":{"allow":["GET"]}}],"collection":[{"href":"https:\/\/eurotrail.info\/de\/wp-json\/wp\/v2\/product"}],"about":[{"href":"https:\/\/eurotrail.info\/de\/wp-json\/wp\/v2\/types\/product"}],"replies":[{"embeddable":true,"href":"https:\/\/eurotrail.info\/de\/wp-json\/wp\/v2\/comments?post=5572"}],"wp:featuredmedia":[{"embeddable":true,"href":"https:\/\/eurotrail.info\/de\/wp-json\/wp\/v2\/media\/2102"}],"wp:attachment":[{"href":"https:\/\/eurotrail.info\/de\/wp-json\/wp\/v2\/media?parent=5572"}],"wp:term":[{"taxonomy":"product_brand","embeddable":true,"href":"https:\/\/eurotrail.info\/de\/wp-json\/wp\/v2\/product_brand?post=5572"},{"taxonomy":"product_cat","embeddable":true,"href":"https:\/\/eurotrail.info\/de\/wp-json\/wp\/v2\/product_cat?post=5572"},{"taxonomy":"product_tag","embeddable":true,"href":"https:\/\/eurotrail.info\/de\/wp-json\/wp\/v2\/product_tag?post=5572"}],"curies":[{"name":"wp","href":"https:\/\/api.w.org\/{rel}","templated":true}]}}