{"id":5850,"date":"2017-02-16T14:36:59","date_gmt":"2017-02-16T13:36:59","guid":{"rendered":"http:\/\/eurotrail.info\/producten\/aufbewahrtasche-fuer-luftmatte\/"},"modified":"2026-02-04T15:21:42","modified_gmt":"2026-02-04T14:21:42","slug":"aufbewahrtasche-fuer-luftmatte","status":"publish","type":"product","link":"https:\/\/eurotrail.info\/de\/producten\/zubehoer\/aufbewahrtaschen\/aufbewahrtasche-fuer-luftmatte\/","title":{"rendered":"Universelle Aufbewahrungs-\/Kabeltasche"},"content":{"rendered":"<p>Diese praktische Aufbewahrungstasche eignet sich ideal zum ordentlichen Verstauen und Transportieren verschiedener Campingartikel wie Stromkabel, Luftmatratzen, Verl\u00e4ngerungskabel, Heringe oder anderes Zubeh\u00f6r. Dank ihrer kompakten Gr\u00f6\u00dfe passt sie problemlos in Wohnmobile, Wohnwagen oder den Kofferraum.<\/p>\n<p>Die Tasche ist aus strapazierf\u00e4higem Polyester gefertigt und f\u00fcr den intensiven Einsatz auf Reisen und beim Camping konzipiert. Die integrierten Tragegriffe sorgen f\u00fcr bequemen Transport und einfache Handhabung.<\/p>\n<p>Details:<br \/>\nGeeignet f\u00fcr Stromkabel, Luftmatratzen und Campingzubeh\u00f6r<br \/>\nKompaktes und platzsparendes Design<br \/>\nAus strapazierf\u00e4higem Polyester<br \/>\nAusgestattet mit stabilen Tragegriffen<br \/>\nIdeal f\u00fcr Camping, Wohnmobile und Wohnwagen<\/p>\n<p>Spezifikationen:<br \/>\nMaterial: 100 % Polyester<br \/>\nAbmessungen: 38 \u00d7 41 \u00d7 8 cm<br \/>\nGewicht: 290 Gramm<\/p>\n","protected":false},"excerpt":{"rendered":"<p>Diese praktische Aufbewahrungstasche eignet sich ideal zum ordentlichen Verstauen und Transportieren verschiedener Campingartikel wie Stromkabel, Luftmatratzen, Verl\u00e4ngerungskabel, Heringe oder anderes Zubeh\u00f6r. Dank ihrer kompakten Gr\u00f6\u00dfe&hellip;<\/p>\n","protected":false},"featured_media":22469,"comment_status":"open","ping_status":"closed","template":"","meta":{"_acf_changed":false},"product_brand":[],"product_cat":[109],"product_tag":[],"class_list":{"0":"post-5850","1":"product","2":"type-product","3":"status-publish","4":"has-post-thumbnail","6":"product_cat-aufbewahrtaschen","8":"first","9":"instock","10":"shipping-taxable","11":"product-type-simple"},"acf":[],"yoast_head":"<!-- This site is optimized with the Yoast SEO plugin v27.3 - https:\/\/yoast.com\/product\/yoast-seo-wordpress\/ -->\n<title>Universelle Aufbewahrungs-\/Kabeltasche - Eurotrail<\/title>\n<meta name=\"description\" content=\"Robuste Aufbewahrungstasche f\u00fcr Camping und Wohnmobile Ideal f\u00fcr Stromkabel, Luftmatratzen oder Zubeh\u00f6r. Aus Polyester gefertigt und mit Tragegriffen ausgestattet.\" \/>\n<meta name=\"robots\" content=\"index, follow, max-snippet:-1, max-image-preview:large, max-video-preview:-1\" \/>\n<link rel=\"canonical\" href=\"https:\/\/eurotrail.info\/de\/producten\/zubehoer\/aufbewahrtaschen\/aufbewahrtasche-fuer-luftmatte\/\" \/>\n<meta property=\"og:locale\" content=\"de_DE\" \/>\n<meta property=\"og:type\" content=\"article\" \/>\n<meta property=\"og:title\" content=\"Universelle Aufbewahrungs-\/Kabeltasche - Eurotrail\" \/>\n<meta property=\"og:description\" content=\"Robuste Aufbewahrungstasche f\u00fcr Camping und Wohnmobile Ideal f\u00fcr Stromkabel, Luftmatratzen oder Zubeh\u00f6r. Aus Polyester gefertigt und mit Tragegriffen ausgestattet.\" \/>\n<meta property=\"og:url\" content=\"https:\/\/eurotrail.info\/de\/producten\/zubehoer\/aufbewahrtaschen\/aufbewahrtasche-fuer-luftmatte\/\" \/>\n<meta property=\"og:site_name\" content=\"Eurotrail\" \/>\n<meta property=\"article:modified_time\" content=\"2026-02-04T14:21:42+00:00\" \/>\n<meta property=\"og:image\" content=\"https:\/\/eurotrail.info\/wp\/wp-content\/uploads\/2018\/01\/ETAC0257_0001_3.jpg\" \/>\n\t<meta property=\"og:image:width\" content=\"1858\" \/>\n\t<meta property=\"og:image:height\" content=\"1476\" \/>\n\t<meta property=\"og:image:type\" content=\"image\/jpeg\" \/>\n<meta name=\"twitter:card\" content=\"summary_large_image\" \/>\n<meta name=\"twitter:label1\" content=\"Gesch\u00e4tzte Lesezeit\" \/>\n\t<meta name=\"twitter:data1\" content=\"1\u00a0Minute\" \/>\n<script type=\"application\/ld+json\" class=\"yoast-schema-graph\">{\"@context\":\"https:\\\/\\\/schema.org\",\"@graph\":[{\"@type\":\"WebPage\",\"@id\":\"https:\\\/\\\/eurotrail.info\\\/de\\\/producten\\\/zubehoer\\\/aufbewahrtaschen\\\/aufbewahrtasche-fuer-luftmatte\\\/\",\"url\":\"https:\\\/\\\/eurotrail.info\\\/de\\\/producten\\\/zubehoer\\\/aufbewahrtaschen\\\/aufbewahrtasche-fuer-luftmatte\\\/\",\"name\":\"Universelle Aufbewahrungs-\\\/Kabeltasche - Eurotrail\",\"isPartOf\":{\"@id\":\"https:\\\/\\\/eurotrail.info\\\/#website\"},\"primaryImageOfPage\":{\"@id\":\"https:\\\/\\\/eurotrail.info\\\/de\\\/producten\\\/zubehoer\\\/aufbewahrtaschen\\\/aufbewahrtasche-fuer-luftmatte\\\/#primaryimage\"},\"image\":{\"@id\":\"https:\\\/\\\/eurotrail.info\\\/de\\\/producten\\\/zubehoer\\\/aufbewahrtaschen\\\/aufbewahrtasche-fuer-luftmatte\\\/#primaryimage\"},\"thumbnailUrl\":\"https:\\\/\\\/eurotrail.info\\\/wp\\\/wp-content\\\/uploads\\\/2018\\\/01\\\/ETAC0257_0001_3.jpg\",\"datePublished\":\"2017-02-16T13:36:59+00:00\",\"dateModified\":\"2026-02-04T14:21:42+00:00\",\"description\":\"Robuste Aufbewahrungstasche f\u00fcr Camping und Wohnmobile Ideal f\u00fcr Stromkabel, Luftmatratzen oder Zubeh\u00f6r. Aus Polyester gefertigt und mit Tragegriffen ausgestattet.\",\"breadcrumb\":{\"@id\":\"https:\\\/\\\/eurotrail.info\\\/de\\\/producten\\\/zubehoer\\\/aufbewahrtaschen\\\/aufbewahrtasche-fuer-luftmatte\\\/#breadcrumb\"},\"inLanguage\":\"de\",\"potentialAction\":[{\"@type\":\"ReadAction\",\"target\":[\"https:\\\/\\\/eurotrail.info\\\/de\\\/producten\\\/zubehoer\\\/aufbewahrtaschen\\\/aufbewahrtasche-fuer-luftmatte\\\/\"]}]},{\"@type\":\"ImageObject\",\"inLanguage\":\"de\",\"@id\":\"https:\\\/\\\/eurotrail.info\\\/de\\\/producten\\\/zubehoer\\\/aufbewahrtaschen\\\/aufbewahrtasche-fuer-luftmatte\\\/#primaryimage\",\"url\":\"https:\\\/\\\/eurotrail.info\\\/wp\\\/wp-content\\\/uploads\\\/2018\\\/01\\\/ETAC0257_0001_3.jpg\",\"contentUrl\":\"https:\\\/\\\/eurotrail.info\\\/wp\\\/wp-content\\\/uploads\\\/2018\\\/01\\\/ETAC0257_0001_3.jpg\",\"width\":1858,\"height\":1476},{\"@type\":\"BreadcrumbList\",\"@id\":\"https:\\\/\\\/eurotrail.info\\\/de\\\/producten\\\/zubehoer\\\/aufbewahrtaschen\\\/aufbewahrtasche-fuer-luftmatte\\\/#breadcrumb\",\"itemListElement\":[{\"@type\":\"ListItem\",\"position\":1,\"name\":\"Home\",\"item\":\"https:\\\/\\\/eurotrail.info\\\/de\\\/\"},{\"@type\":\"ListItem\",\"position\":2,\"name\":\"Produkte\",\"item\":\"https:\\\/\\\/eurotrail.info\\\/de\\\/produkte\\\/\"},{\"@type\":\"ListItem\",\"position\":3,\"name\":\"Universelle Aufbewahrungs-\\\/Kabeltasche\"}]},{\"@type\":\"WebSite\",\"@id\":\"https:\\\/\\\/eurotrail.info\\\/#website\",\"url\":\"https:\\\/\\\/eurotrail.info\\\/\",\"name\":\"Eurotrail\",\"description\":\"\",\"publisher\":{\"@id\":\"https:\\\/\\\/eurotrail.info\\\/#organization\"},\"potentialAction\":[{\"@type\":\"SearchAction\",\"target\":{\"@type\":\"EntryPoint\",\"urlTemplate\":\"https:\\\/\\\/eurotrail.info\\\/?s={search_term_string}\"},\"query-input\":{\"@type\":\"PropertyValueSpecification\",\"valueRequired\":true,\"valueName\":\"search_term_string\"}}],\"inLanguage\":\"de\"},{\"@type\":\"Organization\",\"@id\":\"https:\\\/\\\/eurotrail.info\\\/#organization\",\"name\":\"Eurotrail\",\"url\":\"https:\\\/\\\/eurotrail.info\\\/\",\"logo\":{\"@type\":\"ImageObject\",\"inLanguage\":\"de\",\"@id\":\"https:\\\/\\\/eurotrail.info\\\/#\\\/schema\\\/logo\\\/image\\\/\",\"url\":\"https:\\\/\\\/eurotrail.info\\\/wp\\\/wp-content\\\/uploads\\\/2023\\\/07\\\/ET-logo-quote_NL-scaled.jpg\",\"contentUrl\":\"https:\\\/\\\/eurotrail.info\\\/wp\\\/wp-content\\\/uploads\\\/2023\\\/07\\\/ET-logo-quote_NL-scaled.jpg\",\"width\":2560,\"height\":675,\"caption\":\"Eurotrail\"},\"image\":{\"@id\":\"https:\\\/\\\/eurotrail.info\\\/#\\\/schema\\\/logo\\\/image\\\/\"}}]}<\/script>\n<!-- \/ Yoast SEO plugin. -->","yoast_head_json":{"title":"Universelle Aufbewahrungs-\/Kabeltasche - Eurotrail","description":"Robuste Aufbewahrungstasche f\u00fcr Camping und Wohnmobile Ideal f\u00fcr Stromkabel, Luftmatratzen oder Zubeh\u00f6r. Aus Polyester gefertigt und mit Tragegriffen ausgestattet.","robots":{"index":"index","follow":"follow","max-snippet":"max-snippet:-1","max-image-preview":"max-image-preview:large","max-video-preview":"max-video-preview:-1"},"canonical":"https:\/\/eurotrail.info\/de\/producten\/zubehoer\/aufbewahrtaschen\/aufbewahrtasche-fuer-luftmatte\/","og_locale":"de_DE","og_type":"article","og_title":"Universelle Aufbewahrungs-\/Kabeltasche - Eurotrail","og_description":"Robuste Aufbewahrungstasche f\u00fcr Camping und Wohnmobile Ideal f\u00fcr Stromkabel, Luftmatratzen oder Zubeh\u00f6r. Aus Polyester gefertigt und mit Tragegriffen ausgestattet.","og_url":"https:\/\/eurotrail.info\/de\/producten\/zubehoer\/aufbewahrtaschen\/aufbewahrtasche-fuer-luftmatte\/","og_site_name":"Eurotrail","article_modified_time":"2026-02-04T14:21:42+00:00","og_image":[{"width":1858,"height":1476,"url":"https:\/\/eurotrail.info\/wp\/wp-content\/uploads\/2018\/01\/ETAC0257_0001_3.jpg","type":"image\/jpeg"}],"twitter_card":"summary_large_image","twitter_misc":{"Gesch\u00e4tzte Lesezeit":"1\u00a0Minute"},"schema":{"@context":"https:\/\/schema.org","@graph":[{"@type":"WebPage","@id":"https:\/\/eurotrail.info\/de\/producten\/zubehoer\/aufbewahrtaschen\/aufbewahrtasche-fuer-luftmatte\/","url":"https:\/\/eurotrail.info\/de\/producten\/zubehoer\/aufbewahrtaschen\/aufbewahrtasche-fuer-luftmatte\/","name":"Universelle Aufbewahrungs-\/Kabeltasche - Eurotrail","isPartOf":{"@id":"https:\/\/eurotrail.info\/#website"},"primaryImageOfPage":{"@id":"https:\/\/eurotrail.info\/de\/producten\/zubehoer\/aufbewahrtaschen\/aufbewahrtasche-fuer-luftmatte\/#primaryimage"},"image":{"@id":"https:\/\/eurotrail.info\/de\/producten\/zubehoer\/aufbewahrtaschen\/aufbewahrtasche-fuer-luftmatte\/#primaryimage"},"thumbnailUrl":"https:\/\/eurotrail.info\/wp\/wp-content\/uploads\/2018\/01\/ETAC0257_0001_3.jpg","datePublished":"2017-02-16T13:36:59+00:00","dateModified":"2026-02-04T14:21:42+00:00","description":"Robuste Aufbewahrungstasche f\u00fcr Camping und Wohnmobile Ideal f\u00fcr Stromkabel, Luftmatratzen oder Zubeh\u00f6r. Aus Polyester gefertigt und mit Tragegriffen ausgestattet.","breadcrumb":{"@id":"https:\/\/eurotrail.info\/de\/producten\/zubehoer\/aufbewahrtaschen\/aufbewahrtasche-fuer-luftmatte\/#breadcrumb"},"inLanguage":"de","potentialAction":[{"@type":"ReadAction","target":["https:\/\/eurotrail.info\/de\/producten\/zubehoer\/aufbewahrtaschen\/aufbewahrtasche-fuer-luftmatte\/"]}]},{"@type":"ImageObject","inLanguage":"de","@id":"https:\/\/eurotrail.info\/de\/producten\/zubehoer\/aufbewahrtaschen\/aufbewahrtasche-fuer-luftmatte\/#primaryimage","url":"https:\/\/eurotrail.info\/wp\/wp-content\/uploads\/2018\/01\/ETAC0257_0001_3.jpg","contentUrl":"https:\/\/eurotrail.info\/wp\/wp-content\/uploads\/2018\/01\/ETAC0257_0001_3.jpg","width":1858,"height":1476},{"@type":"BreadcrumbList","@id":"https:\/\/eurotrail.info\/de\/producten\/zubehoer\/aufbewahrtaschen\/aufbewahrtasche-fuer-luftmatte\/#breadcrumb","itemListElement":[{"@type":"ListItem","position":1,"name":"Home","item":"https:\/\/eurotrail.info\/de\/"},{"@type":"ListItem","position":2,"name":"Produkte","item":"https:\/\/eurotrail.info\/de\/produkte\/"},{"@type":"ListItem","position":3,"name":"Universelle Aufbewahrungs-\/Kabeltasche"}]},{"@type":"WebSite","@id":"https:\/\/eurotrail.info\/#website","url":"https:\/\/eurotrail.info\/","name":"Eurotrail","description":"","publisher":{"@id":"https:\/\/eurotrail.info\/#organization"},"potentialAction":[{"@type":"SearchAction","target":{"@type":"EntryPoint","urlTemplate":"https:\/\/eurotrail.info\/?s={search_term_string}"},"query-input":{"@type":"PropertyValueSpecification","valueRequired":true,"valueName":"search_term_string"}}],"inLanguage":"de"},{"@type":"Organization","@id":"https:\/\/eurotrail.info\/#organization","name":"Eurotrail","url":"https:\/\/eurotrail.info\/","logo":{"@type":"ImageObject","inLanguage":"de","@id":"https:\/\/eurotrail.info\/#\/schema\/logo\/image\/","url":"https:\/\/eurotrail.info\/wp\/wp-content\/uploads\/2023\/07\/ET-logo-quote_NL-scaled.jpg","contentUrl":"https:\/\/eurotrail.info\/wp\/wp-content\/uploads\/2023\/07\/ET-logo-quote_NL-scaled.jpg","width":2560,"height":675,"caption":"Eurotrail"},"image":{"@id":"https:\/\/eurotrail.info\/#\/schema\/logo\/image\/"}}]}},"_links":{"self":[{"href":"https:\/\/eurotrail.info\/de\/wp-json\/wp\/v2\/product\/5850","targetHints":{"allow":["GET"]}}],"collection":[{"href":"https:\/\/eurotrail.info\/de\/wp-json\/wp\/v2\/product"}],"about":[{"href":"https:\/\/eurotrail.info\/de\/wp-json\/wp\/v2\/types\/product"}],"replies":[{"embeddable":true,"href":"https:\/\/eurotrail.info\/de\/wp-json\/wp\/v2\/comments?post=5850"}],"wp:featuredmedia":[{"embeddable":true,"href":"https:\/\/eurotrail.info\/de\/wp-json\/wp\/v2\/media\/22469"}],"wp:attachment":[{"href":"https:\/\/eurotrail.info\/de\/wp-json\/wp\/v2\/media?parent=5850"}],"wp:term":[{"taxonomy":"product_brand","embeddable":true,"href":"https:\/\/eurotrail.info\/de\/wp-json\/wp\/v2\/product_brand?post=5850"},{"taxonomy":"product_cat","embeddable":true,"href":"https:\/\/eurotrail.info\/de\/wp-json\/wp\/v2\/product_cat?post=5850"},{"taxonomy":"product_tag","embeddable":true,"href":"https:\/\/eurotrail.info\/de\/wp-json\/wp\/v2\/product_tag?post=5850"}],"curies":[{"name":"wp","href":"https:\/\/api.w.org\/{rel}","templated":true}]}}