{"id":5856,"date":"2017-02-16T14:43:48","date_gmt":"2017-02-16T13:43:48","guid":{"rendered":"http:\/\/eurotrail.info\/producten\/flamm-kocher-tasche\/"},"modified":"2017-02-16T14:43:48","modified_gmt":"2017-02-16T13:43:48","slug":"flamm-kocher-tasche","status":"publish","type":"product","link":"https:\/\/eurotrail.info\/de\/producten\/zubehoer\/aufbewahrtaschen\/flamm-kocher-tasche\/","title":{"rendered":"Flamm Kocher Tasche"},"content":{"rendered":"<p>Praktische Aufbewahrungstasche f\u00fcr Flammkocher.<\/p>\n<p>Tasche mit Rei\u00dfverschluss und Trageriemen. Praktische Transporttasche f\u00fcr 2 oder 3 Flamm-Kocher.<br \/>\nHergestellt aus einem robusten Polyester und f\u00fcr 2 oder 3 Flammkocher lieferbar.<\/p>\n<p>Ma\u00dfe:<br \/>\n2 Flamm Kocher: 50x33x12cm<br \/>\n3 Flamm Kocher: 60x33x12cm<\/p>\n<p>Lieferbare Farbe: Schwarz<br \/>\nMaterial: 100% Polyester<\/p>\n","protected":false},"excerpt":{"rendered":"<p>Praktische Aufbewahrungstasche f\u00fcr Flammkocher. Tasche mit Rei\u00dfverschluss und Trageriemen. Praktische Transporttasche f\u00fcr 2 oder 3 Flamm-Kocher. Hergestellt aus einem robusten Polyester und f\u00fcr 2 oder&hellip;<\/p>\n","protected":false},"featured_media":5854,"comment_status":"open","ping_status":"closed","template":"","meta":{"_acf_changed":false},"product_brand":[],"product_cat":[109],"product_tag":[],"class_list":{"0":"post-5856","1":"product","2":"type-product","3":"status-publish","4":"has-post-thumbnail","6":"product_cat-aufbewahrtaschen","8":"first","9":"instock","10":"shipping-taxable","11":"product-type-simple"},"acf":[],"yoast_head":"<!-- This site is optimized with the Yoast SEO plugin v27.3 - https:\/\/yoast.com\/product\/yoast-seo-wordpress\/ -->\n<title>Flamm Kocher Tasche - Eurotrail<\/title>\n<meta name=\"robots\" content=\"index, follow, max-snippet:-1, max-image-preview:large, max-video-preview:-1\" \/>\n<link rel=\"canonical\" href=\"https:\/\/eurotrail.info\/de\/producten\/zubehoer\/aufbewahrtaschen\/flamm-kocher-tasche\/\" \/>\n<meta property=\"og:locale\" content=\"de_DE\" \/>\n<meta property=\"og:type\" content=\"article\" \/>\n<meta property=\"og:title\" content=\"Flamm Kocher Tasche - Eurotrail\" \/>\n<meta property=\"og:description\" content=\"Praktische Aufbewahrungstasche f\u00fcr Flammkocher. Tasche mit Rei\u00dfverschluss und Trageriemen. Praktische Transporttasche f\u00fcr 2 oder 3 Flamm-Kocher. Hergestellt aus einem robusten Polyester und f\u00fcr 2 oder&hellip;\" \/>\n<meta property=\"og:url\" content=\"https:\/\/eurotrail.info\/de\/producten\/zubehoer\/aufbewahrtaschen\/flamm-kocher-tasche\/\" \/>\n<meta property=\"og:site_name\" content=\"Eurotrail\" \/>\n<meta property=\"og:image\" content=\"https:\/\/eurotrail.info\/wp\/wp-content\/uploads\/2017\/02\/ETAC0171-Gas-cooker-bag.jpg\" \/>\n\t<meta property=\"og:image:width\" content=\"768\" \/>\n\t<meta property=\"og:image:height\" content=\"533\" \/>\n\t<meta property=\"og:image:type\" content=\"image\/jpeg\" \/>\n<meta name=\"twitter:card\" content=\"summary_large_image\" \/>\n<script type=\"application\/ld+json\" class=\"yoast-schema-graph\">{\"@context\":\"https:\\\/\\\/schema.org\",\"@graph\":[{\"@type\":\"WebPage\",\"@id\":\"https:\\\/\\\/eurotrail.info\\\/de\\\/producten\\\/zubehoer\\\/aufbewahrtaschen\\\/flamm-kocher-tasche\\\/\",\"url\":\"https:\\\/\\\/eurotrail.info\\\/de\\\/producten\\\/zubehoer\\\/aufbewahrtaschen\\\/flamm-kocher-tasche\\\/\",\"name\":\"Flamm Kocher Tasche - Eurotrail\",\"isPartOf\":{\"@id\":\"https:\\\/\\\/eurotrail.info\\\/#website\"},\"primaryImageOfPage\":{\"@id\":\"https:\\\/\\\/eurotrail.info\\\/de\\\/producten\\\/zubehoer\\\/aufbewahrtaschen\\\/flamm-kocher-tasche\\\/#primaryimage\"},\"image\":{\"@id\":\"https:\\\/\\\/eurotrail.info\\\/de\\\/producten\\\/zubehoer\\\/aufbewahrtaschen\\\/flamm-kocher-tasche\\\/#primaryimage\"},\"thumbnailUrl\":\"https:\\\/\\\/eurotrail.info\\\/wp\\\/wp-content\\\/uploads\\\/2017\\\/02\\\/ETAC0171-Gas-cooker-bag.jpg\",\"datePublished\":\"2017-02-16T13:43:48+00:00\",\"breadcrumb\":{\"@id\":\"https:\\\/\\\/eurotrail.info\\\/de\\\/producten\\\/zubehoer\\\/aufbewahrtaschen\\\/flamm-kocher-tasche\\\/#breadcrumb\"},\"inLanguage\":\"de\",\"potentialAction\":[{\"@type\":\"ReadAction\",\"target\":[\"https:\\\/\\\/eurotrail.info\\\/de\\\/producten\\\/zubehoer\\\/aufbewahrtaschen\\\/flamm-kocher-tasche\\\/\"]}]},{\"@type\":\"ImageObject\",\"inLanguage\":\"de\",\"@id\":\"https:\\\/\\\/eurotrail.info\\\/de\\\/producten\\\/zubehoer\\\/aufbewahrtaschen\\\/flamm-kocher-tasche\\\/#primaryimage\",\"url\":\"https:\\\/\\\/eurotrail.info\\\/wp\\\/wp-content\\\/uploads\\\/2017\\\/02\\\/ETAC0171-Gas-cooker-bag.jpg\",\"contentUrl\":\"https:\\\/\\\/eurotrail.info\\\/wp\\\/wp-content\\\/uploads\\\/2017\\\/02\\\/ETAC0171-Gas-cooker-bag.jpg\",\"width\":768,\"height\":533,\"caption\":\"Praktische Aufbewahrungstasche f\u00fcr Flammkocher.\"},{\"@type\":\"BreadcrumbList\",\"@id\":\"https:\\\/\\\/eurotrail.info\\\/de\\\/producten\\\/zubehoer\\\/aufbewahrtaschen\\\/flamm-kocher-tasche\\\/#breadcrumb\",\"itemListElement\":[{\"@type\":\"ListItem\",\"position\":1,\"name\":\"Home\",\"item\":\"https:\\\/\\\/eurotrail.info\\\/de\\\/\"},{\"@type\":\"ListItem\",\"position\":2,\"name\":\"Produkte\",\"item\":\"https:\\\/\\\/eurotrail.info\\\/de\\\/produkte\\\/\"},{\"@type\":\"ListItem\",\"position\":3,\"name\":\"Flamm Kocher Tasche\"}]},{\"@type\":\"WebSite\",\"@id\":\"https:\\\/\\\/eurotrail.info\\\/#website\",\"url\":\"https:\\\/\\\/eurotrail.info\\\/\",\"name\":\"Eurotrail\",\"description\":\"\",\"publisher\":{\"@id\":\"https:\\\/\\\/eurotrail.info\\\/#organization\"},\"potentialAction\":[{\"@type\":\"SearchAction\",\"target\":{\"@type\":\"EntryPoint\",\"urlTemplate\":\"https:\\\/\\\/eurotrail.info\\\/?s={search_term_string}\"},\"query-input\":{\"@type\":\"PropertyValueSpecification\",\"valueRequired\":true,\"valueName\":\"search_term_string\"}}],\"inLanguage\":\"de\"},{\"@type\":\"Organization\",\"@id\":\"https:\\\/\\\/eurotrail.info\\\/#organization\",\"name\":\"Eurotrail\",\"url\":\"https:\\\/\\\/eurotrail.info\\\/\",\"logo\":{\"@type\":\"ImageObject\",\"inLanguage\":\"de\",\"@id\":\"https:\\\/\\\/eurotrail.info\\\/#\\\/schema\\\/logo\\\/image\\\/\",\"url\":\"https:\\\/\\\/eurotrail.info\\\/wp\\\/wp-content\\\/uploads\\\/2023\\\/07\\\/ET-logo-quote_NL-scaled.jpg\",\"contentUrl\":\"https:\\\/\\\/eurotrail.info\\\/wp\\\/wp-content\\\/uploads\\\/2023\\\/07\\\/ET-logo-quote_NL-scaled.jpg\",\"width\":2560,\"height\":675,\"caption\":\"Eurotrail\"},\"image\":{\"@id\":\"https:\\\/\\\/eurotrail.info\\\/#\\\/schema\\\/logo\\\/image\\\/\"}}]}<\/script>\n<!-- \/ Yoast SEO plugin. -->","yoast_head_json":{"title":"Flamm Kocher Tasche - Eurotrail","robots":{"index":"index","follow":"follow","max-snippet":"max-snippet:-1","max-image-preview":"max-image-preview:large","max-video-preview":"max-video-preview:-1"},"canonical":"https:\/\/eurotrail.info\/de\/producten\/zubehoer\/aufbewahrtaschen\/flamm-kocher-tasche\/","og_locale":"de_DE","og_type":"article","og_title":"Flamm Kocher Tasche - Eurotrail","og_description":"Praktische Aufbewahrungstasche f\u00fcr Flammkocher. Tasche mit Rei\u00dfverschluss und Trageriemen. Praktische Transporttasche f\u00fcr 2 oder 3 Flamm-Kocher. Hergestellt aus einem robusten Polyester und f\u00fcr 2 oder&hellip;","og_url":"https:\/\/eurotrail.info\/de\/producten\/zubehoer\/aufbewahrtaschen\/flamm-kocher-tasche\/","og_site_name":"Eurotrail","og_image":[{"width":768,"height":533,"url":"https:\/\/eurotrail.info\/wp\/wp-content\/uploads\/2017\/02\/ETAC0171-Gas-cooker-bag.jpg","type":"image\/jpeg"}],"twitter_card":"summary_large_image","schema":{"@context":"https:\/\/schema.org","@graph":[{"@type":"WebPage","@id":"https:\/\/eurotrail.info\/de\/producten\/zubehoer\/aufbewahrtaschen\/flamm-kocher-tasche\/","url":"https:\/\/eurotrail.info\/de\/producten\/zubehoer\/aufbewahrtaschen\/flamm-kocher-tasche\/","name":"Flamm Kocher Tasche - Eurotrail","isPartOf":{"@id":"https:\/\/eurotrail.info\/#website"},"primaryImageOfPage":{"@id":"https:\/\/eurotrail.info\/de\/producten\/zubehoer\/aufbewahrtaschen\/flamm-kocher-tasche\/#primaryimage"},"image":{"@id":"https:\/\/eurotrail.info\/de\/producten\/zubehoer\/aufbewahrtaschen\/flamm-kocher-tasche\/#primaryimage"},"thumbnailUrl":"https:\/\/eurotrail.info\/wp\/wp-content\/uploads\/2017\/02\/ETAC0171-Gas-cooker-bag.jpg","datePublished":"2017-02-16T13:43:48+00:00","breadcrumb":{"@id":"https:\/\/eurotrail.info\/de\/producten\/zubehoer\/aufbewahrtaschen\/flamm-kocher-tasche\/#breadcrumb"},"inLanguage":"de","potentialAction":[{"@type":"ReadAction","target":["https:\/\/eurotrail.info\/de\/producten\/zubehoer\/aufbewahrtaschen\/flamm-kocher-tasche\/"]}]},{"@type":"ImageObject","inLanguage":"de","@id":"https:\/\/eurotrail.info\/de\/producten\/zubehoer\/aufbewahrtaschen\/flamm-kocher-tasche\/#primaryimage","url":"https:\/\/eurotrail.info\/wp\/wp-content\/uploads\/2017\/02\/ETAC0171-Gas-cooker-bag.jpg","contentUrl":"https:\/\/eurotrail.info\/wp\/wp-content\/uploads\/2017\/02\/ETAC0171-Gas-cooker-bag.jpg","width":768,"height":533,"caption":"Praktische Aufbewahrungstasche f\u00fcr Flammkocher."},{"@type":"BreadcrumbList","@id":"https:\/\/eurotrail.info\/de\/producten\/zubehoer\/aufbewahrtaschen\/flamm-kocher-tasche\/#breadcrumb","itemListElement":[{"@type":"ListItem","position":1,"name":"Home","item":"https:\/\/eurotrail.info\/de\/"},{"@type":"ListItem","position":2,"name":"Produkte","item":"https:\/\/eurotrail.info\/de\/produkte\/"},{"@type":"ListItem","position":3,"name":"Flamm Kocher Tasche"}]},{"@type":"WebSite","@id":"https:\/\/eurotrail.info\/#website","url":"https:\/\/eurotrail.info\/","name":"Eurotrail","description":"","publisher":{"@id":"https:\/\/eurotrail.info\/#organization"},"potentialAction":[{"@type":"SearchAction","target":{"@type":"EntryPoint","urlTemplate":"https:\/\/eurotrail.info\/?s={search_term_string}"},"query-input":{"@type":"PropertyValueSpecification","valueRequired":true,"valueName":"search_term_string"}}],"inLanguage":"de"},{"@type":"Organization","@id":"https:\/\/eurotrail.info\/#organization","name":"Eurotrail","url":"https:\/\/eurotrail.info\/","logo":{"@type":"ImageObject","inLanguage":"de","@id":"https:\/\/eurotrail.info\/#\/schema\/logo\/image\/","url":"https:\/\/eurotrail.info\/wp\/wp-content\/uploads\/2023\/07\/ET-logo-quote_NL-scaled.jpg","contentUrl":"https:\/\/eurotrail.info\/wp\/wp-content\/uploads\/2023\/07\/ET-logo-quote_NL-scaled.jpg","width":2560,"height":675,"caption":"Eurotrail"},"image":{"@id":"https:\/\/eurotrail.info\/#\/schema\/logo\/image\/"}}]}},"_links":{"self":[{"href":"https:\/\/eurotrail.info\/de\/wp-json\/wp\/v2\/product\/5856","targetHints":{"allow":["GET"]}}],"collection":[{"href":"https:\/\/eurotrail.info\/de\/wp-json\/wp\/v2\/product"}],"about":[{"href":"https:\/\/eurotrail.info\/de\/wp-json\/wp\/v2\/types\/product"}],"replies":[{"embeddable":true,"href":"https:\/\/eurotrail.info\/de\/wp-json\/wp\/v2\/comments?post=5856"}],"wp:featuredmedia":[{"embeddable":true,"href":"https:\/\/eurotrail.info\/de\/wp-json\/wp\/v2\/media\/5854"}],"wp:attachment":[{"href":"https:\/\/eurotrail.info\/de\/wp-json\/wp\/v2\/media?parent=5856"}],"wp:term":[{"taxonomy":"product_brand","embeddable":true,"href":"https:\/\/eurotrail.info\/de\/wp-json\/wp\/v2\/product_brand?post=5856"},{"taxonomy":"product_cat","embeddable":true,"href":"https:\/\/eurotrail.info\/de\/wp-json\/wp\/v2\/product_cat?post=5856"},{"taxonomy":"product_tag","embeddable":true,"href":"https:\/\/eurotrail.info\/de\/wp-json\/wp\/v2\/product_tag?post=5856"}],"curies":[{"name":"wp","href":"https:\/\/api.w.org\/{rel}","templated":true}]}}