{"id":6024,"date":"2017-03-01T12:53:53","date_gmt":"2017-03-01T11:53:53","guid":{"rendered":"http:\/\/eurotrail.info\/producten\/doppelhubpumpe\/"},"modified":"2020-11-19T16:29:10","modified_gmt":"2020-11-19T15:29:10","slug":"doppelhubpumpe","status":"publish","type":"product","link":"https:\/\/eurotrail.info\/de\/producten\/schlafmatten\/luftpumpe\/doppelhubpumpe\/","title":{"rendered":"Doppelhubpumpe"},"content":{"rendered":"<p>F\u00fcr alle, die in den Armen st\u00e4rker sind als in den Beinen, ist diese Doppelhubpumpe beispielsweise die perfekte Hilfe beim Aufpumpen einer Luftmatratze. Luft wird sowohl nach oben als auch nach unten gepumpt. Es kann nat\u00fcrlich auch zum Absaugen der Luft verwendet werden. Enth\u00e4lt 4 Mundst\u00fccke.<\/p>\n<p>Kapazit\u00e4t: 2 ltr.<br \/>\nGr\u00f6\u00dfe: 47 x 18 cm<\/p>\n","protected":false},"excerpt":{"rendered":"<p>F\u00fcr alle, die in den Armen st\u00e4rker sind als in den Beinen, ist diese Doppelhubpumpe beispielsweise die perfekte Hilfe beim Aufpumpen einer Luftmatratze. Luft wird&hellip;<\/p>\n","protected":false},"featured_media":6016,"comment_status":"open","ping_status":"closed","template":"","meta":{"_acf_changed":false},"product_brand":[],"product_cat":[162],"product_tag":[],"class_list":{"0":"post-6024","1":"product","2":"type-product","3":"status-publish","4":"has-post-thumbnail","6":"product_cat-luftpumpe","8":"first","9":"instock","10":"shipping-taxable","11":"product-type-simple"},"acf":[],"yoast_head":"<!-- This site is optimized with the Yoast SEO plugin v27.3 - https:\/\/yoast.com\/product\/yoast-seo-wordpress\/ -->\n<title>Doppelhubpumpe - Eurotrail<\/title>\n<meta name=\"robots\" content=\"index, follow, max-snippet:-1, max-image-preview:large, max-video-preview:-1\" \/>\n<link rel=\"canonical\" href=\"https:\/\/eurotrail.info\/de\/producten\/schlafmatten\/luftpumpe\/doppelhubpumpe\/\" \/>\n<meta property=\"og:locale\" content=\"de_DE\" \/>\n<meta property=\"og:type\" content=\"article\" \/>\n<meta property=\"og:title\" content=\"Doppelhubpumpe - Eurotrail\" \/>\n<meta property=\"og:description\" content=\"F\u00fcr alle, die in den Armen st\u00e4rker sind als in den Beinen, ist diese Doppelhubpumpe beispielsweise die perfekte Hilfe beim Aufpumpen einer Luftmatratze. Luft wird&hellip;\" \/>\n<meta property=\"og:url\" content=\"https:\/\/eurotrail.info\/de\/producten\/schlafmatten\/luftpumpe\/doppelhubpumpe\/\" \/>\n<meta property=\"og:site_name\" content=\"Eurotrail\" \/>\n<meta property=\"article:modified_time\" content=\"2020-11-19T15:29:10+00:00\" \/>\n<meta property=\"og:image\" content=\"https:\/\/eurotrail.info\/wp\/wp-content\/uploads\/2017\/03\/image-2017-03-01-4.jpg\" \/>\n\t<meta property=\"og:image:width\" content=\"629\" \/>\n\t<meta property=\"og:image:height\" content=\"1024\" \/>\n\t<meta property=\"og:image:type\" content=\"image\/jpeg\" \/>\n<meta name=\"twitter:card\" content=\"summary_large_image\" \/>\n<script type=\"application\/ld+json\" class=\"yoast-schema-graph\">{\"@context\":\"https:\\\/\\\/schema.org\",\"@graph\":[{\"@type\":\"WebPage\",\"@id\":\"https:\\\/\\\/eurotrail.info\\\/de\\\/producten\\\/schlafmatten\\\/luftpumpe\\\/doppelhubpumpe\\\/\",\"url\":\"https:\\\/\\\/eurotrail.info\\\/de\\\/producten\\\/schlafmatten\\\/luftpumpe\\\/doppelhubpumpe\\\/\",\"name\":\"Doppelhubpumpe - Eurotrail\",\"isPartOf\":{\"@id\":\"https:\\\/\\\/eurotrail.info\\\/#website\"},\"primaryImageOfPage\":{\"@id\":\"https:\\\/\\\/eurotrail.info\\\/de\\\/producten\\\/schlafmatten\\\/luftpumpe\\\/doppelhubpumpe\\\/#primaryimage\"},\"image\":{\"@id\":\"https:\\\/\\\/eurotrail.info\\\/de\\\/producten\\\/schlafmatten\\\/luftpumpe\\\/doppelhubpumpe\\\/#primaryimage\"},\"thumbnailUrl\":\"https:\\\/\\\/eurotrail.info\\\/wp\\\/wp-content\\\/uploads\\\/2017\\\/03\\\/image-2017-03-01-4.jpg\",\"datePublished\":\"2017-03-01T11:53:53+00:00\",\"dateModified\":\"2020-11-19T15:29:10+00:00\",\"breadcrumb\":{\"@id\":\"https:\\\/\\\/eurotrail.info\\\/de\\\/producten\\\/schlafmatten\\\/luftpumpe\\\/doppelhubpumpe\\\/#breadcrumb\"},\"inLanguage\":\"de\",\"potentialAction\":[{\"@type\":\"ReadAction\",\"target\":[\"https:\\\/\\\/eurotrail.info\\\/de\\\/producten\\\/schlafmatten\\\/luftpumpe\\\/doppelhubpumpe\\\/\"]}]},{\"@type\":\"ImageObject\",\"inLanguage\":\"de\",\"@id\":\"https:\\\/\\\/eurotrail.info\\\/de\\\/producten\\\/schlafmatten\\\/luftpumpe\\\/doppelhubpumpe\\\/#primaryimage\",\"url\":\"https:\\\/\\\/eurotrail.info\\\/wp\\\/wp-content\\\/uploads\\\/2017\\\/03\\\/image-2017-03-01-4.jpg\",\"contentUrl\":\"https:\\\/\\\/eurotrail.info\\\/wp\\\/wp-content\\\/uploads\\\/2017\\\/03\\\/image-2017-03-01-4.jpg\",\"width\":629,\"height\":1024,\"caption\":\"Starke Pumpe, f\u00fcr einfach und schnell aufblasen verschiedene Aufblasartikel.\"},{\"@type\":\"BreadcrumbList\",\"@id\":\"https:\\\/\\\/eurotrail.info\\\/de\\\/producten\\\/schlafmatten\\\/luftpumpe\\\/doppelhubpumpe\\\/#breadcrumb\",\"itemListElement\":[{\"@type\":\"ListItem\",\"position\":1,\"name\":\"Home\",\"item\":\"https:\\\/\\\/eurotrail.info\\\/de\\\/\"},{\"@type\":\"ListItem\",\"position\":2,\"name\":\"Produkte\",\"item\":\"https:\\\/\\\/eurotrail.info\\\/de\\\/produkte\\\/\"},{\"@type\":\"ListItem\",\"position\":3,\"name\":\"Doppelhubpumpe\"}]},{\"@type\":\"WebSite\",\"@id\":\"https:\\\/\\\/eurotrail.info\\\/#website\",\"url\":\"https:\\\/\\\/eurotrail.info\\\/\",\"name\":\"Eurotrail\",\"description\":\"\",\"publisher\":{\"@id\":\"https:\\\/\\\/eurotrail.info\\\/#organization\"},\"potentialAction\":[{\"@type\":\"SearchAction\",\"target\":{\"@type\":\"EntryPoint\",\"urlTemplate\":\"https:\\\/\\\/eurotrail.info\\\/?s={search_term_string}\"},\"query-input\":{\"@type\":\"PropertyValueSpecification\",\"valueRequired\":true,\"valueName\":\"search_term_string\"}}],\"inLanguage\":\"de\"},{\"@type\":\"Organization\",\"@id\":\"https:\\\/\\\/eurotrail.info\\\/#organization\",\"name\":\"Eurotrail\",\"url\":\"https:\\\/\\\/eurotrail.info\\\/\",\"logo\":{\"@type\":\"ImageObject\",\"inLanguage\":\"de\",\"@id\":\"https:\\\/\\\/eurotrail.info\\\/#\\\/schema\\\/logo\\\/image\\\/\",\"url\":\"https:\\\/\\\/eurotrail.info\\\/wp\\\/wp-content\\\/uploads\\\/2023\\\/07\\\/ET-logo-quote_NL-scaled.jpg\",\"contentUrl\":\"https:\\\/\\\/eurotrail.info\\\/wp\\\/wp-content\\\/uploads\\\/2023\\\/07\\\/ET-logo-quote_NL-scaled.jpg\",\"width\":2560,\"height\":675,\"caption\":\"Eurotrail\"},\"image\":{\"@id\":\"https:\\\/\\\/eurotrail.info\\\/#\\\/schema\\\/logo\\\/image\\\/\"}}]}<\/script>\n<!-- \/ Yoast SEO plugin. -->","yoast_head_json":{"title":"Doppelhubpumpe - Eurotrail","robots":{"index":"index","follow":"follow","max-snippet":"max-snippet:-1","max-image-preview":"max-image-preview:large","max-video-preview":"max-video-preview:-1"},"canonical":"https:\/\/eurotrail.info\/de\/producten\/schlafmatten\/luftpumpe\/doppelhubpumpe\/","og_locale":"de_DE","og_type":"article","og_title":"Doppelhubpumpe - Eurotrail","og_description":"F\u00fcr alle, die in den Armen st\u00e4rker sind als in den Beinen, ist diese Doppelhubpumpe beispielsweise die perfekte Hilfe beim Aufpumpen einer Luftmatratze. Luft wird&hellip;","og_url":"https:\/\/eurotrail.info\/de\/producten\/schlafmatten\/luftpumpe\/doppelhubpumpe\/","og_site_name":"Eurotrail","article_modified_time":"2020-11-19T15:29:10+00:00","og_image":[{"width":629,"height":1024,"url":"https:\/\/eurotrail.info\/wp\/wp-content\/uploads\/2017\/03\/image-2017-03-01-4.jpg","type":"image\/jpeg"}],"twitter_card":"summary_large_image","schema":{"@context":"https:\/\/schema.org","@graph":[{"@type":"WebPage","@id":"https:\/\/eurotrail.info\/de\/producten\/schlafmatten\/luftpumpe\/doppelhubpumpe\/","url":"https:\/\/eurotrail.info\/de\/producten\/schlafmatten\/luftpumpe\/doppelhubpumpe\/","name":"Doppelhubpumpe - Eurotrail","isPartOf":{"@id":"https:\/\/eurotrail.info\/#website"},"primaryImageOfPage":{"@id":"https:\/\/eurotrail.info\/de\/producten\/schlafmatten\/luftpumpe\/doppelhubpumpe\/#primaryimage"},"image":{"@id":"https:\/\/eurotrail.info\/de\/producten\/schlafmatten\/luftpumpe\/doppelhubpumpe\/#primaryimage"},"thumbnailUrl":"https:\/\/eurotrail.info\/wp\/wp-content\/uploads\/2017\/03\/image-2017-03-01-4.jpg","datePublished":"2017-03-01T11:53:53+00:00","dateModified":"2020-11-19T15:29:10+00:00","breadcrumb":{"@id":"https:\/\/eurotrail.info\/de\/producten\/schlafmatten\/luftpumpe\/doppelhubpumpe\/#breadcrumb"},"inLanguage":"de","potentialAction":[{"@type":"ReadAction","target":["https:\/\/eurotrail.info\/de\/producten\/schlafmatten\/luftpumpe\/doppelhubpumpe\/"]}]},{"@type":"ImageObject","inLanguage":"de","@id":"https:\/\/eurotrail.info\/de\/producten\/schlafmatten\/luftpumpe\/doppelhubpumpe\/#primaryimage","url":"https:\/\/eurotrail.info\/wp\/wp-content\/uploads\/2017\/03\/image-2017-03-01-4.jpg","contentUrl":"https:\/\/eurotrail.info\/wp\/wp-content\/uploads\/2017\/03\/image-2017-03-01-4.jpg","width":629,"height":1024,"caption":"Starke Pumpe, f\u00fcr einfach und schnell aufblasen verschiedene Aufblasartikel."},{"@type":"BreadcrumbList","@id":"https:\/\/eurotrail.info\/de\/producten\/schlafmatten\/luftpumpe\/doppelhubpumpe\/#breadcrumb","itemListElement":[{"@type":"ListItem","position":1,"name":"Home","item":"https:\/\/eurotrail.info\/de\/"},{"@type":"ListItem","position":2,"name":"Produkte","item":"https:\/\/eurotrail.info\/de\/produkte\/"},{"@type":"ListItem","position":3,"name":"Doppelhubpumpe"}]},{"@type":"WebSite","@id":"https:\/\/eurotrail.info\/#website","url":"https:\/\/eurotrail.info\/","name":"Eurotrail","description":"","publisher":{"@id":"https:\/\/eurotrail.info\/#organization"},"potentialAction":[{"@type":"SearchAction","target":{"@type":"EntryPoint","urlTemplate":"https:\/\/eurotrail.info\/?s={search_term_string}"},"query-input":{"@type":"PropertyValueSpecification","valueRequired":true,"valueName":"search_term_string"}}],"inLanguage":"de"},{"@type":"Organization","@id":"https:\/\/eurotrail.info\/#organization","name":"Eurotrail","url":"https:\/\/eurotrail.info\/","logo":{"@type":"ImageObject","inLanguage":"de","@id":"https:\/\/eurotrail.info\/#\/schema\/logo\/image\/","url":"https:\/\/eurotrail.info\/wp\/wp-content\/uploads\/2023\/07\/ET-logo-quote_NL-scaled.jpg","contentUrl":"https:\/\/eurotrail.info\/wp\/wp-content\/uploads\/2023\/07\/ET-logo-quote_NL-scaled.jpg","width":2560,"height":675,"caption":"Eurotrail"},"image":{"@id":"https:\/\/eurotrail.info\/#\/schema\/logo\/image\/"}}]}},"_links":{"self":[{"href":"https:\/\/eurotrail.info\/de\/wp-json\/wp\/v2\/product\/6024","targetHints":{"allow":["GET"]}}],"collection":[{"href":"https:\/\/eurotrail.info\/de\/wp-json\/wp\/v2\/product"}],"about":[{"href":"https:\/\/eurotrail.info\/de\/wp-json\/wp\/v2\/types\/product"}],"replies":[{"embeddable":true,"href":"https:\/\/eurotrail.info\/de\/wp-json\/wp\/v2\/comments?post=6024"}],"wp:featuredmedia":[{"embeddable":true,"href":"https:\/\/eurotrail.info\/de\/wp-json\/wp\/v2\/media\/6016"}],"wp:attachment":[{"href":"https:\/\/eurotrail.info\/de\/wp-json\/wp\/v2\/media?parent=6024"}],"wp:term":[{"taxonomy":"product_brand","embeddable":true,"href":"https:\/\/eurotrail.info\/de\/wp-json\/wp\/v2\/product_brand?post=6024"},{"taxonomy":"product_cat","embeddable":true,"href":"https:\/\/eurotrail.info\/de\/wp-json\/wp\/v2\/product_cat?post=6024"},{"taxonomy":"product_tag","embeddable":true,"href":"https:\/\/eurotrail.info\/de\/wp-json\/wp\/v2\/product_tag?post=6024"}],"curies":[{"name":"wp","href":"https:\/\/api.w.org\/{rel}","templated":true}]}}