{"id":6065,"date":"2017-03-07T15:57:58","date_gmt":"2017-03-07T14:57:58","guid":{"rendered":"http:\/\/eurotrail.info\/producten\/sonnendachstabe-set\/"},"modified":"2019-01-23T16:03:27","modified_gmt":"2019-01-23T15:03:27","slug":"sonnendachstabe-set","status":"publish","type":"product","link":"https:\/\/eurotrail.info\/de\/producten\/zelte\/ersatzteile-zeltbogengestange\/sonnendachstabe-set\/","title":{"rendered":"Sonnendachstabe Set f\u00fcr Zelte"},"content":{"rendered":"<p>Stabile Aluminium-Markisenstangen, ideal f\u00fcr die Verwendung der Zeltt\u00fcr als Sonnensegel. Das Set besteht aus 2 Stangen, Abspannleinen und Heringen.<br \/>\nLieferbar in 2 Gr\u00f6\u00dfen: 150 oder 200cm<\/p>\n<p>150 cm lang: 2 St\u00f6cke von 150 cm. (3 Teile von 50 cm) \u00d8 20 mm<br \/>\n200 cm lang: 2 St\u00f6cke von 200 cm. (4 Teile von 50 cm) \u00d8 20 mm<\/p>\n","protected":false},"excerpt":{"rendered":"<p>Stabile Aluminium-Markisenstangen, ideal f\u00fcr die Verwendung der Zeltt\u00fcr als Sonnensegel. Das Set besteht aus 2 Stangen, Abspannleinen und Heringen. Lieferbar in 2 Gr\u00f6\u00dfen: 150 oder&hellip;<\/p>\n","protected":false},"featured_media":6037,"comment_status":"open","ping_status":"closed","template":"","meta":{"_acf_changed":false},"product_brand":[],"product_cat":[164,98],"product_tag":[],"class_list":{"0":"post-6065","1":"product","2":"type-product","3":"status-publish","4":"has-post-thumbnail","6":"product_cat-ersatzteile-zeltbogengestange","7":"product_cat-zelte","9":"first","10":"instock","11":"shipping-taxable","12":"product-type-simple"},"acf":[],"yoast_head":"<!-- This site is optimized with the Yoast SEO plugin v27.4 - https:\/\/yoast.com\/product\/yoast-seo-wordpress\/ -->\n<title>Sonnendachstabe Set f\u00fcr Zelte - Eurotrail<\/title>\n<meta name=\"robots\" content=\"index, follow, max-snippet:-1, max-image-preview:large, max-video-preview:-1\" \/>\n<link rel=\"canonical\" href=\"https:\/\/eurotrail.info\/de\/producten\/zelte\/ersatzteile-zeltbogengestange\/sonnendachstabe-set\/\" \/>\n<meta property=\"og:locale\" content=\"de_DE\" \/>\n<meta property=\"og:type\" content=\"article\" \/>\n<meta property=\"og:title\" content=\"Sonnendachstabe Set f\u00fcr Zelte - Eurotrail\" \/>\n<meta property=\"og:description\" content=\"Stabile Aluminium-Markisenstangen, ideal f\u00fcr die Verwendung der Zeltt\u00fcr als Sonnensegel. Das Set besteht aus 2 Stangen, Abspannleinen und Heringen. Lieferbar in 2 Gr\u00f6\u00dfen: 150 oder&hellip;\" \/>\n<meta property=\"og:url\" content=\"https:\/\/eurotrail.info\/de\/producten\/zelte\/ersatzteile-zeltbogengestange\/sonnendachstabe-set\/\" \/>\n<meta property=\"og:site_name\" content=\"Eurotrail\" \/>\n<meta property=\"article:modified_time\" content=\"2019-01-23T15:03:27+00:00\" \/>\n<meta property=\"og:image\" content=\"https:\/\/eurotrail.info\/wp\/wp-content\/uploads\/2017\/03\/ETSP0535-Canopy-poles.jpg\" \/>\n\t<meta property=\"og:image:width\" content=\"1505\" \/>\n\t<meta property=\"og:image:height\" content=\"993\" \/>\n\t<meta property=\"og:image:type\" content=\"image\/jpeg\" \/>\n<meta name=\"twitter:card\" content=\"summary_large_image\" \/>\n<script type=\"application\/ld+json\" class=\"yoast-schema-graph\">{\"@context\":\"https:\\\/\\\/schema.org\",\"@graph\":[{\"@type\":\"WebPage\",\"@id\":\"https:\\\/\\\/eurotrail.info\\\/de\\\/producten\\\/zelte\\\/ersatzteile-zeltbogengestange\\\/sonnendachstabe-set\\\/\",\"url\":\"https:\\\/\\\/eurotrail.info\\\/de\\\/producten\\\/zelte\\\/ersatzteile-zeltbogengestange\\\/sonnendachstabe-set\\\/\",\"name\":\"Sonnendachstabe Set f\u00fcr Zelte - Eurotrail\",\"isPartOf\":{\"@id\":\"https:\\\/\\\/eurotrail.info\\\/#website\"},\"primaryImageOfPage\":{\"@id\":\"https:\\\/\\\/eurotrail.info\\\/de\\\/producten\\\/zelte\\\/ersatzteile-zeltbogengestange\\\/sonnendachstabe-set\\\/#primaryimage\"},\"image\":{\"@id\":\"https:\\\/\\\/eurotrail.info\\\/de\\\/producten\\\/zelte\\\/ersatzteile-zeltbogengestange\\\/sonnendachstabe-set\\\/#primaryimage\"},\"thumbnailUrl\":\"https:\\\/\\\/eurotrail.info\\\/wp\\\/wp-content\\\/uploads\\\/2017\\\/03\\\/ETSP0535-Canopy-poles.jpg\",\"datePublished\":\"2017-03-07T14:57:58+00:00\",\"dateModified\":\"2019-01-23T15:03:27+00:00\",\"breadcrumb\":{\"@id\":\"https:\\\/\\\/eurotrail.info\\\/de\\\/producten\\\/zelte\\\/ersatzteile-zeltbogengestange\\\/sonnendachstabe-set\\\/#breadcrumb\"},\"inLanguage\":\"de\",\"potentialAction\":[{\"@type\":\"ReadAction\",\"target\":[\"https:\\\/\\\/eurotrail.info\\\/de\\\/producten\\\/zelte\\\/ersatzteile-zeltbogengestange\\\/sonnendachstabe-set\\\/\"]}]},{\"@type\":\"ImageObject\",\"inLanguage\":\"de\",\"@id\":\"https:\\\/\\\/eurotrail.info\\\/de\\\/producten\\\/zelte\\\/ersatzteile-zeltbogengestange\\\/sonnendachstabe-set\\\/#primaryimage\",\"url\":\"https:\\\/\\\/eurotrail.info\\\/wp\\\/wp-content\\\/uploads\\\/2017\\\/03\\\/ETSP0535-Canopy-poles.jpg\",\"contentUrl\":\"https:\\\/\\\/eurotrail.info\\\/wp\\\/wp-content\\\/uploads\\\/2017\\\/03\\\/ETSP0535-Canopy-poles.jpg\",\"width\":1505,\"height\":993,\"caption\":\"Sonnendachstabe damit man die T\u00fcr des Zelt wie eine Markise zu verwenden.\"},{\"@type\":\"BreadcrumbList\",\"@id\":\"https:\\\/\\\/eurotrail.info\\\/de\\\/producten\\\/zelte\\\/ersatzteile-zeltbogengestange\\\/sonnendachstabe-set\\\/#breadcrumb\",\"itemListElement\":[{\"@type\":\"ListItem\",\"position\":1,\"name\":\"Home\",\"item\":\"https:\\\/\\\/eurotrail.info\\\/de\\\/\"},{\"@type\":\"ListItem\",\"position\":2,\"name\":\"Produkte\",\"item\":\"https:\\\/\\\/eurotrail.info\\\/de\\\/produkte\\\/\"},{\"@type\":\"ListItem\",\"position\":3,\"name\":\"Sonnendachstabe Set f\u00fcr Zelte\"}]},{\"@type\":\"WebSite\",\"@id\":\"https:\\\/\\\/eurotrail.info\\\/#website\",\"url\":\"https:\\\/\\\/eurotrail.info\\\/\",\"name\":\"Eurotrail\",\"description\":\"\",\"publisher\":{\"@id\":\"https:\\\/\\\/eurotrail.info\\\/#organization\"},\"potentialAction\":[{\"@type\":\"SearchAction\",\"target\":{\"@type\":\"EntryPoint\",\"urlTemplate\":\"https:\\\/\\\/eurotrail.info\\\/?s={search_term_string}\"},\"query-input\":{\"@type\":\"PropertyValueSpecification\",\"valueRequired\":true,\"valueName\":\"search_term_string\"}}],\"inLanguage\":\"de\"},{\"@type\":\"Organization\",\"@id\":\"https:\\\/\\\/eurotrail.info\\\/#organization\",\"name\":\"Eurotrail\",\"url\":\"https:\\\/\\\/eurotrail.info\\\/\",\"logo\":{\"@type\":\"ImageObject\",\"inLanguage\":\"de\",\"@id\":\"https:\\\/\\\/eurotrail.info\\\/#\\\/schema\\\/logo\\\/image\\\/\",\"url\":\"https:\\\/\\\/eurotrail.info\\\/wp\\\/wp-content\\\/uploads\\\/2023\\\/07\\\/ET-logo-quote_NL-scaled.jpg\",\"contentUrl\":\"https:\\\/\\\/eurotrail.info\\\/wp\\\/wp-content\\\/uploads\\\/2023\\\/07\\\/ET-logo-quote_NL-scaled.jpg\",\"width\":2560,\"height\":675,\"caption\":\"Eurotrail\"},\"image\":{\"@id\":\"https:\\\/\\\/eurotrail.info\\\/#\\\/schema\\\/logo\\\/image\\\/\"}}]}<\/script>\n<!-- \/ Yoast SEO plugin. -->","yoast_head_json":{"title":"Sonnendachstabe Set f\u00fcr Zelte - Eurotrail","robots":{"index":"index","follow":"follow","max-snippet":"max-snippet:-1","max-image-preview":"max-image-preview:large","max-video-preview":"max-video-preview:-1"},"canonical":"https:\/\/eurotrail.info\/de\/producten\/zelte\/ersatzteile-zeltbogengestange\/sonnendachstabe-set\/","og_locale":"de_DE","og_type":"article","og_title":"Sonnendachstabe Set f\u00fcr Zelte - Eurotrail","og_description":"Stabile Aluminium-Markisenstangen, ideal f\u00fcr die Verwendung der Zeltt\u00fcr als Sonnensegel. Das Set besteht aus 2 Stangen, Abspannleinen und Heringen. Lieferbar in 2 Gr\u00f6\u00dfen: 150 oder&hellip;","og_url":"https:\/\/eurotrail.info\/de\/producten\/zelte\/ersatzteile-zeltbogengestange\/sonnendachstabe-set\/","og_site_name":"Eurotrail","article_modified_time":"2019-01-23T15:03:27+00:00","og_image":[{"width":1505,"height":993,"url":"https:\/\/eurotrail.info\/wp\/wp-content\/uploads\/2017\/03\/ETSP0535-Canopy-poles.jpg","type":"image\/jpeg"}],"twitter_card":"summary_large_image","schema":{"@context":"https:\/\/schema.org","@graph":[{"@type":"WebPage","@id":"https:\/\/eurotrail.info\/de\/producten\/zelte\/ersatzteile-zeltbogengestange\/sonnendachstabe-set\/","url":"https:\/\/eurotrail.info\/de\/producten\/zelte\/ersatzteile-zeltbogengestange\/sonnendachstabe-set\/","name":"Sonnendachstabe Set f\u00fcr Zelte - Eurotrail","isPartOf":{"@id":"https:\/\/eurotrail.info\/#website"},"primaryImageOfPage":{"@id":"https:\/\/eurotrail.info\/de\/producten\/zelte\/ersatzteile-zeltbogengestange\/sonnendachstabe-set\/#primaryimage"},"image":{"@id":"https:\/\/eurotrail.info\/de\/producten\/zelte\/ersatzteile-zeltbogengestange\/sonnendachstabe-set\/#primaryimage"},"thumbnailUrl":"https:\/\/eurotrail.info\/wp\/wp-content\/uploads\/2017\/03\/ETSP0535-Canopy-poles.jpg","datePublished":"2017-03-07T14:57:58+00:00","dateModified":"2019-01-23T15:03:27+00:00","breadcrumb":{"@id":"https:\/\/eurotrail.info\/de\/producten\/zelte\/ersatzteile-zeltbogengestange\/sonnendachstabe-set\/#breadcrumb"},"inLanguage":"de","potentialAction":[{"@type":"ReadAction","target":["https:\/\/eurotrail.info\/de\/producten\/zelte\/ersatzteile-zeltbogengestange\/sonnendachstabe-set\/"]}]},{"@type":"ImageObject","inLanguage":"de","@id":"https:\/\/eurotrail.info\/de\/producten\/zelte\/ersatzteile-zeltbogengestange\/sonnendachstabe-set\/#primaryimage","url":"https:\/\/eurotrail.info\/wp\/wp-content\/uploads\/2017\/03\/ETSP0535-Canopy-poles.jpg","contentUrl":"https:\/\/eurotrail.info\/wp\/wp-content\/uploads\/2017\/03\/ETSP0535-Canopy-poles.jpg","width":1505,"height":993,"caption":"Sonnendachstabe damit man die T\u00fcr des Zelt wie eine Markise zu verwenden."},{"@type":"BreadcrumbList","@id":"https:\/\/eurotrail.info\/de\/producten\/zelte\/ersatzteile-zeltbogengestange\/sonnendachstabe-set\/#breadcrumb","itemListElement":[{"@type":"ListItem","position":1,"name":"Home","item":"https:\/\/eurotrail.info\/de\/"},{"@type":"ListItem","position":2,"name":"Produkte","item":"https:\/\/eurotrail.info\/de\/produkte\/"},{"@type":"ListItem","position":3,"name":"Sonnendachstabe Set f\u00fcr Zelte"}]},{"@type":"WebSite","@id":"https:\/\/eurotrail.info\/#website","url":"https:\/\/eurotrail.info\/","name":"Eurotrail","description":"","publisher":{"@id":"https:\/\/eurotrail.info\/#organization"},"potentialAction":[{"@type":"SearchAction","target":{"@type":"EntryPoint","urlTemplate":"https:\/\/eurotrail.info\/?s={search_term_string}"},"query-input":{"@type":"PropertyValueSpecification","valueRequired":true,"valueName":"search_term_string"}}],"inLanguage":"de"},{"@type":"Organization","@id":"https:\/\/eurotrail.info\/#organization","name":"Eurotrail","url":"https:\/\/eurotrail.info\/","logo":{"@type":"ImageObject","inLanguage":"de","@id":"https:\/\/eurotrail.info\/#\/schema\/logo\/image\/","url":"https:\/\/eurotrail.info\/wp\/wp-content\/uploads\/2023\/07\/ET-logo-quote_NL-scaled.jpg","contentUrl":"https:\/\/eurotrail.info\/wp\/wp-content\/uploads\/2023\/07\/ET-logo-quote_NL-scaled.jpg","width":2560,"height":675,"caption":"Eurotrail"},"image":{"@id":"https:\/\/eurotrail.info\/#\/schema\/logo\/image\/"}}]}},"_links":{"self":[{"href":"https:\/\/eurotrail.info\/de\/wp-json\/wp\/v2\/product\/6065","targetHints":{"allow":["GET"]}}],"collection":[{"href":"https:\/\/eurotrail.info\/de\/wp-json\/wp\/v2\/product"}],"about":[{"href":"https:\/\/eurotrail.info\/de\/wp-json\/wp\/v2\/types\/product"}],"replies":[{"embeddable":true,"href":"https:\/\/eurotrail.info\/de\/wp-json\/wp\/v2\/comments?post=6065"}],"wp:featuredmedia":[{"embeddable":true,"href":"https:\/\/eurotrail.info\/de\/wp-json\/wp\/v2\/media\/6037"}],"wp:attachment":[{"href":"https:\/\/eurotrail.info\/de\/wp-json\/wp\/v2\/media?parent=6065"}],"wp:term":[{"taxonomy":"product_brand","embeddable":true,"href":"https:\/\/eurotrail.info\/de\/wp-json\/wp\/v2\/product_brand?post=6065"},{"taxonomy":"product_cat","embeddable":true,"href":"https:\/\/eurotrail.info\/de\/wp-json\/wp\/v2\/product_cat?post=6065"},{"taxonomy":"product_tag","embeddable":true,"href":"https:\/\/eurotrail.info\/de\/wp-json\/wp\/v2\/product_tag?post=6065"}],"curies":[{"name":"wp","href":"https:\/\/api.w.org\/{rel}","templated":true}]}}