{"id":6074,"date":"2017-03-07T16:11:55","date_gmt":"2017-03-07T15:11:55","guid":{"rendered":"http:\/\/eurotrail.info\/producten\/bogenstaenge-band\/"},"modified":"2017-03-13T11:58:14","modified_gmt":"2017-03-13T10:58:14","slug":"bogenstaenge-band","status":"publish","type":"product","link":"https:\/\/eurotrail.info\/de\/producten\/zelte\/ersatzteile-zeltbogengestange\/bogenstaenge-band\/","title":{"rendered":"Bogenst\u00e4nge Band"},"content":{"rendered":"<p>Elastisches Seil f\u00fcr Zeltst\u00e4nge.<\/p>\n<p>Spezielle Zeltstange Seil f\u00fcr den Ersatz geschnapptes oder verdautes Zeltstange Seil.<\/p>\n<p>Erh\u00e4ltlich in unterschiedlicher Dicke, verf\u00fcgbar 50 mtr. auf der Rolle oder 10 Meter vorgeschnitten.  <\/p>\n<p>&#8211; 2mm Elastisches Seil von 10 Metern. L\u00e4nge oder auf 50 mtr Spule.<\/p>\n<p>&#8211; 3mm Elastisches Seil von 10 Metern. L\u00e4nge oder auf 50 mtr Spule.<\/p>\n","protected":false},"excerpt":{"rendered":"<p>Elastisches Seil f\u00fcr Zeltst\u00e4nge. Spezielle Zeltstange Seil f\u00fcr den Ersatz geschnapptes oder verdautes Zeltstange Seil. Erh\u00e4ltlich in unterschiedlicher Dicke, verf\u00fcgbar 50 mtr. auf der Rolle&hellip;<\/p>\n","protected":false},"featured_media":6072,"comment_status":"open","ping_status":"closed","template":"","meta":{"_acf_changed":false},"product_brand":[],"product_cat":[164],"product_tag":[],"class_list":{"0":"post-6074","1":"product","2":"type-product","3":"status-publish","4":"has-post-thumbnail","6":"product_cat-ersatzteile-zeltbogengestange","8":"first","9":"instock","10":"shipping-taxable","11":"product-type-simple"},"acf":[],"yoast_head":"<!-- This site is optimized with the Yoast SEO plugin v27.3 - https:\/\/yoast.com\/product\/yoast-seo-wordpress\/ -->\n<title>Bogenst\u00e4nge Band - Eurotrail<\/title>\n<meta name=\"robots\" content=\"index, follow, max-snippet:-1, max-image-preview:large, max-video-preview:-1\" \/>\n<link rel=\"canonical\" href=\"https:\/\/eurotrail.info\/de\/producten\/zelte\/ersatzteile-zeltbogengestange\/bogenstaenge-band\/\" \/>\n<meta property=\"og:locale\" content=\"de_DE\" \/>\n<meta property=\"og:type\" content=\"article\" \/>\n<meta property=\"og:title\" content=\"Bogenst\u00e4nge Band - Eurotrail\" \/>\n<meta property=\"og:description\" content=\"Elastisches Seil f\u00fcr Zeltst\u00e4nge. Spezielle Zeltstange Seil f\u00fcr den Ersatz geschnapptes oder verdautes Zeltstange Seil. Erh\u00e4ltlich in unterschiedlicher Dicke, verf\u00fcgbar 50 mtr. auf der Rolle&hellip;\" \/>\n<meta property=\"og:url\" content=\"https:\/\/eurotrail.info\/de\/producten\/zelte\/ersatzteile-zeltbogengestange\/bogenstaenge-band\/\" \/>\n<meta property=\"og:site_name\" content=\"Eurotrail\" \/>\n<meta property=\"article:modified_time\" content=\"2017-03-13T10:58:14+00:00\" \/>\n<meta property=\"og:image\" content=\"https:\/\/eurotrail.info\/wp\/wp-content\/uploads\/2017\/03\/ETSP0314-Elastiek-klos-01.jpg\" \/>\n\t<meta property=\"og:image:width\" content=\"1584\" \/>\n\t<meta property=\"og:image:height\" content=\"1772\" \/>\n\t<meta property=\"og:image:type\" content=\"image\/jpeg\" \/>\n<meta name=\"twitter:card\" content=\"summary_large_image\" \/>\n<script type=\"application\/ld+json\" class=\"yoast-schema-graph\">{\"@context\":\"https:\\\/\\\/schema.org\",\"@graph\":[{\"@type\":\"WebPage\",\"@id\":\"https:\\\/\\\/eurotrail.info\\\/de\\\/producten\\\/zelte\\\/ersatzteile-zeltbogengestange\\\/bogenstaenge-band\\\/\",\"url\":\"https:\\\/\\\/eurotrail.info\\\/de\\\/producten\\\/zelte\\\/ersatzteile-zeltbogengestange\\\/bogenstaenge-band\\\/\",\"name\":\"Bogenst\u00e4nge Band - Eurotrail\",\"isPartOf\":{\"@id\":\"https:\\\/\\\/eurotrail.info\\\/#website\"},\"primaryImageOfPage\":{\"@id\":\"https:\\\/\\\/eurotrail.info\\\/de\\\/producten\\\/zelte\\\/ersatzteile-zeltbogengestange\\\/bogenstaenge-band\\\/#primaryimage\"},\"image\":{\"@id\":\"https:\\\/\\\/eurotrail.info\\\/de\\\/producten\\\/zelte\\\/ersatzteile-zeltbogengestange\\\/bogenstaenge-band\\\/#primaryimage\"},\"thumbnailUrl\":\"https:\\\/\\\/eurotrail.info\\\/wp\\\/wp-content\\\/uploads\\\/2017\\\/03\\\/ETSP0314-Elastiek-klos-01.jpg\",\"datePublished\":\"2017-03-07T15:11:55+00:00\",\"dateModified\":\"2017-03-13T10:58:14+00:00\",\"breadcrumb\":{\"@id\":\"https:\\\/\\\/eurotrail.info\\\/de\\\/producten\\\/zelte\\\/ersatzteile-zeltbogengestange\\\/bogenstaenge-band\\\/#breadcrumb\"},\"inLanguage\":\"de\",\"potentialAction\":[{\"@type\":\"ReadAction\",\"target\":[\"https:\\\/\\\/eurotrail.info\\\/de\\\/producten\\\/zelte\\\/ersatzteile-zeltbogengestange\\\/bogenstaenge-band\\\/\"]}]},{\"@type\":\"ImageObject\",\"inLanguage\":\"de\",\"@id\":\"https:\\\/\\\/eurotrail.info\\\/de\\\/producten\\\/zelte\\\/ersatzteile-zeltbogengestange\\\/bogenstaenge-band\\\/#primaryimage\",\"url\":\"https:\\\/\\\/eurotrail.info\\\/wp\\\/wp-content\\\/uploads\\\/2017\\\/03\\\/ETSP0314-Elastiek-klos-01.jpg\",\"contentUrl\":\"https:\\\/\\\/eurotrail.info\\\/wp\\\/wp-content\\\/uploads\\\/2017\\\/03\\\/ETSP0314-Elastiek-klos-01.jpg\",\"width\":1584,\"height\":1772,\"caption\":\"Elastisches Seil f\u00fcr Zeltst\u00e4nge.\"},{\"@type\":\"BreadcrumbList\",\"@id\":\"https:\\\/\\\/eurotrail.info\\\/de\\\/producten\\\/zelte\\\/ersatzteile-zeltbogengestange\\\/bogenstaenge-band\\\/#breadcrumb\",\"itemListElement\":[{\"@type\":\"ListItem\",\"position\":1,\"name\":\"Home\",\"item\":\"https:\\\/\\\/eurotrail.info\\\/de\\\/\"},{\"@type\":\"ListItem\",\"position\":2,\"name\":\"Produkte\",\"item\":\"https:\\\/\\\/eurotrail.info\\\/de\\\/produkte\\\/\"},{\"@type\":\"ListItem\",\"position\":3,\"name\":\"Bogenst\u00e4nge Band\"}]},{\"@type\":\"WebSite\",\"@id\":\"https:\\\/\\\/eurotrail.info\\\/#website\",\"url\":\"https:\\\/\\\/eurotrail.info\\\/\",\"name\":\"Eurotrail\",\"description\":\"\",\"publisher\":{\"@id\":\"https:\\\/\\\/eurotrail.info\\\/#organization\"},\"potentialAction\":[{\"@type\":\"SearchAction\",\"target\":{\"@type\":\"EntryPoint\",\"urlTemplate\":\"https:\\\/\\\/eurotrail.info\\\/?s={search_term_string}\"},\"query-input\":{\"@type\":\"PropertyValueSpecification\",\"valueRequired\":true,\"valueName\":\"search_term_string\"}}],\"inLanguage\":\"de\"},{\"@type\":\"Organization\",\"@id\":\"https:\\\/\\\/eurotrail.info\\\/#organization\",\"name\":\"Eurotrail\",\"url\":\"https:\\\/\\\/eurotrail.info\\\/\",\"logo\":{\"@type\":\"ImageObject\",\"inLanguage\":\"de\",\"@id\":\"https:\\\/\\\/eurotrail.info\\\/#\\\/schema\\\/logo\\\/image\\\/\",\"url\":\"https:\\\/\\\/eurotrail.info\\\/wp\\\/wp-content\\\/uploads\\\/2023\\\/07\\\/ET-logo-quote_NL-scaled.jpg\",\"contentUrl\":\"https:\\\/\\\/eurotrail.info\\\/wp\\\/wp-content\\\/uploads\\\/2023\\\/07\\\/ET-logo-quote_NL-scaled.jpg\",\"width\":2560,\"height\":675,\"caption\":\"Eurotrail\"},\"image\":{\"@id\":\"https:\\\/\\\/eurotrail.info\\\/#\\\/schema\\\/logo\\\/image\\\/\"}}]}<\/script>\n<!-- \/ Yoast SEO plugin. -->","yoast_head_json":{"title":"Bogenst\u00e4nge Band - Eurotrail","robots":{"index":"index","follow":"follow","max-snippet":"max-snippet:-1","max-image-preview":"max-image-preview:large","max-video-preview":"max-video-preview:-1"},"canonical":"https:\/\/eurotrail.info\/de\/producten\/zelte\/ersatzteile-zeltbogengestange\/bogenstaenge-band\/","og_locale":"de_DE","og_type":"article","og_title":"Bogenst\u00e4nge Band - Eurotrail","og_description":"Elastisches Seil f\u00fcr Zeltst\u00e4nge. Spezielle Zeltstange Seil f\u00fcr den Ersatz geschnapptes oder verdautes Zeltstange Seil. Erh\u00e4ltlich in unterschiedlicher Dicke, verf\u00fcgbar 50 mtr. auf der Rolle&hellip;","og_url":"https:\/\/eurotrail.info\/de\/producten\/zelte\/ersatzteile-zeltbogengestange\/bogenstaenge-band\/","og_site_name":"Eurotrail","article_modified_time":"2017-03-13T10:58:14+00:00","og_image":[{"width":1584,"height":1772,"url":"https:\/\/eurotrail.info\/wp\/wp-content\/uploads\/2017\/03\/ETSP0314-Elastiek-klos-01.jpg","type":"image\/jpeg"}],"twitter_card":"summary_large_image","schema":{"@context":"https:\/\/schema.org","@graph":[{"@type":"WebPage","@id":"https:\/\/eurotrail.info\/de\/producten\/zelte\/ersatzteile-zeltbogengestange\/bogenstaenge-band\/","url":"https:\/\/eurotrail.info\/de\/producten\/zelte\/ersatzteile-zeltbogengestange\/bogenstaenge-band\/","name":"Bogenst\u00e4nge Band - Eurotrail","isPartOf":{"@id":"https:\/\/eurotrail.info\/#website"},"primaryImageOfPage":{"@id":"https:\/\/eurotrail.info\/de\/producten\/zelte\/ersatzteile-zeltbogengestange\/bogenstaenge-band\/#primaryimage"},"image":{"@id":"https:\/\/eurotrail.info\/de\/producten\/zelte\/ersatzteile-zeltbogengestange\/bogenstaenge-band\/#primaryimage"},"thumbnailUrl":"https:\/\/eurotrail.info\/wp\/wp-content\/uploads\/2017\/03\/ETSP0314-Elastiek-klos-01.jpg","datePublished":"2017-03-07T15:11:55+00:00","dateModified":"2017-03-13T10:58:14+00:00","breadcrumb":{"@id":"https:\/\/eurotrail.info\/de\/producten\/zelte\/ersatzteile-zeltbogengestange\/bogenstaenge-band\/#breadcrumb"},"inLanguage":"de","potentialAction":[{"@type":"ReadAction","target":["https:\/\/eurotrail.info\/de\/producten\/zelte\/ersatzteile-zeltbogengestange\/bogenstaenge-band\/"]}]},{"@type":"ImageObject","inLanguage":"de","@id":"https:\/\/eurotrail.info\/de\/producten\/zelte\/ersatzteile-zeltbogengestange\/bogenstaenge-band\/#primaryimage","url":"https:\/\/eurotrail.info\/wp\/wp-content\/uploads\/2017\/03\/ETSP0314-Elastiek-klos-01.jpg","contentUrl":"https:\/\/eurotrail.info\/wp\/wp-content\/uploads\/2017\/03\/ETSP0314-Elastiek-klos-01.jpg","width":1584,"height":1772,"caption":"Elastisches Seil f\u00fcr Zeltst\u00e4nge."},{"@type":"BreadcrumbList","@id":"https:\/\/eurotrail.info\/de\/producten\/zelte\/ersatzteile-zeltbogengestange\/bogenstaenge-band\/#breadcrumb","itemListElement":[{"@type":"ListItem","position":1,"name":"Home","item":"https:\/\/eurotrail.info\/de\/"},{"@type":"ListItem","position":2,"name":"Produkte","item":"https:\/\/eurotrail.info\/de\/produkte\/"},{"@type":"ListItem","position":3,"name":"Bogenst\u00e4nge Band"}]},{"@type":"WebSite","@id":"https:\/\/eurotrail.info\/#website","url":"https:\/\/eurotrail.info\/","name":"Eurotrail","description":"","publisher":{"@id":"https:\/\/eurotrail.info\/#organization"},"potentialAction":[{"@type":"SearchAction","target":{"@type":"EntryPoint","urlTemplate":"https:\/\/eurotrail.info\/?s={search_term_string}"},"query-input":{"@type":"PropertyValueSpecification","valueRequired":true,"valueName":"search_term_string"}}],"inLanguage":"de"},{"@type":"Organization","@id":"https:\/\/eurotrail.info\/#organization","name":"Eurotrail","url":"https:\/\/eurotrail.info\/","logo":{"@type":"ImageObject","inLanguage":"de","@id":"https:\/\/eurotrail.info\/#\/schema\/logo\/image\/","url":"https:\/\/eurotrail.info\/wp\/wp-content\/uploads\/2023\/07\/ET-logo-quote_NL-scaled.jpg","contentUrl":"https:\/\/eurotrail.info\/wp\/wp-content\/uploads\/2023\/07\/ET-logo-quote_NL-scaled.jpg","width":2560,"height":675,"caption":"Eurotrail"},"image":{"@id":"https:\/\/eurotrail.info\/#\/schema\/logo\/image\/"}}]}},"_links":{"self":[{"href":"https:\/\/eurotrail.info\/de\/wp-json\/wp\/v2\/product\/6074","targetHints":{"allow":["GET"]}}],"collection":[{"href":"https:\/\/eurotrail.info\/de\/wp-json\/wp\/v2\/product"}],"about":[{"href":"https:\/\/eurotrail.info\/de\/wp-json\/wp\/v2\/types\/product"}],"replies":[{"embeddable":true,"href":"https:\/\/eurotrail.info\/de\/wp-json\/wp\/v2\/comments?post=6074"}],"wp:featuredmedia":[{"embeddable":true,"href":"https:\/\/eurotrail.info\/de\/wp-json\/wp\/v2\/media\/6072"}],"wp:attachment":[{"href":"https:\/\/eurotrail.info\/de\/wp-json\/wp\/v2\/media?parent=6074"}],"wp:term":[{"taxonomy":"product_brand","embeddable":true,"href":"https:\/\/eurotrail.info\/de\/wp-json\/wp\/v2\/product_brand?post=6074"},{"taxonomy":"product_cat","embeddable":true,"href":"https:\/\/eurotrail.info\/de\/wp-json\/wp\/v2\/product_cat?post=6074"},{"taxonomy":"product_tag","embeddable":true,"href":"https:\/\/eurotrail.info\/de\/wp-json\/wp\/v2\/product_tag?post=6074"}],"curies":[{"name":"wp","href":"https:\/\/api.w.org\/{rel}","templated":true}]}}