{"id":6257,"date":"2017-03-21T09:53:53","date_gmt":"2017-03-21T08:53:53","guid":{"rendered":"http:\/\/eurotrail.info\/producten\/stabilisation-fusse\/"},"modified":"2017-03-21T09:53:53","modified_gmt":"2017-03-21T08:53:53","slug":"stabilisation-fusse","status":"publish","type":"product","link":"https:\/\/eurotrail.info\/de\/producten\/campingmoebel\/campingschraenke\/stabilisation-fusse\/","title":{"rendered":"Stabilisation F\u00fc\u00dfe"},"content":{"rendered":"<p>Spezielle F\u00fc\u00dfe f\u00fcr Schr\u00e4nke.<\/p>\n<p>Dieses F\u00fc\u00dfe sind verstellbar und geben Ihrem Campingschrank mehr Stabilit\u00e4t und eine bessere H\u00f6henverstellung. Die breiten Platte vermeiden das die Schrankbeine in den Boden versinken und sch\u00fctzt auch Ihr Zeltteppich gegen den Schrank F\u00fc\u00dfe <\/p>\n<p>Set von 4 St\u00fcck.<\/p>\n<p>Geeignet f\u00fcr Rohrgr\u00f6\u00dfe von 19mm, ist Gewinde 12 mm.<\/p>\n<p>Material: PVC<\/p>\n","protected":false},"excerpt":{"rendered":"<p>Spezielle F\u00fc\u00dfe f\u00fcr Schr\u00e4nke. Dieses F\u00fc\u00dfe sind verstellbar und geben Ihrem Campingschrank mehr Stabilit\u00e4t und eine bessere H\u00f6henverstellung. Die breiten Platte vermeiden das die Schrankbeine&hellip;<\/p>\n","protected":false},"featured_media":6252,"comment_status":"open","ping_status":"closed","template":"","meta":{"_acf_changed":false},"product_brand":[],"product_cat":[83,86],"product_tag":[],"class_list":{"0":"post-6257","1":"product","2":"type-product","3":"status-publish","4":"has-post-thumbnail","6":"product_cat-campingschraenke","7":"product_cat-kuechenschraenken","9":"first","10":"instock","11":"shipping-taxable","12":"product-type-simple"},"acf":[],"yoast_head":"<!-- This site is optimized with the Yoast SEO plugin v27.4 - https:\/\/yoast.com\/product\/yoast-seo-wordpress\/ -->\n<title>Stabilisation F\u00fc\u00dfe - Eurotrail<\/title>\n<meta name=\"robots\" content=\"index, follow, max-snippet:-1, max-image-preview:large, max-video-preview:-1\" \/>\n<link rel=\"canonical\" href=\"https:\/\/eurotrail.info\/de\/producten\/campingmoebel\/campingschraenke\/stabilisation-fusse\/\" \/>\n<meta property=\"og:locale\" content=\"de_DE\" \/>\n<meta property=\"og:type\" content=\"article\" \/>\n<meta property=\"og:title\" content=\"Stabilisation F\u00fc\u00dfe - Eurotrail\" \/>\n<meta property=\"og:description\" content=\"Spezielle F\u00fc\u00dfe f\u00fcr Schr\u00e4nke. Dieses F\u00fc\u00dfe sind verstellbar und geben Ihrem Campingschrank mehr Stabilit\u00e4t und eine bessere H\u00f6henverstellung. Die breiten Platte vermeiden das die Schrankbeine&hellip;\" \/>\n<meta property=\"og:url\" content=\"https:\/\/eurotrail.info\/de\/producten\/campingmoebel\/campingschraenke\/stabilisation-fusse\/\" \/>\n<meta property=\"og:site_name\" content=\"Eurotrail\" \/>\n<meta property=\"og:image\" content=\"https:\/\/eurotrail.info\/wp\/wp-content\/uploads\/2017\/03\/ETCF0812-Swiffelfeet.jpg\" \/>\n\t<meta property=\"og:image:width\" content=\"1587\" \/>\n\t<meta property=\"og:image:height\" content=\"1224\" \/>\n\t<meta property=\"og:image:type\" content=\"image\/jpeg\" \/>\n<meta name=\"twitter:card\" content=\"summary_large_image\" \/>\n<script type=\"application\/ld+json\" class=\"yoast-schema-graph\">{\"@context\":\"https:\\\/\\\/schema.org\",\"@graph\":[{\"@type\":\"WebPage\",\"@id\":\"https:\\\/\\\/eurotrail.info\\\/de\\\/producten\\\/campingmoebel\\\/campingschraenke\\\/stabilisation-fusse\\\/\",\"url\":\"https:\\\/\\\/eurotrail.info\\\/de\\\/producten\\\/campingmoebel\\\/campingschraenke\\\/stabilisation-fusse\\\/\",\"name\":\"Stabilisation F\u00fc\u00dfe - Eurotrail\",\"isPartOf\":{\"@id\":\"https:\\\/\\\/eurotrail.info\\\/#website\"},\"primaryImageOfPage\":{\"@id\":\"https:\\\/\\\/eurotrail.info\\\/de\\\/producten\\\/campingmoebel\\\/campingschraenke\\\/stabilisation-fusse\\\/#primaryimage\"},\"image\":{\"@id\":\"https:\\\/\\\/eurotrail.info\\\/de\\\/producten\\\/campingmoebel\\\/campingschraenke\\\/stabilisation-fusse\\\/#primaryimage\"},\"thumbnailUrl\":\"https:\\\/\\\/eurotrail.info\\\/wp\\\/wp-content\\\/uploads\\\/2017\\\/03\\\/ETCF0812-Swiffelfeet.jpg\",\"datePublished\":\"2017-03-21T08:53:53+00:00\",\"breadcrumb\":{\"@id\":\"https:\\\/\\\/eurotrail.info\\\/de\\\/producten\\\/campingmoebel\\\/campingschraenke\\\/stabilisation-fusse\\\/#breadcrumb\"},\"inLanguage\":\"de\",\"potentialAction\":[{\"@type\":\"ReadAction\",\"target\":[\"https:\\\/\\\/eurotrail.info\\\/de\\\/producten\\\/campingmoebel\\\/campingschraenke\\\/stabilisation-fusse\\\/\"]}]},{\"@type\":\"ImageObject\",\"inLanguage\":\"de\",\"@id\":\"https:\\\/\\\/eurotrail.info\\\/de\\\/producten\\\/campingmoebel\\\/campingschraenke\\\/stabilisation-fusse\\\/#primaryimage\",\"url\":\"https:\\\/\\\/eurotrail.info\\\/wp\\\/wp-content\\\/uploads\\\/2017\\\/03\\\/ETCF0812-Swiffelfeet.jpg\",\"contentUrl\":\"https:\\\/\\\/eurotrail.info\\\/wp\\\/wp-content\\\/uploads\\\/2017\\\/03\\\/ETCF0812-Swiffelfeet.jpg\",\"width\":1587,\"height\":1224,\"caption\":\"Spezielle F\u00fc\u00dfe f\u00fcr Schr\u00e4nke.\"},{\"@type\":\"BreadcrumbList\",\"@id\":\"https:\\\/\\\/eurotrail.info\\\/de\\\/producten\\\/campingmoebel\\\/campingschraenke\\\/stabilisation-fusse\\\/#breadcrumb\",\"itemListElement\":[{\"@type\":\"ListItem\",\"position\":1,\"name\":\"Home\",\"item\":\"https:\\\/\\\/eurotrail.info\\\/de\\\/\"},{\"@type\":\"ListItem\",\"position\":2,\"name\":\"Produkte\",\"item\":\"https:\\\/\\\/eurotrail.info\\\/de\\\/produkte\\\/\"},{\"@type\":\"ListItem\",\"position\":3,\"name\":\"Stabilisation F\u00fc\u00dfe\"}]},{\"@type\":\"WebSite\",\"@id\":\"https:\\\/\\\/eurotrail.info\\\/#website\",\"url\":\"https:\\\/\\\/eurotrail.info\\\/\",\"name\":\"Eurotrail\",\"description\":\"\",\"publisher\":{\"@id\":\"https:\\\/\\\/eurotrail.info\\\/#organization\"},\"potentialAction\":[{\"@type\":\"SearchAction\",\"target\":{\"@type\":\"EntryPoint\",\"urlTemplate\":\"https:\\\/\\\/eurotrail.info\\\/?s={search_term_string}\"},\"query-input\":{\"@type\":\"PropertyValueSpecification\",\"valueRequired\":true,\"valueName\":\"search_term_string\"}}],\"inLanguage\":\"de\"},{\"@type\":\"Organization\",\"@id\":\"https:\\\/\\\/eurotrail.info\\\/#organization\",\"name\":\"Eurotrail\",\"url\":\"https:\\\/\\\/eurotrail.info\\\/\",\"logo\":{\"@type\":\"ImageObject\",\"inLanguage\":\"de\",\"@id\":\"https:\\\/\\\/eurotrail.info\\\/#\\\/schema\\\/logo\\\/image\\\/\",\"url\":\"https:\\\/\\\/eurotrail.info\\\/wp\\\/wp-content\\\/uploads\\\/2023\\\/07\\\/ET-logo-quote_NL-scaled.jpg\",\"contentUrl\":\"https:\\\/\\\/eurotrail.info\\\/wp\\\/wp-content\\\/uploads\\\/2023\\\/07\\\/ET-logo-quote_NL-scaled.jpg\",\"width\":2560,\"height\":675,\"caption\":\"Eurotrail\"},\"image\":{\"@id\":\"https:\\\/\\\/eurotrail.info\\\/#\\\/schema\\\/logo\\\/image\\\/\"}}]}<\/script>\n<!-- \/ Yoast SEO plugin. -->","yoast_head_json":{"title":"Stabilisation F\u00fc\u00dfe - Eurotrail","robots":{"index":"index","follow":"follow","max-snippet":"max-snippet:-1","max-image-preview":"max-image-preview:large","max-video-preview":"max-video-preview:-1"},"canonical":"https:\/\/eurotrail.info\/de\/producten\/campingmoebel\/campingschraenke\/stabilisation-fusse\/","og_locale":"de_DE","og_type":"article","og_title":"Stabilisation F\u00fc\u00dfe - Eurotrail","og_description":"Spezielle F\u00fc\u00dfe f\u00fcr Schr\u00e4nke. Dieses F\u00fc\u00dfe sind verstellbar und geben Ihrem Campingschrank mehr Stabilit\u00e4t und eine bessere H\u00f6henverstellung. Die breiten Platte vermeiden das die Schrankbeine&hellip;","og_url":"https:\/\/eurotrail.info\/de\/producten\/campingmoebel\/campingschraenke\/stabilisation-fusse\/","og_site_name":"Eurotrail","og_image":[{"width":1587,"height":1224,"url":"https:\/\/eurotrail.info\/wp\/wp-content\/uploads\/2017\/03\/ETCF0812-Swiffelfeet.jpg","type":"image\/jpeg"}],"twitter_card":"summary_large_image","schema":{"@context":"https:\/\/schema.org","@graph":[{"@type":"WebPage","@id":"https:\/\/eurotrail.info\/de\/producten\/campingmoebel\/campingschraenke\/stabilisation-fusse\/","url":"https:\/\/eurotrail.info\/de\/producten\/campingmoebel\/campingschraenke\/stabilisation-fusse\/","name":"Stabilisation F\u00fc\u00dfe - Eurotrail","isPartOf":{"@id":"https:\/\/eurotrail.info\/#website"},"primaryImageOfPage":{"@id":"https:\/\/eurotrail.info\/de\/producten\/campingmoebel\/campingschraenke\/stabilisation-fusse\/#primaryimage"},"image":{"@id":"https:\/\/eurotrail.info\/de\/producten\/campingmoebel\/campingschraenke\/stabilisation-fusse\/#primaryimage"},"thumbnailUrl":"https:\/\/eurotrail.info\/wp\/wp-content\/uploads\/2017\/03\/ETCF0812-Swiffelfeet.jpg","datePublished":"2017-03-21T08:53:53+00:00","breadcrumb":{"@id":"https:\/\/eurotrail.info\/de\/producten\/campingmoebel\/campingschraenke\/stabilisation-fusse\/#breadcrumb"},"inLanguage":"de","potentialAction":[{"@type":"ReadAction","target":["https:\/\/eurotrail.info\/de\/producten\/campingmoebel\/campingschraenke\/stabilisation-fusse\/"]}]},{"@type":"ImageObject","inLanguage":"de","@id":"https:\/\/eurotrail.info\/de\/producten\/campingmoebel\/campingschraenke\/stabilisation-fusse\/#primaryimage","url":"https:\/\/eurotrail.info\/wp\/wp-content\/uploads\/2017\/03\/ETCF0812-Swiffelfeet.jpg","contentUrl":"https:\/\/eurotrail.info\/wp\/wp-content\/uploads\/2017\/03\/ETCF0812-Swiffelfeet.jpg","width":1587,"height":1224,"caption":"Spezielle F\u00fc\u00dfe f\u00fcr Schr\u00e4nke."},{"@type":"BreadcrumbList","@id":"https:\/\/eurotrail.info\/de\/producten\/campingmoebel\/campingschraenke\/stabilisation-fusse\/#breadcrumb","itemListElement":[{"@type":"ListItem","position":1,"name":"Home","item":"https:\/\/eurotrail.info\/de\/"},{"@type":"ListItem","position":2,"name":"Produkte","item":"https:\/\/eurotrail.info\/de\/produkte\/"},{"@type":"ListItem","position":3,"name":"Stabilisation F\u00fc\u00dfe"}]},{"@type":"WebSite","@id":"https:\/\/eurotrail.info\/#website","url":"https:\/\/eurotrail.info\/","name":"Eurotrail","description":"","publisher":{"@id":"https:\/\/eurotrail.info\/#organization"},"potentialAction":[{"@type":"SearchAction","target":{"@type":"EntryPoint","urlTemplate":"https:\/\/eurotrail.info\/?s={search_term_string}"},"query-input":{"@type":"PropertyValueSpecification","valueRequired":true,"valueName":"search_term_string"}}],"inLanguage":"de"},{"@type":"Organization","@id":"https:\/\/eurotrail.info\/#organization","name":"Eurotrail","url":"https:\/\/eurotrail.info\/","logo":{"@type":"ImageObject","inLanguage":"de","@id":"https:\/\/eurotrail.info\/#\/schema\/logo\/image\/","url":"https:\/\/eurotrail.info\/wp\/wp-content\/uploads\/2023\/07\/ET-logo-quote_NL-scaled.jpg","contentUrl":"https:\/\/eurotrail.info\/wp\/wp-content\/uploads\/2023\/07\/ET-logo-quote_NL-scaled.jpg","width":2560,"height":675,"caption":"Eurotrail"},"image":{"@id":"https:\/\/eurotrail.info\/#\/schema\/logo\/image\/"}}]}},"_links":{"self":[{"href":"https:\/\/eurotrail.info\/de\/wp-json\/wp\/v2\/product\/6257","targetHints":{"allow":["GET"]}}],"collection":[{"href":"https:\/\/eurotrail.info\/de\/wp-json\/wp\/v2\/product"}],"about":[{"href":"https:\/\/eurotrail.info\/de\/wp-json\/wp\/v2\/types\/product"}],"replies":[{"embeddable":true,"href":"https:\/\/eurotrail.info\/de\/wp-json\/wp\/v2\/comments?post=6257"}],"wp:featuredmedia":[{"embeddable":true,"href":"https:\/\/eurotrail.info\/de\/wp-json\/wp\/v2\/media\/6252"}],"wp:attachment":[{"href":"https:\/\/eurotrail.info\/de\/wp-json\/wp\/v2\/media?parent=6257"}],"wp:term":[{"taxonomy":"product_brand","embeddable":true,"href":"https:\/\/eurotrail.info\/de\/wp-json\/wp\/v2\/product_brand?post=6257"},{"taxonomy":"product_cat","embeddable":true,"href":"https:\/\/eurotrail.info\/de\/wp-json\/wp\/v2\/product_cat?post=6257"},{"taxonomy":"product_tag","embeddable":true,"href":"https:\/\/eurotrail.info\/de\/wp-json\/wp\/v2\/product_tag?post=6257"}],"curies":[{"name":"wp","href":"https:\/\/api.w.org\/{rel}","templated":true}]}}