{"id":6453,"date":"2018-01-04T11:40:13","date_gmt":"2018-01-04T10:40:13","guid":{"rendered":"http:\/\/eurotrail.info\/producten\/queen-campingbett\/"},"modified":"2026-02-10T14:56:12","modified_gmt":"2026-02-10T13:56:12","slug":"queen-campingbett","status":"publish","type":"product","link":"https:\/\/eurotrail.info\/de\/producten\/campingmoebel\/campngbett\/queen-campingbett\/","title":{"rendered":"Queen Campingbett"},"content":{"rendered":"<p><strong>Queen-Feldbett \u2013 Luxuri\u00f6ser Komfort, wo immer Sie schlafen<\/strong><\/p>\n<p>Das Queen-Feldbett garantiert Ihnen eine komfortable und erholsame Nachtruhe, egal ob beim Camping, auf einer \u00dcbernachtung oder einfach im Garten. Dank seines robusten Stahlrahmens ist das Bett stabil und sicher, w\u00e4hrend der weich gepolsterte Polyesterbezug f\u00fcr ein angenehmes Liegegef\u00fchl sorgt.<\/p>\n<p>Die verstellbare R\u00fcckenlehne mit integrierter Kopfst\u00fctze erm\u00f6glicht Ihnen m\u00fchelos die ideale Position \u2013 perfekt zum Lesen, Entspannen oder f\u00fcr einen erholsamen Start in den Tag. F\u00fcr zus\u00e4tzliche Stabilit\u00e4t und Halt verf\u00fcgt die R\u00fcckenlehne \u00fcber ein h\u00f6henverstellbares St\u00fctzbein, das in jeder Position optimale Unterst\u00fctzung bietet.<\/p>\n<p>Praktisch im Gebrauch und luxuri\u00f6s im Komfort: Das Queen-Feldbett ist schnell aufgebaut und bietet eine hochwertige Schlafl\u00f6sung f\u00fcr drinnen und drau\u00dfen.<\/p>\n<p>Gr\u00f6\u00dfe: 200x72x32cm<br \/>\nGefaltet: 80x75x23cm<br \/>\nMaterial: 100% Polyester gepolstert<br \/>\nRahmen: Stahl pulverbeschichtet<br \/>\nMax Belastung: 120 kg.<br \/>\nGewicht: 8,1 kg.<\/p>\n","protected":false},"excerpt":{"rendered":"<p>Queen-Feldbett \u2013 Luxuri\u00f6ser Komfort, wo immer Sie schlafen Das Queen-Feldbett garantiert Ihnen eine komfortable und erholsame Nachtruhe, egal ob beim Camping, auf einer \u00dcbernachtung oder&hellip;<\/p>\n","protected":false},"featured_media":6452,"comment_status":"open","ping_status":"closed","template":"","meta":{"_acf_changed":false},"product_brand":[],"product_cat":[87],"product_tag":[],"class_list":{"0":"post-6453","1":"product","2":"type-product","3":"status-publish","4":"has-post-thumbnail","6":"product_cat-campngbett","8":"first","9":"instock","10":"shipping-taxable","11":"product-type-simple"},"acf":[],"yoast_head":"<!-- This site is optimized with the Yoast SEO plugin v27.3 - https:\/\/yoast.com\/product\/yoast-seo-wordpress\/ -->\n<title>Queen Campingbett - Eurotrail<\/title>\n<meta name=\"robots\" content=\"index, follow, max-snippet:-1, max-image-preview:large, max-video-preview:-1\" \/>\n<link rel=\"canonical\" href=\"https:\/\/eurotrail.info\/de\/producten\/campingmoebel\/campngbett\/queen-campingbett\/\" \/>\n<meta property=\"og:locale\" content=\"de_DE\" \/>\n<meta property=\"og:type\" content=\"article\" \/>\n<meta property=\"og:title\" content=\"Queen Campingbett - Eurotrail\" \/>\n<meta property=\"og:description\" content=\"Queen-Feldbett \u2013 Luxuri\u00f6ser Komfort, wo immer Sie schlafen Das Queen-Feldbett garantiert Ihnen eine komfortable und erholsame Nachtruhe, egal ob beim Camping, auf einer \u00dcbernachtung oder&hellip;\" \/>\n<meta property=\"og:url\" content=\"https:\/\/eurotrail.info\/de\/producten\/campingmoebel\/campngbett\/queen-campingbett\/\" \/>\n<meta property=\"og:site_name\" content=\"Eurotrail\" \/>\n<meta property=\"article:modified_time\" content=\"2026-02-10T13:56:12+00:00\" \/>\n<meta property=\"og:image\" content=\"https:\/\/eurotrail.info\/wp\/wp-content\/uploads\/2018\/01\/ETCF0083-Queen-up2-17.jpg\" \/>\n\t<meta property=\"og:image:width\" content=\"1772\" \/>\n\t<meta property=\"og:image:height\" content=\"1342\" \/>\n\t<meta property=\"og:image:type\" content=\"image\/jpeg\" \/>\n<meta name=\"twitter:card\" content=\"summary_large_image\" \/>\n<meta name=\"twitter:label1\" content=\"Gesch\u00e4tzte Lesezeit\" \/>\n\t<meta name=\"twitter:data1\" content=\"1\u00a0Minute\" \/>\n<script type=\"application\/ld+json\" class=\"yoast-schema-graph\">{\"@context\":\"https:\\\/\\\/schema.org\",\"@graph\":[{\"@type\":\"WebPage\",\"@id\":\"https:\\\/\\\/eurotrail.info\\\/de\\\/producten\\\/campingmoebel\\\/campngbett\\\/queen-campingbett\\\/\",\"url\":\"https:\\\/\\\/eurotrail.info\\\/de\\\/producten\\\/campingmoebel\\\/campngbett\\\/queen-campingbett\\\/\",\"name\":\"Queen Campingbett - Eurotrail\",\"isPartOf\":{\"@id\":\"https:\\\/\\\/eurotrail.info\\\/#website\"},\"primaryImageOfPage\":{\"@id\":\"https:\\\/\\\/eurotrail.info\\\/de\\\/producten\\\/campingmoebel\\\/campngbett\\\/queen-campingbett\\\/#primaryimage\"},\"image\":{\"@id\":\"https:\\\/\\\/eurotrail.info\\\/de\\\/producten\\\/campingmoebel\\\/campngbett\\\/queen-campingbett\\\/#primaryimage\"},\"thumbnailUrl\":\"https:\\\/\\\/eurotrail.info\\\/wp\\\/wp-content\\\/uploads\\\/2018\\\/01\\\/ETCF0083-Queen-up2-17.jpg\",\"datePublished\":\"2018-01-04T10:40:13+00:00\",\"dateModified\":\"2026-02-10T13:56:12+00:00\",\"breadcrumb\":{\"@id\":\"https:\\\/\\\/eurotrail.info\\\/de\\\/producten\\\/campingmoebel\\\/campngbett\\\/queen-campingbett\\\/#breadcrumb\"},\"inLanguage\":\"de\",\"potentialAction\":[{\"@type\":\"ReadAction\",\"target\":[\"https:\\\/\\\/eurotrail.info\\\/de\\\/producten\\\/campingmoebel\\\/campngbett\\\/queen-campingbett\\\/\"]}]},{\"@type\":\"ImageObject\",\"inLanguage\":\"de\",\"@id\":\"https:\\\/\\\/eurotrail.info\\\/de\\\/producten\\\/campingmoebel\\\/campngbett\\\/queen-campingbett\\\/#primaryimage\",\"url\":\"https:\\\/\\\/eurotrail.info\\\/wp\\\/wp-content\\\/uploads\\\/2018\\\/01\\\/ETCF0083-Queen-up2-17.jpg\",\"contentUrl\":\"https:\\\/\\\/eurotrail.info\\\/wp\\\/wp-content\\\/uploads\\\/2018\\\/01\\\/ETCF0083-Queen-up2-17.jpg\",\"width\":1772,\"height\":1342},{\"@type\":\"BreadcrumbList\",\"@id\":\"https:\\\/\\\/eurotrail.info\\\/de\\\/producten\\\/campingmoebel\\\/campngbett\\\/queen-campingbett\\\/#breadcrumb\",\"itemListElement\":[{\"@type\":\"ListItem\",\"position\":1,\"name\":\"Home\",\"item\":\"https:\\\/\\\/eurotrail.info\\\/de\\\/\"},{\"@type\":\"ListItem\",\"position\":2,\"name\":\"Produkte\",\"item\":\"https:\\\/\\\/eurotrail.info\\\/de\\\/produkte\\\/\"},{\"@type\":\"ListItem\",\"position\":3,\"name\":\"Queen Campingbett\"}]},{\"@type\":\"WebSite\",\"@id\":\"https:\\\/\\\/eurotrail.info\\\/#website\",\"url\":\"https:\\\/\\\/eurotrail.info\\\/\",\"name\":\"Eurotrail\",\"description\":\"\",\"publisher\":{\"@id\":\"https:\\\/\\\/eurotrail.info\\\/#organization\"},\"potentialAction\":[{\"@type\":\"SearchAction\",\"target\":{\"@type\":\"EntryPoint\",\"urlTemplate\":\"https:\\\/\\\/eurotrail.info\\\/?s={search_term_string}\"},\"query-input\":{\"@type\":\"PropertyValueSpecification\",\"valueRequired\":true,\"valueName\":\"search_term_string\"}}],\"inLanguage\":\"de\"},{\"@type\":\"Organization\",\"@id\":\"https:\\\/\\\/eurotrail.info\\\/#organization\",\"name\":\"Eurotrail\",\"url\":\"https:\\\/\\\/eurotrail.info\\\/\",\"logo\":{\"@type\":\"ImageObject\",\"inLanguage\":\"de\",\"@id\":\"https:\\\/\\\/eurotrail.info\\\/#\\\/schema\\\/logo\\\/image\\\/\",\"url\":\"https:\\\/\\\/eurotrail.info\\\/wp\\\/wp-content\\\/uploads\\\/2023\\\/07\\\/ET-logo-quote_NL-scaled.jpg\",\"contentUrl\":\"https:\\\/\\\/eurotrail.info\\\/wp\\\/wp-content\\\/uploads\\\/2023\\\/07\\\/ET-logo-quote_NL-scaled.jpg\",\"width\":2560,\"height\":675,\"caption\":\"Eurotrail\"},\"image\":{\"@id\":\"https:\\\/\\\/eurotrail.info\\\/#\\\/schema\\\/logo\\\/image\\\/\"}}]}<\/script>\n<!-- \/ Yoast SEO plugin. -->","yoast_head_json":{"title":"Queen Campingbett - Eurotrail","robots":{"index":"index","follow":"follow","max-snippet":"max-snippet:-1","max-image-preview":"max-image-preview:large","max-video-preview":"max-video-preview:-1"},"canonical":"https:\/\/eurotrail.info\/de\/producten\/campingmoebel\/campngbett\/queen-campingbett\/","og_locale":"de_DE","og_type":"article","og_title":"Queen Campingbett - Eurotrail","og_description":"Queen-Feldbett \u2013 Luxuri\u00f6ser Komfort, wo immer Sie schlafen Das Queen-Feldbett garantiert Ihnen eine komfortable und erholsame Nachtruhe, egal ob beim Camping, auf einer \u00dcbernachtung oder&hellip;","og_url":"https:\/\/eurotrail.info\/de\/producten\/campingmoebel\/campngbett\/queen-campingbett\/","og_site_name":"Eurotrail","article_modified_time":"2026-02-10T13:56:12+00:00","og_image":[{"width":1772,"height":1342,"url":"https:\/\/eurotrail.info\/wp\/wp-content\/uploads\/2018\/01\/ETCF0083-Queen-up2-17.jpg","type":"image\/jpeg"}],"twitter_card":"summary_large_image","twitter_misc":{"Gesch\u00e4tzte Lesezeit":"1\u00a0Minute"},"schema":{"@context":"https:\/\/schema.org","@graph":[{"@type":"WebPage","@id":"https:\/\/eurotrail.info\/de\/producten\/campingmoebel\/campngbett\/queen-campingbett\/","url":"https:\/\/eurotrail.info\/de\/producten\/campingmoebel\/campngbett\/queen-campingbett\/","name":"Queen Campingbett - Eurotrail","isPartOf":{"@id":"https:\/\/eurotrail.info\/#website"},"primaryImageOfPage":{"@id":"https:\/\/eurotrail.info\/de\/producten\/campingmoebel\/campngbett\/queen-campingbett\/#primaryimage"},"image":{"@id":"https:\/\/eurotrail.info\/de\/producten\/campingmoebel\/campngbett\/queen-campingbett\/#primaryimage"},"thumbnailUrl":"https:\/\/eurotrail.info\/wp\/wp-content\/uploads\/2018\/01\/ETCF0083-Queen-up2-17.jpg","datePublished":"2018-01-04T10:40:13+00:00","dateModified":"2026-02-10T13:56:12+00:00","breadcrumb":{"@id":"https:\/\/eurotrail.info\/de\/producten\/campingmoebel\/campngbett\/queen-campingbett\/#breadcrumb"},"inLanguage":"de","potentialAction":[{"@type":"ReadAction","target":["https:\/\/eurotrail.info\/de\/producten\/campingmoebel\/campngbett\/queen-campingbett\/"]}]},{"@type":"ImageObject","inLanguage":"de","@id":"https:\/\/eurotrail.info\/de\/producten\/campingmoebel\/campngbett\/queen-campingbett\/#primaryimage","url":"https:\/\/eurotrail.info\/wp\/wp-content\/uploads\/2018\/01\/ETCF0083-Queen-up2-17.jpg","contentUrl":"https:\/\/eurotrail.info\/wp\/wp-content\/uploads\/2018\/01\/ETCF0083-Queen-up2-17.jpg","width":1772,"height":1342},{"@type":"BreadcrumbList","@id":"https:\/\/eurotrail.info\/de\/producten\/campingmoebel\/campngbett\/queen-campingbett\/#breadcrumb","itemListElement":[{"@type":"ListItem","position":1,"name":"Home","item":"https:\/\/eurotrail.info\/de\/"},{"@type":"ListItem","position":2,"name":"Produkte","item":"https:\/\/eurotrail.info\/de\/produkte\/"},{"@type":"ListItem","position":3,"name":"Queen Campingbett"}]},{"@type":"WebSite","@id":"https:\/\/eurotrail.info\/#website","url":"https:\/\/eurotrail.info\/","name":"Eurotrail","description":"","publisher":{"@id":"https:\/\/eurotrail.info\/#organization"},"potentialAction":[{"@type":"SearchAction","target":{"@type":"EntryPoint","urlTemplate":"https:\/\/eurotrail.info\/?s={search_term_string}"},"query-input":{"@type":"PropertyValueSpecification","valueRequired":true,"valueName":"search_term_string"}}],"inLanguage":"de"},{"@type":"Organization","@id":"https:\/\/eurotrail.info\/#organization","name":"Eurotrail","url":"https:\/\/eurotrail.info\/","logo":{"@type":"ImageObject","inLanguage":"de","@id":"https:\/\/eurotrail.info\/#\/schema\/logo\/image\/","url":"https:\/\/eurotrail.info\/wp\/wp-content\/uploads\/2023\/07\/ET-logo-quote_NL-scaled.jpg","contentUrl":"https:\/\/eurotrail.info\/wp\/wp-content\/uploads\/2023\/07\/ET-logo-quote_NL-scaled.jpg","width":2560,"height":675,"caption":"Eurotrail"},"image":{"@id":"https:\/\/eurotrail.info\/#\/schema\/logo\/image\/"}}]}},"_links":{"self":[{"href":"https:\/\/eurotrail.info\/de\/wp-json\/wp\/v2\/product\/6453","targetHints":{"allow":["GET"]}}],"collection":[{"href":"https:\/\/eurotrail.info\/de\/wp-json\/wp\/v2\/product"}],"about":[{"href":"https:\/\/eurotrail.info\/de\/wp-json\/wp\/v2\/types\/product"}],"replies":[{"embeddable":true,"href":"https:\/\/eurotrail.info\/de\/wp-json\/wp\/v2\/comments?post=6453"}],"wp:featuredmedia":[{"embeddable":true,"href":"https:\/\/eurotrail.info\/de\/wp-json\/wp\/v2\/media\/6452"}],"wp:attachment":[{"href":"https:\/\/eurotrail.info\/de\/wp-json\/wp\/v2\/media?parent=6453"}],"wp:term":[{"taxonomy":"product_brand","embeddable":true,"href":"https:\/\/eurotrail.info\/de\/wp-json\/wp\/v2\/product_brand?post=6453"},{"taxonomy":"product_cat","embeddable":true,"href":"https:\/\/eurotrail.info\/de\/wp-json\/wp\/v2\/product_cat?post=6453"},{"taxonomy":"product_tag","embeddable":true,"href":"https:\/\/eurotrail.info\/de\/wp-json\/wp\/v2\/product_tag?post=6453"}],"curies":[{"name":"wp","href":"https:\/\/api.w.org\/{rel}","templated":true}]}}