{"id":6523,"date":"2018-01-05T09:23:21","date_gmt":"2018-01-05T08:23:21","guid":{"rendered":"http:\/\/eurotrail.info\/producten\/faltbare-strandwagen-stripes\/"},"modified":"2018-01-05T09:23:21","modified_gmt":"2018-01-05T08:23:21","slug":"faltbare-strandwagen-stripes","status":"publish","type":"product","link":"https:\/\/eurotrail.info\/de\/producten\/campingmoebel\/bollerwagen\/faltbare-strandwagen-stripes\/","title":{"rendered":"Faltbare Strandwagen Stripes"},"content":{"rendered":"<p>Transportwagen mit originalem Streifen-Design. Ideal f\u00fcr Strandausr\u00fcstung wie K\u00fchltaschen, St\u00fchle, Getr\u00e4nke und vieles mehr.<\/p>\n<p>Der Beach Trolley is neben Transporter auch ein bequemer Sitz mit einer Tragkraft von 100 kg. Die R\u00e4der sind luftgef\u00fclht und verhindern Einsinken im Sand und dadurch erm\u00f6glchen einen bequemen und einfaches Transport. Klein zusammen klappbar und braucht weinig Platz im Auto.<\/p>\n<p>Farbe: Multi Farbig<\/p>\n<p>Material: 100% Polyester<br \/>\nGestell: Stahl<br \/>\nGrosse: 72x68x112cm<br \/>\nPackmass: 85x68x28cm<br \/>\nGewicht: 5.3 kg.<br \/>\nMax. Belastung: 80 kg.<\/p>\n","protected":false},"excerpt":{"rendered":"<p>Transportwagen mit originalem Streifen-Design. Ideal f\u00fcr Strandausr\u00fcstung wie K\u00fchltaschen, St\u00fchle, Getr\u00e4nke und vieles mehr. Der Beach Trolley is neben Transporter auch ein bequemer Sitz mit&hellip;<\/p>\n","protected":false},"featured_media":6518,"comment_status":"open","ping_status":"closed","template":"","meta":{"_acf_changed":false},"product_brand":[],"product_cat":[91],"product_tag":[],"class_list":{"0":"post-6523","1":"product","2":"type-product","3":"status-publish","4":"has-post-thumbnail","6":"product_cat-bollerwagen","8":"first","9":"instock","10":"shipping-taxable","11":"product-type-simple"},"acf":[],"yoast_head":"<!-- This site is optimized with the Yoast SEO plugin v27.3 - https:\/\/yoast.com\/product\/yoast-seo-wordpress\/ -->\n<title>Faltbare Strandwagen Stripes - Eurotrail<\/title>\n<meta name=\"robots\" content=\"index, follow, max-snippet:-1, max-image-preview:large, max-video-preview:-1\" \/>\n<link rel=\"canonical\" href=\"https:\/\/eurotrail.info\/de\/producten\/campingmoebel\/bollerwagen\/faltbare-strandwagen-stripes\/\" \/>\n<meta property=\"og:locale\" content=\"de_DE\" \/>\n<meta property=\"og:type\" content=\"article\" \/>\n<meta property=\"og:title\" content=\"Faltbare Strandwagen Stripes - Eurotrail\" \/>\n<meta property=\"og:description\" content=\"Transportwagen mit originalem Streifen-Design. Ideal f\u00fcr Strandausr\u00fcstung wie K\u00fchltaschen, St\u00fchle, Getr\u00e4nke und vieles mehr. Der Beach Trolley is neben Transporter auch ein bequemer Sitz mit&hellip;\" \/>\n<meta property=\"og:url\" content=\"https:\/\/eurotrail.info\/de\/producten\/campingmoebel\/bollerwagen\/faltbare-strandwagen-stripes\/\" \/>\n<meta property=\"og:site_name\" content=\"Eurotrail\" \/>\n<meta property=\"og:image\" content=\"https:\/\/eurotrail.info\/wp\/wp-content\/uploads\/2018\/01\/ETCF0962-Beach-Trailer-MultiColor-In-Use-18.jpg\" \/>\n\t<meta property=\"og:image:width\" content=\"1112\" \/>\n\t<meta property=\"og:image:height\" content=\"1772\" \/>\n\t<meta property=\"og:image:type\" content=\"image\/jpeg\" \/>\n<meta name=\"twitter:card\" content=\"summary_large_image\" \/>\n<script type=\"application\/ld+json\" class=\"yoast-schema-graph\">{\"@context\":\"https:\\\/\\\/schema.org\",\"@graph\":[{\"@type\":\"WebPage\",\"@id\":\"https:\\\/\\\/eurotrail.info\\\/de\\\/producten\\\/campingmoebel\\\/bollerwagen\\\/faltbare-strandwagen-stripes\\\/\",\"url\":\"https:\\\/\\\/eurotrail.info\\\/de\\\/producten\\\/campingmoebel\\\/bollerwagen\\\/faltbare-strandwagen-stripes\\\/\",\"name\":\"Faltbare Strandwagen Stripes - Eurotrail\",\"isPartOf\":{\"@id\":\"https:\\\/\\\/eurotrail.info\\\/#website\"},\"primaryImageOfPage\":{\"@id\":\"https:\\\/\\\/eurotrail.info\\\/de\\\/producten\\\/campingmoebel\\\/bollerwagen\\\/faltbare-strandwagen-stripes\\\/#primaryimage\"},\"image\":{\"@id\":\"https:\\\/\\\/eurotrail.info\\\/de\\\/producten\\\/campingmoebel\\\/bollerwagen\\\/faltbare-strandwagen-stripes\\\/#primaryimage\"},\"thumbnailUrl\":\"https:\\\/\\\/eurotrail.info\\\/wp\\\/wp-content\\\/uploads\\\/2018\\\/01\\\/ETCF0962-Beach-Trailer-MultiColor-In-Use-18.jpg\",\"datePublished\":\"2018-01-05T08:23:21+00:00\",\"breadcrumb\":{\"@id\":\"https:\\\/\\\/eurotrail.info\\\/de\\\/producten\\\/campingmoebel\\\/bollerwagen\\\/faltbare-strandwagen-stripes\\\/#breadcrumb\"},\"inLanguage\":\"de\",\"potentialAction\":[{\"@type\":\"ReadAction\",\"target\":[\"https:\\\/\\\/eurotrail.info\\\/de\\\/producten\\\/campingmoebel\\\/bollerwagen\\\/faltbare-strandwagen-stripes\\\/\"]}]},{\"@type\":\"ImageObject\",\"inLanguage\":\"de\",\"@id\":\"https:\\\/\\\/eurotrail.info\\\/de\\\/producten\\\/campingmoebel\\\/bollerwagen\\\/faltbare-strandwagen-stripes\\\/#primaryimage\",\"url\":\"https:\\\/\\\/eurotrail.info\\\/wp\\\/wp-content\\\/uploads\\\/2018\\\/01\\\/ETCF0962-Beach-Trailer-MultiColor-In-Use-18.jpg\",\"contentUrl\":\"https:\\\/\\\/eurotrail.info\\\/wp\\\/wp-content\\\/uploads\\\/2018\\\/01\\\/ETCF0962-Beach-Trailer-MultiColor-In-Use-18.jpg\",\"width\":1112,\"height\":1772},{\"@type\":\"BreadcrumbList\",\"@id\":\"https:\\\/\\\/eurotrail.info\\\/de\\\/producten\\\/campingmoebel\\\/bollerwagen\\\/faltbare-strandwagen-stripes\\\/#breadcrumb\",\"itemListElement\":[{\"@type\":\"ListItem\",\"position\":1,\"name\":\"Home\",\"item\":\"https:\\\/\\\/eurotrail.info\\\/de\\\/\"},{\"@type\":\"ListItem\",\"position\":2,\"name\":\"Produkte\",\"item\":\"https:\\\/\\\/eurotrail.info\\\/de\\\/produkte\\\/\"},{\"@type\":\"ListItem\",\"position\":3,\"name\":\"Faltbare Strandwagen Stripes\"}]},{\"@type\":\"WebSite\",\"@id\":\"https:\\\/\\\/eurotrail.info\\\/#website\",\"url\":\"https:\\\/\\\/eurotrail.info\\\/\",\"name\":\"Eurotrail\",\"description\":\"\",\"publisher\":{\"@id\":\"https:\\\/\\\/eurotrail.info\\\/#organization\"},\"potentialAction\":[{\"@type\":\"SearchAction\",\"target\":{\"@type\":\"EntryPoint\",\"urlTemplate\":\"https:\\\/\\\/eurotrail.info\\\/?s={search_term_string}\"},\"query-input\":{\"@type\":\"PropertyValueSpecification\",\"valueRequired\":true,\"valueName\":\"search_term_string\"}}],\"inLanguage\":\"de\"},{\"@type\":\"Organization\",\"@id\":\"https:\\\/\\\/eurotrail.info\\\/#organization\",\"name\":\"Eurotrail\",\"url\":\"https:\\\/\\\/eurotrail.info\\\/\",\"logo\":{\"@type\":\"ImageObject\",\"inLanguage\":\"de\",\"@id\":\"https:\\\/\\\/eurotrail.info\\\/#\\\/schema\\\/logo\\\/image\\\/\",\"url\":\"https:\\\/\\\/eurotrail.info\\\/wp\\\/wp-content\\\/uploads\\\/2023\\\/07\\\/ET-logo-quote_NL-scaled.jpg\",\"contentUrl\":\"https:\\\/\\\/eurotrail.info\\\/wp\\\/wp-content\\\/uploads\\\/2023\\\/07\\\/ET-logo-quote_NL-scaled.jpg\",\"width\":2560,\"height\":675,\"caption\":\"Eurotrail\"},\"image\":{\"@id\":\"https:\\\/\\\/eurotrail.info\\\/#\\\/schema\\\/logo\\\/image\\\/\"}}]}<\/script>\n<!-- \/ Yoast SEO plugin. -->","yoast_head_json":{"title":"Faltbare Strandwagen Stripes - Eurotrail","robots":{"index":"index","follow":"follow","max-snippet":"max-snippet:-1","max-image-preview":"max-image-preview:large","max-video-preview":"max-video-preview:-1"},"canonical":"https:\/\/eurotrail.info\/de\/producten\/campingmoebel\/bollerwagen\/faltbare-strandwagen-stripes\/","og_locale":"de_DE","og_type":"article","og_title":"Faltbare Strandwagen Stripes - Eurotrail","og_description":"Transportwagen mit originalem Streifen-Design. Ideal f\u00fcr Strandausr\u00fcstung wie K\u00fchltaschen, St\u00fchle, Getr\u00e4nke und vieles mehr. Der Beach Trolley is neben Transporter auch ein bequemer Sitz mit&hellip;","og_url":"https:\/\/eurotrail.info\/de\/producten\/campingmoebel\/bollerwagen\/faltbare-strandwagen-stripes\/","og_site_name":"Eurotrail","og_image":[{"width":1112,"height":1772,"url":"https:\/\/eurotrail.info\/wp\/wp-content\/uploads\/2018\/01\/ETCF0962-Beach-Trailer-MultiColor-In-Use-18.jpg","type":"image\/jpeg"}],"twitter_card":"summary_large_image","schema":{"@context":"https:\/\/schema.org","@graph":[{"@type":"WebPage","@id":"https:\/\/eurotrail.info\/de\/producten\/campingmoebel\/bollerwagen\/faltbare-strandwagen-stripes\/","url":"https:\/\/eurotrail.info\/de\/producten\/campingmoebel\/bollerwagen\/faltbare-strandwagen-stripes\/","name":"Faltbare Strandwagen Stripes - Eurotrail","isPartOf":{"@id":"https:\/\/eurotrail.info\/#website"},"primaryImageOfPage":{"@id":"https:\/\/eurotrail.info\/de\/producten\/campingmoebel\/bollerwagen\/faltbare-strandwagen-stripes\/#primaryimage"},"image":{"@id":"https:\/\/eurotrail.info\/de\/producten\/campingmoebel\/bollerwagen\/faltbare-strandwagen-stripes\/#primaryimage"},"thumbnailUrl":"https:\/\/eurotrail.info\/wp\/wp-content\/uploads\/2018\/01\/ETCF0962-Beach-Trailer-MultiColor-In-Use-18.jpg","datePublished":"2018-01-05T08:23:21+00:00","breadcrumb":{"@id":"https:\/\/eurotrail.info\/de\/producten\/campingmoebel\/bollerwagen\/faltbare-strandwagen-stripes\/#breadcrumb"},"inLanguage":"de","potentialAction":[{"@type":"ReadAction","target":["https:\/\/eurotrail.info\/de\/producten\/campingmoebel\/bollerwagen\/faltbare-strandwagen-stripes\/"]}]},{"@type":"ImageObject","inLanguage":"de","@id":"https:\/\/eurotrail.info\/de\/producten\/campingmoebel\/bollerwagen\/faltbare-strandwagen-stripes\/#primaryimage","url":"https:\/\/eurotrail.info\/wp\/wp-content\/uploads\/2018\/01\/ETCF0962-Beach-Trailer-MultiColor-In-Use-18.jpg","contentUrl":"https:\/\/eurotrail.info\/wp\/wp-content\/uploads\/2018\/01\/ETCF0962-Beach-Trailer-MultiColor-In-Use-18.jpg","width":1112,"height":1772},{"@type":"BreadcrumbList","@id":"https:\/\/eurotrail.info\/de\/producten\/campingmoebel\/bollerwagen\/faltbare-strandwagen-stripes\/#breadcrumb","itemListElement":[{"@type":"ListItem","position":1,"name":"Home","item":"https:\/\/eurotrail.info\/de\/"},{"@type":"ListItem","position":2,"name":"Produkte","item":"https:\/\/eurotrail.info\/de\/produkte\/"},{"@type":"ListItem","position":3,"name":"Faltbare Strandwagen Stripes"}]},{"@type":"WebSite","@id":"https:\/\/eurotrail.info\/#website","url":"https:\/\/eurotrail.info\/","name":"Eurotrail","description":"","publisher":{"@id":"https:\/\/eurotrail.info\/#organization"},"potentialAction":[{"@type":"SearchAction","target":{"@type":"EntryPoint","urlTemplate":"https:\/\/eurotrail.info\/?s={search_term_string}"},"query-input":{"@type":"PropertyValueSpecification","valueRequired":true,"valueName":"search_term_string"}}],"inLanguage":"de"},{"@type":"Organization","@id":"https:\/\/eurotrail.info\/#organization","name":"Eurotrail","url":"https:\/\/eurotrail.info\/","logo":{"@type":"ImageObject","inLanguage":"de","@id":"https:\/\/eurotrail.info\/#\/schema\/logo\/image\/","url":"https:\/\/eurotrail.info\/wp\/wp-content\/uploads\/2023\/07\/ET-logo-quote_NL-scaled.jpg","contentUrl":"https:\/\/eurotrail.info\/wp\/wp-content\/uploads\/2023\/07\/ET-logo-quote_NL-scaled.jpg","width":2560,"height":675,"caption":"Eurotrail"},"image":{"@id":"https:\/\/eurotrail.info\/#\/schema\/logo\/image\/"}}]}},"_links":{"self":[{"href":"https:\/\/eurotrail.info\/de\/wp-json\/wp\/v2\/product\/6523","targetHints":{"allow":["GET"]}}],"collection":[{"href":"https:\/\/eurotrail.info\/de\/wp-json\/wp\/v2\/product"}],"about":[{"href":"https:\/\/eurotrail.info\/de\/wp-json\/wp\/v2\/types\/product"}],"replies":[{"embeddable":true,"href":"https:\/\/eurotrail.info\/de\/wp-json\/wp\/v2\/comments?post=6523"}],"wp:featuredmedia":[{"embeddable":true,"href":"https:\/\/eurotrail.info\/de\/wp-json\/wp\/v2\/media\/6518"}],"wp:attachment":[{"href":"https:\/\/eurotrail.info\/de\/wp-json\/wp\/v2\/media?parent=6523"}],"wp:term":[{"taxonomy":"product_brand","embeddable":true,"href":"https:\/\/eurotrail.info\/de\/wp-json\/wp\/v2\/product_brand?post=6523"},{"taxonomy":"product_cat","embeddable":true,"href":"https:\/\/eurotrail.info\/de\/wp-json\/wp\/v2\/product_cat?post=6523"},{"taxonomy":"product_tag","embeddable":true,"href":"https:\/\/eurotrail.info\/de\/wp-json\/wp\/v2\/product_tag?post=6523"}],"curies":[{"name":"wp","href":"https:\/\/api.w.org\/{rel}","templated":true}]}}