{"id":6638,"date":"2018-01-08T12:14:36","date_gmt":"2018-01-08T11:14:36","guid":{"rendered":"http:\/\/eurotrail.info\/producten\/kuchentisch-mayet\/"},"modified":"2019-01-28T09:27:24","modified_gmt":"2019-01-28T08:27:24","slug":"kuchentisch-mayet","status":"publish","type":"product","link":"https:\/\/eurotrail.info\/de\/producten\/campingmoebel\/kuechenschraenken\/kuchentisch-mayet\/","title":{"rendered":"K\u00fcchentisch  Mayet"},"content":{"rendered":"<p>Gro\u00dfer faltbarer K\u00fcchentisch mit Fliegengaze zur Entl\u00fcftung. Die Alu-Arbeitsplatte ist<br \/>\nrollbar. 1 Fach mit 2 Ablageb\u00f6den und 1 Fach f\u00fcr lagnung Flaschenkiste. Verstellbare<br \/>\nBeinen, inklusive Windschutz und Aufbewahrungstasche .<\/p>\n<p>Gr\u00f6\u00dfe: 88x50x80 \/ 104cm<br \/>\nGefaltet in: 92x50x11cm<br \/>\nMaterial: 100% Polyester<br \/>\nRahmen: Aluminium<br \/>\nTop Platte: Aluminium<br \/>\nWindschutzscheibe: Stahlblech<br \/>\nMax Belastung: 25 kg.<br \/>\nGewicht: 7,5 kg.<\/p>\n","protected":false},"excerpt":{"rendered":"<p>Gro\u00dfer faltbarer K\u00fcchentisch mit Fliegengaze zur Entl\u00fcftung. Die Alu-Arbeitsplatte ist rollbar. 1 Fach mit 2 Ablageb\u00f6den und 1 Fach f\u00fcr lagnung Flaschenkiste. Verstellbare Beinen, inklusive&hellip;<\/p>\n","protected":false},"featured_media":8087,"comment_status":"open","ping_status":"closed","template":"","meta":{"_acf_changed":false},"product_brand":[],"product_cat":[82,86],"product_tag":[],"class_list":{"0":"post-6638","1":"product","2":"type-product","3":"status-publish","4":"has-post-thumbnail","6":"product_cat-campingmoebel","7":"product_cat-kuechenschraenken","9":"first","10":"instock","11":"shipping-taxable","12":"product-type-simple"},"acf":[],"yoast_head":"<!-- This site is optimized with the Yoast SEO plugin v27.4 - https:\/\/yoast.com\/product\/yoast-seo-wordpress\/ -->\n<title>K\u00fcchentisch Mayet - Eurotrail<\/title>\n<meta name=\"robots\" content=\"index, follow, max-snippet:-1, max-image-preview:large, max-video-preview:-1\" \/>\n<link rel=\"canonical\" href=\"https:\/\/eurotrail.info\/de\/producten\/campingmoebel\/kuechenschraenken\/kuchentisch-mayet\/\" \/>\n<meta property=\"og:locale\" content=\"de_DE\" \/>\n<meta property=\"og:type\" content=\"article\" \/>\n<meta property=\"og:title\" content=\"K\u00fcchentisch Mayet - Eurotrail\" \/>\n<meta property=\"og:description\" content=\"Gro\u00dfer faltbarer K\u00fcchentisch mit Fliegengaze zur Entl\u00fcftung. Die Alu-Arbeitsplatte ist rollbar. 1 Fach mit 2 Ablageb\u00f6den und 1 Fach f\u00fcr lagnung Flaschenkiste. Verstellbare Beinen, inklusive&hellip;\" \/>\n<meta property=\"og:url\" content=\"https:\/\/eurotrail.info\/de\/producten\/campingmoebel\/kuechenschraenken\/kuchentisch-mayet\/\" \/>\n<meta property=\"og:site_name\" content=\"Eurotrail\" \/>\n<meta property=\"article:modified_time\" content=\"2019-01-28T08:27:24+00:00\" \/>\n<meta property=\"og:image\" content=\"https:\/\/eurotrail.info\/wp\/wp-content\/uploads\/2018\/01\/ETCF1356-Mayet-Charcoal-Black-Set-18.jpg\" \/>\n\t<meta property=\"og:image:width\" content=\"1536\" \/>\n\t<meta property=\"og:image:height\" content=\"1772\" \/>\n\t<meta property=\"og:image:type\" content=\"image\/jpeg\" \/>\n<meta name=\"twitter:card\" content=\"summary_large_image\" \/>\n<script type=\"application\/ld+json\" class=\"yoast-schema-graph\">{\"@context\":\"https:\\\/\\\/schema.org\",\"@graph\":[{\"@type\":\"WebPage\",\"@id\":\"https:\\\/\\\/eurotrail.info\\\/de\\\/producten\\\/campingmoebel\\\/kuechenschraenken\\\/kuchentisch-mayet\\\/\",\"url\":\"https:\\\/\\\/eurotrail.info\\\/de\\\/producten\\\/campingmoebel\\\/kuechenschraenken\\\/kuchentisch-mayet\\\/\",\"name\":\"K\u00fcchentisch Mayet - Eurotrail\",\"isPartOf\":{\"@id\":\"https:\\\/\\\/eurotrail.info\\\/#website\"},\"primaryImageOfPage\":{\"@id\":\"https:\\\/\\\/eurotrail.info\\\/de\\\/producten\\\/campingmoebel\\\/kuechenschraenken\\\/kuchentisch-mayet\\\/#primaryimage\"},\"image\":{\"@id\":\"https:\\\/\\\/eurotrail.info\\\/de\\\/producten\\\/campingmoebel\\\/kuechenschraenken\\\/kuchentisch-mayet\\\/#primaryimage\"},\"thumbnailUrl\":\"https:\\\/\\\/eurotrail.info\\\/wp\\\/wp-content\\\/uploads\\\/2018\\\/01\\\/ETCF1356-Mayet-Charcoal-Black-Set-18.jpg\",\"datePublished\":\"2018-01-08T11:14:36+00:00\",\"dateModified\":\"2019-01-28T08:27:24+00:00\",\"breadcrumb\":{\"@id\":\"https:\\\/\\\/eurotrail.info\\\/de\\\/producten\\\/campingmoebel\\\/kuechenschraenken\\\/kuchentisch-mayet\\\/#breadcrumb\"},\"inLanguage\":\"de\",\"potentialAction\":[{\"@type\":\"ReadAction\",\"target\":[\"https:\\\/\\\/eurotrail.info\\\/de\\\/producten\\\/campingmoebel\\\/kuechenschraenken\\\/kuchentisch-mayet\\\/\"]}]},{\"@type\":\"ImageObject\",\"inLanguage\":\"de\",\"@id\":\"https:\\\/\\\/eurotrail.info\\\/de\\\/producten\\\/campingmoebel\\\/kuechenschraenken\\\/kuchentisch-mayet\\\/#primaryimage\",\"url\":\"https:\\\/\\\/eurotrail.info\\\/wp\\\/wp-content\\\/uploads\\\/2018\\\/01\\\/ETCF1356-Mayet-Charcoal-Black-Set-18.jpg\",\"contentUrl\":\"https:\\\/\\\/eurotrail.info\\\/wp\\\/wp-content\\\/uploads\\\/2018\\\/01\\\/ETCF1356-Mayet-Charcoal-Black-Set-18.jpg\",\"width\":1536,\"height\":1772,\"caption\":\"Gro\u00dfer faltbarer K\u00fcchentisch mit Fliegengaze zur Entl\u00fcftung\"},{\"@type\":\"BreadcrumbList\",\"@id\":\"https:\\\/\\\/eurotrail.info\\\/de\\\/producten\\\/campingmoebel\\\/kuechenschraenken\\\/kuchentisch-mayet\\\/#breadcrumb\",\"itemListElement\":[{\"@type\":\"ListItem\",\"position\":1,\"name\":\"Home\",\"item\":\"https:\\\/\\\/eurotrail.info\\\/de\\\/\"},{\"@type\":\"ListItem\",\"position\":2,\"name\":\"Produkte\",\"item\":\"https:\\\/\\\/eurotrail.info\\\/de\\\/produkte\\\/\"},{\"@type\":\"ListItem\",\"position\":3,\"name\":\"K\u00fcchentisch Mayet\"}]},{\"@type\":\"WebSite\",\"@id\":\"https:\\\/\\\/eurotrail.info\\\/#website\",\"url\":\"https:\\\/\\\/eurotrail.info\\\/\",\"name\":\"Eurotrail\",\"description\":\"\",\"publisher\":{\"@id\":\"https:\\\/\\\/eurotrail.info\\\/#organization\"},\"potentialAction\":[{\"@type\":\"SearchAction\",\"target\":{\"@type\":\"EntryPoint\",\"urlTemplate\":\"https:\\\/\\\/eurotrail.info\\\/?s={search_term_string}\"},\"query-input\":{\"@type\":\"PropertyValueSpecification\",\"valueRequired\":true,\"valueName\":\"search_term_string\"}}],\"inLanguage\":\"de\"},{\"@type\":\"Organization\",\"@id\":\"https:\\\/\\\/eurotrail.info\\\/#organization\",\"name\":\"Eurotrail\",\"url\":\"https:\\\/\\\/eurotrail.info\\\/\",\"logo\":{\"@type\":\"ImageObject\",\"inLanguage\":\"de\",\"@id\":\"https:\\\/\\\/eurotrail.info\\\/#\\\/schema\\\/logo\\\/image\\\/\",\"url\":\"https:\\\/\\\/eurotrail.info\\\/wp\\\/wp-content\\\/uploads\\\/2023\\\/07\\\/ET-logo-quote_NL-scaled.jpg\",\"contentUrl\":\"https:\\\/\\\/eurotrail.info\\\/wp\\\/wp-content\\\/uploads\\\/2023\\\/07\\\/ET-logo-quote_NL-scaled.jpg\",\"width\":2560,\"height\":675,\"caption\":\"Eurotrail\"},\"image\":{\"@id\":\"https:\\\/\\\/eurotrail.info\\\/#\\\/schema\\\/logo\\\/image\\\/\"}}]}<\/script>\n<!-- \/ Yoast SEO plugin. -->","yoast_head_json":{"title":"K\u00fcchentisch Mayet - Eurotrail","robots":{"index":"index","follow":"follow","max-snippet":"max-snippet:-1","max-image-preview":"max-image-preview:large","max-video-preview":"max-video-preview:-1"},"canonical":"https:\/\/eurotrail.info\/de\/producten\/campingmoebel\/kuechenschraenken\/kuchentisch-mayet\/","og_locale":"de_DE","og_type":"article","og_title":"K\u00fcchentisch Mayet - Eurotrail","og_description":"Gro\u00dfer faltbarer K\u00fcchentisch mit Fliegengaze zur Entl\u00fcftung. Die Alu-Arbeitsplatte ist rollbar. 1 Fach mit 2 Ablageb\u00f6den und 1 Fach f\u00fcr lagnung Flaschenkiste. Verstellbare Beinen, inklusive&hellip;","og_url":"https:\/\/eurotrail.info\/de\/producten\/campingmoebel\/kuechenschraenken\/kuchentisch-mayet\/","og_site_name":"Eurotrail","article_modified_time":"2019-01-28T08:27:24+00:00","og_image":[{"width":1536,"height":1772,"url":"https:\/\/eurotrail.info\/wp\/wp-content\/uploads\/2018\/01\/ETCF1356-Mayet-Charcoal-Black-Set-18.jpg","type":"image\/jpeg"}],"twitter_card":"summary_large_image","schema":{"@context":"https:\/\/schema.org","@graph":[{"@type":"WebPage","@id":"https:\/\/eurotrail.info\/de\/producten\/campingmoebel\/kuechenschraenken\/kuchentisch-mayet\/","url":"https:\/\/eurotrail.info\/de\/producten\/campingmoebel\/kuechenschraenken\/kuchentisch-mayet\/","name":"K\u00fcchentisch Mayet - Eurotrail","isPartOf":{"@id":"https:\/\/eurotrail.info\/#website"},"primaryImageOfPage":{"@id":"https:\/\/eurotrail.info\/de\/producten\/campingmoebel\/kuechenschraenken\/kuchentisch-mayet\/#primaryimage"},"image":{"@id":"https:\/\/eurotrail.info\/de\/producten\/campingmoebel\/kuechenschraenken\/kuchentisch-mayet\/#primaryimage"},"thumbnailUrl":"https:\/\/eurotrail.info\/wp\/wp-content\/uploads\/2018\/01\/ETCF1356-Mayet-Charcoal-Black-Set-18.jpg","datePublished":"2018-01-08T11:14:36+00:00","dateModified":"2019-01-28T08:27:24+00:00","breadcrumb":{"@id":"https:\/\/eurotrail.info\/de\/producten\/campingmoebel\/kuechenschraenken\/kuchentisch-mayet\/#breadcrumb"},"inLanguage":"de","potentialAction":[{"@type":"ReadAction","target":["https:\/\/eurotrail.info\/de\/producten\/campingmoebel\/kuechenschraenken\/kuchentisch-mayet\/"]}]},{"@type":"ImageObject","inLanguage":"de","@id":"https:\/\/eurotrail.info\/de\/producten\/campingmoebel\/kuechenschraenken\/kuchentisch-mayet\/#primaryimage","url":"https:\/\/eurotrail.info\/wp\/wp-content\/uploads\/2018\/01\/ETCF1356-Mayet-Charcoal-Black-Set-18.jpg","contentUrl":"https:\/\/eurotrail.info\/wp\/wp-content\/uploads\/2018\/01\/ETCF1356-Mayet-Charcoal-Black-Set-18.jpg","width":1536,"height":1772,"caption":"Gro\u00dfer faltbarer K\u00fcchentisch mit Fliegengaze zur Entl\u00fcftung"},{"@type":"BreadcrumbList","@id":"https:\/\/eurotrail.info\/de\/producten\/campingmoebel\/kuechenschraenken\/kuchentisch-mayet\/#breadcrumb","itemListElement":[{"@type":"ListItem","position":1,"name":"Home","item":"https:\/\/eurotrail.info\/de\/"},{"@type":"ListItem","position":2,"name":"Produkte","item":"https:\/\/eurotrail.info\/de\/produkte\/"},{"@type":"ListItem","position":3,"name":"K\u00fcchentisch Mayet"}]},{"@type":"WebSite","@id":"https:\/\/eurotrail.info\/#website","url":"https:\/\/eurotrail.info\/","name":"Eurotrail","description":"","publisher":{"@id":"https:\/\/eurotrail.info\/#organization"},"potentialAction":[{"@type":"SearchAction","target":{"@type":"EntryPoint","urlTemplate":"https:\/\/eurotrail.info\/?s={search_term_string}"},"query-input":{"@type":"PropertyValueSpecification","valueRequired":true,"valueName":"search_term_string"}}],"inLanguage":"de"},{"@type":"Organization","@id":"https:\/\/eurotrail.info\/#organization","name":"Eurotrail","url":"https:\/\/eurotrail.info\/","logo":{"@type":"ImageObject","inLanguage":"de","@id":"https:\/\/eurotrail.info\/#\/schema\/logo\/image\/","url":"https:\/\/eurotrail.info\/wp\/wp-content\/uploads\/2023\/07\/ET-logo-quote_NL-scaled.jpg","contentUrl":"https:\/\/eurotrail.info\/wp\/wp-content\/uploads\/2023\/07\/ET-logo-quote_NL-scaled.jpg","width":2560,"height":675,"caption":"Eurotrail"},"image":{"@id":"https:\/\/eurotrail.info\/#\/schema\/logo\/image\/"}}]}},"_links":{"self":[{"href":"https:\/\/eurotrail.info\/de\/wp-json\/wp\/v2\/product\/6638","targetHints":{"allow":["GET"]}}],"collection":[{"href":"https:\/\/eurotrail.info\/de\/wp-json\/wp\/v2\/product"}],"about":[{"href":"https:\/\/eurotrail.info\/de\/wp-json\/wp\/v2\/types\/product"}],"replies":[{"embeddable":true,"href":"https:\/\/eurotrail.info\/de\/wp-json\/wp\/v2\/comments?post=6638"}],"wp:featuredmedia":[{"embeddable":true,"href":"https:\/\/eurotrail.info\/de\/wp-json\/wp\/v2\/media\/8087"}],"wp:attachment":[{"href":"https:\/\/eurotrail.info\/de\/wp-json\/wp\/v2\/media?parent=6638"}],"wp:term":[{"taxonomy":"product_brand","embeddable":true,"href":"https:\/\/eurotrail.info\/de\/wp-json\/wp\/v2\/product_brand?post=6638"},{"taxonomy":"product_cat","embeddable":true,"href":"https:\/\/eurotrail.info\/de\/wp-json\/wp\/v2\/product_cat?post=6638"},{"taxonomy":"product_tag","embeddable":true,"href":"https:\/\/eurotrail.info\/de\/wp-json\/wp\/v2\/product_tag?post=6638"}],"curies":[{"name":"wp","href":"https:\/\/api.w.org\/{rel}","templated":true}]}}