{"id":6899,"date":"2018-01-09T12:31:37","date_gmt":"2018-01-09T11:31:37","guid":{"rendered":"http:\/\/eurotrail.info\/producten\/oxford-utensilientasache\/"},"modified":"2018-01-09T12:31:37","modified_gmt":"2018-01-09T11:31:37","slug":"oxford-utensilientasache","status":"publish","type":"product","link":"https:\/\/eurotrail.info\/de\/producten\/zubehoer\/utensilientasche\/oxford-utensilientasache\/","title":{"rendered":"Oxford Utensilientasache"},"content":{"rendered":"<p>Sehr ger\u00e4umiger Organizer geeignet f\u00fcr alle Arten von Campingartikeln wie Schuhe,<br \/>\nHandt\u00fccher oder andere Kleidung. Der Oxford hat einen Rei\u00dfverschluss Abdeckung,<br \/>\nder sehr praktisch f\u00fcr den Transport ist und mit L\u00fcftungsringen ausgestattet ist. Der<br \/>\nOxford hat einen stabilen Kunststoffgriff auf der Oberseite und kann auf verschiedene<br \/>\nWeise angebracht werden; Mit der Keder auf der Caravan Schiene, mit dem<br \/>\nKlettverschluss an einem Zeltstab oder mit den \u00d6sen zum Aufh\u00e4ngen.<\/p>\n<p>Verf\u00fcgbare Farbe: schwarz \/ gr\u00fcn<\/p>\n<p>Oxford ist in 2 Gr\u00f6\u00dfen erh\u00e4ltlich:<br \/>\nOxford S: 25x80cm, 5 gro\u00dfe Steckf\u00e4cher und 1 Netztasche<br \/>\nOxford L: 53x80cm, 8 ger\u00e4umige Einsteckf\u00e4cher und 2 Netztaschen<\/p>\n<p>Material: 100% Oxford Polyester<\/p>\n","protected":false},"excerpt":{"rendered":"<p>Sehr ger\u00e4umiger Organizer geeignet f\u00fcr alle Arten von Campingartikeln wie Schuhe, Handt\u00fccher oder andere Kleidung. Der Oxford hat einen Rei\u00dfverschluss Abdeckung, der sehr praktisch f\u00fcr&hellip;<\/p>\n","protected":false},"featured_media":6869,"comment_status":"open","ping_status":"closed","template":"","meta":{"_acf_changed":false},"product_brand":[],"product_cat":[181,66],"product_tag":[],"class_list":{"0":"post-6899","1":"product","2":"type-product","3":"status-publish","4":"has-post-thumbnail","6":"product_cat-utensilientasche","7":"product_cat-zubehoer","9":"first","10":"instock","11":"shipping-taxable","12":"product-type-simple"},"acf":[],"yoast_head":"<!-- This site is optimized with the Yoast SEO plugin v27.4 - https:\/\/yoast.com\/product\/yoast-seo-wordpress\/ -->\n<title>Oxford Utensilientasache - Eurotrail<\/title>\n<meta name=\"robots\" content=\"index, follow, max-snippet:-1, max-image-preview:large, max-video-preview:-1\" \/>\n<link rel=\"canonical\" href=\"https:\/\/eurotrail.info\/de\/producten\/zubehoer\/utensilientasche\/oxford-utensilientasache\/\" \/>\n<meta property=\"og:locale\" content=\"de_DE\" \/>\n<meta property=\"og:type\" content=\"article\" \/>\n<meta property=\"og:title\" content=\"Oxford Utensilientasache - Eurotrail\" \/>\n<meta property=\"og:description\" content=\"Sehr ger\u00e4umiger Organizer geeignet f\u00fcr alle Arten von Campingartikeln wie Schuhe, Handt\u00fccher oder andere Kleidung. Der Oxford hat einen Rei\u00dfverschluss Abdeckung, der sehr praktisch f\u00fcr&hellip;\" \/>\n<meta property=\"og:url\" content=\"https:\/\/eurotrail.info\/de\/producten\/zubehoer\/utensilientasche\/oxford-utensilientasache\/\" \/>\n<meta property=\"og:site_name\" content=\"Eurotrail\" \/>\n<meta property=\"og:image\" content=\"https:\/\/eurotrail.info\/wp\/wp-content\/uploads\/2018\/01\/ETAC0291-Oxford-L-Lime-Black-Open-In-Use-18.jpg\" \/>\n\t<meta property=\"og:image:width\" content=\"1056\" \/>\n\t<meta property=\"og:image:height\" content=\"1772\" \/>\n\t<meta property=\"og:image:type\" content=\"image\/jpeg\" \/>\n<meta name=\"twitter:card\" content=\"summary_large_image\" \/>\n<meta name=\"twitter:label1\" content=\"Gesch\u00e4tzte Lesezeit\" \/>\n\t<meta name=\"twitter:data1\" content=\"1\u00a0Minute\" \/>\n<script type=\"application\/ld+json\" class=\"yoast-schema-graph\">{\"@context\":\"https:\\\/\\\/schema.org\",\"@graph\":[{\"@type\":\"WebPage\",\"@id\":\"https:\\\/\\\/eurotrail.info\\\/de\\\/producten\\\/zubehoer\\\/utensilientasche\\\/oxford-utensilientasache\\\/\",\"url\":\"https:\\\/\\\/eurotrail.info\\\/de\\\/producten\\\/zubehoer\\\/utensilientasche\\\/oxford-utensilientasache\\\/\",\"name\":\"Oxford Utensilientasache - Eurotrail\",\"isPartOf\":{\"@id\":\"https:\\\/\\\/eurotrail.info\\\/#website\"},\"primaryImageOfPage\":{\"@id\":\"https:\\\/\\\/eurotrail.info\\\/de\\\/producten\\\/zubehoer\\\/utensilientasche\\\/oxford-utensilientasache\\\/#primaryimage\"},\"image\":{\"@id\":\"https:\\\/\\\/eurotrail.info\\\/de\\\/producten\\\/zubehoer\\\/utensilientasche\\\/oxford-utensilientasache\\\/#primaryimage\"},\"thumbnailUrl\":\"https:\\\/\\\/eurotrail.info\\\/wp\\\/wp-content\\\/uploads\\\/2018\\\/01\\\/ETAC0291-Oxford-L-Lime-Black-Open-In-Use-18.jpg\",\"datePublished\":\"2018-01-09T11:31:37+00:00\",\"breadcrumb\":{\"@id\":\"https:\\\/\\\/eurotrail.info\\\/de\\\/producten\\\/zubehoer\\\/utensilientasche\\\/oxford-utensilientasache\\\/#breadcrumb\"},\"inLanguage\":\"de\",\"potentialAction\":[{\"@type\":\"ReadAction\",\"target\":[\"https:\\\/\\\/eurotrail.info\\\/de\\\/producten\\\/zubehoer\\\/utensilientasche\\\/oxford-utensilientasache\\\/\"]}]},{\"@type\":\"ImageObject\",\"inLanguage\":\"de\",\"@id\":\"https:\\\/\\\/eurotrail.info\\\/de\\\/producten\\\/zubehoer\\\/utensilientasche\\\/oxford-utensilientasache\\\/#primaryimage\",\"url\":\"https:\\\/\\\/eurotrail.info\\\/wp\\\/wp-content\\\/uploads\\\/2018\\\/01\\\/ETAC0291-Oxford-L-Lime-Black-Open-In-Use-18.jpg\",\"contentUrl\":\"https:\\\/\\\/eurotrail.info\\\/wp\\\/wp-content\\\/uploads\\\/2018\\\/01\\\/ETAC0291-Oxford-L-Lime-Black-Open-In-Use-18.jpg\",\"width\":1056,\"height\":1772},{\"@type\":\"BreadcrumbList\",\"@id\":\"https:\\\/\\\/eurotrail.info\\\/de\\\/producten\\\/zubehoer\\\/utensilientasche\\\/oxford-utensilientasache\\\/#breadcrumb\",\"itemListElement\":[{\"@type\":\"ListItem\",\"position\":1,\"name\":\"Home\",\"item\":\"https:\\\/\\\/eurotrail.info\\\/de\\\/\"},{\"@type\":\"ListItem\",\"position\":2,\"name\":\"Produkte\",\"item\":\"https:\\\/\\\/eurotrail.info\\\/de\\\/produkte\\\/\"},{\"@type\":\"ListItem\",\"position\":3,\"name\":\"Oxford Utensilientasache\"}]},{\"@type\":\"WebSite\",\"@id\":\"https:\\\/\\\/eurotrail.info\\\/#website\",\"url\":\"https:\\\/\\\/eurotrail.info\\\/\",\"name\":\"Eurotrail\",\"description\":\"\",\"publisher\":{\"@id\":\"https:\\\/\\\/eurotrail.info\\\/#organization\"},\"potentialAction\":[{\"@type\":\"SearchAction\",\"target\":{\"@type\":\"EntryPoint\",\"urlTemplate\":\"https:\\\/\\\/eurotrail.info\\\/?s={search_term_string}\"},\"query-input\":{\"@type\":\"PropertyValueSpecification\",\"valueRequired\":true,\"valueName\":\"search_term_string\"}}],\"inLanguage\":\"de\"},{\"@type\":\"Organization\",\"@id\":\"https:\\\/\\\/eurotrail.info\\\/#organization\",\"name\":\"Eurotrail\",\"url\":\"https:\\\/\\\/eurotrail.info\\\/\",\"logo\":{\"@type\":\"ImageObject\",\"inLanguage\":\"de\",\"@id\":\"https:\\\/\\\/eurotrail.info\\\/#\\\/schema\\\/logo\\\/image\\\/\",\"url\":\"https:\\\/\\\/eurotrail.info\\\/wp\\\/wp-content\\\/uploads\\\/2023\\\/07\\\/ET-logo-quote_NL-scaled.jpg\",\"contentUrl\":\"https:\\\/\\\/eurotrail.info\\\/wp\\\/wp-content\\\/uploads\\\/2023\\\/07\\\/ET-logo-quote_NL-scaled.jpg\",\"width\":2560,\"height\":675,\"caption\":\"Eurotrail\"},\"image\":{\"@id\":\"https:\\\/\\\/eurotrail.info\\\/#\\\/schema\\\/logo\\\/image\\\/\"}}]}<\/script>\n<!-- \/ Yoast SEO plugin. -->","yoast_head_json":{"title":"Oxford Utensilientasache - Eurotrail","robots":{"index":"index","follow":"follow","max-snippet":"max-snippet:-1","max-image-preview":"max-image-preview:large","max-video-preview":"max-video-preview:-1"},"canonical":"https:\/\/eurotrail.info\/de\/producten\/zubehoer\/utensilientasche\/oxford-utensilientasache\/","og_locale":"de_DE","og_type":"article","og_title":"Oxford Utensilientasache - Eurotrail","og_description":"Sehr ger\u00e4umiger Organizer geeignet f\u00fcr alle Arten von Campingartikeln wie Schuhe, Handt\u00fccher oder andere Kleidung. Der Oxford hat einen Rei\u00dfverschluss Abdeckung, der sehr praktisch f\u00fcr&hellip;","og_url":"https:\/\/eurotrail.info\/de\/producten\/zubehoer\/utensilientasche\/oxford-utensilientasache\/","og_site_name":"Eurotrail","og_image":[{"width":1056,"height":1772,"url":"https:\/\/eurotrail.info\/wp\/wp-content\/uploads\/2018\/01\/ETAC0291-Oxford-L-Lime-Black-Open-In-Use-18.jpg","type":"image\/jpeg"}],"twitter_card":"summary_large_image","twitter_misc":{"Gesch\u00e4tzte Lesezeit":"1\u00a0Minute"},"schema":{"@context":"https:\/\/schema.org","@graph":[{"@type":"WebPage","@id":"https:\/\/eurotrail.info\/de\/producten\/zubehoer\/utensilientasche\/oxford-utensilientasache\/","url":"https:\/\/eurotrail.info\/de\/producten\/zubehoer\/utensilientasche\/oxford-utensilientasache\/","name":"Oxford Utensilientasache - Eurotrail","isPartOf":{"@id":"https:\/\/eurotrail.info\/#website"},"primaryImageOfPage":{"@id":"https:\/\/eurotrail.info\/de\/producten\/zubehoer\/utensilientasche\/oxford-utensilientasache\/#primaryimage"},"image":{"@id":"https:\/\/eurotrail.info\/de\/producten\/zubehoer\/utensilientasche\/oxford-utensilientasache\/#primaryimage"},"thumbnailUrl":"https:\/\/eurotrail.info\/wp\/wp-content\/uploads\/2018\/01\/ETAC0291-Oxford-L-Lime-Black-Open-In-Use-18.jpg","datePublished":"2018-01-09T11:31:37+00:00","breadcrumb":{"@id":"https:\/\/eurotrail.info\/de\/producten\/zubehoer\/utensilientasche\/oxford-utensilientasache\/#breadcrumb"},"inLanguage":"de","potentialAction":[{"@type":"ReadAction","target":["https:\/\/eurotrail.info\/de\/producten\/zubehoer\/utensilientasche\/oxford-utensilientasache\/"]}]},{"@type":"ImageObject","inLanguage":"de","@id":"https:\/\/eurotrail.info\/de\/producten\/zubehoer\/utensilientasche\/oxford-utensilientasache\/#primaryimage","url":"https:\/\/eurotrail.info\/wp\/wp-content\/uploads\/2018\/01\/ETAC0291-Oxford-L-Lime-Black-Open-In-Use-18.jpg","contentUrl":"https:\/\/eurotrail.info\/wp\/wp-content\/uploads\/2018\/01\/ETAC0291-Oxford-L-Lime-Black-Open-In-Use-18.jpg","width":1056,"height":1772},{"@type":"BreadcrumbList","@id":"https:\/\/eurotrail.info\/de\/producten\/zubehoer\/utensilientasche\/oxford-utensilientasache\/#breadcrumb","itemListElement":[{"@type":"ListItem","position":1,"name":"Home","item":"https:\/\/eurotrail.info\/de\/"},{"@type":"ListItem","position":2,"name":"Produkte","item":"https:\/\/eurotrail.info\/de\/produkte\/"},{"@type":"ListItem","position":3,"name":"Oxford Utensilientasache"}]},{"@type":"WebSite","@id":"https:\/\/eurotrail.info\/#website","url":"https:\/\/eurotrail.info\/","name":"Eurotrail","description":"","publisher":{"@id":"https:\/\/eurotrail.info\/#organization"},"potentialAction":[{"@type":"SearchAction","target":{"@type":"EntryPoint","urlTemplate":"https:\/\/eurotrail.info\/?s={search_term_string}"},"query-input":{"@type":"PropertyValueSpecification","valueRequired":true,"valueName":"search_term_string"}}],"inLanguage":"de"},{"@type":"Organization","@id":"https:\/\/eurotrail.info\/#organization","name":"Eurotrail","url":"https:\/\/eurotrail.info\/","logo":{"@type":"ImageObject","inLanguage":"de","@id":"https:\/\/eurotrail.info\/#\/schema\/logo\/image\/","url":"https:\/\/eurotrail.info\/wp\/wp-content\/uploads\/2023\/07\/ET-logo-quote_NL-scaled.jpg","contentUrl":"https:\/\/eurotrail.info\/wp\/wp-content\/uploads\/2023\/07\/ET-logo-quote_NL-scaled.jpg","width":2560,"height":675,"caption":"Eurotrail"},"image":{"@id":"https:\/\/eurotrail.info\/#\/schema\/logo\/image\/"}}]}},"_links":{"self":[{"href":"https:\/\/eurotrail.info\/de\/wp-json\/wp\/v2\/product\/6899","targetHints":{"allow":["GET"]}}],"collection":[{"href":"https:\/\/eurotrail.info\/de\/wp-json\/wp\/v2\/product"}],"about":[{"href":"https:\/\/eurotrail.info\/de\/wp-json\/wp\/v2\/types\/product"}],"replies":[{"embeddable":true,"href":"https:\/\/eurotrail.info\/de\/wp-json\/wp\/v2\/comments?post=6899"}],"wp:featuredmedia":[{"embeddable":true,"href":"https:\/\/eurotrail.info\/de\/wp-json\/wp\/v2\/media\/6869"}],"wp:attachment":[{"href":"https:\/\/eurotrail.info\/de\/wp-json\/wp\/v2\/media?parent=6899"}],"wp:term":[{"taxonomy":"product_brand","embeddable":true,"href":"https:\/\/eurotrail.info\/de\/wp-json\/wp\/v2\/product_brand?post=6899"},{"taxonomy":"product_cat","embeddable":true,"href":"https:\/\/eurotrail.info\/de\/wp-json\/wp\/v2\/product_cat?post=6899"},{"taxonomy":"product_tag","embeddable":true,"href":"https:\/\/eurotrail.info\/de\/wp-json\/wp\/v2\/product_tag?post=6899"}],"curies":[{"name":"wp","href":"https:\/\/api.w.org\/{rel}","templated":true}]}}