{"id":6967,"date":"2018-01-10T09:42:18","date_gmt":"2018-01-10T08:42:18","guid":{"rendered":"http:\/\/eurotrail.info\/producten\/spule-mit-stopper\/"},"modified":"2020-12-18T13:25:51","modified_gmt":"2020-12-18T12:25:51","slug":"spule-mit-stopper","status":"publish","type":"product","link":"https:\/\/eurotrail.info\/de\/producten\/haushaltartikel\/faltbaren-artikeln-aus-silikon\/spule-mit-stopper\/","title":{"rendered":"Sp\u00fcle mit Stopper"},"content":{"rendered":"<p>Sp\u00fcle mit Stopper<br \/>\nFaltbare Sp\u00fclsch\u00fcssel mit praktischen Tragegriffe und Ablaufstopfen.<br \/>\nIdeale Abwaschsch\u00fcssel mit einen praktische Ablaufstopf. Einfach zusammen faltbar,<br \/>\nkleines Packmass. Tragegriffe und Boden aus PP Plastik, W\u00e4nde aus Silikone.<\/p>\n<p>Material: Silikon, Boden und Tragegriffe aus PP-Kunststoff<br \/>\nGr\u00f6\u00dfe: 30x30x17cm<br \/>\nGefaltet: 30x30x8cm<br \/>\nInhalt: 11 ltr.<br \/>\nVerf\u00fcgbar in gr\u00fcn \/ grau<\/p>\n","protected":false},"excerpt":{"rendered":"<p>Sp\u00fcle mit Stopper Faltbare Sp\u00fclsch\u00fcssel mit praktischen Tragegriffe und Ablaufstopfen. Ideale Abwaschsch\u00fcssel mit einen praktische Ablaufstopf. Einfach zusammen faltbar, kleines Packmass. Tragegriffe und Boden aus&hellip;<\/p>\n","protected":false},"featured_media":6966,"comment_status":"open","ping_status":"closed","template":"","meta":{"_acf_changed":false},"product_brand":[],"product_cat":[80,78],"product_tag":[],"class_list":{"0":"post-6967","1":"product","2":"type-product","3":"status-publish","4":"has-post-thumbnail","6":"product_cat-faltbaren-artikeln-aus-silikon","7":"product_cat-haushaltartikel","9":"first","10":"instock","11":"shipping-taxable","12":"product-type-simple"},"acf":[],"yoast_head":"<!-- This site is optimized with the Yoast SEO plugin v27.4 - https:\/\/yoast.com\/product\/yoast-seo-wordpress\/ -->\n<title>Sp\u00fcle mit Stopper - Eurotrail<\/title>\n<meta name=\"robots\" content=\"index, follow, max-snippet:-1, max-image-preview:large, max-video-preview:-1\" \/>\n<link rel=\"canonical\" href=\"https:\/\/eurotrail.info\/de\/producten\/haushaltartikel\/faltbaren-artikeln-aus-silikon\/spule-mit-stopper\/\" \/>\n<meta property=\"og:locale\" content=\"de_DE\" \/>\n<meta property=\"og:type\" content=\"article\" \/>\n<meta property=\"og:title\" content=\"Sp\u00fcle mit Stopper - Eurotrail\" \/>\n<meta property=\"og:description\" content=\"Sp\u00fcle mit Stopper Faltbare Sp\u00fclsch\u00fcssel mit praktischen Tragegriffe und Ablaufstopfen. Ideale Abwaschsch\u00fcssel mit einen praktische Ablaufstopf. Einfach zusammen faltbar, kleines Packmass. Tragegriffe und Boden aus&hellip;\" \/>\n<meta property=\"og:url\" content=\"https:\/\/eurotrail.info\/de\/producten\/haushaltartikel\/faltbaren-artikeln-aus-silikon\/spule-mit-stopper\/\" \/>\n<meta property=\"og:site_name\" content=\"Eurotrail\" \/>\n<meta property=\"article:modified_time\" content=\"2020-12-18T12:25:51+00:00\" \/>\n<meta property=\"og:image\" content=\"https:\/\/eurotrail.info\/wp\/wp-content\/uploads\/2018\/01\/ETKW5101-Sink-set-17.jpg\" \/>\n\t<meta property=\"og:image:width\" content=\"1772\" \/>\n\t<meta property=\"og:image:height\" content=\"1426\" \/>\n\t<meta property=\"og:image:type\" content=\"image\/jpeg\" \/>\n<meta name=\"twitter:card\" content=\"summary_large_image\" \/>\n<script type=\"application\/ld+json\" class=\"yoast-schema-graph\">{\"@context\":\"https:\\\/\\\/schema.org\",\"@graph\":[{\"@type\":\"WebPage\",\"@id\":\"https:\\\/\\\/eurotrail.info\\\/de\\\/producten\\\/haushaltartikel\\\/faltbaren-artikeln-aus-silikon\\\/spule-mit-stopper\\\/\",\"url\":\"https:\\\/\\\/eurotrail.info\\\/de\\\/producten\\\/haushaltartikel\\\/faltbaren-artikeln-aus-silikon\\\/spule-mit-stopper\\\/\",\"name\":\"Sp\u00fcle mit Stopper - Eurotrail\",\"isPartOf\":{\"@id\":\"https:\\\/\\\/eurotrail.info\\\/#website\"},\"primaryImageOfPage\":{\"@id\":\"https:\\\/\\\/eurotrail.info\\\/de\\\/producten\\\/haushaltartikel\\\/faltbaren-artikeln-aus-silikon\\\/spule-mit-stopper\\\/#primaryimage\"},\"image\":{\"@id\":\"https:\\\/\\\/eurotrail.info\\\/de\\\/producten\\\/haushaltartikel\\\/faltbaren-artikeln-aus-silikon\\\/spule-mit-stopper\\\/#primaryimage\"},\"thumbnailUrl\":\"https:\\\/\\\/eurotrail.info\\\/wp\\\/wp-content\\\/uploads\\\/2018\\\/01\\\/ETKW5101-Sink-set-17.jpg\",\"datePublished\":\"2018-01-10T08:42:18+00:00\",\"dateModified\":\"2020-12-18T12:25:51+00:00\",\"breadcrumb\":{\"@id\":\"https:\\\/\\\/eurotrail.info\\\/de\\\/producten\\\/haushaltartikel\\\/faltbaren-artikeln-aus-silikon\\\/spule-mit-stopper\\\/#breadcrumb\"},\"inLanguage\":\"de\",\"potentialAction\":[{\"@type\":\"ReadAction\",\"target\":[\"https:\\\/\\\/eurotrail.info\\\/de\\\/producten\\\/haushaltartikel\\\/faltbaren-artikeln-aus-silikon\\\/spule-mit-stopper\\\/\"]}]},{\"@type\":\"ImageObject\",\"inLanguage\":\"de\",\"@id\":\"https:\\\/\\\/eurotrail.info\\\/de\\\/producten\\\/haushaltartikel\\\/faltbaren-artikeln-aus-silikon\\\/spule-mit-stopper\\\/#primaryimage\",\"url\":\"https:\\\/\\\/eurotrail.info\\\/wp\\\/wp-content\\\/uploads\\\/2018\\\/01\\\/ETKW5101-Sink-set-17.jpg\",\"contentUrl\":\"https:\\\/\\\/eurotrail.info\\\/wp\\\/wp-content\\\/uploads\\\/2018\\\/01\\\/ETKW5101-Sink-set-17.jpg\",\"width\":1772,\"height\":1426,\"caption\":\"Sp\u00fcle mit Stopper\"},{\"@type\":\"BreadcrumbList\",\"@id\":\"https:\\\/\\\/eurotrail.info\\\/de\\\/producten\\\/haushaltartikel\\\/faltbaren-artikeln-aus-silikon\\\/spule-mit-stopper\\\/#breadcrumb\",\"itemListElement\":[{\"@type\":\"ListItem\",\"position\":1,\"name\":\"Home\",\"item\":\"https:\\\/\\\/eurotrail.info\\\/de\\\/\"},{\"@type\":\"ListItem\",\"position\":2,\"name\":\"Produkte\",\"item\":\"https:\\\/\\\/eurotrail.info\\\/de\\\/produkte\\\/\"},{\"@type\":\"ListItem\",\"position\":3,\"name\":\"Sp\u00fcle mit Stopper\"}]},{\"@type\":\"WebSite\",\"@id\":\"https:\\\/\\\/eurotrail.info\\\/#website\",\"url\":\"https:\\\/\\\/eurotrail.info\\\/\",\"name\":\"Eurotrail\",\"description\":\"\",\"publisher\":{\"@id\":\"https:\\\/\\\/eurotrail.info\\\/#organization\"},\"potentialAction\":[{\"@type\":\"SearchAction\",\"target\":{\"@type\":\"EntryPoint\",\"urlTemplate\":\"https:\\\/\\\/eurotrail.info\\\/?s={search_term_string}\"},\"query-input\":{\"@type\":\"PropertyValueSpecification\",\"valueRequired\":true,\"valueName\":\"search_term_string\"}}],\"inLanguage\":\"de\"},{\"@type\":\"Organization\",\"@id\":\"https:\\\/\\\/eurotrail.info\\\/#organization\",\"name\":\"Eurotrail\",\"url\":\"https:\\\/\\\/eurotrail.info\\\/\",\"logo\":{\"@type\":\"ImageObject\",\"inLanguage\":\"de\",\"@id\":\"https:\\\/\\\/eurotrail.info\\\/#\\\/schema\\\/logo\\\/image\\\/\",\"url\":\"https:\\\/\\\/eurotrail.info\\\/wp\\\/wp-content\\\/uploads\\\/2023\\\/07\\\/ET-logo-quote_NL-scaled.jpg\",\"contentUrl\":\"https:\\\/\\\/eurotrail.info\\\/wp\\\/wp-content\\\/uploads\\\/2023\\\/07\\\/ET-logo-quote_NL-scaled.jpg\",\"width\":2560,\"height\":675,\"caption\":\"Eurotrail\"},\"image\":{\"@id\":\"https:\\\/\\\/eurotrail.info\\\/#\\\/schema\\\/logo\\\/image\\\/\"}}]}<\/script>\n<!-- \/ Yoast SEO plugin. -->","yoast_head_json":{"title":"Sp\u00fcle mit Stopper - Eurotrail","robots":{"index":"index","follow":"follow","max-snippet":"max-snippet:-1","max-image-preview":"max-image-preview:large","max-video-preview":"max-video-preview:-1"},"canonical":"https:\/\/eurotrail.info\/de\/producten\/haushaltartikel\/faltbaren-artikeln-aus-silikon\/spule-mit-stopper\/","og_locale":"de_DE","og_type":"article","og_title":"Sp\u00fcle mit Stopper - Eurotrail","og_description":"Sp\u00fcle mit Stopper Faltbare Sp\u00fclsch\u00fcssel mit praktischen Tragegriffe und Ablaufstopfen. Ideale Abwaschsch\u00fcssel mit einen praktische Ablaufstopf. Einfach zusammen faltbar, kleines Packmass. Tragegriffe und Boden aus&hellip;","og_url":"https:\/\/eurotrail.info\/de\/producten\/haushaltartikel\/faltbaren-artikeln-aus-silikon\/spule-mit-stopper\/","og_site_name":"Eurotrail","article_modified_time":"2020-12-18T12:25:51+00:00","og_image":[{"width":1772,"height":1426,"url":"https:\/\/eurotrail.info\/wp\/wp-content\/uploads\/2018\/01\/ETKW5101-Sink-set-17.jpg","type":"image\/jpeg"}],"twitter_card":"summary_large_image","schema":{"@context":"https:\/\/schema.org","@graph":[{"@type":"WebPage","@id":"https:\/\/eurotrail.info\/de\/producten\/haushaltartikel\/faltbaren-artikeln-aus-silikon\/spule-mit-stopper\/","url":"https:\/\/eurotrail.info\/de\/producten\/haushaltartikel\/faltbaren-artikeln-aus-silikon\/spule-mit-stopper\/","name":"Sp\u00fcle mit Stopper - Eurotrail","isPartOf":{"@id":"https:\/\/eurotrail.info\/#website"},"primaryImageOfPage":{"@id":"https:\/\/eurotrail.info\/de\/producten\/haushaltartikel\/faltbaren-artikeln-aus-silikon\/spule-mit-stopper\/#primaryimage"},"image":{"@id":"https:\/\/eurotrail.info\/de\/producten\/haushaltartikel\/faltbaren-artikeln-aus-silikon\/spule-mit-stopper\/#primaryimage"},"thumbnailUrl":"https:\/\/eurotrail.info\/wp\/wp-content\/uploads\/2018\/01\/ETKW5101-Sink-set-17.jpg","datePublished":"2018-01-10T08:42:18+00:00","dateModified":"2020-12-18T12:25:51+00:00","breadcrumb":{"@id":"https:\/\/eurotrail.info\/de\/producten\/haushaltartikel\/faltbaren-artikeln-aus-silikon\/spule-mit-stopper\/#breadcrumb"},"inLanguage":"de","potentialAction":[{"@type":"ReadAction","target":["https:\/\/eurotrail.info\/de\/producten\/haushaltartikel\/faltbaren-artikeln-aus-silikon\/spule-mit-stopper\/"]}]},{"@type":"ImageObject","inLanguage":"de","@id":"https:\/\/eurotrail.info\/de\/producten\/haushaltartikel\/faltbaren-artikeln-aus-silikon\/spule-mit-stopper\/#primaryimage","url":"https:\/\/eurotrail.info\/wp\/wp-content\/uploads\/2018\/01\/ETKW5101-Sink-set-17.jpg","contentUrl":"https:\/\/eurotrail.info\/wp\/wp-content\/uploads\/2018\/01\/ETKW5101-Sink-set-17.jpg","width":1772,"height":1426,"caption":"Sp\u00fcle mit Stopper"},{"@type":"BreadcrumbList","@id":"https:\/\/eurotrail.info\/de\/producten\/haushaltartikel\/faltbaren-artikeln-aus-silikon\/spule-mit-stopper\/#breadcrumb","itemListElement":[{"@type":"ListItem","position":1,"name":"Home","item":"https:\/\/eurotrail.info\/de\/"},{"@type":"ListItem","position":2,"name":"Produkte","item":"https:\/\/eurotrail.info\/de\/produkte\/"},{"@type":"ListItem","position":3,"name":"Sp\u00fcle mit Stopper"}]},{"@type":"WebSite","@id":"https:\/\/eurotrail.info\/#website","url":"https:\/\/eurotrail.info\/","name":"Eurotrail","description":"","publisher":{"@id":"https:\/\/eurotrail.info\/#organization"},"potentialAction":[{"@type":"SearchAction","target":{"@type":"EntryPoint","urlTemplate":"https:\/\/eurotrail.info\/?s={search_term_string}"},"query-input":{"@type":"PropertyValueSpecification","valueRequired":true,"valueName":"search_term_string"}}],"inLanguage":"de"},{"@type":"Organization","@id":"https:\/\/eurotrail.info\/#organization","name":"Eurotrail","url":"https:\/\/eurotrail.info\/","logo":{"@type":"ImageObject","inLanguage":"de","@id":"https:\/\/eurotrail.info\/#\/schema\/logo\/image\/","url":"https:\/\/eurotrail.info\/wp\/wp-content\/uploads\/2023\/07\/ET-logo-quote_NL-scaled.jpg","contentUrl":"https:\/\/eurotrail.info\/wp\/wp-content\/uploads\/2023\/07\/ET-logo-quote_NL-scaled.jpg","width":2560,"height":675,"caption":"Eurotrail"},"image":{"@id":"https:\/\/eurotrail.info\/#\/schema\/logo\/image\/"}}]}},"_links":{"self":[{"href":"https:\/\/eurotrail.info\/de\/wp-json\/wp\/v2\/product\/6967","targetHints":{"allow":["GET"]}}],"collection":[{"href":"https:\/\/eurotrail.info\/de\/wp-json\/wp\/v2\/product"}],"about":[{"href":"https:\/\/eurotrail.info\/de\/wp-json\/wp\/v2\/types\/product"}],"replies":[{"embeddable":true,"href":"https:\/\/eurotrail.info\/de\/wp-json\/wp\/v2\/comments?post=6967"}],"wp:featuredmedia":[{"embeddable":true,"href":"https:\/\/eurotrail.info\/de\/wp-json\/wp\/v2\/media\/6966"}],"wp:attachment":[{"href":"https:\/\/eurotrail.info\/de\/wp-json\/wp\/v2\/media?parent=6967"}],"wp:term":[{"taxonomy":"product_brand","embeddable":true,"href":"https:\/\/eurotrail.info\/de\/wp-json\/wp\/v2\/product_brand?post=6967"},{"taxonomy":"product_cat","embeddable":true,"href":"https:\/\/eurotrail.info\/de\/wp-json\/wp\/v2\/product_cat?post=6967"},{"taxonomy":"product_tag","embeddable":true,"href":"https:\/\/eurotrail.info\/de\/wp-json\/wp\/v2\/product_tag?post=6967"}],"curies":[{"name":"wp","href":"https:\/\/api.w.org\/{rel}","templated":true}]}}