{"id":7103,"date":"2018-01-10T16:32:18","date_gmt":"2018-01-10T15:32:18","guid":{"rendered":"http:\/\/eurotrail.info\/producten\/strandmuschel-schirmsystem\/"},"modified":"2018-01-10T16:32:18","modified_gmt":"2018-01-10T15:32:18","slug":"strandmuschel-schirmsystem","status":"publish","type":"product","link":"https:\/\/eurotrail.info\/de\/producten\/windschuetze\/strandmuschel-schirmsystem\/","title":{"rendered":"Strandmuschel Schirmsystem"},"content":{"rendered":"<p>Strandmuschel mit automatisches \u00d6ffnungs- und Verschlusssystem f\u00fcr einfaches, schnelles<br \/>\nAufbauen und Zusammenlegen. Die\u00a0 Fiberglasstangen sind leicht zu entfalten und das<br \/>\nSchirmsystem sorgt daf\u00fcr, dass das Zelt in wenigen Sekunden aufgebaut werden kann.\u00a0 Strandmuschelt\u00fcr ist aus Polyester-Gewebe mit einer speziellen UV30+ -Beschichtung,\u00a0PE-Bodenplatte hat einen\u00a0Rei\u00dfverschluss, der es Ihnen erm\u00f6glicht, das Zelt komplett zu schlie\u00dfen, um Ihre Sachen\u00a0beim Schwimmen aus den Augen zu halten. Gro\u00dfes L\u00fcftungsgitter mit Abdeckung auf\u00a0der Hinterseite, die eine ausreichende Bel\u00fcftung und Frischluft bietet. Inkl. Heringen und\u00a0Abspanseile. Ideal f\u00fcr den Einsatz am Strand, Camping oder Schwimmbad.<\/p>\n<p>Lieferbare Farbe helles Blau<\/p>\n<div class=\"product-inleiding-content\">\n<p>Material: 190T Polyester mit UV 30+<br \/>\nFrame:\u00a0 Fiberglas<br \/>\nBoden: PE-Materiaal<br \/>\nGro\u03b2e: 230\/120x210x110cm<br \/>\nPackma\u03b2: 100x12x12cm<br \/>\nGewicht: 2.55 kg.<\/p>\n<\/div>\n<p>&nbsp;<\/p>\n","protected":false},"excerpt":{"rendered":"<p>Strandmuschel mit automatisches \u00d6ffnungs- und Verschlusssystem f\u00fcr einfaches, schnelles Aufbauen und Zusammenlegen. Die\u00a0 Fiberglasstangen sind leicht zu entfalten und das Schirmsystem sorgt daf\u00fcr, dass das&hellip;<\/p>\n","protected":false},"featured_media":7093,"comment_status":"open","ping_status":"closed","template":"","meta":{"_acf_changed":false},"product_brand":[],"product_cat":[103],"product_tag":[],"class_list":{"0":"post-7103","1":"product","2":"type-product","3":"status-publish","4":"has-post-thumbnail","6":"product_cat-windschuetze","8":"first","9":"instock","10":"shipping-taxable","11":"product-type-simple"},"acf":[],"yoast_head":"<!-- This site is optimized with the Yoast SEO plugin v27.4 - https:\/\/yoast.com\/product\/yoast-seo-wordpress\/ -->\n<title>Strandmuschel Schirmsystem - Eurotrail<\/title>\n<meta name=\"robots\" content=\"index, follow, max-snippet:-1, max-image-preview:large, max-video-preview:-1\" \/>\n<link rel=\"canonical\" href=\"https:\/\/eurotrail.info\/producten\/windschermen\/antibes-strandtent\/\" \/>\n<meta property=\"og:locale\" content=\"de_DE\" \/>\n<meta property=\"og:type\" content=\"article\" \/>\n<meta property=\"og:title\" content=\"Strandmuschel Schirmsystem - Eurotrail\" \/>\n<meta property=\"og:description\" content=\"Strandmuschel mit automatisches \u00d6ffnungs- und Verschlusssystem f\u00fcr einfaches, schnelles Aufbauen und Zusammenlegen. Die\u00a0 Fiberglasstangen sind leicht zu entfalten und das Schirmsystem sorgt daf\u00fcr, dass das&hellip;\" \/>\n<meta property=\"og:url\" content=\"https:\/\/eurotrail.info\/producten\/windschermen\/antibes-strandtent\/\" \/>\n<meta property=\"og:site_name\" content=\"Eurotrail\" \/>\n<meta property=\"og:image\" content=\"https:\/\/eurotrail.info\/wp\/wp-content\/uploads\/2018\/01\/ETTE0919-Antibes-open-18.jpg\" \/>\n\t<meta property=\"og:image:width\" content=\"1772\" \/>\n\t<meta property=\"og:image:height\" content=\"1548\" \/>\n\t<meta property=\"og:image:type\" content=\"image\/jpeg\" \/>\n<meta name=\"twitter:card\" content=\"summary_large_image\" \/>\n<meta name=\"twitter:label1\" content=\"Gesch\u00e4tzte Lesezeit\" \/>\n\t<meta name=\"twitter:data1\" content=\"1\u00a0Minute\" \/>\n<script type=\"application\/ld+json\" class=\"yoast-schema-graph\">{\"@context\":\"https:\\\/\\\/schema.org\",\"@graph\":[{\"@type\":\"WebPage\",\"@id\":\"https:\\\/\\\/eurotrail.info\\\/producten\\\/windschermen\\\/antibes-strandtent\\\/\",\"url\":\"https:\\\/\\\/eurotrail.info\\\/producten\\\/windschermen\\\/antibes-strandtent\\\/\",\"name\":\"Strandmuschel Schirmsystem - Eurotrail\",\"isPartOf\":{\"@id\":\"https:\\\/\\\/eurotrail.info\\\/#website\"},\"primaryImageOfPage\":{\"@id\":\"https:\\\/\\\/eurotrail.info\\\/producten\\\/windschermen\\\/antibes-strandtent\\\/#primaryimage\"},\"image\":{\"@id\":\"https:\\\/\\\/eurotrail.info\\\/producten\\\/windschermen\\\/antibes-strandtent\\\/#primaryimage\"},\"thumbnailUrl\":\"https:\\\/\\\/eurotrail.info\\\/wp\\\/wp-content\\\/uploads\\\/2018\\\/01\\\/ETTE0919-Antibes-open-18.jpg\",\"datePublished\":\"2018-01-10T15:32:18+00:00\",\"breadcrumb\":{\"@id\":\"https:\\\/\\\/eurotrail.info\\\/producten\\\/windschermen\\\/antibes-strandtent\\\/#breadcrumb\"},\"inLanguage\":\"de\",\"potentialAction\":[{\"@type\":\"ReadAction\",\"target\":[\"https:\\\/\\\/eurotrail.info\\\/producten\\\/windschermen\\\/antibes-strandtent\\\/\"]}]},{\"@type\":\"ImageObject\",\"inLanguage\":\"de\",\"@id\":\"https:\\\/\\\/eurotrail.info\\\/producten\\\/windschermen\\\/antibes-strandtent\\\/#primaryimage\",\"url\":\"https:\\\/\\\/eurotrail.info\\\/wp\\\/wp-content\\\/uploads\\\/2018\\\/01\\\/ETTE0919-Antibes-open-18.jpg\",\"contentUrl\":\"https:\\\/\\\/eurotrail.info\\\/wp\\\/wp-content\\\/uploads\\\/2018\\\/01\\\/ETTE0919-Antibes-open-18.jpg\",\"width\":1772,\"height\":1548,\"caption\":\"Strandmuschel mit automatisches \u00d6ffnungs- und Verschlusssystem f\u00fcr einfaches, schnelles Aufbauen und Zusammenlegen\"},{\"@type\":\"BreadcrumbList\",\"@id\":\"https:\\\/\\\/eurotrail.info\\\/producten\\\/windschermen\\\/antibes-strandtent\\\/#breadcrumb\",\"itemListElement\":[{\"@type\":\"ListItem\",\"position\":1,\"name\":\"Home\",\"item\":\"https:\\\/\\\/eurotrail.info\\\/de\\\/\"},{\"@type\":\"ListItem\",\"position\":2,\"name\":\"Produkte\",\"item\":\"https:\\\/\\\/eurotrail.info\\\/de\\\/produkte\\\/\"},{\"@type\":\"ListItem\",\"position\":3,\"name\":\"Strandmuschel Schirmsystem\"}]},{\"@type\":\"WebSite\",\"@id\":\"https:\\\/\\\/eurotrail.info\\\/#website\",\"url\":\"https:\\\/\\\/eurotrail.info\\\/\",\"name\":\"Eurotrail\",\"description\":\"\",\"publisher\":{\"@id\":\"https:\\\/\\\/eurotrail.info\\\/#organization\"},\"potentialAction\":[{\"@type\":\"SearchAction\",\"target\":{\"@type\":\"EntryPoint\",\"urlTemplate\":\"https:\\\/\\\/eurotrail.info\\\/?s={search_term_string}\"},\"query-input\":{\"@type\":\"PropertyValueSpecification\",\"valueRequired\":true,\"valueName\":\"search_term_string\"}}],\"inLanguage\":\"de\"},{\"@type\":\"Organization\",\"@id\":\"https:\\\/\\\/eurotrail.info\\\/#organization\",\"name\":\"Eurotrail\",\"url\":\"https:\\\/\\\/eurotrail.info\\\/\",\"logo\":{\"@type\":\"ImageObject\",\"inLanguage\":\"de\",\"@id\":\"https:\\\/\\\/eurotrail.info\\\/#\\\/schema\\\/logo\\\/image\\\/\",\"url\":\"https:\\\/\\\/eurotrail.info\\\/wp\\\/wp-content\\\/uploads\\\/2023\\\/07\\\/ET-logo-quote_NL-scaled.jpg\",\"contentUrl\":\"https:\\\/\\\/eurotrail.info\\\/wp\\\/wp-content\\\/uploads\\\/2023\\\/07\\\/ET-logo-quote_NL-scaled.jpg\",\"width\":2560,\"height\":675,\"caption\":\"Eurotrail\"},\"image\":{\"@id\":\"https:\\\/\\\/eurotrail.info\\\/#\\\/schema\\\/logo\\\/image\\\/\"}}]}<\/script>\n<!-- \/ Yoast SEO plugin. -->","yoast_head_json":{"title":"Strandmuschel Schirmsystem - Eurotrail","robots":{"index":"index","follow":"follow","max-snippet":"max-snippet:-1","max-image-preview":"max-image-preview:large","max-video-preview":"max-video-preview:-1"},"canonical":"https:\/\/eurotrail.info\/producten\/windschermen\/antibes-strandtent\/","og_locale":"de_DE","og_type":"article","og_title":"Strandmuschel Schirmsystem - Eurotrail","og_description":"Strandmuschel mit automatisches \u00d6ffnungs- und Verschlusssystem f\u00fcr einfaches, schnelles Aufbauen und Zusammenlegen. Die\u00a0 Fiberglasstangen sind leicht zu entfalten und das Schirmsystem sorgt daf\u00fcr, dass das&hellip;","og_url":"https:\/\/eurotrail.info\/producten\/windschermen\/antibes-strandtent\/","og_site_name":"Eurotrail","og_image":[{"width":1772,"height":1548,"url":"https:\/\/eurotrail.info\/wp\/wp-content\/uploads\/2018\/01\/ETTE0919-Antibes-open-18.jpg","type":"image\/jpeg"}],"twitter_card":"summary_large_image","twitter_misc":{"Gesch\u00e4tzte Lesezeit":"1\u00a0Minute"},"schema":{"@context":"https:\/\/schema.org","@graph":[{"@type":"WebPage","@id":"https:\/\/eurotrail.info\/producten\/windschermen\/antibes-strandtent\/","url":"https:\/\/eurotrail.info\/producten\/windschermen\/antibes-strandtent\/","name":"Strandmuschel Schirmsystem - Eurotrail","isPartOf":{"@id":"https:\/\/eurotrail.info\/#website"},"primaryImageOfPage":{"@id":"https:\/\/eurotrail.info\/producten\/windschermen\/antibes-strandtent\/#primaryimage"},"image":{"@id":"https:\/\/eurotrail.info\/producten\/windschermen\/antibes-strandtent\/#primaryimage"},"thumbnailUrl":"https:\/\/eurotrail.info\/wp\/wp-content\/uploads\/2018\/01\/ETTE0919-Antibes-open-18.jpg","datePublished":"2018-01-10T15:32:18+00:00","breadcrumb":{"@id":"https:\/\/eurotrail.info\/producten\/windschermen\/antibes-strandtent\/#breadcrumb"},"inLanguage":"de","potentialAction":[{"@type":"ReadAction","target":["https:\/\/eurotrail.info\/producten\/windschermen\/antibes-strandtent\/"]}]},{"@type":"ImageObject","inLanguage":"de","@id":"https:\/\/eurotrail.info\/producten\/windschermen\/antibes-strandtent\/#primaryimage","url":"https:\/\/eurotrail.info\/wp\/wp-content\/uploads\/2018\/01\/ETTE0919-Antibes-open-18.jpg","contentUrl":"https:\/\/eurotrail.info\/wp\/wp-content\/uploads\/2018\/01\/ETTE0919-Antibes-open-18.jpg","width":1772,"height":1548,"caption":"Strandmuschel mit automatisches \u00d6ffnungs- und Verschlusssystem f\u00fcr einfaches, schnelles Aufbauen und Zusammenlegen"},{"@type":"BreadcrumbList","@id":"https:\/\/eurotrail.info\/producten\/windschermen\/antibes-strandtent\/#breadcrumb","itemListElement":[{"@type":"ListItem","position":1,"name":"Home","item":"https:\/\/eurotrail.info\/de\/"},{"@type":"ListItem","position":2,"name":"Produkte","item":"https:\/\/eurotrail.info\/de\/produkte\/"},{"@type":"ListItem","position":3,"name":"Strandmuschel Schirmsystem"}]},{"@type":"WebSite","@id":"https:\/\/eurotrail.info\/#website","url":"https:\/\/eurotrail.info\/","name":"Eurotrail","description":"","publisher":{"@id":"https:\/\/eurotrail.info\/#organization"},"potentialAction":[{"@type":"SearchAction","target":{"@type":"EntryPoint","urlTemplate":"https:\/\/eurotrail.info\/?s={search_term_string}"},"query-input":{"@type":"PropertyValueSpecification","valueRequired":true,"valueName":"search_term_string"}}],"inLanguage":"de"},{"@type":"Organization","@id":"https:\/\/eurotrail.info\/#organization","name":"Eurotrail","url":"https:\/\/eurotrail.info\/","logo":{"@type":"ImageObject","inLanguage":"de","@id":"https:\/\/eurotrail.info\/#\/schema\/logo\/image\/","url":"https:\/\/eurotrail.info\/wp\/wp-content\/uploads\/2023\/07\/ET-logo-quote_NL-scaled.jpg","contentUrl":"https:\/\/eurotrail.info\/wp\/wp-content\/uploads\/2023\/07\/ET-logo-quote_NL-scaled.jpg","width":2560,"height":675,"caption":"Eurotrail"},"image":{"@id":"https:\/\/eurotrail.info\/#\/schema\/logo\/image\/"}}]}},"_links":{"self":[{"href":"https:\/\/eurotrail.info\/de\/wp-json\/wp\/v2\/product\/7103","targetHints":{"allow":["GET"]}}],"collection":[{"href":"https:\/\/eurotrail.info\/de\/wp-json\/wp\/v2\/product"}],"about":[{"href":"https:\/\/eurotrail.info\/de\/wp-json\/wp\/v2\/types\/product"}],"replies":[{"embeddable":true,"href":"https:\/\/eurotrail.info\/de\/wp-json\/wp\/v2\/comments?post=7103"}],"wp:featuredmedia":[{"embeddable":true,"href":"https:\/\/eurotrail.info\/de\/wp-json\/wp\/v2\/media\/7093"}],"wp:attachment":[{"href":"https:\/\/eurotrail.info\/de\/wp-json\/wp\/v2\/media?parent=7103"}],"wp:term":[{"taxonomy":"product_brand","embeddable":true,"href":"https:\/\/eurotrail.info\/de\/wp-json\/wp\/v2\/product_brand?post=7103"},{"taxonomy":"product_cat","embeddable":true,"href":"https:\/\/eurotrail.info\/de\/wp-json\/wp\/v2\/product_cat?post=7103"},{"taxonomy":"product_tag","embeddable":true,"href":"https:\/\/eurotrail.info\/de\/wp-json\/wp\/v2\/product_tag?post=7103"}],"curies":[{"name":"wp","href":"https:\/\/api.w.org\/{rel}","templated":true}]}}