{"id":7126,"date":"2018-01-11T15:36:40","date_gmt":"2018-01-11T14:36:40","guid":{"rendered":"http:\/\/eurotrail.info\/producten\/siena-teilvorzelt\/"},"modified":"2023-05-16T12:37:27","modified_gmt":"2023-05-16T11:37:27","slug":"siena-teilvorzelt","status":"publish","type":"product","link":"https:\/\/eurotrail.info\/de\/producten\/wohnwagenwohnmobilebus\/wohnwagen-reisemobilvorzelte\/siena-teilvorzelt\/","title":{"rendered":"Siena Teilvorzelt"},"content":{"rendered":"<p>Der Siena ist ein Leichtgewicht-Teilvorzelt f\u00fcr die Befestigung am Wohnwagen. Dieses Vorzelt hat nur eine Bogenstange und ist deshalb einfach und schnell aufzubauen. Die Vorderwand und die beiden Seitenw\u00e4nde k\u00f6nnen mit einem Rei\u00dfverschluss komplette herausgenommen werden, damit Sie Ihr Vorzelt in ein Sonnensegel verwandeln k\u00f6nnen. Alle Fenster mit Klarsichtfolien und Abdeckung. Das feste Vordach sch\u00fctzt vor schlechtem Wetter und bietet Schatten Platz. Der Sienna ist eine Ideale Zelt f\u00fcr Wochenendreisen und Kurzurlaube. Im Lieferumfang enthalten sind: Heringe, Abspannleinen, und eine praktische Tragetasche.<\/p>\n<p>Anschlu\u00dfh\u00f6he bis 240 &#8211; 255 cm.<\/p>\n<p><a href=\"https:\/\/www.youtube.com\/watch?v=q0TdtlKrS_M\">Aufbauanleitung Siena Vorzelt<\/a><\/p>\n<p><span style=\"font-size: 1rem;\">Au\u00dfenzelt: 185T Polyester, Wassers\u00e4ule 3000 mm,alle N\u00e4hte abgetaped<\/span><\/p>\n<div class=\"product-inleiding-content\">Farbe: Grau\/Schwarz<br \/>\nGest\u00e4nge: Fiberglas 12,7 mm, Stahl 19 mm<br \/>\nExtras: Bel\u00fcftungsm\u00f6glichkeiten, Fenster, leichter Aufbau.<br \/>\nR\u00fcckwand: von rechts nach links wegrollbar, von links nach rechts wegrollbar oder ganz rausnehmbar. Seiteneingang hochrollbar.<br \/>\nVorderwand-Fenster mit Gardinen verschlie\u00dfbar.Seitenfenster \u00bd Gaze, \u00bd klare Fensterfolie, beide mit dunkler Rei\u00dfverschlussKlappe verschlie\u00dfbar.<br \/>\nGrundgr\u00f6\u00dfe:\u00a0 350x250cm.<br \/>\nVerpackt: 70x\u00d825cm<br \/>\nH\u00f6he: 240 \/ 210cm<br \/>\nGewicht: 9,95 kg.<\/div>\n","protected":false},"excerpt":{"rendered":"<p>Der Siena ist ein Leichtgewicht-Teilvorzelt f\u00fcr die Befestigung am Wohnwagen. Dieses Vorzelt hat nur eine Bogenstange und ist deshalb einfach und schnell aufzubauen. Die Vorderwand&hellip;<\/p>\n","protected":false},"featured_media":7122,"comment_status":"open","ping_status":"closed","template":"","meta":{"_acf_changed":false},"product_brand":[],"product_cat":[105],"product_tag":[],"class_list":{"0":"post-7126","1":"product","2":"type-product","3":"status-publish","4":"has-post-thumbnail","6":"product_cat-wohnwagen-reisemobilvorzelte","8":"first","9":"instock","10":"shipping-taxable","11":"product-type-simple"},"acf":[],"yoast_head":"<!-- This site is optimized with the Yoast SEO plugin v27.4 - https:\/\/yoast.com\/product\/yoast-seo-wordpress\/ -->\n<title>Siena Teilvorzelt - Eurotrail<\/title>\n<meta name=\"description\" content=\"Leichtgewicht-Teilvorzelt f\u00fcr die Befestigung am Wohnwagen. Dieses Vorzelt hat nur eine Bogenstange und ist deshalb einfach und schnell aufzubauen.\" \/>\n<meta name=\"robots\" content=\"index, follow, max-snippet:-1, max-image-preview:large, max-video-preview:-1\" \/>\n<link rel=\"canonical\" href=\"https:\/\/eurotrail.info\/de\/producten\/wohnwagenwohnmobilebus\/wohnwagen-reisemobilvorzelte\/siena-teilvorzelt\/\" \/>\n<meta property=\"og:locale\" content=\"de_DE\" \/>\n<meta property=\"og:type\" content=\"article\" \/>\n<meta property=\"og:title\" content=\"Siena Teilvorzelt - Eurotrail\" \/>\n<meta property=\"og:description\" content=\"Leichtgewicht-Teilvorzelt f\u00fcr die Befestigung am Wohnwagen. Dieses Vorzelt hat nur eine Bogenstange und ist deshalb einfach und schnell aufzubauen.\" \/>\n<meta property=\"og:url\" content=\"https:\/\/eurotrail.info\/de\/producten\/wohnwagenwohnmobilebus\/wohnwagen-reisemobilvorzelte\/siena-teilvorzelt\/\" \/>\n<meta property=\"og:site_name\" content=\"Eurotrail\" \/>\n<meta property=\"article:modified_time\" content=\"2023-05-16T11:37:27+00:00\" \/>\n<meta property=\"og:image\" content=\"https:\/\/eurotrail.info\/wp\/wp-content\/uploads\/2018\/01\/ETCT0158-Sienna-set-17-1280x782.jpg\" \/>\n\t<meta property=\"og:image:width\" content=\"1280\" \/>\n\t<meta property=\"og:image:height\" content=\"782\" \/>\n\t<meta property=\"og:image:type\" content=\"image\/jpeg\" \/>\n<meta name=\"twitter:card\" content=\"summary_large_image\" \/>\n<meta name=\"twitter:label1\" content=\"Gesch\u00e4tzte Lesezeit\" \/>\n\t<meta name=\"twitter:data1\" content=\"1\u00a0Minute\" \/>\n<script type=\"application\/ld+json\" class=\"yoast-schema-graph\">{\"@context\":\"https:\\\/\\\/schema.org\",\"@graph\":[{\"@type\":\"WebPage\",\"@id\":\"https:\\\/\\\/eurotrail.info\\\/de\\\/producten\\\/wohnwagenwohnmobilebus\\\/wohnwagen-reisemobilvorzelte\\\/siena-teilvorzelt\\\/\",\"url\":\"https:\\\/\\\/eurotrail.info\\\/de\\\/producten\\\/wohnwagenwohnmobilebus\\\/wohnwagen-reisemobilvorzelte\\\/siena-teilvorzelt\\\/\",\"name\":\"Siena Teilvorzelt - Eurotrail\",\"isPartOf\":{\"@id\":\"https:\\\/\\\/eurotrail.info\\\/#website\"},\"primaryImageOfPage\":{\"@id\":\"https:\\\/\\\/eurotrail.info\\\/de\\\/producten\\\/wohnwagenwohnmobilebus\\\/wohnwagen-reisemobilvorzelte\\\/siena-teilvorzelt\\\/#primaryimage\"},\"image\":{\"@id\":\"https:\\\/\\\/eurotrail.info\\\/de\\\/producten\\\/wohnwagenwohnmobilebus\\\/wohnwagen-reisemobilvorzelte\\\/siena-teilvorzelt\\\/#primaryimage\"},\"thumbnailUrl\":\"https:\\\/\\\/eurotrail.info\\\/wp\\\/wp-content\\\/uploads\\\/2018\\\/01\\\/ETCT0158-Sienna-set-17.jpg\",\"datePublished\":\"2018-01-11T14:36:40+00:00\",\"dateModified\":\"2023-05-16T11:37:27+00:00\",\"description\":\"Leichtgewicht-Teilvorzelt f\u00fcr die Befestigung am Wohnwagen. Dieses Vorzelt hat nur eine Bogenstange und ist deshalb einfach und schnell aufzubauen.\",\"breadcrumb\":{\"@id\":\"https:\\\/\\\/eurotrail.info\\\/de\\\/producten\\\/wohnwagenwohnmobilebus\\\/wohnwagen-reisemobilvorzelte\\\/siena-teilvorzelt\\\/#breadcrumb\"},\"inLanguage\":\"de\",\"potentialAction\":[{\"@type\":\"ReadAction\",\"target\":[\"https:\\\/\\\/eurotrail.info\\\/de\\\/producten\\\/wohnwagenwohnmobilebus\\\/wohnwagen-reisemobilvorzelte\\\/siena-teilvorzelt\\\/\"]}]},{\"@type\":\"ImageObject\",\"inLanguage\":\"de\",\"@id\":\"https:\\\/\\\/eurotrail.info\\\/de\\\/producten\\\/wohnwagenwohnmobilebus\\\/wohnwagen-reisemobilvorzelte\\\/siena-teilvorzelt\\\/#primaryimage\",\"url\":\"https:\\\/\\\/eurotrail.info\\\/wp\\\/wp-content\\\/uploads\\\/2018\\\/01\\\/ETCT0158-Sienna-set-17.jpg\",\"contentUrl\":\"https:\\\/\\\/eurotrail.info\\\/wp\\\/wp-content\\\/uploads\\\/2018\\\/01\\\/ETCT0158-Sienna-set-17.jpg\",\"width\":1772,\"height\":1082,\"caption\":\"Leichtgewicht-Teilvorzelt f\u00fcr die Befestigung am Wohnwagen\"},{\"@type\":\"BreadcrumbList\",\"@id\":\"https:\\\/\\\/eurotrail.info\\\/de\\\/producten\\\/wohnwagenwohnmobilebus\\\/wohnwagen-reisemobilvorzelte\\\/siena-teilvorzelt\\\/#breadcrumb\",\"itemListElement\":[{\"@type\":\"ListItem\",\"position\":1,\"name\":\"Home\",\"item\":\"https:\\\/\\\/eurotrail.info\\\/de\\\/\"},{\"@type\":\"ListItem\",\"position\":2,\"name\":\"Produkte\",\"item\":\"https:\\\/\\\/eurotrail.info\\\/de\\\/produkte\\\/\"},{\"@type\":\"ListItem\",\"position\":3,\"name\":\"Siena Teilvorzelt\"}]},{\"@type\":\"WebSite\",\"@id\":\"https:\\\/\\\/eurotrail.info\\\/#website\",\"url\":\"https:\\\/\\\/eurotrail.info\\\/\",\"name\":\"Eurotrail\",\"description\":\"\",\"publisher\":{\"@id\":\"https:\\\/\\\/eurotrail.info\\\/#organization\"},\"potentialAction\":[{\"@type\":\"SearchAction\",\"target\":{\"@type\":\"EntryPoint\",\"urlTemplate\":\"https:\\\/\\\/eurotrail.info\\\/?s={search_term_string}\"},\"query-input\":{\"@type\":\"PropertyValueSpecification\",\"valueRequired\":true,\"valueName\":\"search_term_string\"}}],\"inLanguage\":\"de\"},{\"@type\":\"Organization\",\"@id\":\"https:\\\/\\\/eurotrail.info\\\/#organization\",\"name\":\"Eurotrail\",\"url\":\"https:\\\/\\\/eurotrail.info\\\/\",\"logo\":{\"@type\":\"ImageObject\",\"inLanguage\":\"de\",\"@id\":\"https:\\\/\\\/eurotrail.info\\\/#\\\/schema\\\/logo\\\/image\\\/\",\"url\":\"https:\\\/\\\/eurotrail.info\\\/wp\\\/wp-content\\\/uploads\\\/2023\\\/07\\\/ET-logo-quote_NL-scaled.jpg\",\"contentUrl\":\"https:\\\/\\\/eurotrail.info\\\/wp\\\/wp-content\\\/uploads\\\/2023\\\/07\\\/ET-logo-quote_NL-scaled.jpg\",\"width\":2560,\"height\":675,\"caption\":\"Eurotrail\"},\"image\":{\"@id\":\"https:\\\/\\\/eurotrail.info\\\/#\\\/schema\\\/logo\\\/image\\\/\"}}]}<\/script>\n<!-- \/ Yoast SEO plugin. -->","yoast_head_json":{"title":"Siena Teilvorzelt - Eurotrail","description":"Leichtgewicht-Teilvorzelt f\u00fcr die Befestigung am Wohnwagen. Dieses Vorzelt hat nur eine Bogenstange und ist deshalb einfach und schnell aufzubauen.","robots":{"index":"index","follow":"follow","max-snippet":"max-snippet:-1","max-image-preview":"max-image-preview:large","max-video-preview":"max-video-preview:-1"},"canonical":"https:\/\/eurotrail.info\/de\/producten\/wohnwagenwohnmobilebus\/wohnwagen-reisemobilvorzelte\/siena-teilvorzelt\/","og_locale":"de_DE","og_type":"article","og_title":"Siena Teilvorzelt - Eurotrail","og_description":"Leichtgewicht-Teilvorzelt f\u00fcr die Befestigung am Wohnwagen. Dieses Vorzelt hat nur eine Bogenstange und ist deshalb einfach und schnell aufzubauen.","og_url":"https:\/\/eurotrail.info\/de\/producten\/wohnwagenwohnmobilebus\/wohnwagen-reisemobilvorzelte\/siena-teilvorzelt\/","og_site_name":"Eurotrail","article_modified_time":"2023-05-16T11:37:27+00:00","og_image":[{"width":1280,"height":782,"url":"https:\/\/eurotrail.info\/wp\/wp-content\/uploads\/2018\/01\/ETCT0158-Sienna-set-17-1280x782.jpg","type":"image\/jpeg"}],"twitter_card":"summary_large_image","twitter_misc":{"Gesch\u00e4tzte Lesezeit":"1\u00a0Minute"},"schema":{"@context":"https:\/\/schema.org","@graph":[{"@type":"WebPage","@id":"https:\/\/eurotrail.info\/de\/producten\/wohnwagenwohnmobilebus\/wohnwagen-reisemobilvorzelte\/siena-teilvorzelt\/","url":"https:\/\/eurotrail.info\/de\/producten\/wohnwagenwohnmobilebus\/wohnwagen-reisemobilvorzelte\/siena-teilvorzelt\/","name":"Siena Teilvorzelt - Eurotrail","isPartOf":{"@id":"https:\/\/eurotrail.info\/#website"},"primaryImageOfPage":{"@id":"https:\/\/eurotrail.info\/de\/producten\/wohnwagenwohnmobilebus\/wohnwagen-reisemobilvorzelte\/siena-teilvorzelt\/#primaryimage"},"image":{"@id":"https:\/\/eurotrail.info\/de\/producten\/wohnwagenwohnmobilebus\/wohnwagen-reisemobilvorzelte\/siena-teilvorzelt\/#primaryimage"},"thumbnailUrl":"https:\/\/eurotrail.info\/wp\/wp-content\/uploads\/2018\/01\/ETCT0158-Sienna-set-17.jpg","datePublished":"2018-01-11T14:36:40+00:00","dateModified":"2023-05-16T11:37:27+00:00","description":"Leichtgewicht-Teilvorzelt f\u00fcr die Befestigung am Wohnwagen. Dieses Vorzelt hat nur eine Bogenstange und ist deshalb einfach und schnell aufzubauen.","breadcrumb":{"@id":"https:\/\/eurotrail.info\/de\/producten\/wohnwagenwohnmobilebus\/wohnwagen-reisemobilvorzelte\/siena-teilvorzelt\/#breadcrumb"},"inLanguage":"de","potentialAction":[{"@type":"ReadAction","target":["https:\/\/eurotrail.info\/de\/producten\/wohnwagenwohnmobilebus\/wohnwagen-reisemobilvorzelte\/siena-teilvorzelt\/"]}]},{"@type":"ImageObject","inLanguage":"de","@id":"https:\/\/eurotrail.info\/de\/producten\/wohnwagenwohnmobilebus\/wohnwagen-reisemobilvorzelte\/siena-teilvorzelt\/#primaryimage","url":"https:\/\/eurotrail.info\/wp\/wp-content\/uploads\/2018\/01\/ETCT0158-Sienna-set-17.jpg","contentUrl":"https:\/\/eurotrail.info\/wp\/wp-content\/uploads\/2018\/01\/ETCT0158-Sienna-set-17.jpg","width":1772,"height":1082,"caption":"Leichtgewicht-Teilvorzelt f\u00fcr die Befestigung am Wohnwagen"},{"@type":"BreadcrumbList","@id":"https:\/\/eurotrail.info\/de\/producten\/wohnwagenwohnmobilebus\/wohnwagen-reisemobilvorzelte\/siena-teilvorzelt\/#breadcrumb","itemListElement":[{"@type":"ListItem","position":1,"name":"Home","item":"https:\/\/eurotrail.info\/de\/"},{"@type":"ListItem","position":2,"name":"Produkte","item":"https:\/\/eurotrail.info\/de\/produkte\/"},{"@type":"ListItem","position":3,"name":"Siena Teilvorzelt"}]},{"@type":"WebSite","@id":"https:\/\/eurotrail.info\/#website","url":"https:\/\/eurotrail.info\/","name":"Eurotrail","description":"","publisher":{"@id":"https:\/\/eurotrail.info\/#organization"},"potentialAction":[{"@type":"SearchAction","target":{"@type":"EntryPoint","urlTemplate":"https:\/\/eurotrail.info\/?s={search_term_string}"},"query-input":{"@type":"PropertyValueSpecification","valueRequired":true,"valueName":"search_term_string"}}],"inLanguage":"de"},{"@type":"Organization","@id":"https:\/\/eurotrail.info\/#organization","name":"Eurotrail","url":"https:\/\/eurotrail.info\/","logo":{"@type":"ImageObject","inLanguage":"de","@id":"https:\/\/eurotrail.info\/#\/schema\/logo\/image\/","url":"https:\/\/eurotrail.info\/wp\/wp-content\/uploads\/2023\/07\/ET-logo-quote_NL-scaled.jpg","contentUrl":"https:\/\/eurotrail.info\/wp\/wp-content\/uploads\/2023\/07\/ET-logo-quote_NL-scaled.jpg","width":2560,"height":675,"caption":"Eurotrail"},"image":{"@id":"https:\/\/eurotrail.info\/#\/schema\/logo\/image\/"}}]}},"_links":{"self":[{"href":"https:\/\/eurotrail.info\/de\/wp-json\/wp\/v2\/product\/7126","targetHints":{"allow":["GET"]}}],"collection":[{"href":"https:\/\/eurotrail.info\/de\/wp-json\/wp\/v2\/product"}],"about":[{"href":"https:\/\/eurotrail.info\/de\/wp-json\/wp\/v2\/types\/product"}],"replies":[{"embeddable":true,"href":"https:\/\/eurotrail.info\/de\/wp-json\/wp\/v2\/comments?post=7126"}],"wp:featuredmedia":[{"embeddable":true,"href":"https:\/\/eurotrail.info\/de\/wp-json\/wp\/v2\/media\/7122"}],"wp:attachment":[{"href":"https:\/\/eurotrail.info\/de\/wp-json\/wp\/v2\/media?parent=7126"}],"wp:term":[{"taxonomy":"product_brand","embeddable":true,"href":"https:\/\/eurotrail.info\/de\/wp-json\/wp\/v2\/product_brand?post=7126"},{"taxonomy":"product_cat","embeddable":true,"href":"https:\/\/eurotrail.info\/de\/wp-json\/wp\/v2\/product_cat?post=7126"},{"taxonomy":"product_tag","embeddable":true,"href":"https:\/\/eurotrail.info\/de\/wp-json\/wp\/v2\/product_tag?post=7126"}],"curies":[{"name":"wp","href":"https:\/\/api.w.org\/{rel}","templated":true}]}}