{"id":7277,"date":"2018-01-22T16:47:27","date_gmt":"2018-01-22T15:47:27","guid":{"rendered":"http:\/\/eurotrail.info\/producten\/satellietanlage-tasche\/"},"modified":"2026-02-04T15:01:41","modified_gmt":"2026-02-04T14:01:41","slug":"satellietanlage-tasche","status":"publish","type":"product","link":"https:\/\/eurotrail.info\/de\/producten\/zubehoer\/aufbewahrtaschen\/satellietanlage-tasche\/","title":{"rendered":"Satellitensch\u00fcssel-Tasche f\u00fcr Camping &#038; Reisen"},"content":{"rendered":"<p>Diese robuste Satellitensch\u00fcssel-Tasche wurde speziell f\u00fcr den sicheren Transport und die Aufbewahrung auf dem Campingplatz oder unterwegs entwickelt. Dank des separaten Fachs f\u00fcr den Receiver oder das Stativ bleiben alle Ihre Ger\u00e4te \u00fcbersichtlich und gut gesch\u00fctzt.<\/p>\n<p>Die Tasche besteht aus strapazierf\u00e4higem Polyester und bietet optimalen Schutz vor Schmutz, Staub und leichten St\u00f6\u00dfen. Ideal f\u00fcr Camper, die ihre Satellitenanlage ordentlich und sicher transportieren m\u00f6chten.<\/p>\n<p>Eigenschaften:<br \/>\n* Geeignet f\u00fcr Satellitensch\u00fcsseln bis 70 cm<br \/>\n* Separates Fach f\u00fcr Receiver oder Stativ<br \/>\n* Robustes und strapazierf\u00e4higes Material<br \/>\n* Sch\u00fctzt vor Schmutz und Besch\u00e4digungen<br \/>\n* Praktisch f\u00fcr Transport und Lagerung<\/p>\n<p>Spezifikationen:<br \/>\n* Abmessungen: 70 \u00d7 70 \u00d7 20 cm<br \/>\n* Material: 100 % Polyester<br \/>\n* Farbe: schwarz<\/p>\n","protected":false},"excerpt":{"rendered":"<p>Diese robuste Satellitensch\u00fcssel-Tasche wurde speziell f\u00fcr den sicheren Transport und die Aufbewahrung auf dem Campingplatz oder unterwegs entwickelt. Dank des separaten Fachs f\u00fcr den Receiver&hellip;<\/p>\n","protected":false},"featured_media":7276,"comment_status":"open","ping_status":"closed","template":"","meta":{"_acf_changed":false},"product_brand":[],"product_cat":[109],"product_tag":[],"class_list":{"0":"post-7277","1":"product","2":"type-product","3":"status-publish","4":"has-post-thumbnail","6":"product_cat-aufbewahrtaschen","8":"first","9":"instock","10":"shipping-taxable","11":"product-type-simple"},"acf":[],"yoast_head":"<!-- This site is optimized with the Yoast SEO plugin v27.3 - https:\/\/yoast.com\/product\/yoast-seo-wordpress\/ -->\n<title>Satellitensch\u00fcssel-Tasche f\u00fcr Camping &amp; Reisen - Eurotrail<\/title>\n<meta name=\"description\" content=\"Diese robuste Satellitensch\u00fcssel-Tasche wurde speziell f\u00fcr den sicheren Transport und die Aufbewahrung auf dem Campingplatz oder unterwegs entwickelt.\" \/>\n<meta name=\"robots\" content=\"index, follow, max-snippet:-1, max-image-preview:large, max-video-preview:-1\" \/>\n<link rel=\"canonical\" href=\"https:\/\/eurotrail.info\/de\/producten\/zubehoer\/aufbewahrtaschen\/satellietanlage-tasche\/\" \/>\n<meta property=\"og:locale\" content=\"de_DE\" \/>\n<meta property=\"og:type\" content=\"article\" \/>\n<meta property=\"og:title\" content=\"Satellitensch\u00fcssel-Tasche f\u00fcr Camping &amp; Reisen - Eurotrail\" \/>\n<meta property=\"og:description\" content=\"Diese robuste Satellitensch\u00fcssel-Tasche wurde speziell f\u00fcr den sicheren Transport und die Aufbewahrung auf dem Campingplatz oder unterwegs entwickelt.\" \/>\n<meta property=\"og:url\" content=\"https:\/\/eurotrail.info\/de\/producten\/zubehoer\/aufbewahrtaschen\/satellietanlage-tasche\/\" \/>\n<meta property=\"og:site_name\" content=\"Eurotrail\" \/>\n<meta property=\"article:modified_time\" content=\"2026-02-04T14:01:41+00:00\" \/>\n<meta property=\"og:image\" content=\"https:\/\/eurotrail.info\/wp\/wp-content\/uploads\/2018\/01\/ETAC0221-Satellite-disc-bag.jpg\" \/>\n\t<meta property=\"og:image:width\" content=\"636\" \/>\n\t<meta property=\"og:image:height\" content=\"711\" \/>\n\t<meta property=\"og:image:type\" content=\"image\/jpeg\" \/>\n<meta name=\"twitter:card\" content=\"summary_large_image\" \/>\n<meta name=\"twitter:label1\" content=\"Gesch\u00e4tzte Lesezeit\" \/>\n\t<meta name=\"twitter:data1\" content=\"1\u00a0Minute\" \/>\n<script type=\"application\/ld+json\" class=\"yoast-schema-graph\">{\"@context\":\"https:\\\/\\\/schema.org\",\"@graph\":[{\"@type\":\"WebPage\",\"@id\":\"https:\\\/\\\/eurotrail.info\\\/de\\\/producten\\\/zubehoer\\\/aufbewahrtaschen\\\/satellietanlage-tasche\\\/\",\"url\":\"https:\\\/\\\/eurotrail.info\\\/de\\\/producten\\\/zubehoer\\\/aufbewahrtaschen\\\/satellietanlage-tasche\\\/\",\"name\":\"Satellitensch\u00fcssel-Tasche f\u00fcr Camping & Reisen - Eurotrail\",\"isPartOf\":{\"@id\":\"https:\\\/\\\/eurotrail.info\\\/#website\"},\"primaryImageOfPage\":{\"@id\":\"https:\\\/\\\/eurotrail.info\\\/de\\\/producten\\\/zubehoer\\\/aufbewahrtaschen\\\/satellietanlage-tasche\\\/#primaryimage\"},\"image\":{\"@id\":\"https:\\\/\\\/eurotrail.info\\\/de\\\/producten\\\/zubehoer\\\/aufbewahrtaschen\\\/satellietanlage-tasche\\\/#primaryimage\"},\"thumbnailUrl\":\"https:\\\/\\\/eurotrail.info\\\/wp\\\/wp-content\\\/uploads\\\/2018\\\/01\\\/ETAC0221-Satellite-disc-bag.jpg\",\"datePublished\":\"2018-01-22T15:47:27+00:00\",\"dateModified\":\"2026-02-04T14:01:41+00:00\",\"description\":\"Diese robuste Satellitensch\u00fcssel-Tasche wurde speziell f\u00fcr den sicheren Transport und die Aufbewahrung auf dem Campingplatz oder unterwegs entwickelt.\",\"breadcrumb\":{\"@id\":\"https:\\\/\\\/eurotrail.info\\\/de\\\/producten\\\/zubehoer\\\/aufbewahrtaschen\\\/satellietanlage-tasche\\\/#breadcrumb\"},\"inLanguage\":\"de\",\"potentialAction\":[{\"@type\":\"ReadAction\",\"target\":[\"https:\\\/\\\/eurotrail.info\\\/de\\\/producten\\\/zubehoer\\\/aufbewahrtaschen\\\/satellietanlage-tasche\\\/\"]}]},{\"@type\":\"ImageObject\",\"inLanguage\":\"de\",\"@id\":\"https:\\\/\\\/eurotrail.info\\\/de\\\/producten\\\/zubehoer\\\/aufbewahrtaschen\\\/satellietanlage-tasche\\\/#primaryimage\",\"url\":\"https:\\\/\\\/eurotrail.info\\\/wp\\\/wp-content\\\/uploads\\\/2018\\\/01\\\/ETAC0221-Satellite-disc-bag.jpg\",\"contentUrl\":\"https:\\\/\\\/eurotrail.info\\\/wp\\\/wp-content\\\/uploads\\\/2018\\\/01\\\/ETAC0221-Satellite-disc-bag.jpg\",\"width\":636,\"height\":711,\"caption\":\"Eurotrail Satellitenanlage Tasche\"},{\"@type\":\"BreadcrumbList\",\"@id\":\"https:\\\/\\\/eurotrail.info\\\/de\\\/producten\\\/zubehoer\\\/aufbewahrtaschen\\\/satellietanlage-tasche\\\/#breadcrumb\",\"itemListElement\":[{\"@type\":\"ListItem\",\"position\":1,\"name\":\"Home\",\"item\":\"https:\\\/\\\/eurotrail.info\\\/de\\\/\"},{\"@type\":\"ListItem\",\"position\":2,\"name\":\"Produkte\",\"item\":\"https:\\\/\\\/eurotrail.info\\\/de\\\/produkte\\\/\"},{\"@type\":\"ListItem\",\"position\":3,\"name\":\"Satellitensch\u00fcssel-Tasche f\u00fcr Camping &#038; Reisen\"}]},{\"@type\":\"WebSite\",\"@id\":\"https:\\\/\\\/eurotrail.info\\\/#website\",\"url\":\"https:\\\/\\\/eurotrail.info\\\/\",\"name\":\"Eurotrail\",\"description\":\"\",\"publisher\":{\"@id\":\"https:\\\/\\\/eurotrail.info\\\/#organization\"},\"potentialAction\":[{\"@type\":\"SearchAction\",\"target\":{\"@type\":\"EntryPoint\",\"urlTemplate\":\"https:\\\/\\\/eurotrail.info\\\/?s={search_term_string}\"},\"query-input\":{\"@type\":\"PropertyValueSpecification\",\"valueRequired\":true,\"valueName\":\"search_term_string\"}}],\"inLanguage\":\"de\"},{\"@type\":\"Organization\",\"@id\":\"https:\\\/\\\/eurotrail.info\\\/#organization\",\"name\":\"Eurotrail\",\"url\":\"https:\\\/\\\/eurotrail.info\\\/\",\"logo\":{\"@type\":\"ImageObject\",\"inLanguage\":\"de\",\"@id\":\"https:\\\/\\\/eurotrail.info\\\/#\\\/schema\\\/logo\\\/image\\\/\",\"url\":\"https:\\\/\\\/eurotrail.info\\\/wp\\\/wp-content\\\/uploads\\\/2023\\\/07\\\/ET-logo-quote_NL-scaled.jpg\",\"contentUrl\":\"https:\\\/\\\/eurotrail.info\\\/wp\\\/wp-content\\\/uploads\\\/2023\\\/07\\\/ET-logo-quote_NL-scaled.jpg\",\"width\":2560,\"height\":675,\"caption\":\"Eurotrail\"},\"image\":{\"@id\":\"https:\\\/\\\/eurotrail.info\\\/#\\\/schema\\\/logo\\\/image\\\/\"}}]}<\/script>\n<!-- \/ Yoast SEO plugin. -->","yoast_head_json":{"title":"Satellitensch\u00fcssel-Tasche f\u00fcr Camping & Reisen - Eurotrail","description":"Diese robuste Satellitensch\u00fcssel-Tasche wurde speziell f\u00fcr den sicheren Transport und die Aufbewahrung auf dem Campingplatz oder unterwegs entwickelt.","robots":{"index":"index","follow":"follow","max-snippet":"max-snippet:-1","max-image-preview":"max-image-preview:large","max-video-preview":"max-video-preview:-1"},"canonical":"https:\/\/eurotrail.info\/de\/producten\/zubehoer\/aufbewahrtaschen\/satellietanlage-tasche\/","og_locale":"de_DE","og_type":"article","og_title":"Satellitensch\u00fcssel-Tasche f\u00fcr Camping & Reisen - Eurotrail","og_description":"Diese robuste Satellitensch\u00fcssel-Tasche wurde speziell f\u00fcr den sicheren Transport und die Aufbewahrung auf dem Campingplatz oder unterwegs entwickelt.","og_url":"https:\/\/eurotrail.info\/de\/producten\/zubehoer\/aufbewahrtaschen\/satellietanlage-tasche\/","og_site_name":"Eurotrail","article_modified_time":"2026-02-04T14:01:41+00:00","og_image":[{"width":636,"height":711,"url":"https:\/\/eurotrail.info\/wp\/wp-content\/uploads\/2018\/01\/ETAC0221-Satellite-disc-bag.jpg","type":"image\/jpeg"}],"twitter_card":"summary_large_image","twitter_misc":{"Gesch\u00e4tzte Lesezeit":"1\u00a0Minute"},"schema":{"@context":"https:\/\/schema.org","@graph":[{"@type":"WebPage","@id":"https:\/\/eurotrail.info\/de\/producten\/zubehoer\/aufbewahrtaschen\/satellietanlage-tasche\/","url":"https:\/\/eurotrail.info\/de\/producten\/zubehoer\/aufbewahrtaschen\/satellietanlage-tasche\/","name":"Satellitensch\u00fcssel-Tasche f\u00fcr Camping & Reisen - Eurotrail","isPartOf":{"@id":"https:\/\/eurotrail.info\/#website"},"primaryImageOfPage":{"@id":"https:\/\/eurotrail.info\/de\/producten\/zubehoer\/aufbewahrtaschen\/satellietanlage-tasche\/#primaryimage"},"image":{"@id":"https:\/\/eurotrail.info\/de\/producten\/zubehoer\/aufbewahrtaschen\/satellietanlage-tasche\/#primaryimage"},"thumbnailUrl":"https:\/\/eurotrail.info\/wp\/wp-content\/uploads\/2018\/01\/ETAC0221-Satellite-disc-bag.jpg","datePublished":"2018-01-22T15:47:27+00:00","dateModified":"2026-02-04T14:01:41+00:00","description":"Diese robuste Satellitensch\u00fcssel-Tasche wurde speziell f\u00fcr den sicheren Transport und die Aufbewahrung auf dem Campingplatz oder unterwegs entwickelt.","breadcrumb":{"@id":"https:\/\/eurotrail.info\/de\/producten\/zubehoer\/aufbewahrtaschen\/satellietanlage-tasche\/#breadcrumb"},"inLanguage":"de","potentialAction":[{"@type":"ReadAction","target":["https:\/\/eurotrail.info\/de\/producten\/zubehoer\/aufbewahrtaschen\/satellietanlage-tasche\/"]}]},{"@type":"ImageObject","inLanguage":"de","@id":"https:\/\/eurotrail.info\/de\/producten\/zubehoer\/aufbewahrtaschen\/satellietanlage-tasche\/#primaryimage","url":"https:\/\/eurotrail.info\/wp\/wp-content\/uploads\/2018\/01\/ETAC0221-Satellite-disc-bag.jpg","contentUrl":"https:\/\/eurotrail.info\/wp\/wp-content\/uploads\/2018\/01\/ETAC0221-Satellite-disc-bag.jpg","width":636,"height":711,"caption":"Eurotrail Satellitenanlage Tasche"},{"@type":"BreadcrumbList","@id":"https:\/\/eurotrail.info\/de\/producten\/zubehoer\/aufbewahrtaschen\/satellietanlage-tasche\/#breadcrumb","itemListElement":[{"@type":"ListItem","position":1,"name":"Home","item":"https:\/\/eurotrail.info\/de\/"},{"@type":"ListItem","position":2,"name":"Produkte","item":"https:\/\/eurotrail.info\/de\/produkte\/"},{"@type":"ListItem","position":3,"name":"Satellitensch\u00fcssel-Tasche f\u00fcr Camping &#038; Reisen"}]},{"@type":"WebSite","@id":"https:\/\/eurotrail.info\/#website","url":"https:\/\/eurotrail.info\/","name":"Eurotrail","description":"","publisher":{"@id":"https:\/\/eurotrail.info\/#organization"},"potentialAction":[{"@type":"SearchAction","target":{"@type":"EntryPoint","urlTemplate":"https:\/\/eurotrail.info\/?s={search_term_string}"},"query-input":{"@type":"PropertyValueSpecification","valueRequired":true,"valueName":"search_term_string"}}],"inLanguage":"de"},{"@type":"Organization","@id":"https:\/\/eurotrail.info\/#organization","name":"Eurotrail","url":"https:\/\/eurotrail.info\/","logo":{"@type":"ImageObject","inLanguage":"de","@id":"https:\/\/eurotrail.info\/#\/schema\/logo\/image\/","url":"https:\/\/eurotrail.info\/wp\/wp-content\/uploads\/2023\/07\/ET-logo-quote_NL-scaled.jpg","contentUrl":"https:\/\/eurotrail.info\/wp\/wp-content\/uploads\/2023\/07\/ET-logo-quote_NL-scaled.jpg","width":2560,"height":675,"caption":"Eurotrail"},"image":{"@id":"https:\/\/eurotrail.info\/#\/schema\/logo\/image\/"}}]}},"_links":{"self":[{"href":"https:\/\/eurotrail.info\/de\/wp-json\/wp\/v2\/product\/7277","targetHints":{"allow":["GET"]}}],"collection":[{"href":"https:\/\/eurotrail.info\/de\/wp-json\/wp\/v2\/product"}],"about":[{"href":"https:\/\/eurotrail.info\/de\/wp-json\/wp\/v2\/types\/product"}],"replies":[{"embeddable":true,"href":"https:\/\/eurotrail.info\/de\/wp-json\/wp\/v2\/comments?post=7277"}],"wp:featuredmedia":[{"embeddable":true,"href":"https:\/\/eurotrail.info\/de\/wp-json\/wp\/v2\/media\/7276"}],"wp:attachment":[{"href":"https:\/\/eurotrail.info\/de\/wp-json\/wp\/v2\/media?parent=7277"}],"wp:term":[{"taxonomy":"product_brand","embeddable":true,"href":"https:\/\/eurotrail.info\/de\/wp-json\/wp\/v2\/product_brand?post=7277"},{"taxonomy":"product_cat","embeddable":true,"href":"https:\/\/eurotrail.info\/de\/wp-json\/wp\/v2\/product_cat?post=7277"},{"taxonomy":"product_tag","embeddable":true,"href":"https:\/\/eurotrail.info\/de\/wp-json\/wp\/v2\/product_tag?post=7277"}],"curies":[{"name":"wp","href":"https:\/\/api.w.org\/{rel}","templated":true}]}}