{"id":7451,"date":"2019-01-18T09:01:57","date_gmt":"2019-01-18T08:01:57","guid":{"rendered":"http:\/\/eurotrail.info\/producten\/neu\/"},"modified":"2022-04-01T14:36:41","modified_gmt":"2022-04-01T13:36:41","slug":"lagerzelt-am-wohnwagen","status":"publish","type":"product","link":"https:\/\/eurotrail.info\/de\/producten\/zelte\/geraeterzelte\/lagerzelt-am-wohnwagen\/","title":{"rendered":"Lagerzelt am Wohnwagen"},"content":{"rendered":"<p>Lagerzelt XL zur Befestigung am Hinterseite des Wohnwagens. Das Zelt ist mit einem Keder f\u00fcr Befestigung ausgestattet, 2 Fiberglasstangen und verschiedenen Spannungspunkten. Die zwei Stangen bieten einen extra ger\u00e4umigen Innenraum und bieten ausreichend Stauraum f\u00fcr Fahrr\u00e4der, Campingm\u00f6bel oder andere Campingausr\u00fcstung. Der idealer Platz die Sachen au\u00dfer Sicht zu behalten und gegen Regen und Schmutz zu sch\u00fctzen! Einfach und schnell einzurichten.<\/p>\n<p>Gr\u00f6\u03b2e: Boden 190x170cm, h\u00f6he: 190cm.<br \/>\nMaterial: 100% polyester<br \/>\nStange: fiberglas Stange<br \/>\nGewicht: 2.4 kg.<\/p>\n","protected":false},"excerpt":{"rendered":"<p>Lagerzelt XL zur Befestigung am Hinterseite des Wohnwagens. Das Zelt ist mit einem Keder f\u00fcr Befestigung ausgestattet, 2 Fiberglasstangen und verschiedenen Spannungspunkten. Die zwei Stangen&hellip;<\/p>\n","protected":false},"featured_media":13008,"comment_status":"open","ping_status":"closed","template":"","meta":{"_acf_changed":false},"product_brand":[],"product_cat":[100,75,77,105,71],"product_tag":[],"class_list":{"0":"post-7451","1":"product","2":"type-product","3":"status-publish","4":"has-post-thumbnail","6":"product_cat-geraeterzelte","7":"product_cat-sonnendaecher","8":"product_cat-wohnwagen-zubehoer","9":"product_cat-wohnwagen-reisemobilvorzelte","10":"product_cat-wohnwagenwohnmobilebus","12":"first","13":"instock","14":"shipping-taxable","15":"product-type-simple"},"acf":[],"yoast_head":"<!-- This site is optimized with the Yoast SEO plugin v27.4 - https:\/\/yoast.com\/product\/yoast-seo-wordpress\/ -->\n<title>Lagerzelt am Wohnwagen - Eurotrail<\/title>\n<meta name=\"description\" content=\"Lagerzelt XL zur Befestigung am Hinterseite des Wohnwagens. Das Zelt ist mit einem Keder f\u00fcr Befestigung ausgestattet. Einfache montage.\" \/>\n<meta name=\"robots\" content=\"index, follow, max-snippet:-1, max-image-preview:large, max-video-preview:-1\" \/>\n<link rel=\"canonical\" href=\"https:\/\/eurotrail.info\/de\/producten\/zelte\/geraeterzelte\/lagerzelt-am-wohnwagen\/\" \/>\n<meta property=\"og:locale\" content=\"de_DE\" \/>\n<meta property=\"og:type\" content=\"article\" \/>\n<meta property=\"og:title\" content=\"Lagerzelt am Wohnwagen - Eurotrail\" \/>\n<meta property=\"og:description\" content=\"Lagerzelt XL zur Befestigung am Hinterseite des Wohnwagens. Das Zelt ist mit einem Keder f\u00fcr Befestigung ausgestattet. Einfache montage.\" \/>\n<meta property=\"og:url\" content=\"https:\/\/eurotrail.info\/de\/producten\/zelte\/geraeterzelte\/lagerzelt-am-wohnwagen\/\" \/>\n<meta property=\"og:site_name\" content=\"Eurotrail\" \/>\n<meta property=\"article:modified_time\" content=\"2022-04-01T13:36:41+00:00\" \/>\n<meta property=\"og:image\" content=\"https:\/\/eurotrail.info\/wp\/wp-content\/uploads\/2019\/01\/ETCT0098_0200_2.jpg\" \/>\n\t<meta property=\"og:image:width\" content=\"1772\" \/>\n\t<meta property=\"og:image:height\" content=\"1560\" \/>\n\t<meta property=\"og:image:type\" content=\"image\/jpeg\" \/>\n<meta name=\"twitter:card\" content=\"summary_large_image\" \/>\n<script type=\"application\/ld+json\" class=\"yoast-schema-graph\">{\"@context\":\"https:\\\/\\\/schema.org\",\"@graph\":[{\"@type\":\"WebPage\",\"@id\":\"https:\\\/\\\/eurotrail.info\\\/de\\\/producten\\\/zelte\\\/geraeterzelte\\\/lagerzelt-am-wohnwagen\\\/\",\"url\":\"https:\\\/\\\/eurotrail.info\\\/de\\\/producten\\\/zelte\\\/geraeterzelte\\\/lagerzelt-am-wohnwagen\\\/\",\"name\":\"Lagerzelt am Wohnwagen - Eurotrail\",\"isPartOf\":{\"@id\":\"https:\\\/\\\/eurotrail.info\\\/#website\"},\"primaryImageOfPage\":{\"@id\":\"https:\\\/\\\/eurotrail.info\\\/de\\\/producten\\\/zelte\\\/geraeterzelte\\\/lagerzelt-am-wohnwagen\\\/#primaryimage\"},\"image\":{\"@id\":\"https:\\\/\\\/eurotrail.info\\\/de\\\/producten\\\/zelte\\\/geraeterzelte\\\/lagerzelt-am-wohnwagen\\\/#primaryimage\"},\"thumbnailUrl\":\"https:\\\/\\\/eurotrail.info\\\/wp\\\/wp-content\\\/uploads\\\/2019\\\/01\\\/ETCT0098_0200_2.jpg\",\"datePublished\":\"2019-01-18T08:01:57+00:00\",\"dateModified\":\"2022-04-01T13:36:41+00:00\",\"description\":\"Lagerzelt XL zur Befestigung am Hinterseite des Wohnwagens. Das Zelt ist mit einem Keder f\u00fcr Befestigung ausgestattet. Einfache montage.\",\"breadcrumb\":{\"@id\":\"https:\\\/\\\/eurotrail.info\\\/de\\\/producten\\\/zelte\\\/geraeterzelte\\\/lagerzelt-am-wohnwagen\\\/#breadcrumb\"},\"inLanguage\":\"de\",\"potentialAction\":[{\"@type\":\"ReadAction\",\"target\":[\"https:\\\/\\\/eurotrail.info\\\/de\\\/producten\\\/zelte\\\/geraeterzelte\\\/lagerzelt-am-wohnwagen\\\/\"]}]},{\"@type\":\"ImageObject\",\"inLanguage\":\"de\",\"@id\":\"https:\\\/\\\/eurotrail.info\\\/de\\\/producten\\\/zelte\\\/geraeterzelte\\\/lagerzelt-am-wohnwagen\\\/#primaryimage\",\"url\":\"https:\\\/\\\/eurotrail.info\\\/wp\\\/wp-content\\\/uploads\\\/2019\\\/01\\\/ETCT0098_0200_2.jpg\",\"contentUrl\":\"https:\\\/\\\/eurotrail.info\\\/wp\\\/wp-content\\\/uploads\\\/2019\\\/01\\\/ETCT0098_0200_2.jpg\",\"width\":1772,\"height\":1560,\"caption\":\"Eurotrail bike shelter caravan\"},{\"@type\":\"BreadcrumbList\",\"@id\":\"https:\\\/\\\/eurotrail.info\\\/de\\\/producten\\\/zelte\\\/geraeterzelte\\\/lagerzelt-am-wohnwagen\\\/#breadcrumb\",\"itemListElement\":[{\"@type\":\"ListItem\",\"position\":1,\"name\":\"Home\",\"item\":\"https:\\\/\\\/eurotrail.info\\\/de\\\/\"},{\"@type\":\"ListItem\",\"position\":2,\"name\":\"Produkte\",\"item\":\"https:\\\/\\\/eurotrail.info\\\/de\\\/produkte\\\/\"},{\"@type\":\"ListItem\",\"position\":3,\"name\":\"Lagerzelt am Wohnwagen\"}]},{\"@type\":\"WebSite\",\"@id\":\"https:\\\/\\\/eurotrail.info\\\/#website\",\"url\":\"https:\\\/\\\/eurotrail.info\\\/\",\"name\":\"Eurotrail\",\"description\":\"\",\"publisher\":{\"@id\":\"https:\\\/\\\/eurotrail.info\\\/#organization\"},\"potentialAction\":[{\"@type\":\"SearchAction\",\"target\":{\"@type\":\"EntryPoint\",\"urlTemplate\":\"https:\\\/\\\/eurotrail.info\\\/?s={search_term_string}\"},\"query-input\":{\"@type\":\"PropertyValueSpecification\",\"valueRequired\":true,\"valueName\":\"search_term_string\"}}],\"inLanguage\":\"de\"},{\"@type\":\"Organization\",\"@id\":\"https:\\\/\\\/eurotrail.info\\\/#organization\",\"name\":\"Eurotrail\",\"url\":\"https:\\\/\\\/eurotrail.info\\\/\",\"logo\":{\"@type\":\"ImageObject\",\"inLanguage\":\"de\",\"@id\":\"https:\\\/\\\/eurotrail.info\\\/#\\\/schema\\\/logo\\\/image\\\/\",\"url\":\"https:\\\/\\\/eurotrail.info\\\/wp\\\/wp-content\\\/uploads\\\/2023\\\/07\\\/ET-logo-quote_NL-scaled.jpg\",\"contentUrl\":\"https:\\\/\\\/eurotrail.info\\\/wp\\\/wp-content\\\/uploads\\\/2023\\\/07\\\/ET-logo-quote_NL-scaled.jpg\",\"width\":2560,\"height\":675,\"caption\":\"Eurotrail\"},\"image\":{\"@id\":\"https:\\\/\\\/eurotrail.info\\\/#\\\/schema\\\/logo\\\/image\\\/\"}}]}<\/script>\n<!-- \/ Yoast SEO plugin. -->","yoast_head_json":{"title":"Lagerzelt am Wohnwagen - Eurotrail","description":"Lagerzelt XL zur Befestigung am Hinterseite des Wohnwagens. Das Zelt ist mit einem Keder f\u00fcr Befestigung ausgestattet. Einfache montage.","robots":{"index":"index","follow":"follow","max-snippet":"max-snippet:-1","max-image-preview":"max-image-preview:large","max-video-preview":"max-video-preview:-1"},"canonical":"https:\/\/eurotrail.info\/de\/producten\/zelte\/geraeterzelte\/lagerzelt-am-wohnwagen\/","og_locale":"de_DE","og_type":"article","og_title":"Lagerzelt am Wohnwagen - Eurotrail","og_description":"Lagerzelt XL zur Befestigung am Hinterseite des Wohnwagens. Das Zelt ist mit einem Keder f\u00fcr Befestigung ausgestattet. Einfache montage.","og_url":"https:\/\/eurotrail.info\/de\/producten\/zelte\/geraeterzelte\/lagerzelt-am-wohnwagen\/","og_site_name":"Eurotrail","article_modified_time":"2022-04-01T13:36:41+00:00","og_image":[{"width":1772,"height":1560,"url":"https:\/\/eurotrail.info\/wp\/wp-content\/uploads\/2019\/01\/ETCT0098_0200_2.jpg","type":"image\/jpeg"}],"twitter_card":"summary_large_image","schema":{"@context":"https:\/\/schema.org","@graph":[{"@type":"WebPage","@id":"https:\/\/eurotrail.info\/de\/producten\/zelte\/geraeterzelte\/lagerzelt-am-wohnwagen\/","url":"https:\/\/eurotrail.info\/de\/producten\/zelte\/geraeterzelte\/lagerzelt-am-wohnwagen\/","name":"Lagerzelt am Wohnwagen - Eurotrail","isPartOf":{"@id":"https:\/\/eurotrail.info\/#website"},"primaryImageOfPage":{"@id":"https:\/\/eurotrail.info\/de\/producten\/zelte\/geraeterzelte\/lagerzelt-am-wohnwagen\/#primaryimage"},"image":{"@id":"https:\/\/eurotrail.info\/de\/producten\/zelte\/geraeterzelte\/lagerzelt-am-wohnwagen\/#primaryimage"},"thumbnailUrl":"https:\/\/eurotrail.info\/wp\/wp-content\/uploads\/2019\/01\/ETCT0098_0200_2.jpg","datePublished":"2019-01-18T08:01:57+00:00","dateModified":"2022-04-01T13:36:41+00:00","description":"Lagerzelt XL zur Befestigung am Hinterseite des Wohnwagens. Das Zelt ist mit einem Keder f\u00fcr Befestigung ausgestattet. Einfache montage.","breadcrumb":{"@id":"https:\/\/eurotrail.info\/de\/producten\/zelte\/geraeterzelte\/lagerzelt-am-wohnwagen\/#breadcrumb"},"inLanguage":"de","potentialAction":[{"@type":"ReadAction","target":["https:\/\/eurotrail.info\/de\/producten\/zelte\/geraeterzelte\/lagerzelt-am-wohnwagen\/"]}]},{"@type":"ImageObject","inLanguage":"de","@id":"https:\/\/eurotrail.info\/de\/producten\/zelte\/geraeterzelte\/lagerzelt-am-wohnwagen\/#primaryimage","url":"https:\/\/eurotrail.info\/wp\/wp-content\/uploads\/2019\/01\/ETCT0098_0200_2.jpg","contentUrl":"https:\/\/eurotrail.info\/wp\/wp-content\/uploads\/2019\/01\/ETCT0098_0200_2.jpg","width":1772,"height":1560,"caption":"Eurotrail bike shelter caravan"},{"@type":"BreadcrumbList","@id":"https:\/\/eurotrail.info\/de\/producten\/zelte\/geraeterzelte\/lagerzelt-am-wohnwagen\/#breadcrumb","itemListElement":[{"@type":"ListItem","position":1,"name":"Home","item":"https:\/\/eurotrail.info\/de\/"},{"@type":"ListItem","position":2,"name":"Produkte","item":"https:\/\/eurotrail.info\/de\/produkte\/"},{"@type":"ListItem","position":3,"name":"Lagerzelt am Wohnwagen"}]},{"@type":"WebSite","@id":"https:\/\/eurotrail.info\/#website","url":"https:\/\/eurotrail.info\/","name":"Eurotrail","description":"","publisher":{"@id":"https:\/\/eurotrail.info\/#organization"},"potentialAction":[{"@type":"SearchAction","target":{"@type":"EntryPoint","urlTemplate":"https:\/\/eurotrail.info\/?s={search_term_string}"},"query-input":{"@type":"PropertyValueSpecification","valueRequired":true,"valueName":"search_term_string"}}],"inLanguage":"de"},{"@type":"Organization","@id":"https:\/\/eurotrail.info\/#organization","name":"Eurotrail","url":"https:\/\/eurotrail.info\/","logo":{"@type":"ImageObject","inLanguage":"de","@id":"https:\/\/eurotrail.info\/#\/schema\/logo\/image\/","url":"https:\/\/eurotrail.info\/wp\/wp-content\/uploads\/2023\/07\/ET-logo-quote_NL-scaled.jpg","contentUrl":"https:\/\/eurotrail.info\/wp\/wp-content\/uploads\/2023\/07\/ET-logo-quote_NL-scaled.jpg","width":2560,"height":675,"caption":"Eurotrail"},"image":{"@id":"https:\/\/eurotrail.info\/#\/schema\/logo\/image\/"}}]}},"_links":{"self":[{"href":"https:\/\/eurotrail.info\/de\/wp-json\/wp\/v2\/product\/7451","targetHints":{"allow":["GET"]}}],"collection":[{"href":"https:\/\/eurotrail.info\/de\/wp-json\/wp\/v2\/product"}],"about":[{"href":"https:\/\/eurotrail.info\/de\/wp-json\/wp\/v2\/types\/product"}],"replies":[{"embeddable":true,"href":"https:\/\/eurotrail.info\/de\/wp-json\/wp\/v2\/comments?post=7451"}],"wp:featuredmedia":[{"embeddable":true,"href":"https:\/\/eurotrail.info\/de\/wp-json\/wp\/v2\/media\/13008"}],"wp:attachment":[{"href":"https:\/\/eurotrail.info\/de\/wp-json\/wp\/v2\/media?parent=7451"}],"wp:term":[{"taxonomy":"product_brand","embeddable":true,"href":"https:\/\/eurotrail.info\/de\/wp-json\/wp\/v2\/product_brand?post=7451"},{"taxonomy":"product_cat","embeddable":true,"href":"https:\/\/eurotrail.info\/de\/wp-json\/wp\/v2\/product_cat?post=7451"},{"taxonomy":"product_tag","embeddable":true,"href":"https:\/\/eurotrail.info\/de\/wp-json\/wp\/v2\/product_tag?post=7451"}],"curies":[{"name":"wp","href":"https:\/\/api.w.org\/{rel}","templated":true}]}}