{"id":7493,"date":"2019-01-18T12:19:33","date_gmt":"2019-01-18T11:19:33","guid":{"rendered":"http:\/\/eurotrail.info\/producten\/neu-atlantis-pro-freistehendes-reisemobil-zelt\/"},"modified":"2022-11-25T08:54:08","modified_gmt":"2022-11-25T07:54:08","slug":"atlantis-pro-freistehendes-reisemobil-zelt","status":"publish","type":"product","link":"https:\/\/eurotrail.info\/de\/producten\/wohnwagenwohnmobilebus\/wohnwagen-reisemobilvorzelte\/atlantis-pro-freistehendes-reisemobil-zelt\/","title":{"rendered":"Atlantis Pro freistehendes Reisemobil Zelt"},"content":{"rendered":"<p>Das Atlantis ist ein freistehendes Reisemobil Zelt mit praktischem Vordach. Dieses Vordach sch\u00fctzt Sie beim Betreten des Zeltes vor Regen und bietet zudem zus\u00e4tzlichen Schatten. Der Atlantis ist ein freistehendes Zelt, das einfach aufzustellen und vom Reisemobil zu trennen ist. Sie k\u00f6nnen also mit dem Reisemobil egfahren, ohne das ganze Zelt abbauen zu m\u00fcssen. Das Zelt bietet ausreichend Platz f\u00fcr einen Campingtisch und -st\u00fchle und andere Campingartikel. Gro\u00dfe Fenster sorgen f\u00fcr viel Licht und eine zus\u00e4tzliche Seitent\u00fcr mit Fenster und L\u00fcftungsgitter. Das Atlantis ist das ideale Zelt f\u00fcr diejenigen, die gerne Tagesausfl\u00fcge mit dem Wohnmobil machen. (Boden nicht einbegriffen)<\/p>\n<p>Maximale Anschlu\u03b2h\u00f6he 310 cm.<br \/>\nAu\u03b2en: 185T Polyester, 3000mm Wassers\u00e4ule<br \/>\nN\u00e4hte wasserdicht verklebt.<br \/>\nFarbe: Grau\/Marine<br \/>\nGet\u00e4nge: Fiberglas Bogenstange 12.7mm mit 19mm Stahlen Geradestange<br \/>\nH\u00f6hee: 210\/280cm<br \/>\nGewicht: 21.5 kg.<br \/>\nPackma\u03b2: 70x30cm<\/p>\n","protected":false},"excerpt":{"rendered":"<p>Das Atlantis ist ein freistehendes Reisemobil Zelt mit praktischem Vordach. Dieses Vordach sch\u00fctzt Sie beim Betreten des Zeltes vor Regen und bietet zudem zus\u00e4tzlichen Schatten.&hellip;<\/p>\n","protected":false},"featured_media":7491,"comment_status":"open","ping_status":"closed","template":"","meta":{"_acf_changed":false},"product_brand":[],"product_cat":[105,71],"product_tag":[],"class_list":{"0":"post-7493","1":"product","2":"type-product","3":"status-publish","4":"has-post-thumbnail","6":"product_cat-wohnwagen-reisemobilvorzelte","7":"product_cat-wohnwagenwohnmobilebus","9":"first","10":"instock","11":"shipping-taxable","12":"product-type-simple"},"acf":[],"yoast_head":"<!-- This site is optimized with the Yoast SEO plugin v27.4 - https:\/\/yoast.com\/product\/yoast-seo-wordpress\/ -->\n<title>Atlantis Pro freistehendes Reisemobil Zelt - Eurotrail<\/title>\n<meta name=\"description\" content=\"Freistehendes Campingzelt mit praktischem Vorzelt. Das Zelt bietet ausreichend Platz f\u00fcr einen Campingtisch und -st\u00fchle und andere Campingartikel.\" \/>\n<meta name=\"robots\" content=\"index, follow, max-snippet:-1, max-image-preview:large, max-video-preview:-1\" \/>\n<link rel=\"canonical\" href=\"https:\/\/eurotrail.info\/de\/producten\/wohnwagenwohnmobilebus\/wohnwagen-reisemobilvorzelte\/atlantis-pro-freistehendes-reisemobil-zelt\/\" \/>\n<meta property=\"og:locale\" content=\"de_DE\" \/>\n<meta property=\"og:type\" content=\"article\" \/>\n<meta property=\"og:title\" content=\"Atlantis Pro freistehendes Reisemobil Zelt - Eurotrail\" \/>\n<meta property=\"og:description\" content=\"Freistehendes Campingzelt mit praktischem Vorzelt. Das Zelt bietet ausreichend Platz f\u00fcr einen Campingtisch und -st\u00fchle und andere Campingartikel.\" \/>\n<meta property=\"og:url\" content=\"https:\/\/eurotrail.info\/de\/producten\/wohnwagenwohnmobilebus\/wohnwagen-reisemobilvorzelte\/atlantis-pro-freistehendes-reisemobil-zelt\/\" \/>\n<meta property=\"og:site_name\" content=\"Eurotrail\" \/>\n<meta property=\"article:modified_time\" content=\"2022-11-25T07:54:08+00:00\" \/>\n<meta property=\"og:image\" content=\"https:\/\/eurotrail.info\/wp\/wp-content\/uploads\/2019\/01\/image-2019-01-08-6.jpg\" \/>\n\t<meta property=\"og:image:width\" content=\"1280\" \/>\n\t<meta property=\"og:image:height\" content=\"909\" \/>\n\t<meta property=\"og:image:type\" content=\"image\/jpeg\" \/>\n<meta name=\"twitter:card\" content=\"summary_large_image\" \/>\n<meta name=\"twitter:label1\" content=\"Gesch\u00e4tzte Lesezeit\" \/>\n\t<meta name=\"twitter:data1\" content=\"1\u00a0Minute\" \/>\n<script type=\"application\/ld+json\" class=\"yoast-schema-graph\">{\"@context\":\"https:\\\/\\\/schema.org\",\"@graph\":[{\"@type\":\"WebPage\",\"@id\":\"https:\\\/\\\/eurotrail.info\\\/de\\\/producten\\\/wohnwagenwohnmobilebus\\\/wohnwagen-reisemobilvorzelte\\\/atlantis-pro-freistehendes-reisemobil-zelt\\\/\",\"url\":\"https:\\\/\\\/eurotrail.info\\\/de\\\/producten\\\/wohnwagenwohnmobilebus\\\/wohnwagen-reisemobilvorzelte\\\/atlantis-pro-freistehendes-reisemobil-zelt\\\/\",\"name\":\"Atlantis Pro freistehendes Reisemobil Zelt - Eurotrail\",\"isPartOf\":{\"@id\":\"https:\\\/\\\/eurotrail.info\\\/#website\"},\"primaryImageOfPage\":{\"@id\":\"https:\\\/\\\/eurotrail.info\\\/de\\\/producten\\\/wohnwagenwohnmobilebus\\\/wohnwagen-reisemobilvorzelte\\\/atlantis-pro-freistehendes-reisemobil-zelt\\\/#primaryimage\"},\"image\":{\"@id\":\"https:\\\/\\\/eurotrail.info\\\/de\\\/producten\\\/wohnwagenwohnmobilebus\\\/wohnwagen-reisemobilvorzelte\\\/atlantis-pro-freistehendes-reisemobil-zelt\\\/#primaryimage\"},\"thumbnailUrl\":\"https:\\\/\\\/eurotrail.info\\\/wp\\\/wp-content\\\/uploads\\\/2019\\\/01\\\/image-2019-01-08-6.jpg\",\"datePublished\":\"2019-01-18T11:19:33+00:00\",\"dateModified\":\"2022-11-25T07:54:08+00:00\",\"description\":\"Freistehendes Campingzelt mit praktischem Vorzelt. Das Zelt bietet ausreichend Platz f\u00fcr einen Campingtisch und -st\u00fchle und andere Campingartikel.\",\"breadcrumb\":{\"@id\":\"https:\\\/\\\/eurotrail.info\\\/de\\\/producten\\\/wohnwagenwohnmobilebus\\\/wohnwagen-reisemobilvorzelte\\\/atlantis-pro-freistehendes-reisemobil-zelt\\\/#breadcrumb\"},\"inLanguage\":\"de\",\"potentialAction\":[{\"@type\":\"ReadAction\",\"target\":[\"https:\\\/\\\/eurotrail.info\\\/de\\\/producten\\\/wohnwagenwohnmobilebus\\\/wohnwagen-reisemobilvorzelte\\\/atlantis-pro-freistehendes-reisemobil-zelt\\\/\"]}]},{\"@type\":\"ImageObject\",\"inLanguage\":\"de\",\"@id\":\"https:\\\/\\\/eurotrail.info\\\/de\\\/producten\\\/wohnwagenwohnmobilebus\\\/wohnwagen-reisemobilvorzelte\\\/atlantis-pro-freistehendes-reisemobil-zelt\\\/#primaryimage\",\"url\":\"https:\\\/\\\/eurotrail.info\\\/wp\\\/wp-content\\\/uploads\\\/2019\\\/01\\\/image-2019-01-08-6.jpg\",\"contentUrl\":\"https:\\\/\\\/eurotrail.info\\\/wp\\\/wp-content\\\/uploads\\\/2019\\\/01\\\/image-2019-01-08-6.jpg\",\"width\":1280,\"height\":909,\"caption\":\"freistehendes Reisemobil Zelt\"},{\"@type\":\"BreadcrumbList\",\"@id\":\"https:\\\/\\\/eurotrail.info\\\/de\\\/producten\\\/wohnwagenwohnmobilebus\\\/wohnwagen-reisemobilvorzelte\\\/atlantis-pro-freistehendes-reisemobil-zelt\\\/#breadcrumb\",\"itemListElement\":[{\"@type\":\"ListItem\",\"position\":1,\"name\":\"Home\",\"item\":\"https:\\\/\\\/eurotrail.info\\\/de\\\/\"},{\"@type\":\"ListItem\",\"position\":2,\"name\":\"Produkte\",\"item\":\"https:\\\/\\\/eurotrail.info\\\/de\\\/produkte\\\/\"},{\"@type\":\"ListItem\",\"position\":3,\"name\":\"Atlantis Pro freistehendes Reisemobil Zelt\"}]},{\"@type\":\"WebSite\",\"@id\":\"https:\\\/\\\/eurotrail.info\\\/#website\",\"url\":\"https:\\\/\\\/eurotrail.info\\\/\",\"name\":\"Eurotrail\",\"description\":\"\",\"publisher\":{\"@id\":\"https:\\\/\\\/eurotrail.info\\\/#organization\"},\"potentialAction\":[{\"@type\":\"SearchAction\",\"target\":{\"@type\":\"EntryPoint\",\"urlTemplate\":\"https:\\\/\\\/eurotrail.info\\\/?s={search_term_string}\"},\"query-input\":{\"@type\":\"PropertyValueSpecification\",\"valueRequired\":true,\"valueName\":\"search_term_string\"}}],\"inLanguage\":\"de\"},{\"@type\":\"Organization\",\"@id\":\"https:\\\/\\\/eurotrail.info\\\/#organization\",\"name\":\"Eurotrail\",\"url\":\"https:\\\/\\\/eurotrail.info\\\/\",\"logo\":{\"@type\":\"ImageObject\",\"inLanguage\":\"de\",\"@id\":\"https:\\\/\\\/eurotrail.info\\\/#\\\/schema\\\/logo\\\/image\\\/\",\"url\":\"https:\\\/\\\/eurotrail.info\\\/wp\\\/wp-content\\\/uploads\\\/2023\\\/07\\\/ET-logo-quote_NL-scaled.jpg\",\"contentUrl\":\"https:\\\/\\\/eurotrail.info\\\/wp\\\/wp-content\\\/uploads\\\/2023\\\/07\\\/ET-logo-quote_NL-scaled.jpg\",\"width\":2560,\"height\":675,\"caption\":\"Eurotrail\"},\"image\":{\"@id\":\"https:\\\/\\\/eurotrail.info\\\/#\\\/schema\\\/logo\\\/image\\\/\"}}]}<\/script>\n<!-- \/ Yoast SEO plugin. -->","yoast_head_json":{"title":"Atlantis Pro freistehendes Reisemobil Zelt - Eurotrail","description":"Freistehendes Campingzelt mit praktischem Vorzelt. Das Zelt bietet ausreichend Platz f\u00fcr einen Campingtisch und -st\u00fchle und andere Campingartikel.","robots":{"index":"index","follow":"follow","max-snippet":"max-snippet:-1","max-image-preview":"max-image-preview:large","max-video-preview":"max-video-preview:-1"},"canonical":"https:\/\/eurotrail.info\/de\/producten\/wohnwagenwohnmobilebus\/wohnwagen-reisemobilvorzelte\/atlantis-pro-freistehendes-reisemobil-zelt\/","og_locale":"de_DE","og_type":"article","og_title":"Atlantis Pro freistehendes Reisemobil Zelt - Eurotrail","og_description":"Freistehendes Campingzelt mit praktischem Vorzelt. Das Zelt bietet ausreichend Platz f\u00fcr einen Campingtisch und -st\u00fchle und andere Campingartikel.","og_url":"https:\/\/eurotrail.info\/de\/producten\/wohnwagenwohnmobilebus\/wohnwagen-reisemobilvorzelte\/atlantis-pro-freistehendes-reisemobil-zelt\/","og_site_name":"Eurotrail","article_modified_time":"2022-11-25T07:54:08+00:00","og_image":[{"width":1280,"height":909,"url":"https:\/\/eurotrail.info\/wp\/wp-content\/uploads\/2019\/01\/image-2019-01-08-6.jpg","type":"image\/jpeg"}],"twitter_card":"summary_large_image","twitter_misc":{"Gesch\u00e4tzte Lesezeit":"1\u00a0Minute"},"schema":{"@context":"https:\/\/schema.org","@graph":[{"@type":"WebPage","@id":"https:\/\/eurotrail.info\/de\/producten\/wohnwagenwohnmobilebus\/wohnwagen-reisemobilvorzelte\/atlantis-pro-freistehendes-reisemobil-zelt\/","url":"https:\/\/eurotrail.info\/de\/producten\/wohnwagenwohnmobilebus\/wohnwagen-reisemobilvorzelte\/atlantis-pro-freistehendes-reisemobil-zelt\/","name":"Atlantis Pro freistehendes Reisemobil Zelt - Eurotrail","isPartOf":{"@id":"https:\/\/eurotrail.info\/#website"},"primaryImageOfPage":{"@id":"https:\/\/eurotrail.info\/de\/producten\/wohnwagenwohnmobilebus\/wohnwagen-reisemobilvorzelte\/atlantis-pro-freistehendes-reisemobil-zelt\/#primaryimage"},"image":{"@id":"https:\/\/eurotrail.info\/de\/producten\/wohnwagenwohnmobilebus\/wohnwagen-reisemobilvorzelte\/atlantis-pro-freistehendes-reisemobil-zelt\/#primaryimage"},"thumbnailUrl":"https:\/\/eurotrail.info\/wp\/wp-content\/uploads\/2019\/01\/image-2019-01-08-6.jpg","datePublished":"2019-01-18T11:19:33+00:00","dateModified":"2022-11-25T07:54:08+00:00","description":"Freistehendes Campingzelt mit praktischem Vorzelt. Das Zelt bietet ausreichend Platz f\u00fcr einen Campingtisch und -st\u00fchle und andere Campingartikel.","breadcrumb":{"@id":"https:\/\/eurotrail.info\/de\/producten\/wohnwagenwohnmobilebus\/wohnwagen-reisemobilvorzelte\/atlantis-pro-freistehendes-reisemobil-zelt\/#breadcrumb"},"inLanguage":"de","potentialAction":[{"@type":"ReadAction","target":["https:\/\/eurotrail.info\/de\/producten\/wohnwagenwohnmobilebus\/wohnwagen-reisemobilvorzelte\/atlantis-pro-freistehendes-reisemobil-zelt\/"]}]},{"@type":"ImageObject","inLanguage":"de","@id":"https:\/\/eurotrail.info\/de\/producten\/wohnwagenwohnmobilebus\/wohnwagen-reisemobilvorzelte\/atlantis-pro-freistehendes-reisemobil-zelt\/#primaryimage","url":"https:\/\/eurotrail.info\/wp\/wp-content\/uploads\/2019\/01\/image-2019-01-08-6.jpg","contentUrl":"https:\/\/eurotrail.info\/wp\/wp-content\/uploads\/2019\/01\/image-2019-01-08-6.jpg","width":1280,"height":909,"caption":"freistehendes Reisemobil Zelt"},{"@type":"BreadcrumbList","@id":"https:\/\/eurotrail.info\/de\/producten\/wohnwagenwohnmobilebus\/wohnwagen-reisemobilvorzelte\/atlantis-pro-freistehendes-reisemobil-zelt\/#breadcrumb","itemListElement":[{"@type":"ListItem","position":1,"name":"Home","item":"https:\/\/eurotrail.info\/de\/"},{"@type":"ListItem","position":2,"name":"Produkte","item":"https:\/\/eurotrail.info\/de\/produkte\/"},{"@type":"ListItem","position":3,"name":"Atlantis Pro freistehendes Reisemobil Zelt"}]},{"@type":"WebSite","@id":"https:\/\/eurotrail.info\/#website","url":"https:\/\/eurotrail.info\/","name":"Eurotrail","description":"","publisher":{"@id":"https:\/\/eurotrail.info\/#organization"},"potentialAction":[{"@type":"SearchAction","target":{"@type":"EntryPoint","urlTemplate":"https:\/\/eurotrail.info\/?s={search_term_string}"},"query-input":{"@type":"PropertyValueSpecification","valueRequired":true,"valueName":"search_term_string"}}],"inLanguage":"de"},{"@type":"Organization","@id":"https:\/\/eurotrail.info\/#organization","name":"Eurotrail","url":"https:\/\/eurotrail.info\/","logo":{"@type":"ImageObject","inLanguage":"de","@id":"https:\/\/eurotrail.info\/#\/schema\/logo\/image\/","url":"https:\/\/eurotrail.info\/wp\/wp-content\/uploads\/2023\/07\/ET-logo-quote_NL-scaled.jpg","contentUrl":"https:\/\/eurotrail.info\/wp\/wp-content\/uploads\/2023\/07\/ET-logo-quote_NL-scaled.jpg","width":2560,"height":675,"caption":"Eurotrail"},"image":{"@id":"https:\/\/eurotrail.info\/#\/schema\/logo\/image\/"}}]}},"_links":{"self":[{"href":"https:\/\/eurotrail.info\/de\/wp-json\/wp\/v2\/product\/7493","targetHints":{"allow":["GET"]}}],"collection":[{"href":"https:\/\/eurotrail.info\/de\/wp-json\/wp\/v2\/product"}],"about":[{"href":"https:\/\/eurotrail.info\/de\/wp-json\/wp\/v2\/types\/product"}],"replies":[{"embeddable":true,"href":"https:\/\/eurotrail.info\/de\/wp-json\/wp\/v2\/comments?post=7493"}],"wp:featuredmedia":[{"embeddable":true,"href":"https:\/\/eurotrail.info\/de\/wp-json\/wp\/v2\/media\/7491"}],"wp:attachment":[{"href":"https:\/\/eurotrail.info\/de\/wp-json\/wp\/v2\/media?parent=7493"}],"wp:term":[{"taxonomy":"product_brand","embeddable":true,"href":"https:\/\/eurotrail.info\/de\/wp-json\/wp\/v2\/product_brand?post=7493"},{"taxonomy":"product_cat","embeddable":true,"href":"https:\/\/eurotrail.info\/de\/wp-json\/wp\/v2\/product_cat?post=7493"},{"taxonomy":"product_tag","embeddable":true,"href":"https:\/\/eurotrail.info\/de\/wp-json\/wp\/v2\/product_tag?post=7493"}],"curies":[{"name":"wp","href":"https:\/\/api.w.org\/{rel}","templated":true}]}}