{"id":7512,"date":"2019-01-18T12:49:40","date_gmt":"2019-01-18T11:49:40","guid":{"rendered":"http:\/\/eurotrail.info\/producten\/neu-odyssey-4-polteser-koepel-zelt\/"},"modified":"2019-01-18T12:49:40","modified_gmt":"2019-01-18T11:49:40","slug":"neu-odyssey-4-polteser-koepel-zelt","status":"publish","type":"product","link":"https:\/\/eurotrail.info\/de\/producten\/zelte\/zelte-de\/neu-odyssey-4-polteser-koepel-zelt\/","title":{"rendered":"NEU: Odyssey 4 Polyester Koepel Zelt"},"content":{"rendered":"<p>Neues Zelt mit einem sehr ger\u00e4umigen Innenzelt f\u00fcr 4 Personen. Das Innenzelt hat eine Stehh\u00f6he und verf\u00fcgt \u00fcber 4 Eingangst\u00fcren, die mit zus\u00e4tzlichen M\u00fcckent\u00fcren f\u00fcr eine optimale Bel\u00fcftung ausgestattet sind. Die Veranda bietet Platz f\u00fcr Kochgeschirr und Gep\u00e4ck.<\/p>\n<p>Das Odyssey verf\u00fcgt \u00fcber ein sehr gro\u00dfes Innenzelt mit viel Schlafraum und ist daher ideal als vor\u00fcbergehende Unterkunft, wenn Sie durchfahren oder wenn Sie m\u00f6chten, dass ein gro\u00dfes Innenzelt ausreichend Platz f\u00fcr Gep\u00e4ck usw. bietet.<\/p>\n<p>Gr\u00f6\u03b2e: 425x270cm<br \/>\nInnenzelt: 235x235cm<br \/>\nH\u00f6he: 185cm<br \/>\nMaterial: 190T Poleyster, 3000mm<br \/>\nInnenzelt: 190T Polyester Atmunsaktiv<br \/>\nBoden: PE Material<br \/>\nGestell: \u00d8 9.5 mm Fiber Glas Bogenstange<br \/>\nPackma\u03b2: 60x18x18cm<br \/>\nGewicht: 8.45 kg.<\/p>\n","protected":false},"excerpt":{"rendered":"<p>Neues Zelt mit einem sehr ger\u00e4umigen Innenzelt f\u00fcr 4 Personen. Das Innenzelt hat eine Stehh\u00f6he und verf\u00fcgt \u00fcber 4 Eingangst\u00fcren, die mit zus\u00e4tzlichen M\u00fcckent\u00fcren f\u00fcr&hellip;<\/p>\n","protected":false},"featured_media":7507,"comment_status":"open","ping_status":"closed","template":"","meta":{"_acf_changed":false},"product_brand":[],"product_cat":[101,98],"product_tag":[],"class_list":{"0":"post-7512","1":"product","2":"type-product","3":"status-publish","4":"has-post-thumbnail","6":"product_cat-zelte-de","7":"product_cat-zelte","9":"first","10":"instock","11":"shipping-taxable","12":"product-type-simple"},"acf":[],"yoast_head":"<!-- This site is optimized with the Yoast SEO plugin v27.4 - https:\/\/yoast.com\/product\/yoast-seo-wordpress\/ -->\n<title>NEU: Odyssey 4 Polyester Koepel Zelt - Eurotrail<\/title>\n<meta name=\"robots\" content=\"index, follow, max-snippet:-1, max-image-preview:large, max-video-preview:-1\" \/>\n<link rel=\"canonical\" href=\"https:\/\/eurotrail.info\/de\/producten\/zelte\/zelte-de\/neu-odyssey-4-polteser-koepel-zelt\/\" \/>\n<meta property=\"og:locale\" content=\"de_DE\" \/>\n<meta property=\"og:type\" content=\"article\" \/>\n<meta property=\"og:title\" content=\"NEU: Odyssey 4 Polyester Koepel Zelt - Eurotrail\" \/>\n<meta property=\"og:description\" content=\"Neues Zelt mit einem sehr ger\u00e4umigen Innenzelt f\u00fcr 4 Personen. Das Innenzelt hat eine Stehh\u00f6he und verf\u00fcgt \u00fcber 4 Eingangst\u00fcren, die mit zus\u00e4tzlichen M\u00fcckent\u00fcren f\u00fcr&hellip;\" \/>\n<meta property=\"og:url\" content=\"https:\/\/eurotrail.info\/de\/producten\/zelte\/zelte-de\/neu-odyssey-4-polteser-koepel-zelt\/\" \/>\n<meta property=\"og:site_name\" content=\"Eurotrail\" \/>\n<meta property=\"og:image\" content=\"https:\/\/eurotrail.info\/wp\/wp-content\/uploads\/2019\/01\/ETTE-0462-Odyssey-open-S.jpg\" \/>\n\t<meta property=\"og:image:width\" content=\"1772\" \/>\n\t<meta property=\"og:image:height\" content=\"969\" \/>\n\t<meta property=\"og:image:type\" content=\"image\/jpeg\" \/>\n<meta name=\"twitter:card\" content=\"summary_large_image\" \/>\n<meta name=\"twitter:label1\" content=\"Gesch\u00e4tzte Lesezeit\" \/>\n\t<meta name=\"twitter:data1\" content=\"1\u00a0Minute\" \/>\n<script type=\"application\/ld+json\" class=\"yoast-schema-graph\">{\"@context\":\"https:\\\/\\\/schema.org\",\"@graph\":[{\"@type\":\"WebPage\",\"@id\":\"https:\\\/\\\/eurotrail.info\\\/de\\\/producten\\\/zelte\\\/zelte-de\\\/neu-odyssey-4-polteser-koepel-zelt\\\/\",\"url\":\"https:\\\/\\\/eurotrail.info\\\/de\\\/producten\\\/zelte\\\/zelte-de\\\/neu-odyssey-4-polteser-koepel-zelt\\\/\",\"name\":\"NEU: Odyssey 4 Polyester Koepel Zelt - Eurotrail\",\"isPartOf\":{\"@id\":\"https:\\\/\\\/eurotrail.info\\\/#website\"},\"primaryImageOfPage\":{\"@id\":\"https:\\\/\\\/eurotrail.info\\\/de\\\/producten\\\/zelte\\\/zelte-de\\\/neu-odyssey-4-polteser-koepel-zelt\\\/#primaryimage\"},\"image\":{\"@id\":\"https:\\\/\\\/eurotrail.info\\\/de\\\/producten\\\/zelte\\\/zelte-de\\\/neu-odyssey-4-polteser-koepel-zelt\\\/#primaryimage\"},\"thumbnailUrl\":\"https:\\\/\\\/eurotrail.info\\\/wp\\\/wp-content\\\/uploads\\\/2019\\\/01\\\/ETTE-0462-Odyssey-open-S.jpg\",\"datePublished\":\"2019-01-18T11:49:40+00:00\",\"breadcrumb\":{\"@id\":\"https:\\\/\\\/eurotrail.info\\\/de\\\/producten\\\/zelte\\\/zelte-de\\\/neu-odyssey-4-polteser-koepel-zelt\\\/#breadcrumb\"},\"inLanguage\":\"de\",\"potentialAction\":[{\"@type\":\"ReadAction\",\"target\":[\"https:\\\/\\\/eurotrail.info\\\/de\\\/producten\\\/zelte\\\/zelte-de\\\/neu-odyssey-4-polteser-koepel-zelt\\\/\"]}]},{\"@type\":\"ImageObject\",\"inLanguage\":\"de\",\"@id\":\"https:\\\/\\\/eurotrail.info\\\/de\\\/producten\\\/zelte\\\/zelte-de\\\/neu-odyssey-4-polteser-koepel-zelt\\\/#primaryimage\",\"url\":\"https:\\\/\\\/eurotrail.info\\\/wp\\\/wp-content\\\/uploads\\\/2019\\\/01\\\/ETTE-0462-Odyssey-open-S.jpg\",\"contentUrl\":\"https:\\\/\\\/eurotrail.info\\\/wp\\\/wp-content\\\/uploads\\\/2019\\\/01\\\/ETTE-0462-Odyssey-open-S.jpg\",\"width\":1772,\"height\":969,\"caption\":\"Neues Zelt mit einem sehr ger\u00e4umigen Innenzelt f\u00fcr 4 Personen\"},{\"@type\":\"BreadcrumbList\",\"@id\":\"https:\\\/\\\/eurotrail.info\\\/de\\\/producten\\\/zelte\\\/zelte-de\\\/neu-odyssey-4-polteser-koepel-zelt\\\/#breadcrumb\",\"itemListElement\":[{\"@type\":\"ListItem\",\"position\":1,\"name\":\"Home\",\"item\":\"https:\\\/\\\/eurotrail.info\\\/de\\\/\"},{\"@type\":\"ListItem\",\"position\":2,\"name\":\"Produkte\",\"item\":\"https:\\\/\\\/eurotrail.info\\\/de\\\/produkte\\\/\"},{\"@type\":\"ListItem\",\"position\":3,\"name\":\"NEU: Odyssey 4 Polyester Koepel Zelt\"}]},{\"@type\":\"WebSite\",\"@id\":\"https:\\\/\\\/eurotrail.info\\\/#website\",\"url\":\"https:\\\/\\\/eurotrail.info\\\/\",\"name\":\"Eurotrail\",\"description\":\"\",\"publisher\":{\"@id\":\"https:\\\/\\\/eurotrail.info\\\/#organization\"},\"potentialAction\":[{\"@type\":\"SearchAction\",\"target\":{\"@type\":\"EntryPoint\",\"urlTemplate\":\"https:\\\/\\\/eurotrail.info\\\/?s={search_term_string}\"},\"query-input\":{\"@type\":\"PropertyValueSpecification\",\"valueRequired\":true,\"valueName\":\"search_term_string\"}}],\"inLanguage\":\"de\"},{\"@type\":\"Organization\",\"@id\":\"https:\\\/\\\/eurotrail.info\\\/#organization\",\"name\":\"Eurotrail\",\"url\":\"https:\\\/\\\/eurotrail.info\\\/\",\"logo\":{\"@type\":\"ImageObject\",\"inLanguage\":\"de\",\"@id\":\"https:\\\/\\\/eurotrail.info\\\/#\\\/schema\\\/logo\\\/image\\\/\",\"url\":\"https:\\\/\\\/eurotrail.info\\\/wp\\\/wp-content\\\/uploads\\\/2023\\\/07\\\/ET-logo-quote_NL-scaled.jpg\",\"contentUrl\":\"https:\\\/\\\/eurotrail.info\\\/wp\\\/wp-content\\\/uploads\\\/2023\\\/07\\\/ET-logo-quote_NL-scaled.jpg\",\"width\":2560,\"height\":675,\"caption\":\"Eurotrail\"},\"image\":{\"@id\":\"https:\\\/\\\/eurotrail.info\\\/#\\\/schema\\\/logo\\\/image\\\/\"}}]}<\/script>\n<!-- \/ Yoast SEO plugin. -->","yoast_head_json":{"title":"NEU: Odyssey 4 Polyester Koepel Zelt - Eurotrail","robots":{"index":"index","follow":"follow","max-snippet":"max-snippet:-1","max-image-preview":"max-image-preview:large","max-video-preview":"max-video-preview:-1"},"canonical":"https:\/\/eurotrail.info\/de\/producten\/zelte\/zelte-de\/neu-odyssey-4-polteser-koepel-zelt\/","og_locale":"de_DE","og_type":"article","og_title":"NEU: Odyssey 4 Polyester Koepel Zelt - Eurotrail","og_description":"Neues Zelt mit einem sehr ger\u00e4umigen Innenzelt f\u00fcr 4 Personen. Das Innenzelt hat eine Stehh\u00f6he und verf\u00fcgt \u00fcber 4 Eingangst\u00fcren, die mit zus\u00e4tzlichen M\u00fcckent\u00fcren f\u00fcr&hellip;","og_url":"https:\/\/eurotrail.info\/de\/producten\/zelte\/zelte-de\/neu-odyssey-4-polteser-koepel-zelt\/","og_site_name":"Eurotrail","og_image":[{"width":1772,"height":969,"url":"https:\/\/eurotrail.info\/wp\/wp-content\/uploads\/2019\/01\/ETTE-0462-Odyssey-open-S.jpg","type":"image\/jpeg"}],"twitter_card":"summary_large_image","twitter_misc":{"Gesch\u00e4tzte Lesezeit":"1\u00a0Minute"},"schema":{"@context":"https:\/\/schema.org","@graph":[{"@type":"WebPage","@id":"https:\/\/eurotrail.info\/de\/producten\/zelte\/zelte-de\/neu-odyssey-4-polteser-koepel-zelt\/","url":"https:\/\/eurotrail.info\/de\/producten\/zelte\/zelte-de\/neu-odyssey-4-polteser-koepel-zelt\/","name":"NEU: Odyssey 4 Polyester Koepel Zelt - Eurotrail","isPartOf":{"@id":"https:\/\/eurotrail.info\/#website"},"primaryImageOfPage":{"@id":"https:\/\/eurotrail.info\/de\/producten\/zelte\/zelte-de\/neu-odyssey-4-polteser-koepel-zelt\/#primaryimage"},"image":{"@id":"https:\/\/eurotrail.info\/de\/producten\/zelte\/zelte-de\/neu-odyssey-4-polteser-koepel-zelt\/#primaryimage"},"thumbnailUrl":"https:\/\/eurotrail.info\/wp\/wp-content\/uploads\/2019\/01\/ETTE-0462-Odyssey-open-S.jpg","datePublished":"2019-01-18T11:49:40+00:00","breadcrumb":{"@id":"https:\/\/eurotrail.info\/de\/producten\/zelte\/zelte-de\/neu-odyssey-4-polteser-koepel-zelt\/#breadcrumb"},"inLanguage":"de","potentialAction":[{"@type":"ReadAction","target":["https:\/\/eurotrail.info\/de\/producten\/zelte\/zelte-de\/neu-odyssey-4-polteser-koepel-zelt\/"]}]},{"@type":"ImageObject","inLanguage":"de","@id":"https:\/\/eurotrail.info\/de\/producten\/zelte\/zelte-de\/neu-odyssey-4-polteser-koepel-zelt\/#primaryimage","url":"https:\/\/eurotrail.info\/wp\/wp-content\/uploads\/2019\/01\/ETTE-0462-Odyssey-open-S.jpg","contentUrl":"https:\/\/eurotrail.info\/wp\/wp-content\/uploads\/2019\/01\/ETTE-0462-Odyssey-open-S.jpg","width":1772,"height":969,"caption":"Neues Zelt mit einem sehr ger\u00e4umigen Innenzelt f\u00fcr 4 Personen"},{"@type":"BreadcrumbList","@id":"https:\/\/eurotrail.info\/de\/producten\/zelte\/zelte-de\/neu-odyssey-4-polteser-koepel-zelt\/#breadcrumb","itemListElement":[{"@type":"ListItem","position":1,"name":"Home","item":"https:\/\/eurotrail.info\/de\/"},{"@type":"ListItem","position":2,"name":"Produkte","item":"https:\/\/eurotrail.info\/de\/produkte\/"},{"@type":"ListItem","position":3,"name":"NEU: Odyssey 4 Polyester Koepel Zelt"}]},{"@type":"WebSite","@id":"https:\/\/eurotrail.info\/#website","url":"https:\/\/eurotrail.info\/","name":"Eurotrail","description":"","publisher":{"@id":"https:\/\/eurotrail.info\/#organization"},"potentialAction":[{"@type":"SearchAction","target":{"@type":"EntryPoint","urlTemplate":"https:\/\/eurotrail.info\/?s={search_term_string}"},"query-input":{"@type":"PropertyValueSpecification","valueRequired":true,"valueName":"search_term_string"}}],"inLanguage":"de"},{"@type":"Organization","@id":"https:\/\/eurotrail.info\/#organization","name":"Eurotrail","url":"https:\/\/eurotrail.info\/","logo":{"@type":"ImageObject","inLanguage":"de","@id":"https:\/\/eurotrail.info\/#\/schema\/logo\/image\/","url":"https:\/\/eurotrail.info\/wp\/wp-content\/uploads\/2023\/07\/ET-logo-quote_NL-scaled.jpg","contentUrl":"https:\/\/eurotrail.info\/wp\/wp-content\/uploads\/2023\/07\/ET-logo-quote_NL-scaled.jpg","width":2560,"height":675,"caption":"Eurotrail"},"image":{"@id":"https:\/\/eurotrail.info\/#\/schema\/logo\/image\/"}}]}},"_links":{"self":[{"href":"https:\/\/eurotrail.info\/de\/wp-json\/wp\/v2\/product\/7512","targetHints":{"allow":["GET"]}}],"collection":[{"href":"https:\/\/eurotrail.info\/de\/wp-json\/wp\/v2\/product"}],"about":[{"href":"https:\/\/eurotrail.info\/de\/wp-json\/wp\/v2\/types\/product"}],"replies":[{"embeddable":true,"href":"https:\/\/eurotrail.info\/de\/wp-json\/wp\/v2\/comments?post=7512"}],"wp:featuredmedia":[{"embeddable":true,"href":"https:\/\/eurotrail.info\/de\/wp-json\/wp\/v2\/media\/7507"}],"wp:attachment":[{"href":"https:\/\/eurotrail.info\/de\/wp-json\/wp\/v2\/media?parent=7512"}],"wp:term":[{"taxonomy":"product_brand","embeddable":true,"href":"https:\/\/eurotrail.info\/de\/wp-json\/wp\/v2\/product_brand?post=7512"},{"taxonomy":"product_cat","embeddable":true,"href":"https:\/\/eurotrail.info\/de\/wp-json\/wp\/v2\/product_cat?post=7512"},{"taxonomy":"product_tag","embeddable":true,"href":"https:\/\/eurotrail.info\/de\/wp-json\/wp\/v2\/product_tag?post=7512"}],"curies":[{"name":"wp","href":"https:\/\/api.w.org\/{rel}","templated":true}]}}