{"id":7624,"date":"2019-01-21T09:14:09","date_gmt":"2019-01-21T08:14:09","guid":{"rendered":"http:\/\/eurotrail.info\/producten\/neu-kochtopfe-mit-glasdeckel\/"},"modified":"2020-11-25T17:20:44","modified_gmt":"2020-11-25T16:20:44","slug":"kochtopfe-mit-glasdeckel","status":"publish","type":"product","link":"https:\/\/eurotrail.info\/de\/producten\/haushaltartikel\/rvs-topsets\/kochtopfe-mit-glasdeckel\/","title":{"rendered":"Gerona Kocht\u00f6pfe aus Edelstahl"},"content":{"rendered":"<p>Kocht\u00f6pfe mit Glasdeckel und spezielle Silikon-Daumenst\u00fctzen. Die Pfanne hat einen speziellen \u00d6ffnung, der das Abgie\u00dfen erleichtert. <strong>Lieferbar in 1.5, 2.2, 3.5 oder 4.5 Liter Inhalt<\/strong>. Die Griffe sind mit einem hitzebest\u00e4ndigen und sch\u00fctzenden Silikon versehen. Der Boden hat einen Induktionsboden und ist daher f\u00fcr alle W\u00e4rmequellen einschlie\u00dflich Induktion geeignet. Sp\u00fclmaschinenfest.<\/p>\n<p>Material: Edelstahle<br \/>\nDeckel: Glas<\/p>\n<p>Erh\u00e4ltlich in 4 Gr\u00f6\u00dfen:<\/p>\n<p>Pfanne 1,5 ltr.: \u00d8 16 x 9,5 cm, 800 gr.<br \/>\nPfanne 2,2 ltr.: \u00d8 18&#215;10,5 cm, 1000 gr.<br \/>\nPfanne 3,5 ltr.: \u00d8 20&#215;11,5 cm, 1100 gr.<br \/>\nPfanne 4,5 ltr.: \u00d8 22 x 12,5 cm, 1300 gr.<\/p>\n<p>Topf 3.5 ltr.: \u00d8 20&#215;11.5cm, 1100 gr.<br \/>\nTopf 4.5 ltr.: \u00d8 22&#215;12.5cm, 1300 gr.<\/p>\n","protected":false},"excerpt":{"rendered":"<p>Kocht\u00f6pfe mit Glasdeckel und spezielle Silikon-Daumenst\u00fctzen. Die Pfanne hat einen speziellen \u00d6ffnung, der das Abgie\u00dfen erleichtert. Lieferbar in 1.5, 2.2, 3.5 oder 4.5 Liter Inhalt.&hellip;<\/p>\n","protected":false},"featured_media":7612,"comment_status":"open","ping_status":"closed","template":"","meta":{"_acf_changed":false},"product_brand":[],"product_cat":[184,78],"product_tag":[],"class_list":{"0":"post-7624","1":"product","2":"type-product","3":"status-publish","4":"has-post-thumbnail","6":"product_cat-rvs-topsets","7":"product_cat-haushaltartikel","9":"first","10":"instock","11":"shipping-taxable","12":"product-type-simple"},"acf":[],"yoast_head":"<!-- This site is optimized with the Yoast SEO plugin v27.4 - https:\/\/yoast.com\/product\/yoast-seo-wordpress\/ -->\n<title>Gerona Kocht\u00f6pfe aus Edelstahl - Eurotrail<\/title>\n<meta name=\"robots\" content=\"index, follow, max-snippet:-1, max-image-preview:large, max-video-preview:-1\" \/>\n<link rel=\"canonical\" href=\"https:\/\/eurotrail.info\/de\/producten\/haushaltartikel\/rvs-topsets\/kochtopfe-mit-glasdeckel\/\" \/>\n<meta property=\"og:locale\" content=\"de_DE\" \/>\n<meta property=\"og:type\" content=\"article\" \/>\n<meta property=\"og:title\" content=\"Gerona Kocht\u00f6pfe aus Edelstahl - Eurotrail\" \/>\n<meta property=\"og:description\" content=\"Kocht\u00f6pfe mit Glasdeckel und spezielle Silikon-Daumenst\u00fctzen. Die Pfanne hat einen speziellen \u00d6ffnung, der das Abgie\u00dfen erleichtert. Lieferbar in 1.5, 2.2, 3.5 oder 4.5 Liter Inhalt.&hellip;\" \/>\n<meta property=\"og:url\" content=\"https:\/\/eurotrail.info\/de\/producten\/haushaltartikel\/rvs-topsets\/kochtopfe-mit-glasdeckel\/\" \/>\n<meta property=\"og:site_name\" content=\"Eurotrail\" \/>\n<meta property=\"article:modified_time\" content=\"2020-11-25T16:20:44+00:00\" \/>\n<meta property=\"og:image\" content=\"https:\/\/eurotrail.info\/wp\/wp-content\/uploads\/2019\/01\/ETKW5226-Gerona-filled-19.jpg\" \/>\n\t<meta property=\"og:image:width\" content=\"1772\" \/>\n\t<meta property=\"og:image:height\" content=\"1380\" \/>\n\t<meta property=\"og:image:type\" content=\"image\/jpeg\" \/>\n<meta name=\"twitter:card\" content=\"summary_large_image\" \/>\n<script type=\"application\/ld+json\" class=\"yoast-schema-graph\">{\"@context\":\"https:\\\/\\\/schema.org\",\"@graph\":[{\"@type\":\"WebPage\",\"@id\":\"https:\\\/\\\/eurotrail.info\\\/de\\\/producten\\\/haushaltartikel\\\/rvs-topsets\\\/kochtopfe-mit-glasdeckel\\\/\",\"url\":\"https:\\\/\\\/eurotrail.info\\\/de\\\/producten\\\/haushaltartikel\\\/rvs-topsets\\\/kochtopfe-mit-glasdeckel\\\/\",\"name\":\"Gerona Kocht\u00f6pfe aus Edelstahl - Eurotrail\",\"isPartOf\":{\"@id\":\"https:\\\/\\\/eurotrail.info\\\/#website\"},\"primaryImageOfPage\":{\"@id\":\"https:\\\/\\\/eurotrail.info\\\/de\\\/producten\\\/haushaltartikel\\\/rvs-topsets\\\/kochtopfe-mit-glasdeckel\\\/#primaryimage\"},\"image\":{\"@id\":\"https:\\\/\\\/eurotrail.info\\\/de\\\/producten\\\/haushaltartikel\\\/rvs-topsets\\\/kochtopfe-mit-glasdeckel\\\/#primaryimage\"},\"thumbnailUrl\":\"https:\\\/\\\/eurotrail.info\\\/wp\\\/wp-content\\\/uploads\\\/2019\\\/01\\\/ETKW5226-Gerona-filled-19.jpg\",\"datePublished\":\"2019-01-21T08:14:09+00:00\",\"dateModified\":\"2020-11-25T16:20:44+00:00\",\"breadcrumb\":{\"@id\":\"https:\\\/\\\/eurotrail.info\\\/de\\\/producten\\\/haushaltartikel\\\/rvs-topsets\\\/kochtopfe-mit-glasdeckel\\\/#breadcrumb\"},\"inLanguage\":\"de\",\"potentialAction\":[{\"@type\":\"ReadAction\",\"target\":[\"https:\\\/\\\/eurotrail.info\\\/de\\\/producten\\\/haushaltartikel\\\/rvs-topsets\\\/kochtopfe-mit-glasdeckel\\\/\"]}]},{\"@type\":\"ImageObject\",\"inLanguage\":\"de\",\"@id\":\"https:\\\/\\\/eurotrail.info\\\/de\\\/producten\\\/haushaltartikel\\\/rvs-topsets\\\/kochtopfe-mit-glasdeckel\\\/#primaryimage\",\"url\":\"https:\\\/\\\/eurotrail.info\\\/wp\\\/wp-content\\\/uploads\\\/2019\\\/01\\\/ETKW5226-Gerona-filled-19.jpg\",\"contentUrl\":\"https:\\\/\\\/eurotrail.info\\\/wp\\\/wp-content\\\/uploads\\\/2019\\\/01\\\/ETKW5226-Gerona-filled-19.jpg\",\"width\":1772,\"height\":1380,\"caption\":\"Kocht\u00f6pfe mit Glasdeckel und spezielle Silikon-Daumenst\u00fctzen.\"},{\"@type\":\"BreadcrumbList\",\"@id\":\"https:\\\/\\\/eurotrail.info\\\/de\\\/producten\\\/haushaltartikel\\\/rvs-topsets\\\/kochtopfe-mit-glasdeckel\\\/#breadcrumb\",\"itemListElement\":[{\"@type\":\"ListItem\",\"position\":1,\"name\":\"Home\",\"item\":\"https:\\\/\\\/eurotrail.info\\\/de\\\/\"},{\"@type\":\"ListItem\",\"position\":2,\"name\":\"Produkte\",\"item\":\"https:\\\/\\\/eurotrail.info\\\/de\\\/produkte\\\/\"},{\"@type\":\"ListItem\",\"position\":3,\"name\":\"Gerona Kocht\u00f6pfe aus Edelstahl\"}]},{\"@type\":\"WebSite\",\"@id\":\"https:\\\/\\\/eurotrail.info\\\/#website\",\"url\":\"https:\\\/\\\/eurotrail.info\\\/\",\"name\":\"Eurotrail\",\"description\":\"\",\"publisher\":{\"@id\":\"https:\\\/\\\/eurotrail.info\\\/#organization\"},\"potentialAction\":[{\"@type\":\"SearchAction\",\"target\":{\"@type\":\"EntryPoint\",\"urlTemplate\":\"https:\\\/\\\/eurotrail.info\\\/?s={search_term_string}\"},\"query-input\":{\"@type\":\"PropertyValueSpecification\",\"valueRequired\":true,\"valueName\":\"search_term_string\"}}],\"inLanguage\":\"de\"},{\"@type\":\"Organization\",\"@id\":\"https:\\\/\\\/eurotrail.info\\\/#organization\",\"name\":\"Eurotrail\",\"url\":\"https:\\\/\\\/eurotrail.info\\\/\",\"logo\":{\"@type\":\"ImageObject\",\"inLanguage\":\"de\",\"@id\":\"https:\\\/\\\/eurotrail.info\\\/#\\\/schema\\\/logo\\\/image\\\/\",\"url\":\"https:\\\/\\\/eurotrail.info\\\/wp\\\/wp-content\\\/uploads\\\/2023\\\/07\\\/ET-logo-quote_NL-scaled.jpg\",\"contentUrl\":\"https:\\\/\\\/eurotrail.info\\\/wp\\\/wp-content\\\/uploads\\\/2023\\\/07\\\/ET-logo-quote_NL-scaled.jpg\",\"width\":2560,\"height\":675,\"caption\":\"Eurotrail\"},\"image\":{\"@id\":\"https:\\\/\\\/eurotrail.info\\\/#\\\/schema\\\/logo\\\/image\\\/\"}}]}<\/script>\n<!-- \/ Yoast SEO plugin. -->","yoast_head_json":{"title":"Gerona Kocht\u00f6pfe aus Edelstahl - Eurotrail","robots":{"index":"index","follow":"follow","max-snippet":"max-snippet:-1","max-image-preview":"max-image-preview:large","max-video-preview":"max-video-preview:-1"},"canonical":"https:\/\/eurotrail.info\/de\/producten\/haushaltartikel\/rvs-topsets\/kochtopfe-mit-glasdeckel\/","og_locale":"de_DE","og_type":"article","og_title":"Gerona Kocht\u00f6pfe aus Edelstahl - Eurotrail","og_description":"Kocht\u00f6pfe mit Glasdeckel und spezielle Silikon-Daumenst\u00fctzen. Die Pfanne hat einen speziellen \u00d6ffnung, der das Abgie\u00dfen erleichtert. Lieferbar in 1.5, 2.2, 3.5 oder 4.5 Liter Inhalt.&hellip;","og_url":"https:\/\/eurotrail.info\/de\/producten\/haushaltartikel\/rvs-topsets\/kochtopfe-mit-glasdeckel\/","og_site_name":"Eurotrail","article_modified_time":"2020-11-25T16:20:44+00:00","og_image":[{"width":1772,"height":1380,"url":"https:\/\/eurotrail.info\/wp\/wp-content\/uploads\/2019\/01\/ETKW5226-Gerona-filled-19.jpg","type":"image\/jpeg"}],"twitter_card":"summary_large_image","schema":{"@context":"https:\/\/schema.org","@graph":[{"@type":"WebPage","@id":"https:\/\/eurotrail.info\/de\/producten\/haushaltartikel\/rvs-topsets\/kochtopfe-mit-glasdeckel\/","url":"https:\/\/eurotrail.info\/de\/producten\/haushaltartikel\/rvs-topsets\/kochtopfe-mit-glasdeckel\/","name":"Gerona Kocht\u00f6pfe aus Edelstahl - Eurotrail","isPartOf":{"@id":"https:\/\/eurotrail.info\/#website"},"primaryImageOfPage":{"@id":"https:\/\/eurotrail.info\/de\/producten\/haushaltartikel\/rvs-topsets\/kochtopfe-mit-glasdeckel\/#primaryimage"},"image":{"@id":"https:\/\/eurotrail.info\/de\/producten\/haushaltartikel\/rvs-topsets\/kochtopfe-mit-glasdeckel\/#primaryimage"},"thumbnailUrl":"https:\/\/eurotrail.info\/wp\/wp-content\/uploads\/2019\/01\/ETKW5226-Gerona-filled-19.jpg","datePublished":"2019-01-21T08:14:09+00:00","dateModified":"2020-11-25T16:20:44+00:00","breadcrumb":{"@id":"https:\/\/eurotrail.info\/de\/producten\/haushaltartikel\/rvs-topsets\/kochtopfe-mit-glasdeckel\/#breadcrumb"},"inLanguage":"de","potentialAction":[{"@type":"ReadAction","target":["https:\/\/eurotrail.info\/de\/producten\/haushaltartikel\/rvs-topsets\/kochtopfe-mit-glasdeckel\/"]}]},{"@type":"ImageObject","inLanguage":"de","@id":"https:\/\/eurotrail.info\/de\/producten\/haushaltartikel\/rvs-topsets\/kochtopfe-mit-glasdeckel\/#primaryimage","url":"https:\/\/eurotrail.info\/wp\/wp-content\/uploads\/2019\/01\/ETKW5226-Gerona-filled-19.jpg","contentUrl":"https:\/\/eurotrail.info\/wp\/wp-content\/uploads\/2019\/01\/ETKW5226-Gerona-filled-19.jpg","width":1772,"height":1380,"caption":"Kocht\u00f6pfe mit Glasdeckel und spezielle Silikon-Daumenst\u00fctzen."},{"@type":"BreadcrumbList","@id":"https:\/\/eurotrail.info\/de\/producten\/haushaltartikel\/rvs-topsets\/kochtopfe-mit-glasdeckel\/#breadcrumb","itemListElement":[{"@type":"ListItem","position":1,"name":"Home","item":"https:\/\/eurotrail.info\/de\/"},{"@type":"ListItem","position":2,"name":"Produkte","item":"https:\/\/eurotrail.info\/de\/produkte\/"},{"@type":"ListItem","position":3,"name":"Gerona Kocht\u00f6pfe aus Edelstahl"}]},{"@type":"WebSite","@id":"https:\/\/eurotrail.info\/#website","url":"https:\/\/eurotrail.info\/","name":"Eurotrail","description":"","publisher":{"@id":"https:\/\/eurotrail.info\/#organization"},"potentialAction":[{"@type":"SearchAction","target":{"@type":"EntryPoint","urlTemplate":"https:\/\/eurotrail.info\/?s={search_term_string}"},"query-input":{"@type":"PropertyValueSpecification","valueRequired":true,"valueName":"search_term_string"}}],"inLanguage":"de"},{"@type":"Organization","@id":"https:\/\/eurotrail.info\/#organization","name":"Eurotrail","url":"https:\/\/eurotrail.info\/","logo":{"@type":"ImageObject","inLanguage":"de","@id":"https:\/\/eurotrail.info\/#\/schema\/logo\/image\/","url":"https:\/\/eurotrail.info\/wp\/wp-content\/uploads\/2023\/07\/ET-logo-quote_NL-scaled.jpg","contentUrl":"https:\/\/eurotrail.info\/wp\/wp-content\/uploads\/2023\/07\/ET-logo-quote_NL-scaled.jpg","width":2560,"height":675,"caption":"Eurotrail"},"image":{"@id":"https:\/\/eurotrail.info\/#\/schema\/logo\/image\/"}}]}},"_links":{"self":[{"href":"https:\/\/eurotrail.info\/de\/wp-json\/wp\/v2\/product\/7624","targetHints":{"allow":["GET"]}}],"collection":[{"href":"https:\/\/eurotrail.info\/de\/wp-json\/wp\/v2\/product"}],"about":[{"href":"https:\/\/eurotrail.info\/de\/wp-json\/wp\/v2\/types\/product"}],"replies":[{"embeddable":true,"href":"https:\/\/eurotrail.info\/de\/wp-json\/wp\/v2\/comments?post=7624"}],"wp:featuredmedia":[{"embeddable":true,"href":"https:\/\/eurotrail.info\/de\/wp-json\/wp\/v2\/media\/7612"}],"wp:attachment":[{"href":"https:\/\/eurotrail.info\/de\/wp-json\/wp\/v2\/media?parent=7624"}],"wp:term":[{"taxonomy":"product_brand","embeddable":true,"href":"https:\/\/eurotrail.info\/de\/wp-json\/wp\/v2\/product_brand?post=7624"},{"taxonomy":"product_cat","embeddable":true,"href":"https:\/\/eurotrail.info\/de\/wp-json\/wp\/v2\/product_cat?post=7624"},{"taxonomy":"product_tag","embeddable":true,"href":"https:\/\/eurotrail.info\/de\/wp-json\/wp\/v2\/product_tag?post=7624"}],"curies":[{"name":"wp","href":"https:\/\/api.w.org\/{rel}","templated":true}]}}