{"id":7678,"date":"2019-01-21T11:01:39","date_gmt":"2019-01-21T10:01:39","guid":{"rendered":"http:\/\/eurotrail.info\/producten\/neu-bratpfanne-mit-abnehmbarem-griff\/"},"modified":"2020-01-30T12:50:26","modified_gmt":"2020-01-30T11:50:26","slug":"bratpfanne-mit-abnehmbarem-griff","status":"publish","type":"product","link":"https:\/\/eurotrail.info\/de\/producten\/haushaltartikel\/brat-und-wokpfanne\/bratpfanne-mit-abnehmbarem-griff\/","title":{"rendered":"Bratpfanne mit abnehmbarem Griff"},"content":{"rendered":"<p>Stabile Aluminium-Bratpfanne mit Keramischen Antihaftbeschichtung und abnehmbarem Griff. Die kratzfeste Keramikbeschichtung verhindert Anbackungen und ist einfach zu reinigen. Au\u00dferdem ben\u00f6tigen Sie zum Braten deutlich weniger Butter oder \u00d6l und sind damit geeignet f\u00fcr die fettarme Zubereitung von Speisen ebenso wie f\u00fcr scharf angebratene Fleischgerichte. Die Pfanne hat einen abnehmbaren Griff und ist somit platzsparend. Geeignet f\u00fcr alle Herdarten inkl. Induktion. Verf\u00fcgbar ist 2 verschiedene Gr\u00f6\u00dfen.<\/p>\n<p>Material: Aluminium 2.2mm<br \/>\nGriffe: abnehmbarem Griff aus Bakelit<br \/>\nFarbe: Schwarz<\/p>\n<p>Bratpfanne \u00d824, 24&#215;4.2cm, 529 gr.<br \/>\nBratpfanne \u00d828, 28&#215;4.7cm, 667 gr.<\/p>\n","protected":false},"excerpt":{"rendered":"<p>Stabile Aluminium-Bratpfanne mit Keramischen Antihaftbeschichtung und abnehmbarem Griff. Die kratzfeste Keramikbeschichtung verhindert Anbackungen und ist einfach zu reinigen. Au\u00dferdem ben\u00f6tigen Sie zum Braten deutlich weniger&hellip;<\/p>\n","protected":false},"featured_media":7673,"comment_status":"open","ping_status":"closed","template":"","meta":{"_acf_changed":false},"product_brand":[],"product_cat":[202,78],"product_tag":[],"class_list":{"0":"post-7678","1":"product","2":"type-product","3":"status-publish","4":"has-post-thumbnail","6":"product_cat-brat-und-wokpfanne","7":"product_cat-haushaltartikel","9":"first","10":"instock","11":"shipping-taxable","12":"product-type-simple"},"acf":[],"yoast_head":"<!-- This site is optimized with the Yoast SEO plugin v27.4 - https:\/\/yoast.com\/product\/yoast-seo-wordpress\/ -->\n<title>Bratpfanne mit abnehmbarem Griff - Eurotrail<\/title>\n<meta name=\"robots\" content=\"index, follow, max-snippet:-1, max-image-preview:large, max-video-preview:-1\" \/>\n<link rel=\"canonical\" href=\"https:\/\/eurotrail.info\/de\/producten\/haushaltartikel\/brat-und-wokpfanne\/bratpfanne-mit-abnehmbarem-griff\/\" \/>\n<meta property=\"og:locale\" content=\"de_DE\" \/>\n<meta property=\"og:type\" content=\"article\" \/>\n<meta property=\"og:title\" content=\"Bratpfanne mit abnehmbarem Griff - Eurotrail\" \/>\n<meta property=\"og:description\" content=\"Stabile Aluminium-Bratpfanne mit Keramischen Antihaftbeschichtung und abnehmbarem Griff. Die kratzfeste Keramikbeschichtung verhindert Anbackungen und ist einfach zu reinigen. Au\u00dferdem ben\u00f6tigen Sie zum Braten deutlich weniger&hellip;\" \/>\n<meta property=\"og:url\" content=\"https:\/\/eurotrail.info\/de\/producten\/haushaltartikel\/brat-und-wokpfanne\/bratpfanne-mit-abnehmbarem-griff\/\" \/>\n<meta property=\"og:site_name\" content=\"Eurotrail\" \/>\n<meta property=\"article:modified_time\" content=\"2020-01-30T11:50:26+00:00\" \/>\n<meta property=\"og:image\" content=\"https:\/\/eurotrail.info\/wp\/wp-content\/uploads\/2019\/01\/ETKW5506-Frying-Pan.jpg\" \/>\n\t<meta property=\"og:image:width\" content=\"1772\" \/>\n\t<meta property=\"og:image:height\" content=\"772\" \/>\n\t<meta property=\"og:image:type\" content=\"image\/jpeg\" \/>\n<meta name=\"twitter:card\" content=\"summary_large_image\" \/>\n<script type=\"application\/ld+json\" class=\"yoast-schema-graph\">{\"@context\":\"https:\\\/\\\/schema.org\",\"@graph\":[{\"@type\":\"WebPage\",\"@id\":\"https:\\\/\\\/eurotrail.info\\\/de\\\/producten\\\/haushaltartikel\\\/brat-und-wokpfanne\\\/bratpfanne-mit-abnehmbarem-griff\\\/\",\"url\":\"https:\\\/\\\/eurotrail.info\\\/de\\\/producten\\\/haushaltartikel\\\/brat-und-wokpfanne\\\/bratpfanne-mit-abnehmbarem-griff\\\/\",\"name\":\"Bratpfanne mit abnehmbarem Griff - Eurotrail\",\"isPartOf\":{\"@id\":\"https:\\\/\\\/eurotrail.info\\\/#website\"},\"primaryImageOfPage\":{\"@id\":\"https:\\\/\\\/eurotrail.info\\\/de\\\/producten\\\/haushaltartikel\\\/brat-und-wokpfanne\\\/bratpfanne-mit-abnehmbarem-griff\\\/#primaryimage\"},\"image\":{\"@id\":\"https:\\\/\\\/eurotrail.info\\\/de\\\/producten\\\/haushaltartikel\\\/brat-und-wokpfanne\\\/bratpfanne-mit-abnehmbarem-griff\\\/#primaryimage\"},\"thumbnailUrl\":\"https:\\\/\\\/eurotrail.info\\\/wp\\\/wp-content\\\/uploads\\\/2019\\\/01\\\/ETKW5506-Frying-Pan.jpg\",\"datePublished\":\"2019-01-21T10:01:39+00:00\",\"dateModified\":\"2020-01-30T11:50:26+00:00\",\"breadcrumb\":{\"@id\":\"https:\\\/\\\/eurotrail.info\\\/de\\\/producten\\\/haushaltartikel\\\/brat-und-wokpfanne\\\/bratpfanne-mit-abnehmbarem-griff\\\/#breadcrumb\"},\"inLanguage\":\"de\",\"potentialAction\":[{\"@type\":\"ReadAction\",\"target\":[\"https:\\\/\\\/eurotrail.info\\\/de\\\/producten\\\/haushaltartikel\\\/brat-und-wokpfanne\\\/bratpfanne-mit-abnehmbarem-griff\\\/\"]}]},{\"@type\":\"ImageObject\",\"inLanguage\":\"de\",\"@id\":\"https:\\\/\\\/eurotrail.info\\\/de\\\/producten\\\/haushaltartikel\\\/brat-und-wokpfanne\\\/bratpfanne-mit-abnehmbarem-griff\\\/#primaryimage\",\"url\":\"https:\\\/\\\/eurotrail.info\\\/wp\\\/wp-content\\\/uploads\\\/2019\\\/01\\\/ETKW5506-Frying-Pan.jpg\",\"contentUrl\":\"https:\\\/\\\/eurotrail.info\\\/wp\\\/wp-content\\\/uploads\\\/2019\\\/01\\\/ETKW5506-Frying-Pan.jpg\",\"width\":1772,\"height\":772,\"caption\":\"Die kratzfeste Keramikbeschichtung verhindert Anbackungen und ist einfach zu reinigen.\"},{\"@type\":\"BreadcrumbList\",\"@id\":\"https:\\\/\\\/eurotrail.info\\\/de\\\/producten\\\/haushaltartikel\\\/brat-und-wokpfanne\\\/bratpfanne-mit-abnehmbarem-griff\\\/#breadcrumb\",\"itemListElement\":[{\"@type\":\"ListItem\",\"position\":1,\"name\":\"Home\",\"item\":\"https:\\\/\\\/eurotrail.info\\\/de\\\/\"},{\"@type\":\"ListItem\",\"position\":2,\"name\":\"Produkte\",\"item\":\"https:\\\/\\\/eurotrail.info\\\/de\\\/produkte\\\/\"},{\"@type\":\"ListItem\",\"position\":3,\"name\":\"Bratpfanne mit abnehmbarem Griff\"}]},{\"@type\":\"WebSite\",\"@id\":\"https:\\\/\\\/eurotrail.info\\\/#website\",\"url\":\"https:\\\/\\\/eurotrail.info\\\/\",\"name\":\"Eurotrail\",\"description\":\"\",\"publisher\":{\"@id\":\"https:\\\/\\\/eurotrail.info\\\/#organization\"},\"potentialAction\":[{\"@type\":\"SearchAction\",\"target\":{\"@type\":\"EntryPoint\",\"urlTemplate\":\"https:\\\/\\\/eurotrail.info\\\/?s={search_term_string}\"},\"query-input\":{\"@type\":\"PropertyValueSpecification\",\"valueRequired\":true,\"valueName\":\"search_term_string\"}}],\"inLanguage\":\"de\"},{\"@type\":\"Organization\",\"@id\":\"https:\\\/\\\/eurotrail.info\\\/#organization\",\"name\":\"Eurotrail\",\"url\":\"https:\\\/\\\/eurotrail.info\\\/\",\"logo\":{\"@type\":\"ImageObject\",\"inLanguage\":\"de\",\"@id\":\"https:\\\/\\\/eurotrail.info\\\/#\\\/schema\\\/logo\\\/image\\\/\",\"url\":\"https:\\\/\\\/eurotrail.info\\\/wp\\\/wp-content\\\/uploads\\\/2023\\\/07\\\/ET-logo-quote_NL-scaled.jpg\",\"contentUrl\":\"https:\\\/\\\/eurotrail.info\\\/wp\\\/wp-content\\\/uploads\\\/2023\\\/07\\\/ET-logo-quote_NL-scaled.jpg\",\"width\":2560,\"height\":675,\"caption\":\"Eurotrail\"},\"image\":{\"@id\":\"https:\\\/\\\/eurotrail.info\\\/#\\\/schema\\\/logo\\\/image\\\/\"}}]}<\/script>\n<!-- \/ Yoast SEO plugin. -->","yoast_head_json":{"title":"Bratpfanne mit abnehmbarem Griff - Eurotrail","robots":{"index":"index","follow":"follow","max-snippet":"max-snippet:-1","max-image-preview":"max-image-preview:large","max-video-preview":"max-video-preview:-1"},"canonical":"https:\/\/eurotrail.info\/de\/producten\/haushaltartikel\/brat-und-wokpfanne\/bratpfanne-mit-abnehmbarem-griff\/","og_locale":"de_DE","og_type":"article","og_title":"Bratpfanne mit abnehmbarem Griff - Eurotrail","og_description":"Stabile Aluminium-Bratpfanne mit Keramischen Antihaftbeschichtung und abnehmbarem Griff. Die kratzfeste Keramikbeschichtung verhindert Anbackungen und ist einfach zu reinigen. Au\u00dferdem ben\u00f6tigen Sie zum Braten deutlich weniger&hellip;","og_url":"https:\/\/eurotrail.info\/de\/producten\/haushaltartikel\/brat-und-wokpfanne\/bratpfanne-mit-abnehmbarem-griff\/","og_site_name":"Eurotrail","article_modified_time":"2020-01-30T11:50:26+00:00","og_image":[{"width":1772,"height":772,"url":"https:\/\/eurotrail.info\/wp\/wp-content\/uploads\/2019\/01\/ETKW5506-Frying-Pan.jpg","type":"image\/jpeg"}],"twitter_card":"summary_large_image","schema":{"@context":"https:\/\/schema.org","@graph":[{"@type":"WebPage","@id":"https:\/\/eurotrail.info\/de\/producten\/haushaltartikel\/brat-und-wokpfanne\/bratpfanne-mit-abnehmbarem-griff\/","url":"https:\/\/eurotrail.info\/de\/producten\/haushaltartikel\/brat-und-wokpfanne\/bratpfanne-mit-abnehmbarem-griff\/","name":"Bratpfanne mit abnehmbarem Griff - Eurotrail","isPartOf":{"@id":"https:\/\/eurotrail.info\/#website"},"primaryImageOfPage":{"@id":"https:\/\/eurotrail.info\/de\/producten\/haushaltartikel\/brat-und-wokpfanne\/bratpfanne-mit-abnehmbarem-griff\/#primaryimage"},"image":{"@id":"https:\/\/eurotrail.info\/de\/producten\/haushaltartikel\/brat-und-wokpfanne\/bratpfanne-mit-abnehmbarem-griff\/#primaryimage"},"thumbnailUrl":"https:\/\/eurotrail.info\/wp\/wp-content\/uploads\/2019\/01\/ETKW5506-Frying-Pan.jpg","datePublished":"2019-01-21T10:01:39+00:00","dateModified":"2020-01-30T11:50:26+00:00","breadcrumb":{"@id":"https:\/\/eurotrail.info\/de\/producten\/haushaltartikel\/brat-und-wokpfanne\/bratpfanne-mit-abnehmbarem-griff\/#breadcrumb"},"inLanguage":"de","potentialAction":[{"@type":"ReadAction","target":["https:\/\/eurotrail.info\/de\/producten\/haushaltartikel\/brat-und-wokpfanne\/bratpfanne-mit-abnehmbarem-griff\/"]}]},{"@type":"ImageObject","inLanguage":"de","@id":"https:\/\/eurotrail.info\/de\/producten\/haushaltartikel\/brat-und-wokpfanne\/bratpfanne-mit-abnehmbarem-griff\/#primaryimage","url":"https:\/\/eurotrail.info\/wp\/wp-content\/uploads\/2019\/01\/ETKW5506-Frying-Pan.jpg","contentUrl":"https:\/\/eurotrail.info\/wp\/wp-content\/uploads\/2019\/01\/ETKW5506-Frying-Pan.jpg","width":1772,"height":772,"caption":"Die kratzfeste Keramikbeschichtung verhindert Anbackungen und ist einfach zu reinigen."},{"@type":"BreadcrumbList","@id":"https:\/\/eurotrail.info\/de\/producten\/haushaltartikel\/brat-und-wokpfanne\/bratpfanne-mit-abnehmbarem-griff\/#breadcrumb","itemListElement":[{"@type":"ListItem","position":1,"name":"Home","item":"https:\/\/eurotrail.info\/de\/"},{"@type":"ListItem","position":2,"name":"Produkte","item":"https:\/\/eurotrail.info\/de\/produkte\/"},{"@type":"ListItem","position":3,"name":"Bratpfanne mit abnehmbarem Griff"}]},{"@type":"WebSite","@id":"https:\/\/eurotrail.info\/#website","url":"https:\/\/eurotrail.info\/","name":"Eurotrail","description":"","publisher":{"@id":"https:\/\/eurotrail.info\/#organization"},"potentialAction":[{"@type":"SearchAction","target":{"@type":"EntryPoint","urlTemplate":"https:\/\/eurotrail.info\/?s={search_term_string}"},"query-input":{"@type":"PropertyValueSpecification","valueRequired":true,"valueName":"search_term_string"}}],"inLanguage":"de"},{"@type":"Organization","@id":"https:\/\/eurotrail.info\/#organization","name":"Eurotrail","url":"https:\/\/eurotrail.info\/","logo":{"@type":"ImageObject","inLanguage":"de","@id":"https:\/\/eurotrail.info\/#\/schema\/logo\/image\/","url":"https:\/\/eurotrail.info\/wp\/wp-content\/uploads\/2023\/07\/ET-logo-quote_NL-scaled.jpg","contentUrl":"https:\/\/eurotrail.info\/wp\/wp-content\/uploads\/2023\/07\/ET-logo-quote_NL-scaled.jpg","width":2560,"height":675,"caption":"Eurotrail"},"image":{"@id":"https:\/\/eurotrail.info\/#\/schema\/logo\/image\/"}}]}},"_links":{"self":[{"href":"https:\/\/eurotrail.info\/de\/wp-json\/wp\/v2\/product\/7678","targetHints":{"allow":["GET"]}}],"collection":[{"href":"https:\/\/eurotrail.info\/de\/wp-json\/wp\/v2\/product"}],"about":[{"href":"https:\/\/eurotrail.info\/de\/wp-json\/wp\/v2\/types\/product"}],"replies":[{"embeddable":true,"href":"https:\/\/eurotrail.info\/de\/wp-json\/wp\/v2\/comments?post=7678"}],"wp:featuredmedia":[{"embeddable":true,"href":"https:\/\/eurotrail.info\/de\/wp-json\/wp\/v2\/media\/7673"}],"wp:attachment":[{"href":"https:\/\/eurotrail.info\/de\/wp-json\/wp\/v2\/media?parent=7678"}],"wp:term":[{"taxonomy":"product_brand","embeddable":true,"href":"https:\/\/eurotrail.info\/de\/wp-json\/wp\/v2\/product_brand?post=7678"},{"taxonomy":"product_cat","embeddable":true,"href":"https:\/\/eurotrail.info\/de\/wp-json\/wp\/v2\/product_cat?post=7678"},{"taxonomy":"product_tag","embeddable":true,"href":"https:\/\/eurotrail.info\/de\/wp-json\/wp\/v2\/product_tag?post=7678"}],"curies":[{"name":"wp","href":"https:\/\/api.w.org\/{rel}","templated":true}]}}