{"id":7699,"date":"2019-01-21T11:21:47","date_gmt":"2019-01-21T10:21:47","guid":{"rendered":"http:\/\/eurotrail.info\/producten\/neu-wokpfanne-mit-antihaftbeschichtung\/"},"modified":"2020-01-31T14:31:18","modified_gmt":"2020-01-31T13:31:18","slug":"wokpfanne-mit-antihaftbeschichtung","status":"publish","type":"product","link":"https:\/\/eurotrail.info\/de\/producten\/haushaltartikel\/brat-und-wokpfanne\/wokpfanne-mit-antihaftbeschichtung\/","title":{"rendered":"Wokpfanne mit Antihaftbeschichtung"},"content":{"rendered":"<p>Aluminium-Wokpfanne mit keramischen Antihaftbeschichtung und abnehmbarem Griff. Die kratzfeste Keramikbeschichtung verhindert Anbackungen und ist einfach zu reinigen. Da Sie deutlich weniger Butter oder Fett ben\u00f6tigen, ist die Wokpfanne ideal f\u00fcr fettarmes Braten. Die Pfanne hat einen abnehmbaren Griff welche das Verstauen erleichtert. Geeignet f\u00fcr alle Herdarten inkl. Induktion. Verf\u00fcgbar ist 2 verschiedene Gr\u00f6\u00dfen.<\/p>\n<p>Material: Aluminium 2.5mm<br \/>\nGriff: abnehmbarem Griff aus Bakelit<br \/>\nFarbe: Schwarz<\/p>\n<p>Wokpfanne 24, \u00d8 24&#215;7.5cm, 659 gr.<br \/>\nWokpfanne 28, \u00d8 28&#215;8.5cm, 822 gr.<\/p>\n","protected":false},"excerpt":{"rendered":"<p>Aluminium-Wokpfanne mit keramischen Antihaftbeschichtung und abnehmbarem Griff. Die kratzfeste Keramikbeschichtung verhindert Anbackungen und ist einfach zu reinigen. Da Sie deutlich weniger Butter oder Fett ben\u00f6tigen,&hellip;<\/p>\n","protected":false},"featured_media":7691,"comment_status":"open","ping_status":"closed","template":"","meta":{"_acf_changed":false},"product_brand":[],"product_cat":[202,78],"product_tag":[],"class_list":{"0":"post-7699","1":"product","2":"type-product","3":"status-publish","4":"has-post-thumbnail","6":"product_cat-brat-und-wokpfanne","7":"product_cat-haushaltartikel","9":"first","10":"instock","11":"shipping-taxable","12":"product-type-simple"},"acf":[],"yoast_head":"<!-- This site is optimized with the Yoast SEO plugin v27.4 - https:\/\/yoast.com\/product\/yoast-seo-wordpress\/ -->\n<title>Wokpfanne mit Antihaftbeschichtung - Eurotrail<\/title>\n<meta name=\"robots\" content=\"index, follow, max-snippet:-1, max-image-preview:large, max-video-preview:-1\" \/>\n<link rel=\"canonical\" href=\"https:\/\/eurotrail.info\/de\/producten\/haushaltartikel\/brat-und-wokpfanne\/wokpfanne-mit-antihaftbeschichtung\/\" \/>\n<meta property=\"og:locale\" content=\"de_DE\" \/>\n<meta property=\"og:type\" content=\"article\" \/>\n<meta property=\"og:title\" content=\"Wokpfanne mit Antihaftbeschichtung - Eurotrail\" \/>\n<meta property=\"og:description\" content=\"Aluminium-Wokpfanne mit keramischen Antihaftbeschichtung und abnehmbarem Griff. Die kratzfeste Keramikbeschichtung verhindert Anbackungen und ist einfach zu reinigen. Da Sie deutlich weniger Butter oder Fett ben\u00f6tigen,&hellip;\" \/>\n<meta property=\"og:url\" content=\"https:\/\/eurotrail.info\/de\/producten\/haushaltartikel\/brat-und-wokpfanne\/wokpfanne-mit-antihaftbeschichtung\/\" \/>\n<meta property=\"og:site_name\" content=\"Eurotrail\" \/>\n<meta property=\"article:modified_time\" content=\"2020-01-31T13:31:18+00:00\" \/>\n<meta property=\"og:image\" content=\"https:\/\/eurotrail.info\/wp\/wp-content\/uploads\/2019\/01\/ETKW5521-Wok-Pan-filled.jpg\" \/>\n\t<meta property=\"og:image:width\" content=\"1772\" \/>\n\t<meta property=\"og:image:height\" content=\"908\" \/>\n\t<meta property=\"og:image:type\" content=\"image\/jpeg\" \/>\n<meta name=\"twitter:card\" content=\"summary_large_image\" \/>\n<script type=\"application\/ld+json\" class=\"yoast-schema-graph\">{\"@context\":\"https:\\\/\\\/schema.org\",\"@graph\":[{\"@type\":\"WebPage\",\"@id\":\"https:\\\/\\\/eurotrail.info\\\/de\\\/producten\\\/haushaltartikel\\\/brat-und-wokpfanne\\\/wokpfanne-mit-antihaftbeschichtung\\\/\",\"url\":\"https:\\\/\\\/eurotrail.info\\\/de\\\/producten\\\/haushaltartikel\\\/brat-und-wokpfanne\\\/wokpfanne-mit-antihaftbeschichtung\\\/\",\"name\":\"Wokpfanne mit Antihaftbeschichtung - Eurotrail\",\"isPartOf\":{\"@id\":\"https:\\\/\\\/eurotrail.info\\\/#website\"},\"primaryImageOfPage\":{\"@id\":\"https:\\\/\\\/eurotrail.info\\\/de\\\/producten\\\/haushaltartikel\\\/brat-und-wokpfanne\\\/wokpfanne-mit-antihaftbeschichtung\\\/#primaryimage\"},\"image\":{\"@id\":\"https:\\\/\\\/eurotrail.info\\\/de\\\/producten\\\/haushaltartikel\\\/brat-und-wokpfanne\\\/wokpfanne-mit-antihaftbeschichtung\\\/#primaryimage\"},\"thumbnailUrl\":\"https:\\\/\\\/eurotrail.info\\\/wp\\\/wp-content\\\/uploads\\\/2019\\\/01\\\/ETKW5521-Wok-Pan-filled.jpg\",\"datePublished\":\"2019-01-21T10:21:47+00:00\",\"dateModified\":\"2020-01-31T13:31:18+00:00\",\"breadcrumb\":{\"@id\":\"https:\\\/\\\/eurotrail.info\\\/de\\\/producten\\\/haushaltartikel\\\/brat-und-wokpfanne\\\/wokpfanne-mit-antihaftbeschichtung\\\/#breadcrumb\"},\"inLanguage\":\"de\",\"potentialAction\":[{\"@type\":\"ReadAction\",\"target\":[\"https:\\\/\\\/eurotrail.info\\\/de\\\/producten\\\/haushaltartikel\\\/brat-und-wokpfanne\\\/wokpfanne-mit-antihaftbeschichtung\\\/\"]}]},{\"@type\":\"ImageObject\",\"inLanguage\":\"de\",\"@id\":\"https:\\\/\\\/eurotrail.info\\\/de\\\/producten\\\/haushaltartikel\\\/brat-und-wokpfanne\\\/wokpfanne-mit-antihaftbeschichtung\\\/#primaryimage\",\"url\":\"https:\\\/\\\/eurotrail.info\\\/wp\\\/wp-content\\\/uploads\\\/2019\\\/01\\\/ETKW5521-Wok-Pan-filled.jpg\",\"contentUrl\":\"https:\\\/\\\/eurotrail.info\\\/wp\\\/wp-content\\\/uploads\\\/2019\\\/01\\\/ETKW5521-Wok-Pan-filled.jpg\",\"width\":1772,\"height\":908,\"caption\":\"Aluminium-Wokpfanne mit keramischen Antihaftbeschichtung und abnehmbarem Griff\"},{\"@type\":\"BreadcrumbList\",\"@id\":\"https:\\\/\\\/eurotrail.info\\\/de\\\/producten\\\/haushaltartikel\\\/brat-und-wokpfanne\\\/wokpfanne-mit-antihaftbeschichtung\\\/#breadcrumb\",\"itemListElement\":[{\"@type\":\"ListItem\",\"position\":1,\"name\":\"Home\",\"item\":\"https:\\\/\\\/eurotrail.info\\\/de\\\/\"},{\"@type\":\"ListItem\",\"position\":2,\"name\":\"Produkte\",\"item\":\"https:\\\/\\\/eurotrail.info\\\/de\\\/produkte\\\/\"},{\"@type\":\"ListItem\",\"position\":3,\"name\":\"Wokpfanne mit Antihaftbeschichtung\"}]},{\"@type\":\"WebSite\",\"@id\":\"https:\\\/\\\/eurotrail.info\\\/#website\",\"url\":\"https:\\\/\\\/eurotrail.info\\\/\",\"name\":\"Eurotrail\",\"description\":\"\",\"publisher\":{\"@id\":\"https:\\\/\\\/eurotrail.info\\\/#organization\"},\"potentialAction\":[{\"@type\":\"SearchAction\",\"target\":{\"@type\":\"EntryPoint\",\"urlTemplate\":\"https:\\\/\\\/eurotrail.info\\\/?s={search_term_string}\"},\"query-input\":{\"@type\":\"PropertyValueSpecification\",\"valueRequired\":true,\"valueName\":\"search_term_string\"}}],\"inLanguage\":\"de\"},{\"@type\":\"Organization\",\"@id\":\"https:\\\/\\\/eurotrail.info\\\/#organization\",\"name\":\"Eurotrail\",\"url\":\"https:\\\/\\\/eurotrail.info\\\/\",\"logo\":{\"@type\":\"ImageObject\",\"inLanguage\":\"de\",\"@id\":\"https:\\\/\\\/eurotrail.info\\\/#\\\/schema\\\/logo\\\/image\\\/\",\"url\":\"https:\\\/\\\/eurotrail.info\\\/wp\\\/wp-content\\\/uploads\\\/2023\\\/07\\\/ET-logo-quote_NL-scaled.jpg\",\"contentUrl\":\"https:\\\/\\\/eurotrail.info\\\/wp\\\/wp-content\\\/uploads\\\/2023\\\/07\\\/ET-logo-quote_NL-scaled.jpg\",\"width\":2560,\"height\":675,\"caption\":\"Eurotrail\"},\"image\":{\"@id\":\"https:\\\/\\\/eurotrail.info\\\/#\\\/schema\\\/logo\\\/image\\\/\"}}]}<\/script>\n<!-- \/ Yoast SEO plugin. -->","yoast_head_json":{"title":"Wokpfanne mit Antihaftbeschichtung - Eurotrail","robots":{"index":"index","follow":"follow","max-snippet":"max-snippet:-1","max-image-preview":"max-image-preview:large","max-video-preview":"max-video-preview:-1"},"canonical":"https:\/\/eurotrail.info\/de\/producten\/haushaltartikel\/brat-und-wokpfanne\/wokpfanne-mit-antihaftbeschichtung\/","og_locale":"de_DE","og_type":"article","og_title":"Wokpfanne mit Antihaftbeschichtung - Eurotrail","og_description":"Aluminium-Wokpfanne mit keramischen Antihaftbeschichtung und abnehmbarem Griff. Die kratzfeste Keramikbeschichtung verhindert Anbackungen und ist einfach zu reinigen. Da Sie deutlich weniger Butter oder Fett ben\u00f6tigen,&hellip;","og_url":"https:\/\/eurotrail.info\/de\/producten\/haushaltartikel\/brat-und-wokpfanne\/wokpfanne-mit-antihaftbeschichtung\/","og_site_name":"Eurotrail","article_modified_time":"2020-01-31T13:31:18+00:00","og_image":[{"width":1772,"height":908,"url":"https:\/\/eurotrail.info\/wp\/wp-content\/uploads\/2019\/01\/ETKW5521-Wok-Pan-filled.jpg","type":"image\/jpeg"}],"twitter_card":"summary_large_image","schema":{"@context":"https:\/\/schema.org","@graph":[{"@type":"WebPage","@id":"https:\/\/eurotrail.info\/de\/producten\/haushaltartikel\/brat-und-wokpfanne\/wokpfanne-mit-antihaftbeschichtung\/","url":"https:\/\/eurotrail.info\/de\/producten\/haushaltartikel\/brat-und-wokpfanne\/wokpfanne-mit-antihaftbeschichtung\/","name":"Wokpfanne mit Antihaftbeschichtung - Eurotrail","isPartOf":{"@id":"https:\/\/eurotrail.info\/#website"},"primaryImageOfPage":{"@id":"https:\/\/eurotrail.info\/de\/producten\/haushaltartikel\/brat-und-wokpfanne\/wokpfanne-mit-antihaftbeschichtung\/#primaryimage"},"image":{"@id":"https:\/\/eurotrail.info\/de\/producten\/haushaltartikel\/brat-und-wokpfanne\/wokpfanne-mit-antihaftbeschichtung\/#primaryimage"},"thumbnailUrl":"https:\/\/eurotrail.info\/wp\/wp-content\/uploads\/2019\/01\/ETKW5521-Wok-Pan-filled.jpg","datePublished":"2019-01-21T10:21:47+00:00","dateModified":"2020-01-31T13:31:18+00:00","breadcrumb":{"@id":"https:\/\/eurotrail.info\/de\/producten\/haushaltartikel\/brat-und-wokpfanne\/wokpfanne-mit-antihaftbeschichtung\/#breadcrumb"},"inLanguage":"de","potentialAction":[{"@type":"ReadAction","target":["https:\/\/eurotrail.info\/de\/producten\/haushaltartikel\/brat-und-wokpfanne\/wokpfanne-mit-antihaftbeschichtung\/"]}]},{"@type":"ImageObject","inLanguage":"de","@id":"https:\/\/eurotrail.info\/de\/producten\/haushaltartikel\/brat-und-wokpfanne\/wokpfanne-mit-antihaftbeschichtung\/#primaryimage","url":"https:\/\/eurotrail.info\/wp\/wp-content\/uploads\/2019\/01\/ETKW5521-Wok-Pan-filled.jpg","contentUrl":"https:\/\/eurotrail.info\/wp\/wp-content\/uploads\/2019\/01\/ETKW5521-Wok-Pan-filled.jpg","width":1772,"height":908,"caption":"Aluminium-Wokpfanne mit keramischen Antihaftbeschichtung und abnehmbarem Griff"},{"@type":"BreadcrumbList","@id":"https:\/\/eurotrail.info\/de\/producten\/haushaltartikel\/brat-und-wokpfanne\/wokpfanne-mit-antihaftbeschichtung\/#breadcrumb","itemListElement":[{"@type":"ListItem","position":1,"name":"Home","item":"https:\/\/eurotrail.info\/de\/"},{"@type":"ListItem","position":2,"name":"Produkte","item":"https:\/\/eurotrail.info\/de\/produkte\/"},{"@type":"ListItem","position":3,"name":"Wokpfanne mit Antihaftbeschichtung"}]},{"@type":"WebSite","@id":"https:\/\/eurotrail.info\/#website","url":"https:\/\/eurotrail.info\/","name":"Eurotrail","description":"","publisher":{"@id":"https:\/\/eurotrail.info\/#organization"},"potentialAction":[{"@type":"SearchAction","target":{"@type":"EntryPoint","urlTemplate":"https:\/\/eurotrail.info\/?s={search_term_string}"},"query-input":{"@type":"PropertyValueSpecification","valueRequired":true,"valueName":"search_term_string"}}],"inLanguage":"de"},{"@type":"Organization","@id":"https:\/\/eurotrail.info\/#organization","name":"Eurotrail","url":"https:\/\/eurotrail.info\/","logo":{"@type":"ImageObject","inLanguage":"de","@id":"https:\/\/eurotrail.info\/#\/schema\/logo\/image\/","url":"https:\/\/eurotrail.info\/wp\/wp-content\/uploads\/2023\/07\/ET-logo-quote_NL-scaled.jpg","contentUrl":"https:\/\/eurotrail.info\/wp\/wp-content\/uploads\/2023\/07\/ET-logo-quote_NL-scaled.jpg","width":2560,"height":675,"caption":"Eurotrail"},"image":{"@id":"https:\/\/eurotrail.info\/#\/schema\/logo\/image\/"}}]}},"_links":{"self":[{"href":"https:\/\/eurotrail.info\/de\/wp-json\/wp\/v2\/product\/7699","targetHints":{"allow":["GET"]}}],"collection":[{"href":"https:\/\/eurotrail.info\/de\/wp-json\/wp\/v2\/product"}],"about":[{"href":"https:\/\/eurotrail.info\/de\/wp-json\/wp\/v2\/types\/product"}],"replies":[{"embeddable":true,"href":"https:\/\/eurotrail.info\/de\/wp-json\/wp\/v2\/comments?post=7699"}],"wp:featuredmedia":[{"embeddable":true,"href":"https:\/\/eurotrail.info\/de\/wp-json\/wp\/v2\/media\/7691"}],"wp:attachment":[{"href":"https:\/\/eurotrail.info\/de\/wp-json\/wp\/v2\/media?parent=7699"}],"wp:term":[{"taxonomy":"product_brand","embeddable":true,"href":"https:\/\/eurotrail.info\/de\/wp-json\/wp\/v2\/product_brand?post=7699"},{"taxonomy":"product_cat","embeddable":true,"href":"https:\/\/eurotrail.info\/de\/wp-json\/wp\/v2\/product_cat?post=7699"},{"taxonomy":"product_tag","embeddable":true,"href":"https:\/\/eurotrail.info\/de\/wp-json\/wp\/v2\/product_tag?post=7699"}],"curies":[{"name":"wp","href":"https:\/\/api.w.org\/{rel}","templated":true}]}}